{"id":8843,"date":"2025-05-29T11:46:17","date_gmt":"2025-05-29T08:46:17","guid":{"rendered":"https:\/\/rocketplay-new.com\/slot-machines\/crazy-money\/"},"modified":"2025-07-16T20:03:56","modified_gmt":"2025-07-16T17:03:56","slug":"crazy-money","status":"publish","type":"page","link":"https:\/\/rocketplay-new.com\/pl\/slot-machines\/crazy-money\/","title":{"rendered":"Automat do gry Crazy Money \u2013 graj za darmo"},"content":{"rendered":"<p>Automat Crazy Money to wci\u0105gaj\u0105ca i ekscytuj\u0105ca gra, kt\u00f3ra oferuje graczom szans\u0119 na wygranie du\u017cych nagr\u00f3d. Dzi\u0119ki \u017cywej grafice i wci\u0105gaj\u0105cej rozgrywce, ten automat z pewno\u015bci\u0105 zapewni graczom rozrywk\u0119 na d\u0142ugie godziny. Co najlepsze, mo\u017cesz gra\u0107 w ten automat za darmo! Niezale\u017cnie od tego, czy jeste\u015b do\u015bwiadczonym profesjonalist\u0105, czy nowicjuszem w \u015bwiecie slot\u00f3w, automat Crazy Money jest \u0142atwy w obs\u0142udze. Spr\u00f3buj wi\u0119c i przekonaj si\u0119, czy Ci si\u0119 poszcz\u0119\u015bci i wygrasz w\u0142asne szalone pieni\u0105dze!<\/p>\n<div class=\"go-btn-container\"><div class=\"tosh-btn\"><a href=\"\/go-casino\/\" target=\"_blank\" rel=\"noopener\">GRAJ TERAZ<\/a><\/div><\/div>\n<h2>PRZEGL\u0104D AUTOMATU CRAZY MONEY<\/h2>\n<p>Automat Crazy Money to popularna gra kasynowa, kt\u00f3ra oferuje graczom wci\u0105gaj\u0105ce i ekscytuj\u0105ce wra\u017cenia. Gra charakteryzuje si\u0119 kolorow\u0105 i \u017cyw\u0105 grafik\u0105, a symbole obejmuj\u0105 stosy got\u00f3wki, z\u0142ote monety i symbole dolara. Gracze mog\u0105 korzysta\u0107 z r\u00f3\u017cnych funkcji bonusowych, takich jak darmowe spiny, mno\u017cniki i szansa na wygranie progresywnego jackpota. Gra jest \u0142atwa w obs\u0142udze, z prostymi zasadami i sterowaniem, dzi\u0119ki czemu jest przyst\u0119pna zar\u00f3wno dla nowicjuszy, jak i do\u015bwiadczonych graczy. Dzi\u0119ki energicznej \u015bcie\u017cce d\u017awi\u0119kowej i jaskrawej grafice, automat Crazy Money tworzy \u017cyw\u0105 atmosfer\u0119, kt\u00f3ra zapewnia rozrywk\u0119 i anga\u017cuje graczy. Niezale\u017cnie od tego, czy chcesz wygra\u0107 du\u017ce pieni\u0105dze, czy po prostu dobrze si\u0119 bawi\u0107, ten automat z pewno\u015bci\u0105 zapewni Ci przyjemne wra\u017cenia z gry.<\/p>\n<p><img loading=\"lazy\" decoding=\"async\" class=\"aligncenter size-full wp-image-8830\" src=\"https:\/\/rocketplay-new.com\/wp-content\/uploads\/2025\/07\/crazy-money-slot-2.webp\" alt=\"Crazy Money slot machine - Play Slot for Free\" width=\"800\" height=\"444\" srcset=\"https:\/\/rocketplay-new.com\/wp-content\/uploads\/2025\/07\/crazy-money-slot-2.webp 800w, https:\/\/rocketplay-new.com\/wp-content\/uploads\/2025\/07\/crazy-money-slot-2-300x167.webp 300w, https:\/\/rocketplay-new.com\/wp-content\/uploads\/2025\/07\/crazy-money-slot-2-768x426.webp 768w\" sizes=\"auto, (max-width: 800px) 100vw, 800px\" \/><\/p>\n<h2>AUTOMAT DO GRY CRAZY MONEY: TEMAT, GRAFIKA I MUZYKA<\/h2>\n<p>Automat do gry Crazy Money to popularna gra kasynowa, znana z zabawnego i dynamicznego motywu, przyci\u0105gaj\u0105cej wzrok grafiki i wpadaj\u0105cej w ucho muzyki. Motywem przewodnim gry s\u0105 pieni\u0105dze i bogactwo, a na b\u0119bnach pojawiaj\u0105 si\u0119 symbole takie jak znaki dolara, sztabki z\u0142ota i stosy got\u00f3wki. Oprawa graficzna gry jest jasna i kolorowa, z efektownymi animacjami i grafik\u0105, kt\u00f3re wci\u0105gaj\u0105 graczy i zapewniaj\u0105 im rozrywk\u0119. Muzyka w automacie do gry Crazy Money jest energiczna i podkr\u0119ca emocje, tworz\u0105c \u017cyw\u0105 atmosfer\u0119. Og\u00f3lnie rzecz bior\u0105c, automat do gry Crazy Money to ekscytuj\u0105ca i wci\u0105gaj\u0105ca gra, kt\u00f3ra oferuje graczom szans\u0119 na du\u017c\u0105 wygran\u0105, zapewniaj\u0105c jednocze\u015bnie dobr\u0105 zabaw\u0119.<\/p>\n<h2>JAK GRA\u0106 NA AUTOMACIE DO GRY CRAZY MONEY<\/h2>\n<p>Automat do gry Crazy Money to popularna gra kasynowa, kt\u00f3ra oferuje graczom \u015bwietn\u0105 zabaw\u0119 i ekscytuj\u0105ce wra\u017cenia. Aby zagra\u0107 w gr\u0119, musisz najpierw w\u0142o\u017cy\u0107 pieni\u0105dze lub voucher do automatu i wybra\u0107 stawk\u0119 zak\u0142adu. Po wybraniu zak\u0142adu mo\u017cesz rozpocz\u0105\u0107 kr\u0119cenie b\u0119bnami, naciskaj\u0105c przycisk \u201eSpin\u201d. Celem gry jest dopasowanie symboli na b\u0119bnach, aby wygra\u0107 nagrody. Niekt\u00f3re symbole mog\u0105 aktywowa\u0107 rundy bonusowe lub darmowe spiny, daj\u0105c Ci wi\u0119ksze szanse na du\u017ce wygrane. Zwr\u00f3\u0107 uwag\u0119 na symbol Crazy Money, poniewa\u017c jest to symbol o najwy\u017cszej warto\u015bci w grze. Dzi\u0119ki jasnej i kolorowej grafice, wpadaj\u0105cym w ucho efektom d\u017awi\u0119kowym i mo\u017cliwo\u015bci du\u017cych wygranych, automat Crazy Money z pewno\u015bci\u0105 zapewni godziny rozrywki zar\u00f3wno pocz\u0105tkuj\u0105cym, jak i do\u015bwiadczonym graczom. Usi\u0105d\u017a wi\u0119c przy automacie, postaw zak\u0142ad i przygotuj si\u0119 na dreszczyk emocji zwi\u0105zany z gr\u0105 na automacie Crazy Money.<\/p>\n<div class=\"go-btn-container\"><div class=\"tosh-btn\"><a href=\"\/go-casino\/\" target=\"_blank\" rel=\"noopener\">GRAJ TERAZ<\/a><\/div><\/div>\n<h2>AUTOMAT CRAZY MONEY: OPCJE ZAK\u0141AD\u00d3W I POTENCJA\u0141 WYGRANYCH<\/h2>\n<p>Automat Crazy Money cieszy si\u0119 popularno\u015bci\u0105 w\u015br\u00f3d wielu graczy ze wzgl\u0119du na ekscytuj\u0105ce opcje zak\u0142ad\u00f3w i wysoki potencja\u0142 wygranych. Gracze mog\u0105 obstawia\u0107 od jednego do pi\u0119ciu kredyt\u00f3w na obr\u00f3t, z mo\u017cliwo\u015bci\u0105 dostosowania nomina\u0142u monety do swojego bud\u017cetu. Ta elastyczno\u015b\u0107 pozwala graczom dostosowa\u0107 zak\u0142ady do indywidualnych preferencji, niezale\u017cnie od tego, czy wol\u0105 gra\u0107 zachowawczo, czy bardziej agresywnie. Potencja\u0142 wygranych w automacie Crazy Money jest r\u00f3wnie\u017c imponuj\u0105cy, z szans\u0105 na wysokie wygrane dzi\u0119ki r\u00f3\u017cnorodnym funkcjom bonusowym i symbolom specjalnym. Unikalny uk\u0142ad i design gry wyr\u00f3\u017cniaj\u0105 j\u0105 na tle innych automat\u00f3w, zwi\u0119kszaj\u0105c og\u00f3ln\u0105 ekscytacj\u0119 i warto\u015b\u0107 rozrywkow\u0105. Dzi\u0119ki odpowiedniej strategii i odrobinie szcz\u0119\u015bcia gracze maj\u0105 szans\u0119 na zdobycie w\u0142asnych szalonych pieni\u0119dzy.<\/p>\n<p><img loading=\"lazy\" decoding=\"async\" class=\"aligncenter size-full wp-image-8821\" src=\"https:\/\/rocketplay-new.com\/wp-content\/uploads\/2025\/07\/crazy-money-slot-1.webp\" alt=\"Crazy Money slot machine - Play Slot for Free 2\" width=\"800\" height=\"330\" srcset=\"https:\/\/rocketplay-new.com\/wp-content\/uploads\/2025\/07\/crazy-money-slot-1.webp 800w, https:\/\/rocketplay-new.com\/wp-content\/uploads\/2025\/07\/crazy-money-slot-1-300x124.webp 300w, https:\/\/rocketplay-new.com\/wp-content\/uploads\/2025\/07\/crazy-money-slot-1-768x317.webp 768w\" sizes=\"auto, (max-width: 800px) 100vw, 800px\" \/><\/p>\n<h2>NAJCZ\u0118\u015aCIEJ ZADAWANE PYTANIA I ODPOWIEDZI \u2013 AUTOMAT DO GRY CRAZY MONEY<\/h2>\n<p>Automat do gry Crazy Money to popularna gra w kasynach i na platformach gier online, a gracze cz\u0119sto zadaj\u0105 sobie pytania dotycz\u0105ce jej dzia\u0142ania. Jednym z cz\u0119stych pyta\u0144 jest to, jak wygra\u0107 du\u017ce pieni\u0105dze na automacie Crazy Money. Odpowied\u017a brzmi: kluczem do wygranej na tym automacie jest postawienie maksymalnej kwoty \u017ceton\u00f3w i strategiczna gra. Kolejnym cz\u0119stym pytaniem jest, czy automat do gry Crazy Money oferuje jakie\u015b funkcje specjalne lub bonusy. Odpowied\u017a brzmi: tak. Istnieje kilka funkcji specjalnych i bonus\u00f3w, takich jak darmowe spiny i mno\u017cniki, kt\u00f3re mog\u0105 pom\u00f3c graczom zwi\u0119kszy\u0107 swoje wygrane. Og\u00f3lnie rzecz bior\u0105c, automat do gry Crazy Money to zabawna i ekscytuj\u0105ca gra, kt\u00f3ra oferuje graczom szans\u0119 na du\u017ce wygrane, je\u015bli graj\u0105 m\u0105drze i strategicznie.<\/p>\n","protected":false},"excerpt":{"rendered":"<p>Automat Crazy Money to wci\u0105gaj\u0105ca i ekscytuj\u0105ca gra, kt\u00f3ra oferuje graczom szans\u0119 na wygranie du\u017cych nagr\u00f3d. Dzi\u0119ki \u017cywej grafice i wci\u0105gaj\u0105cej rozgrywce, ten automat z pewno\u015bci\u0105 zapewni graczom rozrywk\u0119 na d\u0142ugie godziny. Co najlepsze, mo\u017cesz gra\u0107 w ten automat za darmo! Niezale\u017cnie od tego, czy jeste\u015b do\u015bwiadczonym profesjonalist\u0105, czy nowicjuszem w \u015bwiecie slot\u00f3w, automat Crazy&#8230;<\/p>\n","protected":false},"author":1,"featured_media":6689,"parent":2275,"menu_order":0,"comment_status":"closed","ping_status":"closed","template":"","meta":{"_acf_changed":false,"_kad_post_transparent":"default","_kad_post_title":"default","_kad_post_layout":"default","_kad_post_sidebar_id":"","_kad_post_content_style":"default","_kad_post_vertical_padding":"default","_kad_post_feature":"","_kad_post_feature_position":"","_kad_post_header":false,"_kad_post_footer":false,"footnotes":""},"class_list":["post-8843","page","type-page","status-publish","has-post-thumbnail","hentry"],"acf":[],"rttpg_featured_image_url":{"full":["https:\/\/rocketplay-new.com\/wp-content\/uploads\/2025\/05\/crazy-money-slot-machine-play-slot-for-free.png",1093,576,false],"landscape":["https:\/\/rocketplay-new.com\/wp-content\/uploads\/2025\/05\/crazy-money-slot-machine-play-slot-for-free.png",1093,576,false],"portraits":["https:\/\/rocketplay-new.com\/wp-content\/uploads\/2025\/05\/crazy-money-slot-machine-play-slot-for-free.png",1093,576,false],"thumbnail":["https:\/\/rocketplay-new.com\/wp-content\/uploads\/2025\/05\/crazy-money-slot-machine-play-slot-for-free-150x150.png",150,150,true],"medium":["https:\/\/rocketplay-new.com\/wp-content\/uploads\/2025\/05\/crazy-money-slot-machine-play-slot-for-free-300x158.png",300,158,true],"large":["https:\/\/rocketplay-new.com\/wp-content\/uploads\/2025\/05\/crazy-money-slot-machine-play-slot-for-free-1024x540.png",1024,540,true],"1536x1536":["https:\/\/rocketplay-new.com\/wp-content\/uploads\/2025\/05\/crazy-money-slot-machine-play-slot-for-free.png",1093,576,false],"2048x2048":["https:\/\/rocketplay-new.com\/wp-content\/uploads\/2025\/05\/crazy-money-slot-machine-play-slot-for-free.png",1093,576,false],"wppb-medium":["https:\/\/rocketplay-new.com\/wp-content\/uploads\/2025\/05\/crazy-money-slot-machine-play-slot-for-free-600x450.png",600,450,true]},"rttpg_author":{"display_name":"John","author_link":"https:\/\/rocketplay-new.com\/pl\/author\/pemvas95n89x\/"},"rttpg_comment":0,"rttpg_category":null,"rttpg_excerpt":"Automat Crazy Money to wci\u0105gaj\u0105ca i ekscytuj\u0105ca gra, kt\u00f3ra oferuje graczom szans\u0119 na wygranie du\u017cych nagr\u00f3d. Dzi\u0119ki \u017cywej grafice i wci\u0105gaj\u0105cej rozgrywce, ten automat z pewno\u015bci\u0105 zapewni graczom rozrywk\u0119 na d\u0142ugie godziny. Co najlepsze, mo\u017cesz gra\u0107 w ten automat za darmo! Niezale\u017cnie od tego, czy jeste\u015b do\u015bwiadczonym profesjonalist\u0105, czy nowicjuszem w \u015bwiecie slot\u00f3w, automat Crazy...","_links":{"self":[{"href":"https:\/\/rocketplay-new.com\/pl\/wp-json\/wp\/v2\/pages\/8843","targetHints":{"allow":["GET"]}}],"collection":[{"href":"https:\/\/rocketplay-new.com\/pl\/wp-json\/wp\/v2\/pages"}],"about":[{"href":"https:\/\/rocketplay-new.com\/pl\/wp-json\/wp\/v2\/types\/page"}],"author":[{"embeddable":true,"href":"https:\/\/rocketplay-new.com\/pl\/wp-json\/wp\/v2\/users\/1"}],"replies":[{"embeddable":true,"href":"https:\/\/rocketplay-new.com\/pl\/wp-json\/wp\/v2\/comments?post=8843"}],"version-history":[{"count":2,"href":"https:\/\/rocketplay-new.com\/pl\/wp-json\/wp\/v2\/pages\/8843\/revisions"}],"predecessor-version":[{"id":8845,"href":"https:\/\/rocketplay-new.com\/pl\/wp-json\/wp\/v2\/pages\/8843\/revisions\/8845"}],"up":[{"embeddable":true,"href":"https:\/\/rocketplay-new.com\/pl\/wp-json\/wp\/v2\/pages\/2275"}],"wp:featuredmedia":[{"embeddable":true,"href":"https:\/\/rocketplay-new.com\/pl\/wp-json\/wp\/v2\/media\/6689"}],"wp:attachment":[{"href":"https:\/\/rocketplay-new.com\/pl\/wp-json\/wp\/v2\/media?parent=8843"}],"curies":[{"name":"wp","href":"https:\/\/api.w.org\/{rel}","templated":true}]}}