{"id":8817,"date":"2025-05-29T11:39:54","date_gmt":"2025-05-29T08:39:54","guid":{"rendered":"https:\/\/rocketplay-new.com\/slot-machines\/white-orchid\/"},"modified":"2025-07-16T19:54:20","modified_gmt":"2025-07-16T16:54:20","slug":"white-orchid","status":"publish","type":"page","link":"https:\/\/rocketplay-new.com\/pl\/slot-machines\/white-orchid\/","title":{"rendered":"Automat do gry White Orchid \u2013 graj za darmo"},"content":{"rendered":"<p>Automat White Orchid to popularna gra slotowa online, kt\u00f3ra oferuje graczom szans\u0119 na wygranie du\u017cych nagr\u00f3d, a jednocze\u015bnie zachwyca pi\u0119kn\u0105 grafik\u0105 i wci\u0105gaj\u0105c\u0105 rozgrywk\u0105. Gracze mog\u0105 spr\u00f3bowa\u0107 szcz\u0119\u015bcia za darmo, graj\u0105c w wersj\u0119 demonstracyjn\u0105 gry, kt\u00f3ra pozwala im do\u015bwiadczy\u0107 wszystkich emocji automatu bez konieczno\u015bci stawiania prawdziwych pieni\u0119dzy. Dzi\u0119ki egzotycznej tematyce i hojnym wyp\u0142atom, automat White Orchid z pewno\u015bci\u0105 zapewni graczom rozrywk\u0119 na d\u0142ugie godziny. Po co wi\u0119c czeka\u0107? Zakr\u0119\u0107 nim ju\u017c dzi\u015b i sprawd\u017a, czy uda Ci si\u0119 trafi\u0107 du\u017c\u0105 wygran\u0105!<\/p>\n<div class=\"go-btn-container\"><div class=\"tosh-btn\"><a href=\"\/go-casino\/\" target=\"_blank\" rel=\"noopener\">GRAJ TERAZ<\/a><\/div><\/div>\n<h2>PRZEGL\u0104D AUTOMATU WHITE ORCHID<\/h2>\n<p>White Orchid to popularny automat slotowy opracowany przez IGT, znany z osza\u0142amiaj\u0105cej grafiki i wci\u0105gaj\u0105cej rozgrywki. Akcja gry rozgrywa si\u0119 w pi\u0119knej tropikalnej d\u017cungli pe\u0142nej egzotycznych kwiat\u00f3w i dzikiej przyrody. Gra oferuje pi\u0119\u0107 b\u0119bn\u00f3w i 40 linii wyp\u0142at, oferuj\u0105c graczom mn\u00f3stwo okazji do du\u017cych wygranych. Symbole na b\u0119bnach to kolorowe storczyki, tropikalne ptaki oraz inna flora i fauna wyst\u0119puj\u0105ca w d\u017cungli. Jedn\u0105 z wyr\u00f3\u017cniaj\u0105cych si\u0119 funkcji White Orchid jest funkcja MultiWay Xtra, kt\u00f3ra pozwala graczom wygrywa\u0107 na 1024 r\u00f3\u017cne sposoby. Ta unikalna funkcja, w po\u0142\u0105czeniu z rund\u0105 bonusow\u0105 darmowych spin\u00f3w, mo\u017ce przynie\u015b\u0107 imponuj\u0105ce wygrane. Og\u00f3lnie rzecz bior\u0105c, White Orchid to atrakcyjny wizualnie i wci\u0105gaj\u0105cy automat, kt\u00f3ry z pewno\u015bci\u0105 przyci\u0105gnie zar\u00f3wno okazjonalnych graczy, jak i powa\u017cnych graczy.<\/p>\n<p><img loading=\"lazy\" decoding=\"async\" class=\"aligncenter size-full wp-image-8785\" src=\"https:\/\/rocketplay-new.com\/wp-content\/uploads\/2025\/07\/white-orchid-slot-2.webp\" alt=\"White Orchid slot machine - Play Slot for Free 2\" width=\"800\" height=\"410\" srcset=\"https:\/\/rocketplay-new.com\/wp-content\/uploads\/2025\/07\/white-orchid-slot-2.webp 800w, https:\/\/rocketplay-new.com\/wp-content\/uploads\/2025\/07\/white-orchid-slot-2-300x154.webp 300w, https:\/\/rocketplay-new.com\/wp-content\/uploads\/2025\/07\/white-orchid-slot-2-768x394.webp 768w\" sizes=\"auto, (max-width: 800px) 100vw, 800px\" \/><\/p>\n<h2>AUTOMAT DO GRY WHITE ORCHID: TEMAT, GRAFIKA I MUZYKA<\/h2>\n<p>Automat do gry White Orchid to popularna gra, kt\u00f3rej motywem przewodnim jest elegancki i egzotyczny bia\u0142y kwiat orchidei. Grafika gry jest zachwycaj\u0105ca, z \u017cywymi kolorami i misternymi detalami, kt\u00f3re o\u017cywiaj\u0105 pi\u0119kno kwiatu na ekranie. B\u0119bny zdobi\u0105 symbole takie jak bia\u0142a orchidea, kolorowe motyle i tropikalne ptaki, tworz\u0105c atrakcyjne wizualnie i wci\u0105gaj\u0105ce wra\u017cenia z gry. Muzyka w tle jest koj\u0105ca i uspokajaj\u0105ca, a delikatna melodia podkre\u015bla og\u00f3ln\u0105 atmosfer\u0119 gry. Po\u0142\u0105czenie osza\u0142amiaj\u0105cej grafiki i relaksuj\u0105cej muzyki sprawia, \u017ce gra na automacie White Orchid to prawdziwie przyjemne i wci\u0105gaj\u0105ce do\u015bwiadczenie dla graczy poszukuj\u0105cych spokojnej i przyjemnej dla oka rozgrywki.<\/p>\n<h2>JAK GRA\u0106 NA AUTOMACIE WHITE ORCHID<\/h2>\n<p>White Orchid to popularny automat do gry, kt\u00f3ry mo\u017cna znale\u017a\u0107 w wielu kasynach, zar\u00f3wno online, jak i offline. Gra na automacie White Orchid jest do\u015b\u0107 prosta i intuicyjna. Gra oferuje 5 b\u0119bn\u00f3w i 40 linii wyp\u0142at, daj\u0105c graczom mn\u00f3stwo mo\u017cliwo\u015bci wygrania du\u017cych sum. Aby rozpocz\u0105\u0107 gr\u0119, nale\u017cy najpierw ustali\u0107 stawk\u0119 zak\u0142adu, dostosowuj\u0105c warto\u015b\u0107 monety i liczb\u0119 monet na lini\u0119. Po ustawieniu zak\u0142adu mo\u017cna zakr\u0119ci\u0107 b\u0119bnami i czeka\u0107 na wynik. Celem jest dopasowanie symboli na liniach wyp\u0142at, aby wygra\u0107 nagrody. Gra oferuje r\u00f3\u017cnorodne symbole, w tym symbol White Orchid, kt\u00f3ry dzia\u0142a jako symbol Wild i mo\u017ce zast\u0119powa\u0107 inne symbole, tworz\u0105c zwyci\u0119skie kombinacje. Dodatkowo dost\u0119pna jest runda bonusowa darmowych spin\u00f3w, kt\u00f3ra mo\u017ce zosta\u0107 uruchomiona po trafieniu symbolu bonusowego na b\u0119bnach 3, 4 i 5. Og\u00f3lnie rzecz bior\u0105c, gra na automacie White Orchid to przyjemne i ekscytuj\u0105ce do\u015bwiadczenie, kt\u00f3re przy odrobinie szcz\u0119\u015bcia mo\u017ce przynie\u015b\u0107 du\u017ce wygrane.<\/p>\n<div class=\"go-btn-container\"><div class=\"tosh-btn\"><a href=\"\/go-casino\/\" target=\"_blank\" rel=\"noopener\">GRAJ TERAZ<\/a><\/div><\/div>\n<h2>AUTOMAT WHITE ORCHID: OPCJE ZAK\u0141AD\u00d3W I POTENCJA\u0141 WYGRANYCH<\/h2>\n<p>Automat White Orchid to popularna gra znana z pi\u0119knej grafiki i ekscytuj\u0105cej rozgrywki. Jedn\u0105 z kluczowych cech tego automatu jest szeroki zakres opcji zak\u0142ad\u00f3w, pozwalaj\u0105cy graczom dostosowa\u0107 stawki do w\u0142asnych preferencji. Gracze mog\u0105 obstawia\u0107 od kilku cent\u00f3w do kilkuset dolar\u00f3w na obr\u00f3t, dzi\u0119ki czemu gra jest dost\u0119pna zar\u00f3wno dla okazjonalnych graczy, jak i dla graczy o wysokich stawkach. Gra oferuje r\u00f3wnie\u017c r\u00f3\u017cnorodne funkcje bonusowe i darmowe spiny, zwi\u0119kszaj\u0105c potencja\u0142 wygranych. Dzi\u0119ki wysokiemu zwrotowi dla gracza (RTP) i mo\u017cliwo\u015bci trafienia du\u017cych wygranych, automat White Orchid oferuje ekscytuj\u0105ce i satysfakcjonuj\u0105ce wra\u017cenia z gry dla tych, kt\u00f3rzy chc\u0105 spr\u00f3bowa\u0107 szcz\u0119\u015bcia. Niezale\u017cnie od tego, czy jeste\u015b pocz\u0105tkuj\u0105cym, czy do\u015bwiadczonym graczem, ten automat oferuje mn\u00f3stwo mo\u017cliwo\u015bci wygrania du\u017cych pieni\u0119dzy i godzin rozrywki.<\/p>\n<p><img loading=\"lazy\" decoding=\"async\" class=\"aligncenter size-full wp-image-8776\" src=\"https:\/\/rocketplay-new.com\/wp-content\/uploads\/2025\/07\/white-orchid-slot-1.webp\" alt=\"White Orchid slot machine - Play Slot for Free\" width=\"800\" height=\"479\" srcset=\"https:\/\/rocketplay-new.com\/wp-content\/uploads\/2025\/07\/white-orchid-slot-1.webp 800w, https:\/\/rocketplay-new.com\/wp-content\/uploads\/2025\/07\/white-orchid-slot-1-300x180.webp 300w, https:\/\/rocketplay-new.com\/wp-content\/uploads\/2025\/07\/white-orchid-slot-1-768x460.webp 768w\" sizes=\"auto, (max-width: 800px) 100vw, 800px\" \/><\/p>\n<h2>NAJCZ\u0118\u015aCIEJ ZADAWANE PYTANIA I ODPOWIEDZI \u2013 AUTOMAT DO GRY WHITE ORCHID<\/h2>\n<p>Automat do gry White Orchid to popularna gra w kasynach i na platformach gier online, a gracze cz\u0119sto zadaj\u0105 sobie pytania o to, jak gra\u0107 i wygrywa\u0107. Jednym z cz\u0119stych pyta\u0144 jest to, jak aktywowa\u0107 funkcje bonusowe, takie jak darmowe spiny czy mno\u017cniki. Aby aktywowa\u0107 te bonusy, gracze zazwyczaj musz\u0105 trafi\u0107 na b\u0119bnach okre\u015blon\u0105 kombinacj\u0119 symboli, kt\u00f3ra mo\u017ce si\u0119 r\u00f3\u017cni\u0107 w zale\u017cno\u015bci od zasad gry. Kolejnym cz\u0119stym pytaniem jest, czy mo\u017cna zwi\u0119kszy\u0107 szanse na wygran\u0105 na automacie White Orchid. Chocia\u017c nie ma gwarancji wygranej na automatach, gracze mog\u0105 zwi\u0119kszy\u0107 swoje szanse, obstawiaj\u0105c na wszystkich liniach wyp\u0142at i m\u0105drze zarz\u0105dzaj\u0105c swoim kapita\u0142em. Dodatkowo, gracze cz\u0119sto pytaj\u0105, czy istniej\u0105 jakie\u015b oszustwa lub hacki, kt\u00f3re mog\u0105 manipulowa\u0107 wynikiem gry. Nale\u017cy pami\u0119ta\u0107, \u017ce korzystanie z oszustw lub hack\u00f3w jest nielegalne i nieetyczne i mo\u017ce skutkowa\u0107 karami lub banami z kasyna. Og\u00f3lnie rzecz bior\u0105c, automat do gry White Orchid oferuje graczom ekscytuj\u0105ce i satysfakcjonuj\u0105ce wra\u017cenia z gry, z wieloma mo\u017cliwo\u015bciami wygrania du\u017cych nagr\u00f3d.<\/p>\n","protected":false},"excerpt":{"rendered":"<p>Automat White Orchid to popularna gra slotowa online, kt\u00f3ra oferuje graczom szans\u0119 na wygranie du\u017cych nagr\u00f3d, a jednocze\u015bnie zachwyca pi\u0119kn\u0105 grafik\u0105 i wci\u0105gaj\u0105c\u0105 rozgrywk\u0105. Gracze mog\u0105 spr\u00f3bowa\u0107 szcz\u0119\u015bcia za darmo, graj\u0105c w wersj\u0119 demonstracyjn\u0105 gry, kt\u00f3ra pozwala im do\u015bwiadczy\u0107 wszystkich emocji automatu bez konieczno\u015bci stawiania prawdziwych pieni\u0119dzy. Dzi\u0119ki egzotycznej tematyce i hojnym wyp\u0142atom, automat White&#8230;<\/p>\n","protected":false},"author":1,"featured_media":6660,"parent":2275,"menu_order":0,"comment_status":"closed","ping_status":"closed","template":"single-no-sidebar.php","meta":{"_acf_changed":false,"_kad_post_transparent":"default","_kad_post_title":"default","_kad_post_layout":"default","_kad_post_sidebar_id":"","_kad_post_content_style":"default","_kad_post_vertical_padding":"default","_kad_post_feature":"","_kad_post_feature_position":"","_kad_post_header":false,"_kad_post_footer":false,"footnotes":""},"class_list":["post-8817","page","type-page","status-publish","has-post-thumbnail","hentry"],"acf":[],"rttpg_featured_image_url":{"full":["https:\/\/rocketplay-new.com\/wp-content\/uploads\/2025\/05\/white-orchid-slot-machine-play-slot-for-free.png",1491,765,false],"landscape":["https:\/\/rocketplay-new.com\/wp-content\/uploads\/2025\/05\/white-orchid-slot-machine-play-slot-for-free.png",1491,765,false],"portraits":["https:\/\/rocketplay-new.com\/wp-content\/uploads\/2025\/05\/white-orchid-slot-machine-play-slot-for-free.png",1491,765,false],"thumbnail":["https:\/\/rocketplay-new.com\/wp-content\/uploads\/2025\/05\/white-orchid-slot-machine-play-slot-for-free-150x150.png",150,150,true],"medium":["https:\/\/rocketplay-new.com\/wp-content\/uploads\/2025\/05\/white-orchid-slot-machine-play-slot-for-free-300x154.png",300,154,true],"large":["https:\/\/rocketplay-new.com\/wp-content\/uploads\/2025\/05\/white-orchid-slot-machine-play-slot-for-free-1024x525.png",1024,525,true],"1536x1536":["https:\/\/rocketplay-new.com\/wp-content\/uploads\/2025\/05\/white-orchid-slot-machine-play-slot-for-free.png",1491,765,false],"2048x2048":["https:\/\/rocketplay-new.com\/wp-content\/uploads\/2025\/05\/white-orchid-slot-machine-play-slot-for-free.png",1491,765,false],"wppb-medium":["https:\/\/rocketplay-new.com\/wp-content\/uploads\/2025\/05\/white-orchid-slot-machine-play-slot-for-free-600x450.png",600,450,true]},"rttpg_author":{"display_name":"John","author_link":"https:\/\/rocketplay-new.com\/pl\/author\/pemvas95n89x\/"},"rttpg_comment":0,"rttpg_category":null,"rttpg_excerpt":"Automat White Orchid to popularna gra slotowa online, kt\u00f3ra oferuje graczom szans\u0119 na wygranie du\u017cych nagr\u00f3d, a jednocze\u015bnie zachwyca pi\u0119kn\u0105 grafik\u0105 i wci\u0105gaj\u0105c\u0105 rozgrywk\u0105. Gracze mog\u0105 spr\u00f3bowa\u0107 szcz\u0119\u015bcia za darmo, graj\u0105c w wersj\u0119 demonstracyjn\u0105 gry, kt\u00f3ra pozwala im do\u015bwiadczy\u0107 wszystkich emocji automatu bez konieczno\u015bci stawiania prawdziwych pieni\u0119dzy. Dzi\u0119ki egzotycznej tematyce i hojnym wyp\u0142atom, automat White...","_links":{"self":[{"href":"https:\/\/rocketplay-new.com\/pl\/wp-json\/wp\/v2\/pages\/8817","targetHints":{"allow":["GET"]}}],"collection":[{"href":"https:\/\/rocketplay-new.com\/pl\/wp-json\/wp\/v2\/pages"}],"about":[{"href":"https:\/\/rocketplay-new.com\/pl\/wp-json\/wp\/v2\/types\/page"}],"author":[{"embeddable":true,"href":"https:\/\/rocketplay-new.com\/pl\/wp-json\/wp\/v2\/users\/1"}],"replies":[{"embeddable":true,"href":"https:\/\/rocketplay-new.com\/pl\/wp-json\/wp\/v2\/comments?post=8817"}],"version-history":[{"count":2,"href":"https:\/\/rocketplay-new.com\/pl\/wp-json\/wp\/v2\/pages\/8817\/revisions"}],"predecessor-version":[{"id":8819,"href":"https:\/\/rocketplay-new.com\/pl\/wp-json\/wp\/v2\/pages\/8817\/revisions\/8819"}],"up":[{"embeddable":true,"href":"https:\/\/rocketplay-new.com\/pl\/wp-json\/wp\/v2\/pages\/2275"}],"wp:featuredmedia":[{"embeddable":true,"href":"https:\/\/rocketplay-new.com\/pl\/wp-json\/wp\/v2\/media\/6660"}],"wp:attachment":[{"href":"https:\/\/rocketplay-new.com\/pl\/wp-json\/wp\/v2\/media?parent=8817"}],"curies":[{"name":"wp","href":"https:\/\/api.w.org\/{rel}","templated":true}]}}