{"id":8761,"date":"2025-05-29T11:34:47","date_gmt":"2025-05-29T08:34:47","guid":{"rendered":"https:\/\/rocketplay-new.com\/slot-machines\/big-bad-wolf\/"},"modified":"2025-07-16T18:44:37","modified_gmt":"2025-07-16T15:44:37","slug":"big-bad-wolf","status":"publish","type":"page","link":"https:\/\/rocketplay-new.com\/pl\/slot-machines\/big-bad-wolf\/","title":{"rendered":"Automat do gry Big Bad Wolf \u2013 graj za darmo"},"content":{"rendered":"<p>Automat Big Bad Wolf to popularna gra online, kt\u00f3ra w ekscytuj\u0105cy i wci\u0105gaj\u0105cy spos\u00f3b o\u017cywia klasyczn\u0105 ba\u015b\u0144. Gracze mog\u0105 kr\u0119ci\u0107 b\u0119bnami i spr\u00f3bowa\u0107 szcz\u0119\u015bcia w walce o wysokie wygrane, podziwiaj\u0105c jednocze\u015bnie fantazyjn\u0105 grafik\u0119 i zabawne animacje. Dzi\u0119ki r\u00f3\u017cnorodnym funkcjom bonusowym i darmowym spinom, automat oferuje mn\u00f3stwo mo\u017cliwo\u015bci zwi\u0119kszenia wygranych. A co najlepsze? Gracze mog\u0105 wypr\u00f3bowa\u0107 ten automat za darmo, zanim zdecyduj\u0105 si\u0119 na gr\u0119 na prawdziwe pieni\u0105dze, co czyni go \u015bwietn\u0105 opcj\u0105 zar\u00f3wno dla okazjonalnych graczy, jak i do\u015bwiadczonych hazardzist\u00f3w szukaj\u0105cych rozrywki.<\/p>\n<div class=\"go-btn-container\"><div class=\"tosh-btn\"><a href=\"\/go-casino\/\" target=\"_blank\" rel=\"noopener\">GRAJ TERAZ<\/a><\/div><\/div>\n<h2>PRZEGL\u0104D AUTOMATU BIG BAD WOLF<\/h2>\n<p>Automat Big Bad Wolf to popularny wideoslot stworzony przez Quickspin, o klasycznej ba\u015bniowej tematyce, opartej na historii Trzech Ma\u0142ych \u015awinek. Gra charakteryzuje si\u0119 atrakcyjnym wizualnie designem, z wysokiej jako\u015bci grafik\u0105 i animacjami, kt\u00f3re o\u017cywiaj\u0105 postacie z bajek na b\u0119bnach. Rozgrywka jest dynamiczna i wci\u0105gaj\u0105ca, a pi\u0119\u0107 b\u0119bn\u00f3w i 25 linii wyp\u0142at oferuje mn\u00f3stwo okazji do du\u017cych wygranych. Jedn\u0105 z unikalnych funkcji automatu Big Bad Wolf s\u0105 b\u0119bny Swooping Reels, w kt\u00f3rych zwyci\u0119skie kombinacje znikaj\u0105, a nowe symbole spadaj\u0105, potencjalnie generuj\u0105c kolejne wygrane w jednym obrocie. Gra zawiera r\u00f3wnie\u017c rund\u0119 bonusow\u0105 darmowych spin\u00f3w, w kt\u00f3rej gracze mog\u0105 zdoby\u0107 do 20 darmowych spin\u00f3w i uruchomi\u0107 dodatkowe funkcje, takie jak Blowing Down the House, kt\u00f3ra mo\u017ce prowadzi\u0107 do jeszcze bardziej lukratywnych wyp\u0142at. Podsumowuj\u0105c, automat Big Bad Wolf to przyjemna i rozrywkowa gra, kt\u00f3ra przypadnie do gustu zar\u00f3wno pocz\u0105tkuj\u0105cym graczom, jak i do\u015bwiadczonym entuzjastom automat\u00f3w.<\/p>\n<p><img loading=\"lazy\" decoding=\"async\" class=\"aligncenter size-full wp-image-8741\" src=\"https:\/\/rocketplay-new.com\/wp-content\/uploads\/2025\/07\/big-bad-wolf-2.webp\" alt=\"Big Bad Wolf slot machine - Play Slot for Free 2\" width=\"800\" height=\"335\" srcset=\"https:\/\/rocketplay-new.com\/wp-content\/uploads\/2025\/07\/big-bad-wolf-2.webp 800w, https:\/\/rocketplay-new.com\/wp-content\/uploads\/2025\/07\/big-bad-wolf-2-300x126.webp 300w, https:\/\/rocketplay-new.com\/wp-content\/uploads\/2025\/07\/big-bad-wolf-2-768x322.webp 768w\" sizes=\"auto, (max-width: 800px) 100vw, 800px\" \/><\/p>\n<h2>AUTOMAT DO GRY BIG BAD WOLF: TEMAT, WIZUALIZACJA I MUZYKA<\/h2>\n<p>Automat do gry Big Bad Wolf to popularna gra online, inspirowana klasyczn\u0105 bajk\u0105 o Trzech Ma\u0142ych \u015awinkach. Motywem przewodnim gry jest nies\u0142awny z\u0142oczy\u0144ca, Wielki Z\u0142y Wilk, kt\u00f3rego misj\u0105 jest zburzenie dom\u00f3w Trzech Ma\u0142ych \u015awinek. Oprawa graficzna gry jest \u017cywa i anga\u017cuj\u0105ca, a kresk\u00f3wkowa grafika o\u017cywia fabu\u0142\u0119. B\u0119bny umieszczone s\u0105 na tle dom\u00f3w \u015bwinek, a wilk czai si\u0119 w tle. Symbole na b\u0119bnach przedstawiaj\u0105 trzy \u015bwinki, wilka oraz r\u00f3\u017cne przedmioty zwi\u0105zane z histori\u0105, takie jak s\u0142oma, patyki i ceg\u0142y. \u015acie\u017cka d\u017awi\u0119kowa jest optymistyczna i pe\u0142na humoru, co dodaje grze radosnego i beztroskiego charakteru. Podsumowuj\u0105c, automat do gry Big Bad Wolf to atrakcyjna wizualnie i wci\u0105gaj\u0105ca gra, kt\u00f3ra oferuje graczom wyj\u0105tkowe i wci\u0105gaj\u0105ce wra\u017cenia.<\/p>\n<h2>JAK GRA\u0106 NA AUTOMACIE BIG BAD WOLF<\/h2>\n<p>Big Bad Wolf to popularny automat do gry oparty na klasycznej bajce o Trzech \u015awinkach. Aby zagra\u0107 w t\u0119 gr\u0119, nale\u017cy najpierw wybra\u0107 stawk\u0119 zak\u0142adu, klikaj\u0105c przycisk \u201eZak\u0142ad\u201d. Po wybraniu stawki mo\u017cna zakr\u0119ci\u0107 b\u0119bnami, klikaj\u0105c przycisk \u201eZakr\u0119\u0107\u201d. Celem gry jest dopasowanie symboli w celu wygrania nagr\u00f3d. Symbole w tej grze obejmuj\u0105 Trzy \u015awinki, Z\u0142ego Wilka i inne ikony o tematyce rolniczej. Jedn\u0105 z unikalnych funkcji tej gry jest runda bonusowa \u201eZdmuchni\u0119cie Domu\u201d, kt\u00f3ra uruchamia si\u0119 po trafieniu na b\u0119bny co najmniej trzech symboli Wilka. Podczas tej rundy bonusowej Z\u0142y Wilk zdmuchnie domy, ods\u0142aniaj\u0105c nagrody pieni\u0119\u017cne. Og\u00f3lnie rzecz bior\u0105c, gra na automacie Big Bad Wolf to przyjemna i ekscytuj\u0105ca przygoda, kt\u00f3ra mo\u017ce przynie\u015b\u0107 du\u017ce wygrane szcz\u0119\u015bliwym graczom.<\/p>\n<div class=\"go-btn-container\"><div class=\"tosh-btn\"><a href=\"\/go-casino\/\" target=\"_blank\" rel=\"noopener\">GRAJ TERAZ<\/a><\/div><\/div>\n<h2>AUTOMAT BIG BAD WOLF: OPCJE ZAK\u0141AD\u00d3W I POTENCJA\u0141 WYGRANYCH<\/h2>\n<p>Automat Big Bad Wolf to popularna gra oferuj\u0105ca graczom r\u00f3\u017cnorodne opcje zak\u0142ad\u00f3w i potencja\u0142 du\u017cych wygranych. Gracze mog\u0105 obstawia\u0107 od kilku cent\u00f3w do kilku dolar\u00f3w za obr\u00f3t, co pozwala na elastyczno\u015b\u0107 w zakresie wysoko\u015bci zak\u0142adu. Gra oferuje standardowy uk\u0142ad z pi\u0119cioma b\u0119bnami i trzema rz\u0119dami oraz 25 liniami wyp\u0142at, kt\u00f3re daj\u0105 graczom mn\u00f3stwo mo\u017cliwo\u015bci wygranej. Gra oferuje r\u00f3wnie\u017c szereg funkcji bonusowych, w tym darmowe spiny i mno\u017cniki, kt\u00f3re mog\u0105 pom\u00f3c graczom zwi\u0119kszy\u0107 swoje wygrane. Z RTP na poziomie oko\u0142o 97%, automat Big Bad Wolf ma potencja\u0142, aby zaoferowa\u0107 graczom imponuj\u0105ce wyp\u0142aty. Og\u00f3lnie rzecz bior\u0105c, opcje zak\u0142ad\u00f3w i potencja\u0142 wygranych sprawiaj\u0105, \u017ce gra jest popularnym wyborem zar\u00f3wno dla graczy okazjonalnych, jak i high roller\u00f3w, kt\u00f3rzy szukaj\u0105 emocji i szansy na du\u017c\u0105 wygran\u0105.<\/p>\n<p><img loading=\"lazy\" decoding=\"async\" class=\"aligncenter size-full wp-image-8732\" src=\"https:\/\/rocketplay-new.com\/wp-content\/uploads\/2025\/07\/big-bad-wolf-1.webp\" alt=\"Big Bad Wolf slot machine - Play Slot for Free\" width=\"800\" height=\"437\" srcset=\"https:\/\/rocketplay-new.com\/wp-content\/uploads\/2025\/07\/big-bad-wolf-1.webp 800w, https:\/\/rocketplay-new.com\/wp-content\/uploads\/2025\/07\/big-bad-wolf-1-300x164.webp 300w, https:\/\/rocketplay-new.com\/wp-content\/uploads\/2025\/07\/big-bad-wolf-1-768x420.webp 768w\" sizes=\"auto, (max-width: 800px) 100vw, 800px\" \/><\/p>\n<h2>NAJCZ\u0118\u015aCIEJ ZADAWANE PYTANIA I ODPOWIEDZI \u2013 AUTOMAT DO GRY BIG BAD WOLF<\/h2>\n<p>Automat do gry Big Bad Wolf to popularna gra, kt\u00f3ra cieszy si\u0119 popularno\u015bci\u0105 w\u015br\u00f3d wielu graczy zar\u00f3wno w kasynach stacjonarnych, jak i online. Jednym z cz\u0119stych pyta\u0144 graczy dotycz\u0105cych tej gry jest to, jak wygra\u0107 du\u017ce pieni\u0105dze. Kluczem do wygranej na automacie Big Bad Wolf jest uruchomienie rund bonusowych, kt\u00f3re mog\u0105 przynie\u015b\u0107 wysokie wygrane. Kolejnym cz\u0119stym pytaniem jest o wska\u017anik RTP (zwrot dla gracza). RTP dla automatu Big Bad Wolf wynosi oko\u0142o 97,35%, co jest uwa\u017cane za do\u015b\u0107 wysoki wynik w por\u00f3wnaniu z innymi grami slotowymi. Gracze cz\u0119sto pytaj\u0105 r\u00f3wnie\u017c o zmienno\u015b\u0107 gry, kt\u00f3ra jest do\u015b\u0107 niska, co oznacza, \u017ce gracze mog\u0105 spodziewa\u0107 si\u0119 cz\u0119stszych, ale mniejszych wygranych. Og\u00f3lnie rzecz bior\u0105c, automat do gry Big Bad Wolf to przyjemna i satysfakcjonuj\u0105ca gra, kt\u00f3ra oferuje graczom wiele mo\u017cliwo\u015bci na du\u017ce wygrane.<\/p>\n","protected":false},"excerpt":{"rendered":"<p>Automat Big Bad Wolf to popularna gra online, kt\u00f3ra w ekscytuj\u0105cy i wci\u0105gaj\u0105cy spos\u00f3b o\u017cywia klasyczn\u0105 ba\u015b\u0144. Gracze mog\u0105 kr\u0119ci\u0107 b\u0119bnami i spr\u00f3bowa\u0107 szcz\u0119\u015bcia w walce o wysokie wygrane, podziwiaj\u0105c jednocze\u015bnie fantazyjn\u0105 grafik\u0119 i zabawne animacje. Dzi\u0119ki r\u00f3\u017cnorodnym funkcjom bonusowym i darmowym spinom, automat oferuje mn\u00f3stwo mo\u017cliwo\u015bci zwi\u0119kszenia wygranych. A co najlepsze? Gracze mog\u0105 wypr\u00f3bowa\u0107&#8230;<\/p>\n","protected":false},"author":1,"featured_media":6631,"parent":2275,"menu_order":0,"comment_status":"closed","ping_status":"closed","template":"single-no-sidebar.php","meta":{"_acf_changed":false,"_kad_post_transparent":"default","_kad_post_title":"default","_kad_post_layout":"default","_kad_post_sidebar_id":"","_kad_post_content_style":"default","_kad_post_vertical_padding":"default","_kad_post_feature":"","_kad_post_feature_position":"","_kad_post_header":false,"_kad_post_footer":false,"footnotes":""},"class_list":["post-8761","page","type-page","status-publish","has-post-thumbnail","hentry"],"acf":[],"rttpg_featured_image_url":{"full":["https:\/\/rocketplay-new.com\/wp-content\/uploads\/2025\/05\/big-bad-wolf-slot-machine-play-slot-for-free.png",975,697,false],"landscape":["https:\/\/rocketplay-new.com\/wp-content\/uploads\/2025\/05\/big-bad-wolf-slot-machine-play-slot-for-free.png",975,697,false],"portraits":["https:\/\/rocketplay-new.com\/wp-content\/uploads\/2025\/05\/big-bad-wolf-slot-machine-play-slot-for-free.png",975,697,false],"thumbnail":["https:\/\/rocketplay-new.com\/wp-content\/uploads\/2025\/05\/big-bad-wolf-slot-machine-play-slot-for-free-150x150.png",150,150,true],"medium":["https:\/\/rocketplay-new.com\/wp-content\/uploads\/2025\/05\/big-bad-wolf-slot-machine-play-slot-for-free-300x214.png",300,214,true],"large":["https:\/\/rocketplay-new.com\/wp-content\/uploads\/2025\/05\/big-bad-wolf-slot-machine-play-slot-for-free.png",975,697,false],"1536x1536":["https:\/\/rocketplay-new.com\/wp-content\/uploads\/2025\/05\/big-bad-wolf-slot-machine-play-slot-for-free.png",975,697,false],"2048x2048":["https:\/\/rocketplay-new.com\/wp-content\/uploads\/2025\/05\/big-bad-wolf-slot-machine-play-slot-for-free.png",975,697,false],"wppb-medium":["https:\/\/rocketplay-new.com\/wp-content\/uploads\/2025\/05\/big-bad-wolf-slot-machine-play-slot-for-free-600x450.png",600,450,true]},"rttpg_author":{"display_name":"John","author_link":"https:\/\/rocketplay-new.com\/pl\/author\/pemvas95n89x\/"},"rttpg_comment":0,"rttpg_category":null,"rttpg_excerpt":"Automat Big Bad Wolf to popularna gra online, kt\u00f3ra w ekscytuj\u0105cy i wci\u0105gaj\u0105cy spos\u00f3b o\u017cywia klasyczn\u0105 ba\u015b\u0144. Gracze mog\u0105 kr\u0119ci\u0107 b\u0119bnami i spr\u00f3bowa\u0107 szcz\u0119\u015bcia w walce o wysokie wygrane, podziwiaj\u0105c jednocze\u015bnie fantazyjn\u0105 grafik\u0119 i zabawne animacje. Dzi\u0119ki r\u00f3\u017cnorodnym funkcjom bonusowym i darmowym spinom, automat oferuje mn\u00f3stwo mo\u017cliwo\u015bci zwi\u0119kszenia wygranych. A co najlepsze? Gracze mog\u0105 wypr\u00f3bowa\u0107...","_links":{"self":[{"href":"https:\/\/rocketplay-new.com\/pl\/wp-json\/wp\/v2\/pages\/8761","targetHints":{"allow":["GET"]}}],"collection":[{"href":"https:\/\/rocketplay-new.com\/pl\/wp-json\/wp\/v2\/pages"}],"about":[{"href":"https:\/\/rocketplay-new.com\/pl\/wp-json\/wp\/v2\/types\/page"}],"author":[{"embeddable":true,"href":"https:\/\/rocketplay-new.com\/pl\/wp-json\/wp\/v2\/users\/1"}],"replies":[{"embeddable":true,"href":"https:\/\/rocketplay-new.com\/pl\/wp-json\/wp\/v2\/comments?post=8761"}],"version-history":[{"count":2,"href":"https:\/\/rocketplay-new.com\/pl\/wp-json\/wp\/v2\/pages\/8761\/revisions"}],"predecessor-version":[{"id":8763,"href":"https:\/\/rocketplay-new.com\/pl\/wp-json\/wp\/v2\/pages\/8761\/revisions\/8763"}],"up":[{"embeddable":true,"href":"https:\/\/rocketplay-new.com\/pl\/wp-json\/wp\/v2\/pages\/2275"}],"wp:featuredmedia":[{"embeddable":true,"href":"https:\/\/rocketplay-new.com\/pl\/wp-json\/wp\/v2\/media\/6631"}],"wp:attachment":[{"href":"https:\/\/rocketplay-new.com\/pl\/wp-json\/wp\/v2\/media?parent=8761"}],"curies":[{"name":"wp","href":"https:\/\/api.w.org\/{rel}","templated":true}]}}