{"id":8723,"date":"2025-05-29T11:27:28","date_gmt":"2025-05-29T08:27:28","guid":{"rendered":"https:\/\/rocketplay-new.com\/slot-machines\/kitty-glitter\/"},"modified":"2025-07-16T18:02:29","modified_gmt":"2025-07-16T15:02:29","slug":"kitty-glitter","status":"publish","type":"page","link":"https:\/\/rocketplay-new.com\/pl\/slot-machines\/kitty-glitter\/","title":{"rendered":"Automat do gry Kitty Glitter \u2013 graj za darmo"},"content":{"rendered":"<p>Kitty Glitter to popularny automat do gry z uroczymi i milutkimi kocimi postaciami. Ta gra jest idealna dla mi\u0142o\u015bnik\u00f3w kot\u00f3w i oferuje ekscytuj\u0105c\u0105 rozgrywk\u0119 z szans\u0105 na wygranie du\u017cych nagr\u00f3d. Gracze mog\u0105 gra\u0107 za darmo, co pozwala im do\u015bwiadczy\u0107 zabawy i emocji bez \u017cadnego ryzyka. Dzi\u0119ki \u017cywej grafice i wci\u0105gaj\u0105cym funkcjom, Kitty Glitter z pewno\u015bci\u0105 zapewni godziny rozrywki zar\u00f3wno pocz\u0105tkuj\u0105cym, jak i do\u015bwiadczonym graczom. Spr\u00f3buj i przekonaj si\u0119, czy uda Ci si\u0119 zdoby\u0107 mrucz\u0105ce wygrane!<\/p>\n<div class=\"go-btn-container\"><div class=\"tosh-btn\"><a href=\"\/go-casino\/\" target=\"_blank\" rel=\"noopener\">GRAJ TERAZ<\/a><\/div><\/div>\n<h2>PRZEGL\u0104D AUTOMATU DO GRY KITTY GLITTER<\/h2>\n<p>Kitty Glitter to popularny automat do gry, kt\u00f3ry zyska\u0142 rzesze fan\u00f3w zar\u00f3wno w kasynach stacjonarnych, jak i online. Stworzona przez IGT, gra ma koci motyw, a jej g\u0142\u00f3wnymi bohaterami s\u0105 urocze i milutkie koty. Akcja gry rozgrywa si\u0119 w luksusowej rezydencji, gdzie gracze maj\u0105 za zadanie zbiera\u0107 symbole z motywami kot\u00f3w, takich jak koty syjamskie, perskie i pr\u0119gowane. Gra oferuje pi\u0119\u0107 b\u0119bn\u00f3w i 30 linii wyp\u0142at, oferuj\u0105c mn\u00f3stwo okazji do du\u017cych wygranych. Jedn\u0105 z g\u0142\u00f3wnych cech Kitty Glitter jest runda bonusowa darmowych spin\u00f3w, w kt\u00f3rej gracze mog\u0105 wygra\u0107 do 225 darmowych spin\u00f3w, trafiaj\u0105c diamentowe symbole scatter. Dzi\u0119ki uroczej grafice, wci\u0105gaj\u0105cej rozgrywce i hojnym wyp\u0142atom, Kitty Glitter to pozycja obowi\u0105zkowa dla ka\u017cdego mi\u0142o\u015bnika automat\u00f3w do gier, kt\u00f3ry szuka przyjemnej i satysfakcjonuj\u0105cej rozgrywki.<\/p>\n<p><img loading=\"lazy\" decoding=\"async\" class=\"aligncenter size-full wp-image-8689\" src=\"https:\/\/rocketplay-new.com\/wp-content\/uploads\/2025\/07\/kitty-1.webp\" alt=\"Kitty Glitter slot machine - Play Slot for Free\" width=\"800\" height=\"378\" srcset=\"https:\/\/rocketplay-new.com\/wp-content\/uploads\/2025\/07\/kitty-1.webp 800w, https:\/\/rocketplay-new.com\/wp-content\/uploads\/2025\/07\/kitty-1-300x142.webp 300w, https:\/\/rocketplay-new.com\/wp-content\/uploads\/2025\/07\/kitty-1-768x363.webp 768w\" sizes=\"auto, (max-width: 800px) 100vw, 800px\" \/><\/p>\n<h2>AUTOMAT DO GRY KITTY GLITTER: TEMAT, GRAFIKA I MUZYKA<\/h2>\n<p>Kitty Glitter to popularny automat do gry, uwielbiany przez graczy za uroczy koci motyw, \u017cyw\u0105 grafik\u0119 i wpadaj\u0105c\u0105 w ucho muzyk\u0119. Akcja gry rozgrywa si\u0119 na tle b\u0142yszcz\u0105cych klejnot\u00f3w i uroczych koci\u0105t, tworz\u0105c urocz\u0105 i przyjemn\u0105 atmosfer\u0119. B\u0119bny wype\u0142nione s\u0105 symbolami r\u00f3\u017cnych ras kot\u00f3w, w tym syjamskich, perskich i pr\u0119gowanych, a tak\u017ce literami i cyframi wysadzanymi diamentami. Jasna i kolorowa grafika o\u017cywia motyw i pozwala graczom zanurzy\u0107 si\u0119 w \u015bwiecie luksusu i przepychu. Muzyka w Kitty Glitter jest energiczna i podkr\u0119ca emocje, zapewniaj\u0105c rozrywk\u0119 podczas kr\u0119cenia b\u0119bnami. Podsumowuj\u0105c, Kitty Glitter to zachwycaj\u0105cy wizualnie i wci\u0105gaj\u0105cy automat do gry, kt\u00f3ry przypadnie do gustu zar\u00f3wno mi\u0142o\u015bnikom kot\u00f3w, jak i okazjonalnym graczom.<\/p>\n<h2>JAK GRA\u0106 NA AUTOMACIE KITTY GLITTER<\/h2>\n<p>Kitty Glitter to popularny automat do gry, dost\u0119pny w wielu kasynach. Aby zagra\u0107, gracze musz\u0105 najpierw wybra\u0107 stawk\u0119 zak\u0142adu i liczb\u0119 linii wyp\u0142at, kt\u00f3re chc\u0105 aktywowa\u0107. Po dokonaniu wyboru gracze mog\u0105 kr\u0119ci\u0107 b\u0119bnami i obserwowa\u0107, jak na ekranie pojawiaj\u0105 si\u0119 r\u00f3\u017cne symbole z motywem kot\u00f3w. Celem gry jest dopasowanie trzech lub wi\u0119cej takich samych symboli na linii wyp\u0142at, aby wygra\u0107 wygran\u0105. Gra zawiera r\u00f3wnie\u017c symbol Wild, reprezentowany przez logo gry, kt\u00f3ry mo\u017ce zast\u0105pi\u0107 dowolny inny symbol, pomagaj\u0105c w tworzeniu zwyci\u0119skich kombinacji. Dodatkowo gra oferuje rund\u0119 bonusow\u0105 darmowych spin\u00f3w, kt\u00f3ra uruchamia si\u0119, gdy na b\u0119bnach pojawi\u0105 si\u0119 trzy lub wi\u0119cej symboli scatter. Podczas rundy darmowych spin\u00f3w gracze maj\u0105 mo\u017cliwo\u015b\u0107 wygrania jeszcze wi\u0119kszej liczby nagr\u00f3d bez konieczno\u015bci obstawiania dodatkowych zak\u0142ad\u00f3w. Podsumowuj\u0105c, Kitty Glitter to zabawny i wci\u0105gaj\u0105cy automat do gry, kt\u00f3ry przypadnie do gustu zar\u00f3wno mi\u0142o\u015bnikom kot\u00f3w, jak i fanom gier kasynowych.<\/p>\n<div class=\"go-btn-container\"><div class=\"tosh-btn\"><a href=\"\/go-casino\/\" target=\"_blank\" rel=\"noopener\">GRAJ TERAZ<\/a><\/div><\/div>\n<h2>AUTOMAT KITTY GLITTER: OPCJE ZAK\u0141AD\u00d3W I POTENCJA\u0141 WYGRANYCH<\/h2>\n<p>Automat Kitty Glitter to popularny wyb\u00f3r dla graczy poszukuj\u0105cych zabawnej i ekscytuj\u0105cej rozgrywki. Jedn\u0105 z kluczowych cech tej gry jest szeroki wachlarz opcji zak\u0142ad\u00f3w, pozwalaj\u0105cy graczom dostosowa\u0107 stawki do indywidualnych preferencji i bud\u017cetu. Minimalny zak\u0142ad to zaledwie 1 kredyt, a maksymalny 300 kredyt\u00f3w \u2013 ka\u017cdy gracz znajdzie tu co\u015b dla siebie. Gra oferuje r\u00f3wnie\u017c szeroki potencja\u0142 wygranych, z szans\u0105 na wygranie nawet 1000-krotno\u015bci zak\u0142adu w jednym obrocie. Dodatkowo gra zawiera lukratywn\u0105 rund\u0119 bonusow\u0105 darmowych spin\u00f3w, kt\u00f3ra mo\u017ce prowadzi\u0107 do jeszcze wi\u0119kszych wygranych. Podsumowuj\u0105c, automat Kitty Glitter oferuje doskona\u0142\u0105 r\u00f3wnowag\u0119 mi\u0119dzy opcjami zak\u0142ad\u00f3w a potencja\u0142em wygranych, co czyni go popularnym wyborem zar\u00f3wno w\u015br\u00f3d graczy okazjonalnych, jak i zaawansowanych.<\/p>\n<p><img loading=\"lazy\" decoding=\"async\" class=\"aligncenter size-full wp-image-8698\" src=\"https:\/\/rocketplay-new.com\/wp-content\/uploads\/2025\/07\/kitty-2.webp\" alt=\"Kitty Glitter slot machine - Play Slot for Free 2\" width=\"800\" height=\"469\" srcset=\"https:\/\/rocketplay-new.com\/wp-content\/uploads\/2025\/07\/kitty-2.webp 800w, https:\/\/rocketplay-new.com\/wp-content\/uploads\/2025\/07\/kitty-2-300x176.webp 300w, https:\/\/rocketplay-new.com\/wp-content\/uploads\/2025\/07\/kitty-2-768x450.webp 768w\" sizes=\"auto, (max-width: 800px) 100vw, 800px\" \/><\/p>\n<h2>NAJCZ\u0118\u015aCIEJ ZADAWANE PYTANIA I ODPOWIEDZI \u2013 AUTOMAT KITTY GLITTER<\/h2>\n<p>Automat Kitty Glitter to popularna gra w\u015br\u00f3d graczy kasyn, ale wiele os\u00f3b ma pytania o to, jak gra\u0107 i wygrywa\u0107 du\u017ce sumy. Jednym z cz\u0119stych pyta\u0144 jest to, jak uruchomi\u0107 funkcj\u0119 darmowych spin\u00f3w. Aby to zrobi\u0107, gracze musz\u0105 trafi\u0107 na b\u0119bnach co najmniej trzy symbole scatter. Innym cz\u0119stym pytaniem jest to, jak zwi\u0119kszy\u0107 swoje szanse na wygran\u0105. Jedn\u0105 z porad jest obstawianie wszystkich linii wyp\u0142at, aby zmaksymalizowa\u0107 szanse na wygran\u0105. Gracze cz\u0119sto zastanawiaj\u0105 si\u0119 r\u00f3wnie\u017c, czy istniej\u0105 jakie\u015b symbole specjalne, kt\u00f3re mog\u0105 pom\u00f3c im wygra\u0107 du\u017ce sumy. Gra posiada symbol wild, kt\u00f3ry mo\u017ce zast\u0105pi\u0107 inne symbole, tworz\u0105c zwyci\u0119skie kombinacje. Podsumowuj\u0105c, automat Kitty Glitter oferuje mn\u00f3stwo emocji i szans na wygran\u0105, co czyni go popularnym wyborem zar\u00f3wno dla pocz\u0105tkuj\u0105cych, jak i do\u015bwiadczonych graczy.<\/p>\n","protected":false},"excerpt":{"rendered":"<p>Kitty Glitter to popularny automat do gry z uroczymi i milutkimi kocimi postaciami. Ta gra jest idealna dla mi\u0142o\u015bnik\u00f3w kot\u00f3w i oferuje ekscytuj\u0105c\u0105 rozgrywk\u0119 z szans\u0105 na wygranie du\u017cych nagr\u00f3d. Gracze mog\u0105 gra\u0107 za darmo, co pozwala im do\u015bwiadczy\u0107 zabawy i emocji bez \u017cadnego ryzyka. Dzi\u0119ki \u017cywej grafice i wci\u0105gaj\u0105cym funkcjom, Kitty Glitter z pewno\u015bci\u0105&#8230;<\/p>\n","protected":false},"author":1,"featured_media":6602,"parent":2275,"menu_order":0,"comment_status":"closed","ping_status":"closed","template":"","meta":{"_acf_changed":false,"_kad_post_transparent":"default","_kad_post_title":"default","_kad_post_layout":"default","_kad_post_sidebar_id":"","_kad_post_content_style":"default","_kad_post_vertical_padding":"default","_kad_post_feature":"","_kad_post_feature_position":"","_kad_post_header":false,"_kad_post_footer":false,"footnotes":""},"class_list":["post-8723","page","type-page","status-publish","has-post-thumbnail","hentry"],"acf":[],"rttpg_featured_image_url":{"full":["https:\/\/rocketplay-new.com\/wp-content\/uploads\/2025\/05\/kitty-glitter-slot-machine-play-slot-for-free.png",1813,786,false],"landscape":["https:\/\/rocketplay-new.com\/wp-content\/uploads\/2025\/05\/kitty-glitter-slot-machine-play-slot-for-free.png",1813,786,false],"portraits":["https:\/\/rocketplay-new.com\/wp-content\/uploads\/2025\/05\/kitty-glitter-slot-machine-play-slot-for-free.png",1813,786,false],"thumbnail":["https:\/\/rocketplay-new.com\/wp-content\/uploads\/2025\/05\/kitty-glitter-slot-machine-play-slot-for-free-150x150.png",150,150,true],"medium":["https:\/\/rocketplay-new.com\/wp-content\/uploads\/2025\/05\/kitty-glitter-slot-machine-play-slot-for-free-300x130.png",300,130,true],"large":["https:\/\/rocketplay-new.com\/wp-content\/uploads\/2025\/05\/kitty-glitter-slot-machine-play-slot-for-free-1024x444.png",1024,444,true],"1536x1536":["https:\/\/rocketplay-new.com\/wp-content\/uploads\/2025\/05\/kitty-glitter-slot-machine-play-slot-for-free-1536x666.png",1536,666,true],"2048x2048":["https:\/\/rocketplay-new.com\/wp-content\/uploads\/2025\/05\/kitty-glitter-slot-machine-play-slot-for-free.png",1813,786,false],"wppb-medium":["https:\/\/rocketplay-new.com\/wp-content\/uploads\/2025\/05\/kitty-glitter-slot-machine-play-slot-for-free-600x450.png",600,450,true]},"rttpg_author":{"display_name":"John","author_link":"https:\/\/rocketplay-new.com\/pl\/author\/pemvas95n89x\/"},"rttpg_comment":0,"rttpg_category":null,"rttpg_excerpt":"Kitty Glitter to popularny automat do gry z uroczymi i milutkimi kocimi postaciami. Ta gra jest idealna dla mi\u0142o\u015bnik\u00f3w kot\u00f3w i oferuje ekscytuj\u0105c\u0105 rozgrywk\u0119 z szans\u0105 na wygranie du\u017cych nagr\u00f3d. Gracze mog\u0105 gra\u0107 za darmo, co pozwala im do\u015bwiadczy\u0107 zabawy i emocji bez \u017cadnego ryzyka. Dzi\u0119ki \u017cywej grafice i wci\u0105gaj\u0105cym funkcjom, Kitty Glitter z pewno\u015bci\u0105...","_links":{"self":[{"href":"https:\/\/rocketplay-new.com\/pl\/wp-json\/wp\/v2\/pages\/8723","targetHints":{"allow":["GET"]}}],"collection":[{"href":"https:\/\/rocketplay-new.com\/pl\/wp-json\/wp\/v2\/pages"}],"about":[{"href":"https:\/\/rocketplay-new.com\/pl\/wp-json\/wp\/v2\/types\/page"}],"author":[{"embeddable":true,"href":"https:\/\/rocketplay-new.com\/pl\/wp-json\/wp\/v2\/users\/1"}],"replies":[{"embeddable":true,"href":"https:\/\/rocketplay-new.com\/pl\/wp-json\/wp\/v2\/comments?post=8723"}],"version-history":[{"count":2,"href":"https:\/\/rocketplay-new.com\/pl\/wp-json\/wp\/v2\/pages\/8723\/revisions"}],"predecessor-version":[{"id":8725,"href":"https:\/\/rocketplay-new.com\/pl\/wp-json\/wp\/v2\/pages\/8723\/revisions\/8725"}],"up":[{"embeddable":true,"href":"https:\/\/rocketplay-new.com\/pl\/wp-json\/wp\/v2\/pages\/2275"}],"wp:featuredmedia":[{"embeddable":true,"href":"https:\/\/rocketplay-new.com\/pl\/wp-json\/wp\/v2\/media\/6602"}],"wp:attachment":[{"href":"https:\/\/rocketplay-new.com\/pl\/wp-json\/wp\/v2\/media?parent=8723"}],"curies":[{"name":"wp","href":"https:\/\/api.w.org\/{rel}","templated":true}]}}