{"id":8660,"date":"2025-05-29T00:15:54","date_gmt":"2025-05-28T21:15:54","guid":{"rendered":"https:\/\/rocketplay-new.com\/slot-machines\/pig\/"},"modified":"2025-07-16T16:50:48","modified_gmt":"2025-07-16T13:50:48","slug":"pig","status":"publish","type":"page","link":"https:\/\/rocketplay-new.com\/pl\/slot-machines\/pig\/","title":{"rendered":"Automat do gry Pig &#8211; Graj w slot za darmo"},"content":{"rendered":"<p>Automat do gry Pig to zabawna i ekscytuj\u0105ca gra, w kt\u00f3rej gracze mog\u0105 spr\u00f3bowa\u0107 szcz\u0119\u015bcia i wygra\u0107 du\u017ce nagrody. Dzi\u0119ki \u017cywej grafice i zabawnym efektom d\u017awi\u0119kowym, automat do gry Pig oferuje ekscytuj\u0105ce wra\u017cenia, kt\u00f3re sprawiaj\u0105, \u017ce gracze wracaj\u0105 po wi\u0119cej. Najlepsze jest to, \u017ce gracze mog\u0105 gra\u0107 w sloty za darmo, co pozwala im cieszy\u0107 si\u0119 gr\u0105 bez wydawania pieni\u0119dzy. Niezale\u017cnie od tego, czy jeste\u015b do\u015bwiadczonym graczem, czy pocz\u0105tkuj\u0105cym, kt\u00f3ry chce spr\u00f3bowa\u0107 swoich si\u0142 w grach slotowych, automat do gry Pig z pewno\u015bci\u0105 zapewni godziny rozrywki i szans\u0119 na wygranie du\u017cych nagr\u00f3d.<\/p>\n<div class=\"go-btn-container\"><div class=\"tosh-btn\"><a href=\"\/go-casino\/\" target=\"_blank\" rel=\"noopener\">GRAJ TERAZ<\/a><\/div><\/div>\n<h2>PRZEGL\u0104D AUTOMATU DO GRY PIG<\/h2>\n<p>Automat do gry Pig to popularna gra z zabawnym motywem \u015bwinki. Gracze musz\u0105 kr\u0119ci\u0107 b\u0119bnami, aby dopasowa\u0107 r\u00f3\u017cne symbole zwi\u0105zane ze \u015bwink\u0105 i wygra\u0107 nagrody. Gra znana jest z jasnej i kolorowej grafiki, a tak\u017ce zabawnych i rozrywkowych efekt\u00f3w d\u017awi\u0119kowych. Opr\u00f3cz standardowej rozgrywki na automacie, automat Pig oferuje r\u00f3wnie\u017c rundy bonusowe i funkcje specjalne, kt\u00f3re zwi\u0119kszaj\u0105 szanse gracza na du\u017c\u0105 wygran\u0105. Dzi\u0119ki uroczym postaciom \u015bwinek i emocjonuj\u0105cej rozgrywce, automat Pig cieszy si\u0119 ogromn\u0105 popularno\u015bci\u0105 w\u015br\u00f3d entuzjast\u00f3w kasyn w ka\u017cdym wieku. Niezale\u017cnie od tego, czy jeste\u015b do\u015bwiadczonym graczem, czy nowicjuszem w \u015bwiecie hazardu, automat Pig z pewno\u015bci\u0105 zapewni Ci godziny rozrywki i emocji.<\/p>\n<p><img loading=\"lazy\" decoding=\"async\" class=\"aligncenter size-full wp-image-8639\" src=\"https:\/\/rocketplay-new.com\/wp-content\/uploads\/2025\/07\/pig-slot-2.webp\" alt=\"Pig slot machine - Play Slot for Free 2\" width=\"800\" height=\"265\" srcset=\"https:\/\/rocketplay-new.com\/wp-content\/uploads\/2025\/07\/pig-slot-2.webp 800w, https:\/\/rocketplay-new.com\/wp-content\/uploads\/2025\/07\/pig-slot-2-300x99.webp 300w, https:\/\/rocketplay-new.com\/wp-content\/uploads\/2025\/07\/pig-slot-2-768x254.webp 768w\" sizes=\"auto, (max-width: 800px) 100vw, 800px\" \/><\/p>\n<h2>AUTOMAT DO GRY Pig: TEMAT, GRAFIKA I MUZYKA<\/h2>\n<p>Automat do gry Pig to popularna i dowcipna gra kasynowa, kt\u00f3rej zabawny i radosny motyw przewodni koncentruje si\u0119 wok\u00f3\u0142 uroczych, kresk\u00f3wkowych \u015bwinek. Grafika gry jest jasna i kolorowa, z uroczymi symbolami \u015bwinek obracaj\u0105cymi si\u0119 na b\u0119bnach i weso\u0142ymi animacjami, kt\u00f3re o\u017cywiaj\u0105 \u015bwinki. Og\u00f3lny projekt automatu jest lekki i anga\u017cuj\u0105cy, tworz\u0105c przyjazn\u0105 i rozrywkow\u0105 atmosfer\u0119 dla graczy. Muzyka towarzysz\u0105ca grze jest energiczna i wpadaj\u0105ca w ucho, dodaj\u0105c emocji i energii. Efekty d\u017awi\u0119kowe obracaj\u0105cych si\u0119 b\u0119bn\u00f3w i wygrywaj\u0105cych kombinacji pot\u0119guj\u0105 immersj\u0119 w grze, czyni\u0105c j\u0105 prawdziwie przyjemnym i niezapomnianym do\u015bwiadczeniem dla graczy w ka\u017cdym wieku. Podsumowuj\u0105c, automat do gry Pig to urocza i wci\u0105gaj\u0105ca gra, kt\u00f3ra \u0142\u0105czy w sobie uroczy motyw przewodni, anga\u017cuj\u0105c\u0105 grafik\u0119 i \u017cywio\u0142ow\u0105 muzyk\u0119, tworz\u0105c przyjemne i anga\u017cuj\u0105ce do\u015bwiadczenie kasynowe.<\/p>\n<h2>JAK GRA\u0106 NA AUTOMACIE DO GRY Pig<\/h2>\n<p>Gra na automacie do gry Pig to przyjemne i ekscytuj\u0105ce do\u015bwiadczenie, kt\u00f3re mo\u017ce potencjalnie prowadzi\u0107 do du\u017cych wygranych. Aby rozpocz\u0105\u0107 gr\u0119, w\u0142\u00f3\u017c pieni\u0105dze lub voucher do automatu i wybierz \u017c\u0105dan\u0105 kwot\u0119 zak\u0142adu. Po postawieniu zak\u0142adu naci\u015bnij przycisk \u201eSpin\u201d i obserwuj, jak b\u0119bny zaczynaj\u0105 si\u0119 kr\u0119ci\u0107. Celem gry jest dopasowanie symboli na b\u0119bnach, aby wygra\u0107 wygran\u0105. Zwr\u00f3\u0107 uwag\u0119 na specjalne symbole bonusowe, takie jak \u015awinka Skarbonka lub \u015awinka Wild, kt\u00f3re mog\u0105 zwi\u0119kszy\u0107 Twoje szanse na du\u017c\u0105 wygran\u0105. Dodatkowo, niekt\u00f3re automaty mog\u0105 oferowa\u0107 rundy bonusowe lub minigry, kt\u00f3re mog\u0105 dodatkowo zwi\u0119kszy\u0107 Twoje wygrane. Pami\u0119taj, aby zawsze gra\u0107 odpowiedzialnie i ustali\u0107 bud\u017cet przed rozpocz\u0119ciem gry, aby zapewni\u0107 sobie dobr\u0105 zabaw\u0119 i przyjemne wra\u017cenia.<\/p>\n<div class=\"go-btn-container\"><div class=\"tosh-btn\"><a href=\"\/go-casino\/\" target=\"_blank\" rel=\"noopener\">GRAJ TERAZ<\/a><\/div><\/div>\n<h2>AUTOMAT Pig: OPCJE ZAK\u0141AD\u00d3W I POTENCJA\u0141 WYGRANYCH<\/h2>\n<p>Automat Pig to popularna gra w kasynach i na platformach hazardowych online ze wzgl\u0119du na zabawny motyw i ekscytuj\u0105c\u0105 rozgrywk\u0119. Gracze maj\u0105 do wyboru wiele opcji zak\u0142ad\u00f3w, graj\u0105c na automacie Pig, co pozwala im dostosowa\u0107 stawk\u0119 do bud\u017cetu i tolerancji ryzyka. Stawki zak\u0142ad\u00f3w wahaj\u0105 si\u0119 zazwyczaj od kilku cent\u00f3w do kilku dolar\u00f3w za obr\u00f3t, daj\u0105c graczom elastyczno\u015b\u0107 w obstawianiu zachowawczo lub d\u0105\u017ceniu do du\u017cej wygranej. Potencja\u0142 wygranych na automacie Pig jest r\u00f3wnie\u017c imponuj\u0105cy \u2013 gracze maj\u0105 szans\u0119 na wygranie jackpot\u00f3w od kilkuset do kilku tysi\u0119cy dolar\u00f3w. Opr\u00f3cz jackpot\u00f3w, gracze mog\u0105 r\u00f3wnie\u017c wygra\u0107 mniejsze nagrody w rundach bonusowych, darmowych spinach i innych funkcjach w grze. Podsumowuj\u0105c, automat Pig oferuje ekscytuj\u0105ce i potencjalnie lukratywne wra\u017cenia z gry dla graczy na ka\u017cdym poziomie zaawansowania.<\/p>\n<p><img loading=\"lazy\" decoding=\"async\" class=\"aligncenter size-full wp-image-8630\" src=\"https:\/\/rocketplay-new.com\/wp-content\/uploads\/2025\/07\/pig-slot-1.webp\" alt=\"Pig slot machine - Play Slot for Free\" width=\"800\" height=\"339\" srcset=\"https:\/\/rocketplay-new.com\/wp-content\/uploads\/2025\/07\/pig-slot-1.webp 800w, https:\/\/rocketplay-new.com\/wp-content\/uploads\/2025\/07\/pig-slot-1-300x127.webp 300w, https:\/\/rocketplay-new.com\/wp-content\/uploads\/2025\/07\/pig-slot-1-768x325.webp 768w\" sizes=\"auto, (max-width: 800px) 100vw, 800px\" \/><\/p>\n<h2>NAJCZ\u0118\u015aCIEJ ZADAWANE PYTANIA I ODPOWIEDZI \u2013 AUTOMAT DO GRY pig<\/h2>\n<p>Automat do gry Pig to popularna gra, dost\u0119pna w wielu kasynach i na stronach z grami online. Jednym z cz\u0119stych pyta\u0144 graczy jest to, jak wygra\u0107 du\u017ce pieni\u0105dze na automacie do gry Pig. Odpowied\u017a na to pytanie brzmi: wynik ka\u017cdego obrotu jest ca\u0142kowicie losowy, wi\u0119c nie ma niezawodnego sposobu na zagwarantowanie du\u017cej wygranej. Kolejnym cz\u0119stym pytaniem jest, czy istniej\u0105 jakie\u015b strategie, kt\u00f3re mog\u0105 zwi\u0119kszy\u0107 szanse na wygran\u0105 na automacie do gry Pig. Chocia\u017c niekt\u00f3rzy gracze wierz\u0105 w okre\u015blone strategie, takie jak obstawianie okre\u015blonej kwoty lub gra o okre\u015blonych porach dnia, prawda jest taka, \u017ce strategie te nie maj\u0105 wp\u0142ywu na wynik gry. Ostatecznie najlepszym sposobem na czerpanie przyjemno\u015bci z gry na automacie do gry Pig jest odpowiedzialna gra i dobra zabawa, jednocze\u015bnie pr\u00f3buj\u0105c szcz\u0119\u015bcia w walce o du\u017ce wygrane.<\/p>\n","protected":false},"excerpt":{"rendered":"<p>Automat do gry Pig to zabawna i ekscytuj\u0105ca gra, w kt\u00f3rej gracze mog\u0105 spr\u00f3bowa\u0107 szcz\u0119\u015bcia i wygra\u0107 du\u017ce nagrody. Dzi\u0119ki \u017cywej grafice i zabawnym efektom d\u017awi\u0119kowym, automat do gry Pig oferuje ekscytuj\u0105ce wra\u017cenia, kt\u00f3re sprawiaj\u0105, \u017ce gracze wracaj\u0105 po wi\u0119cej. Najlepsze jest to, \u017ce gracze mog\u0105 gra\u0107 w sloty za darmo, co pozwala im cieszy\u0107&#8230;<\/p>\n","protected":false},"author":1,"featured_media":6573,"parent":2275,"menu_order":0,"comment_status":"closed","ping_status":"closed","template":"","meta":{"_acf_changed":false,"_kad_post_transparent":"default","_kad_post_title":"default","_kad_post_layout":"default","_kad_post_sidebar_id":"","_kad_post_content_style":"default","_kad_post_vertical_padding":"default","_kad_post_feature":"","_kad_post_feature_position":"","_kad_post_header":false,"_kad_post_footer":false,"footnotes":""},"class_list":["post-8660","page","type-page","status-publish","has-post-thumbnail","hentry"],"acf":[],"rttpg_featured_image_url":{"full":["https:\/\/rocketplay-new.com\/wp-content\/uploads\/2025\/05\/pig-slot-machine-play-slot-for-free.png",1052,582,false],"landscape":["https:\/\/rocketplay-new.com\/wp-content\/uploads\/2025\/05\/pig-slot-machine-play-slot-for-free.png",1052,582,false],"portraits":["https:\/\/rocketplay-new.com\/wp-content\/uploads\/2025\/05\/pig-slot-machine-play-slot-for-free.png",1052,582,false],"thumbnail":["https:\/\/rocketplay-new.com\/wp-content\/uploads\/2025\/05\/pig-slot-machine-play-slot-for-free-150x150.png",150,150,true],"medium":["https:\/\/rocketplay-new.com\/wp-content\/uploads\/2025\/05\/pig-slot-machine-play-slot-for-free-300x166.png",300,166,true],"large":["https:\/\/rocketplay-new.com\/wp-content\/uploads\/2025\/05\/pig-slot-machine-play-slot-for-free-1024x567.png",1024,567,true],"1536x1536":["https:\/\/rocketplay-new.com\/wp-content\/uploads\/2025\/05\/pig-slot-machine-play-slot-for-free.png",1052,582,false],"2048x2048":["https:\/\/rocketplay-new.com\/wp-content\/uploads\/2025\/05\/pig-slot-machine-play-slot-for-free.png",1052,582,false],"wppb-medium":["https:\/\/rocketplay-new.com\/wp-content\/uploads\/2025\/05\/pig-slot-machine-play-slot-for-free-600x450.png",600,450,true]},"rttpg_author":{"display_name":"John","author_link":"https:\/\/rocketplay-new.com\/pl\/author\/pemvas95n89x\/"},"rttpg_comment":0,"rttpg_category":null,"rttpg_excerpt":"Automat do gry Pig to zabawna i ekscytuj\u0105ca gra, w kt\u00f3rej gracze mog\u0105 spr\u00f3bowa\u0107 szcz\u0119\u015bcia i wygra\u0107 du\u017ce nagrody. Dzi\u0119ki \u017cywej grafice i zabawnym efektom d\u017awi\u0119kowym, automat do gry Pig oferuje ekscytuj\u0105ce wra\u017cenia, kt\u00f3re sprawiaj\u0105, \u017ce gracze wracaj\u0105 po wi\u0119cej. Najlepsze jest to, \u017ce gracze mog\u0105 gra\u0107 w sloty za darmo, co pozwala im cieszy\u0107...","_links":{"self":[{"href":"https:\/\/rocketplay-new.com\/pl\/wp-json\/wp\/v2\/pages\/8660","targetHints":{"allow":["GET"]}}],"collection":[{"href":"https:\/\/rocketplay-new.com\/pl\/wp-json\/wp\/v2\/pages"}],"about":[{"href":"https:\/\/rocketplay-new.com\/pl\/wp-json\/wp\/v2\/types\/page"}],"author":[{"embeddable":true,"href":"https:\/\/rocketplay-new.com\/pl\/wp-json\/wp\/v2\/users\/1"}],"replies":[{"embeddable":true,"href":"https:\/\/rocketplay-new.com\/pl\/wp-json\/wp\/v2\/comments?post=8660"}],"version-history":[{"count":2,"href":"https:\/\/rocketplay-new.com\/pl\/wp-json\/wp\/v2\/pages\/8660\/revisions"}],"predecessor-version":[{"id":8662,"href":"https:\/\/rocketplay-new.com\/pl\/wp-json\/wp\/v2\/pages\/8660\/revisions\/8662"}],"up":[{"embeddable":true,"href":"https:\/\/rocketplay-new.com\/pl\/wp-json\/wp\/v2\/pages\/2275"}],"wp:featuredmedia":[{"embeddable":true,"href":"https:\/\/rocketplay-new.com\/pl\/wp-json\/wp\/v2\/media\/6573"}],"wp:attachment":[{"href":"https:\/\/rocketplay-new.com\/pl\/wp-json\/wp\/v2\/media?parent=8660"}],"curies":[{"name":"wp","href":"https:\/\/api.w.org\/{rel}","templated":true}]}}