{"id":8602,"date":"2025-05-29T00:04:26","date_gmt":"2025-05-28T21:04:26","guid":{"rendered":"https:\/\/rocketplay-new.com\/slot-machines\/buffalo-gold\/"},"modified":"2025-07-14T16:24:43","modified_gmt":"2025-07-14T13:24:43","slug":"buffalo-gold","status":"publish","type":"page","link":"https:\/\/rocketplay-new.com\/pl\/slot-machines\/buffalo-gold\/","title":{"rendered":"Automat do gry Buffalo Gold \u2013 graj w automaty za darmo"},"content":{"rendered":"<p>Automat do gry Buffalo Gold to popularna gra, kt\u00f3ra oferuje graczom szans\u0119 na du\u017ce wygrane dzi\u0119ki ekscytuj\u0105cym funkcjom i bonusom. Dzi\u0119ki kultowemu motywowi bizona i zachwycaj\u0105cej grafice, gracze przenosz\u0105 si\u0119 na Dziki Zach\u00f3d, kr\u0119c\u0105c b\u0119bnami w poszukiwaniu bogactw. Gra oferuje darmowe spiny, mno\u017cniki i szans\u0119 na wygranie progresywnego jackpota. Gracze mog\u0105 spr\u00f3bowa\u0107 szcz\u0119\u015bcia na tym ekscytuj\u0105cym automacie za darmo, co pozwala im do\u015bwiadczy\u0107 ca\u0142ej emocji bez ryzykowania pieni\u0119dzy. Niezale\u017cnie od tego, czy jeste\u015b do\u015bwiadczonym graczem, czy nowicjuszem w grach slotowych, Buffalo Gold oferuje zabaw\u0119 i satysfakcjonuj\u0105ce wra\u017cenia dla ka\u017cdego.<\/p>\n<div class=\"go-btn-container\"><div class=\"tosh-btn\"><a href=\"\/go-casino\/\" target=\"_blank\" rel=\"noopener\">GRAJ TERAZ<\/a><\/div><\/div>\n<h2>PRZEGL\u0104D AUTOMATU DO GRY BUFFALO GOLD<\/h2>\n<p>Buffalo Gold to popularna gra slotowa, kt\u00f3ra zyska\u0142a ogromn\u0105 popularno\u015b\u0107 w kasynach na ca\u0142ym \u015bwiecie. Ta gra, opracowana przez Aristocrat Gaming, jest wariacj\u0105 na temat oryginalnego automatu Buffalo, ale z dodatkowymi funkcjami i bonusami, kt\u00f3re czyni\u0105 j\u0105 jeszcze bardziej ekscytuj\u0105c\u0105. Motywem przewodnim gry s\u0105 dzikie zwierz\u0119ta, a na b\u0119bnach pojawiaj\u0105 si\u0119 symbole takie jak bawo\u0142y, or\u0142y, wilki i pumy. G\u0142\u00f3wn\u0105 atrakcj\u0105 Buffalo Gold jest runda bonusowa darmowych spin\u00f3w, w kt\u00f3rej gracze mog\u0105 wygra\u0107 du\u017ce wygrane, trafiaj\u0105c na b\u0119bny symbole z\u0142otych bawo\u0142\u00f3w. Dodatkowo, gra oferuje funkcj\u0119 jackpota, kt\u00f3ra mo\u017ce zapewni\u0107 graczom ogromne wygrane. Dzi\u0119ki osza\u0142amiaj\u0105cej grafice, wci\u0105gaj\u0105cym efektom d\u017awi\u0119kowym i ekscytuj\u0105cej rozgrywce, Buffalo Gold sta\u0142 si\u0119 ulubionym automatem w\u015br\u00f3d mi\u0142o\u015bnik\u00f3w gier poszukuj\u0105cych emocjonuj\u0105cych wra\u017ce\u0144.<\/p>\n<p><img loading=\"lazy\" decoding=\"async\" class=\"aligncenter size-full wp-image-8570\" src=\"https:\/\/rocketplay-new.com\/wp-content\/uploads\/2025\/07\/buffalo-gold-1.webp\" alt=\"Buffalo Gold slot machine - Play Slot for Free\" width=\"800\" height=\"525\" srcset=\"https:\/\/rocketplay-new.com\/wp-content\/uploads\/2025\/07\/buffalo-gold-1.webp 800w, https:\/\/rocketplay-new.com\/wp-content\/uploads\/2025\/07\/buffalo-gold-1-300x197.webp 300w, https:\/\/rocketplay-new.com\/wp-content\/uploads\/2025\/07\/buffalo-gold-1-768x504.webp 768w\" sizes=\"auto, (max-width: 800px) 100vw, 800px\" \/><\/p>\n<h2>AUTOMAT DO GRY BUFFALO GOLD: TEMAT, GRAFIKA I MUZYKA<\/h2>\n<p>Automat do gry Buffalo Gold to popularna gra w kasynach na ca\u0142ym \u015bwiecie, znana z ekscytuj\u0105cego motywu, osza\u0142amiaj\u0105cej grafiki i porywaj\u0105cej muzyki. Motywem przewodnim gry jest majestatyczny bizon, symbol si\u0142y i odporno\u015bci w kulturze rdzennych Amerykan\u00f3w. Symbole na b\u0119bnach to nie tylko bizon, ale tak\u017ce inne kultowe symbole Dzikiego Zachodu, takie jak or\u0142y, wilki i pumy. Oprawa graficzna gry jest naprawd\u0119 imponuj\u0105ca, a wysokiej jako\u015bci grafika o\u017cywia motyw przewodni w najdrobniejszych szczeg\u00f3\u0142ach. T\u0142o gry stanowi pi\u0119kny zach\u00f3d s\u0142o\u0144ca nad r\u00f3wninami, co dodatkowo pot\u0119guje immersyjne wra\u017cenia graczy. Muzyka w Buffalo Gold jest r\u00f3wnie\u017c kluczowym elementem atrakcyjno\u015bci gry, a porywaj\u0105ca \u015bcie\u017cka d\u017awi\u0119kowa pot\u0119guje emocje i napi\u0119cie podczas ka\u017cdego obrotu. Po\u0142\u0105czenie motywu przewodniego, oprawy wizualnej i muzyki gry tworzy prawdziwie wci\u0105gaj\u0105ce wra\u017cenia, kt\u00f3re sprawiaj\u0105, \u017ce gracze wracaj\u0105 po wi\u0119cej.<\/p>\n<h2>JAK GRA\u0106 NA AUTOMACIE BUFFALO GOLD<\/h2>\n<p>Buffalo Gold to popularny automat do gry, dost\u0119pny w wielu kasynach. Aby zagra\u0107, gracze musz\u0105 najpierw w\u0142o\u017cy\u0107 pieni\u0105dze lub \u015brodki kasyna do automatu. Po za\u0142adowaniu \u015brodk\u00f3w gracze mog\u0105 wybra\u0107 kwot\u0119 zak\u0142adu i nacisn\u0105\u0107 przycisk spin, aby rozpocz\u0105\u0107 gr\u0119. Celem gry Buffalo Gold jest dopasowanie symboli na b\u0119bnach, aby wygra\u0107 nagrody. Gra oferuje r\u00f3\u017cnorodne symbole, w tym kultowego bawo\u0142a, kt\u00f3ry jest symbolem Wild. Trafienie trzech lub wi\u0119cej symboli scatter uruchamia rund\u0119 bonusow\u0105 darmowych spin\u00f3w, w kt\u00f3rej gracze maj\u0105 szans\u0119 na wygranie du\u017cych nagr\u00f3d. Dodatkowo gra oferuje progresywny jackpot, kt\u00f3ry mo\u017cna losowo wygra\u0107 w trakcie rozgrywki. Og\u00f3lnie rzecz bior\u0105c, Buffalo Gold to zabawna i ekscytuj\u0105ca gra na automacie, kt\u00f3ra oferuje szans\u0119 na wygranie du\u017cych nagr\u00f3d przy ka\u017cdym obrocie.<\/p>\n<div class=\"go-btn-container\"><div class=\"tosh-btn\"><a href=\"\/go-casino\/\" target=\"_blank\" rel=\"noopener\">GRAJ TERAZ<\/a><\/div><\/div>\n<h2>AUTOMAT DO GRY BUFFALO GOLD: OPCJE ZAK\u0141AD\u00d3W I POTENCJA\u0141 WYGRANYCH<\/h2>\n<p>Automat do gry Buffalo Gold cieszy si\u0119 popularno\u015bci\u0105 w\u015br\u00f3d graczy kasynowych ze wzgl\u0119du na ekscytuj\u0105c\u0105 rozgrywk\u0119 i potencja\u0142 du\u017cych wygranych. Jedn\u0105 z kluczowych cech tej gry s\u0105 opcje zak\u0142ad\u00f3w, kt\u00f3re odpowiadaj\u0105 szerokiemu gronu graczy. Z minimalnym zak\u0142adem wynosz\u0105cym zaledwie 0,40 USD i maksymalnym zak\u0142adem wynosz\u0105cym 3,20 USD, gracze mog\u0105 wybra\u0107 stawk\u0119 w oparciu o sw\u00f3j bud\u017cet i tolerancj\u0119 ryzyka. Ta elastyczno\u015b\u0107 pozwala zar\u00f3wno okazjonalnym graczom, jak i high rollerom cieszy\u0107 si\u0119 gr\u0105 i mie\u0107 szans\u0119 na du\u017c\u0105 wygran\u0105.<\/p>\n<p>Je\u015bli chodzi o potencja\u0142 wygranych, automat do gry Buffalo Gold oferuje graczom szans\u0119 na wygranie nawet 1000-krotno\u015bci swojej stawki w jednym obrocie. Ten wysoki potencja\u0142 wyp\u0142at jest jednym z powod\u00f3w, dla kt\u00f3rych gracze s\u0105 tak zainteresowani t\u0105 gr\u0105. Dodatkowo, gra oferuje rund\u0119 bonusow\u0105, w kt\u00f3rej gracze mog\u0105 wygra\u0107 darmowe spiny i mno\u017cniki, zwi\u0119kszaj\u0105c swoje szanse na trafienie du\u017cej wygranej. Dzi\u0119ki wysokiemu wska\u017anikowi RTP (zwrotu dla gracza) wynosz\u0105cemu oko\u0142o 94%, gracze maj\u0105 spore szanse na wygran\u0105 po zagraniu na automacie Buffalo Gold.<\/p>\n<p>Og\u00f3lnie rzecz bior\u0105c, automat Buffalo Gold oferuje ekscytuj\u0105ce i satysfakcjonuj\u0105ce wra\u017cenia z gry dla graczy na ka\u017cdym poziomie zaawansowania. Dzi\u0119ki szerokiej gamie opcji zak\u0142ad\u00f3w i wysokiemu potencja\u0142owi wygranych, gra ta jest popularnym wyborem w\u015br\u00f3d entuzjast\u00f3w kasyn, kt\u00f3rzy chc\u0105 spr\u00f3bowa\u0107 szcz\u0119\u015bcia i potencjalnie wygra\u0107 du\u017c\u0105 wygran\u0105. Niezale\u017cnie od tego, czy jeste\u015b graczem okazjonalnym szukaj\u0105cym rozrywki, czy high rollerem poluj\u0105cym na du\u017ce wygrane, automat Buffalo Gold ma co\u015b do zaoferowania ka\u017cdemu.<\/p>\n<p><img loading=\"lazy\" decoding=\"async\" class=\"aligncenter size-full wp-image-8579\" src=\"https:\/\/rocketplay-new.com\/wp-content\/uploads\/2025\/07\/buffalo-gold-2.webp\" alt=\"Buffalo Gold slot machine - Play Slot for Free 2\" width=\"800\" height=\"347\" srcset=\"https:\/\/rocketplay-new.com\/wp-content\/uploads\/2025\/07\/buffalo-gold-2.webp 800w, https:\/\/rocketplay-new.com\/wp-content\/uploads\/2025\/07\/buffalo-gold-2-300x130.webp 300w, https:\/\/rocketplay-new.com\/wp-content\/uploads\/2025\/07\/buffalo-gold-2-768x333.webp 768w\" sizes=\"auto, (max-width: 800px) 100vw, 800px\" \/><\/p>\n<h2>NAJCZ\u0118\u015aCIEJ ZADAWANE PYTANIA I ODPOWIEDZI \u2013 AUTOMAT DO GRY BUFFALO GOLD<\/h2>\n<p>Automat do gry Buffalo Gold to popularna gra w kasynach w ca\u0142ym kraju, znana z emocjonuj\u0105cej rozgrywki i wysokich wyp\u0142at. Jednym z cz\u0119stych pyta\u0144 graczy jest to, jak uruchomi\u0107 rund\u0119 bonusow\u0105 w tej grze. Aby uruchomi\u0107 rund\u0119 bonusow\u0105 w Buffalo Gold, gracze musz\u0105 trafi\u0107 na b\u0119bnach co najmniej trzy symbole scatter. Po aktywacji rundy bonusowej gracze mog\u0105 wygra\u0107 darmowe spiny i mno\u017cniki, zwi\u0119kszaj\u0105c swoje szanse na trafienie du\u017cej kumulacji. Kolejnym cz\u0119stym pytaniem jest to, czy gra jest uczciwa i losowa. Jak wszystkie automaty do gry, Buffalo Gold wykorzystuje generator liczb losowych do okre\u015blania wyniku ka\u017cdego spinu, zapewniaj\u0105c uczciwo\u015b\u0107 i obiektywno\u015b\u0107 gry. Gracze mog\u0105 by\u0107 pewni, \u017ce maj\u0105 uczciwe szanse na wygran\u0105 graj\u0105c na tym popularnym automacie.<\/p>\n","protected":false},"excerpt":{"rendered":"<p>Automat do gry Buffalo Gold to popularna gra, kt\u00f3ra oferuje graczom szans\u0119 na du\u017ce wygrane dzi\u0119ki ekscytuj\u0105cym funkcjom i bonusom. Dzi\u0119ki kultowemu motywowi bizona i zachwycaj\u0105cej grafice, gracze przenosz\u0105 si\u0119 na Dziki Zach\u00f3d, kr\u0119c\u0105c b\u0119bnami w poszukiwaniu bogactw. Gra oferuje darmowe spiny, mno\u017cniki i szans\u0119 na wygranie progresywnego jackpota. Gracze mog\u0105 spr\u00f3bowa\u0107 szcz\u0119\u015bcia na tym&#8230;<\/p>\n","protected":false},"author":1,"featured_media":6544,"parent":2275,"menu_order":0,"comment_status":"closed","ping_status":"closed","template":"single-no-sidebar.php","meta":{"_acf_changed":false,"_kad_post_transparent":"default","_kad_post_title":"default","_kad_post_layout":"default","_kad_post_sidebar_id":"","_kad_post_content_style":"default","_kad_post_vertical_padding":"default","_kad_post_feature":"","_kad_post_feature_position":"","_kad_post_header":false,"_kad_post_footer":false,"footnotes":""},"class_list":["post-8602","page","type-page","status-publish","has-post-thumbnail","hentry"],"acf":[],"rttpg_featured_image_url":{"full":["https:\/\/rocketplay-new.com\/wp-content\/uploads\/2025\/05\/buffalo-gold-slot-machine-play-slot-for-free.png",1028,636,false],"landscape":["https:\/\/rocketplay-new.com\/wp-content\/uploads\/2025\/05\/buffalo-gold-slot-machine-play-slot-for-free.png",1028,636,false],"portraits":["https:\/\/rocketplay-new.com\/wp-content\/uploads\/2025\/05\/buffalo-gold-slot-machine-play-slot-for-free.png",1028,636,false],"thumbnail":["https:\/\/rocketplay-new.com\/wp-content\/uploads\/2025\/05\/buffalo-gold-slot-machine-play-slot-for-free-150x150.png",150,150,true],"medium":["https:\/\/rocketplay-new.com\/wp-content\/uploads\/2025\/05\/buffalo-gold-slot-machine-play-slot-for-free-300x186.png",300,186,true],"large":["https:\/\/rocketplay-new.com\/wp-content\/uploads\/2025\/05\/buffalo-gold-slot-machine-play-slot-for-free-1024x634.png",1024,634,true],"1536x1536":["https:\/\/rocketplay-new.com\/wp-content\/uploads\/2025\/05\/buffalo-gold-slot-machine-play-slot-for-free.png",1028,636,false],"2048x2048":["https:\/\/rocketplay-new.com\/wp-content\/uploads\/2025\/05\/buffalo-gold-slot-machine-play-slot-for-free.png",1028,636,false],"wppb-medium":["https:\/\/rocketplay-new.com\/wp-content\/uploads\/2025\/05\/buffalo-gold-slot-machine-play-slot-for-free-600x450.png",600,450,true]},"rttpg_author":{"display_name":"John","author_link":"https:\/\/rocketplay-new.com\/pl\/author\/pemvas95n89x\/"},"rttpg_comment":0,"rttpg_category":null,"rttpg_excerpt":"Automat do gry Buffalo Gold to popularna gra, kt\u00f3ra oferuje graczom szans\u0119 na du\u017ce wygrane dzi\u0119ki ekscytuj\u0105cym funkcjom i bonusom. Dzi\u0119ki kultowemu motywowi bizona i zachwycaj\u0105cej grafice, gracze przenosz\u0105 si\u0119 na Dziki Zach\u00f3d, kr\u0119c\u0105c b\u0119bnami w poszukiwaniu bogactw. Gra oferuje darmowe spiny, mno\u017cniki i szans\u0119 na wygranie progresywnego jackpota. Gracze mog\u0105 spr\u00f3bowa\u0107 szcz\u0119\u015bcia na tym...","_links":{"self":[{"href":"https:\/\/rocketplay-new.com\/pl\/wp-json\/wp\/v2\/pages\/8602","targetHints":{"allow":["GET"]}}],"collection":[{"href":"https:\/\/rocketplay-new.com\/pl\/wp-json\/wp\/v2\/pages"}],"about":[{"href":"https:\/\/rocketplay-new.com\/pl\/wp-json\/wp\/v2\/types\/page"}],"author":[{"embeddable":true,"href":"https:\/\/rocketplay-new.com\/pl\/wp-json\/wp\/v2\/users\/1"}],"replies":[{"embeddable":true,"href":"https:\/\/rocketplay-new.com\/pl\/wp-json\/wp\/v2\/comments?post=8602"}],"version-history":[{"count":1,"href":"https:\/\/rocketplay-new.com\/pl\/wp-json\/wp\/v2\/pages\/8602\/revisions"}],"predecessor-version":[{"id":8603,"href":"https:\/\/rocketplay-new.com\/pl\/wp-json\/wp\/v2\/pages\/8602\/revisions\/8603"}],"up":[{"embeddable":true,"href":"https:\/\/rocketplay-new.com\/pl\/wp-json\/wp\/v2\/pages\/2275"}],"wp:featuredmedia":[{"embeddable":true,"href":"https:\/\/rocketplay-new.com\/pl\/wp-json\/wp\/v2\/media\/6544"}],"wp:attachment":[{"href":"https:\/\/rocketplay-new.com\/pl\/wp-json\/wp\/v2\/media?parent=8602"}],"curies":[{"name":"wp","href":"https:\/\/api.w.org\/{rel}","templated":true}]}}