{"id":8555,"date":"2025-05-28T23:59:09","date_gmt":"2025-05-28T20:59:09","guid":{"rendered":"https:\/\/rocketplay-new.com\/slot-machines\/dragon\/"},"modified":"2025-07-14T15:54:11","modified_gmt":"2025-07-14T12:54:11","slug":"dragon","status":"publish","type":"page","link":"https:\/\/rocketplay-new.com\/pl\/slot-machines\/dragon\/","title":{"rendered":"Automat do gry Dragon \u2013 graj w slot za darmo"},"content":{"rendered":"<p>Automat Dragon to popularna gra online, kt\u00f3ra oferuje graczom szans\u0119 na du\u017ce wygrane dzi\u0119ki ekscytuj\u0105cej rozgrywce i kolorowej grafice. Dzi\u0119ki symbolom z motywem smoka i funkcjom bonusowym gracze mog\u0105 zanurzy\u0107 si\u0119 w mistycznym \u015bwiecie pe\u0142nym emocji i przyg\u00f3d. Najlepsze jest to, \u017ce gracze mog\u0105 gra\u0107 w ten automat za darmo, co pozwala im do\u015bwiadczy\u0107 wszystkich emocji bez ryzykowania prawdziwych pieni\u0119dzy. Niezale\u017cnie od tego, czy jeste\u015b do\u015bwiadczonym graczem, czy nowicjuszem, kt\u00f3ry chce spr\u00f3bowa\u0107 szcz\u0119\u015bcia, automat Dragon z pewno\u015bci\u0105 zapewni godziny rozrywki i szans\u0119 na wygranie imponuj\u0105cych nagr\u00f3d.<\/p>\n<div class=\"go-btn-container\"><div class=\"tosh-btn\"><a href=\"\/go-casino\/\" target=\"_blank\" rel=\"noopener\">GRAJ TERAZ<\/a><\/div><\/div>\n<h2>PRZEGL\u0104D AUTOMATU DRAGON<\/h2>\n<p>Automat Dragon to popularna i ekscytuj\u0105ca gra, kt\u00f3r\u0105 mo\u017cna znale\u017a\u0107 w wielu kasynach i na platformach gier online. Ten automat o tematyce smok\u00f3w charakteryzuje si\u0119 \u017cyw\u0105 grafik\u0105 i animacjami smok\u00f3w, a tak\u017ce symbolami takimi jak skrzynie ze skarbami, klejnoty i ziej\u0105ce ogniem smoki. Gra zazwyczaj ma pi\u0119\u0107 b\u0119bn\u00f3w i wiele linii wyp\u0142at, oferuj\u0105c graczom wiele sposob\u00f3w na wygran\u0105. Funkcje bonusowe, takie jak darmowe spiny, symbole Wild i minigry, dodaj\u0105 emocji i zapewniaj\u0105 graczom rozrywk\u0119 na wiele godzin. Automat Dragon s\u0142ynie z wysokiej jako\u015bci rozgrywki i wci\u0105gaj\u0105cych wra\u017ce\u0144, co czyni go ulubionym automatem w\u015br\u00f3d entuzjast\u00f3w gier slotowych. Niezale\u017cnie od tego, czy jeste\u015b do\u015bwiadczonym graczem, czy nowicjuszem w \u015bwiecie automat\u00f3w, automat Dragon oferuje ekscytuj\u0105ce i satysfakcjonuj\u0105ce wra\u017cenia z gry, kt\u00f3re z pewno\u015bci\u0105 zainteresuj\u0105 graczy na ka\u017cdym poziomie zaawansowania.<\/p>\n<p><img loading=\"lazy\" decoding=\"async\" class=\"aligncenter size-full wp-image-8517\" src=\"https:\/\/rocketplay-new.com\/wp-content\/uploads\/2025\/07\/dragon-slot-1.webp\" alt=\"Dragon slot machine - Play Slot for Free\" width=\"800\" height=\"447\" srcset=\"https:\/\/rocketplay-new.com\/wp-content\/uploads\/2025\/07\/dragon-slot-1.webp 800w, https:\/\/rocketplay-new.com\/wp-content\/uploads\/2025\/07\/dragon-slot-1-300x168.webp 300w, https:\/\/rocketplay-new.com\/wp-content\/uploads\/2025\/07\/dragon-slot-1-768x429.webp 768w\" sizes=\"auto, (max-width: 800px) 100vw, 800px\" \/><\/p>\n<h2>AUTOMAT DO GRY DRAGON: TEMAT, GRAFIKA I MUZYKA<\/h2>\n<p>Automat do gry Dragon to popularna gra o urzekaj\u0105cym motywie, osza\u0142amiaj\u0105cej grafice i wci\u0105gaj\u0105cej muzyce. Motywem przewodnim gry s\u0105 smoki, symbole pot\u0119gi, si\u0142y i fortuny w wielu kulturach. Grafika w grze jest naprawd\u0119 hipnotyzuj\u0105ca, z pi\u0119knie zaprojektowanymi smokami, misternymi symbolami i \u017cywymi kolorami, kt\u00f3re tworz\u0105 osza\u0142amiaj\u0105ce wra\u017cenia wizualne dla graczy. Muzyka w grze jest r\u00f3wnie imponuj\u0105ca, z epickimi efektami d\u017awi\u0119kowymi i dynamiczn\u0105 \u015bcie\u017ck\u0105 d\u017awi\u0119kow\u0105, kt\u00f3ra dodaje emocji i intensywno\u015bci rozgrywce. Og\u00f3lnie rzecz bior\u0105c, automat do gry Dragon oferuje ekscytuj\u0105ce i wci\u0105gaj\u0105ce wra\u017cenia, kt\u00f3re z pewno\u015bci\u0105 urzekn\u0105 graczy i sprawi\u0105, \u017ce b\u0119d\u0105 chcieli wraca\u0107 po wi\u0119cej.<\/p>\n<h2>JAK GRA\u0106 NA AUTOMACIE DO GRY DRAGON<\/h2>\n<p>Gra na automacie Dragon mo\u017ce by\u0107 ekscytuj\u0105cym do\u015bwiadczeniem dla tych, kt\u00f3rzy kochaj\u0105 emocje kasyna. Na pocz\u0105tek gracze musz\u0105 wybra\u0107 stawk\u0119 zak\u0142adu i liczb\u0119 linii wyp\u0142at, na kt\u00f3rych chc\u0105 gra\u0107. Po postawieniu zak\u0142adu wystarczy nacisn\u0105\u0107 przycisk \u201eSpin\u201d, aby wprawi\u0107 b\u0119bny w ruch. Celem jest dopasowanie symboli na liniach wyp\u0142at, aby wygra\u0107 nagrody. Zwr\u00f3\u0107 uwag\u0119 na symbole specjalne, takie jak Wild i Scatter, poniewa\u017c mog\u0105 one zwi\u0119kszy\u0107 Twoje wygrane. Mog\u0105 r\u00f3wnie\u017c zosta\u0107 uruchomione rundy bonusowe, oferuj\u0105ce jeszcze wi\u0119cej szans na du\u017ce wygrane. Wa\u017cne jest, aby zapozna\u0107 si\u0119 z tabel\u0105 wyp\u0142at gry, aby zrozumie\u0107 warto\u015b\u0107 ka\u017cdego symbolu i potencjalne wygrane. Dzi\u0119ki \u017cywej grafice i wci\u0105gaj\u0105cej rozgrywce, automat Dragon z pewno\u015bci\u0105 zapewni graczom rozrywk\u0119 na d\u0142ugie godziny. Po co wi\u0119c czeka\u0107? Zakr\u0119\u0107 i sprawd\u017a, czy masz to, czego potrzeba, aby pokona\u0107 smoka i zdoby\u0107 swoje bogactwa!<\/p>\n<div class=\"go-btn-container\"><div class=\"tosh-btn\"><a href=\"\/go-casino\/\" target=\"_blank\" rel=\"noopener\">GRAJ TERAZ<\/a><\/div><\/div>\n<h2>AUTOMAT DRAGON: OPCJE ZAK\u0141AD\u00d3W I POTENCJA\u0141 WYGRANYCH<\/h2>\n<p>Automat Dragon to popularna gra w\u015br\u00f3d entuzjast\u00f3w kasyn ze wzgl\u0119du na ekscytuj\u0105c\u0105 rozgrywk\u0119 i potencja\u0142 du\u017cych wygranych. Jedn\u0105 z kluczowych cech, kt\u00f3re czyni\u0105 t\u0119 gr\u0119 tak atrakcyjn\u0105, jest szeroki wachlarz opcji zak\u0142ad\u00f3w. Gracze mog\u0105 obstawia\u0107 od kilku cent\u00f3w do setek dolar\u00f3w na spin, co pozwala cieszy\u0107 si\u0119 gr\u0105 zar\u00f3wno okazjonalnym graczom, jak i high rollerom. Ta elastyczno\u015b\u0107 opcji zak\u0142ad\u00f3w gwarantuje, \u017ce gracze o ka\u017cdym bud\u017cecie mog\u0105 wzi\u0105\u0107 udzia\u0142 w grze i potencjalnie wygra\u0107 du\u017ce sumy. Dodatkowo, automat Dragon oferuje wysoki potencja\u0142 wygranych, z szans\u0105 na zdobycie ogromnych wygranych dzi\u0119ki rundom bonusowym, symbolom Wild i innym funkcjom specjalnym. Przy odpowiednim po\u0142\u0105czeniu szcz\u0119\u015bcia i strategii, gracze mog\u0105 wyj\u015b\u0107 z gry z poka\u017anymi wygranymi, kt\u00f3re sprawiaj\u0105, \u017ce gra jest naprawd\u0119 ekscytuj\u0105ca i satysfakcjonuj\u0105ca. Podsumowuj\u0105c, automat Dragon zapewnia ekscytuj\u0105ce wra\u017cenia z gry z mn\u00f3stwem mo\u017cliwo\u015bci na du\u017ce wygrane.<\/p>\n<p><img loading=\"lazy\" decoding=\"async\" class=\"aligncenter size-full wp-image-8526\" src=\"https:\/\/rocketplay-new.com\/wp-content\/uploads\/2025\/07\/dragon-slot-2.webp\" alt=\"Dragon slot machine - Play Slot for Free 2\" width=\"800\" height=\"319\" srcset=\"https:\/\/rocketplay-new.com\/wp-content\/uploads\/2025\/07\/dragon-slot-2.webp 800w, https:\/\/rocketplay-new.com\/wp-content\/uploads\/2025\/07\/dragon-slot-2-300x120.webp 300w, https:\/\/rocketplay-new.com\/wp-content\/uploads\/2025\/07\/dragon-slot-2-768x306.webp 768w\" sizes=\"auto, (max-width: 800px) 100vw, 800px\" \/><\/p>\n<h2>NAJCZ\u0118\u015aCIEJ ZADAWANE PYTANIA I ODPOWIEDZI \u2013 AUTOMAT DO GIER DRAGON<\/h2>\n<p>Automat do gry Dragon to popularna gra w kasynach i na platformach gier online, przyci\u0105gaj\u0105ca graczy ekscytuj\u0105c\u0105 tematyk\u0105 i potencja\u0142em du\u017cych wygranych. Jednak wielu graczy ma pytania dotycz\u0105ce tego, jak gra\u0107 i maksymalizowa\u0107 swoje szanse na wygran\u0105. Jednym z najcz\u0119\u015bciej zadawanych pyta\u0144 jest to, czy istnieje strategia zwi\u0119kszaj\u0105ca szanse na wygran\u0105 na automacie Dragon. Chocia\u017c nie ma gwarantowanej strategii na wygran\u0105, gracze mog\u0105 zwi\u0119kszy\u0107 swoje szanse, obstawiaj\u0105c maksymaln\u0105 kwot\u0119, poniewa\u017c cz\u0119sto odblokowuje to funkcje bonusowe i wi\u0119ksze wyp\u0142aty. Kolejnym cz\u0119stym pytaniem jest to, czy automat Dragon jest uczciwy i oferuje losowy wynik. Zapewniamy, \u017ce gra jest regulowana przez organy ds. gier hazardowych i wykorzystuje generator liczb losowych, aby zapewni\u0107 uczciw\u0105 gr\u0119. Dodatkowo, gracze cz\u0119sto pytaj\u0105 o najlepszy spos\u00f3b wyp\u0142aty wygranych z automatu Dragon. Zaleca si\u0119 przestrzeganie wytycznych kasyna dotycz\u0105cych wyp\u0142acania \u015brodk\u00f3w, kt\u00f3re mog\u0105 obejmowa\u0107 przedstawienie dokument\u00f3w to\u017csamo\u015bci w celu weryfikacji konta. Og\u00f3lnie rzecz bior\u0105c, automat do gry Dragon oferuje ekscytuj\u0105ce wra\u017cenia z gry z mo\u017cliwo\u015bci\u0105 du\u017cych wygranych, a dzi\u0119ki zrozumieniu najcz\u0119\u015bciej zadawanych pyta\u0144 i odpowiedzi gracze mog\u0105 zmaksymalizowa\u0107 swoj\u0105 przyjemno\u015b\u0107 i szanse na wygran\u0105.<\/p>\n","protected":false},"excerpt":{"rendered":"<p>Automat Dragon to popularna gra online, kt\u00f3ra oferuje graczom szans\u0119 na du\u017ce wygrane dzi\u0119ki ekscytuj\u0105cej rozgrywce i kolorowej grafice. Dzi\u0119ki symbolom z motywem smoka i funkcjom bonusowym gracze mog\u0105 zanurzy\u0107 si\u0119 w mistycznym \u015bwiecie pe\u0142nym emocji i przyg\u00f3d. Najlepsze jest to, \u017ce gracze mog\u0105 gra\u0107 w ten automat za darmo, co pozwala im do\u015bwiadczy\u0107 wszystkich&#8230;<\/p>\n","protected":false},"author":1,"featured_media":6524,"parent":2275,"menu_order":0,"comment_status":"closed","ping_status":"closed","template":"","meta":{"_acf_changed":false,"_kad_post_transparent":"default","_kad_post_title":"default","_kad_post_layout":"default","_kad_post_sidebar_id":"","_kad_post_content_style":"default","_kad_post_vertical_padding":"default","_kad_post_feature":"","_kad_post_feature_position":"","_kad_post_header":false,"_kad_post_footer":false,"footnotes":""},"class_list":["post-8555","page","type-page","status-publish","has-post-thumbnail","hentry"],"acf":[],"rttpg_featured_image_url":{"full":["https:\/\/rocketplay-new.com\/wp-content\/uploads\/2025\/05\/dragon-slot-machine-play-slot-for-free-1.png",1215,429,false],"landscape":["https:\/\/rocketplay-new.com\/wp-content\/uploads\/2025\/05\/dragon-slot-machine-play-slot-for-free-1.png",1215,429,false],"portraits":["https:\/\/rocketplay-new.com\/wp-content\/uploads\/2025\/05\/dragon-slot-machine-play-slot-for-free-1.png",1215,429,false],"thumbnail":["https:\/\/rocketplay-new.com\/wp-content\/uploads\/2025\/05\/dragon-slot-machine-play-slot-for-free-1-150x150.png",150,150,true],"medium":["https:\/\/rocketplay-new.com\/wp-content\/uploads\/2025\/05\/dragon-slot-machine-play-slot-for-free-1-300x106.png",300,106,true],"large":["https:\/\/rocketplay-new.com\/wp-content\/uploads\/2025\/05\/dragon-slot-machine-play-slot-for-free-1-1024x362.png",1024,362,true],"1536x1536":["https:\/\/rocketplay-new.com\/wp-content\/uploads\/2025\/05\/dragon-slot-machine-play-slot-for-free-1.png",1215,429,false],"2048x2048":["https:\/\/rocketplay-new.com\/wp-content\/uploads\/2025\/05\/dragon-slot-machine-play-slot-for-free-1.png",1215,429,false],"wppb-medium":["https:\/\/rocketplay-new.com\/wp-content\/uploads\/2025\/05\/dragon-slot-machine-play-slot-for-free-1-600x429.png",600,429,true]},"rttpg_author":{"display_name":"John","author_link":"https:\/\/rocketplay-new.com\/pl\/author\/pemvas95n89x\/"},"rttpg_comment":0,"rttpg_category":null,"rttpg_excerpt":"Automat Dragon to popularna gra online, kt\u00f3ra oferuje graczom szans\u0119 na du\u017ce wygrane dzi\u0119ki ekscytuj\u0105cej rozgrywce i kolorowej grafice. Dzi\u0119ki symbolom z motywem smoka i funkcjom bonusowym gracze mog\u0105 zanurzy\u0107 si\u0119 w mistycznym \u015bwiecie pe\u0142nym emocji i przyg\u00f3d. Najlepsze jest to, \u017ce gracze mog\u0105 gra\u0107 w ten automat za darmo, co pozwala im do\u015bwiadczy\u0107 wszystkich...","_links":{"self":[{"href":"https:\/\/rocketplay-new.com\/pl\/wp-json\/wp\/v2\/pages\/8555","targetHints":{"allow":["GET"]}}],"collection":[{"href":"https:\/\/rocketplay-new.com\/pl\/wp-json\/wp\/v2\/pages"}],"about":[{"href":"https:\/\/rocketplay-new.com\/pl\/wp-json\/wp\/v2\/types\/page"}],"author":[{"embeddable":true,"href":"https:\/\/rocketplay-new.com\/pl\/wp-json\/wp\/v2\/users\/1"}],"replies":[{"embeddable":true,"href":"https:\/\/rocketplay-new.com\/pl\/wp-json\/wp\/v2\/comments?post=8555"}],"version-history":[{"count":2,"href":"https:\/\/rocketplay-new.com\/pl\/wp-json\/wp\/v2\/pages\/8555\/revisions"}],"predecessor-version":[{"id":8558,"href":"https:\/\/rocketplay-new.com\/pl\/wp-json\/wp\/v2\/pages\/8555\/revisions\/8558"}],"up":[{"embeddable":true,"href":"https:\/\/rocketplay-new.com\/pl\/wp-json\/wp\/v2\/pages\/2275"}],"wp:featuredmedia":[{"embeddable":true,"href":"https:\/\/rocketplay-new.com\/pl\/wp-json\/wp\/v2\/media\/6524"}],"wp:attachment":[{"href":"https:\/\/rocketplay-new.com\/pl\/wp-json\/wp\/v2\/media?parent=8555"}],"curies":[{"name":"wp","href":"https:\/\/api.w.org\/{rel}","templated":true}]}}