{"id":8490,"date":"2025-05-28T23:47:20","date_gmt":"2025-05-28T20:47:20","guid":{"rendered":"https:\/\/rocketplay-new.com\/slot-machines\/planet-moolah\/"},"modified":"2025-07-13T23:51:17","modified_gmt":"2025-07-13T20:51:17","slug":"planet-moolah","status":"publish","type":"page","link":"https:\/\/rocketplay-new.com\/pl\/slot-machines\/planet-moolah\/","title":{"rendered":"Automat do gry Planet Moolah \u2013 graj w slot za darmo"},"content":{"rendered":"<p>Automat do gry Planet Moolah to wci\u0105gaj\u0105ca i ekscytuj\u0105ca gra, kt\u00f3ra o\u017cywia farm\u0119 w zupe\u0142nie nowy spos\u00f3b. Dzi\u0119ki \u017cywej grafice i zabawnym efektom d\u017awi\u0119kowym gracze przenosz\u0105 si\u0119 do \u015bwiata, w kt\u00f3rym krowy, kury i inne zwierz\u0119ta gospodarskie s\u0105 gwiazdami wieczoru. Gra oferuje kaskadowe b\u0119bny, darmowe spiny i szans\u0119 na du\u017ce wygrane dzi\u0119ki unikalnemu motywowi. Gracze mog\u0105 spr\u00f3bowa\u0107 szcz\u0119\u015bcia za darmo lub zagra\u0107 na prawdziwe pieni\u0105dze, aby mie\u0107 szans\u0119 na wygranie du\u017cych nagr\u00f3d. Niezale\u017cnie od tego, czy jeste\u015b graczem okazjonalnym, czy do\u015bwiadczonym hazardzist\u0105, automat do gry Planet Moolah oferuje zabaw\u0119 i rozrywk\u0119 dla ka\u017cdego.<\/p>\n<div class=\"go-btn-container\"><div class=\"tosh-btn\"><a href=\"\/go-casino\/\" target=\"_blank\" rel=\"noopener\">GRAJ TERAZ<\/a><\/div><\/div>\n<h2>PRZEGL\u0104D AUTOMATU DO GIER PLANET MOOLAH<\/h2>\n<p>Planet Moolah to popularny automat do gry, kt\u00f3ry zabiera graczy w pe\u0142n\u0105 humoru podr\u00f3\u017c na farm\u0119 w kosmosie. Gra, opracowana przez WMS Gaming, charakteryzuje si\u0119 zabawnym i oryginalnym motywem, kt\u00f3ry wyr\u00f3\u017cnia j\u0105 spo\u015br\u00f3d tradycyjnych automat\u00f3w. B\u0119bny wype\u0142nione s\u0105 krowami, kurami, stodo\u0142ami i innymi symbolami zwi\u0105zanymi z farm\u0105, a wszystko to na tle kolorowego, kosmicznego krajobrazu. To, co wyr\u00f3\u017cnia Planet Moolah, to funkcja Cascading Reels, w kt\u00f3rej zwyci\u0119skie kombinacje znikaj\u0105, a nowe symbole opadaj\u0105 kaskadowo, aby zaj\u0105\u0107 ich miejsce, potencjalnie prowadz\u0105c do wielu wygranych w jednym obrocie. Gra oferuje r\u00f3wnie\u017c rund\u0119 bonusow\u0105 darmowych spin\u00f3w, w kt\u00f3rej gracze mog\u0105 zdoby\u0107 do 50 darmowych spin\u00f3w, co daje im jeszcze wi\u0119ksze szanse na du\u017ce wygrane. Dzi\u0119ki zabawnemu motywowi, innowacyjnej rozgrywce i satysfakcjonuj\u0105cym funkcjom bonusowym, Planet Moolah to pozycja obowi\u0105zkowa dla ka\u017cdego entuzjasty automat\u00f3w, kt\u00f3ry szuka ekscytuj\u0105cej i pe\u0142nej zabawy rozgrywki.<\/p>\n<p><img loading=\"lazy\" decoding=\"async\" class=\"aligncenter size-full wp-image-8460\" src=\"https:\/\/rocketplay-new.com\/wp-content\/uploads\/2025\/07\/planet-moolah-1.webp\" alt=\"Planet Moolah slot\" width=\"800\" height=\"439\" srcset=\"https:\/\/rocketplay-new.com\/wp-content\/uploads\/2025\/07\/planet-moolah-1.webp 800w, https:\/\/rocketplay-new.com\/wp-content\/uploads\/2025\/07\/planet-moolah-1-300x165.webp 300w, https:\/\/rocketplay-new.com\/wp-content\/uploads\/2025\/07\/planet-moolah-1-768x421.webp 768w\" sizes=\"auto, (max-width: 800px) 100vw, 800px\" \/><\/p>\n<h2>AUTOMAT DO GRY PLANET MOOLAH: TEMAT, GRAFIKA I MUZYKA<\/h2>\n<p>Automat Planet Moolah to popularna gra w kasynach i na platformach gier online, znana z oryginalnego motywu, urzekaj\u0105cej grafiki i wpadaj\u0105cej w ucho muzyki. Fabu\u0142a gry koncentruje si\u0119 wok\u00f3\u0142 grupy zwariowanych, kosmicznych kr\u00f3w, kt\u00f3re najecha\u0142y Ziemi\u0119, aby ukra\u015b\u0107 krowy i zwierz\u0119ta gospodarskie. Grafika jest jasna i kolorowa, a kresk\u00f3wkowa grafika o\u017cywia humorystyczn\u0105 fabu\u0142\u0119. Gracze napotkaj\u0105 lataj\u0105ce spodki, zwierz\u0119ta gospodarskie i oczywi\u015bcie psotne kosmiczne krowy, kr\u0119c\u0105c b\u0119bnami. Muzyka w tle jest energiczna i optymistyczna, co pot\u0119guje emocje towarzysz\u0105ce grze. Dzi\u0119ki unikalnemu motywowi, anga\u017cuj\u0105cej grafice i \u017cywio\u0142owej muzyce, automat Planet Moolah oferuje graczom przyjemne i wci\u0105gaj\u0105ce wra\u017cenia z gry.<\/p>\n<h2>JAK GRA\u0106 NA AUTOMACIE PLANET MOOLAH<\/h2>\n<p>Planet Moolah to zabawna i ekscytuj\u0105ca gra na automacie, dost\u0119pna w wielu kasynach. Aby zagra\u0107, wrzu\u0107 pieni\u0105dze lub voucher do automatu i wybierz stawk\u0119 zak\u0142adu. Gra oferuje pi\u0119\u0107 b\u0119bn\u00f3w i 25 linii wyp\u0142at, co daje mn\u00f3stwo mo\u017cliwo\u015bci wygrania du\u017cych pieni\u0119dzy. Tematem gry jest grupa kosmicznych kr\u00f3w, kt\u00f3re przej\u0119\u0142y farm\u0119, a symbole na b\u0119bnach odzwierciedlaj\u0105 ten motyw. Aby wygra\u0107, musisz dopasowa\u0107 trzy lub wi\u0119cej takich samych symboli na linii wyp\u0142at. Je\u015bli trafisz zwyci\u0119sk\u0105 kombinacj\u0119, otrzymasz wygran\u0105 zale\u017cn\u0105 od warto\u015bci symboli. W grze dost\u0119pne s\u0105 r\u00f3wnie\u017c specjalne funkcje bonusowe, takie jak kaskadowe b\u0119bny i darmowe spiny, kt\u00f3re mog\u0105 pom\u00f3c Ci jeszcze bardziej zwi\u0119kszy\u0107 wygrane. Og\u00f3lnie rzecz bior\u0105c, gra w Planet Moolah to zabawne i rozrywkowe do\u015bwiadczenie, kt\u00f3re przy odrobinie szcz\u0119\u015bcia mo\u017ce przynie\u015b\u0107 Ci spore wygrane. Spr\u00f3buj wi\u0119c nast\u0119pnym razem, gdy b\u0119dziesz w kasynie i sprawd\u017a, czy uda Ci si\u0119 pokona\u0107 obce krowy i wygra\u0107.<\/p>\n<div class=\"go-btn-container\"><div class=\"tosh-btn\"><a href=\"\/go-casino\/\" target=\"_blank\" rel=\"noopener\">GRAJ TERAZ<\/a><\/div><\/div>\n<h2>AUTOMAT DO GRY PLANET MOOLAH: OPCJE ZAK\u0141AD\u00d3W I POTENCJA\u0141 WYGRANEJ<\/h2>\n<p>Automat do gry Planet Moolah znany jest z unikalnego motywu i wci\u0105gaj\u0105cej rozgrywki, ale oferuje r\u00f3wnie\u017c r\u00f3\u017cnorodne opcje zak\u0142ad\u00f3w i potencja\u0142 wygranej. Gra pozwala graczom obstawia\u0107 do 25 linii wyp\u0142at, z mo\u017cliwo\u015bci\u0105 dostosowania liczby aktywnych linii wyp\u0142at oraz wysoko\u015bci zak\u0142adu na lini\u0119. Ta elastyczno\u015b\u0107 opcji zak\u0142ad\u00f3w pozwala graczom dostosowa\u0107 swoje zak\u0142ady do preferowanego stylu gry i bud\u017cetu. Je\u015bli chodzi o potencja\u0142 wygranej, gra oferuje szereg kombinacji wyp\u0142at i funkcji bonusowych, kt\u00f3re mog\u0105 przynie\u015b\u0107 znaczne wygrane. Funkcja Cascading Reels, w kt\u00f3rej symbole wygrywaj\u0105ce znikaj\u0105, a na ich miejsce pojawiaj\u0105 si\u0119 nowe, mo\u017ce prowadzi\u0107 do kolejnych wygranych w jednym obrocie i zwi\u0119ksza\u0107 og\u00f3lny potencja\u0142 wygranej. Dodatkowo, jackpot w grze daje graczom szans\u0119 na du\u017c\u0105 wygran\u0105 ju\u017c za jednym obrotem. Og\u00f3lnie rzecz bior\u0105c, automat Planet Moolah oferuje graczom r\u00f3\u017cnorodne opcje zak\u0142ad\u00f3w i ekscytuj\u0105cy potencja\u0142 wygranych, zapewniaj\u0105c rozrywk\u0119 i anga\u017cuj\u0105c ich.<\/p>\n<p><img loading=\"lazy\" decoding=\"async\" class=\"aligncenter size-full wp-image-8469\" src=\"https:\/\/rocketplay-new.com\/wp-content\/uploads\/2025\/07\/planet-moolah-2.webp\" alt=\"Planet Moolah slot 2\" width=\"800\" height=\"535\" srcset=\"https:\/\/rocketplay-new.com\/wp-content\/uploads\/2025\/07\/planet-moolah-2.webp 800w, https:\/\/rocketplay-new.com\/wp-content\/uploads\/2025\/07\/planet-moolah-2-300x201.webp 300w, https:\/\/rocketplay-new.com\/wp-content\/uploads\/2025\/07\/planet-moolah-2-768x514.webp 768w\" sizes=\"auto, (max-width: 800px) 100vw, 800px\" \/><\/p>\n<h2>NAJCZ\u0118\u015aCIEJ ZADAWANE PYTANIA I ODPOWIEDZI \u2013 AUTOMAT DO GRY PLANET MOOLAH<\/h2>\n<p>Automat do gry Planet Moolah to popularna gra w\u015br\u00f3d entuzjast\u00f3w kasyn, ale podczas gry cz\u0119sto pojawiaj\u0105 si\u0119 pytania. Jednym z najcz\u0119\u015bciej zadawanych pyta\u0144 jest to, jak uruchomi\u0107 rund\u0119 bonusow\u0105 w Planet Moolah. Runda bonusowa jest aktywowana po trafieniu czterech lub wi\u0119cej kolejnych wygranych kaskadowych, kt\u00f3re daj\u0105 do 50 darmowych spin\u00f3w. Kolejnym cz\u0119stym pytaniem jest to, czy gra jest uczciwa i losowa. Automat do gry Planet Moolah jest obs\u0142ugiwany przez generator liczb losowych, co zapewnia, \u017ce ka\u017cdy spin jest ca\u0142kowicie losowy i uczciwy. Gracze cz\u0119sto pytaj\u0105 r\u00f3wnie\u017c o procentowy wska\u017anik zwrotu dla gracza (RTP). RTP dla Planet Moolah wynosi oko\u0142o 96%, co oznacza, \u017ce z czasem gracze mog\u0105 spodziewa\u0107 si\u0119 zwrotu oko\u0142o 96% postawionych pieni\u0119dzy. Og\u00f3lnie rzecz bior\u0105c, automat do gry Planet Moolah to przyjemna i ekscytuj\u0105ca gra z wieloma szansami na wygranie du\u017cych nagr\u00f3d.<\/p>\n","protected":false},"excerpt":{"rendered":"<p>Automat do gry Planet Moolah to wci\u0105gaj\u0105ca i ekscytuj\u0105ca gra, kt\u00f3ra o\u017cywia farm\u0119 w zupe\u0142nie nowy spos\u00f3b. Dzi\u0119ki \u017cywej grafice i zabawnym efektom d\u017awi\u0119kowym gracze przenosz\u0105 si\u0119 do \u015bwiata, w kt\u00f3rym krowy, kury i inne zwierz\u0119ta gospodarskie s\u0105 gwiazdami wieczoru. Gra oferuje kaskadowe b\u0119bny, darmowe spiny i szans\u0119 na du\u017ce wygrane dzi\u0119ki unikalnemu motywowi. Gracze&#8230;<\/p>\n","protected":false},"author":1,"featured_media":6486,"parent":2275,"menu_order":0,"comment_status":"closed","ping_status":"closed","template":"","meta":{"_acf_changed":false,"_kad_post_transparent":"default","_kad_post_title":"default","_kad_post_layout":"default","_kad_post_sidebar_id":"","_kad_post_content_style":"default","_kad_post_vertical_padding":"default","_kad_post_feature":"","_kad_post_feature_position":"","_kad_post_header":false,"_kad_post_footer":false,"footnotes":""},"class_list":["post-8490","page","type-page","status-publish","has-post-thumbnail","hentry"],"acf":[],"rttpg_featured_image_url":{"full":["https:\/\/rocketplay-new.com\/wp-content\/uploads\/2025\/05\/planet-moolah-slot-machine-play-slot-for-free.png",936,675,false],"landscape":["https:\/\/rocketplay-new.com\/wp-content\/uploads\/2025\/05\/planet-moolah-slot-machine-play-slot-for-free.png",936,675,false],"portraits":["https:\/\/rocketplay-new.com\/wp-content\/uploads\/2025\/05\/planet-moolah-slot-machine-play-slot-for-free.png",936,675,false],"thumbnail":["https:\/\/rocketplay-new.com\/wp-content\/uploads\/2025\/05\/planet-moolah-slot-machine-play-slot-for-free-150x150.png",150,150,true],"medium":["https:\/\/rocketplay-new.com\/wp-content\/uploads\/2025\/05\/planet-moolah-slot-machine-play-slot-for-free-300x216.png",300,216,true],"large":["https:\/\/rocketplay-new.com\/wp-content\/uploads\/2025\/05\/planet-moolah-slot-machine-play-slot-for-free.png",936,675,false],"1536x1536":["https:\/\/rocketplay-new.com\/wp-content\/uploads\/2025\/05\/planet-moolah-slot-machine-play-slot-for-free.png",936,675,false],"2048x2048":["https:\/\/rocketplay-new.com\/wp-content\/uploads\/2025\/05\/planet-moolah-slot-machine-play-slot-for-free.png",936,675,false],"wppb-medium":["https:\/\/rocketplay-new.com\/wp-content\/uploads\/2025\/05\/planet-moolah-slot-machine-play-slot-for-free-600x450.png",600,450,true]},"rttpg_author":{"display_name":"John","author_link":"https:\/\/rocketplay-new.com\/pl\/author\/pemvas95n89x\/"},"rttpg_comment":0,"rttpg_category":null,"rttpg_excerpt":"Automat do gry Planet Moolah to wci\u0105gaj\u0105ca i ekscytuj\u0105ca gra, kt\u00f3ra o\u017cywia farm\u0119 w zupe\u0142nie nowy spos\u00f3b. Dzi\u0119ki \u017cywej grafice i zabawnym efektom d\u017awi\u0119kowym gracze przenosz\u0105 si\u0119 do \u015bwiata, w kt\u00f3rym krowy, kury i inne zwierz\u0119ta gospodarskie s\u0105 gwiazdami wieczoru. Gra oferuje kaskadowe b\u0119bny, darmowe spiny i szans\u0119 na du\u017ce wygrane dzi\u0119ki unikalnemu motywowi. Gracze...","_links":{"self":[{"href":"https:\/\/rocketplay-new.com\/pl\/wp-json\/wp\/v2\/pages\/8490","targetHints":{"allow":["GET"]}}],"collection":[{"href":"https:\/\/rocketplay-new.com\/pl\/wp-json\/wp\/v2\/pages"}],"about":[{"href":"https:\/\/rocketplay-new.com\/pl\/wp-json\/wp\/v2\/types\/page"}],"author":[{"embeddable":true,"href":"https:\/\/rocketplay-new.com\/pl\/wp-json\/wp\/v2\/users\/1"}],"replies":[{"embeddable":true,"href":"https:\/\/rocketplay-new.com\/pl\/wp-json\/wp\/v2\/comments?post=8490"}],"version-history":[{"count":2,"href":"https:\/\/rocketplay-new.com\/pl\/wp-json\/wp\/v2\/pages\/8490\/revisions"}],"predecessor-version":[{"id":8493,"href":"https:\/\/rocketplay-new.com\/pl\/wp-json\/wp\/v2\/pages\/8490\/revisions\/8493"}],"up":[{"embeddable":true,"href":"https:\/\/rocketplay-new.com\/pl\/wp-json\/wp\/v2\/pages\/2275"}],"wp:featuredmedia":[{"embeddable":true,"href":"https:\/\/rocketplay-new.com\/pl\/wp-json\/wp\/v2\/media\/6486"}],"wp:attachment":[{"href":"https:\/\/rocketplay-new.com\/pl\/wp-json\/wp\/v2\/media?parent=8490"}],"curies":[{"name":"wp","href":"https:\/\/api.w.org\/{rel}","templated":true}]}}