{"id":8447,"date":"2025-05-28T23:39:01","date_gmt":"2025-05-28T20:39:01","guid":{"rendered":"https:\/\/rocketplay-new.com\/slot-machines\/triple-diamond\/"},"modified":"2025-07-12T02:01:13","modified_gmt":"2025-07-11T23:01:13","slug":"triple-diamond","status":"publish","type":"page","link":"https:\/\/rocketplay-new.com\/pl\/slot-machines\/triple-diamond\/","title":{"rendered":"Automat do gry Triple Diamond \u2013 graj za darmo"},"content":{"rendered":"<p>Automat Triple Diamond to klasyczna gra slotowa z trzema b\u0119bnami, oferuj\u0105ca graczom prost\u0105, a zarazem ekscytuj\u0105c\u0105 rozgrywk\u0119. Dzi\u0119ki tradycyjnym symbolom, takim jak wisienki, s\u0142upki i si\u00f3demki, ten automat nawi\u0105zuje do z\u0142otej ery gier slotowych. Gracze mog\u0105 cieszy\u0107 si\u0119 dreszczykiem emocji kr\u0119c\u0105c b\u0119bnami i pr\u00f3buj\u0105c u\u0142o\u017cy\u0107 zwyci\u0119skie kombinacje, aby zdoby\u0107 wysokie wygrane. A co najlepsze, w automat Triple Diamond mo\u017cna gra\u0107 za darmo online, co daje szans\u0119 na prze\u017cycie emocji zwi\u0105zanych z t\u0105 kultow\u0105 gr\u0105 bez \u017cadnego ryzyka. Dlaczego wi\u0119c nie zakr\u0119ci\u0107 i nie trafi\u0107 jackpota?<\/p>\n<div class=\"go-btn-container\"><div class=\"tosh-btn\"><a href=\"\/go-casino\/\" target=\"_blank\" rel=\"noopener\">GRAJ TERAZ<\/a><\/div><\/div>\n<h2>PRZEGL\u0104D AUTOMATU TRIPLE DIAMOND<\/h2>\n<p>Automat Triple Diamond to klasyczna i popularna gra w \u015bwiecie kasyn. Stworzony przez IGT, ten trzyb\u0119bnowy automat z dziewi\u0119cioma liniami wyp\u0142at zawiera tradycyjne symbole, takie jak wisienki, s\u0142upki i si\u00f3demki, a tak\u017ce kultowe logo Triple Diamond. Gra znana jest z prostoty i wysokich wygranych, a logo Triple Diamond dzia\u0142a zar\u00f3wno jako symbol Wild, jak i mno\u017cnik. Pojawienie si\u0119 jednego symbolu Triple Diamond na linii wyp\u0142at powoduje podwojenie wygranej gracza, a pojawienie si\u0119 dw\u00f3ch symboli Triple Diamond zwi\u0119ksza wygran\u0105 czterokrotnie. Je\u015bli graczowi uda si\u0119 trafi\u0107 trzy symbole Triple Diamond na linii wyp\u0142at, otrzyma nagrod\u0119 g\u0142\u00f3wn\u0105 w wysoko\u015bci 1199-krotno\u015bci swojego pocz\u0105tkowego zak\u0142adu. Retro design i prosta rozgrywka sprawiaj\u0105, \u017ce gra cieszy si\u0119 popularno\u015bci\u0105 zar\u00f3wno w\u015br\u00f3d pocz\u0105tkuj\u0105cych, jak i do\u015bwiadczonych graczy. Niezale\u017cnie od tego, czy szukasz nostalgicznej rozgrywki, czy liczysz na du\u017c\u0105 wygran\u0105, automat Triple Diamond oferuje mn\u00f3stwo emocji i potencjalnych nagr\u00f3d.<\/p>\n<p><img loading=\"lazy\" decoding=\"async\" class=\"aligncenter size-full wp-image-8416\" src=\"https:\/\/rocketplay-new.com\/wp-content\/uploads\/2025\/07\/triple-diamond-2.webp\" alt=\"Triple Diamond 2\" width=\"800\" height=\"447\" srcset=\"https:\/\/rocketplay-new.com\/wp-content\/uploads\/2025\/07\/triple-diamond-2.webp 800w, https:\/\/rocketplay-new.com\/wp-content\/uploads\/2025\/07\/triple-diamond-2-300x168.webp 300w, https:\/\/rocketplay-new.com\/wp-content\/uploads\/2025\/07\/triple-diamond-2-768x429.webp 768w\" sizes=\"auto, (max-width: 800px) 100vw, 800px\" \/><\/p>\n<h2>AUTOMAT DO GRY TRIPLE DIAMOND: TEMAT, WIZUALIZACJA I MUZYKA<\/h2>\n<p>Automat Triple Diamond to klasyczna gra, kt\u00f3ra od lat cieszy si\u0119 popularno\u015bci\u0105 w kasynach. Motyw gry jest prosty i przejrzysty, a b\u0119bny zdobi\u0105 symbole takie jak diamenty, sztabki i si\u00f3demki. Grafika gry jest jasna i kolorowa, z klimatem retro, nawi\u0105zuj\u0105cym do czas\u00f3w tradycyjnych automat\u00f3w do gry. Grafika jest wyra\u017ana i przejrzysta, dzi\u0119ki czemu \u0142atwo dostrzec symbole i \u015bledzi\u0107 rozgrywk\u0119. Muzyka w grze jest energiczna i dynamiczna, co pot\u0119guje emocje towarzysz\u0105ce kr\u0119ceniu b\u0119bnami. Efekty d\u017awi\u0119kowe s\u0105 r\u00f3wnie\u017c dobrze dopracowane, z przyjemnymi d\u017awi\u0119kami i dzwonkami sygnalizuj\u0105cymi wygrane i bonusy. Podsumowuj\u0105c, automat Triple Diamond to wci\u0105gaj\u0105ca i przyjemna gra, kt\u00f3ra oferuje klasyczne wra\u017cenia kasynowe z nowoczesnym akcentem.<\/p>\n<h2>JAK GRA\u0106 NA AUTOMACIE TRIPLE DIAMOND<\/h2>\n<p>Gra na automacie Triple Diamond to ekscytuj\u0105ce do\u015bwiadczenie, kt\u00f3re mo\u017ce przynie\u015b\u0107 du\u017ce wygrane, je\u015bli wiesz, jak gra\u0107 prawid\u0142owo. Na pocz\u0105tek zapoznaj si\u0119 z tabel\u0105 wyp\u0142at, kt\u00f3ra przedstawia r\u00f3\u017cne zwyci\u0119skie kombinacje i odpowiadaj\u0105ce im wyp\u0142aty. Nast\u0119pnie musisz zdecydowa\u0107, na ile linii wyp\u0142at chcesz postawi\u0107 i ile chcesz postawi\u0107 na ka\u017cd\u0105 lini\u0119. Im wi\u0119cej linii wyp\u0142at obstawisz, tym wi\u0119ksze masz szanse na wygran\u0105, ale pami\u0119taj, \u017ce zwi\u0119ksza to r\u00f3wnie\u017c ca\u0142kowit\u0105 kwot\u0119 zak\u0142adu. Po ustawieniu zak\u0142adu po prostu zakr\u0119\u0107 b\u0119bnami i poczekaj, a\u017c symbole u\u0142o\u017c\u0105 si\u0119 w zwyci\u0119skie kombinacje. Zwr\u00f3\u0107 uwag\u0119 na symbol Triple Diamond, poniewa\u017c dzia\u0142a on jak symbol Wild i mo\u017ce zast\u0105pi\u0107 dowolny inny symbol, pomagaj\u0105c Ci tworzy\u0107 zwyci\u0119skie kombinacje. Przy odrobinie szcz\u0119\u015bcia i strategii mo\u017cesz by\u0107 na dobrej drodze do trafienia jackpota na automacie Triple Diamond.<\/p>\n<div class=\"go-btn-container\"><div class=\"tosh-btn\"><a href=\"\/go-casino\/\" target=\"_blank\" rel=\"noopener\">GRAJ TERAZ<\/a><\/div><\/div>\n<h2>AUTOMAT TRIPLE DIAMOND: OPCJE ZAK\u0141AD\u00d3W I POTENCJA\u0141 WYGRANYCH<\/h2>\n<p>Automat Triple Diamond cieszy si\u0119 popularno\u015bci\u0105 w\u015br\u00f3d graczy ze wzgl\u0119du na klasyczny design i potencja\u0142 du\u017cych wygranych. Je\u015bli chodzi o opcje zak\u0142ad\u00f3w, gracze maj\u0105 do wyboru wiele opcji, dopasowanych do ich preferencji. Gra oferuje r\u00f3\u017cne nomina\u0142y monet, pozwalaj\u0105c graczom obstawia\u0107 od kilku cent\u00f3w do kilku dolar\u00f3w na obr\u00f3t. Gra posiada r\u00f3wnie\u017c przycisk maksymalnego zak\u0142adu dla tych, kt\u00f3rzy chc\u0105 postawi\u0107 maksymaln\u0105 mo\u017cliw\u0105 kwot\u0119 na ka\u017cdym obrocie. Je\u015bli chodzi o potencja\u0142 wygranych, automat Triple Diamond oferuje graczom szans\u0119 na du\u017ce wygrane dzi\u0119ki wysoko p\u0142atnym symbolom i funkcjom bonusowym. Dzi\u0119ki trzem symbolom Triple Diamond na linii wyp\u0142at gracze mog\u0105 wygra\u0107 nawet 1199 razy wi\u0119cej ni\u017c ich pocz\u0105tkowy zak\u0142ad. Dodatkowo, gra zawiera symbol Wild, kt\u00f3ry mo\u017ce zast\u0105pi\u0107 dowolny inny symbol na b\u0119bnach, tworz\u0105c zwyci\u0119skie kombinacje. Og\u00f3lnie rzecz bior\u0105c, automat Triple Diamond zapewnia graczom ekscytuj\u0105ce wra\u017cenia z gry i mo\u017cliwo\u015b\u0107 wygrania znacznych wygranych.<\/p>\n<p><img loading=\"lazy\" decoding=\"async\" class=\"aligncenter size-full wp-image-8406\" src=\"https:\/\/rocketplay-new.com\/wp-content\/uploads\/2025\/07\/triple-diamond-1.webp\" alt=\"Triple Diamond\" width=\"800\" height=\"433\" srcset=\"https:\/\/rocketplay-new.com\/wp-content\/uploads\/2025\/07\/triple-diamond-1.webp 800w, https:\/\/rocketplay-new.com\/wp-content\/uploads\/2025\/07\/triple-diamond-1-300x162.webp 300w, https:\/\/rocketplay-new.com\/wp-content\/uploads\/2025\/07\/triple-diamond-1-768x416.webp 768w\" sizes=\"auto, (max-width: 800px) 100vw, 800px\" \/><\/p>\n<h2>NAJCZ\u0118\u015aCIEJ ZADAWANE PYTANIA I ODPOWIEDZI \u2013 AUTOMAT DO GRY TRIPLE DIAMOND<\/h2>\n<p>Automat Triple Diamond cieszy si\u0119 popularno\u015bci\u0105 w\u015br\u00f3d graczy kasynowych ze wzgl\u0119du na klasyczny design i potencja\u0142 du\u017cych wygranych. Gracze cz\u0119sto zadaj\u0105 sobie pytanie, jak zwi\u0119kszy\u0107 swoje szanse na wygran\u0105 na tym automacie. Chocia\u017c nie ma niezawodnego sposobu na wygran\u0105, jedn\u0105 z rad jest postawienie maksymalnej kwoty kredyt\u00f3w, aby aktywowa\u0107 wszystkie linie wyp\u0142at i zwi\u0119kszy\u0107 swoje szanse na trafienie zwyci\u0119skiej kombinacji. Kolejnym cz\u0119stym pytaniem jest, czy automat Triple Diamond oferuje jakie\u015b funkcje specjalne lub rundy bonusowe. Niestety, gra nie oferuje \u017cadnych rund bonusowych ani funkcji specjalnych, ale prostota rozgrywki stanowi o jej atrakcyjno\u015bci dla wielu graczy. Og\u00f3lnie rzecz bior\u0105c, automat Triple Diamond to prosta i przyjemna gra, kt\u00f3ra oferuje potencja\u0142 du\u017cych wygranych dla tych, kt\u00f3rzy trafi\u0105 jackpota.<\/p>\n","protected":false},"excerpt":{"rendered":"<p>Automat Triple Diamond to klasyczna gra slotowa z trzema b\u0119bnami, oferuj\u0105ca graczom prost\u0105, a zarazem ekscytuj\u0105c\u0105 rozgrywk\u0119. Dzi\u0119ki tradycyjnym symbolom, takim jak wisienki, s\u0142upki i si\u00f3demki, ten automat nawi\u0105zuje do z\u0142otej ery gier slotowych. Gracze mog\u0105 cieszy\u0107 si\u0119 dreszczykiem emocji kr\u0119c\u0105c b\u0119bnami i pr\u00f3buj\u0105c u\u0142o\u017cy\u0107 zwyci\u0119skie kombinacje, aby zdoby\u0107 wysokie wygrane. A co najlepsze, w&#8230;<\/p>\n","protected":false},"author":1,"featured_media":6457,"parent":2275,"menu_order":0,"comment_status":"closed","ping_status":"closed","template":"","meta":{"_acf_changed":false,"_kad_post_transparent":"default","_kad_post_title":"default","_kad_post_layout":"default","_kad_post_sidebar_id":"","_kad_post_content_style":"default","_kad_post_vertical_padding":"default","_kad_post_feature":"","_kad_post_feature_position":"","_kad_post_header":false,"_kad_post_footer":false,"footnotes":""},"class_list":["post-8447","page","type-page","status-publish","has-post-thumbnail","hentry"],"acf":[],"rttpg_featured_image_url":{"full":["https:\/\/rocketplay-new.com\/wp-content\/uploads\/2025\/05\/triple-diamond-slot-machine-play-slot-for-free.png",1502,682,false],"landscape":["https:\/\/rocketplay-new.com\/wp-content\/uploads\/2025\/05\/triple-diamond-slot-machine-play-slot-for-free.png",1502,682,false],"portraits":["https:\/\/rocketplay-new.com\/wp-content\/uploads\/2025\/05\/triple-diamond-slot-machine-play-slot-for-free.png",1502,682,false],"thumbnail":["https:\/\/rocketplay-new.com\/wp-content\/uploads\/2025\/05\/triple-diamond-slot-machine-play-slot-for-free-150x150.png",150,150,true],"medium":["https:\/\/rocketplay-new.com\/wp-content\/uploads\/2025\/05\/triple-diamond-slot-machine-play-slot-for-free-300x136.png",300,136,true],"large":["https:\/\/rocketplay-new.com\/wp-content\/uploads\/2025\/05\/triple-diamond-slot-machine-play-slot-for-free-1024x465.png",1024,465,true],"1536x1536":["https:\/\/rocketplay-new.com\/wp-content\/uploads\/2025\/05\/triple-diamond-slot-machine-play-slot-for-free.png",1502,682,false],"2048x2048":["https:\/\/rocketplay-new.com\/wp-content\/uploads\/2025\/05\/triple-diamond-slot-machine-play-slot-for-free.png",1502,682,false],"wppb-medium":["https:\/\/rocketplay-new.com\/wp-content\/uploads\/2025\/05\/triple-diamond-slot-machine-play-slot-for-free-600x450.png",600,450,true]},"rttpg_author":{"display_name":"John","author_link":"https:\/\/rocketplay-new.com\/pl\/author\/pemvas95n89x\/"},"rttpg_comment":0,"rttpg_category":null,"rttpg_excerpt":"Automat Triple Diamond to klasyczna gra slotowa z trzema b\u0119bnami, oferuj\u0105ca graczom prost\u0105, a zarazem ekscytuj\u0105c\u0105 rozgrywk\u0119. Dzi\u0119ki tradycyjnym symbolom, takim jak wisienki, s\u0142upki i si\u00f3demki, ten automat nawi\u0105zuje do z\u0142otej ery gier slotowych. Gracze mog\u0105 cieszy\u0107 si\u0119 dreszczykiem emocji kr\u0119c\u0105c b\u0119bnami i pr\u00f3buj\u0105c u\u0142o\u017cy\u0107 zwyci\u0119skie kombinacje, aby zdoby\u0107 wysokie wygrane. A co najlepsze, w...","_links":{"self":[{"href":"https:\/\/rocketplay-new.com\/pl\/wp-json\/wp\/v2\/pages\/8447","targetHints":{"allow":["GET"]}}],"collection":[{"href":"https:\/\/rocketplay-new.com\/pl\/wp-json\/wp\/v2\/pages"}],"about":[{"href":"https:\/\/rocketplay-new.com\/pl\/wp-json\/wp\/v2\/types\/page"}],"author":[{"embeddable":true,"href":"https:\/\/rocketplay-new.com\/pl\/wp-json\/wp\/v2\/users\/1"}],"replies":[{"embeddable":true,"href":"https:\/\/rocketplay-new.com\/pl\/wp-json\/wp\/v2\/comments?post=8447"}],"version-history":[{"count":2,"href":"https:\/\/rocketplay-new.com\/pl\/wp-json\/wp\/v2\/pages\/8447\/revisions"}],"predecessor-version":[{"id":8450,"href":"https:\/\/rocketplay-new.com\/pl\/wp-json\/wp\/v2\/pages\/8447\/revisions\/8450"}],"up":[{"embeddable":true,"href":"https:\/\/rocketplay-new.com\/pl\/wp-json\/wp\/v2\/pages\/2275"}],"wp:featuredmedia":[{"embeddable":true,"href":"https:\/\/rocketplay-new.com\/pl\/wp-json\/wp\/v2\/media\/6457"}],"wp:attachment":[{"href":"https:\/\/rocketplay-new.com\/pl\/wp-json\/wp\/v2\/media?parent=8447"}],"curies":[{"name":"wp","href":"https:\/\/api.w.org\/{rel}","templated":true}]}}