{"id":8381,"date":"2025-05-28T23:34:10","date_gmt":"2025-05-28T20:34:10","guid":{"rendered":"https:\/\/rocketplay-new.com\/slot-machines\/quick-hit\/"},"modified":"2025-07-11T21:48:33","modified_gmt":"2025-07-11T18:48:33","slug":"quick-hit","status":"publish","type":"page","link":"https:\/\/rocketplay-new.com\/pl\/slot-machines\/quick-hit\/","title":{"rendered":"Automat do gry Quick Hit \u2013 graj za darmo"},"content":{"rendered":"<p>Automat Quick Hit to popularna gra w\u015br\u00f3d entuzjast\u00f3w kasyn szukaj\u0105cych szybkiej i ekscytuj\u0105cej rozgrywki. Dzi\u0119ki dynamicznej rozgrywce i hojnym wyp\u0142atom, ten automat jest ulubionym wyborem graczy, kt\u00f3rzy chc\u0105 wygra\u0107 du\u017ce pieni\u0105dze. Gra oferuje klasyczne symbole, takie jak wi\u015bnie, dzwonki i si\u00f3demki, a tak\u017ce specjalne funkcje bonusowe, takie jak darmowe spiny i mno\u017cniki. Gracze mog\u0105 spr\u00f3bowa\u0107 szcz\u0119\u015bcia w tej grze za darmo, co pozwala im przetestowa\u0107 r\u00f3\u017cne strategie i sprawdzi\u0107, czy uda im si\u0119 trafi\u0107 jackpota. Dzi\u0119ki prostej, ale wci\u0105gaj\u0105cej rozgrywce, automat Quick Hit to pozycja obowi\u0105zkowa dla ka\u017cdego, kto szuka ekscytuj\u0105cych wra\u017ce\u0144 w kasynie.<\/p>\n<div class=\"go-btn-container\"><div class=\"tosh-btn\"><a href=\"\/go-casino\/\" target=\"_blank\" rel=\"noopener\">GRAJ TERAZ<\/a><\/div><\/div>\n<h2>PRZEGL\u0104D AUTOMATU QUICK HIT<\/h2>\n<p>Automaty Quick Hit ciesz\u0105 si\u0119 popularno\u015bci\u0105 w\u015br\u00f3d graczy kasyn ze wzgl\u0119du na dynamiczn\u0105 rozgrywk\u0119 i ekscytuj\u0105ce funkcje bonusowe. Te gry zazwyczaj posiadaj\u0105 pi\u0119\u0107 b\u0119bn\u00f3w i wiele linii wyp\u0142at, daj\u0105c graczom mn\u00f3stwo okazji do du\u017cych wygranych. Symbol Quick Hit to kluczowy element tych gier, poniewa\u017c trafienie kilku z nich mo\u017ce uruchomi\u0107 lukratywn\u0105 rund\u0119 bonusow\u0105 z darmowymi spinami i mno\u017cnikami. Dzi\u0119ki \u017cywej grafice i anga\u017cuj\u0105cym efektom d\u017awi\u0119kowym, automaty Quick Hit oferuj\u0105 ekscytuj\u0105ce wra\u017cenia, kt\u00f3re sprawiaj\u0105, \u017ce gracze wracaj\u0105 po wi\u0119cej. Niezale\u017cnie od tego, czy jeste\u015b pocz\u0105tkuj\u0105cym, czy do\u015bwiadczonym graczem, automaty Quick Hit to przyjemny i rozrywkowy spos\u00f3b na sprawdzenie swojego szcz\u0119\u015bcia i potencjaln\u0105 wygran\u0105. Dlatego nast\u0119pnym razem, gdy b\u0119dziesz w kasynie, koniecznie zakr\u0119\u0107 automatami Quick Hit, aby mie\u0107 szans\u0119 na wielk\u0105 wygran\u0105!<\/p>\n<p><img loading=\"lazy\" decoding=\"async\" class=\"aligncenter size-full wp-image-8361\" src=\"https:\/\/rocketplay-new.com\/wp-content\/uploads\/2025\/07\/quick-hit-2.webp\" alt=\"Quick Hit 2\" width=\"800\" height=\"361\" srcset=\"https:\/\/rocketplay-new.com\/wp-content\/uploads\/2025\/07\/quick-hit-2.webp 800w, https:\/\/rocketplay-new.com\/wp-content\/uploads\/2025\/07\/quick-hit-2-300x135.webp 300w, https:\/\/rocketplay-new.com\/wp-content\/uploads\/2025\/07\/quick-hit-2-768x347.webp 768w\" sizes=\"auto, (max-width: 800px) 100vw, 800px\" \/><\/p>\n<h2>AUTOMAT QUICK HIT: TEMAT, GRAFIKA I MUZYKA<\/h2>\n<p>Automat Quick Hit to popularna gra dost\u0119pna w kasynach na ca\u0142ym \u015bwiecie. Motywem przewodnim gry s\u0105 tradycyjne symbole automat\u00f3w, takie jak wi\u015bnie, dzwonki i si\u00f3demki, z nowoczesnym akcentem. Grafika gry jest jasna i kolorowa, z migaj\u0105cymi \u015bwiat\u0142ami i animacjami, kt\u00f3re tworz\u0105 ekscytuj\u0105c\u0105 atmosfer\u0119. Muzyka w grze jest energiczna i radosna, co pot\u0119guje emocje podczas gry. Po\u0142\u0105czenie motywu przewodniego, grafiki i muzyki sprawia, \u017ce \u200b\u200bautomat Quick Hit to przyjemne i wci\u0105gaj\u0105ce do\u015bwiadczenie dla graczy, kt\u00f3rzy chc\u0105 spr\u00f3bowa\u0107 szcz\u0119\u015bcia w grze na du\u017c\u0105 wygran\u0105. Niezale\u017cnie od tego, czy jeste\u015b do\u015bwiadczonym, czy okazjonalnym graczem, automat Quick Hit z pewno\u015bci\u0105 zapewni Ci godziny rozrywki.<\/p>\n<h2>JAK GRA\u0106 NA AUTOMACIE QUICK HIT<\/h2>\n<p>Automat Quick Hit to popularna gra dost\u0119pna w wielu kasynach, w kt\u00f3r\u0105 mo\u017cna gra\u0107 r\u00f3wnie\u017c online. Aby zagra\u0107 w t\u0119 gr\u0119, najpierw musisz wybra\u0107 stawk\u0119 zak\u0142adu, dostosowuj\u0105c rozmiar monety i liczb\u0119 linii wyp\u0142at, na kt\u00f3re chcesz postawi\u0107. Po ustawieniu zak\u0142adu wystarczy nacisn\u0105\u0107 przycisk \u201eSpin\u201d, aby rozpocz\u0105\u0107 gr\u0119. Celem jest dopasowanie symboli na liniach wyp\u0142at, aby wygra\u0107 nagrody. Zwr\u00f3\u0107 uwag\u0119 na symbole specjalne, takie jak logo Quick Hit, kt\u00f3re mog\u0105 zapewni\u0107 Ci natychmiastowe nagrody pieni\u0119\u017cne lub uruchomi\u0107 rundy bonusowe. Gra oferuje r\u00f3wnie\u017c symbole scatter, symbole wild i darmowe spiny, kt\u00f3re podtrzymaj\u0105 emocje. Og\u00f3lnie rzecz bior\u0105c, Quick Hit to dynamiczna i ekscytuj\u0105ca gra, kt\u00f3ra oferuje szans\u0119 na wygranie du\u017cych nagr\u00f3d przy ka\u017cdym obrocie. Spr\u00f3buj i przekonaj si\u0119, czy uda Ci si\u0119 trafi\u0107 jackpota!<\/p>\n<div class=\"go-btn-container\"><div class=\"tosh-btn\"><a href=\"\/go-casino\/\" target=\"_blank\" rel=\"noopener\">GRAJ TERAZ<\/a><\/div><\/div>\n<h2>AUTOMAT QUICK HIT: OPCJE ZAK\u0141AD\u00d3W I POTENCJA\u0141 WYGRANYCH<\/h2>\n<p>Automat Quick Hit jest popularnym wyborem w\u015br\u00f3d graczy kasyn ze wzgl\u0119du na dynamiczn\u0105 rozgrywk\u0119 i ekscytuj\u0105ce funkcje bonusowe. Jedn\u0105 z g\u0142\u00f3wnych atrakcji tego automatu jest szeroki wachlarz opcji obstawiania, pozwalaj\u0105cy graczom dostosowa\u0107 wysoko\u015b\u0107 zak\u0142adu do bud\u017cetu i stylu gry. Z nomina\u0142ami od kilku cent\u00f3w do kilku dolar\u00f3w na obr\u00f3t, gracze mog\u0105 obstawia\u0107 konserwatywnie lub postawi\u0107 wszystko na jedn\u0105 kart\u0119, licz\u0105c na wi\u0119ksze wygrane. Gra oferuje r\u00f3wnie\u017c r\u00f3\u017cne sposoby na wygran\u0105, z mo\u017cliwo\u015bci\u0105 wysokich wygranych dzi\u0119ki rundom bonusowym i symbolom scatter. Dzi\u0119ki wysokiemu wsp\u00f3\u0142czynnikowi RTP (zwrotu dla gracza) gracze maj\u0105 du\u017c\u0105 szans\u0119 na odzyskanie cz\u0119\u015bci swoich zak\u0142ad\u00f3w w d\u0142u\u017cszej perspektywie, co sprawia, \u017ce \u200b\u200bautomat Quick Hit jest popularnym wyborem zar\u00f3wno dla okazjonalnych, jak i powa\u017cnych graczy. Niezale\u017cnie od tego, czy wolisz gra\u0107 bezpiecznie, czy zaryzykowa\u0107 i liczy\u0107 na du\u017ce wygrane, automat Quick Hit oferuje co\u015b dla ka\u017cdego.<\/p>\n<p><img loading=\"lazy\" decoding=\"async\" class=\"aligncenter size-full wp-image-8352\" src=\"https:\/\/rocketplay-new.com\/wp-content\/uploads\/2025\/07\/quick-hit-1.webp\" alt=\"Quick Hit\" width=\"800\" height=\"435\" srcset=\"https:\/\/rocketplay-new.com\/wp-content\/uploads\/2025\/07\/quick-hit-1.webp 800w, https:\/\/rocketplay-new.com\/wp-content\/uploads\/2025\/07\/quick-hit-1-300x163.webp 300w, https:\/\/rocketplay-new.com\/wp-content\/uploads\/2025\/07\/quick-hit-1-768x418.webp 768w\" sizes=\"auto, (max-width: 800px) 100vw, 800px\" \/><\/p>\n<h2>NAJCZ\u0118\u015aCIEJ ZADAWANE PYTANIA I ODPOWIEDZI \u2013 AUTOMAT DO GRY QUICK HIT<\/h2>\n<p>Automat do gry Quick Hit to popularna gra zar\u00f3wno w kasynach, jak i kasynach online, kt\u00f3ra cz\u0119sto pozostawia graczy z pytaniami o jej dzia\u0142anie. Jednym z cz\u0119sto zadawanych pyta\u0144 jest to, jak wygra\u0107 na automacie Quick Hit. Kluczem do wygranej w tej grze jest dopasowanie symboli na b\u0119bnach w zwyci\u0119sk\u0105 kombinacj\u0119, a r\u00f3\u017cne kombinacje oferuj\u0105 r\u00f3\u017cne wyp\u0142aty. Kolejnym cz\u0119sto zadawanym pytaniem jest, jak uruchomi\u0107 rundy bonusowe na automacie Quick Hit. Aby uruchomi\u0107 rundy bonusowe, gracze musz\u0105 trafi\u0107 okre\u015blon\u0105 liczb\u0119 symboli scatter na b\u0119bnach, co odblokowuje darmowe spiny lub inne funkcje bonusowe. Gracze cz\u0119sto zastanawiaj\u0105 si\u0119 r\u00f3wnie\u017c nad wska\u017anikiem RTP (zwrotu dla gracza) automatu Quick Hit, kt\u00f3ry zazwyczaj oscyluje w okolicach 94%. Og\u00f3lnie rzecz bior\u0105c, zrozumienie podstaw dzia\u0142ania gry i znajomo\u015b\u0107 szans na wygran\u0105 mo\u017ce pom\u00f3c graczom w czerpaniu wi\u0119kszej przyjemno\u015bci i potencjalnie wi\u0119kszych zysk\u00f3w z gry na automacie Quick Hit.<\/p>\n","protected":false},"excerpt":{"rendered":"<p>Automat Quick Hit to popularna gra w\u015br\u00f3d entuzjast\u00f3w kasyn szukaj\u0105cych szybkiej i ekscytuj\u0105cej rozgrywki. Dzi\u0119ki dynamicznej rozgrywce i hojnym wyp\u0142atom, ten automat jest ulubionym wyborem graczy, kt\u00f3rzy chc\u0105 wygra\u0107 du\u017ce pieni\u0105dze. Gra oferuje klasyczne symbole, takie jak wi\u015bnie, dzwonki i si\u00f3demki, a tak\u017ce specjalne funkcje bonusowe, takie jak darmowe spiny i mno\u017cniki. Gracze mog\u0105 spr\u00f3bowa\u0107&#8230;<\/p>\n","protected":false},"author":1,"featured_media":6428,"parent":2275,"menu_order":0,"comment_status":"closed","ping_status":"closed","template":"","meta":{"_acf_changed":false,"_kad_post_transparent":"default","_kad_post_title":"default","_kad_post_layout":"default","_kad_post_sidebar_id":"","_kad_post_content_style":"default","_kad_post_vertical_padding":"default","_kad_post_feature":"","_kad_post_feature_position":"","_kad_post_header":false,"_kad_post_footer":false,"footnotes":""},"class_list":["post-8381","page","type-page","status-publish","has-post-thumbnail","hentry"],"acf":[],"rttpg_featured_image_url":{"full":["https:\/\/rocketplay-new.com\/wp-content\/uploads\/2025\/05\/quick-hit-slot-machine-play-slot-for-free.png",967,677,false],"landscape":["https:\/\/rocketplay-new.com\/wp-content\/uploads\/2025\/05\/quick-hit-slot-machine-play-slot-for-free.png",967,677,false],"portraits":["https:\/\/rocketplay-new.com\/wp-content\/uploads\/2025\/05\/quick-hit-slot-machine-play-slot-for-free.png",967,677,false],"thumbnail":["https:\/\/rocketplay-new.com\/wp-content\/uploads\/2025\/05\/quick-hit-slot-machine-play-slot-for-free-150x150.png",150,150,true],"medium":["https:\/\/rocketplay-new.com\/wp-content\/uploads\/2025\/05\/quick-hit-slot-machine-play-slot-for-free-300x210.png",300,210,true],"large":["https:\/\/rocketplay-new.com\/wp-content\/uploads\/2025\/05\/quick-hit-slot-machine-play-slot-for-free.png",967,677,false],"1536x1536":["https:\/\/rocketplay-new.com\/wp-content\/uploads\/2025\/05\/quick-hit-slot-machine-play-slot-for-free.png",967,677,false],"2048x2048":["https:\/\/rocketplay-new.com\/wp-content\/uploads\/2025\/05\/quick-hit-slot-machine-play-slot-for-free.png",967,677,false],"wppb-medium":["https:\/\/rocketplay-new.com\/wp-content\/uploads\/2025\/05\/quick-hit-slot-machine-play-slot-for-free-600x450.png",600,450,true]},"rttpg_author":{"display_name":"John","author_link":"https:\/\/rocketplay-new.com\/pl\/author\/pemvas95n89x\/"},"rttpg_comment":0,"rttpg_category":null,"rttpg_excerpt":"Automat Quick Hit to popularna gra w\u015br\u00f3d entuzjast\u00f3w kasyn szukaj\u0105cych szybkiej i ekscytuj\u0105cej rozgrywki. Dzi\u0119ki dynamicznej rozgrywce i hojnym wyp\u0142atom, ten automat jest ulubionym wyborem graczy, kt\u00f3rzy chc\u0105 wygra\u0107 du\u017ce pieni\u0105dze. Gra oferuje klasyczne symbole, takie jak wi\u015bnie, dzwonki i si\u00f3demki, a tak\u017ce specjalne funkcje bonusowe, takie jak darmowe spiny i mno\u017cniki. Gracze mog\u0105 spr\u00f3bowa\u0107...","_links":{"self":[{"href":"https:\/\/rocketplay-new.com\/pl\/wp-json\/wp\/v2\/pages\/8381","targetHints":{"allow":["GET"]}}],"collection":[{"href":"https:\/\/rocketplay-new.com\/pl\/wp-json\/wp\/v2\/pages"}],"about":[{"href":"https:\/\/rocketplay-new.com\/pl\/wp-json\/wp\/v2\/types\/page"}],"author":[{"embeddable":true,"href":"https:\/\/rocketplay-new.com\/pl\/wp-json\/wp\/v2\/users\/1"}],"replies":[{"embeddable":true,"href":"https:\/\/rocketplay-new.com\/pl\/wp-json\/wp\/v2\/comments?post=8381"}],"version-history":[{"count":2,"href":"https:\/\/rocketplay-new.com\/pl\/wp-json\/wp\/v2\/pages\/8381\/revisions"}],"predecessor-version":[{"id":8384,"href":"https:\/\/rocketplay-new.com\/pl\/wp-json\/wp\/v2\/pages\/8381\/revisions\/8384"}],"up":[{"embeddable":true,"href":"https:\/\/rocketplay-new.com\/pl\/wp-json\/wp\/v2\/pages\/2275"}],"wp:featuredmedia":[{"embeddable":true,"href":"https:\/\/rocketplay-new.com\/pl\/wp-json\/wp\/v2\/media\/6428"}],"wp:attachment":[{"href":"https:\/\/rocketplay-new.com\/pl\/wp-json\/wp\/v2\/media?parent=8381"}],"curies":[{"name":"wp","href":"https:\/\/api.w.org\/{rel}","templated":true}]}}