{"id":8344,"date":"2025-05-28T23:28:31","date_gmt":"2025-05-28T20:28:31","guid":{"rendered":"https:\/\/rocketplay-new.com\/slot-machines\/wheel-of-fortune\/"},"modified":"2025-07-11T21:22:51","modified_gmt":"2025-07-11T18:22:51","slug":"wheel-of-fortune","status":"publish","type":"page","link":"https:\/\/rocketplay-new.com\/pl\/slot-machines\/wheel-of-fortune\/","title":{"rendered":"Automat do gry Ko\u0142o Fortuny \u2013 graj za darmo"},"content":{"rendered":"<p>Automat Wheel of Fortune to popularna gra, kt\u00f3ra oferuje graczom szans\u0119 na wygranie du\u017cych nagr\u00f3d. Dzi\u0119ki kultowej funkcji ko\u0142a, gracze mog\u0105 kr\u0119ci\u0107, aby mie\u0107 szans\u0119 na wygranie nagr\u00f3d pieni\u0119\u017cnych, darmowych spin\u00f3w, a nawet progresywnego jackpota. Gra jest \u0142atwa w obs\u0142udze i oferuje ekscytuj\u0105c\u0105 rozgrywk\u0119 dzi\u0119ki jasnej i kolorowej grafice. Gracze mog\u0105 teraz gra\u0107 w automat Wheel of Fortune za darmo online, bez konieczno\u015bci pobierania oprogramowania ani dokonywania wp\u0142aty. Dzi\u0119ki zabawnej i wci\u0105gaj\u0105cej rozgrywce, automat Wheel of Fortune to doskona\u0142y wyb\u00f3r zar\u00f3wno dla pocz\u0105tkuj\u0105cych, jak i do\u015bwiadczonych graczy, kt\u00f3rzy szukaj\u0105 emocji i szansy na du\u017c\u0105 wygran\u0105.<\/p>\n<div class=\"go-btn-container\"><div class=\"tosh-btn\"><a href=\"\/go-casino\/\" target=\"_blank\" rel=\"noopener\">GRAJ TERAZ<\/a><\/div><\/div>\n<h2>PRZEGL\u0104D AUTOMATU KO\u0141O FORTUNE<\/h2>\n<p>Automat Wheel of Fortune to popularna i kultowa gra, dost\u0119pna w wielu kasynach na ca\u0142ym \u015bwiecie. Gra oparta jest na popularnym teleturnieju o tym samym tytule, w kt\u00f3rym gracze kr\u0119c\u0105 du\u017cym ko\u0142em, aby wygra\u0107 got\u00f3wk\u0119 i nagrody. W wersji na automatach gracze kr\u0119c\u0105 wirtualnym ko\u0142em, aby wygra\u0107 kredyty, darmowe spiny i rundy bonusowe. Gra oferuje kolorow\u0105 grafik\u0119, ekscytuj\u0105ce efekty d\u017awi\u0119kowe i szans\u0119 na wygranie du\u017cych jackpot\u00f3w. Dzi\u0119ki prostej rozgrywce i dreszczykowi emocji towarzysz\u0105cemu kr\u0119ceniu ko\u0142em, automat Wheel of Fortune jest ulubionym automatem zar\u00f3wno w\u015br\u00f3d okazjonalnych, jak i do\u015bwiadczonych graczy. Niezale\u017cnie od tego, czy jeste\u015b fanem serialu, czy po prostu szukasz zabawnej i wci\u0105gaj\u0105cej gry, automat Wheel of Fortune z pewno\u015bci\u0105 zapewni Ci godziny emocji i przyjemno\u015bci.<\/p>\n<p><img loading=\"lazy\" decoding=\"async\" class=\"aligncenter size-full wp-image-8308\" src=\"https:\/\/rocketplay-new.com\/wp-content\/uploads\/2025\/07\/wheel-of-fortune-2.webp\" alt=\"Wheel of Fortune 2\" width=\"800\" height=\"432\" srcset=\"https:\/\/rocketplay-new.com\/wp-content\/uploads\/2025\/07\/wheel-of-fortune-2.webp 800w, https:\/\/rocketplay-new.com\/wp-content\/uploads\/2025\/07\/wheel-of-fortune-2-300x162.webp 300w, https:\/\/rocketplay-new.com\/wp-content\/uploads\/2025\/07\/wheel-of-fortune-2-768x415.webp 768w\" sizes=\"auto, (max-width: 800px) 100vw, 800px\" \/><\/p>\n<h2>AUTOMAT DO GRY WHEEL OF FORTUNE: TEMAT, GRAFIKA I MUZYKA<\/h2>\n<p>Automat do gry Wheel of Fortune to popularna gra w kasynach na ca\u0142ym \u015bwiecie, znana z barwnego motywu, \u017cywej grafiki i wpadaj\u0105cej w ucho muzyki. Motyw przewodni gry nawi\u0105zuje do popularnego teleturnieju o tym samym tytule, w kt\u00f3rym pojawia si\u0119 kultowe ko\u0142o fortuny, na kt\u00f3rym gracze musz\u0105 wyl\u0105dowa\u0107, aby wygra\u0107 du\u017ce nagrody. Grafika automatu jest jasna i anga\u017cuj\u0105ca, a b\u0119bny zdobi\u0105 symbole takie jak luksusowe samochody, wakacje i nagrody pieni\u0119\u017cne. Grafika jest cz\u0119sto efektowna i przyci\u0105gaj\u0105ca wzrok, co pot\u0119guje emocje rozgrywki. Muzyka towarzysz\u0105ca grze jest energiczna i dynamiczna, tworz\u0105c \u017cyw\u0105 atmosfer\u0119 dla graczy kr\u0119c\u0105cych b\u0119bnami w nadziei na trafienie jackpota. Podsumowuj\u0105c, automat do gry Wheel of Fortune oferuje \u015bwietn\u0105 zabaw\u0119 i rozrywk\u0119 dla graczy poszukuj\u0105cych ekscytuj\u0105cych wra\u017ce\u0144.<\/p>\n<h2>JAK GRA\u0106 NA AUTOMACIE KO\u0141O FORTUNY<\/h2>\n<p>Gra na automacie Ko\u0142o Fortuny to ekscytuj\u0105ce i emocjonuj\u0105ce do\u015bwiadczenie, kt\u00f3re przy odrobinie szcz\u0119\u015bcia mo\u017ce przynie\u015b\u0107 du\u017ce wygrane. Aby zacz\u0105\u0107, najpierw wybierz maszyn\u0119 i wrzu\u0107 pieni\u0105dze lub kupon. Po wykonaniu tej czynno\u015bci zdecyduj, na ile linii wyp\u0142at chcesz postawi\u0107 i ile chcesz postawi\u0107 na ka\u017cd\u0105 lini\u0119. Nast\u0119pnie naci\u015bnij przycisk \u201eSpin\u201d i obserwuj, jak kr\u0119c\u0105 si\u0119 b\u0119bny. Je\u015bli trafisz na zwyci\u0119sk\u0105 kombinacj\u0119, otrzymasz wyp\u0142at\u0119 zgodn\u0105 z tabel\u0105 wyp\u0142at. Prawdziwe emocje pojawiaj\u0105 si\u0119 po uruchomieniu rundy bonusowej, w kt\u00f3rej masz szans\u0119 zakr\u0119ci\u0107 kultowym ko\u0142em i wygra\u0107 jeszcze wi\u0119ksze nagrody. Pami\u0119taj, \u017ce ka\u017cda maszyna mo\u017ce mie\u0107 nieco inne zasady i funkcje, dlatego warto przeczyta\u0107 instrukcj\u0119 przed rozpocz\u0119ciem gry. Og\u00f3lnie rzecz bior\u0105c, gra na automacie Ko\u0142o Fortuny to przyjemna i dynamiczna gra, kt\u00f3ra mo\u017ce potencjalnie przynie\u015b\u0107 du\u017ce wygrane, je\u015bli szcz\u0119\u015bcie Ci sprzyja.<\/p>\n<div class=\"go-btn-container\"><div class=\"tosh-btn\"><a href=\"\/go-casino\/\" target=\"_blank\" rel=\"noopener\">GRAJ TERAZ<\/a><\/div><\/div>\n<h2>AUTOMAT KO\u0141O FORTUNY: OPCJE ZAK\u0141AD\u00d3W I POTENCJA\u0141 WYGRANEJ<\/h2>\n<p>Automat Ko\u0142o Fortuny to popularna gra w kasynach na ca\u0142ym \u015bwiecie, znana z ekscytuj\u0105cej rozgrywki i mo\u017cliwo\u015bci du\u017cych wygranych. Jednym z kluczowych aspekt\u00f3w gry, kt\u00f3ry sprawia, \u017ce \u200b\u200bgracze wracaj\u0105 po wi\u0119cej, s\u0105 oferowane przez ni\u0105 opcje zak\u0142ad\u00f3w i potencja\u0142 wygranej. Gracze mog\u0105 wybiera\u0107 spo\u015br\u00f3d wielu opcji zak\u0142ad\u00f3w, od kilku cent\u00f3w do kilku dolar\u00f3w za obr\u00f3t, co czyni j\u0105 dost\u0119pn\u0105 dla graczy o ka\u017cdym bud\u017cecie. Gra oferuje r\u00f3wnie\u017c wiele sposob\u00f3w na wygran\u0105, w tym dopasowanie symboli na b\u0119bnach i uruchamianie rund bonusowych, kt\u00f3re mog\u0105 prowadzi\u0107 do jeszcze wi\u0119kszych wyp\u0142at. Dzi\u0119ki kultowej funkcji ko\u0142a, kt\u00f3ra mo\u017ce przyznawa\u0107 mno\u017cniki i nagrody bonusowe, potencja\u0142 wygranej na automacie Ko\u0142o Fortuny jest wysoki, co trzyma graczy w napi\u0119ciu, gdy kr\u0119c\u0105 b\u0119bnami w nadziei na trafienie jackpota. Niezale\u017cnie od tego, czy jeste\u015b okazjonalnym graczem szukaj\u0105cym rozrywki, czy te\u017c wielorybem poluj\u0105cym na du\u017c\u0105 wygran\u0105, automat do gry Wheel of Fortune oferuje co\u015b dla ka\u017cdego.<\/p>\n<p><img loading=\"lazy\" decoding=\"async\" class=\"aligncenter size-full wp-image-8299\" src=\"https:\/\/rocketplay-new.com\/wp-content\/uploads\/2025\/07\/wheel-of-fortune-1.webp\" alt=\"Wheel of Fortune\" width=\"800\" height=\"560\" srcset=\"https:\/\/rocketplay-new.com\/wp-content\/uploads\/2025\/07\/wheel-of-fortune-1.webp 800w, https:\/\/rocketplay-new.com\/wp-content\/uploads\/2025\/07\/wheel-of-fortune-1-300x210.webp 300w, https:\/\/rocketplay-new.com\/wp-content\/uploads\/2025\/07\/wheel-of-fortune-1-768x538.webp 768w\" sizes=\"auto, (max-width: 800px) 100vw, 800px\" \/><\/p>\n<h2>NAJCZ\u0118\u015aCIEJ ZADAWANE PYTANIA I ODPOWIEDZI \u2013 AUTOMAT DO GRY WHEEL OF FORTUNE<\/h2>\n<p>Automat do gry Wheel of Fortune to popularna gra dost\u0119pna w wielu kasynach i na platformach hazardowych online. Gracze cz\u0119sto zadaj\u0105 pytania dotycz\u0105ce tego, jak gra\u0107 i maksymalizowa\u0107 swoje szanse na wygran\u0105. Jednym z cz\u0119stych pyta\u0144 jest to, jak dzia\u0142aj\u0105 rundy bonusowe w automacie Wheel of Fortune. Rundy bonusowe s\u0105 aktywowane po trafieniu okre\u015blonych symboli lub kombinacji, a gracze maj\u0105 szans\u0119 zakr\u0119ci\u0107 kultowym ko\u0142em, aby wygra\u0107 du\u017ce nagrody. Kolejnym cz\u0119stym pytaniem jest to, czy istniej\u0105 jakie\u015b strategie zwi\u0119kszaj\u0105ce szanse na wygran\u0105 w automacie Wheel of Fortune. Chocia\u017c gra w du\u017cej mierze opiera si\u0119 na szcz\u0119\u015bciu, niekt\u00f3rzy gracze uwa\u017caj\u0105, \u017ce obstawianie maksymalnych stawek lub granie przez d\u0142u\u017cszy czas mo\u017ce zwi\u0119kszy\u0107 ich szanse. Og\u00f3lnie rzecz bior\u0105c, automat do gry Wheel of Fortune to zabawna i ekscytuj\u0105ca gra, kt\u00f3ra oferuje szans\u0119 na wygranie du\u017cych nagr\u00f3d przy ka\u017cdym obrocie.<\/p>\n","protected":false},"excerpt":{"rendered":"<p>Automat Wheel of Fortune to popularna gra, kt\u00f3ra oferuje graczom szans\u0119 na wygranie du\u017cych nagr\u00f3d. Dzi\u0119ki kultowej funkcji ko\u0142a, gracze mog\u0105 kr\u0119ci\u0107, aby mie\u0107 szans\u0119 na wygranie nagr\u00f3d pieni\u0119\u017cnych, darmowych spin\u00f3w, a nawet progresywnego jackpota. Gra jest \u0142atwa w obs\u0142udze i oferuje ekscytuj\u0105c\u0105 rozgrywk\u0119 dzi\u0119ki jasnej i kolorowej grafice. Gracze mog\u0105 teraz gra\u0107 w automat&#8230;<\/p>\n","protected":false},"author":1,"featured_media":6399,"parent":2275,"menu_order":0,"comment_status":"closed","ping_status":"closed","template":"","meta":{"_acf_changed":false,"_kad_post_transparent":"default","_kad_post_title":"default","_kad_post_layout":"default","_kad_post_sidebar_id":"","_kad_post_content_style":"default","_kad_post_vertical_padding":"default","_kad_post_feature":"","_kad_post_feature_position":"","_kad_post_header":false,"_kad_post_footer":false,"footnotes":""},"class_list":["post-8344","page","type-page","status-publish","has-post-thumbnail","hentry"],"acf":[],"rttpg_featured_image_url":{"full":["https:\/\/rocketplay-new.com\/wp-content\/uploads\/2025\/05\/wheel-of-fortune-slot-machine-play-slot-for-free.png",893,435,false],"landscape":["https:\/\/rocketplay-new.com\/wp-content\/uploads\/2025\/05\/wheel-of-fortune-slot-machine-play-slot-for-free.png",893,435,false],"portraits":["https:\/\/rocketplay-new.com\/wp-content\/uploads\/2025\/05\/wheel-of-fortune-slot-machine-play-slot-for-free.png",893,435,false],"thumbnail":["https:\/\/rocketplay-new.com\/wp-content\/uploads\/2025\/05\/wheel-of-fortune-slot-machine-play-slot-for-free-150x150.png",150,150,true],"medium":["https:\/\/rocketplay-new.com\/wp-content\/uploads\/2025\/05\/wheel-of-fortune-slot-machine-play-slot-for-free-300x146.png",300,146,true],"large":["https:\/\/rocketplay-new.com\/wp-content\/uploads\/2025\/05\/wheel-of-fortune-slot-machine-play-slot-for-free.png",893,435,false],"1536x1536":["https:\/\/rocketplay-new.com\/wp-content\/uploads\/2025\/05\/wheel-of-fortune-slot-machine-play-slot-for-free.png",893,435,false],"2048x2048":["https:\/\/rocketplay-new.com\/wp-content\/uploads\/2025\/05\/wheel-of-fortune-slot-machine-play-slot-for-free.png",893,435,false],"wppb-medium":["https:\/\/rocketplay-new.com\/wp-content\/uploads\/2025\/05\/wheel-of-fortune-slot-machine-play-slot-for-free-600x435.png",600,435,true]},"rttpg_author":{"display_name":"John","author_link":"https:\/\/rocketplay-new.com\/pl\/author\/pemvas95n89x\/"},"rttpg_comment":0,"rttpg_category":null,"rttpg_excerpt":"Automat Wheel of Fortune to popularna gra, kt\u00f3ra oferuje graczom szans\u0119 na wygranie du\u017cych nagr\u00f3d. Dzi\u0119ki kultowej funkcji ko\u0142a, gracze mog\u0105 kr\u0119ci\u0107, aby mie\u0107 szans\u0119 na wygranie nagr\u00f3d pieni\u0119\u017cnych, darmowych spin\u00f3w, a nawet progresywnego jackpota. Gra jest \u0142atwa w obs\u0142udze i oferuje ekscytuj\u0105c\u0105 rozgrywk\u0119 dzi\u0119ki jasnej i kolorowej grafice. Gracze mog\u0105 teraz gra\u0107 w automat...","_links":{"self":[{"href":"https:\/\/rocketplay-new.com\/pl\/wp-json\/wp\/v2\/pages\/8344","targetHints":{"allow":["GET"]}}],"collection":[{"href":"https:\/\/rocketplay-new.com\/pl\/wp-json\/wp\/v2\/pages"}],"about":[{"href":"https:\/\/rocketplay-new.com\/pl\/wp-json\/wp\/v2\/types\/page"}],"author":[{"embeddable":true,"href":"https:\/\/rocketplay-new.com\/pl\/wp-json\/wp\/v2\/users\/1"}],"replies":[{"embeddable":true,"href":"https:\/\/rocketplay-new.com\/pl\/wp-json\/wp\/v2\/comments?post=8344"}],"version-history":[{"count":2,"href":"https:\/\/rocketplay-new.com\/pl\/wp-json\/wp\/v2\/pages\/8344\/revisions"}],"predecessor-version":[{"id":8347,"href":"https:\/\/rocketplay-new.com\/pl\/wp-json\/wp\/v2\/pages\/8344\/revisions\/8347"}],"up":[{"embeddable":true,"href":"https:\/\/rocketplay-new.com\/pl\/wp-json\/wp\/v2\/pages\/2275"}],"wp:featuredmedia":[{"embeddable":true,"href":"https:\/\/rocketplay-new.com\/pl\/wp-json\/wp\/v2\/media\/6399"}],"wp:attachment":[{"href":"https:\/\/rocketplay-new.com\/pl\/wp-json\/wp\/v2\/media?parent=8344"}],"curies":[{"name":"wp","href":"https:\/\/api.w.org\/{rel}","templated":true}]}}