{"id":8275,"date":"2025-05-28T23:22:05","date_gmt":"2025-05-28T20:22:05","guid":{"rendered":"https:\/\/rocketplay-new.com\/slot-machines\/ugga-bugga\/"},"modified":"2025-07-11T20:18:06","modified_gmt":"2025-07-11T17:18:06","slug":"ugga-bugga","status":"publish","type":"page","link":"https:\/\/rocketplay-new.com\/pl\/slot-machines\/ugga-bugga\/","title":{"rendered":"Automat do gry Ugga Bugga \u2013 graj w automaty za darmo"},"content":{"rendered":"<p>Ugga Bugga to zabawny i ekscytuj\u0105cy automat do gry, kt\u00f3ry oferuje graczom mo\u017cliwo\u015b\u0107 gry za darmo. Dzi\u0119ki kolorowemu motywowi d\u017cungli i wci\u0105gaj\u0105cej rozgrywce, Ugga Bugga z pewno\u015bci\u0105 zapewni graczom rozrywk\u0119 na d\u0142ugie godziny. Gra oferuje unikalny format z 3 b\u0119bnami i 10 liniami, kt\u00f3ry daje graczom mn\u00f3stwo okazji do du\u017cych wygranych. Dodatkowo, dzi\u0119ki mo\u017cliwo\u015bci gry za darmo, gracze mog\u0105 cieszy\u0107 si\u0119 wszystkimi emocjami Ugga Bugga bez wydawania ani grosza. Po co wi\u0119c czeka\u0107? Spr\u00f3buj szcz\u0119\u015bcia w Ugga Bugga ju\u017c dzi\u015b i przekonaj si\u0119, czy uda Ci si\u0119 wygra\u0107!<\/p>\n<div class=\"go-btn-container\"><div class=\"tosh-btn\"><a href=\"\/go-casino\/\" target=\"_blank\" rel=\"noopener\">GRAJ TERAZ<\/a><\/div><\/div>\n<h2>PRZEGL\u0104D AUTOMATU UGGA BUGGA<\/h2>\n<p>Ugga Bugga to wyj\u0105tkowa i wci\u0105gaj\u0105ca gra na automacie, kt\u00f3ra oferuje graczom wci\u0105gaj\u0105ce i pe\u0142ne wra\u017ce\u0144 do\u015bwiadczenie. Stworzona przez Playtech, gra charakteryzuje si\u0119 motywem d\u017cungli, kolorow\u0105 grafik\u0105 i efektami d\u017awi\u0119kowymi, kt\u00f3re przenosz\u0105 graczy do tropikalnego raju. Gra rozgrywa si\u0119 na siatce 3&#215;3 z 10 liniami wyp\u0142at, daj\u0105c graczom mn\u00f3stwo mo\u017cliwo\u015bci na du\u017ce wygrane. Jedn\u0105 z wyr\u00f3\u017cniaj\u0105cych cech Ugga Bugga jest wysoki wska\u017anik RTP (zwrotu dla gracza) wynosz\u0105cy 99,07%, co czyni go jednym z najbardziej satysfakcjonuj\u0105cych automat\u00f3w w bran\u017cy. Dodatkowo, gra oferuje szeroki wachlarz opcji zak\u0142ad\u00f3w, dostosowanych do ka\u017cdego typu gracza, od okazjonalnych graczy po graczy o wysokich stawkach. Dzi\u0119ki dynamicznej rozgrywce i ekscytuj\u0105cym funkcjom bonusowym, Ugga Bugga to pozycja obowi\u0105zkowa dla ka\u017cdego, kto szuka emocjonuj\u0105cej rozgrywki na automacie.<\/p>\n<p><img loading=\"lazy\" decoding=\"async\" class=\"aligncenter size-full wp-image-8255\" src=\"https:\/\/rocketplay-new.com\/wp-content\/uploads\/2025\/07\/ugga-bugga-slot-machine-2.webp\" alt=\"Ugga Bugga slot machine 2\" width=\"800\" height=\"384\" srcset=\"https:\/\/rocketplay-new.com\/wp-content\/uploads\/2025\/07\/ugga-bugga-slot-machine-2.webp 800w, https:\/\/rocketplay-new.com\/wp-content\/uploads\/2025\/07\/ugga-bugga-slot-machine-2-300x144.webp 300w, https:\/\/rocketplay-new.com\/wp-content\/uploads\/2025\/07\/ugga-bugga-slot-machine-2-768x369.webp 768w\" sizes=\"auto, (max-width: 800px) 100vw, 800px\" \/><\/p>\n<h2>AUTOMAT DO GRY UGGA BUGGA: TEMAT, GRAFIKA I MUZYKA<\/h2>\n<p>Automat do gry Ugga Bugga cieszy si\u0119 popularno\u015bci\u0105 w\u015br\u00f3d graczy kasyn online ze wzgl\u0119du na sw\u00f3j unikalny motyw, urzekaj\u0105c\u0105 grafik\u0119 i wpadaj\u0105c\u0105 w ucho muzyk\u0119. Motyw gry inspirowany jest sceneri\u0105 plemiennej d\u017cungli, a b\u0119bny zdobi\u0105 symbole takie jak maski plemienne, b\u0119bny i tropikalne owoce. Grafika jest \u017cywa i kolorowa, tworz\u0105c wci\u0105gaj\u0105ce wra\u017cenia z gry. Muzyka w grze jest energiczna i dynamiczna, pot\u0119guj\u0105c emocje ka\u017cdego spinu. Po\u0142\u0105czenie motywu plemiennego, osza\u0142amiaj\u0105cej grafiki i wpadaj\u0105cej w ucho muzyki sprawia, \u017ce \u200b\u200bautomat do gry Ugga Bugga to przyjemny i rozrywkowy wyb\u00f3r dla tych, kt\u00f3rzy szukaj\u0105 wyj\u0105tkowych i wci\u0105gaj\u0105cych wra\u017ce\u0144 z gry. Niezale\u017cnie od tego, czy jeste\u015b do\u015bwiadczonym graczem, czy dopiero zaczynasz swoj\u0105 przygod\u0119 ze slotami online, Ugga Bugga z pewno\u015bci\u0105 zapewni Ci godziny rozrywki i potencjalnie lukratywne wygrane.<\/p>\n<h2>JAK GRA\u0106 NA AUTOMACIE UGGA BUGGA<\/h2>\n<p>Ugga Bugga to popularny automat do gry, znany z unikalnej rozgrywki i wysokich wyp\u0142at. Aby zagra\u0107 w Ugga Bugga, gracze musz\u0105 najpierw wybra\u0107 stawk\u0119 zak\u0142adu, a nast\u0119pnie zakr\u0119ci\u0107 b\u0119bnami. Gra oferuje 3 b\u0119bny i 10 linii wyp\u0142at, daj\u0105c graczom mn\u00f3stwo mo\u017cliwo\u015bci na du\u017ce wygrane. Celem gry jest dopasowanie symboli na liniach wyp\u0142at, aby utworzy\u0107 zwyci\u0119skie kombinacje. W\u015br\u00f3d symboli w grze znajduj\u0105 si\u0119 mi\u0119dzy innymi maski plemienne, b\u0119bny i owoce. Aby zwi\u0119kszy\u0107 swoje szanse na wygran\u0105, wa\u017cne jest zapoznanie si\u0119 z tabel\u0105 wyp\u0142at, kt\u00f3ra przedstawia r\u00f3\u017cne wygrane dla ka\u017cdego symbolu. Dodatkowo, Ugga Bugga oferuje funkcje specjalne, takie jak funkcja przytrzymywania, kt\u00f3ra pozwala graczom przytrzyma\u0107 okre\u015blone b\u0119bny do nast\u0119pnego obrotu. Wykorzystuj\u0105c te funkcje i strategie, gracze mog\u0105 zmaksymalizowa\u0107 swoje wygrane i cieszy\u0107 si\u0119 ekscytuj\u0105c\u0105 i satysfakcjonuj\u0105c\u0105 gr\u0105 w Ugga Bugga.<\/p>\n<div class=\"go-btn-container\"><div class=\"tosh-btn\"><a href=\"\/go-casino\/\" target=\"_blank\" rel=\"noopener\">GRAJ TERAZ<\/a><\/div><\/div>\n<h2>AUTOMAT DO GRY UGGA BUGGA: OPCJE ZAK\u0141AD\u00d3W I POTENCJA\u0141 WYGRANYCH<\/h2>\n<p>Automat do gry Ugga Bugga cieszy si\u0119 popularno\u015bci\u0105 w\u015br\u00f3d graczy ze wzgl\u0119du na unikalne opcje obstawiania i wysoki potencja\u0142 wygranych. Dzi\u0119ki 10 dost\u0119pnym liniom wyp\u0142at, gracze mog\u0105 elastycznie dostosowywa\u0107 stawki do swoich preferencji. Nomina\u0142y monet wahaj\u0105 si\u0119 od 0,01 USD do 5 USD, co pozwala graczom obstawia\u0107 dowolne kwoty. Dodatkowo, gracze mog\u0105 obstawia\u0107 wszystkie 10 linii wyp\u0142at, aby zmaksymalizowa\u0107 potencja\u0142 wygranych. Gra oferuje r\u00f3wnie\u017c symbol Wild, kt\u00f3ry pomaga w tworzeniu zwyci\u0119skich kombinacji, a tak\u017ce rund\u0119 bonusow\u0105, kt\u00f3ra oferuje dodatkowe mo\u017cliwo\u015bci wygrania du\u017cych sum. Dzi\u0119ki ekscytuj\u0105cej rozgrywce i lukratywnym nagrodom, automat do gry Ugga Bugga to ekscytuj\u0105cy wyb\u00f3r zar\u00f3wno dla pocz\u0105tkuj\u0105cych, jak i do\u015bwiadczonych graczy, kt\u00f3rzy chc\u0105 cieszy\u0107 si\u0119 zabaw\u0105 i satysfakcjonuj\u0105c\u0105 rozgrywk\u0105.<\/p>\n<p><img loading=\"lazy\" decoding=\"async\" class=\"aligncenter size-full wp-image-8246\" src=\"https:\/\/rocketplay-new.com\/wp-content\/uploads\/2025\/07\/ugga-bugga-slot-machine-1.webp\" alt=\"Ugga Bugga slot machine\" width=\"800\" height=\"592\" srcset=\"https:\/\/rocketplay-new.com\/wp-content\/uploads\/2025\/07\/ugga-bugga-slot-machine-1.webp 800w, https:\/\/rocketplay-new.com\/wp-content\/uploads\/2025\/07\/ugga-bugga-slot-machine-1-300x222.webp 300w, https:\/\/rocketplay-new.com\/wp-content\/uploads\/2025\/07\/ugga-bugga-slot-machine-1-768x568.webp 768w\" sizes=\"auto, (max-width: 800px) 100vw, 800px\" \/><\/p>\n<h2>NAJCZ\u0118\u015aCIEJ ZADAWANE PYTANIA I ODPOWIEDZI \u2013 AUTOMAT DO GRY UGGA BUGGA<\/h2>\n<p>Automat do gry Ugga Bugga to popularna gra w\u015br\u00f3d entuzjast\u00f3w kasyn, ale wielu graczy ma pytania dotycz\u0105ce jej dzia\u0142ania i maksymalizacji szans na wygran\u0105. Jednym z cz\u0119stych pyta\u0144 jest to, czy istnieje strategia gry w Ugga Bugga. Chocia\u017c nie ma gwarantowanej strategii, kt\u00f3ra zagwarantuje wygran\u0105 za ka\u017cdym razem, gracze mog\u0105 zwi\u0119kszy\u0107 swoje szanse, obstawiaj\u0105c maksymaln\u0105 kwot\u0119 i korzystaj\u0105c z funkcji bonusowych lub symboli specjalnych. Innym cz\u0119sto zadawanym pytaniem jest wska\u017anik RTP (zwrotu dla gracza) w grze. RTP dla Ugga Bugga wynosi oko\u0142o 99,07%, co czyni go stosunkowo wysoko p\u0142atnym automatem w por\u00f3wnaniu z innymi automatami w kasynie. Dodatkowo, gracze cz\u0119sto pytaj\u0105, czy istniej\u0105 jakie\u015b wskaz\u00f3wki lub triki, jak wygra\u0107 du\u017ce pieni\u0105dze w Ugga Bugga. Niekt\u00f3re wskaz\u00f3wki dotycz\u0105ce sukcesu obejmuj\u0105 ustalenie bud\u017cetu i trzymanie si\u0119 go, gr\u0119 z maksymalnym zak\u0142adem w celu zwi\u0119kszenia potencjalnych wygranych oraz robienie przerw, aby unikn\u0105\u0107 wypalenia. Stosuj\u0105c si\u0119 do tych wskaz\u00f3wek i strategii, gracze mog\u0105 cieszy\u0107 si\u0119 emocjonuj\u0105c\u0105 rozgrywk\u0105 w Ugga Bugga i potencjalnie zgarn\u0105\u0107 imponuj\u0105ce wygrane.<\/p>\n","protected":false},"excerpt":{"rendered":"<p>Ugga Bugga to zabawny i ekscytuj\u0105cy automat do gry, kt\u00f3ry oferuje graczom mo\u017cliwo\u015b\u0107 gry za darmo. Dzi\u0119ki kolorowemu motywowi d\u017cungli i wci\u0105gaj\u0105cej rozgrywce, Ugga Bugga z pewno\u015bci\u0105 zapewni graczom rozrywk\u0119 na d\u0142ugie godziny. Gra oferuje unikalny format z 3 b\u0119bnami i 10 liniami, kt\u00f3ry daje graczom mn\u00f3stwo okazji do du\u017cych wygranych. Dodatkowo, dzi\u0119ki mo\u017cliwo\u015bci gry&#8230;<\/p>\n","protected":false},"author":1,"featured_media":6370,"parent":2275,"menu_order":0,"comment_status":"closed","ping_status":"closed","template":"single-no-sidebar.php","meta":{"_acf_changed":false,"_kad_post_transparent":"default","_kad_post_title":"default","_kad_post_layout":"default","_kad_post_sidebar_id":"","_kad_post_content_style":"default","_kad_post_vertical_padding":"default","_kad_post_feature":"","_kad_post_feature_position":"","_kad_post_header":false,"_kad_post_footer":false,"footnotes":""},"class_list":["post-8275","page","type-page","status-publish","has-post-thumbnail","hentry"],"acf":[],"rttpg_featured_image_url":{"full":["https:\/\/rocketplay-new.com\/wp-content\/uploads\/2025\/05\/ugga-bugga-slot-machine-play-slot-for-free.png",1041,613,false],"landscape":["https:\/\/rocketplay-new.com\/wp-content\/uploads\/2025\/05\/ugga-bugga-slot-machine-play-slot-for-free.png",1041,613,false],"portraits":["https:\/\/rocketplay-new.com\/wp-content\/uploads\/2025\/05\/ugga-bugga-slot-machine-play-slot-for-free.png",1041,613,false],"thumbnail":["https:\/\/rocketplay-new.com\/wp-content\/uploads\/2025\/05\/ugga-bugga-slot-machine-play-slot-for-free-150x150.png",150,150,true],"medium":["https:\/\/rocketplay-new.com\/wp-content\/uploads\/2025\/05\/ugga-bugga-slot-machine-play-slot-for-free-300x177.png",300,177,true],"large":["https:\/\/rocketplay-new.com\/wp-content\/uploads\/2025\/05\/ugga-bugga-slot-machine-play-slot-for-free-1024x603.png",1024,603,true],"1536x1536":["https:\/\/rocketplay-new.com\/wp-content\/uploads\/2025\/05\/ugga-bugga-slot-machine-play-slot-for-free.png",1041,613,false],"2048x2048":["https:\/\/rocketplay-new.com\/wp-content\/uploads\/2025\/05\/ugga-bugga-slot-machine-play-slot-for-free.png",1041,613,false],"wppb-medium":["https:\/\/rocketplay-new.com\/wp-content\/uploads\/2025\/05\/ugga-bugga-slot-machine-play-slot-for-free-600x450.png",600,450,true]},"rttpg_author":{"display_name":"John","author_link":"https:\/\/rocketplay-new.com\/pl\/author\/pemvas95n89x\/"},"rttpg_comment":0,"rttpg_category":null,"rttpg_excerpt":"Ugga Bugga to zabawny i ekscytuj\u0105cy automat do gry, kt\u00f3ry oferuje graczom mo\u017cliwo\u015b\u0107 gry za darmo. Dzi\u0119ki kolorowemu motywowi d\u017cungli i wci\u0105gaj\u0105cej rozgrywce, Ugga Bugga z pewno\u015bci\u0105 zapewni graczom rozrywk\u0119 na d\u0142ugie godziny. Gra oferuje unikalny format z 3 b\u0119bnami i 10 liniami, kt\u00f3ry daje graczom mn\u00f3stwo okazji do du\u017cych wygranych. Dodatkowo, dzi\u0119ki mo\u017cliwo\u015bci gry...","_links":{"self":[{"href":"https:\/\/rocketplay-new.com\/pl\/wp-json\/wp\/v2\/pages\/8275","targetHints":{"allow":["GET"]}}],"collection":[{"href":"https:\/\/rocketplay-new.com\/pl\/wp-json\/wp\/v2\/pages"}],"about":[{"href":"https:\/\/rocketplay-new.com\/pl\/wp-json\/wp\/v2\/types\/page"}],"author":[{"embeddable":true,"href":"https:\/\/rocketplay-new.com\/pl\/wp-json\/wp\/v2\/users\/1"}],"replies":[{"embeddable":true,"href":"https:\/\/rocketplay-new.com\/pl\/wp-json\/wp\/v2\/comments?post=8275"}],"version-history":[{"count":2,"href":"https:\/\/rocketplay-new.com\/pl\/wp-json\/wp\/v2\/pages\/8275\/revisions"}],"predecessor-version":[{"id":8278,"href":"https:\/\/rocketplay-new.com\/pl\/wp-json\/wp\/v2\/pages\/8275\/revisions\/8278"}],"up":[{"embeddable":true,"href":"https:\/\/rocketplay-new.com\/pl\/wp-json\/wp\/v2\/pages\/2275"}],"wp:featuredmedia":[{"embeddable":true,"href":"https:\/\/rocketplay-new.com\/pl\/wp-json\/wp\/v2\/media\/6370"}],"wp:attachment":[{"href":"https:\/\/rocketplay-new.com\/pl\/wp-json\/wp\/v2\/media?parent=8275"}],"curies":[{"name":"wp","href":"https:\/\/api.w.org\/{rel}","templated":true}]}}