{"id":8238,"date":"2025-05-28T23:15:53","date_gmt":"2025-05-28T20:15:53","guid":{"rendered":"https:\/\/rocketplay-new.com\/slot-machines\/double-diamond\/"},"modified":"2025-07-11T19:51:43","modified_gmt":"2025-07-11T16:51:43","slug":"double-diamond","status":"publish","type":"page","link":"https:\/\/rocketplay-new.com\/pl\/slot-machines\/double-diamond\/","title":{"rendered":"Automat do gry Double Diamond \u2013 graj za darmo"},"content":{"rendered":"<p>Automat Double Diamond to klasyczna gra, kt\u00f3ra od lat cieszy si\u0119 ogromn\u0105 popularno\u015bci\u0105 w\u015br\u00f3d bywalc\u00f3w kasyn. Dzi\u0119ki prostej konstrukcji i \u0142atwej do zrozumienia rozgrywce, ten automat idealnie nadaje si\u0119 zar\u00f3wno dla pocz\u0105tkuj\u0105cych, jak i do\u015bwiadczonych graczy. Gra zawiera tradycyjne symbole, takie jak wisienki, s\u0142upki i si\u00f3demki, a tak\u017ce kultowy symbol podw\u00f3jnego diamentu, kt\u00f3ry mo\u017ce zapewni\u0107 wysokie wygrane. Gracze mog\u0105 spr\u00f3bowa\u0107 szcz\u0119\u015bcia na tym popularnym automacie za darmo, co pozwala im poczu\u0107 dreszczyk emocji zwi\u0105zany z kr\u0119ceniem b\u0119bnami bez ryzykowania pieni\u0119dzy. Niezale\u017cnie od tego, czy szukasz nostalgicznej rozgrywki, czy po prostu chcesz spr\u00f3bowa\u0107 szcz\u0119\u015bcia, automat Double Diamond to przyjemna i ekscytuj\u0105ca opcja dla ka\u017cdego gracza.<\/p>\n<div class=\"go-btn-container\"><div class=\"tosh-btn\"><a href=\"\/go-casino\/\" target=\"_blank\" rel=\"noopener\">GRAJ TERAZ<\/a><\/div><\/div>\n<h2>PRZEGL\u0104D AUTOMATU DOUBLE DIAMOND<\/h2>\n<p>Automat Double Diamond to klasyczna i popularna gra, kt\u00f3ra od lat cieszy si\u0119 nies\u0142abn\u0105c\u0105 popularno\u015bci\u0105 w kasynach. Ten automat charakteryzuje si\u0119 prost\u0105 i przejrzyst\u0105 konstrukcj\u0105 z trzema b\u0119bnami i jedn\u0105 lini\u0105 wyp\u0142at, co u\u0142atwia graczom zrozumienie zasad i gr\u0119. Temat gry nawi\u0105zuje do tradycyjnych automat\u00f3w, z klasycznymi symbolami, takimi jak wisienki, bary i si\u00f3demki. Symbol Double Diamond jest najcenniejszy w grze, dzia\u0142aj\u0105c zar\u00f3wno jako symbol Wild, jak i mno\u017cnik, podwajaj\u0105c wygran\u0105 z dowolnej zwyci\u0119skiej kombinacji, kt\u00f3rej jest cz\u0119\u015bci\u0105. Dzi\u0119ki swojemu retro wygl\u0105dowi i charakterowi, automat Double Diamond przypadnie do gustu zar\u00f3wno pocz\u0105tkuj\u0105cym, jak i do\u015bwiadczonym graczom poszukuj\u0105cym nostalgicznej i rozrywkowej rozgrywki. Wysoki potencja\u0142 wyp\u0142at i ekscytuj\u0105ca rozgrywka sprawiaj\u0105, \u017ce jest to popularny wyb\u00f3r w\u015br\u00f3d graczy kasyn poszukuj\u0105cych przyjemnej i satysfakcjonuj\u0105cej rozgrywki na automatach.<\/p>\n<p><img loading=\"lazy\" decoding=\"async\" class=\"aligncenter size-full wp-image-8193\" src=\"https:\/\/rocketplay-new.com\/wp-content\/uploads\/2025\/07\/double-diamond-slot-machine-1.webp\" alt=\"Double Diamond slot machine \" width=\"800\" height=\"370\" srcset=\"https:\/\/rocketplay-new.com\/wp-content\/uploads\/2025\/07\/double-diamond-slot-machine-1.webp 800w, https:\/\/rocketplay-new.com\/wp-content\/uploads\/2025\/07\/double-diamond-slot-machine-1-300x139.webp 300w, https:\/\/rocketplay-new.com\/wp-content\/uploads\/2025\/07\/double-diamond-slot-machine-1-768x355.webp 768w\" sizes=\"auto, (max-width: 800px) 100vw, 800px\" \/><\/p>\n<h2>AUTOMAT DOUBLE DIAMOND: TEMAT, GRAFIKA I MUZYKA<\/h2>\n<p>Automat Double Diamond to klasyczna i kultowa gra, kt\u00f3ra przetrwa\u0142a pr\u00f3b\u0119 czasu w \u015bwiecie gier kasynowych. Motyw przewodni gry jest prosty, ale urzekaj\u0105cy, z b\u0142yszcz\u0105cymi diamentami i tradycyjnymi symbolami slot\u00f3w, takimi jak wisienki i batony. Grafika gry jest wyra\u017ana i przejrzysta, z \u017cyw\u0105 kolorystyk\u0105, kt\u00f3ra emanuje z ekranu. Diamenty b\u0142yszcz\u0105 i l\u015bni\u0105, obracaj\u0105c si\u0119 na b\u0119bnach, dodaj\u0105c odrobiny blasku do og\u00f3lnej estetyki. Muzyka w grze jest r\u00f3wnie\u017c kluczowym elementem, z optymistycznymi i energicznymi melodiami, kt\u00f3re wywo\u0142uj\u0105 poczucie ekscytacji i oczekiwania, gdy gracze kr\u0119c\u0105 b\u0119bnami. Po\u0142\u0105czenie motywu przewodniego, grafiki i muzyki tworzy wci\u0105gaj\u0105ce i immersyjne do\u015bwiadczenie, kt\u00f3re sprawia, \u017ce \u200b\u200bgracze wracaj\u0105 po wi\u0119cej.<\/p>\n<h2>JAK GRA\u0106 NA AUTOMACIE DOUBLE DIAMOND<\/h2>\n<p>Aby zagra\u0107 na automacie Double Diamond, gracze musz\u0105 najpierw w\u0142o\u017cy\u0107 pieni\u0105dze lub \u015brodki kasyna do automatu. Po za\u0142adowaniu \u015brodk\u00f3w gracze mog\u0105 wybra\u0107 kwot\u0119, jak\u0105 chc\u0105 postawi\u0107 na spin, wybieraj\u0105c odpowiedni\u0105 liczb\u0119 \u015brodk\u00f3w. Gra posiada trzy b\u0119bny z r\u00f3\u017cnymi symbolami, takimi jak diamenty, sztabki i wi\u015bnie. Aby wygra\u0107, gracze musz\u0105 dopasowa\u0107 trzy takie same symbole na \u015brodkowej linii wyp\u0142at. Symbol Double Diamond pe\u0142ni funkcj\u0119 symbolu Wild i mo\u017ce zast\u0105pi\u0107 dowolny inny symbol, pomagaj\u0105c w tworzeniu zwyci\u0119skich kombinacji. Dodatkowo, trafienie dw\u00f3ch symboli Double Diamond na linii wyp\u0142at pomno\u017cy wygran\u0105 przez cztery, a trafienie jednego symbolu Double Diamond podwoi wygran\u0105. Gra oferuje r\u00f3wnie\u017c g\u0142\u00f3wn\u0105 nagrod\u0119 w wysoko\u015bci 1000 \u015brodk\u00f3w za trafienie trzech symboli Double Diamond na linii wyp\u0142at. Og\u00f3lnie rzecz bior\u0105c, gra na automacie Double Diamond jest prosta i nieskomplikowana, co czyni j\u0105 popularnym wyborem zar\u00f3wno dla pocz\u0105tkuj\u0105cych, jak i do\u015bwiadczonych graczy.<\/p>\n<div class=\"go-btn-container\"><div class=\"tosh-btn\"><a href=\"\/go-casino\/\" target=\"_blank\" rel=\"noopener\">GRAJ TERAZ<\/a><\/div><\/div>\n<h2>AUTOMAT DOUBLE DIAMOND: OPCJE ZAK\u0141AD\u00d3W I POTENCJA\u0141 WYGRANYCH<\/h2>\n<p>Automat Double Diamond to klasyczna i popularna gra w kasynach, znana ze swojej prostoty i potencja\u0142u du\u017cych wygranych. Gracze mog\u0105 obstawia\u0107 jeden, dwa lub trzy \u017cetony na spin. Im wi\u0119cej \u017ceton\u00f3w postawisz, tym wy\u017csza b\u0119dzie potencjalna wygrana. Przy maksymalnym zak\u0142adzie trzech \u017ceton\u00f3w, gracze maj\u0105 szans\u0119 wygra\u0107 do 2500 monet za jeden spin. Symbol Double Diamond to klucz do najwi\u0119kszych wygranych w grze, a kombinacja trzech takich symboli na linii wyp\u0142at daje g\u0142\u00f3wn\u0105 nagrod\u0119. Dodatkowo gra oferuje symbol Wild, kt\u00f3ry mo\u017ce zast\u0105pi\u0107 dowolny inny symbol na b\u0119bnach, zwi\u0119kszaj\u0105c szanse na utworzenie zwyci\u0119skich kombinacji. Og\u00f3lnie rzecz bior\u0105c, automat Double Diamond oferuje graczom r\u00f3\u017cnorodne opcje zak\u0142ad\u00f3w i potencja\u0142 lukratywnych wygranych, co czyni go popularnym wyborem zar\u00f3wno w\u015br\u00f3d pocz\u0105tkuj\u0105cych, jak i do\u015bwiadczonych graczy.<\/p>\n<p><img loading=\"lazy\" decoding=\"async\" class=\"aligncenter size-full wp-image-8202\" src=\"https:\/\/rocketplay-new.com\/wp-content\/uploads\/2025\/07\/double-diamond-slot-machine-2.webp\" alt=\"Double Diamond slot machine 2\" width=\"800\" height=\"575\" srcset=\"https:\/\/rocketplay-new.com\/wp-content\/uploads\/2025\/07\/double-diamond-slot-machine-2.webp 800w, https:\/\/rocketplay-new.com\/wp-content\/uploads\/2025\/07\/double-diamond-slot-machine-2-300x216.webp 300w, https:\/\/rocketplay-new.com\/wp-content\/uploads\/2025\/07\/double-diamond-slot-machine-2-768x552.webp 768w\" sizes=\"auto, (max-width: 800px) 100vw, 800px\" \/><\/p>\n<h2>NAJCZ\u0118\u015aCIEJ ZADAWANE PYTANIA I ODPOWIEDZI \u2013 AUTOMAT DOUBLE DIAMOND<\/h2>\n<p>Automat Double Diamond to popularna, klasyczna gra, dost\u0119pna w wielu kasynach i na platformach gier online. Jednym z cz\u0119stych pyta\u0144 graczy jest to, jak wygra\u0107 na tym automacie. Odpowied\u017a brzmi: kluczem do wygranej na automacie Double Diamond jest obstawianie maksymalnej liczby \u017ceton\u00f3w w ka\u017cdym obrocie. Zwi\u0119ksza to szanse na trafienie jackpota, kt\u00f3ry jest najwy\u017csz\u0105 wyp\u0142at\u0105 na tym automacie. Kolejnym cz\u0119stym pytaniem jest to, czy istniej\u0105 jakie\u015b strategie zwi\u0119kszaj\u0105ce szanse na wygran\u0105. Chocia\u017c nie ma gwarantowanej strategii na wygran\u0105 na automatach, niekt\u00f3rzy gracze wierz\u0105 w strategie takie jak gra o okre\u015blonych porach dnia lub stosowanie okre\u015blonego schematu obstawiania. Ostatecznie wygrana na automacie Double Diamond zale\u017cy od szcz\u0119\u015bcia i przypadku, dlatego wa\u017cne jest, aby gra\u0107 odpowiedzialnie i obstawia\u0107 tylko tyle, ile mo\u017cna straci\u0107.<\/p>\n","protected":false},"excerpt":{"rendered":"<p>Automat Double Diamond to klasyczna gra, kt\u00f3ra od lat cieszy si\u0119 ogromn\u0105 popularno\u015bci\u0105 w\u015br\u00f3d bywalc\u00f3w kasyn. Dzi\u0119ki prostej konstrukcji i \u0142atwej do zrozumienia rozgrywce, ten automat idealnie nadaje si\u0119 zar\u00f3wno dla pocz\u0105tkuj\u0105cych, jak i do\u015bwiadczonych graczy. Gra zawiera tradycyjne symbole, takie jak wisienki, s\u0142upki i si\u00f3demki, a tak\u017ce kultowy symbol podw\u00f3jnego diamentu, kt\u00f3ry mo\u017ce zapewni\u0107&#8230;<\/p>\n","protected":false},"author":1,"featured_media":6341,"parent":2275,"menu_order":0,"comment_status":"closed","ping_status":"closed","template":"","meta":{"_acf_changed":false,"_kad_post_transparent":"default","_kad_post_title":"default","_kad_post_layout":"default","_kad_post_sidebar_id":"","_kad_post_content_style":"default","_kad_post_vertical_padding":"default","_kad_post_feature":"","_kad_post_feature_position":"","_kad_post_header":false,"_kad_post_footer":false,"footnotes":""},"class_list":["post-8238","page","type-page","status-publish","has-post-thumbnail","hentry"],"acf":[],"rttpg_featured_image_url":{"full":["https:\/\/rocketplay-new.com\/wp-content\/uploads\/2025\/05\/double-diamond-slot-machine-play-slot-for-free.png",1535,723,false],"landscape":["https:\/\/rocketplay-new.com\/wp-content\/uploads\/2025\/05\/double-diamond-slot-machine-play-slot-for-free.png",1535,723,false],"portraits":["https:\/\/rocketplay-new.com\/wp-content\/uploads\/2025\/05\/double-diamond-slot-machine-play-slot-for-free.png",1535,723,false],"thumbnail":["https:\/\/rocketplay-new.com\/wp-content\/uploads\/2025\/05\/double-diamond-slot-machine-play-slot-for-free-150x150.png",150,150,true],"medium":["https:\/\/rocketplay-new.com\/wp-content\/uploads\/2025\/05\/double-diamond-slot-machine-play-slot-for-free-300x141.png",300,141,true],"large":["https:\/\/rocketplay-new.com\/wp-content\/uploads\/2025\/05\/double-diamond-slot-machine-play-slot-for-free-1024x482.png",1024,482,true],"1536x1536":["https:\/\/rocketplay-new.com\/wp-content\/uploads\/2025\/05\/double-diamond-slot-machine-play-slot-for-free.png",1535,723,false],"2048x2048":["https:\/\/rocketplay-new.com\/wp-content\/uploads\/2025\/05\/double-diamond-slot-machine-play-slot-for-free.png",1535,723,false],"wppb-medium":["https:\/\/rocketplay-new.com\/wp-content\/uploads\/2025\/05\/double-diamond-slot-machine-play-slot-for-free-600x450.png",600,450,true]},"rttpg_author":{"display_name":"John","author_link":"https:\/\/rocketplay-new.com\/pl\/author\/pemvas95n89x\/"},"rttpg_comment":0,"rttpg_category":null,"rttpg_excerpt":"Automat Double Diamond to klasyczna gra, kt\u00f3ra od lat cieszy si\u0119 ogromn\u0105 popularno\u015bci\u0105 w\u015br\u00f3d bywalc\u00f3w kasyn. Dzi\u0119ki prostej konstrukcji i \u0142atwej do zrozumienia rozgrywce, ten automat idealnie nadaje si\u0119 zar\u00f3wno dla pocz\u0105tkuj\u0105cych, jak i do\u015bwiadczonych graczy. Gra zawiera tradycyjne symbole, takie jak wisienki, s\u0142upki i si\u00f3demki, a tak\u017ce kultowy symbol podw\u00f3jnego diamentu, kt\u00f3ry mo\u017ce zapewni\u0107...","_links":{"self":[{"href":"https:\/\/rocketplay-new.com\/pl\/wp-json\/wp\/v2\/pages\/8238","targetHints":{"allow":["GET"]}}],"collection":[{"href":"https:\/\/rocketplay-new.com\/pl\/wp-json\/wp\/v2\/pages"}],"about":[{"href":"https:\/\/rocketplay-new.com\/pl\/wp-json\/wp\/v2\/types\/page"}],"author":[{"embeddable":true,"href":"https:\/\/rocketplay-new.com\/pl\/wp-json\/wp\/v2\/users\/1"}],"replies":[{"embeddable":true,"href":"https:\/\/rocketplay-new.com\/pl\/wp-json\/wp\/v2\/comments?post=8238"}],"version-history":[{"count":2,"href":"https:\/\/rocketplay-new.com\/pl\/wp-json\/wp\/v2\/pages\/8238\/revisions"}],"predecessor-version":[{"id":8241,"href":"https:\/\/rocketplay-new.com\/pl\/wp-json\/wp\/v2\/pages\/8238\/revisions\/8241"}],"up":[{"embeddable":true,"href":"https:\/\/rocketplay-new.com\/pl\/wp-json\/wp\/v2\/pages\/2275"}],"wp:featuredmedia":[{"embeddable":true,"href":"https:\/\/rocketplay-new.com\/pl\/wp-json\/wp\/v2\/media\/6341"}],"wp:attachment":[{"href":"https:\/\/rocketplay-new.com\/pl\/wp-json\/wp\/v2\/media?parent=8238"}],"curies":[{"name":"wp","href":"https:\/\/api.w.org\/{rel}","templated":true}]}}