{"id":8164,"date":"2025-05-28T23:10:55","date_gmt":"2025-05-28T20:10:55","guid":{"rendered":"https:\/\/rocketplay-new.com\/slot-machines\/megabucks\/"},"modified":"2025-07-11T11:18:25","modified_gmt":"2025-07-11T08:18:25","slug":"megabucks","status":"publish","type":"page","link":"https:\/\/rocketplay-new.com\/pl\/slot-machines\/megabucks\/","title":{"rendered":"Automat do gry Megabucks \u2013 graj w automaty za darmo"},"content":{"rendered":"<p>Automat Megabucks to jeden z najpopularniejszych i najbardziej kultowych automat\u00f3w w kasynach na ca\u0142ym \u015bwiecie. Znany z ogromnych jackpot\u00f3w i ekscytuj\u0105cej rozgrywki, automat Megabucks oferuje graczom szans\u0119 na wygran\u0105 ju\u017c po jednym obrocie. Dzi\u0119ki eleganckiemu designowi i przyjaznemu interfejsowi, gracze mog\u0105 z \u0142atwo\u015bci\u0105 porusza\u0107 si\u0119 po grze i cieszy\u0107 si\u0119 dreszczykiem emocji zwi\u0105zanym z trafieniem jackpota. A co najlepsze? Teraz mo\u017cesz gra\u0107 w automat Megabucks za darmo online, co daje Ci szans\u0119 na prze\u017cycie emocji i potencjalnych wygranych bez wydawania ani grosza. Po co wi\u0119c czeka\u0107? Spr\u00f3buj szcz\u0119\u015bcia na automacie Megabucks ju\u017c dzi\u015b i przekonaj si\u0119, czy masz to, czego potrzeba, aby trafi\u0107 wielk\u0105 kumulacj\u0119!<\/p>\n<div class=\"go-btn-container\"><div class=\"tosh-btn\"><a href=\"\/go-casino\/\" target=\"_blank\" rel=\"noopener\">GRAJ TERAZ<\/a><\/div><\/div>\n<h2>PRZEGL\u0104D AUTOMATU DO GRY MEGABUCKS<\/h2>\n<p>Automat Megabucks to jeden z najbardziej znanych i popularnych automat\u00f3w w kasynach na ca\u0142ym \u015bwiecie. Znany z ogromnego progresywnego jackpota, automat Megabucks ma potencja\u0142, aby uczyni\u0107 graczy natychmiastowymi milionerami ju\u017c po jednym szcz\u0119\u015bliwym zakr\u0119ceniu. Koncepcja gry jest prosta \u2013 gracze musz\u0105 postawi\u0107 maksymaln\u0105 stawk\u0119 i u\u0142o\u017cy\u0107 odpowiedni\u0105 kombinacj\u0119 symboli, aby wygra\u0107 jackpota. Jackpot zaczyna si\u0119 od 10 milion\u00f3w dolar\u00f3w i ro\u015bnie, a\u017c do momentu, gdy zostanie zwyci\u0119zc\u0105, cz\u0119sto osi\u0105gaj\u0105c rekordowe kwoty. Urok automatu Megabucks tkwi w szansie na wygranie zmieniaj\u0105cych \u017cycie sum pieni\u0119dzy ju\u017c po jednym zakr\u0119ceniu, co czyni go ulubionym automatem zar\u00f3wno w\u015br\u00f3d okazjonalnych, jak i powa\u017cnych graczy. Chocia\u017c szanse na wygranie jackpota s\u0105 niewielkie, emocje i potencjalna wygrana sprawiaj\u0105, \u017ce gracze wracaj\u0105 po wi\u0119cej. Dzi\u0119ki wysokim stawkom i mo\u017cliwo\u015bci wygrania ogromnych nagr\u00f3d, automat Megabucks pozostaje jedn\u0105 z najpopularniejszych gier w kasynach na ca\u0142ym \u015bwiecie.<\/p>\n<p><img loading=\"lazy\" decoding=\"async\" class=\"aligncenter size-full wp-image-8151\" src=\"https:\/\/rocketplay-new.com\/wp-content\/uploads\/2025\/07\/megabucks-slot-machine-play-slot-for-free-2.webp\" alt=\"Megabucks slot machine - Play Slot for Free 2\" width=\"800\" height=\"436\" srcset=\"https:\/\/rocketplay-new.com\/wp-content\/uploads\/2025\/07\/megabucks-slot-machine-play-slot-for-free-2.webp 800w, https:\/\/rocketplay-new.com\/wp-content\/uploads\/2025\/07\/megabucks-slot-machine-play-slot-for-free-2-300x164.webp 300w, https:\/\/rocketplay-new.com\/wp-content\/uploads\/2025\/07\/megabucks-slot-machine-play-slot-for-free-2-768x419.webp 768w\" sizes=\"auto, (max-width: 800px) 100vw, 800px\" \/><\/p>\n<h2>AUTOMAT DO GRY MEGABUCKS: TEMAT, GRAFIKA I MUZYKA<\/h2>\n<p>Automat do gry Megabucks to popularna gra dost\u0119pna w kasynach na ca\u0142ym \u015bwiecie. Motywem przewodnim gry jest trafienie jackpota i du\u017ca wygrana. Oprawa graficzna automatu jest jasna i jaskrawa, z wyrazistymi kolorami i przyci\u0105gaj\u0105c\u0105 wzrok grafik\u0105, kt\u00f3ra przyci\u0105ga graczy. B\u0119bny wype\u0142nione s\u0105 symbolami takimi jak znaki dolara, wisienki i szcz\u0119\u015bliwe si\u00f3demki, co pot\u0119guje emocje gry. Muzyka towarzysz\u0105ca rozgrywce jest energiczna i dynamiczna, tworz\u0105c poczucie oczekiwania i dreszczyku emocji podczas kr\u0119cenia si\u0119 b\u0119bn\u00f3w. Po\u0142\u0105czenie motywu przewodniego, grafiki i muzyki automatu Megabucks tworzy wci\u0105gaj\u0105ce i anga\u017cuj\u0105ce do\u015bwiadczenie dla graczy pragn\u0105cych si\u0119 wzbogaci\u0107.<\/p>\n<h2>JAK GRA\u0106 NA AUTOMACIE DO GRY MEGABUCKS<\/h2>\n<p>Gra na automacie Megabucks mo\u017ce by\u0107 ekscytuj\u0105cym do\u015bwiadczeniem dla tych, kt\u00f3rzy chc\u0105 wygra\u0107 du\u017ce pieni\u0105dze. Na pocz\u0105tek gracze wrzucaj\u0105 pieni\u0105dze lub kart\u0119 do kasyna do automatu i wybieraj\u0105 liczb\u0119 linii wyp\u0142at, na kt\u00f3re chc\u0105 postawi\u0107. Im wi\u0119cej linii wyp\u0142at wybierzesz, tym wi\u0119ksze szanse na wygran\u0105. Nast\u0119pnie gracze musz\u0105 zdecydowa\u0107, ile chc\u0105 postawi\u0107 na ka\u017cd\u0105 lini\u0119. Po dokonaniu wyboru, mog\u0105 zakr\u0119ci\u0107 b\u0119bnami i czeka\u0107 na wynik. Celem jest dopasowanie symboli na liniach wyp\u0142at, aby wygra\u0107 nagrody. Niekt\u00f3re automaty oferuj\u0105 r\u00f3wnie\u017c rundy bonusowe lub progresywne jackpoty, co dodatkowo podkr\u0119ca emocje. Nale\u017cy pami\u0119ta\u0107, \u017ce gra na automatach to gra losowa, dlatego wa\u017cne jest, aby ustali\u0107 bud\u017cet i si\u0119 go trzyma\u0107. Przy odrobinie szcz\u0119\u015bcia i strategii gracze mog\u0105 prze\u017cy\u0107 ekscytuj\u0105ce do\u015bwiadczenie graj\u0105c na automatach Megabucks i potencjalnie wygra\u0107 ogromn\u0105 pul\u0119 nagr\u00f3d.<\/p>\n<div class=\"go-btn-container\"><div class=\"tosh-btn\"><a href=\"\/go-casino\/\" target=\"_blank\" rel=\"noopener\">GRAJ TERAZ<\/a><\/div><\/div>\n<h2>AUTOMAT DO GRY MEGABUCKS: OPCJE ZAK\u0141AD\u00d3W I POTENCJA\u0141 WYGRANYCH<\/h2>\n<p>Automat Megabucks to jeden z najpopularniejszych i najbardziej znanych automat\u00f3w w kasynach na ca\u0142ym \u015bwiecie. Jedn\u0105 z kluczowych cech, kt\u00f3re sprawiaj\u0105, \u017ce gra ta jest tak atrakcyjna dla graczy, jest szeroki wachlarz opcji zak\u0142ad\u00f3w i potencja\u0142 ogromnych wygranych. Przy minimalnym zak\u0142adzie wynosz\u0105cym zaledwie kilka cent\u00f3w, gracze mog\u0105 obstawia\u0107 wiele linii wyp\u0142at i zwi\u0119ksza\u0107 swoje szanse na trafienie jackpota. Automat Megabucks oferuje progresywny jackpot, kt\u00f3ry mo\u017ce si\u0119gn\u0105\u0107 milion\u00f3w, co czyni go lukratywn\u0105 okazj\u0105 dla graczy pragn\u0105cych si\u0119 wzbogaci\u0107. Chocia\u017c szanse na wygranie jackpota s\u0105 niewielkie, emocje i oczekiwanie na potencjaln\u0105 wygran\u0105, kt\u00f3ra odmieni ich \u017cycie, sprawiaj\u0105, \u017ce gracze wracaj\u0105 po wi\u0119cej. Dzi\u0119ki tak wysokim stawkom i mo\u017cliwo\u015bci wygrania du\u017cych sum, automat Megabucks nadal cieszy si\u0119 popularno\u015bci\u0105 zar\u00f3wno w\u015br\u00f3d okazjonalnych, jak i powa\u017cnych graczy.<\/p>\n<p><img loading=\"lazy\" decoding=\"async\" class=\"aligncenter size-full wp-image-8142\" src=\"https:\/\/rocketplay-new.com\/wp-content\/uploads\/2025\/07\/megabucks-slot-machine-play-slot-for-free-1.webp\" alt=\"Megabucks slot machine - Play Slot for Free\" width=\"800\" height=\"580\" srcset=\"https:\/\/rocketplay-new.com\/wp-content\/uploads\/2025\/07\/megabucks-slot-machine-play-slot-for-free-1.webp 800w, https:\/\/rocketplay-new.com\/wp-content\/uploads\/2025\/07\/megabucks-slot-machine-play-slot-for-free-1-300x218.webp 300w, https:\/\/rocketplay-new.com\/wp-content\/uploads\/2025\/07\/megabucks-slot-machine-play-slot-for-free-1-768x557.webp 768w\" sizes=\"auto, (max-width: 800px) 100vw, 800px\" \/><\/p>\n<h2>NAJCZ\u0118\u015aCIEJ ZADAWANE PYTANIA I ODPOWIEDZI \u2013 AUTOMAT DO GRY MEGABUCKS<\/h2>\n<p>Automat do gry Megabucks s\u0142ynie z ogromnych jackpot\u00f3w, cz\u0119sto si\u0119gaj\u0105cych milion\u00f3w dolar\u00f3w. W zwi\u0105zku z tym wielu graczy zastanawia si\u0119, jak zwi\u0119kszy\u0107 swoje szanse na wygran\u0105 na tym popularnym automacie. Jednym z cz\u0119sto zadawanych pyta\u0144 jest to, czy istnieje konkretna strategia, kt\u00f3ra mo\u017ce pom\u00f3c graczom wygra\u0107 na automacie Megabucks. Odpowied\u017a brzmi: nie, poniewa\u017c automaty do gry opieraj\u0105 si\u0119 wy\u0142\u0105cznie na szcz\u0119\u015bciu i nie ma gwarancji wygranej. Kolejnym cz\u0119sto zadawanym pytaniem jest, jak cz\u0119sto jackpot trafia si\u0119 w automacie Megabucks. Odpowied\u017a na to pytanie jest zmienna, poniewa\u017c jackpot jest losowy i mo\u017ce zosta\u0107 trafiony w dowolnym momencie. Ponadto gracze cz\u0119sto chc\u0105 zna\u0107 szanse na wygranie jackpota w automacie Megabucks. Szanse na wygranie jackpota w automacie Megabucks s\u0105 zazwyczaj bardzo niskie, poniewa\u017c automat jest zaprojektowany tak, aby oferowa\u0107 wysokie jackpoty z niskim prawdopodobie\u0144stwem wygranej. Cho\u0107 nie ma niezawodnych strategii na wygran\u0105 w automacie Megabucks, gracze nadal mog\u0105 cieszy\u0107 si\u0119 emocjami i dreszczykiem emocji towarzysz\u0105cym grze o szans\u0119 na wygranie zmieniaj\u0105cej \u017cycie wygranej.<\/p>\n","protected":false},"excerpt":{"rendered":"<p>Automat Megabucks to jeden z najpopularniejszych i najbardziej kultowych automat\u00f3w w kasynach na ca\u0142ym \u015bwiecie. Znany z ogromnych jackpot\u00f3w i ekscytuj\u0105cej rozgrywki, automat Megabucks oferuje graczom szans\u0119 na wygran\u0105 ju\u017c po jednym obrocie. Dzi\u0119ki eleganckiemu designowi i przyjaznemu interfejsowi, gracze mog\u0105 z \u0142atwo\u015bci\u0105 porusza\u0107 si\u0119 po grze i cieszy\u0107 si\u0119 dreszczykiem emocji zwi\u0105zanym z trafieniem&#8230;<\/p>\n","protected":false},"author":1,"featured_media":6312,"parent":2275,"menu_order":0,"comment_status":"closed","ping_status":"closed","template":"","meta":{"_acf_changed":false,"_kad_post_transparent":"default","_kad_post_title":"default","_kad_post_layout":"default","_kad_post_sidebar_id":"","_kad_post_content_style":"default","_kad_post_vertical_padding":"default","_kad_post_feature":"","_kad_post_feature_position":"","_kad_post_header":false,"_kad_post_footer":false,"footnotes":""},"class_list":["post-8164","page","type-page","status-publish","has-post-thumbnail","hentry"],"acf":[],"rttpg_featured_image_url":{"full":["https:\/\/rocketplay-new.com\/wp-content\/uploads\/2025\/05\/megabucks-slot-machine-play-slot-for-free.png",977,773,false],"landscape":["https:\/\/rocketplay-new.com\/wp-content\/uploads\/2025\/05\/megabucks-slot-machine-play-slot-for-free.png",977,773,false],"portraits":["https:\/\/rocketplay-new.com\/wp-content\/uploads\/2025\/05\/megabucks-slot-machine-play-slot-for-free.png",977,773,false],"thumbnail":["https:\/\/rocketplay-new.com\/wp-content\/uploads\/2025\/05\/megabucks-slot-machine-play-slot-for-free-150x150.png",150,150,true],"medium":["https:\/\/rocketplay-new.com\/wp-content\/uploads\/2025\/05\/megabucks-slot-machine-play-slot-for-free-300x237.png",300,237,true],"large":["https:\/\/rocketplay-new.com\/wp-content\/uploads\/2025\/05\/megabucks-slot-machine-play-slot-for-free.png",977,773,false],"1536x1536":["https:\/\/rocketplay-new.com\/wp-content\/uploads\/2025\/05\/megabucks-slot-machine-play-slot-for-free.png",977,773,false],"2048x2048":["https:\/\/rocketplay-new.com\/wp-content\/uploads\/2025\/05\/megabucks-slot-machine-play-slot-for-free.png",977,773,false],"wppb-medium":["https:\/\/rocketplay-new.com\/wp-content\/uploads\/2025\/05\/megabucks-slot-machine-play-slot-for-free-600x450.png",600,450,true]},"rttpg_author":{"display_name":"John","author_link":"https:\/\/rocketplay-new.com\/pl\/author\/pemvas95n89x\/"},"rttpg_comment":0,"rttpg_category":null,"rttpg_excerpt":"Automat Megabucks to jeden z najpopularniejszych i najbardziej kultowych automat\u00f3w w kasynach na ca\u0142ym \u015bwiecie. Znany z ogromnych jackpot\u00f3w i ekscytuj\u0105cej rozgrywki, automat Megabucks oferuje graczom szans\u0119 na wygran\u0105 ju\u017c po jednym obrocie. Dzi\u0119ki eleganckiemu designowi i przyjaznemu interfejsowi, gracze mog\u0105 z \u0142atwo\u015bci\u0105 porusza\u0107 si\u0119 po grze i cieszy\u0107 si\u0119 dreszczykiem emocji zwi\u0105zanym z trafieniem...","_links":{"self":[{"href":"https:\/\/rocketplay-new.com\/pl\/wp-json\/wp\/v2\/pages\/8164","targetHints":{"allow":["GET"]}}],"collection":[{"href":"https:\/\/rocketplay-new.com\/pl\/wp-json\/wp\/v2\/pages"}],"about":[{"href":"https:\/\/rocketplay-new.com\/pl\/wp-json\/wp\/v2\/types\/page"}],"author":[{"embeddable":true,"href":"https:\/\/rocketplay-new.com\/pl\/wp-json\/wp\/v2\/users\/1"}],"replies":[{"embeddable":true,"href":"https:\/\/rocketplay-new.com\/pl\/wp-json\/wp\/v2\/comments?post=8164"}],"version-history":[{"count":2,"href":"https:\/\/rocketplay-new.com\/pl\/wp-json\/wp\/v2\/pages\/8164\/revisions"}],"predecessor-version":[{"id":8167,"href":"https:\/\/rocketplay-new.com\/pl\/wp-json\/wp\/v2\/pages\/8164\/revisions\/8167"}],"up":[{"embeddable":true,"href":"https:\/\/rocketplay-new.com\/pl\/wp-json\/wp\/v2\/pages\/2275"}],"wp:featuredmedia":[{"embeddable":true,"href":"https:\/\/rocketplay-new.com\/pl\/wp-json\/wp\/v2\/media\/6312"}],"wp:attachment":[{"href":"https:\/\/rocketplay-new.com\/pl\/wp-json\/wp\/v2\/media?parent=8164"}],"curies":[{"name":"wp","href":"https:\/\/api.w.org\/{rel}","templated":true}]}}