{"id":8136,"date":"2025-05-28T23:05:16","date_gmt":"2025-05-28T20:05:16","guid":{"rendered":"https:\/\/rocketplay-new.com\/slot-machines\/huff-and-puff\/"},"modified":"2025-07-10T18:02:25","modified_gmt":"2025-07-10T15:02:25","slug":"huff-and-puff","status":"publish","type":"page","link":"https:\/\/rocketplay-new.com\/pl\/slot-machines\/huff-and-puff\/","title":{"rendered":"Automat do gry Huff and Puff \u2013 graj w automaty za darmo"},"content":{"rendered":"<p>Automat Huff and Puff to popularna gra online, kt\u00f3ra oferuje graczom szans\u0119 na du\u017ce wygrane dzi\u0119ki ekscytuj\u0105cym funkcjom i bonusom. Dzi\u0119ki zabawnej i kolorowej oprawie graficznej gracze z pewno\u015bci\u0105 b\u0119d\u0105 si\u0119 bawi\u0107 godzinami. Gra zawiera symbole Wild, darmowe spiny oraz rund\u0119 bonusow\u0105, w kt\u00f3rej gracze mog\u0105 zbiera\u0107 monety, rozwalaj\u0105c domy. Gra jest prosta w obs\u0142udze i oferuje wysoki procent wyp\u0142at, co czyni j\u0105 ulubion\u0105 gr\u0105 w\u015br\u00f3d mi\u0142o\u015bnik\u00f3w automat\u00f3w. Gracze mog\u0105 spr\u00f3bowa\u0107 szcz\u0119\u015bcia za darmo, zanim zdecyduj\u0105 si\u0119 na gr\u0119 na prawdziwe pieni\u0105dze, co dodatkowo podkr\u0119ca emocje. Zakr\u0119\u0107 automatem Huff and Puff ju\u017c dzi\u015b i sprawd\u017a, czy uda Ci si\u0119 wygra\u0107 du\u017c\u0105 wygran\u0105!<\/p>\n<div class=\"go-btn-container\"><div class=\"tosh-btn\"><a href=\"\/go-casino\/\" target=\"_blank\" rel=\"noopener\">GRAJ TERAZ<\/a><\/div><\/div>\n<h2>PRZEGL\u0104D AUTOMATU HUFF AND PUFF<\/h2>\n<p>Huff and Puff to popularna gra na automatach, kt\u00f3ra zyska\u0142a du\u017c\u0105 popularno\u015b\u0107 w \u015bwiecie kasyn. Stworzona przez renomowanego dostawc\u0119 gier, firm\u0119 Aristocrat, gra Huff and Puff charakteryzuje si\u0119 zabawnym i unikalnym motywem przewodnim, opartym na historii Trzech Ma\u0142ych \u015awinek. Akcja gry toczy si\u0119 w urokliwej, wiejskiej scenerii, a w\u015br\u00f3d symboli znajduj\u0105 si\u0119 trzy \u015bwinki, ich domki ze s\u0142omy, patyk\u00f3w i cegie\u0142, a tak\u017ce wielki, z\u0142y wilk. Gra rozgrywa si\u0119 na standardowym uk\u0142adzie pi\u0119ciu b\u0119bn\u00f3w i trzech rz\u0119d\u00f3w, z 25 liniami wyp\u0142at. Jedn\u0105 z wyr\u00f3\u017cniaj\u0105cych cech Huff and Puff jest runda bonusowa, w kt\u00f3rej gracze mog\u0105 zbiera\u0107 r\u00f3\u017cne symbole, aby budowa\u0107 domki i wygrywa\u0107 du\u017ce nagrody. Gra oferuje r\u00f3wnie\u017c funkcj\u0119 darmowych spin\u00f3w, w kt\u00f3rej gracze mog\u0105 zdoby\u0107 do 22 darmowych spin\u00f3w z mno\u017cnikami. Dzi\u0119ki wci\u0105gaj\u0105cej rozgrywce, wysokiej jako\u015bci grafice i ekscytuj\u0105cym funkcjom bonusowym, Huff and Puff sta\u0142 si\u0119 ulubie\u0144cem mi\u0142o\u015bnik\u00f3w automat\u00f3w.<\/p>\n<p><img loading=\"lazy\" decoding=\"async\" class=\"aligncenter size-full wp-image-8088\" src=\"https:\/\/rocketplay-new.com\/wp-content\/uploads\/2025\/07\/huff-and-puff-slot-machine-play-slot-for-free-1.webp\" alt=\"Huff and Puff slot machine - Play Slot for Free\" width=\"800\" height=\"425\" srcset=\"https:\/\/rocketplay-new.com\/wp-content\/uploads\/2025\/07\/huff-and-puff-slot-machine-play-slot-for-free-1.webp 800w, https:\/\/rocketplay-new.com\/wp-content\/uploads\/2025\/07\/huff-and-puff-slot-machine-play-slot-for-free-1-300x159.webp 300w, https:\/\/rocketplay-new.com\/wp-content\/uploads\/2025\/07\/huff-and-puff-slot-machine-play-slot-for-free-1-768x408.webp 768w\" sizes=\"auto, (max-width: 800px) 100vw, 800px\" \/><\/p>\n<h2>AUTOMAT HUFF AND PUFF: TEMAT, GRAFIKA I MUZYKA<\/h2>\n<p>Automat Huff and Puff to popularna gra w kasynach na ca\u0142ym \u015bwiecie, znana z unikalnego motywu, urzekaj\u0105cej grafiki i wpadaj\u0105cej w ucho muzyki. Tematem gry jest historia Trzech Ma\u0142ych \u015awinek, a gracze wcielaj\u0105 si\u0119 w rol\u0119 Z\u0142ego Wilka, pr\u00f3buj\u0105c zburzy\u0107 domy i zdoby\u0107 nagrody. Grafika gry jest jasna i kolorowa, z kresk\u00f3wkowymi grafikami \u015bwinek, wilka i r\u00f3\u017cnymi konstrukcjami dom\u00f3w. Animacje s\u0105 p\u0142ynne i anga\u017cuj\u0105ce, co pot\u0119guje emocje rozgrywki. Muzyka w automacie Huff and Puff jest energiczna i optymistyczna, tworz\u0105c \u017cyw\u0105 atmosfer\u0119, gdy gracze kr\u0119c\u0105 b\u0119bnami i obserwuj\u0105 akcj\u0119. Po\u0142\u0105czenie motywu, grafiki i muzyki w automacie Huff and Puff sprawia, \u017ce \u200b\u200bjest on popularnym wyborem w\u015br\u00f3d graczy kasyn poszukuj\u0105cych przyjemnej i wci\u0105gaj\u0105cej rozgrywki.<\/p>\n<h2>JAK GRA\u0106 NA AUTOMACIE HUFF AND PUFF<\/h2>\n<p>Automat Huff and Puff to popularna gra kasynowa, znana z emocjonuj\u0105cej rozgrywki i mo\u017cliwo\u015bci du\u017cych wygranych. Aby zagra\u0107, najpierw wrzu\u0107 pieni\u0105dze lub \u015brodki kasyna do automatu. Nast\u0119pnie wybierz stawk\u0119, kt\u00f3r\u0105 chcesz postawi\u0107 na obr\u00f3t, dostosowuj\u0105c rozmiar monety i liczb\u0119 linii wyp\u0142at. Po ustawieniu zak\u0142adu mo\u017cesz zakr\u0119ci\u0107 b\u0119bnami, naciskaj\u0105c przycisk \u201eSpin\u201d. Celem gry jest dopasowanie symboli na liniach wyp\u0142at od lewej do prawej, aby wygra\u0107 nagrody. Gra ma zabawny motyw przewodni oparty na historii Trzech Ma\u0142ych \u015awinek, z symbolami takimi jak \u015bwinki, domki i wilki. Zwr\u00f3\u0107 uwag\u0119 na symbol Huff and Puff, kt\u00f3ry mo\u017ce aktywowa\u0107 funkcje specjalne, takie jak darmowe spiny i mno\u017cniki. Og\u00f3lnie rzecz bior\u0105c, gra na automacie Huff and Puff jest \u0142atwa i ekscytuj\u0105ca, z mo\u017cliwo\u015bci\u0105 du\u017cych wygranych, je\u015bli dopisze Ci szcz\u0119\u015bcie. Wi\u0119c spr\u00f3buj i zobacz, czy uda ci si\u0119 wygra\u0107 jackpota!<\/p>\n<div class=\"go-btn-container\"><div class=\"tosh-btn\"><a href=\"\/go-casino\/\" target=\"_blank\" rel=\"noopener\">GRAJ TERAZ<\/a><\/div><\/div>\n<h2>AUTOMAT HUFF AND PUFF: OPCJE ZAK\u0141AD\u00d3W I POTENCJA\u0141 WYGRANYCH<\/h2>\n<p>Automat Huff and Puff oferuje graczom szeroki wachlarz opcji zak\u0142ad\u00f3w i ekscytuj\u0105cy potencja\u0142 wygranych. Dzi\u0119ki regulowanym stawkom zak\u0142ad\u00f3w gracze mog\u0105 obstawia\u0107 od kilku cent\u00f3w do kilku dolar\u00f3w na obr\u00f3t. Ta elastyczno\u015b\u0107 pozwala zar\u00f3wno graczom okazjonalnym, jak i high rollerom cieszy\u0107 si\u0119 gr\u0105 we w\u0142asnym tempie i przy w\u0142asnym bud\u017cecie. Gra oferuje wiele linii wyp\u0142at i rund bonusowych, daj\u0105c graczom mn\u00f3stwo okazji do du\u017cych wygranych. Dzi\u0119ki mo\u017cliwo\u015bci uruchomienia darmowych spin\u00f3w, mno\u017cnik\u00f3w i innych funkcji bonusowych, gracze mog\u0105 znacznie zwi\u0119kszy\u0107 swoje wygrane. Automat Huff and Puff znany jest z wysokiej zmienno\u015bci, co oznacza, \u017ce \u200b\u200bchocia\u017c wygrane mog\u0105 pojawia\u0107 si\u0119 rzadziej, to zazwyczaj s\u0105 one wy\u017csze, gdy ju\u017c si\u0119 pojawi\u0105. Dodaje to rozgrywce dodatkowego poziomu emocji i oczekiwania, anga\u017cuj\u0105c graczy i zapewniaj\u0105c im rozrywk\u0119. Podsumowuj\u0105c, automat Huff and Puff oferuje ekscytuj\u0105ce i satysfakcjonuj\u0105ce wra\u017cenia z gry dla graczy na ka\u017cdym poziomie umiej\u0119tno\u015bci.<\/p>\n<p><img loading=\"lazy\" decoding=\"async\" class=\"aligncenter size-full wp-image-8097\" src=\"https:\/\/rocketplay-new.com\/wp-content\/uploads\/2025\/07\/huff-and-puff-slot-machine-play-slot-for-free-2.webp\" alt=\"Huff and Puff slot machine - Play Slot for Free 2\" width=\"800\" height=\"395\" srcset=\"https:\/\/rocketplay-new.com\/wp-content\/uploads\/2025\/07\/huff-and-puff-slot-machine-play-slot-for-free-2.webp 800w, https:\/\/rocketplay-new.com\/wp-content\/uploads\/2025\/07\/huff-and-puff-slot-machine-play-slot-for-free-2-300x148.webp 300w, https:\/\/rocketplay-new.com\/wp-content\/uploads\/2025\/07\/huff-and-puff-slot-machine-play-slot-for-free-2-768x379.webp 768w\" sizes=\"auto, (max-width: 800px) 100vw, 800px\" \/><\/p>\n<h2>NAJCZ\u0118\u015aCIEJ ZADAWANE PYTANIA I ODPOWIEDZI \u2013 AUTOMAT HUFF AND PUFF<\/h2>\n<p>Automat Huff and Puff to popularna gra, w kt\u00f3rej gracze kr\u0119c\u0105 b\u0119bnami, maj\u0105c nadziej\u0119 na trafienie zwyci\u0119skich kombinacji. Jednym z cz\u0119stych pyta\u0144 graczy jest to, jak uruchomi\u0107 funkcj\u0119 bonusow\u0105. Aby uruchomi\u0107 funkcj\u0119 bonusow\u0105, gracze musz\u0105 trafi\u0107 na b\u0119bnach co najmniej trzy symbole scatter. Po uruchomieniu funkcji bonusowej gracze maj\u0105 szans\u0119 na zdobycie kolejnych nagr\u00f3d i potencjalnie du\u017c\u0105 wygran\u0105. Kolejnym cz\u0119stym pytaniem jest to, czy gra posiada progresywny jackpot. Niestety, automat Huff and Puff nie posiada progresywnego jackpota, ale oferuje graczom wiele mo\u017cliwo\u015bci wygrania du\u017cych pieni\u0119dzy dzi\u0119ki ekscytuj\u0105cym funkcjom bonusowym i symbolom o wysokiej warto\u015bci. Og\u00f3lnie rzecz bior\u0105c, automat Huff and Puff to zabawna i wci\u0105gaj\u0105ca gra, kt\u00f3ra zapewnia rozrywk\u0119 dzi\u0119ki swojemu zabawnemu motywowi i satysfakcjonuj\u0105cej rozgrywce.<\/p>\n","protected":false},"excerpt":{"rendered":"<p>Automat Huff and Puff to popularna gra online, kt\u00f3ra oferuje graczom szans\u0119 na du\u017ce wygrane dzi\u0119ki ekscytuj\u0105cym funkcjom i bonusom. Dzi\u0119ki zabawnej i kolorowej oprawie graficznej gracze z pewno\u015bci\u0105 b\u0119d\u0105 si\u0119 bawi\u0107 godzinami. Gra zawiera symbole Wild, darmowe spiny oraz rund\u0119 bonusow\u0105, w kt\u00f3rej gracze mog\u0105 zbiera\u0107 monety, rozwalaj\u0105c domy. Gra jest prosta w obs\u0142udze&#8230;<\/p>\n","protected":false},"author":1,"featured_media":6283,"parent":2275,"menu_order":0,"comment_status":"closed","ping_status":"closed","template":"single-no-sidebar.php","meta":{"_acf_changed":false,"_kad_post_transparent":"default","_kad_post_title":"default","_kad_post_layout":"default","_kad_post_sidebar_id":"","_kad_post_content_style":"default","_kad_post_vertical_padding":"default","_kad_post_feature":"","_kad_post_feature_position":"","_kad_post_header":false,"_kad_post_footer":false,"footnotes":""},"class_list":["post-8136","page","type-page","status-publish","has-post-thumbnail","hentry"],"acf":[],"rttpg_featured_image_url":{"full":["https:\/\/rocketplay-new.com\/wp-content\/uploads\/2025\/05\/huff-and-puff-slot-machine-play-slot-for-free.png",1240,793,false],"landscape":["https:\/\/rocketplay-new.com\/wp-content\/uploads\/2025\/05\/huff-and-puff-slot-machine-play-slot-for-free.png",1240,793,false],"portraits":["https:\/\/rocketplay-new.com\/wp-content\/uploads\/2025\/05\/huff-and-puff-slot-machine-play-slot-for-free.png",1240,793,false],"thumbnail":["https:\/\/rocketplay-new.com\/wp-content\/uploads\/2025\/05\/huff-and-puff-slot-machine-play-slot-for-free-150x150.png",150,150,true],"medium":["https:\/\/rocketplay-new.com\/wp-content\/uploads\/2025\/05\/huff-and-puff-slot-machine-play-slot-for-free-300x192.png",300,192,true],"large":["https:\/\/rocketplay-new.com\/wp-content\/uploads\/2025\/05\/huff-and-puff-slot-machine-play-slot-for-free-1024x655.png",1024,655,true],"1536x1536":["https:\/\/rocketplay-new.com\/wp-content\/uploads\/2025\/05\/huff-and-puff-slot-machine-play-slot-for-free.png",1240,793,false],"2048x2048":["https:\/\/rocketplay-new.com\/wp-content\/uploads\/2025\/05\/huff-and-puff-slot-machine-play-slot-for-free.png",1240,793,false],"wppb-medium":["https:\/\/rocketplay-new.com\/wp-content\/uploads\/2025\/05\/huff-and-puff-slot-machine-play-slot-for-free-600x450.png",600,450,true]},"rttpg_author":{"display_name":"John","author_link":"https:\/\/rocketplay-new.com\/pl\/author\/pemvas95n89x\/"},"rttpg_comment":0,"rttpg_category":null,"rttpg_excerpt":"Automat Huff and Puff to popularna gra online, kt\u00f3ra oferuje graczom szans\u0119 na du\u017ce wygrane dzi\u0119ki ekscytuj\u0105cym funkcjom i bonusom. Dzi\u0119ki zabawnej i kolorowej oprawie graficznej gracze z pewno\u015bci\u0105 b\u0119d\u0105 si\u0119 bawi\u0107 godzinami. Gra zawiera symbole Wild, darmowe spiny oraz rund\u0119 bonusow\u0105, w kt\u00f3rej gracze mog\u0105 zbiera\u0107 monety, rozwalaj\u0105c domy. Gra jest prosta w obs\u0142udze...","_links":{"self":[{"href":"https:\/\/rocketplay-new.com\/pl\/wp-json\/wp\/v2\/pages\/8136","targetHints":{"allow":["GET"]}}],"collection":[{"href":"https:\/\/rocketplay-new.com\/pl\/wp-json\/wp\/v2\/pages"}],"about":[{"href":"https:\/\/rocketplay-new.com\/pl\/wp-json\/wp\/v2\/types\/page"}],"author":[{"embeddable":true,"href":"https:\/\/rocketplay-new.com\/pl\/wp-json\/wp\/v2\/users\/1"}],"replies":[{"embeddable":true,"href":"https:\/\/rocketplay-new.com\/pl\/wp-json\/wp\/v2\/comments?post=8136"}],"version-history":[{"count":2,"href":"https:\/\/rocketplay-new.com\/pl\/wp-json\/wp\/v2\/pages\/8136\/revisions"}],"predecessor-version":[{"id":8139,"href":"https:\/\/rocketplay-new.com\/pl\/wp-json\/wp\/v2\/pages\/8136\/revisions\/8139"}],"up":[{"embeddable":true,"href":"https:\/\/rocketplay-new.com\/pl\/wp-json\/wp\/v2\/pages\/2275"}],"wp:featuredmedia":[{"embeddable":true,"href":"https:\/\/rocketplay-new.com\/pl\/wp-json\/wp\/v2\/media\/6283"}],"wp:attachment":[{"href":"https:\/\/rocketplay-new.com\/pl\/wp-json\/wp\/v2\/media?parent=8136"}],"curies":[{"name":"wp","href":"https:\/\/api.w.org\/{rel}","templated":true}]}}