{"id":8061,"date":"2025-05-28T15:44:11","date_gmt":"2025-05-28T12:44:11","guid":{"rendered":"https:\/\/rocketplay-new.com\/slot-machines\/dragon-link-2\/"},"modified":"2025-07-10T16:22:37","modified_gmt":"2025-07-10T13:22:37","slug":"dragon-link","status":"publish","type":"page","link":"https:\/\/rocketplay-new.com\/pl\/slot-machines\/dragon-link\/","title":{"rendered":"AUTOMAT DO GIER DRAGON LINK &#8211; GRAJ W AUTOMAT ZA DARMO"},"content":{"rendered":"<p>Automat Dragon Link to popularny wyb\u00f3r dla graczy szukaj\u0105cych emocjonuj\u0105cych i ekscytuj\u0105cych wra\u017ce\u0144. Gra charakteryzuje si\u0119 motywem smoka, \u017cyw\u0105 grafik\u0105 i wci\u0105gaj\u0105c\u0105 rozgrywk\u0105. Gracze maj\u0105 szans\u0119 na du\u017ce wygrane dzi\u0119ki takim funkcjom jak darmowe spiny, mno\u017cniki i progresywne jackpoty. Najlepsze jest to, \u017ce w automat Dragon Link mo\u017cna gra\u0107 za darmo online, co pozwala cieszy\u0107 si\u0119 emocjami bez ryzykowania w\u0142asnych pieni\u0119dzy. Spr\u00f3buj wi\u0119c i przekonaj si\u0119, czy potrafisz wykorzysta\u0107 moc smoka, aby wygra\u0107 du\u017ce pieni\u0105dze!<\/p>\n<p style=\"text-align: center;\"><div class=\"go-btn-container\"><div class=\"tosh-btn\"><a href=\"\/go-casino\/\" target=\"_blank\" rel=\"noopener\">GRAJ TERAZ<\/a><\/div><\/div><\/p>\n<h2>PRZEGL\u0104D AUTOMATU DO GIER DRAGON LINK<\/h2>\n<p>Dragon Link to popularny automat do gry, kt\u00f3ry przyci\u0105gn\u0105\u0142 uwag\u0119 entuzjast\u00f3w kasyn na ca\u0142ym \u015bwiecie. Stworzona przez Aristocrat, gra charakteryzuje si\u0119 urzekaj\u0105cym motywem smoka, zachwycaj\u0105c\u0105 grafik\u0105 i wci\u0105gaj\u0105cymi efektami d\u017awi\u0119kowymi. Gra nale\u017cy do serii Lightning Link, kt\u00f3ra oferuje graczom szans\u0119 na du\u017ce wygrane dzi\u0119ki ekscytuj\u0105cym funkcjom bonusowym i progresywnym jackpotom. Dragon Link to pi\u0119ciob\u0119bnowy automat do gry z 50 liniami wyp\u0142at, oferuj\u0105cy szeroki wachlarz opcji zak\u0142ad\u00f3w, dostosowanych do ka\u017cdego bud\u017cetu. Gra mo\u017ce pochwali\u0107 si\u0119 wysokim wska\u017anikiem RTP (zwrotu dla gracza), co czyni j\u0105 atrakcyjnym wyborem dla tych, kt\u00f3rzy chc\u0105 zmaksymalizowa\u0107 swoje szanse na wygran\u0105. Dzi\u0119ki wci\u0105gaj\u0105cej rozgrywce i lukratywnym nagrodom, Dragon Link sta\u0142 si\u0119 ulubie\u0144cem graczy zar\u00f3wno w kasynach stacjonarnych, jak i online. Niezale\u017cnie od tego, czy jeste\u015b graczem okazjonalnym, czy high rollerem, ten automat do gry oferuje mn\u00f3stwo emocji i emocji dla ka\u017cdego typu gracza.<\/p>\n<p><img loading=\"lazy\" decoding=\"async\" class=\"aligncenter wp-image-8042 size-full\" src=\"https:\/\/rocketplay-new.com\/wp-content\/uploads\/2025\/07\/dragon-link-slot-machine-play-slot-for-free-2.webp\" alt=\"DRAGON LINK SLOT MACHINE - PLAY SLOT FOR FREE\" width=\"800\" height=\"332\" srcset=\"https:\/\/rocketplay-new.com\/wp-content\/uploads\/2025\/07\/dragon-link-slot-machine-play-slot-for-free-2.webp 800w, https:\/\/rocketplay-new.com\/wp-content\/uploads\/2025\/07\/dragon-link-slot-machine-play-slot-for-free-2-300x125.webp 300w, https:\/\/rocketplay-new.com\/wp-content\/uploads\/2025\/07\/dragon-link-slot-machine-play-slot-for-free-2-768x319.webp 768w\" sizes=\"auto, (max-width: 800px) 100vw, 800px\" \/><\/p>\n<h2>AUTOMAT DO GRY DRAGON LINK: TEMAT, GRAFIKA I MUZYKA<\/h2>\n<p>Automat do gry Dragon Link to popularna gra w kasynach na ca\u0142ym \u015bwiecie, znana z urzekaj\u0105cego motywu, osza\u0142amiaj\u0105cej grafiki i wci\u0105gaj\u0105cej muzyki. Motywem przewodnim gry s\u0105 smoki, symbole w\u0142adzy i szcz\u0119\u015bcia w wielu kulturach. Grafika gry jest niezwykle szczeg\u00f3\u0142owa i kolorowa, z majestatycznymi smokami, l\u015bni\u0105cymi klejnotami i misternymi wzorami. Grafika jest tak realistyczna, \u017ce \u200b\u200bgracze czuj\u0105 si\u0119, jakby przenie\u015bli si\u0119 do mistycznego \u015bwiata pe\u0142nego ziej\u0105cych ogniem stworze\u0144 i ukrytych skarb\u00f3w. Muzyka w grze pot\u0119guje wra\u017cenia, a epickie \u015bcie\u017cki d\u017awi\u0119kowe i mistyczne melodie buduj\u0105 poczucie oczekiwania i ekscytacji. Po\u0142\u0105czenie motywu, grafiki i muzyki automatu do gry Dragon Link tworzy prawdziwie wci\u0105gaj\u0105ce i anga\u017cuj\u0105ce do\u015bwiadczenie, kt\u00f3re sprawia, \u017ce \u200b\u200bgracze chc\u0105 wraca\u0107 po wi\u0119cej.<\/p>\n<h2>JAK GRA\u0106 NA AUTOMACIE DRAGON LINK<\/h2>\n<p>Dragon Link to popularna gra na automatach, dost\u0119pna w wielu kasynach na ca\u0142ym \u015bwiecie. Aby zagra\u0107 na automacie Dragon Link, gracze musz\u0105 najpierw w\u0142o\u017cy\u0107 pieni\u0105dze lub \u015brodki kasyna do automatu. Po za\u0142adowaniu \u015brodk\u00f3w gracze mog\u0105 wybra\u0107 stawk\u0119 zak\u0142adu i nacisn\u0105\u0107 przycisk \u201eSpin\u201d, aby rozpocz\u0105\u0107 gr\u0119. Celem gry jest dopasowanie symboli na b\u0119bnach, aby wygra\u0107 nagrody. Automat Dragon Link oferuje r\u00f3\u017cnorodne symbole, w tym smoki, per\u0142y i inne mistyczne stworzenia. Aby zwi\u0119kszy\u0107 swoje szanse na wygran\u0105, gracze mog\u0105 aktywowa\u0107 funkcj\u0119 Dragon Link, trafiaj\u0105c na b\u0119bny co najmniej sze\u015b\u0107 symboli smoka. Funkcja ta nagradza graczy darmowymi spinami i szans\u0105 na wygranie jednego z czterech progresywnych jackpot\u00f3w. Og\u00f3lnie rzecz bior\u0105c, gra na automacie Dragon Link to przyjemne i ekscytuj\u0105ce do\u015bwiadczenie, kt\u00f3re mo\u017ce przynie\u015b\u0107 du\u017ce wygrane szcz\u0119\u015bliwym graczom.<\/p>\n<p style=\"text-align: center;\"><div class=\"go-btn-container\"><div class=\"tosh-btn\"><a href=\"\/go-casino\/\" target=\"_blank\" rel=\"noopener\">GRAJ TERAZ<\/a><\/div><\/div><\/p>\n<h2>AUTOMAT DO GRY DRAGON LINK: OPCJE ZAK\u0141AD\u00d3W I POTENCJA\u0141 WYGRANYCH<\/h2>\n<p>Automat do gry Dragon Link to popularna gra w kasynach na ca\u0142ym \u015bwiecie, znana z ekscytuj\u0105cej rozgrywki i potencja\u0142u du\u017cych wygranych. Jedn\u0105 z kluczowych cech tej gry s\u0105 opcje zak\u0142ad\u00f3w, pozwalaj\u0105ce graczom dostosowa\u0107 stawki do bud\u017cetu i stylu gry. Minimalny zak\u0142ad w wysoko\u015bci zaledwie kilku cent\u00f3w pozwala graczom zakr\u0119ci\u0107 b\u0119bnami i spr\u00f3bowa\u0107 szcz\u0119\u015bcia w tworzeniu zwyci\u0119skich kombinacji. Dla tych, kt\u00f3rzy lubi\u0105 przygody, dost\u0119pne s\u0105 wy\u017csze opcje zak\u0142ad\u00f3w, daj\u0105ce szans\u0119 na wygranie jeszcze wi\u0119kszych nagr\u00f3d. Gra oferuje r\u00f3wnie\u017c szereg funkcji bonusowych, w tym darmowe spiny i mno\u017cniki, kt\u00f3re mog\u0105 znacznie zwi\u0119kszy\u0107 potencja\u0142 wygranych. Dzi\u0119ki wysokiemu wska\u017anikowi RTP (zwrotu dla gracza), automat do gry Dragon Link oferuje graczom przyzwoit\u0105 szans\u0119 na wygran\u0105. Po\u0142\u0105czenie elastycznych opcji zak\u0142ad\u00f3w i ekscytuj\u0105cych funkcji bonusowych sprawia, \u017ce \u200b\u200bautomat do gry Dragon Link jest popularnym wyborem w\u015br\u00f3d graczy kasyn poszukuj\u0105cych ekscytuj\u0105cych wra\u017ce\u0144 z gry i mo\u017cliwo\u015bci du\u017cych wygranych.<\/p>\n<p><img loading=\"lazy\" decoding=\"async\" class=\"aligncenter size-full wp-image-8033\" src=\"https:\/\/rocketplay-new.com\/wp-content\/uploads\/2025\/07\/dragon-link-slot-machine-play-slot-for-free-1.webp\" alt=\"DRAGON LINK SLOT MACHINE - PLAY SLOT FOR FREE 2\" width=\"800\" height=\"498\" srcset=\"https:\/\/rocketplay-new.com\/wp-content\/uploads\/2025\/07\/dragon-link-slot-machine-play-slot-for-free-1.webp 800w, https:\/\/rocketplay-new.com\/wp-content\/uploads\/2025\/07\/dragon-link-slot-machine-play-slot-for-free-1-300x187.webp 300w, https:\/\/rocketplay-new.com\/wp-content\/uploads\/2025\/07\/dragon-link-slot-machine-play-slot-for-free-1-768x478.webp 768w\" sizes=\"auto, (max-width: 800px) 100vw, 800px\" \/><\/p>\n<h2>NAJCZ\u0118\u015aCIEJ ZADAWANE PYTANIA I ODPOWIEDZI \u2013 AUTOMAT DO GRY DRAGON LINK<\/h2>\n<p>Automat do gry Dragon Link to popularna gra w kasynach na ca\u0142ym \u015bwiecie, znana z ekscytuj\u0105cej rozgrywki i mo\u017cliwo\u015bci du\u017cych wygranych. Jednym z cz\u0119stych pyta\u0144 graczy jest to, jak dzia\u0142a gra. W Dragon Link gracze kr\u0119c\u0105 b\u0119bnami i staraj\u0105 si\u0119 dopasowa\u0107 symbole, aby wygra\u0107 nagrody. Gra oferuje r\u00f3wnie\u017c specjalne rundy bonusowe i funkcje, takie jak darmowe spiny i mno\u017cniki, kt\u00f3re mog\u0105 zwi\u0119kszy\u0107 szanse na du\u017c\u0105 wygran\u0105. Kolejnym cz\u0119stym pytaniem jest, jak zwi\u0119kszy\u0107 szanse na wygran\u0105. Chocia\u017c nie ma gwarancji wygranej na automatach, gracze mog\u0105 zwi\u0119kszy\u0107 swoje szanse, graj\u0105c strategicznie, ustalaj\u0105c bud\u017cet i wiedz\u0105c, kiedy zrezygnowa\u0107. Gracze cz\u0119sto pytaj\u0105 r\u00f3wnie\u017c o wska\u017anik RTP (zwrot dla gracza) w Dragon Link. RTP w grze mo\u017ce si\u0119 r\u00f3\u017cni\u0107, ale zazwyczaj mie\u015bci si\u0119 w przedziale 90-95%, co oznacza, \u017ce \u200b\u200bz czasem gracze mog\u0105 spodziewa\u0107 si\u0119 zwrotu 90-95% postawionych pieni\u0119dzy. Og\u00f3lnie rzecz bior\u0105c, automat do gry Dragon Link to ciekawa i ekscytuj\u0105ca gra dla graczy, kt\u00f3rzy chc\u0105 spr\u00f3bowa\u0107 swojego szcz\u0119\u015bcia i potencjalnie wygra\u0107 du\u017ce pieni\u0105dze.<\/p>\n","protected":false},"excerpt":{"rendered":"<p>Automat Dragon Link to popularny wyb\u00f3r dla graczy szukaj\u0105cych emocjonuj\u0105cych i ekscytuj\u0105cych wra\u017ce\u0144. Gra charakteryzuje si\u0119 motywem smoka, \u017cyw\u0105 grafik\u0105 i wci\u0105gaj\u0105c\u0105 rozgrywk\u0105. Gracze maj\u0105 szans\u0119 na du\u017ce wygrane dzi\u0119ki takim funkcjom jak darmowe spiny, mno\u017cniki i progresywne jackpoty. Najlepsze jest to, \u017ce w automat Dragon Link mo\u017cna gra\u0107 za darmo online, co pozwala cieszy\u0107&#8230;<\/p>\n","protected":false},"author":1,"featured_media":6244,"parent":2275,"menu_order":0,"comment_status":"closed","ping_status":"closed","template":"","meta":{"_acf_changed":false,"_kad_post_transparent":"default","_kad_post_title":"default","_kad_post_layout":"default","_kad_post_sidebar_id":"","_kad_post_content_style":"default","_kad_post_vertical_padding":"default","_kad_post_feature":"","_kad_post_feature_position":"","_kad_post_header":false,"_kad_post_footer":false,"footnotes":""},"class_list":["post-8061","page","type-page","status-publish","has-post-thumbnail","hentry"],"acf":[],"rttpg_featured_image_url":{"full":["https:\/\/rocketplay-new.com\/wp-content\/uploads\/2025\/05\/dragon-link-slot-machine-play-slot-for-free.png",1104,696,false],"landscape":["https:\/\/rocketplay-new.com\/wp-content\/uploads\/2025\/05\/dragon-link-slot-machine-play-slot-for-free.png",1104,696,false],"portraits":["https:\/\/rocketplay-new.com\/wp-content\/uploads\/2025\/05\/dragon-link-slot-machine-play-slot-for-free.png",1104,696,false],"thumbnail":["https:\/\/rocketplay-new.com\/wp-content\/uploads\/2025\/05\/dragon-link-slot-machine-play-slot-for-free-150x150.png",150,150,true],"medium":["https:\/\/rocketplay-new.com\/wp-content\/uploads\/2025\/05\/dragon-link-slot-machine-play-slot-for-free-300x189.png",300,189,true],"large":["https:\/\/rocketplay-new.com\/wp-content\/uploads\/2025\/05\/dragon-link-slot-machine-play-slot-for-free-1024x646.png",1024,646,true],"1536x1536":["https:\/\/rocketplay-new.com\/wp-content\/uploads\/2025\/05\/dragon-link-slot-machine-play-slot-for-free.png",1104,696,false],"2048x2048":["https:\/\/rocketplay-new.com\/wp-content\/uploads\/2025\/05\/dragon-link-slot-machine-play-slot-for-free.png",1104,696,false],"wppb-medium":["https:\/\/rocketplay-new.com\/wp-content\/uploads\/2025\/05\/dragon-link-slot-machine-play-slot-for-free-600x450.png",600,450,true]},"rttpg_author":{"display_name":"John","author_link":"https:\/\/rocketplay-new.com\/pl\/author\/pemvas95n89x\/"},"rttpg_comment":0,"rttpg_category":null,"rttpg_excerpt":"Automat Dragon Link to popularny wyb\u00f3r dla graczy szukaj\u0105cych emocjonuj\u0105cych i ekscytuj\u0105cych wra\u017ce\u0144. Gra charakteryzuje si\u0119 motywem smoka, \u017cyw\u0105 grafik\u0105 i wci\u0105gaj\u0105c\u0105 rozgrywk\u0105. Gracze maj\u0105 szans\u0119 na du\u017ce wygrane dzi\u0119ki takim funkcjom jak darmowe spiny, mno\u017cniki i progresywne jackpoty. Najlepsze jest to, \u017ce w automat Dragon Link mo\u017cna gra\u0107 za darmo online, co pozwala cieszy\u0107...","_links":{"self":[{"href":"https:\/\/rocketplay-new.com\/pl\/wp-json\/wp\/v2\/pages\/8061","targetHints":{"allow":["GET"]}}],"collection":[{"href":"https:\/\/rocketplay-new.com\/pl\/wp-json\/wp\/v2\/pages"}],"about":[{"href":"https:\/\/rocketplay-new.com\/pl\/wp-json\/wp\/v2\/types\/page"}],"author":[{"embeddable":true,"href":"https:\/\/rocketplay-new.com\/pl\/wp-json\/wp\/v2\/users\/1"}],"replies":[{"embeddable":true,"href":"https:\/\/rocketplay-new.com\/pl\/wp-json\/wp\/v2\/comments?post=8061"}],"version-history":[{"count":3,"href":"https:\/\/rocketplay-new.com\/pl\/wp-json\/wp\/v2\/pages\/8061\/revisions"}],"predecessor-version":[{"id":8065,"href":"https:\/\/rocketplay-new.com\/pl\/wp-json\/wp\/v2\/pages\/8061\/revisions\/8065"}],"up":[{"embeddable":true,"href":"https:\/\/rocketplay-new.com\/pl\/wp-json\/wp\/v2\/pages\/2275"}],"wp:featuredmedia":[{"embeddable":true,"href":"https:\/\/rocketplay-new.com\/pl\/wp-json\/wp\/v2\/media\/6244"}],"wp:attachment":[{"href":"https:\/\/rocketplay-new.com\/pl\/wp-json\/wp\/v2\/media?parent=8061"}],"curies":[{"name":"wp","href":"https:\/\/api.w.org\/{rel}","templated":true}]}}