{"id":8024,"date":"2025-05-28T15:33:28","date_gmt":"2025-05-28T12:33:28","guid":{"rendered":"https:\/\/rocketplay-new.com\/slot-machines\/dancing-drums\/"},"modified":"2025-07-10T00:54:59","modified_gmt":"2025-07-09T21:54:59","slug":"dancing-drums","status":"publish","type":"page","link":"https:\/\/rocketplay-new.com\/pl\/slot-machines\/dancing-drums\/","title":{"rendered":"Automat do gry Dancing Drums \u2013 graj za darmo"},"content":{"rendered":"<p>Dancing Drums to popularny automat do gry, kt\u00f3ry oferuje graczom ekscytuj\u0105ce i wci\u0105gaj\u0105ce wra\u017cenia. Dzi\u0119ki \u017cywej grafice, wpadaj\u0105cej w ucho muzyce i wci\u0105gaj\u0105cej rozgrywce, ten automat z pewno\u015bci\u0105 zapewni graczom rozrywk\u0119 na d\u0142ugie godziny. Gra oferuje r\u00f3\u017cnorodne symbole i rundy bonusowe, kt\u00f3re mog\u0105 prowadzi\u0107 do du\u017cych wygranych, co czyni j\u0105 ulubion\u0105 zar\u00f3wno w\u015br\u00f3d pocz\u0105tkuj\u0105cych, jak i do\u015bwiadczonych graczy. A co najlepsze, mo\u017cesz zagra\u0107 w Dancing Drums za darmo online, co daje Ci szans\u0119 na spr\u00f3bowanie szcz\u0119\u015bcia bez ryzykowania w\u0142asnych pieni\u0119dzy. Po co wi\u0119c czeka\u0107? Zagraj w Dancing Drums ju\u017c dzi\u015b i przekonaj si\u0119, czy masz to, czego potrzeba, by wygra\u0107!<\/p>\n<p style=\"text-align: center;\"><div class=\"go-btn-container\"><div class=\"tosh-btn\"><a href=\"\/go-casino\/\" target=\"_blank\" rel=\"noopener\">GRAJ TERAZ<\/a><\/div><\/div><\/p>\n<h2>PRZEGL\u0104D AUTOMATU DO GRY DANCING DRUMS<\/h2>\n<p>Dancing Drums to popularna gra na automatach, kt\u00f3ra \u0142\u0105czy emocje tradycyjnych automat\u00f3w z \u017cyw\u0105 energi\u0105 tradycyjnej kultury chi\u0144skiej. Gra charakteryzuje si\u0119 kolorow\u0105 i anga\u017cuj\u0105c\u0105 grafik\u0105, a symbole takie jak z\u0142ote lwy, b\u0119bny i ta\u0144cz\u0105ce smoki zdobi\u0105 b\u0119bny. Gracze przenosz\u0105 si\u0119 do \u015bwiata \u015bwi\u0119towania i szcz\u0119\u015bcia, kr\u0119c\u0105c b\u0119bnami i pr\u00f3buj\u0105c trafi\u0107 zwyci\u0119skie kombinacje. Jedn\u0105 z wyr\u00f3\u017cniaj\u0105cych si\u0119 funkcji Dancing Drums jest bonus Fu Babies Jackpot, w kt\u00f3rym gracze maj\u0105 szans\u0119 na wygranie jednego z czterech progresywnych jackpot\u00f3w. To dodaje dodatkowej dawki emocji i mo\u017cliwo\u015bci du\u017cych wygranych. Dzi\u0119ki \u017cywio\u0142owej muzyce, osza\u0142amiaj\u0105cej grafice i lukratywnym funkcjom bonusowym, Dancing Drums to gra, kt\u00f3ra sprawia, \u017ce \u200b\u200bgracze wracaj\u0105 po wi\u0119cej. Niezale\u017cnie od tego, czy jeste\u015b do\u015bwiadczonym graczem na automatach, czy dopiero zaczynasz przygod\u0119 z kasynami online, Dancing Drums z pewno\u015bci\u0105 zapewni Ci godziny rozrywki i szans\u0119 na du\u017ce wygrane.<\/p>\n<p><img loading=\"lazy\" decoding=\"async\" class=\"aligncenter size-full wp-image-7978\" src=\"https:\/\/rocketplay-new.com\/wp-content\/uploads\/2025\/07\/dancing-drums-slot-machine-play-slot-for-free-1.webp\" alt=\"Dancing Drums slot machine - Play Slot for Free\" width=\"800\" height=\"419\" srcset=\"https:\/\/rocketplay-new.com\/wp-content\/uploads\/2025\/07\/dancing-drums-slot-machine-play-slot-for-free-1.webp 800w, https:\/\/rocketplay-new.com\/wp-content\/uploads\/2025\/07\/dancing-drums-slot-machine-play-slot-for-free-1-300x157.webp 300w, https:\/\/rocketplay-new.com\/wp-content\/uploads\/2025\/07\/dancing-drums-slot-machine-play-slot-for-free-1-768x402.webp 768w\" sizes=\"auto, (max-width: 800px) 100vw, 800px\" \/><\/p>\n<h2>AUTOMAT DO GRY DANCING DRUMS: TEMAT, GRAFIKA I MUZYKA<\/h2>\n<p>Automat do gry Dancing Drums to popularna gra w kasynach na ca\u0142ym \u015bwiecie, znana z \u017cywego motywu, urzekaj\u0105cej grafiki i wpadaj\u0105cej w ucho muzyki. Akcja gry osadzona jest w tradycyjnym chi\u0144skim klimacie, a b\u0119bny zdobi\u0105 symbole takie jak smoki, szcz\u0119\u015bliwe monety i sztabki z\u0142ota. Grafika jest osza\u0142amiaj\u0105ca, z jasnymi kolorami i misternymi detalami, kt\u00f3re przenosz\u0105 graczy w \u015bwi\u0105teczn\u0105 i ekscytuj\u0105c\u0105 atmosfer\u0119. Muzyka w Dancing Drums jest r\u00f3wnie imponuj\u0105ca, z rytmicznymi uderzeniami b\u0119bn\u00f3w i tradycyjnymi chi\u0144skimi melodiami, kt\u00f3re tworz\u0105 poczucie energii i ekscytacji, gdy gracze kr\u0119c\u0105 b\u0119bnami. Og\u00f3lnie rzecz bior\u0105c, motyw, grafika i muzyka Dancing Drums \u0142\u0105cz\u0105 si\u0119, tworz\u0105c wci\u0105gaj\u0105ce i przyjemne do\u015bwiadczenie dla graczy na ka\u017cdym poziomie zaawansowania.<\/p>\n<h2>JAK GRA\u0106 NA AUTOMACIE DO GRY DANCING DRUMS<\/h2>\n<p>Dancing Drums to popularna gra na automacie, kt\u00f3r\u0105 mo\u017cna znale\u017a\u0107 w wielu kasynach na ca\u0142ym \u015bwiecie. Aby zagra\u0107 w t\u0119 gr\u0119, gracze musz\u0105 najpierw wrzuci\u0107 pieni\u0105dze lub bilet do automatu i wybra\u0107 stawk\u0119 zak\u0142adu. Gra oferuje pi\u0119\u0107 b\u0119bn\u00f3w i 243 sposoby na wygran\u0105, daj\u0105c graczom mn\u00f3stwo szans na trafienie zwyci\u0119skiej kombinacji. G\u0142\u00f3wnym celem gry jest dopasowanie symboli na b\u0119bnach od lewej do prawej, aby wygra\u0107 nagrody. W\u015br\u00f3d symboli w grze znajduj\u0105 si\u0119 b\u0119bny, z\u0142ote monety i czerwone koperty. Gracze mog\u0105 r\u00f3wnie\u017c uruchomi\u0107 bonus Fu Babies Jackpot, trafiaj\u0105c na b\u0119bnach co najmniej trzy symbole bonusowe. Ta funkcja bonusowa daje graczom szans\u0119 na wygranie jednego z czterech progresywnych jackpot\u00f3w. Og\u00f3lnie rzecz bior\u0105c, Dancing Drums to zabawna i ekscytuj\u0105ca gra, kt\u00f3ra oferuje graczom szans\u0119 na wygranie du\u017cych nagr\u00f3d przy ka\u017cdym obrocie.<\/p>\n<p style=\"text-align: center;\"><div class=\"go-btn-container\"><div class=\"tosh-btn\"><a href=\"\/go-casino\/\" target=\"_blank\" rel=\"noopener\">GRAJ TERAZ<\/a><\/div><\/div><\/p>\n<h2>AUTOMAT DO GRY DANCING DRUMS: OPCJE ZAK\u0141AD\u00d3W I POTENCJA\u0141 WYGRANYCH<\/h2>\n<p>Automat do gry Dancing Drums to popularna gra, kt\u00f3ra oferuje graczom r\u00f3\u017cnorodne opcje zak\u0142ad\u00f3w i potencja\u0142 du\u017cych wygranych. Dzi\u0119ki pi\u0119ciu b\u0119bnom i 243 sposobom na wygran\u0105, gracze maj\u0105 mo\u017cliwo\u015b\u0107 obstawiania od 88 cent\u00f3w do 220 dolar\u00f3w za obr\u00f3t. Szeroki wachlarz opcji zak\u0142ad\u00f3w sprawia, \u017ce \u200b\u200bgra jest dost\u0119pna dla graczy o zr\u00f3\u017cnicowanym bud\u017cecie, od okazjonalnych graczy po graczy o wysokich stawkach. Dodatkowo, gra oferuje progresywny jackpot, kt\u00f3ry mo\u017ce by\u0107 uruchamiany losowo, daj\u0105c szans\u0119 na wygranie ogromnej wygranej. Gra zawiera r\u00f3wnie\u017c rund\u0119 bonusow\u0105 darmowych spin\u00f3w, kt\u00f3ra mo\u017ce prowadzi\u0107 do jeszcze wi\u0119kszych wygranych. Podsumowuj\u0105c, automat do gry Dancing Drums oferuje graczom emocje zwi\u0105zane z du\u017cymi wygranymi i elastyczno\u015b\u0107 w dostosowywaniu zak\u0142ad\u00f3w do w\u0142asnych preferencji.<\/p>\n<p><img loading=\"lazy\" decoding=\"async\" class=\"aligncenter size-full wp-image-7987\" src=\"https:\/\/rocketplay-new.com\/wp-content\/uploads\/2025\/07\/dancing-drums-slot-machine-play-slot-for-free-2.webp\" alt=\"Dancing Drums slot machine - Play Slot for Free 2\" width=\"800\" height=\"412\" srcset=\"https:\/\/rocketplay-new.com\/wp-content\/uploads\/2025\/07\/dancing-drums-slot-machine-play-slot-for-free-2.webp 800w, https:\/\/rocketplay-new.com\/wp-content\/uploads\/2025\/07\/dancing-drums-slot-machine-play-slot-for-free-2-300x155.webp 300w, https:\/\/rocketplay-new.com\/wp-content\/uploads\/2025\/07\/dancing-drums-slot-machine-play-slot-for-free-2-768x396.webp 768w\" sizes=\"auto, (max-width: 800px) 100vw, 800px\" \/><\/p>\n<h2>NAJCZ\u0118\u015aCIEJ ZADAWANE PYTANIA I ODPOWIEDZI \u2013 AUTOMAT DO GRY DANCING DRUMS<\/h2>\n<p>Automat do gry Dancing Drums to popularna gra w kasynach na ca\u0142ym \u015bwiecie, znana z \u017cywej grafiki i emocjonuj\u0105cej rozgrywki. Jednym z cz\u0119stych pyta\u0144 graczy jest to, jak uruchomi\u0107 rund\u0119 bonusow\u0105. Runda bonusowa w Dancing Drums uruchamia si\u0119, gdy na b\u0119bnach pojawi\u0105 si\u0119 trzy lub wi\u0119cej symboli scatter. Po aktywacji rundy bonusowej gracze maj\u0105 szans\u0119 na wygranie darmowych spin\u00f3w i mno\u017cnik\u00f3w, zwi\u0119kszaj\u0105c swoje szanse na du\u017c\u0105 wygran\u0105. Kolejnym cz\u0119stym pytaniem jest to, jak zwi\u0119kszy\u0107 swoje szanse na wygran\u0105 na automacie Dancing Drums. Chocia\u017c nie ma niezawodnej strategii na wygran\u0105 na automatach, kilka wskaz\u00f3wek, jak zwi\u0119kszy\u0107 swoje szanse, to gra z maksymalnym zak\u0142adem, wybieranie gier z wysokim RTP (zwrotem dla gracza) i ustalenie bud\u017cetu przed rozpocz\u0119ciem gry. Og\u00f3lnie rzecz bior\u0105c, Dancing Drums to zabawna i ekscytuj\u0105ca gra, kt\u00f3ra oferuje szans\u0119 na wygranie du\u017cych nagr\u00f3d, co czyni j\u0105 ulubion\u0105 gr\u0105 w\u015br\u00f3d graczy kasyn.<\/p>\n","protected":false},"excerpt":{"rendered":"<p>Dancing Drums to popularny automat do gry, kt\u00f3ry oferuje graczom ekscytuj\u0105ce i wci\u0105gaj\u0105ce wra\u017cenia. Dzi\u0119ki \u017cywej grafice, wpadaj\u0105cej w ucho muzyce i wci\u0105gaj\u0105cej rozgrywce, ten automat z pewno\u015bci\u0105 zapewni graczom rozrywk\u0119 na d\u0142ugie godziny. Gra oferuje r\u00f3\u017cnorodne symbole i rundy bonusowe, kt\u00f3re mog\u0105 prowadzi\u0107 do du\u017cych wygranych, co czyni j\u0105 ulubion\u0105 zar\u00f3wno w\u015br\u00f3d pocz\u0105tkuj\u0105cych, jak&#8230;<\/p>\n","protected":false},"author":1,"featured_media":6212,"parent":2275,"menu_order":0,"comment_status":"closed","ping_status":"closed","template":"","meta":{"_acf_changed":false,"_kad_post_transparent":"default","_kad_post_title":"default","_kad_post_layout":"default","_kad_post_sidebar_id":"","_kad_post_content_style":"default","_kad_post_vertical_padding":"default","_kad_post_feature":"","_kad_post_feature_position":"","_kad_post_header":false,"_kad_post_footer":false,"footnotes":""},"class_list":["post-8024","page","type-page","status-publish","has-post-thumbnail","hentry"],"acf":[],"rttpg_featured_image_url":{"full":["https:\/\/rocketplay-new.com\/wp-content\/uploads\/2025\/05\/dancing-drums-slot-machine-play-slot-for-free.png",948,687,false],"landscape":["https:\/\/rocketplay-new.com\/wp-content\/uploads\/2025\/05\/dancing-drums-slot-machine-play-slot-for-free.png",948,687,false],"portraits":["https:\/\/rocketplay-new.com\/wp-content\/uploads\/2025\/05\/dancing-drums-slot-machine-play-slot-for-free.png",948,687,false],"thumbnail":["https:\/\/rocketplay-new.com\/wp-content\/uploads\/2025\/05\/dancing-drums-slot-machine-play-slot-for-free-150x150.png",150,150,true],"medium":["https:\/\/rocketplay-new.com\/wp-content\/uploads\/2025\/05\/dancing-drums-slot-machine-play-slot-for-free-300x217.png",300,217,true],"large":["https:\/\/rocketplay-new.com\/wp-content\/uploads\/2025\/05\/dancing-drums-slot-machine-play-slot-for-free.png",948,687,false],"1536x1536":["https:\/\/rocketplay-new.com\/wp-content\/uploads\/2025\/05\/dancing-drums-slot-machine-play-slot-for-free.png",948,687,false],"2048x2048":["https:\/\/rocketplay-new.com\/wp-content\/uploads\/2025\/05\/dancing-drums-slot-machine-play-slot-for-free.png",948,687,false],"wppb-medium":["https:\/\/rocketplay-new.com\/wp-content\/uploads\/2025\/05\/dancing-drums-slot-machine-play-slot-for-free-600x450.png",600,450,true]},"rttpg_author":{"display_name":"John","author_link":"https:\/\/rocketplay-new.com\/pl\/author\/pemvas95n89x\/"},"rttpg_comment":0,"rttpg_category":null,"rttpg_excerpt":"Dancing Drums to popularny automat do gry, kt\u00f3ry oferuje graczom ekscytuj\u0105ce i wci\u0105gaj\u0105ce wra\u017cenia. Dzi\u0119ki \u017cywej grafice, wpadaj\u0105cej w ucho muzyce i wci\u0105gaj\u0105cej rozgrywce, ten automat z pewno\u015bci\u0105 zapewni graczom rozrywk\u0119 na d\u0142ugie godziny. Gra oferuje r\u00f3\u017cnorodne symbole i rundy bonusowe, kt\u00f3re mog\u0105 prowadzi\u0107 do du\u017cych wygranych, co czyni j\u0105 ulubion\u0105 zar\u00f3wno w\u015br\u00f3d pocz\u0105tkuj\u0105cych, jak...","_links":{"self":[{"href":"https:\/\/rocketplay-new.com\/pl\/wp-json\/wp\/v2\/pages\/8024","targetHints":{"allow":["GET"]}}],"collection":[{"href":"https:\/\/rocketplay-new.com\/pl\/wp-json\/wp\/v2\/pages"}],"about":[{"href":"https:\/\/rocketplay-new.com\/pl\/wp-json\/wp\/v2\/types\/page"}],"author":[{"embeddable":true,"href":"https:\/\/rocketplay-new.com\/pl\/wp-json\/wp\/v2\/users\/1"}],"replies":[{"embeddable":true,"href":"https:\/\/rocketplay-new.com\/pl\/wp-json\/wp\/v2\/comments?post=8024"}],"version-history":[{"count":2,"href":"https:\/\/rocketplay-new.com\/pl\/wp-json\/wp\/v2\/pages\/8024\/revisions"}],"predecessor-version":[{"id":8027,"href":"https:\/\/rocketplay-new.com\/pl\/wp-json\/wp\/v2\/pages\/8024\/revisions\/8027"}],"up":[{"embeddable":true,"href":"https:\/\/rocketplay-new.com\/pl\/wp-json\/wp\/v2\/pages\/2275"}],"wp:featuredmedia":[{"embeddable":true,"href":"https:\/\/rocketplay-new.com\/pl\/wp-json\/wp\/v2\/media\/6212"}],"wp:attachment":[{"href":"https:\/\/rocketplay-new.com\/pl\/wp-json\/wp\/v2\/media?parent=8024"}],"curies":[{"name":"wp","href":"https:\/\/api.w.org\/{rel}","templated":true}]}}