{"id":4520,"date":"2024-01-19T14:01:58","date_gmt":"2024-01-19T11:01:58","guid":{"rendered":"https:\/\/rocketplay-new.com\/underage-gaming-policy\/"},"modified":"2024-01-20T00:42:44","modified_gmt":"2024-01-19T21:42:44","slug":"underage-gaming-policy","status":"publish","type":"page","link":"https:\/\/rocketplay-new.com\/pl\/underage-gaming-policy\/","title":{"rendered":"Zasady dotycz\u0105ce gier nieletnich"},"content":{"rendered":"<p>W dynamicznym krajobrazie kasyn online RocketPlay Casino wyr\u00f3\u017cnia si\u0119 ekscytuj\u0105cymi wra\u017ceniami z gry i niezachwianym zaanga\u017cowaniem w odpowiedzialny hazard. Kasyno rozumie znaczenie ochrony dobrego samopoczucia swoich graczy, zw\u0142aszcza tych, kt\u00f3rzy s\u0105 nieletni. Ten kompleksowy przegl\u0105d zag\u0142\u0119bia si\u0119 w Polityk\u0119 RocketPlay Casino dotycz\u0105c\u0105 gier nieletnich, badaj\u0105c rygorystyczne \u015brodki maj\u0105ce na celu zapewnienie wszystkim bezpiecznego i przyjemnego \u015brodowiska gry.<\/p>\n<h2>Wprowadzenie do zaanga\u017cowania kasyna RocketPlay<\/h2>\n<p>RocketPlay Casino szczyci si\u0119 wspieraniem odpowiedzialnego i etycznego \u015brodowiska gier. Uznaj\u0105c potencjalne ryzyko zwi\u0105zane z hazardem nieletnich, kasyno wdro\u017cy\u0142o solidn\u0105 Polityk\u0119 dotycz\u0105c\u0105 gier nieletnich. Niniejsza polityka ma na celu zapobieganie i wykrywanie wszelkich pr\u00f3b podejmowania przez osoby poni\u017cej wieku uprawniaj\u0105cego do uprawiania hazardu dost\u0119pu do gier na prawdziwe pieni\u0105dze na platformie i anga\u017cowania si\u0119 w nie.<\/p>\n<h2>Protoko\u0142y weryfikacji wieku: pierwsza linia obrony<\/h2>\n<p>Jednym z kamieni w\u0119gielnych polityki RocketPlay Casino dotycz\u0105cej gier nieletnich jest rygorystyczny proces weryfikacji wieku. Zanim gracz b\u0119dzie m\u00f3g\u0142 zarejestrowa\u0107 si\u0119 i utworzy\u0107 konto, musi poda\u0107 dok\u0142adne dane osobowe, w tym dat\u0119 urodzenia. Informacje te s\u0105 por\u00f3wnywane z zewn\u0119trznymi bazami danych w celu potwierdzenia wieku i to\u017csamo\u015bci gracza.<\/p>\n<p>Kasyno wykorzystuje najnowocze\u015bniejsz\u0105 technologi\u0119, aby zapewni\u0107 dok\u0142adno\u015b\u0107 i efektywno\u015b\u0107 tego procesu. RocketPlay Casino weryfikuje autentyczno\u015b\u0107 przes\u0142anych dokument\u00f3w, takich jak wydane przez rz\u0105d dokumenty to\u017csamo\u015bci lub paszporty, za po\u015brednictwem bezpiecznych i szyfrowanych kana\u0142\u00f3w. Ten rygorystyczny protok\u00f3\u0142 weryfikacji stanowi pocz\u0105tkow\u0105 barier\u0119 uniemo\u017cliwiaj\u0105c\u0105 osobom poni\u017cej pe\u0142noletno\u015bci wej\u015bcie na aren\u0119 gier.<\/p>\n<h2>Inicjatywy edukacyjne: wzmacnianie pozycji graczy i opiekun\u00f3w<\/h2>\n<p>Kasyno RocketPlay zdaje sobie spraw\u0119 ze znaczenia edukacji w promowaniu odpowiedzialnych zachowa\u0144 hazardowych. Kasyno inwestuje w kompleksowe inicjatywy edukacyjne dla graczy i ich opiekun\u00f3w. Na platformie s\u0105 \u0142atwo dost\u0119pne zasoby informacyjne obejmuj\u0105ce takie tematy, jak ryzyko zwi\u0105zane z hazardem nieletnich, znaki ostrzegawcze i znaczenie nadzoru rodzicielskiego.<\/p>\n<p>Opr\u00f3cz tych zasob\u00f3w kasyno RocketPlay aktywnie wsp\u00f3\u0142pracuje ze swoj\u0105 spo\u0142eczno\u015bci\u0105 za po\u015brednictwem biuletyn\u00f3w, post\u00f3w na blogu i kana\u0142\u00f3w medi\u00f3w spo\u0142eczno\u015bciowych. Celem jest wspieranie otwartego dialogu na temat praktyk odpowiedzialnego hazardu i zach\u0119canie graczy do podejmowania \u015bwiadomych decyzji dotycz\u0105cych ich gier.<\/p>\n<h2>Kontrola rodzicielska: wzmacnianie pozycji opiekun\u00f3w w zakresie ochrony<\/h2>\n<p>RocketPlay Casino idzie o krok dalej, zapewniaj\u0105c niezawodne funkcje kontroli rodzicielskiej. Funkcje te umo\u017cliwiaj\u0105 opiekunom odgrywanie aktywnej roli w monitorowaniu i kontrolowaniu dost\u0119pu nieletnich dzieci do platformy. Za pomoc\u0105 ustawie\u0144 konta rodzice mog\u0105 ustawi\u0107 limity wydatk\u00f3w i czasu trwania gier, a nawet ograniczy\u0107 niekt\u00f3re gry, kt\u00f3re mog\u0105 zosta\u0107 uznane za nieodpowiednie dla nieletnich.<\/p>\n<p>RocketPlay Casino uznaje wsp\u00f3ln\u0105 odpowiedzialno\u015b\u0107 platformy i opiekun\u00f3w za zapewnienie m\u0142odym osobom bezpiecznego i kontrolowanego \u015brodowiska gier, oferuj\u0105c konfigurowaln\u0105 kontrol\u0119 rodzicielsk\u0105.<\/p>\n<h2>Monitorowanie w czasie rzeczywistym: czujno\u015b\u0107 w przypadku dost\u0119pu os\u00f3b nieletnich<\/h2>\n<p>Technologia odgrywa kluczow\u0105 rol\u0119 w utrzymaniu integralno\u015bci Zasad dotycz\u0105cych gier nieletnich w kasynie RocketPlay. Platforma wykorzystuje zaawansowane narz\u0119dzia monitoruj\u0105ce, kt\u00f3re dzia\u0142aj\u0105 w czasie rzeczywistym i wykrywaj\u0105 oraz zapobiegaj\u0105 pr\u00f3bom dost\u0119pu os\u00f3b nieletnich. Podejrzane wzorce zachowa\u0144, takie jak cz\u0119ste pr\u00f3by rejestracji przy u\u017cyciu fa\u0142szywych informacji lub wielokrotny dost\u0119p z jednego urz\u0105dzenia, powoduj\u0105 natychmiastowe dochodzenie.<\/p>\n<p>Oddany zesp\u00f3\u0142 specjalist\u00f3w ds. bezpiecze\u0144stwa kasyna pracuje przez ca\u0142\u0105 dob\u0119, aby monitorowa\u0107 te alerty. W przypadku wykrycia jakichkolwiek nieprawid\u0142owo\u015bci podejmowane s\u0105 szybkie dzia\u0142ania maj\u0105ce na celu zawieszenie rachunk\u00f3w, przeprowadzenie dok\u0142adnego dochodzenia i, w razie potrzeby, zg\u0142oszenie zdarzenia odpowiednim w\u0142adzom.<\/p>\n<h2>Konsekwencje narusze\u0144: przestrzeganie odpowiedzialno\u015bci<\/h2>\n<p>Kasyno RocketPlay nie pozostawia miejsca na pob\u0142a\u017cliwo\u015b\u0107 w przypadku narusze\u0144 zasad dotycz\u0105cych gier nieletnich. Przedstawiono jasne konsekwencje dla ka\u017cdej osoby przy\u0142apanej na pr\u00f3bie oszukania procesu weryfikacji wieku lub anga\u017cowaniu si\u0119 w gry na prawdziwe pieni\u0105dze, gdy jest ona niepe\u0142noletnia. Sankcje mog\u0105 obejmowa\u0107 tymczasowe zawieszenie konta lub sta\u0142e bany, w zale\u017cno\u015bci od powagi naruszenia.<\/p>\n<p>Co wi\u0119cej, kasyno \u015bci\u015ble wsp\u00f3\u0142pracuje z organami \u015bcigania, aby zapewni\u0107 podj\u0119cie krok\u00f3w prawnych przeciwko osobom, kt\u00f3re \u015bwiadomie pr\u00f3buj\u0105 z\u0142ama\u0107 przepisy dotycz\u0105ce gier nieletnich. To zaanga\u017cowanie w odpowiedzialno\u015b\u0107 stanowi mocny sygna\u0142, \u017ce RocketPlay Casino d\u0105\u017cy do utrzymywania najwy\u017cszych standard\u00f3w uczciwo\u015bci i legalno\u015bci w bran\u017cy gier online.<\/p>\n<h2>Holistyczne podej\u015bcie do odpowiedzialnego hazardu<\/h2>\n<p>Podsumowuj\u0105c, polityka RocketPlay Casino dotycz\u0105ca gier nieletnich jest dowodem jego zaanga\u017cowania w wspieranie bezpiecznego i odpowiedzialnego \u015brodowiska gier. Poprzez rygorystyczne procesy weryfikacji wieku, inicjatywy edukacyjne, kontrol\u0119 rodzicielsk\u0105, monitorowanie w czasie rzeczywistym i zdecydowane konsekwencje narusze\u0144, kasyno przyjmuje ca\u0142o\u015bciowe podej\u015bcie, aby zapewni\u0107 ochron\u0119 nieletnich przed potencjalnymi szkodami wynikaj\u0105cymi z hazardu.<\/p>\n<p>Stale rozwijaj\u0105c swoje strategie i pozostaj\u0105c w czo\u0142\u00f3wce praktyk odpowiedzialnej gry, RocketPlay Casino zapewnia zabawn\u0105 platform\u0119 do gier. Wyznacza standardy etycznego post\u0119powania w bran\u017cy kasyn online. Zar\u00f3wno gracze, jak i opiekunowie mog\u0105 mie\u0107 pewno\u015b\u0107, \u017ce ich dobro jest najwy\u017cszym priorytetem, co czyni RocketPlay Casino liderem w zakresie odpowiedzialnych i przyjemnych gier online.<\/p>\n","protected":false},"excerpt":{"rendered":"<p>W dynamicznym krajobrazie kasyn online RocketPlay Casino wyr\u00f3\u017cnia si\u0119 ekscytuj\u0105cymi wra\u017ceniami z gry i niezachwianym zaanga\u017cowaniem w odpowiedzialny hazard. Kasyno rozumie znaczenie ochrony dobrego samopoczucia swoich graczy, zw\u0142aszcza tych, kt\u00f3rzy s\u0105 nieletni. Ten kompleksowy przegl\u0105d zag\u0142\u0119bia si\u0119 w Polityk\u0119 RocketPlay Casino dotycz\u0105c\u0105 gier nieletnich, badaj\u0105c rygorystyczne \u015brodki maj\u0105ce na celu zapewnienie wszystkim bezpiecznego i przyjemnego&#8230;<\/p>\n","protected":false},"author":1,"featured_media":0,"parent":0,"menu_order":0,"comment_status":"closed","ping_status":"closed","template":"","meta":{"_acf_changed":false,"_kad_post_transparent":"default","_kad_post_title":"default","_kad_post_layout":"default","_kad_post_sidebar_id":"","_kad_post_content_style":"default","_kad_post_vertical_padding":"default","_kad_post_feature":"","_kad_post_feature_position":"","_kad_post_header":false,"_kad_post_footer":false,"footnotes":""},"class_list":["post-4520","page","type-page","status-publish","hentry"],"acf":[],"rttpg_featured_image_url":null,"rttpg_author":{"display_name":"John","author_link":"https:\/\/rocketplay-new.com\/pl\/author\/pemvas95n89x\/"},"rttpg_comment":0,"rttpg_category":null,"rttpg_excerpt":"W dynamicznym krajobrazie kasyn online RocketPlay Casino wyr\u00f3\u017cnia si\u0119 ekscytuj\u0105cymi wra\u017ceniami z gry i niezachwianym zaanga\u017cowaniem w odpowiedzialny hazard. Kasyno rozumie znaczenie ochrony dobrego samopoczucia swoich graczy, zw\u0142aszcza tych, kt\u00f3rzy s\u0105 nieletni. Ten kompleksowy przegl\u0105d zag\u0142\u0119bia si\u0119 w Polityk\u0119 RocketPlay Casino dotycz\u0105c\u0105 gier nieletnich, badaj\u0105c rygorystyczne \u015brodki maj\u0105ce na celu zapewnienie wszystkim bezpiecznego i przyjemnego...","_links":{"self":[{"href":"https:\/\/rocketplay-new.com\/pl\/wp-json\/wp\/v2\/pages\/4520","targetHints":{"allow":["GET"]}}],"collection":[{"href":"https:\/\/rocketplay-new.com\/pl\/wp-json\/wp\/v2\/pages"}],"about":[{"href":"https:\/\/rocketplay-new.com\/pl\/wp-json\/wp\/v2\/types\/page"}],"author":[{"embeddable":true,"href":"https:\/\/rocketplay-new.com\/pl\/wp-json\/wp\/v2\/users\/1"}],"replies":[{"embeddable":true,"href":"https:\/\/rocketplay-new.com\/pl\/wp-json\/wp\/v2\/comments?post=4520"}],"version-history":[{"count":1,"href":"https:\/\/rocketplay-new.com\/pl\/wp-json\/wp\/v2\/pages\/4520\/revisions"}],"predecessor-version":[{"id":4521,"href":"https:\/\/rocketplay-new.com\/pl\/wp-json\/wp\/v2\/pages\/4520\/revisions\/4521"}],"wp:attachment":[{"href":"https:\/\/rocketplay-new.com\/pl\/wp-json\/wp\/v2\/media?parent=4520"}],"curies":[{"name":"wp","href":"https:\/\/api.w.org\/{rel}","templated":true}]}}