{"id":4495,"date":"2024-01-19T12:38:01","date_gmt":"2024-01-19T09:38:01","guid":{"rendered":"https:\/\/rocketplay-new.com\/terms-conditions\/"},"modified":"2024-01-20T00:28:16","modified_gmt":"2024-01-19T21:28:16","slug":"terms-conditions","status":"publish","type":"page","link":"https:\/\/rocketplay-new.com\/pl\/terms-conditions\/","title":{"rendered":"Regulamin"},"content":{"rendered":"<p>RocketPlay Casino zaprasza graczy do ekscytuj\u0105cego \u015bwiata gier online, obiecuj\u0105c wra\u017cenia wykraczaj\u0105ce poza zwyczajno\u015b\u0107. Zanim wyruszysz w t\u0119 cyfrow\u0105 przygod\u0119, koniecznie zapoznaj si\u0119 z warunkami, kt\u00f3re s\u0142u\u017c\u0105 jako gwiazdy przewodnie podczas tej kosmicznej podr\u00f3\u017cy z grami.<\/p>\n<h2>Potwierdzenie i przymierze<\/h2>\n<p>Wkraczaj\u0105c w orbit\u0119 kasyna RocketPlay, potwierdzasz zrozumienie i akceptacj\u0119 okre\u015blonych warunk\u00f3w. Pami\u0119taj, \u017ce te kosmiczne wytyczne mog\u0105 ulec metamorfozie, a Twoim obowi\u0105zkiem jest \u015bledzenie aktualizacji, kt\u00f3re mog\u0105 ukszta\u0142towa\u0107 Tw\u00f3j mi\u0119dzygalaktyczny pobyt w grach.<\/p>\n<h2>Kwalifikowalno\u015b\u0107 gracza Galaktycznego<\/h2>\n<p>Kasyno RocketPlay kr\u0105\u017cy wok\u00f3\u0142 wymiar\u00f3w prawnych, obs\u0142uguj\u0105c osoby o b\u0142yszcz\u0105cych oczach w wieku umo\u017cliwiaj\u0105cym legalne uprawianie hazardu. Gracze musz\u0105 dostosowa\u0107 si\u0119 do praw obowi\u0105zuj\u0105cych w ich kosmicznych jurysdykcjach, zapewniaj\u0105c sobie prawo do udzia\u0142u w niebia\u0144skich cudach gier online.<\/p>\n<h2>Gwiezdne tworzenie konta<\/h2>\n<p>Aby odkry\u0107 tajemnice kasyna RocketPlay, gracze musz\u0105 stworzy\u0107 kosmiczne po\u0142\u0105czenie, tworz\u0105c konto. Podczas tej kosmicznej inicjacji konieczne jest ujawnienie dok\u0142adnych informacji. Ochrona niebia\u0144skich tajemnic twojego konta jest spraw\u0105 najwy\u017cszej wagi, poniewa\u017c kosmiczne referencje nie s\u0105 przeznaczone do dzielenia si\u0119 z innymi boskimi istotami.<\/p>\n<h2>Kosmiczne Fair Play i odpowiedzialna gra<\/h2>\n<p>Kasyno RocketPlay opowiada si\u0119 za kosmiczn\u0105 uczciwo\u015bci\u0105 i odpowiedzialn\u0105 gr\u0105, zach\u0119caj\u0105c graczy do poruszania si\u0119 po kosmosie z poczuciem odpowiedzialno\u015bci. Platforma wyposa\u017ca graczy w narz\u0119dzia takie jak limity kosmicznych depozyt\u00f3w, mg\u0142awice sch\u0142adzaj\u0105ce si\u0119 i samowykluczenie supernowych, aby zapewni\u0107, \u017ce ich kosmiczne podr\u00f3\u017ce pozostan\u0105 zr\u00f3wnowa\u017cone i przyjemne.<\/p>\n<h2>Transakcje mi\u0119dzygwiezdne<\/h2>\n<p>Nap\u0119dzanie Twojej odysei w RocketPlay Casino obejmuje transakcje obejmuj\u0105ce spektrum kosmiczne. Gracze powinni zna\u0107 potencjalne kosmiczne op\u0142aty zwi\u0105zane z wp\u0142atami i wyp\u0142atami, w zale\u017cno\u015bci od wybranych kana\u0142\u00f3w p\u0142atno\u015bci. Minimalne i maksymalne limity transakcji mog\u0105 r\u00f3wnie\u017c regulowa\u0107 te kosmiczne gie\u0142dy.<\/p>\n<h2>Niebia\u0144skie promocje i bonusy<\/h2>\n<p>Kasyno RocketPlay zasypuje graczy niebia\u0144skimi promocjami i bonusami, poprawiaj\u0105c kosmiczne wra\u017cenia. Ka\u017cda oferta astralna ma swoj\u0105 niebia\u0144sk\u0105 konstelacj\u0119 warunk\u00f3w. Wymagania dotycz\u0105ce zak\u0142ad\u00f3w, terminy wyga\u015bni\u0119cia i kryteria kwalifikacyjne o\u015bwietlaj\u0105 niebia\u0144sk\u0105 \u015bcie\u017ck\u0119 dla tych, kt\u00f3rzy chc\u0105 wykorzysta\u0107 te kosmiczne zach\u0119ty.<\/p>\n<h2>Uniwersalne zasady rozgrywki<\/h2>\n<p>Ka\u017cda gra w kosmicznej bibliotece RocketPlay Casino przestrzega uniwersalnych zasad. Gracze musz\u0105 zapozna\u0107 si\u0119 z tymi niebia\u0144skimi przykazaniami, aby wzi\u0105\u0107 udzia\u0142 w konstelacjach gier. Kosmiczne zakazy oszustw, zm\u00f3w i oszustw mi\u0119dzygalaktycznych s\u0105 \u015bci\u015ble egzekwowane, co mo\u017ce mie\u0107 konsekwencje od niebia\u0144skiego zawieszenia po zamkni\u0119cie konta.<\/p>\n<h2>Kosmiczne prawa w\u0142asno\u015bci intelektualnej<\/h2>\n<p>W kosmicznych granicach kasyna RocketPlay w\u0142asno\u015b\u0107 intelektualna jest \u015bwi\u0119ta. Logo, grafika i oprogramowanie to niebia\u0144skie artefakty chronione kosmicznymi prawami. Gracze otrzymuj\u0105 ograniczon\u0105, niezbywaln\u0105 licencj\u0119 na eksploracj\u0119 tego kr\u00f3lestwa astralnego wy\u0142\u0105cznie w celach osobistej rozrywki. Wszelkie kosmiczne naruszenia tych praw s\u0105 surowo zabronione.<\/p>\n<h2>Kosmiczne zamkni\u0119cie konta<\/h2>\n<p>Kasyno RocketPlay posiada kosmiczn\u0105 w\u0142adz\u0119 zamykania lub zawieszania kont wed\u0142ug w\u0142asnego niebia\u0144skiego uznania. Ten niebia\u0144ski wyrok mo\u017ce spa\u015b\u0107 na tych, kt\u00f3rzy dopuszczaj\u0105 si\u0119 oszustwa, \u0142ami\u0105 kosmiczne warunki lub wykazuj\u0105 zachowanie uznane za nieodpowiednie dla \u015bwi\u0119tego bractwa. Zalecana jest kosmiczna czujno\u015b\u0107, a gracze proszeni s\u0105 o regularne przegl\u0105danie kosmicznych termin\u00f3w.<\/p>\n<h2>Obs\u0142uga klienta Constellation<\/h2>\n<p>Dla graczy poruszaj\u0105cych si\u0119 po niebia\u0144skiej przestrzeni RocketPlay Casino gotowy jest kosmiczny zesp\u00f3\u0142 obs\u0142ugi klienta. Kasyno zapewnia terminowe i skuteczne wsparcie za po\u015brednictwem czatu na \u017cywo, poczty elektronicznej i innych kana\u0142\u00f3w astralnych, zapewniaj\u0105c wszystkim graczom harmonijn\u0105 odysej\u0119 w grach.<\/p>\n<h2>Gwiezdne zastrze\u017cenie<\/h2>\n<p>RocketPlay Casino prezentuje swoje kosmiczne oferty na zasadzie \u201etakiej, jaka jest\u201d, zrzekaj\u0105c si\u0119 niebia\u0144skich gwarancji i o\u015bwiadcze\u0144. Gracze przemierzaj\u0105 t\u0119 krain\u0119 astraln\u0105 na w\u0142asne kosmiczne ryzyko, a kasyno jest zwolnione z wszelkich kosmicznych zobowi\u0105za\u0144 wynikaj\u0105cych z korzystania z jego niebia\u0144skich us\u0142ug.<\/p>\n<p>Podsumowuj\u0105c, RocketPlay Casino zaprasza graczy do wzi\u0119cia udzia\u0142u w niebia\u0144skiej odysei gier. Opanowuj\u0105c i przestrzegaj\u0105c kosmicznych warunk\u00f3w opisanych powy\u017cej, gracze mog\u0105 wznie\u015b\u0107 swoje eskapady w grach na wy\u017cszy poziom, przyczyniaj\u0105c si\u0119 jednocze\u015bnie do niebia\u0144skiej integralno\u015bci tej nieziemskiej platformy. Na tych, kt\u00f3rzy odwa\u017c\u0105 si\u0119 odkrywa\u0107 \u015bwiat, czeka kosmiczne spotkanie \u2013 niech gwiazdy w grach \u015bwiec\u0105 jasno!<\/p>\n","protected":false},"excerpt":{"rendered":"<p>RocketPlay Casino zaprasza graczy do ekscytuj\u0105cego \u015bwiata gier online, obiecuj\u0105c wra\u017cenia wykraczaj\u0105ce poza zwyczajno\u015b\u0107. Zanim wyruszysz w t\u0119 cyfrow\u0105 przygod\u0119, koniecznie zapoznaj si\u0119 z warunkami, kt\u00f3re s\u0142u\u017c\u0105 jako gwiazdy przewodnie podczas tej kosmicznej podr\u00f3\u017cy z grami. Potwierdzenie i przymierze Wkraczaj\u0105c w orbit\u0119 kasyna RocketPlay, potwierdzasz zrozumienie i akceptacj\u0119 okre\u015blonych warunk\u00f3w. Pami\u0119taj, \u017ce te kosmiczne wytyczne&#8230;<\/p>\n","protected":false},"author":1,"featured_media":0,"parent":0,"menu_order":0,"comment_status":"closed","ping_status":"closed","template":"","meta":{"_acf_changed":false,"_kad_post_transparent":"default","_kad_post_title":"default","_kad_post_layout":"default","_kad_post_sidebar_id":"","_kad_post_content_style":"default","_kad_post_vertical_padding":"default","_kad_post_feature":"","_kad_post_feature_position":"","_kad_post_header":false,"_kad_post_footer":false,"footnotes":""},"class_list":["post-4495","page","type-page","status-publish","hentry"],"acf":[],"rttpg_featured_image_url":null,"rttpg_author":{"display_name":"John","author_link":"https:\/\/rocketplay-new.com\/pl\/author\/pemvas95n89x\/"},"rttpg_comment":0,"rttpg_category":null,"rttpg_excerpt":"RocketPlay Casino zaprasza graczy do ekscytuj\u0105cego \u015bwiata gier online, obiecuj\u0105c wra\u017cenia wykraczaj\u0105ce poza zwyczajno\u015b\u0107. Zanim wyruszysz w t\u0119 cyfrow\u0105 przygod\u0119, koniecznie zapoznaj si\u0119 z warunkami, kt\u00f3re s\u0142u\u017c\u0105 jako gwiazdy przewodnie podczas tej kosmicznej podr\u00f3\u017cy z grami. Potwierdzenie i przymierze Wkraczaj\u0105c w orbit\u0119 kasyna RocketPlay, potwierdzasz zrozumienie i akceptacj\u0119 okre\u015blonych warunk\u00f3w. Pami\u0119taj, \u017ce te kosmiczne wytyczne...","_links":{"self":[{"href":"https:\/\/rocketplay-new.com\/pl\/wp-json\/wp\/v2\/pages\/4495","targetHints":{"allow":["GET"]}}],"collection":[{"href":"https:\/\/rocketplay-new.com\/pl\/wp-json\/wp\/v2\/pages"}],"about":[{"href":"https:\/\/rocketplay-new.com\/pl\/wp-json\/wp\/v2\/types\/page"}],"author":[{"embeddable":true,"href":"https:\/\/rocketplay-new.com\/pl\/wp-json\/wp\/v2\/users\/1"}],"replies":[{"embeddable":true,"href":"https:\/\/rocketplay-new.com\/pl\/wp-json\/wp\/v2\/comments?post=4495"}],"version-history":[{"count":1,"href":"https:\/\/rocketplay-new.com\/pl\/wp-json\/wp\/v2\/pages\/4495\/revisions"}],"predecessor-version":[{"id":4496,"href":"https:\/\/rocketplay-new.com\/pl\/wp-json\/wp\/v2\/pages\/4495\/revisions\/4496"}],"wp:attachment":[{"href":"https:\/\/rocketplay-new.com\/pl\/wp-json\/wp\/v2\/media?parent=4495"}],"curies":[{"name":"wp","href":"https:\/\/api.w.org\/{rel}","templated":true}]}}