{"id":4468,"date":"2024-01-19T12:21:26","date_gmt":"2024-01-19T09:21:26","guid":{"rendered":"https:\/\/rocketplay-new.com\/responsible-gaming\/"},"modified":"2024-01-19T23:43:01","modified_gmt":"2024-01-19T20:43:01","slug":"responsible-gaming","status":"publish","type":"page","link":"https:\/\/rocketplay-new.com\/pl\/responsible-gaming\/","title":{"rendered":"Odpowiedzialna gra"},"content":{"rendered":"<p>W ekscytuj\u0105cym \u015bwiecie kasyn online RocketPlay wyr\u00f3\u017cnia si\u0119 nie tylko ekscytuj\u0105cymi grami i najnowocze\u015bniejsz\u0105 technologi\u0105, ale tak\u017ce niezachwianym zaanga\u017cowaniem w odpowiedzialn\u0105 gr\u0119. Jako odpowiedzialna i zorientowana na gracza platforma, RocketPlay Casino stawia dobro swoich u\u017cytkownik\u00f3w na pierwszym planie, zapewniaj\u0105c wszystkim bezpieczne i przyjemne \u015brodowisko gry. Ta wszechstronna analiza zag\u0142\u0119bia si\u0119 w r\u00f3\u017cne aspekty inicjatyw RocketPlay w zakresie odpowiedzialnego grania, podkre\u015blaj\u0105c \u015brodki podj\u0119te w celu promowania zdrowych wra\u017ce\u0144 z gry.<\/p>\n<h2>Zasady ochrony graczy<\/h2>\n<p>W RocketPlay Casino podstaw\u0105 odpowiedzialnej gry s\u0105 solidne zasady ochrony graczy. Platforma \u015bci\u015ble przestrzega najlepszych praktyk bran\u017cowych i standard\u00f3w regulacyjnych, aby chroni\u0107 swoich u\u017cytkownik\u00f3w. Wdro\u017cone s\u0105 rygorystyczne procesy weryfikacji wieku, aby zapewni\u0107 dost\u0119p do platformy wy\u0142\u0105cznie osobom pe\u0142noletnim, kt\u00f3re osi\u0105gn\u0119\u0142y legalny wiek hazardowy. To skrupulatne podej\u015bcie zapobiega hazardowi nieletnich i promuje bezpieczn\u0105 i godn\u0105 zaufania przestrze\u0144 do gier.<\/p>\n<h2>Inicjatywy edukacyjne<\/h2>\n<p>RocketPlay rozumie znaczenie \u015bwiadomego podejmowania decyzji, je\u015bli chodzi o hazard online. Platforma wykracza poza to, wdra\u017caj\u0105c kompleksowe inicjatywy edukacyjne maj\u0105ce na celu zwi\u0119kszanie \u015bwiadomo\u015bci na temat praktyk odpowiedzialnej gry. Dzi\u0119ki artyku\u0142om informacyjnym, interaktywnym samouczkom i wci\u0105gaj\u0105cym tre\u015bciom RocketPlay zapewnia swoim graczom wiedz\u0119 niezb\u0119dn\u0105 do podejmowania odpowiedzialnych wybor\u00f3w. Tematyka si\u0119ga od zrozumienia zagro\u017ce\u0144 zwi\u0105zanych z hazardem, po rozpoznawanie oznak problematycznych zachowa\u0144 i tworzenie kultury \u015bwiadomej i odpowiedzialnej gry.<\/p>\n<h2>Opcje samowykluczenia<\/h2>\n<p>Zdaj\u0105c sobie spraw\u0119, \u017ce niekt\u00f3rzy gracze mog\u0105 potrzebowa\u0107 przerwy od gry, RocketPlay Casino zapewnia opcje samowykluczenia. Ta wzmacniaj\u0105ca funkcja pozwala u\u017cytkownikom przej\u0105\u0107 kontrol\u0119 nad swoimi nawykami zwi\u0105zanymi z grami poprzez dobrowolne wykluczenie si\u0119 z platformy na okre\u015blony czas. W tym czasie u\u017cytkownicy nie mog\u0105 uzyska\u0107 dost\u0119pu do swoich kont, co podkre\u015bla znaczenie odpowiedzialnej gry i zach\u0119ca graczy do robienia przerw w razie potrzeby. Funkcja samowykluczenia jest \u015bwiadectwem zaanga\u017cowania RocketPlay w promowanie zdrowej r\u00f3wnowagi pomi\u0119dzy rozrywk\u0105 a odpowiedzialn\u0105 gr\u0105.<\/p>\n<h2>Limity dotycz\u0105ce depozyt\u00f3w i zak\u0142ad\u00f3w<\/h2>\n<p>Kasyno RocketPlay wdro\u017cy\u0142o limity depozyt\u00f3w i zak\u0142ad\u00f3w, aby zapobiega\u0107 nadmiernemu hazardowi i promowa\u0107 odpowiedzialno\u015b\u0107 finansow\u0105. Gracze mog\u0105 ustawi\u0107 spersonalizowane limity na swoich kontach, upewniaj\u0105c si\u0119, \u017ce mieszcz\u0105 si\u0119 one w okre\u015blonych granicach. Limity te mo\u017cna dostosowa\u0107 w oparciu o indywidualne preferencje, umo\u017cliwiaj\u0105c graczom dostosowanie wra\u017ce\u0144 z gry do odpowiedzialnych praktyk. RocketPlay promuje zr\u00f3wnowa\u017cone i przyjemne wra\u017cenia z gry, zach\u0119caj\u0105c u\u017cytkownik\u00f3w do ustalania granic finansowych.<\/p>\n<h2>Monitorowanie i interwencja<\/h2>\n<p>RocketPlay wykorzystuje zaawansowane systemy monitorowania w celu identyfikacji potencjalnych oznak problematycznych zachowa\u0144 hazardowych. Systemy te analizuj\u0105 aktywno\u015b\u0107 u\u017cytkownik\u00f3w, szukaj\u0105c wzorc\u00f3w wskazuj\u0105cych na nadmierne granie lub niezdrowe nawyki. W przypadku wykrycia czerwonych flag kasyno niezw\u0142ocznie interweniuje, kontaktuj\u0105c si\u0119 z graczem w celu uzyskania wsparcia i zasob\u00f3w. To proaktywne podej\u015bcie podkre\u015bla zaanga\u017cowanie RocketPlay w wspieranie spo\u0142eczno\u015bci odpowiedzialnych graczy, w kt\u00f3rej pomoc jest \u0142atwo dost\u0119pna dla tych, kt\u00f3rzy mog\u0105 jej potrzebowa\u0107.<\/p>\n<h2>Wsp\u00f3\u0142praca z organizacjami odpowiedzialnymi za hazard<\/h2>\n<p>RocketPlay Casino aktywnie wsp\u00f3\u0142pracuje z renomowanymi, odpowiedzialnymi organizacjami zajmuj\u0105cymi si\u0119 grami, aby pozosta\u0107 w czo\u0142\u00f3wce najlepszych praktyk bran\u017cowych. Wsp\u00f3\u0142pracuj\u0105c z podmiotami zajmuj\u0105cymi si\u0119 promowaniem odpowiedzialnej gry, RocketPlay zapewnia zgodno\u015b\u0107 swoich polityk i inicjatyw z najnowszymi badaniami i standardami. Ten wsp\u00f3lny wysi\u0142ek zwi\u0119ksza zdolno\u015b\u0107 platformy do stawienia czo\u0142a pojawiaj\u0105cym si\u0119 wyzwaniom i ci\u0105g\u0142ego zapewniania u\u017cytkownikom bezpiecznego i odpowiedzialnego \u015brodowiska gier.<\/p>\n<h2>Promowanie odpowiedzialnej reklamy<\/h2>\n<p>Opr\u00f3cz \u015brodk\u00f3w wewn\u0119trznych RocketPlay Casino bierze odpowiedzialno\u015b\u0107 za swoje praktyki reklamowe. Platforma stara si\u0119 promowa\u0107 odpowiedzialn\u0105 gr\u0119 w swoich materia\u0142ach marketingowych, powstrzymuj\u0105c si\u0119 od u\u017cywania wprowadzaj\u0105cego w b\u0142\u0105d lub kusz\u0105cego j\u0119zyka, kt\u00f3ry mo\u017ce zach\u0119ca\u0107 do nadmiernego hazardu. Przyjmuj\u0105c etyczne praktyki reklamowe, RocketPlay ma na celu stworzenie przejrzystej i uczciwej reprezentacji swoich wra\u017ce\u0144 z gier, co jest zgodne z jej szerszym zaanga\u017cowaniem w odpowiedzialn\u0105 gr\u0119.<\/p>\n<h2>Zaanga\u017cowanie i wsparcie spo\u0142eczno\u015bci<\/h2>\n<p>RocketPlay rozumie, \u017ce odpowiedzialna gra to zbiorowy wysi\u0142ek anga\u017cuj\u0105cy platform\u0119 i jej spo\u0142eczno\u015b\u0107. Kasyno wsp\u00f3\u0142pracuje ze swoimi u\u017cytkownikami za po\u015brednictwem for\u00f3w spo\u0142eczno\u015bciowych, medi\u00f3w spo\u0142eczno\u015bciowych i kana\u0142\u00f3w wsparcia, aby wspiera\u0107 otwarte dyskusje na temat odpowiedzialnej gry. RocketPlay zach\u0119ca graczy do dzielenia si\u0119 swoimi do\u015bwiadczeniami i szukania pomocy, tworz\u0105c wspieraj\u0105c\u0105 i rozumiej\u0105c\u0105 spo\u0142eczno\u015b\u0107, wzmacniaj\u0105c znaczenie odpowiedzialnej gry w\u015br\u00f3d u\u017cytkownik\u00f3w.<\/p>\n<h2>Ci\u0105g\u0142e doskonalenie i innowacje<\/h2>\n<p>Kasyno RocketPlay pozostaje zaanga\u017cowane w ci\u0105g\u0142e doskonalenie i innowacje w swoich inicjatywach w zakresie odpowiedzialnej gry w miar\u0119 ewolucji krajobrazu gier. Platforma aktywnie poszukuje opinii u\u017cytkownik\u00f3w, ekspert\u00f3w i interesariuszy z bran\u017cy, aby udoskonali\u0107 swoje zasady i wprowadzi\u0107 nowe funkcje poprawiaj\u0105ce ochron\u0119 graczy. Wyprzedzaj\u0105c pojawiaj\u0105ce si\u0119 trendy i wyzwania, RocketPlay zapewnia ewolucj\u0119 ram odpowiedzialnego grania, aby sprosta\u0107 zmieniaj\u0105cym si\u0119 potrzebom zr\u00f3\u017cnicowanej bazy graczy.<\/p>\n<h2>Wniosek: bezpieczniejsze i przyjemniejsze wra\u017cenia z gry<\/h2>\n<p>Podsumowuj\u0105c, zaanga\u017cowanie RocketPlay Casino w odpowiedzialn\u0105 gr\u0119 to nie tylko cecha, ale podstawowa warto\u015b\u0107, kt\u00f3ra kszta\u0142tuje jego to\u017csamo\u015b\u0107. Wdra\u017caj\u0105c kompleksowy zestaw \u015brodk\u00f3w, od zasad ochrony graczy po wsp\u00f3\u0142prac\u0119 z odpowiedzialnymi organizacjami zajmuj\u0105cymi si\u0119 grami, RocketPlay robi wszystko, aby zapewni\u0107 bezpieczniejsze i przyjemniejsze wra\u017cenia z gry. Poniewa\u017c bran\u017ca gier online stale ewoluuje, RocketPlay pozostaje niez\u0142omny w swoim zaanga\u017cowaniu w promowanie kultury odpowiedzialnej gry, w kt\u00f3rej gracze mog\u0105 cieszy\u0107 si\u0119 dreszczem rozrywki w kasynie z pewno\u015bci\u0105 i spokojem ducha.<\/p>\n","protected":false},"excerpt":{"rendered":"<p>W ekscytuj\u0105cym \u015bwiecie kasyn online RocketPlay wyr\u00f3\u017cnia si\u0119 nie tylko ekscytuj\u0105cymi grami i najnowocze\u015bniejsz\u0105 technologi\u0105, ale tak\u017ce niezachwianym zaanga\u017cowaniem w odpowiedzialn\u0105 gr\u0119. Jako odpowiedzialna i zorientowana na gracza platforma, RocketPlay Casino stawia dobro swoich u\u017cytkownik\u00f3w na pierwszym planie, zapewniaj\u0105c wszystkim bezpieczne i przyjemne \u015brodowisko gry. Ta wszechstronna analiza zag\u0142\u0119bia si\u0119 w r\u00f3\u017cne aspekty inicjatyw RocketPlay&#8230;<\/p>\n","protected":false},"author":1,"featured_media":0,"parent":0,"menu_order":0,"comment_status":"closed","ping_status":"closed","template":"","meta":{"_acf_changed":false,"_kad_post_transparent":"default","_kad_post_title":"default","_kad_post_layout":"default","_kad_post_sidebar_id":"","_kad_post_content_style":"default","_kad_post_vertical_padding":"default","_kad_post_feature":"","_kad_post_feature_position":"","_kad_post_header":false,"_kad_post_footer":false,"footnotes":""},"class_list":["post-4468","page","type-page","status-publish","hentry"],"acf":[],"rttpg_featured_image_url":null,"rttpg_author":{"display_name":"John","author_link":"https:\/\/rocketplay-new.com\/pl\/author\/pemvas95n89x\/"},"rttpg_comment":0,"rttpg_category":null,"rttpg_excerpt":"W ekscytuj\u0105cym \u015bwiecie kasyn online RocketPlay wyr\u00f3\u017cnia si\u0119 nie tylko ekscytuj\u0105cymi grami i najnowocze\u015bniejsz\u0105 technologi\u0105, ale tak\u017ce niezachwianym zaanga\u017cowaniem w odpowiedzialn\u0105 gr\u0119. Jako odpowiedzialna i zorientowana na gracza platforma, RocketPlay Casino stawia dobro swoich u\u017cytkownik\u00f3w na pierwszym planie, zapewniaj\u0105c wszystkim bezpieczne i przyjemne \u015brodowisko gry. Ta wszechstronna analiza zag\u0142\u0119bia si\u0119 w r\u00f3\u017cne aspekty inicjatyw RocketPlay...","_links":{"self":[{"href":"https:\/\/rocketplay-new.com\/pl\/wp-json\/wp\/v2\/pages\/4468","targetHints":{"allow":["GET"]}}],"collection":[{"href":"https:\/\/rocketplay-new.com\/pl\/wp-json\/wp\/v2\/pages"}],"about":[{"href":"https:\/\/rocketplay-new.com\/pl\/wp-json\/wp\/v2\/types\/page"}],"author":[{"embeddable":true,"href":"https:\/\/rocketplay-new.com\/pl\/wp-json\/wp\/v2\/users\/1"}],"replies":[{"embeddable":true,"href":"https:\/\/rocketplay-new.com\/pl\/wp-json\/wp\/v2\/comments?post=4468"}],"version-history":[{"count":1,"href":"https:\/\/rocketplay-new.com\/pl\/wp-json\/wp\/v2\/pages\/4468\/revisions"}],"predecessor-version":[{"id":4469,"href":"https:\/\/rocketplay-new.com\/pl\/wp-json\/wp\/v2\/pages\/4468\/revisions\/4469"}],"wp:attachment":[{"href":"https:\/\/rocketplay-new.com\/pl\/wp-json\/wp\/v2\/media?parent=4468"}],"curies":[{"name":"wp","href":"https:\/\/api.w.org\/{rel}","templated":true}]}}