{"id":4440,"date":"2024-01-19T13:55:57","date_gmt":"2024-01-19T10:55:57","guid":{"rendered":"https:\/\/rocketplay-new.com\/privacy-policy\/"},"modified":"2024-01-19T23:23:36","modified_gmt":"2024-01-19T20:23:36","slug":"privacy-policy","status":"publish","type":"page","link":"https:\/\/rocketplay-new.com\/pl\/privacy-policy\/","title":{"rendered":"Polityka prywatno\u015bci"},"content":{"rendered":"<p>W naszej erze cyfrowej prywatno\u015b\u0107 jest najwa\u017cniejsza, dlatego w RocketPlay Casino priorytetem jest ochrona Twoich danych osobowych. Niniejsza Polityka prywatno\u015bci okre\u015bla nasze zaanga\u017cowanie w ochron\u0119 Twoich danych, zapewnienie przejrzysto\u015bci i budowanie zaufania mi\u0119dzy Tob\u0105 a nasz\u0105 platform\u0105. Wsp\u00f3\u0142pracuj\u0105c z RocketPlay Casino, wyra\u017casz zgod\u0119 na praktyki opisane w niniejszym dokumencie.<\/p>\n<h2>Nasze zaanga\u017cowanie w ochron\u0119 Twojej prywatno\u015bci<\/h2>\n<p>W RocketPlay Casino zdajemy sobie spraw\u0119 ze znaczenia prywatno\u015bci w grach online. W tej sekcji om\u00f3wiono nasze zaanga\u017cowanie w zabezpieczanie Twoich danych i utrzymywanie najwy\u017cszych standard\u00f3w poufno\u015bci.<\/p>\n<h2>Zbierane przez nas informacje: znalezienie w\u0142a\u015bciwej r\u00f3wnowagi<\/h2>\n<p>Zrozumienie rodzaj\u00f3w gromadzonych przez nas informacji ma kluczowe znaczenie dla zbudowania bezpiecznego \u015brodowiska online. RocketPlay Casino gromadzi dane, aby poprawi\u0107 Twoje wra\u017cenia z gry, ale starannie zbieramy tylko niezb\u0119dne informacje. W tej sekcji szczeg\u00f3\u0142owo opisano kategorie informacji, kt\u00f3re mo\u017cemy gromadzi\u0107, w tym dane osobowe, informacje o urz\u0105dzeniu i preferencje dotycz\u0105ce gier.<\/p>\n<h2>Jak wykorzystujemy Twoje dane: dostosowywanie Twoich do\u015bwiadcze\u0144<\/h2>\n<p>RocketPlay Casino wykorzystuje Twoje dane, aby personalizowa\u0107 i ulepsza\u0107 Twoje wra\u017cenia z gry. W tej sekcji opisano r\u00f3\u017cne sposoby, w jakie mo\u017cemy wykorzystywa\u0107 Twoje dane, od zarz\u0105dzania kontem po optymalizacj\u0119 sugestii gier. Mo\u017cesz mie\u0107 pewno\u015b\u0107, \u017ce Twoje dane s\u0105 wykorzystywane w spos\u00f3b odpowiedzialny i zgodny z przepisami prawa.<\/p>\n<h2>Bezpiecze\u0144stwo danych: wzmacnianie informacji<\/h2>\n<p>Ochrona Twoich informacji jest najwy\u017cszym priorytetem w RocketPlay Casino. W tej sekcji szczeg\u00f3\u0142owo opisano \u015brodki bezpiecze\u0144stwa, kt\u00f3re stosujemy w celu ochrony Twoich danych przed nieautoryzowanym dost\u0119pem, ujawnieniem lub zmian\u0105. Stosowanie przez nas szyfrowania, technologii bezpiecznej warstwy gniazd i regularnych audyt\u00f3w bezpiecze\u0144stwa pokazuje nasze niezachwiane zaanga\u017cowanie w ochron\u0119 Twojej prywatno\u015bci.<\/p>\n<h2>Udost\u0119pnianie informacji: przejrzysto\u015b\u0107 jest kluczowa<\/h2>\n<p>Chocia\u017c podejmujemy kroki w celu ochrony Twoich danych, zdarzaj\u0105 si\u0119 przypadki, w kt\u00f3rych ich udost\u0119pnienie jest konieczne do bezproblemowego dzia\u0142ania kasyna RocketPlay. W tej sekcji szczeg\u00f3\u0142owo opisano okoliczno\u015bci, w kt\u00f3rych mo\u017cemy udost\u0119pnia\u0107 Twoje dane stronom trzecim, zapewniaj\u0105c, \u017ce dzieje si\u0119 to w spos\u00f3b odpowiedzialny i zgodny z obowi\u0105zuj\u0105cymi przepisami.<\/p>\n<h2>Twoje wybory i kontrola: wzmacnianie Twojej prywatno\u015bci<\/h2>\n<p>Kasyno RocketPlay wierzy, \u017ce zapewni Ci kontrol\u0119 nad swoimi danymi. W tej sekcji om\u00f3wiono mo\u017cliwo\u015bci wyboru dotycz\u0105ce udost\u0119pnianych informacji i sposobu ich wykorzystania. Od ustawie\u0144 konta po preferencje dotycz\u0105ce komunikacji \u2013 umo\u017cliwiamy Ci dostosowanie korzystania z serwisu do Twoich preferencji dotycz\u0105cych prywatno\u015bci.<\/p>\n<h2>Pliki cookie i technologie \u015bledzenia: poprawianie komfortu u\u017cytkownika<\/h2>\n<p>Pliki cookie i technologie \u015bledzenia odgrywaj\u0105 rol\u0119 w optymalizacji Twojej interakcji z kasynem RocketPlay. W tej sekcji wyja\u015bniono, w jaki spos\u00f3b korzystamy z tych narz\u0119dzi, wyja\u015bniaj\u0105c, jakie korzy\u015bci z nich p\u0142yn\u0105, poprawiaj\u0105c funkcjonalno\u015b\u0107 witryny, personalizuj\u0105c zawarto\u015b\u0107 i u\u0142atwiaj\u0105c przyjemniejsze wra\u017cenia z gry.<\/p>\n<h2>Mi\u0119dzynarodowe przesy\u0142anie danych: zapewnienie globalnej zgodno\u015bci<\/h2>\n<p>Jako platforma internetowa, RocketPlay Casino mo\u017ce przesy\u0142a\u0107 Twoje dane za granic\u0119. W tej sekcji om\u00f3wiono spos\u00f3b, w jaki radzimy sobie z transgranicznym przesy\u0142aniem danych, podkre\u015blaj\u0105c nasze zaanga\u017cowanie w przestrzeganie odpowiednich przepis\u00f3w o ochronie danych i zapewnienie bezpiecze\u0144stwa Twoich informacji niezale\u017cnie od lokalizacji.<\/p>\n<h2>Prywatno\u015b\u0107 dzieci: szczeg\u00f3lna uwaga<\/h2>\n<p>Kasyno RocketPlay jest przeznaczone dla os\u00f3b doros\u0142ych i nie zbieramy \u015bwiadomie informacji od os\u00f3b poni\u017cej wieku uprawniaj\u0105cego do uprawiania hazardu. W tej sekcji szczeg\u00f3\u0142owo opisano nasze wysi\u0142ki na rzecz ochrony prywatno\u015bci dzieci i zach\u0119camy do stosowania odpowiedzialnych praktyk w grach.<\/p>\n<h2>Zmiany w Polityce prywatno\u015bci: Informowanie Ci\u0119<\/h2>\n<p>Kasyno RocketPlay dba o przejrzysto\u015b\u0107 i w tej sekcji wyja\u015bniono, w jaki spos\u00f3b informujemy o zmianach w naszej Polityce prywatno\u015bci. Regularne aktualizacje zapewniaj\u0105, \u017ce zawsze jeste\u015b informowany o tym, w jaki spos\u00f3b przetwarzane s\u0105 Twoje dane, a tak\u017ce pozwalaj\u0105 Ci sprawdzi\u0107 i odpowiednio dostosowa\u0107 ustawienia prywatno\u015bci.<\/p>\n<h2>Skontaktuj si\u0119 z nami: Twoja opinia ma znaczenie<\/h2>\n<p>Twoja opinia jest bezcenna dla kasyna RocketPlay. W tej sekcji znajduj\u0105 si\u0119 informacje o tym, jak skontaktowa\u0107 si\u0119 z nami w przypadku pyta\u0144, w\u0105tpliwo\u015bci lub pr\u00f3\u015bb zwi\u0105zanych z Twoj\u0105 prywatno\u015bci\u0105. Cenimy otwart\u0105 komunikacj\u0119 i dok\u0142adamy wszelkich stara\u0144, aby szybko i skutecznie odpowiada\u0107 na Twoje zapytania.<\/p>\n<h2>Twoje zaufanie, nasz priorytet<\/h2>\n<p>Podsumowuj\u0105c, RocketPlay Casino ceni Twoj\u0105 prywatno\u015b\u0107 i stara si\u0119 wspiera\u0107 bezpieczne i godne zaufania \u015brodowisko gier. Stawiaj\u0105c na pierwszym miejscu przejrzysto\u015b\u0107, stosuj\u0105c solidne \u015brodki bezpiecze\u0144stwa i daj\u0105c Ci kontrol\u0119 nad Twoimi danymi, d\u0105\u017cymy do zbudowania trwa\u0142ych relacji opartych na zaufaniu i wzajemnym szacunku. Dzi\u0119kujemy za wybranie RocketPlay Casino, gdzie Twoja prywatno\u015b\u0107 jest naszym priorytetem.<\/p>\n","protected":false},"excerpt":{"rendered":"<p>W naszej erze cyfrowej prywatno\u015b\u0107 jest najwa\u017cniejsza, dlatego w RocketPlay Casino priorytetem jest ochrona Twoich danych osobowych. Niniejsza Polityka prywatno\u015bci okre\u015bla nasze zaanga\u017cowanie w ochron\u0119 Twoich danych, zapewnienie przejrzysto\u015bci i budowanie zaufania mi\u0119dzy Tob\u0105 a nasz\u0105 platform\u0105. Wsp\u00f3\u0142pracuj\u0105c z RocketPlay Casino, wyra\u017casz zgod\u0119 na praktyki opisane w niniejszym dokumencie. Nasze zaanga\u017cowanie w ochron\u0119 Twojej prywatno\u015bci&#8230;<\/p>\n","protected":false},"author":1,"featured_media":0,"parent":0,"menu_order":0,"comment_status":"closed","ping_status":"closed","template":"","meta":{"_acf_changed":false,"_kad_post_transparent":"default","_kad_post_title":"default","_kad_post_layout":"default","_kad_post_sidebar_id":"","_kad_post_content_style":"default","_kad_post_vertical_padding":"default","_kad_post_feature":"","_kad_post_feature_position":"","_kad_post_header":false,"_kad_post_footer":false,"footnotes":""},"class_list":["post-4440","page","type-page","status-publish","hentry"],"acf":[],"rttpg_featured_image_url":null,"rttpg_author":{"display_name":"John","author_link":"https:\/\/rocketplay-new.com\/pl\/author\/pemvas95n89x\/"},"rttpg_comment":0,"rttpg_category":null,"rttpg_excerpt":"W naszej erze cyfrowej prywatno\u015b\u0107 jest najwa\u017cniejsza, dlatego w RocketPlay Casino priorytetem jest ochrona Twoich danych osobowych. Niniejsza Polityka prywatno\u015bci okre\u015bla nasze zaanga\u017cowanie w ochron\u0119 Twoich danych, zapewnienie przejrzysto\u015bci i budowanie zaufania mi\u0119dzy Tob\u0105 a nasz\u0105 platform\u0105. Wsp\u00f3\u0142pracuj\u0105c z RocketPlay Casino, wyra\u017casz zgod\u0119 na praktyki opisane w niniejszym dokumencie. Nasze zaanga\u017cowanie w ochron\u0119 Twojej prywatno\u015bci...","_links":{"self":[{"href":"https:\/\/rocketplay-new.com\/pl\/wp-json\/wp\/v2\/pages\/4440","targetHints":{"allow":["GET"]}}],"collection":[{"href":"https:\/\/rocketplay-new.com\/pl\/wp-json\/wp\/v2\/pages"}],"about":[{"href":"https:\/\/rocketplay-new.com\/pl\/wp-json\/wp\/v2\/types\/page"}],"author":[{"embeddable":true,"href":"https:\/\/rocketplay-new.com\/pl\/wp-json\/wp\/v2\/users\/1"}],"replies":[{"embeddable":true,"href":"https:\/\/rocketplay-new.com\/pl\/wp-json\/wp\/v2\/comments?post=4440"}],"version-history":[{"count":1,"href":"https:\/\/rocketplay-new.com\/pl\/wp-json\/wp\/v2\/pages\/4440\/revisions"}],"predecessor-version":[{"id":4441,"href":"https:\/\/rocketplay-new.com\/pl\/wp-json\/wp\/v2\/pages\/4440\/revisions\/4441"}],"wp:attachment":[{"href":"https:\/\/rocketplay-new.com\/pl\/wp-json\/wp\/v2\/media?parent=4440"}],"curies":[{"name":"wp","href":"https:\/\/api.w.org\/{rel}","templated":true}]}}