{"id":4415,"date":"2024-01-19T14:12:34","date_gmt":"2024-01-19T11:12:34","guid":{"rendered":"https:\/\/rocketplay-new.com\/kyc-policy\/"},"modified":"2024-01-19T23:07:12","modified_gmt":"2024-01-19T20:07:12","slug":"kyc-policy","status":"publish","type":"page","link":"https:\/\/rocketplay-new.com\/pl\/kyc-policy\/","title":{"rendered":"Polityka KYC"},"content":{"rendered":"<p>W dynamicznym \u015bwiecie gier online RocketPlay Casino wyr\u00f3\u017cnia si\u0119 ekscytuj\u0105c\u0105 gam\u0105 gier i niezachwianym zaanga\u017cowaniem w zapewnienie bezpiecznego i odpowiedzialnego \u015brodowiska gier. Jednym z kluczowych filar\u00f3w wspieraj\u0105cych to zaanga\u017cowanie jest solidna polityka RocketPlay Casino \u201ePoznaj swojego klienta\u201d (KYC). W tej wszechstronnej eksploracji zag\u0142\u0119biamy si\u0119 w zawi\u0142o\u015bci polityki KYC RocketPlay, rozumiej\u0105c jej znaczenie w utrzymaniu integralno\u015bci platformy i ochronie interes\u00f3w graczy.<\/p>\n<h2>Wprowadzenie do KYC: budowanie zaufania poprzez weryfikacj\u0119<\/h2>\n<p>Know Your Customer, powszechnie znany jako KYC, to zestaw procedur umo\u017cliwiaj\u0105cych firmom weryfikacj\u0119 to\u017csamo\u015bci swoich klient\u00f3w. W kasynach online, takich jak RocketPlay, KYC to nie tylko wym\u00f3g regulacyjny, ale istotny element budowania zaufania w\u015br\u00f3d graczy. RocketPlay rozumie, \u017ce budowanie relacji opartej na zaufaniu ma kluczowe znaczenie w bran\u017cy gier, a rygorystyczna polityka KYC jest podstaw\u0105 tego zaufania.<\/p>\n<h2>Trzypoziomowy proces weryfikacji<\/h2>\n<p>RocketPlay Casino stosuje tr\u00f3jstopniowy proces weryfikacji, aby zapewni\u0107 dok\u0142adne sprawdzenie to\u017csamo\u015bci graczy. To wielowarstwowe podej\u015bcie ma by\u0107 kompleksowe i skuteczne, r\u00f3wnowa\u017c\u0105c wygod\u0119 gracza i potrzeb\u0119 rygorystycznej weryfikacji kasyna.<\/p>\n<h3>Weryfikacja dokumentu: krok pocz\u0105tkowy<\/h3>\n<p>Podr\u00f3\u017c przez proces KYC RocketPlay rozpoczyna si\u0119 od weryfikacji dokument\u00f3w. Gracze musz\u0105 przedstawi\u0107 jasne i wa\u017cne dokumenty identyfikacyjne, takie jak wydane przez rz\u0105d dokumenty to\u017csamo\u015bci lub paszporty. Ten pocz\u0105tkowy krok ma kluczowe znaczenie w ustaleniu to\u017csamo\u015bci i wieku gracza, zgodnie ze standardami prawnymi i regulacyjnymi. Zaawansowana technologia weryfikacji dokument\u00f3w RocketPlay zapewnia szybki i bezproblemowy proces, minimalizuj\u0105c niedogodno\u015bci dla gracza.<\/p>\n<h3>Weryfikacja adresu: ustalenie miejsca zamieszkania<\/h3>\n<p>Poza potwierdzeniem to\u017csamo\u015bci polityka KYC RocketPlay Casino obejmuje weryfikacj\u0119 adresu. Gracze proszeni s\u0105 o przedstawienie dokument\u00f3w potwierdzaj\u0105cych ich aktualny adres zamieszkania. Ten krok jest kluczowy dla zapewnienia zgodno\u015bci z wymogami regulacyjnymi, zapobiegania oszustwom i zapewnienia, \u017ce gracze pochodz\u0105 z autoryzowanych jurysdykcji.<\/p>\n<h3>Weryfikacja metody p\u0142atno\u015bci: zwi\u0119kszenie bezpiecze\u0144stwa<\/h3>\n<p>Ostatni etap procesu KYC RocketPlay obejmuje weryfikacj\u0119 wybranej przez gracza metody p\u0142atno\u015bci. Ten krok dodaje dodatkow\u0105 warstw\u0119 bezpiecze\u0144stwa, zapewniaj\u0105c bezpiecze\u0144stwo transakcji finansowych na platformie. \u0141\u0105cz\u0105c metod\u0119 p\u0142atno\u015bci ze zweryfikowan\u0105 to\u017csamo\u015bci\u0105 gracza, RocketPlay zmniejsza ryzyko nieautoryzowanych transakcji i zwi\u0119ksza og\u00f3lne bezpiecze\u0144stwo rozgrywki.<\/p>\n<h2>Szybkie przetwarzanie i wygoda dla gracza<\/h2>\n<p>RocketPlay Casino zdaje sobie spraw\u0119, jak wa\u017cne jest zapewnienie swoim graczom p\u0142ynnej i przyjemnej gry. Pomimo kompleksowego charakteru procesu KYC, kasyno dba o szybki czas przetwarzania. Wykorzystuj\u0105c najnowocze\u015bniejsz\u0105 technologi\u0119, RocketPlay d\u0105\u017cy do szybkiego zako\u0144czenia procesu weryfikacji, umo\u017cliwiaj\u0105c graczom zanurzenie si\u0119 w swoje ulubione gry bez niepotrzebnych op\u00f3\u017anie\u0144.<\/p>\n<p>Kasyno rozumie, \u017ce procedury KYC mog\u0105 czasami by\u0107 postrzegane jako uci\u0105\u017cliwe, dlatego RocketPlay w odpowiedzi na to wdro\u017cy\u0142o przyjazne dla u\u017cytkownika interfejsy i systemy wsparcia. Gracze maj\u0105 dost\u0119p do dedykowanego zespo\u0142u wsparcia, kt\u00f3ry pomaga im w procesie weryfikacji i odpowiada na wszelkie pytania lub w\u0105tpliwo\u015bci, jakie mog\u0105 mie\u0107. To zaanga\u017cowanie w wygod\u0119 gracza jest \u015bwiadectwem podej\u015bcia RocketPlay do klienta.<\/p>\n<h2>\u015arodki bezpiecze\u0144stwa: ochrona interes\u00f3w graczy<\/h2>\n<p>G\u0142\u00f3wnym celem polityki KYC firmy RocketPlay jest zwi\u0119kszenie bezpiecze\u0144stwa platformy. Weryfikuj\u0105c to\u017csamo\u015b\u0107, adres i metod\u0119 p\u0142atno\u015bci ka\u017cdego gracza, kasyno tworzy wzmocnion\u0105 barier\u0119 przed nieuczciwymi dzia\u0142aniami, takimi jak kradzie\u017c to\u017csamo\u015bci i pranie pieni\u0119dzy. Chroni to interesy poszczeg\u00f3lnych graczy i podtrzymuje integralno\u015b\u0107 ca\u0142ego ekosystemu gier.<\/p>\n<p>RocketPlay wykorzystuje najnowocze\u015bniejsz\u0105 technologi\u0119 szyfrowania w celu zabezpieczenia danych osobowych i finansowych przekazywanych przez graczy podczas procesu KYC. Kasyno przestrzega najwy\u017cszych standard\u00f3w bran\u017cowych w zakresie ochrony danych, zapewniaj\u0105c, \u017ce wra\u017cliwe informacje pozostaj\u0105 poufne i odporne na nieuprawniony dost\u0119p.<\/p>\n<h2>Promowanie odpowiedzialnej gry<\/h2>\n<p>Zaanga\u017cowanie kasyna RocketPlay w odpowiedzialn\u0105 gr\u0119 idzie w parze z polityk\u0105 KYC. Zapewniaj\u0105c, \u017ce gracze s\u0105 pe\u0142noletni i znajduj\u0105 si\u0119 w autoryzowanych jurysdykcjach, kasyno podejmuje proaktywne dzia\u0142ania maj\u0105ce na celu zapobieganie hazardowi nieletnich i przestrzeganie standard\u00f3w prawnych. Ponadto weryfikacja metod p\u0142atno\u015bci chroni przed potencjalnymi szkodami finansowymi, co jest zgodne z zaanga\u017cowaniem RocketPlay w promowanie bezpiecznego i odpowiedzialnego \u015brodowiska gier.<\/p>\n<h2>Ci\u0105g\u0142e monitorowanie i zdolno\u015b\u0107 adaptacji<\/h2>\n<p>Krajobraz gier online jest dynamiczny, a RocketPlay Casino rozumie potrzeb\u0119 ci\u0105g\u0142ego monitorowania i dostosowywania swoich procedur KYC. Kasyno regularnie aktualizuje swoje procesy weryfikacji, aby unikn\u0105\u0107 pojawiaj\u0105cych si\u0119 zagro\u017ce\u0144 i zachowa\u0107 zgodno\u015b\u0107 ze zmieniaj\u0105cymi si\u0119 standardami regulacyjnymi. To proaktywne podej\u015bcie odzwierciedla zaanga\u017cowanie RocketPlay w utrzymanie najwy\u017cszego poziomu bezpiecze\u0144stwa i integralno\u015bci w ramach swojej platformy do gier.<\/p>\n<h2>Filar zaufania i uczciwo\u015bci<\/h2>\n<p>W konkurencyjnej dziedzinie kasyn online RocketPlay wyr\u00f3\u017cnia si\u0119 ekscytuj\u0105cymi grami i niezachwianym zaanga\u017cowaniem w zaufanie, uczciwo\u015b\u0107 i dobre samopoczucie graczy. Polityka KYC to nie tylko konieczno\u015b\u0107 regulacyjna dla RocketPlay; jest to proaktywny \u015brodek maj\u0105cy na celu stworzenie bezpiecznego i odpowiedzialnego \u015brodowiska gier. Dzi\u0119ki skrupulatnemu, tr\u00f3jstopniowemu procesowi weryfikacji, szybkiemu czasowi przetwarzania i skupieniu si\u0119 na wygodzie gracza, RocketPlay Casino gwarantuje, \u017ce gracze mog\u0105 odda\u0107 si\u0119 swoim ulubionym grom z pewno\u015bci\u0105, \u017ce ich bezpiecze\u0144stwo i dobre samopoczucie s\u0105 najwa\u017cniejsze. Zasadniczo polityka KYC w RocketPlay nie dotyczy tylko weryfikacji; chodzi o zbudowanie fundamentu zaufania, kt\u00f3ry podniesie poziom wra\u017ce\u0144 z gry.<\/p>\n","protected":false},"excerpt":{"rendered":"<p>W dynamicznym \u015bwiecie gier online RocketPlay Casino wyr\u00f3\u017cnia si\u0119 ekscytuj\u0105c\u0105 gam\u0105 gier i niezachwianym zaanga\u017cowaniem w zapewnienie bezpiecznego i odpowiedzialnego \u015brodowiska gier. Jednym z kluczowych filar\u00f3w wspieraj\u0105cych to zaanga\u017cowanie jest solidna polityka RocketPlay Casino \u201ePoznaj swojego klienta\u201d (KYC). W tej wszechstronnej eksploracji zag\u0142\u0119biamy si\u0119 w zawi\u0142o\u015bci polityki KYC RocketPlay, rozumiej\u0105c jej znaczenie w utrzymaniu integralno\u015bci&#8230;<\/p>\n","protected":false},"author":1,"featured_media":0,"parent":0,"menu_order":0,"comment_status":"closed","ping_status":"closed","template":"","meta":{"_acf_changed":false,"_kad_post_transparent":"default","_kad_post_title":"default","_kad_post_layout":"default","_kad_post_sidebar_id":"","_kad_post_content_style":"default","_kad_post_vertical_padding":"default","_kad_post_feature":"","_kad_post_feature_position":"","_kad_post_header":false,"_kad_post_footer":false,"footnotes":""},"class_list":["post-4415","page","type-page","status-publish","hentry"],"acf":[],"rttpg_featured_image_url":null,"rttpg_author":{"display_name":"John","author_link":"https:\/\/rocketplay-new.com\/pl\/author\/pemvas95n89x\/"},"rttpg_comment":0,"rttpg_category":null,"rttpg_excerpt":"W dynamicznym \u015bwiecie gier online RocketPlay Casino wyr\u00f3\u017cnia si\u0119 ekscytuj\u0105c\u0105 gam\u0105 gier i niezachwianym zaanga\u017cowaniem w zapewnienie bezpiecznego i odpowiedzialnego \u015brodowiska gier. Jednym z kluczowych filar\u00f3w wspieraj\u0105cych to zaanga\u017cowanie jest solidna polityka RocketPlay Casino \u201ePoznaj swojego klienta\u201d (KYC). W tej wszechstronnej eksploracji zag\u0142\u0119biamy si\u0119 w zawi\u0142o\u015bci polityki KYC RocketPlay, rozumiej\u0105c jej znaczenie w utrzymaniu integralno\u015bci...","_links":{"self":[{"href":"https:\/\/rocketplay-new.com\/pl\/wp-json\/wp\/v2\/pages\/4415","targetHints":{"allow":["GET"]}}],"collection":[{"href":"https:\/\/rocketplay-new.com\/pl\/wp-json\/wp\/v2\/pages"}],"about":[{"href":"https:\/\/rocketplay-new.com\/pl\/wp-json\/wp\/v2\/types\/page"}],"author":[{"embeddable":true,"href":"https:\/\/rocketplay-new.com\/pl\/wp-json\/wp\/v2\/users\/1"}],"replies":[{"embeddable":true,"href":"https:\/\/rocketplay-new.com\/pl\/wp-json\/wp\/v2\/comments?post=4415"}],"version-history":[{"count":2,"href":"https:\/\/rocketplay-new.com\/pl\/wp-json\/wp\/v2\/pages\/4415\/revisions"}],"predecessor-version":[{"id":4417,"href":"https:\/\/rocketplay-new.com\/pl\/wp-json\/wp\/v2\/pages\/4415\/revisions\/4417"}],"wp:attachment":[{"href":"https:\/\/rocketplay-new.com\/pl\/wp-json\/wp\/v2\/media?parent=4415"}],"curies":[{"name":"wp","href":"https:\/\/api.w.org\/{rel}","templated":true}]}}