{"id":4384,"date":"2024-01-19T14:07:26","date_gmt":"2024-01-19T11:07:26","guid":{"rendered":"https:\/\/rocketplay-new.com\/gdpr-policy\/"},"modified":"2024-01-19T22:35:03","modified_gmt":"2024-01-19T19:35:03","slug":"gdpr-policy","status":"publish","type":"page","link":"https:\/\/rocketplay-new.com\/pl\/gdpr-policy\/","title":{"rendered":"Polityka RODO"},"content":{"rendered":"<p>W erze cyfrowej rozrywki RocketPlay Casino zdaje sobie spraw\u0119 z ogromnej wagi ochrony Twojej prywatno\u015bci. Nasza polityka RODO (og\u00f3lne rozporz\u0105dzenie o ochronie danych) odzwierciedla nasze zaanga\u017cowanie w przejrzysto\u015b\u0107 i bezpiecze\u0144stwo danych. Te kompleksowe ramy zapewniaj\u0105, \u017ce Twoje dane osobowe s\u0105 traktowane ostro\u017cnie i \u015bci\u015ble zgodne z mi\u0119dzynarodowymi standardami ochrony danych.<\/p>\n<h2>Wykorzystanie ochrony danych w sferze gier<\/h2>\n<p>RocketPlay Casino to nie tylko platforma do gier; to spo\u0142eczno\u015b\u0107 zbudowana na zaufaniu. Nasza polityka RODO jest \u015bwiadectwem naszego zaanga\u017cowania w ochron\u0119 prywatno\u015bci w coraz bardziej po\u0142\u0105czonym \u015bwiecie. Rozumiemy znaczenie Twoich danych osobowych i dok\u0142adamy wszelkich stara\u0144, aby Twoje dane by\u0142y przetwarzane w spos\u00f3b odpowiedzialny.<\/p>\n<h2>Zakres Polityki RODO: Co obejmuje?<\/h2>\n<p>Nasza polityka RODO obejmuje wszystkie aspekty dzia\u0142alno\u015bci RocketPlay Casino, obejmuj\u0105ce gromadzenie, przetwarzanie, przechowywanie i udost\u0119pnianie danych osobowych. Obejmuje to informacje uzyskane podczas rejestracji konta, rozgrywki, transakcji finansowych i innych interakcji z nasz\u0105 platform\u0105. Dbamy o przejrzysto\u015b\u0107 danych, kt\u00f3re zbieramy i wykorzystujemy je wy\u0142\u0105cznie do zgodnych z prawem cel\u00f3w okre\u015blonych w niniejszej polityce.<\/p>\n<h2>Zgodna z prawem podstawa przetwarzania danych: Twoja zgoda ma znaczenie<\/h2>\n<p>Kasyno RocketPlay przestrzega zasady legalno\u015bci przetwarzania danych. Zapewniamy, \u017ce Twoje dane s\u0105 przetwarzane wy\u0142\u0105cznie w oparciu o wa\u017cn\u0105 podstaw\u0119 prawn\u0105. W wi\u0119kszo\u015bci przypadk\u00f3w t\u0105 podstaw\u0105 prawn\u0105 jest Twoja wyra\u017ana zgoda, kt\u00f3r\u0105 wyra\u017casz podczas rejestracji konta lub korzystania z naszych us\u0142ug. Masz prawo wycofa\u0107 swoj\u0105 zgod\u0119 w dowolnym momencie, a my sprawiamy, \u017ce proces ten jest tak prosty, jak pierwotna zgoda.<\/p>\n<h2>Zbierane przez nas informacje: znalezienie r\u00f3wnowagi mi\u0119dzy przydatno\u015bci\u0105 a konieczno\u015bci\u0105<\/h2>\n<p>Aby poprawi\u0107 Twoje wra\u017cenia z gry i zapewni\u0107 spersonalizowane us\u0142ugi, zbieramy okre\u015blone informacje, takie jak Twoje imi\u0119 i nazwisko, adres e-mail i szczeg\u00f3\u0142y p\u0142atno\u015bci. Jednak\u017ce ograniczamy gromadzenie danych do tego, co jest \u015bci\u015ble niezb\u0119dne do tych cel\u00f3w. Zapewniamy, \u017ce RocketPlay Casino nie przetwarza nadmiernych ani nieistotnych danych.<\/p>\n<h2>Bezpiecze\u0144stwo danych: wzmacnianie swojej cyfrowej twierdzy<\/h2>\n<p>Bezpiecze\u0144stwo jest dla nas priorytetem. Kasyno RocketPlay wykorzystuje najnowocze\u015bniejsze \u015brodki bezpiecze\u0144stwa, aby chroni\u0107 Twoje dane przed nieautoryzowanym dost\u0119pem, ujawnieniem, zmian\u0105 i zniszczeniem. Nasze zaanga\u017cowanie w ochron\u0119 Twojej prywatno\u015bci obejmuje regularne audyty bezpiecze\u0144stwa, protoko\u0142y szyfrowania i \u015bcis\u0142\u0105 kontrol\u0119 dost\u0119pu, dzi\u0119ki czemu Twoje informacje pozostaj\u0105 poufne i bezpieczne.<\/p>\n<h2>Partnerstwa z podmiotami zewn\u0119trznymi: zapewnienie ochrony danych poza naszymi murami<\/h2>\n<p>RocketPlay Casino czasami wsp\u00f3\u0142pracuje z zewn\u0119trznymi dostawcami us\u0142ug w celu ulepszenia naszej oferty. Gdy tego rodzaju partnerstwa wi\u0105\u017c\u0105 si\u0119 z przetwarzaniem danych osobowych, zapewniamy, \u017ce podmioty te przestrzegaj\u0105 tych samych rygorystycznych standard\u00f3w ochrony danych. Zawieramy z nimi umowy, aby zagwarantowa\u0107, \u017ce Twoja prywatno\u015b\u0107 b\u0119dzie szanowana i utrzymywana nawet poza granicami naszej platformy.<\/p>\n<h2>Przechowywanie danych: znalezienie r\u00f3wnowagi mi\u0119dzy konieczno\u015bci\u0105 a szacunkiem dla Twoich wybor\u00f3w<\/h2>\n<p>Przechowujemy Twoje dane tylko tak d\u0142ugo, jak jest to konieczne do realizacji cel\u00f3w, dla kt\u00f3rych zosta\u0142y zebrane. Je\u015bli zdecydujesz si\u0119 dezaktywowa\u0107 swoje konto lub wycofa\u0107 swoj\u0105 zgod\u0119, RocketPlay Casino niezw\u0142ocznie usunie lub zanonimizuje Twoje dane, chyba \u017ce ich przechowywanie jest wymagane przez prawo lub konieczne ze wzgl\u0119du na uzasadnione cele biznesowe.<\/p>\n<h2>Twoje prawa wynikaj\u0105ce z RODO: wi\u0119ksza kontrola<\/h2>\n<p>Kasyno RocketPlay stara si\u0119 zapewni\u0107 Ci kontrol\u0119 nad Twoimi danymi. Zgodnie z RODO mo\u017cesz uzyska\u0107 dost\u0119p do swoich danych, je poprawi\u0107 lub usun\u0105\u0107. Mo\u017cesz tak\u017ce sprzeciwi\u0107 si\u0119 okre\u015blonym rodzajom przetwarzania i za\u017c\u0105da\u0107 przeniesienia swoich danych. Nasz przyjazny dla u\u017cytkownika interfejs i szybko reaguj\u0105ca obs\u0142uga klienta u\u0142atwiaj\u0105 korzystanie z tych praw.<\/p>\n<h2>Reakcja na naruszenie danych: szybkie i przejrzyste dzia\u0142anie<\/h2>\n<p>W niefortunnym przypadku naruszenia danych kasyno RocketPlay ustanowi\u0142o protoko\u0142y umo\u017cliwiaj\u0105ce szybk\u0105 i przejrzyst\u0105 reakcj\u0119. Niezw\u0142ocznie powiadomimy Ciebie i odpowiednie w\u0142adze, przedstawiaj\u0105c charakter naruszenia i kroki podj\u0119te w celu z\u0142agodzenia jego skutk\u00f3w. Naszym zobowi\u0105zaniem jest nie tylko zapobieganie naruszeniom, ale tak\u017ce odpowiedzialne post\u0119powanie w przypadku ich wyst\u0105pienia.<\/p>\n<h2>Prywatno\u015b\u0107 dzieci: szczeg\u00f3lna uwaga<\/h2>\n<p>Kasyno RocketPlay zosta\u0142o zaprojektowane z my\u015bl\u0105 o rozrywce dla doros\u0142ych i nie gromadzimy ani nie przetwarzamy \u015bwiadomie danych osobowych od os\u00f3b poni\u017cej 18 roku \u017cycia. Je\u015bli jeste\u015b rodzicem lub opiekunem i wiesz, \u017ce Twoje dziecko przekaza\u0142o nam swoje dane bez Twojej zgody, skontaktuj si\u0119 z nami nas, a my podejmiemy odpowiednie kroki w celu naprawienia sytuacji.<\/p>\n<h2>Aktualizacje zasad: odpowiedzialny rozw\u00f3j dzi\u0119ki post\u0119powi technologicznemu<\/h2>\n<p>Wraz z rozwojem technologii ro\u015bnie tak\u017ce nasze zaanga\u017cowanie w ochron\u0119 danych. RocketPlay Casino zobowi\u0105zuje si\u0119 do regularnego przegl\u0105du i aktualizacji naszej polityki RODO, aby odzwierciedli\u0107 zmiany technologiczne, wymagania prawne i opinie u\u017cytkownik\u00f3w. Zach\u0119camy Ci\u0119 do okresowego przegl\u0105dania tej polityki, aby by\u0107 na bie\u017c\u0105co z informacjami o tym, jak chronimy Twoj\u0105 prywatno\u015b\u0107.<\/p>\n<h2>Wsp\u00f3lna odpowiedzialno\u015b\u0107 za bezpieczny cyfrowy plac zabaw<\/h2>\n<p>Polityka RODO RocketPlay Casino to nie tylko zbi\u00f3r zasad; to przymierze. Reprezentuje nasze zaanga\u017cowanie w tworzenie cyfrowego placu zabaw, na kt\u00f3rym mo\u017cesz eksplorowa\u0107, anga\u017cowa\u0107 si\u0119 i wygrywa\u0107, maj\u0105c jednocze\u015bnie pewno\u015b\u0107, \u017ce Twoja prywatno\u015b\u0107 jest najwa\u017cniejsza. W miar\u0119 ci\u0105g\u0142ego wprowadzania innowacji i rozwoju nasza polityka RODO b\u0119dzie ewoluowa\u0107, aby sprosta\u0107 wyzwaniom cyfrowego krajobrazu, zapewniaj\u0105c, \u017ce RocketPlay Casino pozostanie zaufanym i bezpiecznym miejscem dla entuzjast\u00f3w gier na ca\u0142ym \u015bwiecie.<\/p>\n","protected":false},"excerpt":{"rendered":"<p>W erze cyfrowej rozrywki RocketPlay Casino zdaje sobie spraw\u0119 z ogromnej wagi ochrony Twojej prywatno\u015bci. Nasza polityka RODO (og\u00f3lne rozporz\u0105dzenie o ochronie danych) odzwierciedla nasze zaanga\u017cowanie w przejrzysto\u015b\u0107 i bezpiecze\u0144stwo danych. Te kompleksowe ramy zapewniaj\u0105, \u017ce Twoje dane osobowe s\u0105 traktowane ostro\u017cnie i \u015bci\u015ble zgodne z mi\u0119dzynarodowymi standardami ochrony danych. Wykorzystanie ochrony danych w sferze&#8230;<\/p>\n","protected":false},"author":1,"featured_media":0,"parent":0,"menu_order":0,"comment_status":"closed","ping_status":"closed","template":"","meta":{"_acf_changed":false,"_kad_post_transparent":"default","_kad_post_title":"default","_kad_post_layout":"default","_kad_post_sidebar_id":"","_kad_post_content_style":"default","_kad_post_vertical_padding":"default","_kad_post_feature":"","_kad_post_feature_position":"","_kad_post_header":false,"_kad_post_footer":false,"footnotes":""},"class_list":["post-4384","page","type-page","status-publish","hentry"],"acf":[],"rttpg_featured_image_url":null,"rttpg_author":{"display_name":"John","author_link":"https:\/\/rocketplay-new.com\/pl\/author\/pemvas95n89x\/"},"rttpg_comment":0,"rttpg_category":null,"rttpg_excerpt":"W erze cyfrowej rozrywki RocketPlay Casino zdaje sobie spraw\u0119 z ogromnej wagi ochrony Twojej prywatno\u015bci. Nasza polityka RODO (og\u00f3lne rozporz\u0105dzenie o ochronie danych) odzwierciedla nasze zaanga\u017cowanie w przejrzysto\u015b\u0107 i bezpiecze\u0144stwo danych. Te kompleksowe ramy zapewniaj\u0105, \u017ce Twoje dane osobowe s\u0105 traktowane ostro\u017cnie i \u015bci\u015ble zgodne z mi\u0119dzynarodowymi standardami ochrony danych. Wykorzystanie ochrony danych w sferze...","_links":{"self":[{"href":"https:\/\/rocketplay-new.com\/pl\/wp-json\/wp\/v2\/pages\/4384","targetHints":{"allow":["GET"]}}],"collection":[{"href":"https:\/\/rocketplay-new.com\/pl\/wp-json\/wp\/v2\/pages"}],"about":[{"href":"https:\/\/rocketplay-new.com\/pl\/wp-json\/wp\/v2\/types\/page"}],"author":[{"embeddable":true,"href":"https:\/\/rocketplay-new.com\/pl\/wp-json\/wp\/v2\/users\/1"}],"replies":[{"embeddable":true,"href":"https:\/\/rocketplay-new.com\/pl\/wp-json\/wp\/v2\/comments?post=4384"}],"version-history":[{"count":2,"href":"https:\/\/rocketplay-new.com\/pl\/wp-json\/wp\/v2\/pages\/4384\/revisions"}],"predecessor-version":[{"id":4386,"href":"https:\/\/rocketplay-new.com\/pl\/wp-json\/wp\/v2\/pages\/4384\/revisions\/4386"}],"wp:attachment":[{"href":"https:\/\/rocketplay-new.com\/pl\/wp-json\/wp\/v2\/media?parent=4384"}],"curies":[{"name":"wp","href":"https:\/\/api.w.org\/{rel}","templated":true}]}}