{"id":4347,"date":"2024-01-19T11:58:54","date_gmt":"2024-01-19T08:58:54","guid":{"rendered":"https:\/\/rocketplay-new.com\/contact-us\/"},"modified":"2024-01-19T22:05:58","modified_gmt":"2024-01-19T19:05:58","slug":"contact-us","status":"publish","type":"page","link":"https:\/\/rocketplay-new.com\/pl\/contact-us\/","title":{"rendered":"Skontaktuj si\u0119 z nami"},"content":{"rendered":"<p>Wyrusz w podr\u00f3\u017c zapewniaj\u0105c\u0105 doskona\u0142\u0105 obs\u0142ug\u0119 klienta w RocketPlay Casino, gdzie Twoja satysfakcja jest naszym priorytetem. Nasza strona \u201eKontakt\u201d zosta\u0142a starannie zaprojektowana, aby zapewni\u0107 \u0142atwy dost\u0119p do pomocy, dzi\u0119ki czemu Twoje wra\u017cenia z gry w RocketPlay pozostan\u0105 znakomite.<\/p>\n<h2>Po\u0142\u0105cz si\u0119 natychmiast: obs\u0142uga czatu na \u017cywo<\/h2>\n<p>Kasyno RocketPlay rozumie warto\u015b\u0107 pomocy w czasie rzeczywistym, dlatego nasza pomoc na czacie na \u017cywo jest dost\u0119pna 24 godziny na dob\u0119, 7 dni w tygodniu. Niezale\u017cnie od tego, czy masz pytania dotycz\u0105ce konkretnych gier, potrzebujesz pomocy ze swoim kontem, czy te\u017c chcesz podzieli\u0107 si\u0119 swoj\u0105 opini\u0105, nasz kompetentny i przyjazny zesp\u00f3\u0142 wsparcia jest gotowy do natychmiastowego nawi\u0105zania z Tob\u0105 kontaktu. Zwi\u0119ksz swoje wra\u017cenia z gry, rozwi\u0105zuj\u0105c zapytania w czasie rzeczywistym, zapewniaj\u0105c nieprzerwan\u0105 rozgrywk\u0119.<\/p>\n<h2>Pomoc przez e-mail: szczeg\u00f3\u0142owe rozwi\u0105zania na wyci\u0105gni\u0119cie r\u0119ki<\/h2>\n<p>W przypadku bardziej kompleksowych zapyta\u0144 lub je\u015bli wolisz komunikacj\u0119 pisemn\u0105, RocketPlay Casino oferuje pomoc e-mailow\u0105. Napisz do nas na adres support@rocketplaycasino.com, a nasz oddany zesp\u00f3\u0142 udzieli Ci szybkiej i szczeg\u00f3\u0142owej odpowiedzi. Priorytetowo traktujemy kompleksowe rozwi\u0105zania, zajmuj\u0105c si\u0119 ka\u017cdym aspektem Twojego problemu z precyzj\u0105 i staranno\u015bci\u0105. Twoje zadowolenie jest naszym zobowi\u0105zaniem, a nasza pomoc e-mailowa gwarantuje kompleksow\u0105 odpowied\u017a na Twoje pytania.<\/p>\n<h2>Pomoc telefoniczna: spersonalizowane podej\u015bcie<\/h2>\n<p>Czasami us\u0142yszenie przyjaznego g\u0142osu mo\u017ce zrobi\u0107 r\u00f3\u017cnic\u0119. Kasyno RocketPlay zapewnia pomoc telefoniczn\u0105 za po\u015brednictwem naszej dedykowanej infolinii pod numerem 1-800-ROCKET-1. Po\u0142\u0105cz si\u0119 bezpo\u015brednio z naszymi agentami wsparcia, gotowymi do pomocy w przypadku jakichkolwiek pyta\u0144 i w\u0105tpliwo\u015bci. Naszym celem jest nadanie osobistego charakteru obs\u0142udze klienta, dzi\u0119ki czemu poczujesz si\u0119 doceniony i wys\u0142uchany. Wybieraj\u0105c pomoc telefoniczn\u0105, wybierasz bezpo\u015bredni\u0105 drog\u0119 do doskona\u0142o\u015bci.<\/p>\n<h2>Cz\u0119sto zadawane pytania: poruszanie si\u0119 po wszech\u015bwiecie informacji<\/h2>\n<p>Zapoznaj si\u0119 z obszern\u0105 sekcj\u0105 cz\u0119sto zadawanych pyta\u0144 (FAQ) kasyna RocketPlay, zanim skontaktujesz si\u0119 z naszym zespo\u0142em wsparcia. To nieocenione \u017ar\u00f3d\u0142o obejmuje r\u00f3\u017cne tematy, od zarz\u0105dzania kontem po zasady gry. Z \u0142atwo\u015bci\u0105 poruszaj si\u0119 po typowych problemach, poniewa\u017c nasze cz\u0119sto zadawane pytania zawieraj\u0105 rozwi\u0105zania krok po kroku. To ca\u0142odobowe \u017ar\u00f3d\u0142o szybkich odpowiedzi, kt\u00f3re umo\u017cliwia niezale\u017cne i skuteczne rozwi\u0105zywanie zapyta\u0144.<\/p>\n<h2>Twoja opinia ma znaczenie: zg\u0142aszanie problem\u00f3w i sugestii<\/h2>\n<p>RocketPlay Casino ceni ci\u0105g\u0142e doskonalenie, a Twoja opinia jest kluczowa dla poprawy naszych wra\u017ce\u0144 z gry. Je\u015bli napotkasz jakiekolwiek problemy lub masz sugestie dotycz\u0105ce ulepsze\u0144, zach\u0119camy do zg\u0142aszania ich za po\u015brednictwem naszych dedykowanych kana\u0142\u00f3w.<\/p>\n<h2>Zg\u0142o\u015b b\u0142\u0105d: pomoc w zapewnieniu p\u0142ynnego uruchomienia<\/h2>\n<p>Je\u015bli podczas gry natkniesz si\u0119 na jakiekolwiek usterki techniczne lub b\u0142\u0119dy, zg\u0142o\u015b je nam. Twoja czujno\u015b\u0107 pomo\u017ce nam zapewni\u0107 bezproblemowe uruchomienie i utrzyma\u0107 wysoki standard jako\u015bci, kt\u00f3ry RocketPlay Casino stara si\u0119 zapewni\u0107.<\/p>\n<p>Skontaktuj si\u0119 z RocketPlay Casino ju\u017c dzi\u015b \u2013 Twoja brama do niezr\u00f3wnanego wsparcia i lepszych wra\u017ce\u0144 z gry.<\/p>\n","protected":false},"excerpt":{"rendered":"<p>Wyrusz w podr\u00f3\u017c zapewniaj\u0105c\u0105 doskona\u0142\u0105 obs\u0142ug\u0119 klienta w RocketPlay Casino, gdzie Twoja satysfakcja jest naszym priorytetem. Nasza strona \u201eKontakt\u201d zosta\u0142a starannie zaprojektowana, aby zapewni\u0107 \u0142atwy dost\u0119p do pomocy, dzi\u0119ki czemu Twoje wra\u017cenia z gry w RocketPlay pozostan\u0105 znakomite. Po\u0142\u0105cz si\u0119 natychmiast: obs\u0142uga czatu na \u017cywo Kasyno RocketPlay rozumie warto\u015b\u0107 pomocy w czasie rzeczywistym, dlatego nasza&#8230;<\/p>\n","protected":false},"author":1,"featured_media":0,"parent":0,"menu_order":0,"comment_status":"closed","ping_status":"closed","template":"","meta":{"_acf_changed":false,"_kad_post_transparent":"default","_kad_post_title":"default","_kad_post_layout":"default","_kad_post_sidebar_id":"","_kad_post_content_style":"default","_kad_post_vertical_padding":"default","_kad_post_feature":"","_kad_post_feature_position":"","_kad_post_header":false,"_kad_post_footer":false,"footnotes":""},"class_list":["post-4347","page","type-page","status-publish","hentry"],"acf":[],"rttpg_featured_image_url":null,"rttpg_author":{"display_name":"John","author_link":"https:\/\/rocketplay-new.com\/pl\/author\/pemvas95n89x\/"},"rttpg_comment":0,"rttpg_category":null,"rttpg_excerpt":"Wyrusz w podr\u00f3\u017c zapewniaj\u0105c\u0105 doskona\u0142\u0105 obs\u0142ug\u0119 klienta w RocketPlay Casino, gdzie Twoja satysfakcja jest naszym priorytetem. Nasza strona \u201eKontakt\u201d zosta\u0142a starannie zaprojektowana, aby zapewni\u0107 \u0142atwy dost\u0119p do pomocy, dzi\u0119ki czemu Twoje wra\u017cenia z gry w RocketPlay pozostan\u0105 znakomite. Po\u0142\u0105cz si\u0119 natychmiast: obs\u0142uga czatu na \u017cywo Kasyno RocketPlay rozumie warto\u015b\u0107 pomocy w czasie rzeczywistym, dlatego nasza...","_links":{"self":[{"href":"https:\/\/rocketplay-new.com\/pl\/wp-json\/wp\/v2\/pages\/4347","targetHints":{"allow":["GET"]}}],"collection":[{"href":"https:\/\/rocketplay-new.com\/pl\/wp-json\/wp\/v2\/pages"}],"about":[{"href":"https:\/\/rocketplay-new.com\/pl\/wp-json\/wp\/v2\/types\/page"}],"author":[{"embeddable":true,"href":"https:\/\/rocketplay-new.com\/pl\/wp-json\/wp\/v2\/users\/1"}],"replies":[{"embeddable":true,"href":"https:\/\/rocketplay-new.com\/pl\/wp-json\/wp\/v2\/comments?post=4347"}],"version-history":[{"count":1,"href":"https:\/\/rocketplay-new.com\/pl\/wp-json\/wp\/v2\/pages\/4347\/revisions"}],"predecessor-version":[{"id":4348,"href":"https:\/\/rocketplay-new.com\/pl\/wp-json\/wp\/v2\/pages\/4347\/revisions\/4348"}],"wp:attachment":[{"href":"https:\/\/rocketplay-new.com\/pl\/wp-json\/wp\/v2\/media?parent=4347"}],"curies":[{"name":"wp","href":"https:\/\/api.w.org\/{rel}","templated":true}]}}