{"id":4329,"date":"2024-01-19T14:22:19","date_gmt":"2024-01-19T11:22:19","guid":{"rendered":"https:\/\/rocketplay-new.com\/bonus-policy\/"},"modified":"2024-01-19T21:55:04","modified_gmt":"2024-01-19T18:55:04","slug":"bonus-policy","status":"publish","type":"page","link":"https:\/\/rocketplay-new.com\/pl\/bonus-policy\/","title":{"rendered":"Polityka bonusowa"},"content":{"rendered":"<p>W dynamicznym \u015bwiecie kasyn online RocketPlay Casino jawi si\u0119 jako znakomita platforma, kt\u00f3ra nie tylko urzeka graczy szeregiem ekscytuj\u0105cych gier, ale tak\u017ce oferuje kusz\u0105c\u0105 polityk\u0119 bonusow\u0105. Ta polityka podnosi poziom wra\u017ce\u0144 z gry, zapewniaj\u0105c graczom dodatkow\u0105 warto\u015b\u0107 i mo\u017cliwo\u015bci wygrania du\u017cych wygranych. Zag\u0142\u0119bmy si\u0119 w szczeg\u00f3\u0142y polityki bonusowej kasyna RocketPlay, badaj\u0105c r\u00f3\u017cne bonusy i promocje, kt\u00f3re czekaj\u0105 na graczy w tej kosmicznej podr\u00f3\u017cy w grach.<\/p>\n<h2>Witamy w RocketPlay Galaxy: bonus za rejestracj\u0119<\/h2>\n<p>Rozpocz\u0119cie przygody z RocketPlay rozpoczyna si\u0119 od niebia\u0144skiego powitania w postaci bonusu za rejestracj\u0119. Jako nowy gracz zostaniesz powitany zwi\u0119kszeniem swojego pocz\u0105tkowego depozytu, co wyniesie Twoje fundusze na gr\u0119 na nowy poziom. Bonus ten s\u0142u\u017cy jako punkt wyj\u015bcia do eksploracji, pozwalaj\u0105c Ci przetestowa\u0107 wody i odkry\u0107 szerok\u0105 gam\u0119 gier oferowanych przez RocketPlay Casino. Jednak konieczne jest dok\u0142adne zapoznanie si\u0119 z warunkami zwi\u0105zanymi z premi\u0105 za rejestracj\u0119, aby w pe\u0142ni wykorzysta\u0107 t\u0119 kosmiczn\u0105 mo\u017cliwo\u015b\u0107.<\/p>\n<h2>Nap\u0119dzanie zabawy: bonusy od depozytu<\/h2>\n<p>Kasyno RocketPlay wierzy w utrzymanie emocji przy \u017cyciu, nawet po pierwszym wybuchu. Dlatego gracze mog\u0105 cieszy\u0107 si\u0119 bonusami depozytowymi, kt\u00f3re dodaj\u0105 paliwa rakietowego do ich wysi\u0142k\u00f3w w grach. Premie te s\u0105 cz\u0119sto skonstruowane tak, aby odpowiada\u0142y procentowi Twoich depozyt\u00f3w, zwi\u0119kszaj\u0105c Twoj\u0105 si\u0142\u0119 gry ponad zwyczajn\u0105. Regularne promocje zapewniaj\u0105 graczom ci\u0105g\u0142e mo\u017cliwo\u015bci ubiegania si\u0119 o te bonusy, zapewniaj\u0105c ci\u0105g\u0142e emocje i nagrody.<\/p>\n<h2>Poruszanie si\u0119 po galaktyce bonus\u00f3w: programy lojalno\u015bciowe<\/h2>\n<p>Kasyno RocketPlay ceni lojalno\u015b\u0107 swoich graczy i opracowa\u0142o innowacyjny Program Lojalno\u015bciowy, aby nagradza\u0107 tych, kt\u00f3rzy kontynuuj\u0105 eksploracj\u0119 kosmicznego wszech\u015bwiata gier. Kr\u0119c\u0105c si\u0119 wok\u00f3\u0142 b\u0119bn\u00f3w i sto\u0142\u00f3w, b\u0119dziesz gromadzi\u0107 punkty lojalno\u015bciowe, kt\u00f3re b\u0119dziesz m\u00f3g\u0142 wymieni\u0107 na wspania\u0142e nagrody. Mog\u0105 one obejmowa\u0107 dodatkowe bonusy, darmowe spiny lub ekskluzywny dost\u0119p do wydarze\u0144 VIP. Program lojalno\u015bciowy to spos\u00f3b RocketPlay na wyra\u017cenie wdzi\u0119czno\u015bci za Twoj\u0105 ci\u0105g\u0142\u0105 kosmiczn\u0105 lojalno\u015b\u0107.<\/p>\n<h2>Gwiezdna niespodzianka: bonusy darmowych spin\u00f3w<\/h2>\n<p>W galaktyce RocketPlay niespodzianki pojawiaj\u0105 si\u0119 w postaci bonus\u00f3w darmowych spin\u00f3w, dzi\u0119ki kt\u00f3rym gracze mog\u0105 wyruszy\u0107 w ekscytuj\u0105ce kosmiczne podr\u00f3\u017ce, nie wyczerpuj\u0105c przy tym swoich \u015brodk\u00f3w na gr\u0119. Niezale\u017cnie od tego, czy s\u0105 powi\u0105zane z konkretnymi grami, czy oferowane w ramach promocji, bonusy darmowych spin\u00f3w ekscytuj\u0105 Twoje wra\u017cenia z gry. Obejrzyj stron\u0119 z promocjami, aby wykorzysta\u0107 te mo\u017cliwo\u015bci i utorowa\u0107 sobie drog\u0119 do astronomicznych zwyci\u0119stw.<\/p>\n<h2>Wymagania dotycz\u0105ce zak\u0142ad\u00f3w: nawigacja w warunkach kosmicznych<\/h2>\n<p>Podczas gdy RocketPlay Casino pokazuje graczom kosmiczne bonusy, poruszanie si\u0119 po kosmicznych warunkach znanych jako wymagania dotycz\u0105ce zak\u0142ad\u00f3w jest niezb\u0119dne. Wymagania te okre\u015blaj\u0105, ile razy musisz zagra\u0107 za pomoc\u0105 \u015brodk\u00f3w bonusowych, zanim b\u0119dziesz uprawniony do wyp\u0142aty wygranych. Rozumiej\u0105c i spe\u0142niaj\u0105c te warunki, gracze mog\u0105 zapewni\u0107 p\u0142ynn\u0105 podr\u00f3\u017c przez galaktyk\u0119 RocketPlay, zamieniaj\u0105c bonusy w wymierne nagrody.<\/p>\n<h2>Kody startowe i kody bonusowe: \u0142amanie kosmicznego szyfru<\/h2>\n<p>Kasyno RocketPlay wykorzystuje genialny system kod\u00f3w bonusowych i kod\u00f3w startowych, aby odblokowa\u0107 ekskluzywne bonusy i promocje. Monitoruj kana\u0142y komunikacji, w tym biuletyny i media spo\u0142eczno\u015bciowe, aby otrzymywa\u0107 te kody i poprawia\u0107 wra\u017cenia z gry. Kody bonusowe mo\u017cna wprowadzi\u0107 podczas procesu depozytu, natomiast kody startowe mog\u0105 ujawni\u0107 bonusy-niespodzianki lub promocje ograniczone czasowo. Zachowaj czujno\u015b\u0107; mo\u017cesz z\u0142ama\u0107 kosmiczny szyfr i zdoby\u0107 niezwyk\u0142e nagrody.<\/p>\n<h2>Mg\u0142awica VIP: Awans do elitarnego statusu galaktycznego<\/h2>\n<p>Najbardziej oddanym graczom poszukuj\u0105cym elitarnych wra\u017ce\u0144 w grach RocketPlay Casino oferuje ekskluzywny program VIP znany jako VIP Nebula. Tylko na zaproszenie program ten zapewnia graczom VIP spersonalizowane korzy\u015bci, ulepszone bonusy, szybsze wyp\u0142aty i dost\u0119p do wydarze\u0144 tylko dla VIP-\u00f3w. Wejd\u017a do Mg\u0142awicy VIP, a znajdziesz si\u0119 w towarzystwie kosmicznych graczy o wysokich stawkach, ciesz\u0105c si\u0119 gr\u0105, kt\u00f3ra jest naprawd\u0119 nie z tego \u015bwiata.<\/p>\n<h2>Doskona\u0142e \u015brodki bezpiecze\u0144stwa: uczciwa gra i odpowiedzialna gra<\/h2>\n<p>Kasyno RocketPlay stara si\u0119 zapewni\u0107 uczciw\u0105 gr\u0119 i promowa\u0107 odpowiedzialn\u0105 gr\u0119 w szerokiej gamie gier online. Polityka dotycz\u0105ca premii ma na celu zapewnienie rozrywki i utrzymanie integralno\u015bci rozgrywki. Wprowadzono rygorystyczne \u015brodki bezpiecze\u0144stwa, aby zapobiec nadu\u017cywaniu bonus\u00f3w i stworzy\u0107 r\u00f3wne szanse dla wszystkich graczy. RocketPlay zach\u0119ca do odpowiedzialnych praktyk w grach, udost\u0119pniaj\u0105c narz\u0119dzia i zasoby promuj\u0105ce zdrowe \u015brodowisko gier.<\/p>\n<h2>Wznie\u015b si\u0119 na nowy poziom dzi\u0119ki bonusom kasynowym RocketPlay<\/h2>\n<p>Polityka bonusowa kasyna RocketPlay jest \u015bwiadectwem jego zaanga\u017cowania w zapewnianie graczom niezwyk\u0142ych wra\u017ce\u0144 z gry. Od chwili rejestracji i niebia\u0144skiego powitania w bie\u017c\u0105cych nagrodach poprzez programy lojalno\u015bciowe i bonusy od depozytu, RocketPlay Casino gwarantuje, \u017ce podr\u00f3\u017c ka\u017cdego gracza b\u0119dzie pe\u0142na emocji i kosmicznych niespodzianek. Podczas poruszania si\u0119 po Galaktyce bonusowej pami\u0119taj o przestrzeganiu wymaga\u0144 dotycz\u0105cych zak\u0142ad\u00f3w i wypatruj kod\u00f3w bonusowych i kod\u00f3w startowych, kt\u00f3re mog\u0105 odblokowa\u0107 ekskluzywne nagrody. Niezale\u017cnie od tego, czy jeste\u015b zwyk\u0142ym odkrywc\u0105, czy cz\u0142onkiem VIP Nebula, RocketPlay Casino zaprasza Ci\u0119 do wzniesienia si\u0119 na nowy poziom i odkrycia nieograniczonych emocji kosmicznego wszech\u015bwiata gier.<\/p>\n","protected":false},"excerpt":{"rendered":"<p>W dynamicznym \u015bwiecie kasyn online RocketPlay Casino jawi si\u0119 jako znakomita platforma, kt\u00f3ra nie tylko urzeka graczy szeregiem ekscytuj\u0105cych gier, ale tak\u017ce oferuje kusz\u0105c\u0105 polityk\u0119 bonusow\u0105. Ta polityka podnosi poziom wra\u017ce\u0144 z gry, zapewniaj\u0105c graczom dodatkow\u0105 warto\u015b\u0107 i mo\u017cliwo\u015bci wygrania du\u017cych wygranych. Zag\u0142\u0119bmy si\u0119 w szczeg\u00f3\u0142y polityki bonusowej kasyna RocketPlay, badaj\u0105c r\u00f3\u017cne bonusy i promocje,&#8230;<\/p>\n","protected":false},"author":1,"featured_media":0,"parent":0,"menu_order":0,"comment_status":"closed","ping_status":"closed","template":"","meta":{"_acf_changed":false,"_kad_post_transparent":"default","_kad_post_title":"default","_kad_post_layout":"default","_kad_post_sidebar_id":"","_kad_post_content_style":"default","_kad_post_vertical_padding":"default","_kad_post_feature":"","_kad_post_feature_position":"","_kad_post_header":false,"_kad_post_footer":false,"footnotes":""},"class_list":["post-4329","page","type-page","status-publish","hentry"],"acf":[],"rttpg_featured_image_url":null,"rttpg_author":{"display_name":"John","author_link":"https:\/\/rocketplay-new.com\/pl\/author\/pemvas95n89x\/"},"rttpg_comment":0,"rttpg_category":null,"rttpg_excerpt":"W dynamicznym \u015bwiecie kasyn online RocketPlay Casino jawi si\u0119 jako znakomita platforma, kt\u00f3ra nie tylko urzeka graczy szeregiem ekscytuj\u0105cych gier, ale tak\u017ce oferuje kusz\u0105c\u0105 polityk\u0119 bonusow\u0105. Ta polityka podnosi poziom wra\u017ce\u0144 z gry, zapewniaj\u0105c graczom dodatkow\u0105 warto\u015b\u0107 i mo\u017cliwo\u015bci wygrania du\u017cych wygranych. Zag\u0142\u0119bmy si\u0119 w szczeg\u00f3\u0142y polityki bonusowej kasyna RocketPlay, badaj\u0105c r\u00f3\u017cne bonusy i promocje,...","_links":{"self":[{"href":"https:\/\/rocketplay-new.com\/pl\/wp-json\/wp\/v2\/pages\/4329","targetHints":{"allow":["GET"]}}],"collection":[{"href":"https:\/\/rocketplay-new.com\/pl\/wp-json\/wp\/v2\/pages"}],"about":[{"href":"https:\/\/rocketplay-new.com\/pl\/wp-json\/wp\/v2\/types\/page"}],"author":[{"embeddable":true,"href":"https:\/\/rocketplay-new.com\/pl\/wp-json\/wp\/v2\/users\/1"}],"replies":[{"embeddable":true,"href":"https:\/\/rocketplay-new.com\/pl\/wp-json\/wp\/v2\/comments?post=4329"}],"version-history":[{"count":2,"href":"https:\/\/rocketplay-new.com\/pl\/wp-json\/wp\/v2\/pages\/4329\/revisions"}],"predecessor-version":[{"id":4331,"href":"https:\/\/rocketplay-new.com\/pl\/wp-json\/wp\/v2\/pages\/4329\/revisions\/4331"}],"wp:attachment":[{"href":"https:\/\/rocketplay-new.com\/pl\/wp-json\/wp\/v2\/media?parent=4329"}],"curies":[{"name":"wp","href":"https:\/\/api.w.org\/{rel}","templated":true}]}}