{"id":4302,"date":"2024-01-19T14:17:15","date_gmt":"2024-01-19T11:17:15","guid":{"rendered":"https:\/\/rocketplay-new.com\/aml-policy\/"},"modified":"2024-01-19T21:35:25","modified_gmt":"2024-01-19T18:35:25","slug":"aml-policy","status":"publish","type":"page","link":"https:\/\/rocketplay-new.com\/pl\/aml-policy\/","title":{"rendered":"Polityka przeciwdzia\u0142ania praniu pieni\u0119dzy"},"content":{"rendered":"<p>W dynamicznym \u015bwiecie kasyn online bezpiecze\u0144stwo i przejrzysto\u015b\u0107 stanowi\u0105 podstaw\u0119 godnej zaufania rozgrywki. RocketPlay Casino zdaje sobie spraw\u0119 z ogromnej wagi ochrony swoich graczy i utrzymywania integralno\u015bci swojej platformy. Wdro\u017cenie solidnej polityki przeciwdzia\u0142ania praniu pieni\u0119dzy (AML) ma kluczowe znaczenie dla realizacji tego zobowi\u0105zania. Niniejsza polityka jest zgodna z wymogami prawnymi i wykracza poza to, aby stworzy\u0107 bezpieczne i uczciwe \u015brodowisko gry dla wszystkich uczestnik\u00f3w.<\/p>\n<h2>Wprowadzenie do zasad przeciwdzia\u0142ania praniu pieni\u0119dzy w kasynie RocketPlay<\/h2>\n<p>Kasyno RocketPlay k\u0142adzie nacisk na uczciwo\u015b\u0107 i uczciw\u0105 gr\u0119, a jego polityka AML stanowi zabezpieczenie przed nielegaln\u0105 dzia\u0142alno\u015bci\u0105 finansow\u0105. Polityka AML ma na celu wykrywanie i zapobieganie wszelkim pr\u00f3bom prania pieni\u0119dzy, zapewniaj\u0105c, \u017ce platforma pozostanie nieska\u017cona nadu\u017cyciami finansowymi.<\/p>\n<h2>Zgodno\u015b\u0107 ze standardami regulacyjnymi<\/h2>\n<p>Aby wzmocni\u0107 swoje zaanga\u017cowanie w uczciwo\u015b\u0107, RocketPlay Casino \u015bci\u015ble przestrzega wszystkich odpowiednich standard\u00f3w i wymaga\u0144 regulacyjnych. Polityka AML jest regularnie aktualizowana, aby dostosowa\u0107 j\u0105 do najnowszych ram prawnych, co odzwierciedla zaanga\u017cowanie kasyna w wyprzedzenie konkurencji w stale zmieniaj\u0105cym si\u0119 krajobrazie przepis\u00f3w dotycz\u0105cych gier online.<\/p>\n<h2>Procedury Poznaj swojego klienta (KYC)<\/h2>\n<p>RocketPlay Casino stosuje rygorystyczne procedury KYC jako integraln\u0105 cz\u0119\u015b\u0107 swoich ram AML. Zanim gracz b\u0119dzie m\u00f3g\u0142 w pe\u0142ni zaanga\u017cowa\u0107 si\u0119 w rozgrywk\u0119, musi przej\u015b\u0107 dok\u0142adny proces weryfikacji. Proces ten obejmuje przes\u0142anie dokument\u00f3w identyfikacyjnych, potwierdzenia adresu i innych istotnych informacji, co gwarantuje, \u017ce to\u017csamo\u015b\u0107 ka\u017cdego gracza zostanie zweryfikowana z du\u017cym stopniem pewno\u015bci.<\/p>\n<h2>Monitorowanie i raportowanie transakcji<\/h2>\n<p>Polityka AML kasyna obejmuje czujne monitorowanie wszystkich transakcji finansowych na platformie. Zaawansowane algorytmy i narz\u0119dzia analityczne s\u0142u\u017c\u0105 do identyfikowania wzorc\u00f3w i anomalii, kt\u00f3re mog\u0105 wskazywa\u0107 na potencjalne dzia\u0142ania zwi\u0105zane z praniem pieni\u0119dzy. Wszelkie podejrzane transakcje s\u0105 natychmiast zg\u0142aszane odpowiednim w\u0142adzom, co \u015bwiadczy o zaanga\u017cowaniu RocketPlay Casino we wsp\u00f3\u0142prac\u0119 z organami regulacyjnymi w celu zwalczania przest\u0119pczo\u015bci finansowej.<\/p>\n<h2>Podej\u015bcie oparte na ryzyku<\/h2>\n<p>RocketPlay Casino przyjmuje podej\u015bcie do przeciwdzia\u0142ania praniu pieni\u0119dzy oparte na ryzyku, dostosowuj\u0105c swoje \u015brodki zapobiegawcze do poziomu ryzyka zwi\u0105zanego z ka\u017cdym graczem i transakcj\u0105. Ta zr\u00f3\u017cnicowana strategia pozwala kasynu na efektywn\u0105 alokacj\u0119 zasob\u00f3w, koncentruj\u0105c si\u0119 bardziej na dzia\u0142aniach o wy\u017cszym ryzyku, zapewniaj\u0105c jednocze\u015bnie usprawnione wra\u017cenia graczom niskiego ryzyka.<\/p>\n<h2>Szkolenie i \u015bwiadomo\u015b\u0107 personelu<\/h2>\n<p>Skuteczno\u015b\u0107 ka\u017cdej polityki AML zale\u017cy od zbiorowej czujno\u015bci ca\u0142ego zespo\u0142u. RocketPlay Casino inwestuje w kompleksowe programy szkoleniowe, aby zapewni\u0107, \u017ce jego pracownicy s\u0105 dobrze zorientowani w rozpoznawaniu i reagowaniu na potencjalne ryzyko prania pieni\u0119dzy. Ci\u0105g\u0142e kampanie edukacyjne i u\u015bwiadamiaj\u0105ce sprzyjaj\u0105 kulturze przestrzegania przepis\u00f3w i staranno\u015bci w ca\u0142ej organizacji.<\/p>\n<h2>Wi\u0119ksza nale\u017cyta staranno\u015b\u0107 w przypadku klient\u00f3w wysokiego ryzyka<\/h2>\n<p>Uznaj\u0105c, \u017ce konkretni klienci mog\u0105 stwarza\u0107 wi\u0119ksze ryzyko zaanga\u017cowania w pranie pieni\u0119dzy, RocketPlay Casino wdra\u017ca w stosunku do takich os\u00f3b wzmocnione \u015brodki nale\u017cytej staranno\u015bci. Obejmuje to dodatkow\u0105 kontrol\u0119 ich transakcji finansowych, \u017ar\u00f3d\u0142a funduszy i innych istotnych czynnik\u00f3w. Zachowuj\u0105c ostro\u017cno\u015b\u0107 w kontaktach z klientami wysokiego ryzyka, kasyno chroni swoje ramy AML.<\/p>\n<h2>Wsp\u00f3\u0142praca z organami \u015bcigania<\/h2>\n<p>Kasyno RocketPlay utrzymuje otwarte linie komunikacji z organami \u015bcigania, dziel\u0105c si\u0119 w razie potrzeby informacjami na temat potencjalnych dzia\u0142a\u0144 zwi\u0105zanych z praniem pieni\u0119dzy. To oparte na wsp\u00f3\u0142pracy podej\u015bcie nie tylko wzmacnia wysi\u0142ki kasyna w zakresie przeciwdzia\u0142ania praniu pieni\u0119dzy, ale tak\u017ce przyczynia si\u0119 do szerzej zakrojonych wysi\u0142k\u00f3w bran\u017cy gier i organ\u00f3w regulacyjnych w zakresie zwalczania przest\u0119pczo\u015bci finansowej.<\/p>\n<h2>Przejrzysto\u015b\u0107 i komunikacja z graczami<\/h2>\n<p>Przejrzysta komunikacja ma fundamentalne znaczenie dla budowania zaufania mi\u0119dzy kasynem a jego graczami. RocketPlay Casino zapewnia, \u017ce gracze s\u0105 \u015bwiadomi obowi\u0105zuj\u0105cych \u015brodk\u00f3w przeciwdzia\u0142ania praniu pieni\u0119dzy, co wzmacnia poczucie pewno\u015bci co do uczciwo\u015bci i bezpiecze\u0144stwa \u015brodowiska gier. Jasna komunikacja zawiera tak\u017ce wytyczne dotycz\u0105ce odpowiedzialnej gry i konsekwencji anga\u017cowania si\u0119 w niedozwolon\u0105 dzia\u0142alno\u015b\u0107 finansow\u0105.<\/p>\n<h2>Ci\u0105g\u0142e doskonalenie i adaptacja<\/h2>\n<p>W stale zmieniaj\u0105cym si\u0119 krajobrazie gier online i przepis\u00f3w finansowych, RocketPlay Casino pozostaje zaanga\u017cowane w ci\u0105g\u0142e doskonalenie. Polityka AML poddawana jest regularnym przegl\u0105dom, a kasyno skutecznie dostosowuje swoje strategie do pojawiaj\u0105cych si\u0119 zagro\u017ce\u0144 i wyzwa\u0144. To proaktywne podej\u015bcie gwarantuje, \u017ce RocketPlay Casino pozostaje liderem w zakresie zgodno\u015bci z przepisami AML, zapewniaj\u0105c graczom bezpieczne i przyjemne wra\u017cenia z gry.<\/p>\n<p>Polityka AML kasyna RocketPlay jest \u015bwiadectwem jego niezachwianego zaanga\u017cowania w zapewnianie bezpiecznego i uczciwego \u015brodowiska gier. Kasyno spe\u0142nia, a nawet przewy\u017csza standardy regulacyjne, \u0142\u0105cz\u0105c najnowocze\u015bniejsz\u0105 technologi\u0119 z kompleksowym i adaptacyjnym podej\u015bciem do przeciwdzia\u0142ania praniu pieni\u0119dzy. Gdy gracze zanurz\u0105 si\u0119 w dreszczyku emocji zwi\u0105zanym z grami w RocketPlay Casino, mog\u0105 to robi\u0107 z pewno\u015bci\u0105, \u017ce solidna i proaktywna polityka AML chroni ich transakcje finansowe.<\/p>\n","protected":false},"excerpt":{"rendered":"<p>W dynamicznym \u015bwiecie kasyn online bezpiecze\u0144stwo i przejrzysto\u015b\u0107 stanowi\u0105 podstaw\u0119 godnej zaufania rozgrywki. RocketPlay Casino zdaje sobie spraw\u0119 z ogromnej wagi ochrony swoich graczy i utrzymywania integralno\u015bci swojej platformy. Wdro\u017cenie solidnej polityki przeciwdzia\u0142ania praniu pieni\u0119dzy (AML) ma kluczowe znaczenie dla realizacji tego zobowi\u0105zania. Niniejsza polityka jest zgodna z wymogami prawnymi i wykracza poza to, aby&#8230;<\/p>\n","protected":false},"author":1,"featured_media":0,"parent":0,"menu_order":0,"comment_status":"closed","ping_status":"closed","template":"","meta":{"_acf_changed":false,"_kad_post_transparent":"default","_kad_post_title":"default","_kad_post_layout":"default","_kad_post_sidebar_id":"","_kad_post_content_style":"default","_kad_post_vertical_padding":"default","_kad_post_feature":"","_kad_post_feature_position":"","_kad_post_header":false,"_kad_post_footer":false,"footnotes":""},"class_list":["post-4302","page","type-page","status-publish","hentry"],"acf":[],"rttpg_featured_image_url":null,"rttpg_author":{"display_name":"John","author_link":"https:\/\/rocketplay-new.com\/pl\/author\/pemvas95n89x\/"},"rttpg_comment":0,"rttpg_category":null,"rttpg_excerpt":"W dynamicznym \u015bwiecie kasyn online bezpiecze\u0144stwo i przejrzysto\u015b\u0107 stanowi\u0105 podstaw\u0119 godnej zaufania rozgrywki. RocketPlay Casino zdaje sobie spraw\u0119 z ogromnej wagi ochrony swoich graczy i utrzymywania integralno\u015bci swojej platformy. Wdro\u017cenie solidnej polityki przeciwdzia\u0142ania praniu pieni\u0119dzy (AML) ma kluczowe znaczenie dla realizacji tego zobowi\u0105zania. Niniejsza polityka jest zgodna z wymogami prawnymi i wykracza poza to, aby...","_links":{"self":[{"href":"https:\/\/rocketplay-new.com\/pl\/wp-json\/wp\/v2\/pages\/4302","targetHints":{"allow":["GET"]}}],"collection":[{"href":"https:\/\/rocketplay-new.com\/pl\/wp-json\/wp\/v2\/pages"}],"about":[{"href":"https:\/\/rocketplay-new.com\/pl\/wp-json\/wp\/v2\/types\/page"}],"author":[{"embeddable":true,"href":"https:\/\/rocketplay-new.com\/pl\/wp-json\/wp\/v2\/users\/1"}],"replies":[{"embeddable":true,"href":"https:\/\/rocketplay-new.com\/pl\/wp-json\/wp\/v2\/comments?post=4302"}],"version-history":[{"count":2,"href":"https:\/\/rocketplay-new.com\/pl\/wp-json\/wp\/v2\/pages\/4302\/revisions"}],"predecessor-version":[{"id":4304,"href":"https:\/\/rocketplay-new.com\/pl\/wp-json\/wp\/v2\/pages\/4302\/revisions\/4304"}],"wp:attachment":[{"href":"https:\/\/rocketplay-new.com\/pl\/wp-json\/wp\/v2\/media?parent=4302"}],"curies":[{"name":"wp","href":"https:\/\/api.w.org\/{rel}","templated":true}]}}