{"id":4276,"date":"2024-01-19T11:44:56","date_gmt":"2024-01-19T08:44:56","guid":{"rendered":"https:\/\/rocketplay-new.com\/about-us\/"},"modified":"2025-11-17T18:02:14","modified_gmt":"2025-11-17T15:02:14","slug":"about-us","status":"publish","type":"page","link":"https:\/\/rocketplay-new.com\/pl\/about-us\/","title":{"rendered":"O nas"},"content":{"rendered":"<p>Witamy w kasynie RocketPlay, gdzie dreszczyk emocji zwi\u0105zany z grami osi\u0105ga nowy poziom. Odkryj wszech\u015bwiat rozrywki, innowacji i niezr\u00f3wnanych emocji. Odkryj, dlaczego RocketPlay Casino jest najlepszym miejscem dla graczy poszukuj\u0105cych niezwyk\u0142ych wra\u017ce\u0144 z gry.<\/p>\n<h2>Nasza misja: nowa definicja doskona\u0142o\u015bci w grach<\/h2>\n<p>W RocketPlay Casino nasza misja jest jasna: na nowo zdefiniowa\u0107 doskona\u0142o\u015b\u0107 gier. Staramy si\u0119 stworzy\u0107 dynamiczne, wci\u0105gaj\u0105ce \u015brodowisko, w kt\u00f3rym gracze mog\u0105 uciec od rzeczywisto\u015bci i wyruszy\u0107 na ekscytuj\u0105ce przygody. Nasze zaanga\u017cowanie w innowacje, uczciwo\u015b\u0107 i odpowiedzialn\u0105 gr\u0119 wyr\u00f3\u017cnia nas w bran\u017cy kasyn online.<\/p>\n<h2>Niezr\u00f3wnany wyb\u00f3r gier<\/h2>\n<p>Kasyno RocketPlay oferuje szeroki i r\u00f3\u017cnorodny wyb\u00f3r gier, kt\u00f3re zaspokoj\u0105 preferencje ka\u017cdego gracza. Od klasycznych gier sto\u0142owych po najnowocze\u015bniejsze automaty \u2013 nasze portfolio zosta\u0142o opracowane tak, aby zapewni\u0107 niezr\u00f3wnane wra\u017cenia z gry. Wsp\u00f3\u0142pracuj\u0105c z wiod\u0105cymi tw\u00f3rcami gier, zapewniamy, \u017ce nasza kolekcja jest zawsze na bie\u017c\u0105co z najnowszymi wydaniami, gwarantuj\u0105c ci\u0105g\u0142y strumie\u0144 emocji dla naszych graczy.<\/p>\n<h2>Najnowocze\u015bniejsza technologia<\/h2>\n<p>U podstaw RocketPlay Casino le\u017cy najnowocze\u015bniejsza technologia, kt\u00f3ra nap\u0119dza nasz\u0105 platform\u0119. Wykorzystujemy najnowocze\u015bniejsze oprogramowanie, aby zapewni\u0107 p\u0142ynn\u0105 rozgrywk\u0119, imponuj\u0105c\u0105 grafik\u0119 i intuicyjny interfejs u\u017cytkownika. Nasze zaanga\u017cowanie w innowacje technologiczne gwarantuje, \u017ce gracze b\u0119d\u0105 mogli cieszy\u0107 si\u0119 swoimi ulubionymi grami na r\u00f3\u017cnych urz\u0105dzeniach bez utraty jako\u015bci.<\/p>\n<h2>Fair Play i bezpiecze\u0144stwo<\/h2>\n<p>Uczciwo\u015b\u0107 i bezpiecze\u0144stwo s\u0105 najwa\u017cniejsze w RocketPlay Casino. Dzia\u0142amy zgodnie z zasad\u0105 fair play, korzystaj\u0105c z certyfikowanych generator\u00f3w liczb losowych, aby zagwarantowa\u0107, \u017ce ka\u017cdy wynik b\u0119dzie nieoczekiwany. Nasza bezpieczna i szyfrowana platforma chroni Twoje dane osobowe, pozwalaj\u0105c Ci skupi\u0107 si\u0119 na tym, co najwa\u017cniejsze \u2013 czerpaniu rado\u015bci z gry.<\/p>\n<h2>Nagrody RocketPlay: zwi\u0119ksz swoje wygrane<\/h2>\n<p>Nagrody RocketPlay to nasz spos\u00f3b na okazanie uznania naszym lojalnym graczom. Dzi\u0119ki wielopoziomowemu programowi lojalno\u015bciowemu gracze mog\u0105 odblokowa\u0107 ekskluzywne bonusy, spersonalizowane promocje i inne ekscytuj\u0105ce nagrody. Im wi\u0119cej grasz, tym wy\u017cej si\u0119 wspinasz i tym bardziej luksusowe staj\u0105 si\u0119 nagrody. Kasyno RocketPlay to nie tylko miejsce docelowe; to podr\u00f3\u017c pe\u0142na korzy\u015bci i przywilej\u00f3w.<\/p>\n<h2>Wci\u0105gaj\u0105ce wra\u017cenia z kasyna na \u017cywo<\/h2>\n<p>Nasze kasyno na \u017cywo to odpowied\u017a dla tych, kt\u00f3rzy szukaj\u0105 dreszczyku emocji w tradycyjnym kasynie w zaciszu w\u0142asnego domu. Wejd\u017a w interakcj\u0119 z profesjonalnymi krupierami, zanurz si\u0119 w atmosferze prawdziwego kasyna i ciesz si\u0119 grami takimi jak blackjack, ruletka i bakarat w czasie rzeczywistym. RocketPlay Casino przenosi autentyczne wra\u017cenia z kasyna na Tw\u00f3j ekran.<\/p>\n<h2>Promowanie odpowiedzialnej gry<\/h2>\n<p>Kasyno RocketPlay anga\u017cuje si\u0119 w promowanie praktyk odpowiedzialnej gry. Rozumiemy znaczenie gier jako formy rozrywki i rekreacji. Dzi\u0119ki narz\u0119dziom takim jak opcje samowykluczenia, limity depozyt\u00f3w i niezawodne zasoby do gier, umo\u017cliwiamy naszym graczom zachowanie kontroli nad swoimi nawykami w grach. Naszym celem jest, aby RocketPlay pozostawa\u0142 \u017ar\u00f3d\u0142em rado\u015bci i rozrywki.<\/p>\n<h2>Obs\u0142uga klienta 24 godziny na dob\u0119, 7 dni w tygodniu<\/h2>\n<p>W RocketPlay Casino Twoja satysfakcja jest naszym priorytetem. Nasz oddany zesp\u00f3\u0142 obs\u0142ugi klienta jest dost\u0119pny 24 godziny na dob\u0119, 7 dni w tygodniu, aby odpowiedzie\u0107 na wszelkie pytania i w\u0105tpliwo\u015bci. Niezale\u017cnie od tego, czy masz pytanie dotycz\u0105ce gry, potrzebujesz pomocy przy transakcji lub chcesz uzyska\u0107 opini\u0119, nasz zesp\u00f3\u0142 jest gotowy zapewni\u0107 szybk\u0105 i pomocn\u0105 pomoc. Twoje wra\u017cenia z gry s\u0105 w bezpiecznych r\u0119kach dzi\u0119ki RocketPlay Casino.<\/p>\n<h2>Globalna spo\u0142eczno\u015b\u0107, lokalny kontakt<\/h2>\n<p>RocketPlay Casino to nie tylko globalna platforma do gier; to spo\u0142eczno\u015b\u0107. Celebrujemy r\u00f3\u017cnorodno\u015b\u0107 i wspieramy graczy z ca\u0142ego \u015bwiata. Nasza platforma jest dost\u0119pna w wielu j\u0119zykach, a nasz zesp\u00f3\u0142 wsparcia biegle w\u0142ada r\u00f3\u017cnymi j\u0119zykami, aby ka\u017cdy gracz czu\u0142 si\u0119 jak w domu. Kasyno RocketPlay \u0142\u0105czy w sobie emocje globalnej spo\u0142eczno\u015bci graczy z lokalnym akcentem, kt\u00f3ry osobi\u015bcie przemawia do graczy.<\/p>\n<h2>Innowacje nigdy si\u0119 nie ko\u0144cz\u0105<\/h2>\n<p>Patrz\u0105c w przysz\u0142o\u015b\u0107, RocketPlay Casino nadal anga\u017cuje si\u0119 w przesuwanie granic innowacji. Nieustannie odkrywamy nowe technologie, koncepcje gier i funkcje, aby utrzyma\u0107 nasz\u0105 platform\u0119 w czo\u0142\u00f3wce bran\u017cy kasyn online. Dzi\u0119ki RocketPlay nie tylko grasz w dzisiejsze gry; spogl\u0105dasz w przysz\u0142o\u015b\u0107 gier online.<\/p>\n<h2>Do\u0142\u0105cz do przygody RocketPlay ju\u017c dzi\u015b!<\/h2>\n<p>Wyrusz w ekscytuj\u0105c\u0105 podr\u00f3\u017c z RocketPlay Casino i do\u015bwiadcz gier jak nigdy dot\u0105d. Nasze zaanga\u017cowanie w doskona\u0142o\u015b\u0107, uczciwo\u015b\u0107 i innowacyjno\u015b\u0107 gwarantuje, \u017ce ka\u017cda chwila sp\u0119dzona z nami b\u0119dzie pe\u0142na emocji i mo\u017cliwo\u015bci. Do\u0142\u0105cz do naszej spo\u0142eczno\u015bci poszukiwaczy mocnych wra\u017ce\u0144, odbierz nagrody RocketPlay i rozpocznij gr\u0119. Kasyno RocketPlay to miejsce, w kt\u00f3rym przygoda nigdy si\u0119 nie ko\u0144czy, a emocje nie znaj\u0105 granic.<\/p>\n","protected":false},"excerpt":{"rendered":"<p>Witamy w kasynie RocketPlay, gdzie dreszczyk emocji zwi\u0105zany z grami osi\u0105ga nowy poziom. Odkryj wszech\u015bwiat rozrywki, innowacji i niezr\u00f3wnanych emocji. Odkryj, dlaczego RocketPlay Casino jest najlepszym miejscem dla graczy poszukuj\u0105cych niezwyk\u0142ych wra\u017ce\u0144 z gry. Nasza misja: nowa definicja doskona\u0142o\u015bci w grach W RocketPlay Casino nasza misja jest jasna: na nowo zdefiniowa\u0107 doskona\u0142o\u015b\u0107 gier. Staramy si\u0119&#8230;<\/p>\n","protected":false},"author":1,"featured_media":0,"parent":0,"menu_order":0,"comment_status":"closed","ping_status":"closed","template":"","meta":{"_acf_changed":false,"_kad_post_transparent":"default","_kad_post_title":"default","_kad_post_layout":"default","_kad_post_sidebar_id":"","_kad_post_content_style":"default","_kad_post_vertical_padding":"default","_kad_post_feature":"","_kad_post_feature_position":"","_kad_post_header":false,"_kad_post_footer":false,"footnotes":""},"class_list":["post-4276","page","type-page","status-publish","hentry"],"acf":[],"rttpg_featured_image_url":null,"rttpg_author":{"display_name":"John","author_link":"https:\/\/rocketplay-new.com\/pl\/author\/pemvas95n89x\/"},"rttpg_comment":0,"rttpg_category":null,"rttpg_excerpt":"Witamy w kasynie RocketPlay, gdzie dreszczyk emocji zwi\u0105zany z grami osi\u0105ga nowy poziom. Odkryj wszech\u015bwiat rozrywki, innowacji i niezr\u00f3wnanych emocji. Odkryj, dlaczego RocketPlay Casino jest najlepszym miejscem dla graczy poszukuj\u0105cych niezwyk\u0142ych wra\u017ce\u0144 z gry. Nasza misja: nowa definicja doskona\u0142o\u015bci w grach W RocketPlay Casino nasza misja jest jasna: na nowo zdefiniowa\u0107 doskona\u0142o\u015b\u0107 gier. Staramy si\u0119...","_links":{"self":[{"href":"https:\/\/rocketplay-new.com\/pl\/wp-json\/wp\/v2\/pages\/4276","targetHints":{"allow":["GET"]}}],"collection":[{"href":"https:\/\/rocketplay-new.com\/pl\/wp-json\/wp\/v2\/pages"}],"about":[{"href":"https:\/\/rocketplay-new.com\/pl\/wp-json\/wp\/v2\/types\/page"}],"author":[{"embeddable":true,"href":"https:\/\/rocketplay-new.com\/pl\/wp-json\/wp\/v2\/users\/1"}],"replies":[{"embeddable":true,"href":"https:\/\/rocketplay-new.com\/pl\/wp-json\/wp\/v2\/comments?post=4276"}],"version-history":[{"count":1,"href":"https:\/\/rocketplay-new.com\/pl\/wp-json\/wp\/v2\/pages\/4276\/revisions"}],"predecessor-version":[{"id":4277,"href":"https:\/\/rocketplay-new.com\/pl\/wp-json\/wp\/v2\/pages\/4276\/revisions\/4277"}],"wp:attachment":[{"href":"https:\/\/rocketplay-new.com\/pl\/wp-json\/wp\/v2\/media?parent=4276"}],"curies":[{"name":"wp","href":"https:\/\/api.w.org\/{rel}","templated":true}]}}