{"id":3992,"date":"2023-01-13T23:29:50","date_gmt":"2023-01-13T20:29:50","guid":{"rendered":"https:\/\/rocketplay-new.com\/sport-betting\/volleyball\/"},"modified":"2025-04-02T16:03:25","modified_gmt":"2025-04-02T13:03:25","slug":"volleyball","status":"publish","type":"page","link":"https:\/\/rocketplay-new.com\/pl\/sport\/volleyball\/","title":{"rendered":"Przewodnik po zak\u0142adach dla pocz\u0105tkuj\u0105cych"},"content":{"rendered":"<p>Oto samouczek dotycz\u0105cy kurs\u00f3w bukmacherskich na siatk\u00f3wk\u0119 i innych osobliwo\u015bci. Spr\u00f3buj dowiedzie\u0107 si\u0119 wi\u0119cej przydatnych informacji i dowiedz si\u0119, jak zarabia\u0107 na sporcie pla\u017cowym. Pozwoli ci to cz\u0119\u015bciej uczestniczy\u0107 w s\u0142ynnych turniejach, uzyska\u0107 dodatkowe bonusy i og\u00f3lnie zwi\u0119kszy\u0107 zabaw\u0119.<\/p>\n<p style=\"text-align: center;\"><span style=\"font-weight: 400;\">\u00a0<div class=\"go-btn-container\"><div class=\"tosh-btn\"><a href=\"\/go-casino\/\" target=\"_blank\" rel=\"noopener\">GRAJ TERAZ<\/a><\/div><\/div> <\/span><\/p>\n<h2>JAK STAWIA\u0106 NA SIATK\u00d3WK\u0118<\/h2>\n<p>Najpierw zapoznaj si\u0119 z sekcj\u0105 dotycz\u0105c\u0105 typ\u00f3w bukmacherskich na siatk\u00f3wk\u0119 i dowiedz si\u0119, jak prawid\u0142owo zarz\u0105dza\u0107 swoim bud\u017cetem. Dzi\u0119ki mo\u017cliwo\u015bci panowania nad emocjami i zasobami mo\u017cesz efektywniej wykorzysta\u0107 wszystkie dost\u0119pne zak\u0142ady. Jednak tylko zarejestrowani u\u017cytkownicy mog\u0105 gra\u0107 na prawdziwe pieni\u0105dze.<\/p>\n<p>Aby utworzy\u0107 konto osobiste, wybierz odpowiedni\u0105 firm\u0119 hazardow\u0105 na naszej stronie internetowej i rozpocznij:<\/p>\n<ol>\n<li>Wprowad\u017a wszystkie dane osobowe, kt\u00f3re b\u0119d\u0105 potrzebne w przysz\u0142o\u015bci do weryfikacji konta. Dane zostan\u0105 sprawdzone krzy\u017cowo, wi\u0119c nale\u017cy zachowa\u0107 ostro\u017cno\u015b\u0107.<\/li>\n<li>Nast\u0119pnie wybierz odpowiednie wydarzenie w grze i przeanalizuj graczy i dru\u017cyny. Mo\u017cesz znale\u017a\u0107 s\u0142abo\u015b\u0107 w obronie przeciwnika i uzyska\u0107 doskona\u0142e szanse na swoj\u0105 zdolno\u015b\u0107 przewidywania wynik\u00f3w wydarzenia.<\/li>\n<li>Nast\u0119pnie skorzystaj z unikalnego systemu budowania zak\u0142adu za pomoc\u0105 kuponu. Nie zapomnij u\u017cy\u0107 karty kredytowej lub kryptowaluty, aby zasili\u0107 swoje konto.<\/li>\n<\/ol>\n<p>W przypadku zak\u0142ad\u00f3w na siatk\u00f3wk\u0119 mo\u017cesz r\u00f3wnie\u017c spr\u00f3bowa\u0107 uzyska\u0107 bonus od firmy hazardowej. Pomo\u017ce Ci to wielokrotnie skuteczniej zacz\u0105\u0107 korzysta\u0107 z r\u00f3\u017cnych technik od ekspert\u00f3w.<\/p>\n<p><img loading=\"lazy\" decoding=\"async\" class=\"aligncenter wp-image-4651\" src=\"https:\/\/rocketplay-new.com\/wp-content\/uploads\/2024\/02\/female-professional-volleyball-players-action-3d-stadium.jpg\" alt=\"Volleyball Betting\" width=\"800\" height=\"450\" srcset=\"https:\/\/rocketplay-new.com\/wp-content\/uploads\/2024\/02\/female-professional-volleyball-players-action-3d-stadium.jpg 1000w, https:\/\/rocketplay-new.com\/wp-content\/uploads\/2024\/02\/female-professional-volleyball-players-action-3d-stadium-300x169.jpg 300w, https:\/\/rocketplay-new.com\/wp-content\/uploads\/2024\/02\/female-professional-volleyball-players-action-3d-stadium-768x432.jpg 768w\" sizes=\"auto, (max-width: 800px) 100vw, 800px\" \/><\/p>\n<h2>JAK DZIA\u0141AJ\u0104 ZAK\u0141ADY NA SIATK\u00d3WK\u0118<\/h2>\n<p>Naj\u0142atwiejszym sposobem zrozumienia, jak dzia\u0142aj\u0105 najlepsze zak\u0142ady na siatk\u00f3wk\u0119 online, jest wykorzystanie w\u0142asnego do\u015bwiadczenia, wi\u0119c zarejestruj konto osobiste i postaw pierwszy zak\u0142ad. Mo\u017cesz wybra\u0107 minimaln\u0105 dost\u0119pn\u0105 kwot\u0119, kt\u00f3ra pozwoli Ci przetestowa\u0107 r\u00f3\u017cne mo\u017cliwo\u015bci systemu. Og\u00f3lnie logika jest do\u015b\u0107 prosta.<\/p>\n<p>Por\u00f3wnujesz swoje przypuszczenia z przewidywaniami firmy hazardowej. W zale\u017cno\u015bci od ujawnionych kurs\u00f3w, ka\u017cdy wynik ma swoje szanse, przez kt\u00f3re Tw\u00f3j zak\u0142ad zostanie pomno\u017cony. Je\u015bli wygrasz, odzyskasz sw\u00f3j zak\u0142ad i dodasz swoj\u0105 wygran\u0105. Strata oznacza, \u017ce kasyno zabiera twoje pieni\u0105dze. System jest do\u015b\u0107 uczciwy i przejrzysty.<\/p>\n<h2>WYJA\u015aNIENIE KURS\u00d3W NA SIATK\u00d3WK\u0118<\/h2>\n<p>U\u017cytkownicy cz\u0119sto maj\u0105 trudno\u015bci z podj\u0119ciem decyzji, ile dok\u0142adnie pozwol\u0105 im zarobi\u0107 promocje na zak\u0142ady na siatk\u00f3wk\u0119. W ko\u0144cu szanse pozostaj\u0105, wi\u0119c musisz r\u0119cznie obliczy\u0107 ka\u017cdy zak\u0142ad. Witryna automatycznie oblicza Tw\u00f3j zysk i ca\u0142kowity przych\u00f3d w kuponie. Na przyk\u0142ad, obstawiaj\u0105c 500 $ po kursie 1,5, mo\u017cesz otrzyma\u0107 750 $. Dwie\u015bcie pi\u0119\u0107dziesi\u0105t dolar\u00f3w b\u0119dzie twoim zyskiem, a 500 wr\u00f3ci na konto.<\/p>\n<p style=\"text-align: center;\"><span style=\"font-weight: 400;\">\u00a0<div class=\"go-btn-container\"><div class=\"tosh-btn\"><a href=\"\/go-casino\/\" target=\"_blank\" rel=\"noopener\">GRAJ TERAZ<\/a><\/div><\/div> <\/span><\/p>\n<h2>POPULARNE ZAK\u0141ADY NA SIATK\u00d3WK\u0118<\/h2>\n<p>Do najpopularniejszych zak\u0142ad\u00f3w nale\u017cy zaliczy\u0107 regularn\u0105 wygran\u0105 jednej z dru\u017cyn oraz sum\u0119 punkt\u00f3w. Te proste wyniki pozwalaj\u0105 graczom zarabia\u0107 setki tysi\u0119cy dolar\u00f3w dziennie. Bardziej skomplikowane wyniki cz\u0119sto maj\u0105 wi\u0119ksze szanse, ale ryzyko jest wi\u0119ksze. Przetestuj r\u00f3\u017cne opcje zak\u0142ad\u00f3w.<\/p>\n<h2>NAJPOPULARNIEJSZE TURNIEJE SIATK\u00d3WKI, NA KT\u00d3RE MO\u017bNA OBSTAWIA\u0106<\/h2>\n<p>Mo\u017cesz skorzysta\u0107 ze strategii zak\u0142ad\u00f3w na siatk\u00f3wk\u0119 w ka\u017cdym turnieju. A zatem warto zna\u0107 najbardziej utytu\u0142owane zawody w dyscyplinie sportowej:<\/p>\n<ul>\n<li>Igrzyska Olimpijskie;<\/li>\n<li>Mistrzostwa \u015awiata;<\/li>\n<li>Z\u0142ota kula.<\/li>\n<\/ul>\n<p>Spr\u00f3buj lepiej obejrze\u0107 transmisj\u0119, aby zrozumie\u0107 warunki i zasady gry. Pomo\u017ce Ci to efektywniej zarz\u0105dza\u0107 zasobami i zarabia\u0107 wi\u0119cej pieni\u0119dzy. B\u0119dziesz tak\u017ce mie\u0107 dost\u0119p do wielu wynik\u00f3w, poniewa\u017c firmy hazardowe s\u0105 zainteresowane przyci\u0105gni\u0119ciem maksymalnej liczby graczy do turniej\u00f3w \u015bwiatowej klasy.<\/p>\n<p><img loading=\"lazy\" decoding=\"async\" class=\"aligncenter wp-image-4660\" src=\"https:\/\/rocketplay-new.com\/wp-content\/uploads\/2024\/02\/girl-posing-with-volley-ball.jpg\" alt=\"Volleyball Betting 2\" width=\"800\" height=\"534\" srcset=\"https:\/\/rocketplay-new.com\/wp-content\/uploads\/2024\/02\/girl-posing-with-volley-ball.jpg 1000w, https:\/\/rocketplay-new.com\/wp-content\/uploads\/2024\/02\/girl-posing-with-volley-ball-300x200.jpg 300w, https:\/\/rocketplay-new.com\/wp-content\/uploads\/2024\/02\/girl-posing-with-volley-ball-768x513.jpg 768w\" sizes=\"auto, (max-width: 800px) 100vw, 800px\" \/><\/p>\n<h2>Cz\u0119sto zadawane pytania<\/h2>\n<p>Wi\u0119kszo\u015b\u0107 pocz\u0105tkuj\u0105cych zaczyna zadawa\u0107 ekspertom pytania po zarejestrowaniu si\u0119 i postawieniu pierwszego zak\u0142adu. Oddajemy do Pa\u0144stwa dyspozycji male\u0144k\u0105 sekcj\u0119 pomocy zawieraj\u0105c\u0105 odpowiedzi na najpopularniejsze pytania dotycz\u0105ce dyscypliny sportu.<\/p>\n<h3>Z JAKICH URZ\u0104DZE\u0143 MOG\u0118 OBSTAWIA\u0106?<\/h3>\n<p>Zak\u0142ady na siatk\u00f3wk\u0119 pozwol\u0105 Ci obstawia\u0107 z dowolnego urz\u0105dzenia. Po pierwsze, wszystko zale\u017cy od wybranego kasyna lub strony bukmacherskiej. Niekt\u00f3re firmy oferuj\u0105 tylko wersj\u0119 mobiln\u0105, podczas gdy inne od razu akceptuj\u0105 u\u017cycie oddzielnej aplikacji od programist\u00f3w. Obstawianie zak\u0142ad\u00f3w w przegl\u0105darce na PC jest najwygodniejsze, ale zawsze jest dost\u0119p do komputera. Sugerujemy wypr\u00f3bowanie r\u00f3\u017cnych opcji i poznanie zalet i wad wszystkich metod.<\/p>\n<h3>JAKA JEST MAKSYMALNA WSKA\u0179NIK WYGRANYCH?<\/h3>\n<p>Najcz\u0119\u015bciej najwy\u017csze kursy stawiane s\u0105 na potencjalnie przegran\u0105 dru\u017cyn\u0119, kt\u00f3ra jest gorzej przygotowana lub gra w innej lidze. W takim przypadku zaleca si\u0119 zwr\u00f3cenie uwagi na lini\u0119 zak\u0142ad\u00f3w zwyci\u0119zcy ca\u0142ego turnieju. Wybierz ostatniego s\u0142abszego i spr\u00f3buj wygra\u0107 po kursie 50 lub 150. Mniej ryzykowne zak\u0142ady to suma punkt\u00f3w. W takim przypadku odchylenie o 10 punkt\u00f3w mo\u017ce wp\u0142yn\u0105\u0107 na wzrost kursu do 3.<\/p>\n<h3>JAK ROZUMIE\u0106, NA KOGO STAWIA\u0106 W SIATK\u00d3WCE?<\/h3>\n<p>Pierwsz\u0105 rzecz\u0105 do zrobienia jest znalezienie najlepszych witryn internetowych z zak\u0142adami na siatk\u00f3wk\u0119, aby lepiej przyjrze\u0107 si\u0119 meczom. Konieczne jest dok\u0142adne zapoznanie si\u0119 z uczestnikami, samym turniejem oraz statystykami pomi\u0119dzy przeciwnikami. Spr\u00f3buj jako\u015bciowo przeanalizowa\u0107 wszystkie aspekty dopasowania, a b\u0119dziesz w stanie znale\u017a\u0107 idealne dopasowanie dla siebie. Zaleca si\u0119 zacz\u0105\u0107 od niewielkiej ilo\u015bci.<\/p>\n","protected":false},"excerpt":{"rendered":"<p>Oto samouczek dotycz\u0105cy kurs\u00f3w bukmacherskich na siatk\u00f3wk\u0119 i innych osobliwo\u015bci. Spr\u00f3buj dowiedzie\u0107 si\u0119 wi\u0119cej przydatnych informacji i dowiedz si\u0119, jak zarabia\u0107 na sporcie pla\u017cowym. Pozwoli ci to cz\u0119\u015bciej uczestniczy\u0107 w s\u0142ynnych turniejach, uzyska\u0107 dodatkowe bonusy i og\u00f3lnie zwi\u0119kszy\u0107 zabaw\u0119. \u00a0 JAK STAWIA\u0106 NA SIATK\u00d3WK\u0118 Najpierw zapoznaj si\u0119 z sekcj\u0105 dotycz\u0105c\u0105 typ\u00f3w bukmacherskich na siatk\u00f3wk\u0119 i&#8230;<\/p>\n","protected":false},"author":1,"featured_media":0,"parent":3713,"menu_order":0,"comment_status":"closed","ping_status":"closed","template":"","meta":{"_acf_changed":false,"_kad_post_transparent":"default","_kad_post_title":"default","_kad_post_layout":"default","_kad_post_sidebar_id":"","_kad_post_content_style":"default","_kad_post_vertical_padding":"default","_kad_post_feature":"","_kad_post_feature_position":"","_kad_post_header":false,"_kad_post_footer":false,"footnotes":""},"class_list":["post-3992","page","type-page","status-publish","hentry"],"acf":[],"rttpg_featured_image_url":null,"rttpg_author":{"display_name":"John","author_link":"https:\/\/rocketplay-new.com\/pl\/author\/pemvas95n89x\/"},"rttpg_comment":0,"rttpg_category":null,"rttpg_excerpt":"Oto samouczek dotycz\u0105cy kurs\u00f3w bukmacherskich na siatk\u00f3wk\u0119 i innych osobliwo\u015bci. Spr\u00f3buj dowiedzie\u0107 si\u0119 wi\u0119cej przydatnych informacji i dowiedz si\u0119, jak zarabia\u0107 na sporcie pla\u017cowym. Pozwoli ci to cz\u0119\u015bciej uczestniczy\u0107 w s\u0142ynnych turniejach, uzyska\u0107 dodatkowe bonusy i og\u00f3lnie zwi\u0119kszy\u0107 zabaw\u0119. \u00a0 JAK STAWIA\u0106 NA SIATK\u00d3WK\u0118 Najpierw zapoznaj si\u0119 z sekcj\u0105 dotycz\u0105c\u0105 typ\u00f3w bukmacherskich na siatk\u00f3wk\u0119 i...","_links":{"self":[{"href":"https:\/\/rocketplay-new.com\/pl\/wp-json\/wp\/v2\/pages\/3992","targetHints":{"allow":["GET"]}}],"collection":[{"href":"https:\/\/rocketplay-new.com\/pl\/wp-json\/wp\/v2\/pages"}],"about":[{"href":"https:\/\/rocketplay-new.com\/pl\/wp-json\/wp\/v2\/types\/page"}],"author":[{"embeddable":true,"href":"https:\/\/rocketplay-new.com\/pl\/wp-json\/wp\/v2\/users\/1"}],"replies":[{"embeddable":true,"href":"https:\/\/rocketplay-new.com\/pl\/wp-json\/wp\/v2\/comments?post=3992"}],"version-history":[{"count":4,"href":"https:\/\/rocketplay-new.com\/pl\/wp-json\/wp\/v2\/pages\/3992\/revisions"}],"predecessor-version":[{"id":5669,"href":"https:\/\/rocketplay-new.com\/pl\/wp-json\/wp\/v2\/pages\/3992\/revisions\/5669"}],"up":[{"embeddable":true,"href":"https:\/\/rocketplay-new.com\/pl\/wp-json\/wp\/v2\/pages\/3713"}],"wp:attachment":[{"href":"https:\/\/rocketplay-new.com\/pl\/wp-json\/wp\/v2\/media?parent=3992"}],"curies":[{"name":"wp","href":"https:\/\/api.w.org\/{rel}","templated":true}]}}