{"id":3930,"date":"2023-01-13T21:01:16","date_gmt":"2023-01-13T18:01:16","guid":{"rendered":"https:\/\/rocketplay-new.com\/sport-betting\/horse-racing\/"},"modified":"2025-04-02T16:11:26","modified_gmt":"2025-04-02T13:11:26","slug":"horse-racing","status":"publish","type":"page","link":"https:\/\/rocketplay-new.com\/pl\/sport\/horse-racing\/","title":{"rendered":"Przegl\u0105d zak\u0142ad\u00f3w na wy\u015bcigi konne"},"content":{"rendered":"<p>Mo\u017cesz zobaczy\u0107 najwi\u0119cej korzy\u015bci w zak\u0142adach na wy\u015bcigi konne, je\u015bli regularnie obstawiasz ma\u0142e zak\u0142ady. Wy\u015bcigi odbywaj\u0105 si\u0119 do\u015b\u0107 cz\u0119sto, wi\u0119c masz gwarancj\u0119 znalezienia odpowiedniej opcji dla siebie i cieszenia si\u0119 meczem. Najwa\u017cniejsze jest, aby przeczyta\u0107 wszystkie zasady, obejrze\u0107 wcze\u015bniej kilka transmisji online, a nast\u0119pnie rozpocz\u0105\u0107 obstawianie z podstawow\u0105 wiedz\u0105.<\/p>\n<p style=\"text-align: center;\"><span style=\"font-weight: 400;\"><div class=\"go-btn-container\"><div class=\"tosh-btn\"><a href=\"\/go-casino\/\" target=\"_blank\" rel=\"noopener\">GRAJ TERAZ<\/a><\/div><\/div><\/span><\/p>\n<h2>RODZAJE ZAK\u0141AD\u00d3W NA WY\u015aCIGI KONNE<\/h2>\n<p>Generalnie najbardziej popularne w Australii zak\u0142ady na wy\u015bcigi konne to zak\u0142ady na zwyci\u0119zc\u0119 wy\u015bcigu. W takim przypadku musisz dok\u0142adnie przejrze\u0107 wszystkie dost\u0119pne informacje o uczestnikach i wybra\u0107 faworyta, kt\u00f3ry gwarantuje wygran\u0105. Pami\u0119taj, aby wzi\u0105\u0107 pod uwag\u0119 wszystkie istotne parametry i nie zapominaj, \u017ce nawet zdecydowani faworyci czasami nie s\u0105 w nastroju do wygrania.<\/p>\n<p>Pocz\u0105tkuj\u0105cy powinni postawi\u0107 na liczb\u0119 punkt\u00f3w, kt\u00f3re mog\u0105 zosta\u0107 przyznane. Mo\u017cliwe jest r\u00f3wnie\u017c postawienie na najwolniejszego konia, ale takie opcje zak\u0142ad\u00f3w s\u0105 bardziej odpowiednie dla profesjonalist\u00f3w. Nie pr\u00f3buj tylko odgadn\u0105\u0107 zwyci\u0119zcy, ale wykonaj prawdziw\u0105 prac\u0119 analityczn\u0105.<\/p>\n<h2>JAK WYBRA\u0106 ZWYCI\u0118SKIEGO KONIA<\/h2>\n<p>W wi\u0119kszo\u015bci przypadk\u00f3w profesjonalni hazardzi\u015bci mog\u0105 wybra\u0107 najlepsze zak\u0142ady na wy\u015bcigi konne jako g\u0142\u00f3wny rodzaj dochodu. Tacy ludzie wiedz\u0105, \u017ce wi\u0119kszo\u015b\u0107 je\u017ad\u017ac\u00f3w i koni od dawna jest w stanie analizowa\u0107 z wyprzedzeniem dzi\u0119ki r\u00f3\u017cnym us\u0142ugom. Pocz\u0105tkuj\u0105cym nale\u017cy jednak dodatkowo wyt\u0142umaczy\u0107, \u017ce nawet w tym przypadku ka\u017cdy wy\u015bcig jest wyj\u0105tkowy i mo\u017ce przebiega\u0107 wed\u0142ug r\u00f3\u017cnych scenariuszy.<\/p>\n<p><img loading=\"lazy\" decoding=\"async\" class=\"aligncenter wp-image-4691\" src=\"https:\/\/rocketplay-new.com\/wp-content\/uploads\/2024\/02\/generative-ai-horse-racing.jpg\" alt=\"Horse Racing betting\" width=\"800\" height=\"449\" srcset=\"https:\/\/rocketplay-new.com\/wp-content\/uploads\/2024\/02\/generative-ai-horse-racing.jpg 1000w, https:\/\/rocketplay-new.com\/wp-content\/uploads\/2024\/02\/generative-ai-horse-racing-300x168.jpg 300w, https:\/\/rocketplay-new.com\/wp-content\/uploads\/2024\/02\/generative-ai-horse-racing-768x431.jpg 768w\" sizes=\"auto, (max-width: 800px) 100vw, 800px\" \/><\/p>\n<p>Aby mie\u0107 gwarancj\u0119 wygranej, nale\u017cy najpierw zarejestrowa\u0107 si\u0119 i postawi\u0107 zak\u0142ad:<\/p>\n<ol>\n<li>Utw\u00f3rz konto osobiste i podaj swoje dane osobowe, kt\u00f3re pomog\u0105 Ci przej\u015b\u0107 procedur\u0119 weryfikacji bez dodatkowych problem\u00f3w.<\/li>\n<li>Pami\u0119taj, aby zasili\u0107 swoje konto w dowolny dogodny dla Ciebie spos\u00f3b. Kryptowaluty staj\u0105 si\u0119 ostatnio coraz bardziej popularne, poniewa\u017c przelewy s\u0105 ksi\u0119gowane szybko i nie ma prawie \u017cadnych ogranicze\u0144 co do kwoty depozytu.<\/li>\n<li>Nast\u0119pnie musisz przyst\u0105pi\u0107 do analizy interesuj\u0105cego Ci\u0119 meczu. Od razu znajd\u017a profile swoich przeciwnik\u00f3w i zacznij czyta\u0107 informacje statystyczne. Mo\u017ce to pom\u00f3c ci zobaczy\u0107 pozorne zak\u0142ady na wy\u015bcigi.<\/li>\n<\/ol>\n<p>Zalecamy r\u00f3wnie\u017c poddanie si\u0119 procedurze weryfikacji, zwi\u0119kszaj\u0105cej szanse na uzyskanie wysokich limit\u00f3w zak\u0142ad\u00f3w. Dzi\u0119ki temu mo\u017cesz jednorazowo obstawia\u0107 wi\u0119cej pieni\u0119dzy i wygra\u0107 du\u017c\u0105 sum\u0119 pieni\u0119dzy. Ponadto otworz\u0105 si\u0119 nowe bonusy i mo\u017cliwo\u015bci finansowe wyp\u0142aty z konta.<\/p>\n<h2>WYJA\u015aNIENIE SZANSE WY\u015aCIG\u00d3W KONNYCH<\/h2>\n<p>Ustalenie zak\u0142ad\u00f3w na wy\u015bcigi konne na \u017cywo z kursami nie jest trudne, poniewa\u017c wystarczy sprawdzi\u0107 prac\u0119 analityczn\u0105 z liczbami. Je\u015bli postawisz 100 $ na wydarzenie o kursie 1,8, na Twoim koncie pojawi si\u0119 180 $. Po prostu pomn\u00f3\u017c kwot\u0119 zak\u0142adu przez liczb\u0119 kurs\u00f3w, a natychmiast ustalisz ko\u0144cowy wynik, je\u015bli wygrasz.<\/p>\n<p style=\"text-align: center;\"><span style=\"font-weight: 400;\"><div class=\"go-btn-container\"><div class=\"tosh-btn\"><a href=\"\/go-casino\/\" target=\"_blank\" rel=\"noopener\">GRAJ TERAZ<\/a><\/div><\/div><\/span><\/p>\n<h2>WSKAZ\u00d3WKI I STRATEGIA<\/h2>\n<p>Nasi eksperci mog\u0105 zaoferowa\u0107 typy dotycz\u0105ce zak\u0142ad\u00f3w na wy\u015bcigi konne, aby pom\u00f3c pocz\u0105tkuj\u0105cym zrozumie\u0107 ich kapita\u0142, nie straci\u0107 wszystkich pieni\u0119dzy naraz i zarobi\u0107 maksymaln\u0105 kwot\u0119 na koncie. W\u015br\u00f3d nich nale\u017cy wymieni\u0107:<\/p>\n<ul>\n<li>konieczne jest \u015bledzenie bud\u017cetu i dok\u0142adne pisanie statystyk dla wszystkich rozegranych mecz\u00f3w. Pomo\u017ce Ci to w przysz\u0142o\u015bci przeanalizowa\u0107 wybran\u0105 strategi\u0119 i dostosowa\u0107 j\u0105 we w\u0142a\u015bciwym kierunku;<\/li>\n<li>lepiej dwukrotnie sprawdzi\u0107 wybrany wynik i kwot\u0119 zak\u0142adu kilka razy. Czasami nawet specjali\u015bci mog\u0105 pope\u0142ni\u0107 b\u0142ahy b\u0142\u0105d, kt\u00f3ry cz\u0119sto prowadzi do fatalnych konsekwencji dla u\u017cytkownik\u00f3w;<\/li>\n<li>w wi\u0119kszo\u015bci przypadk\u00f3w lepiej jest przej\u015b\u0107 do strony z promocjami i uzyska\u0107 specjalne bonusy. Zwi\u0119kszy to Twoje szanse na sukces i pozwoli Ci zarobi\u0107 wi\u0119cej za darmo.<\/li>\n<\/ul>\n<p>Wypr\u00f3buj r\u00f3\u017cne strategie i taktyki, aby wybra\u0107 najlepsz\u0105 i zacznij regularnie zarabia\u0107.<\/p>\n<p><img loading=\"lazy\" decoding=\"async\" class=\"aligncenter wp-image-4700\" src=\"https:\/\/rocketplay-new.com\/wp-content\/uploads\/2024\/02\/equestrian-sport-young-girl-rides-horse-championship.jpg\" alt=\"Horse Racing betting 2\" width=\"800\" height=\"534\" srcset=\"https:\/\/rocketplay-new.com\/wp-content\/uploads\/2024\/02\/equestrian-sport-young-girl-rides-horse-championship.jpg 1000w, https:\/\/rocketplay-new.com\/wp-content\/uploads\/2024\/02\/equestrian-sport-young-girl-rides-horse-championship-300x200.jpg 300w, https:\/\/rocketplay-new.com\/wp-content\/uploads\/2024\/02\/equestrian-sport-young-girl-rides-horse-championship-768x512.jpg 768w\" sizes=\"auto, (max-width: 800px) 100vw, 800px\" \/><\/p>\n<h2>Cz\u0119sto zadawane pytania<\/h2>\n<p>Specjalnie dla naszych czytelnik\u00f3w przygotowali\u015bmy baz\u0119 odpowiedzi ekspert\u00f3w na najpopularniejsze pytania pocz\u0105tkuj\u0105cych. Dzi\u0119ki temu nie b\u0119dziesz musia\u0142 sp\u0119dza\u0107 godzin na studiowaniu informacji, ale mo\u017cesz od razu rozpocz\u0105\u0107 obstawianie.<\/p>\n<h3>JAKA JEST MINIMALNA KWOTA ZAK\u0141ADU?<\/h3>\n<p>Darmowe zak\u0142ady na wy\u015bcigi konne nie b\u0119d\u0105 wymaga\u0142y od ciebie du\u017cego wysi\u0142ku, poniewa\u017c firma hazardowa cz\u0119sto rozdaje taki bonus wszystkim graczom. Spr\u00f3buj zdoby\u0107 prezent, a b\u0119dziesz m\u00f3g\u0142 w og\u00f3le obstawia\u0107 bez u\u017cycia prawdziwych pieni\u0119dzy. W takim przypadku wygrana zostanie zaksi\u0119gowana na Twoim koncie, co oznacza, \u017ce taki zak\u0142ad b\u0119dzie op\u0142acalny. Jednak nie bior\u0105c pod uwag\u0119 bonus\u00f3w, najcz\u0119\u015bciej minimalny zak\u0142ad to jeden lub pi\u0119\u0107 dolar\u00f3w ameryka\u0144skich.<\/p>\n<h3>JAKI RODZAJ ZAK\u0141ADU JEST NAJPOPULARNIEJSZY?<\/h3>\n<p>Jest to zak\u0142ad na zwyci\u0119zc\u0119 wy\u015bcigu, kt\u00f3ry pozwoli Ci szybko i sprawnie zdoby\u0107 wygran\u0105. Czasami firma pozwala wybra\u0107 kilku mo\u017cliwych zwyci\u0119zc\u00f3w jednocze\u015bnie, ale szanse s\u0105 nieco ni\u017csze.<\/p>\n<h3>CZY MOG\u0118 OBSTAWIA\u0106 Z MOJEGO TELEFONU?<\/h3>\n<p>Tak, z aplikacji zak\u0142ad\u00f3w na wy\u015bcigi konne mog\u0105 korzysta\u0107 wszyscy gracze zarejestrowani na oficjalnej stronie. Staraj si\u0119 by\u0107 ca\u0142y czas online i dok\u0142adnie wiedzie\u0107, co dzieje si\u0119 teraz w meczu. Jednocze\u015bnie system wyp\u0142acania pieni\u0119dzy i otrzymywania bonus\u00f3w jest zachowany, poniewa\u017c gracze mog\u0105 nawet skontaktowa\u0107 si\u0119 z pomoc\u0105 techniczn\u0105. Spr\u00f3buj postawi\u0107 zak\u0142ad w d\u0142ugiej kolejce oczekuj\u0105cych lub gdy jeste\u015b poza domem dla zabawy.<\/p>\n","protected":false},"excerpt":{"rendered":"<p>Mo\u017cesz zobaczy\u0107 najwi\u0119cej korzy\u015bci w zak\u0142adach na wy\u015bcigi konne, je\u015bli regularnie obstawiasz ma\u0142e zak\u0142ady. Wy\u015bcigi odbywaj\u0105 si\u0119 do\u015b\u0107 cz\u0119sto, wi\u0119c masz gwarancj\u0119 znalezienia odpowiedniej opcji dla siebie i cieszenia si\u0119 meczem. Najwa\u017cniejsze jest, aby przeczyta\u0107 wszystkie zasady, obejrze\u0107 wcze\u015bniej kilka transmisji online, a nast\u0119pnie rozpocz\u0105\u0107 obstawianie z podstawow\u0105 wiedz\u0105. RODZAJE ZAK\u0141AD\u00d3W NA WY\u015aCIGI KONNE Generalnie&#8230;<\/p>\n","protected":false},"author":1,"featured_media":0,"parent":3713,"menu_order":0,"comment_status":"closed","ping_status":"closed","template":"","meta":{"_acf_changed":false,"_kad_post_transparent":"default","_kad_post_title":"default","_kad_post_layout":"default","_kad_post_sidebar_id":"","_kad_post_content_style":"default","_kad_post_vertical_padding":"default","_kad_post_feature":"","_kad_post_feature_position":"","_kad_post_header":false,"_kad_post_footer":false,"footnotes":""},"class_list":["post-3930","page","type-page","status-publish","hentry"],"acf":[],"rttpg_featured_image_url":null,"rttpg_author":{"display_name":"John","author_link":"https:\/\/rocketplay-new.com\/pl\/author\/pemvas95n89x\/"},"rttpg_comment":0,"rttpg_category":null,"rttpg_excerpt":"Mo\u017cesz zobaczy\u0107 najwi\u0119cej korzy\u015bci w zak\u0142adach na wy\u015bcigi konne, je\u015bli regularnie obstawiasz ma\u0142e zak\u0142ady. Wy\u015bcigi odbywaj\u0105 si\u0119 do\u015b\u0107 cz\u0119sto, wi\u0119c masz gwarancj\u0119 znalezienia odpowiedniej opcji dla siebie i cieszenia si\u0119 meczem. Najwa\u017cniejsze jest, aby przeczyta\u0107 wszystkie zasady, obejrze\u0107 wcze\u015bniej kilka transmisji online, a nast\u0119pnie rozpocz\u0105\u0107 obstawianie z podstawow\u0105 wiedz\u0105. RODZAJE ZAK\u0141AD\u00d3W NA WY\u015aCIGI KONNE Generalnie...","_links":{"self":[{"href":"https:\/\/rocketplay-new.com\/pl\/wp-json\/wp\/v2\/pages\/3930","targetHints":{"allow":["GET"]}}],"collection":[{"href":"https:\/\/rocketplay-new.com\/pl\/wp-json\/wp\/v2\/pages"}],"about":[{"href":"https:\/\/rocketplay-new.com\/pl\/wp-json\/wp\/v2\/types\/page"}],"author":[{"embeddable":true,"href":"https:\/\/rocketplay-new.com\/pl\/wp-json\/wp\/v2\/users\/1"}],"replies":[{"embeddable":true,"href":"https:\/\/rocketplay-new.com\/pl\/wp-json\/wp\/v2\/comments?post=3930"}],"version-history":[{"count":5,"href":"https:\/\/rocketplay-new.com\/pl\/wp-json\/wp\/v2\/pages\/3930\/revisions"}],"predecessor-version":[{"id":5678,"href":"https:\/\/rocketplay-new.com\/pl\/wp-json\/wp\/v2\/pages\/3930\/revisions\/5678"}],"up":[{"embeddable":true,"href":"https:\/\/rocketplay-new.com\/pl\/wp-json\/wp\/v2\/pages\/3713"}],"wp:attachment":[{"href":"https:\/\/rocketplay-new.com\/pl\/wp-json\/wp\/v2\/media?parent=3930"}],"curies":[{"name":"wp","href":"https:\/\/api.w.org\/{rel}","templated":true}]}}