{"id":3874,"date":"2023-01-13T19:04:27","date_gmt":"2023-01-13T16:04:27","guid":{"rendered":"https:\/\/rocketplay-new.com\/sport-betting\/tennis\/"},"modified":"2025-04-02T15:52:58","modified_gmt":"2025-04-02T12:52:58","slug":"tennis","status":"publish","type":"page","link":"https:\/\/rocketplay-new.com\/pl\/sport\/tennis\/","title":{"rendered":"Przewodnik po obstawianiu tenisa"},"content":{"rendered":"<p>Istotn\u0105 zalet\u0105 zak\u0142ad\u00f3w na tenis jest to, \u017ce obecnie rozgrywanych jest wiele mecz\u00f3w zawodowych i amatorskich. Dzi\u0119ki temu ka\u017cdy mo\u017ce postawi\u0107 swoje pieni\u0105dze na wygran\u0105 konkretnego gracza i na tym zarobi\u0107. Wystarczy znale\u017a\u0107 odpowiedni\u0105 witryn\u0119 internetow\u0105 do gier hazardowych i zak\u0142ad\u00f3w, a nast\u0119pnie utworzy\u0107 kupon. W naszej recenzji uzyskasz pomocne informacje i nauczysz si\u0119 obstawia\u0107.<\/p>\n<p style=\"text-align: center;\"><span style=\"font-weight: 400;\">\u00a0<div class=\"go-btn-container\"><div class=\"tosh-btn\"><a href=\"\/go-casino\/\" target=\"_blank\" rel=\"noopener\">GRAJ TERAZ<\/a><\/div><\/div> <\/span><\/p>\n<h2>STRATEGIA ZAK\u0141AD\u00d3W NA TENIS<\/h2>\n<p>Ciekaw\u0105 strategi\u0105 dla pocz\u0105tkuj\u0105cych jest skorzystanie z aplikacji do obstawiania tenisa, kt\u00f3ra jest bezp\u0142atna dla wszystkich u\u017cytkownik\u00f3w. To \u015bwietny spos\u00f3b na regularny dost\u0119p do zak\u0142ad\u00f3w. Jednocze\u015bnie mo\u017cesz zarabia\u0107 nawet na spacerze lub w kolejce.<\/p>\n<p>Opr\u00f3cz tego istnieje specyficzna strategia obstawiania tenisa, kt\u00f3ra wyr\u00f3\u017cnia si\u0119 podstawowymi zasadami gry:<\/p>\n<ul>\n<li>pocz\u0105tkowy bud\u017cet nale\u017cy podzieli\u0107 na kilkadziesi\u0105t cz\u0119\u015bci i nie stawia\u0107 wi\u0119cej ni\u017c jednej na dany mecz. W takim przypadku ograniczysz nie tylko swoje wygrane, ale tak\u017ce straty. Nie b\u0119dzie wi\u0119c utraty ca\u0142ego depozytu, co jest istotn\u0105 zalet\u0105;<\/li>\n<li>powiniene\u015b nauczy\u0107 si\u0119 panowa\u0107 nad emocjami podczas obstawiania, aby przypadkowo nie postawi\u0107 zak\u0142adu, kt\u00f3ry doprowadzi ci\u0119 do upadku. Wi\u0119kszo\u015b\u0107 pocz\u0105tkuj\u0105cych traci pieni\u0105dze w\u0142a\u015bnie dlatego, \u017ce pr\u00f3buj\u0105 szybko odzyska\u0107 utracone pieni\u0105dze;<\/li>\n<li>nie mo\u017cesz u\u017cywa\u0107 analiz od ludzi w Internecie jako jedynej prawid\u0142owej opcji obstawiania. R\u00f3wnie\u017c podej\u015bcie w \u015brodowisku bukmacherskim nazywane jest leniwym i nieuchronnie prowadzi do przegranej. Do gry nale\u017cy podchodzi\u0107 odpowiedzialnie i zawsze uwa\u017ca\u0107 na wysoko\u015b\u0107 zak\u0142ad\u00f3w. Prowad\u017a analizy i samodzielnie badaj mecze, aby nie pope\u0142ni\u0107 b\u0142\u0119du.<\/li>\n<\/ul>\n<p>Wszystkim nowicjuszom zalecamy korzystanie z us\u0142ug tylko tych godnych zaufania serwis\u00f3w z wieloletnim do\u015bwiadczeniem. Mo\u017cesz to znale\u017a\u0107 na naszym portalu gier w sekcji recenzji, gdzie eksperci zebrali najlepsze dost\u0119pne opcje. Spr\u00f3buj rozpocz\u0105\u0107 gr\u0119 i uzyska\u0107 du\u017cy zysk bezpo\u015brednio ze swojego konta. Przej\u015b\u0107 r\u00f3wnie\u017c procedur\u0119 weryfikacji, aby w przysz\u0142o\u015bci nie by\u0142o problem\u00f3w z wyp\u0142at\u0105 \u015brodk\u00f3w.<\/p>\n<p><img loading=\"lazy\" decoding=\"async\" class=\"aligncenter wp-image-4672\" src=\"https:\/\/rocketplay-new.com\/wp-content\/uploads\/2024\/02\/tennis-girl-professional-tennis-court.jpg\" alt=\"Tennis Betting\" width=\"800\" height=\"500\" srcset=\"https:\/\/rocketplay-new.com\/wp-content\/uploads\/2024\/02\/tennis-girl-professional-tennis-court.jpg 1000w, https:\/\/rocketplay-new.com\/wp-content\/uploads\/2024\/02\/tennis-girl-professional-tennis-court-300x188.jpg 300w, https:\/\/rocketplay-new.com\/wp-content\/uploads\/2024\/02\/tennis-girl-professional-tennis-court-768x480.jpg 768w\" sizes=\"auto, (max-width: 800px) 100vw, 800px\" \/><\/p>\n<h2>NAJPOPULARNIEJSZE ZAK\u0141ADY NA TENIS<\/h2>\n<p>Najlepszym miejscem dla pocz\u0105tkuj\u0105cych w zak\u0142adach online na tenisa jest prostszy zak\u0142ad. Zwykle jest to zwyci\u0119stwo konkretnego zawodnika lub pary zawodnik\u00f3w w meczu. Bardziej skomplikowane zak\u0142ady pozostawia si\u0119 profesjonalistom, kt\u00f3rzy kontroluj\u0105 swoje zasoby finansowe i dobrze rozdzielaj\u0105 zyski. Zak\u0142ady na sum\u0119 s\u0105 uwa\u017cane za bardziej skomplikowane, poniewa\u017c obliczenie punkt\u00f3w i ich przewidzenie jest wielokrotnie trudniejsze.<\/p>\n<p>Mo\u017cesz wypr\u00f3bowa\u0107 r\u00f3\u017cne opcje zak\u0142ad\u00f3w w specjalnym trybie demonstracyjnym. Pozwoli to unikn\u0105\u0107 wydawania dodatkowych pieni\u0119dzy i wypr\u00f3bowa\u0107 wszystkie opcje. Czasami ten tryb mo\u017ce nie by\u0107 dost\u0119pny, ale jest to najlepsza opcja, je\u015bli wkr\u00f3tce mo\u017cesz zarobi\u0107 prawdziwe pieni\u0105dze.<\/p>\n<p style=\"text-align: center;\"><span style=\"font-weight: 400;\">\u00a0<div class=\"go-btn-container\"><div class=\"tosh-btn\"><a href=\"\/go-casino\/\" target=\"_blank\" rel=\"noopener\">GRAJ TERAZ<\/a><\/div><\/div> <\/span><\/p>\n<h2>WYJA\u015aNIENIE KURS\u00d3W TENISOWYCH<\/h2>\n<p>Najprostszym sposobem wyja\u015bnienia kurs\u00f3w jest podanie konkretnych przyk\u0142ad\u00f3w z prawdziwych zak\u0142ad\u00f3w. Spr\u00f3buj postawi\u0107 200 $ na wynik z kursem 1,4. W takim przypadku zarobisz 80 $, a 280 $ znajdzie si\u0119 na Twoim koncie. Za 100 $ postawione po kursie 1,7 otrzymasz 70 $ zysku netto. Tutaj jest to to samo, co inwestowanie, wi\u0119c mo\u017cesz to rozgry\u017a\u0107, je\u015bli znajdziesz najlepsze strony z zak\u0142adami tenisowymi.<\/p>\n<h2>WNIOSEK<\/h2>\n<p>Podsumowuj\u0105c, chcieliby\u015bmy jeszcze raz powiedzie\u0107, \u017ce najlepszym sposobem na rozpocz\u0119cie gry jest otrzymanie darmowych zak\u0142ad\u00f3w na tenis na oficjalnej stronie hazardowej z naszych recenzji. Spr\u00f3buj postawi\u0107 sw\u00f3j pierwszy zak\u0142ad i wygra\u0107 du\u017c\u0105 sum\u0119 pieni\u0119dzy. Pomo\u017ce Ci to szybko przyzwyczai\u0107 si\u0119 do interfejsu i nauczy\u0107 si\u0119, jak w\u0142a\u015bciwie alokowa\u0107 swoje zasoby. Tylko przy pomocy prawdziwych zak\u0142ad\u00f3w mo\u017cesz nauczy\u0107 si\u0119 stawia\u0107 dochodowe zak\u0142ady i regularnie wygrywa\u0107.<\/p>\n<p><img loading=\"lazy\" decoding=\"async\" class=\"aligncenter wp-image-4681\" src=\"https:\/\/rocketplay-new.com\/wp-content\/uploads\/2024\/02\/high-angle-tennis-racket-balls.jpg\" alt=\"Tennis Betting 2\" width=\"800\" height=\"534\" srcset=\"https:\/\/rocketplay-new.com\/wp-content\/uploads\/2024\/02\/high-angle-tennis-racket-balls.jpg 1000w, https:\/\/rocketplay-new.com\/wp-content\/uploads\/2024\/02\/high-angle-tennis-racket-balls-300x200.jpg 300w, https:\/\/rocketplay-new.com\/wp-content\/uploads\/2024\/02\/high-angle-tennis-racket-balls-768x512.jpg 768w\" sizes=\"auto, (max-width: 800px) 100vw, 800px\" \/><\/p>\n<h2>Cz\u0119sto zadawane pytania<\/h2>\n<p>Opr\u00f3cz typ\u00f3w bukmacherskich Tenis, oto kr\u00f3tki przewodnik dla pocz\u0105tkuj\u0105cych. Odpowiedzi na popularne pytania pomog\u0105 Ci lepiej zapozna\u0107 si\u0119 z aktywnym obstawianiem i zarobi\u0107 wi\u0119cej pieni\u0119dzy.<\/p>\n<h3>JAKI JEST NAJPOPULARNIEJSZY ZAK\u0141AD NA TENIS?<\/h3>\n<p>Cz\u0119sto stawiamy na mistrza, kt\u00f3ry potrafi wygra\u0107 mecz i pewnie trzyma si\u0119 swojej strategii. Na drugim miejscu stawiane s\u0105 zak\u0142ady na sum\u0119 rund i punkt\u00f3w, kt\u00f3re r\u00f3wnie\u017c mo\u017cna przeanalizowa\u0107. Najwa\u017cniejsze jest zebranie rzetelnych informacji i wcze\u015bniejsze poznanie cech tej dyscypliny. W takim przypadku masz wszelkie szanse na wygran\u0105.<\/p>\n<h3>CZY NAUKA OBSTAWIANIA W TENIS JEST TRUDNA?<\/h3>\n<p>Nie, gracze zwykle ucz\u0105 si\u0119 obstawia\u0107 w ci\u0105gu zaledwie tygodnia. Dzi\u0119ki jasnym zasadom witryny hazardowej i uczciwym transmisjom \u0142atwo jest si\u0119 w tym po\u0142apa\u0107. Obejrzyj kilka gier, aby dostosowa\u0107 strategie i taktyk\u0119, a nast\u0119pnie zacznij zarabia\u0107 du\u017ce sumy. Mo\u017cesz tak\u017ce postawi\u0107 minimalne zak\u0142ady w wysoko\u015bci jednego dolara, aby lepiej zrozumie\u0107 system i nie straci\u0107 kapita\u0142u.<\/p>\n<h3>W JAKIM WIEKU MOG\u0118 STAWIA\u0106?<\/h3>\n<p>Ograniczeniem dotycz\u0105cym zak\u0142ad\u00f3w na tenis na \u017cywo jest wiek pe\u0142noletno\u015bci w kraju zamieszkania. Dlatego zaleca si\u0119 ponowne zapoznanie si\u0119 z ustawodawstwem swojego stanu lub kraju. Pomo\u017ce Ci to nie straci\u0107 konta, poniewa\u017c podczas procesu weryfikacji administracja znajdzie niezgodno\u015b\u0107. Graj \u0142adnie, a masz gwarancj\u0119 wygranej w pewnym momencie.<\/p>\n","protected":false},"excerpt":{"rendered":"<p>Istotn\u0105 zalet\u0105 zak\u0142ad\u00f3w na tenis jest to, \u017ce obecnie rozgrywanych jest wiele mecz\u00f3w zawodowych i amatorskich. Dzi\u0119ki temu ka\u017cdy mo\u017ce postawi\u0107 swoje pieni\u0105dze na wygran\u0105 konkretnego gracza i na tym zarobi\u0107. Wystarczy znale\u017a\u0107 odpowiedni\u0105 witryn\u0119 internetow\u0105 do gier hazardowych i zak\u0142ad\u00f3w, a nast\u0119pnie utworzy\u0107 kupon. W naszej recenzji uzyskasz pomocne informacje i nauczysz si\u0119 obstawia\u0107&#8230;.<\/p>\n","protected":false},"author":1,"featured_media":0,"parent":3713,"menu_order":0,"comment_status":"closed","ping_status":"closed","template":"","meta":{"_acf_changed":false,"_kad_post_transparent":"default","_kad_post_title":"default","_kad_post_layout":"default","_kad_post_sidebar_id":"","_kad_post_content_style":"default","_kad_post_vertical_padding":"default","_kad_post_feature":"","_kad_post_feature_position":"","_kad_post_header":false,"_kad_post_footer":false,"footnotes":""},"class_list":["post-3874","page","type-page","status-publish","hentry"],"acf":[],"rttpg_featured_image_url":null,"rttpg_author":{"display_name":"John","author_link":"https:\/\/rocketplay-new.com\/pl\/author\/pemvas95n89x\/"},"rttpg_comment":0,"rttpg_category":null,"rttpg_excerpt":"Istotn\u0105 zalet\u0105 zak\u0142ad\u00f3w na tenis jest to, \u017ce obecnie rozgrywanych jest wiele mecz\u00f3w zawodowych i amatorskich. Dzi\u0119ki temu ka\u017cdy mo\u017ce postawi\u0107 swoje pieni\u0105dze na wygran\u0105 konkretnego gracza i na tym zarobi\u0107. Wystarczy znale\u017a\u0107 odpowiedni\u0105 witryn\u0119 internetow\u0105 do gier hazardowych i zak\u0142ad\u00f3w, a nast\u0119pnie utworzy\u0107 kupon. W naszej recenzji uzyskasz pomocne informacje i nauczysz si\u0119 obstawia\u0107....","_links":{"self":[{"href":"https:\/\/rocketplay-new.com\/pl\/wp-json\/wp\/v2\/pages\/3874","targetHints":{"allow":["GET"]}}],"collection":[{"href":"https:\/\/rocketplay-new.com\/pl\/wp-json\/wp\/v2\/pages"}],"about":[{"href":"https:\/\/rocketplay-new.com\/pl\/wp-json\/wp\/v2\/types\/page"}],"author":[{"embeddable":true,"href":"https:\/\/rocketplay-new.com\/pl\/wp-json\/wp\/v2\/users\/1"}],"replies":[{"embeddable":true,"href":"https:\/\/rocketplay-new.com\/pl\/wp-json\/wp\/v2\/comments?post=3874"}],"version-history":[{"count":4,"href":"https:\/\/rocketplay-new.com\/pl\/wp-json\/wp\/v2\/pages\/3874\/revisions"}],"predecessor-version":[{"id":5659,"href":"https:\/\/rocketplay-new.com\/pl\/wp-json\/wp\/v2\/pages\/3874\/revisions\/5659"}],"up":[{"embeddable":true,"href":"https:\/\/rocketplay-new.com\/pl\/wp-json\/wp\/v2\/pages\/3713"}],"wp:attachment":[{"href":"https:\/\/rocketplay-new.com\/pl\/wp-json\/wp\/v2\/media?parent=3874"}],"curies":[{"name":"wp","href":"https:\/\/api.w.org\/{rel}","templated":true}]}}