{"id":3820,"date":"2023-01-13T18:30:54","date_gmt":"2023-01-13T15:30:54","guid":{"rendered":"https:\/\/rocketplay-new.com\/sport-betting\/american-football\/"},"modified":"2025-04-02T17:54:04","modified_gmt":"2025-04-02T14:54:04","slug":"american-football","status":"publish","type":"page","link":"https:\/\/rocketplay-new.com\/pl\/sport\/american-football\/","title":{"rendered":"Jak obstawia\u0107 futbol ameryka\u0144ski"},"content":{"rendered":"<p>Popularna rozrywka w Stanach Zjednoczonych przyci\u0105ga r\u00f3wnie\u017c fan\u00f3w sport\u00f3w hazardowych. Zak\u0142ady na futbol ameryka\u0144ski to doskona\u0142a okazja, aby szybko i skutecznie wykorzysta\u0107 r\u00f3\u017cne wyniki do wygrania. Du\u017ca liczba mecz\u00f3w i wysoka dynamika pozwol\u0105 nawet pocz\u0105tkuj\u0105cemu zrozumie\u0107 zasady i szybko zacz\u0105\u0107 zarabia\u0107. W naszym przegl\u0105dzie zebrali\u015bmy najbardziej przydatne informacje na temat zak\u0142ad\u00f3w na futbol ameryka\u0144ski.<\/p>\n<p style=\"text-align: center;\"><span style=\"font-weight: 400;\">\u00a0<div class=\"go-btn-container\"><div class=\"tosh-btn\"><a href=\"\/go-casino\/\" target=\"_blank\" rel=\"noopener\">GRAJ TERAZ<\/a><\/div><\/div> <\/span><\/p>\n<h2>WYJA\u015aNIENIE KURS\u00d3W NA FUTBOL AMERYKA\u0143SKI<\/h2>\n<p>W wi\u0119kszo\u015bci przypadk\u00f3w wyb\u00f3r witryn bukmacherskich do futbolu ameryka\u0144skiego jest trudny, poniewa\u017c na rynku jest wielu konkurent\u00f3w i oszust\u00f3w. W naszych recenzjach mo\u017cesz znale\u017a\u0107 gwarantowane niezawodne witryny bukmacherskie, poniewa\u017c szczeg\u00f3\u0142owo testujemy wszystkie funkcje firm hazardowych. Powiniene\u015b tak\u017ce podej\u015b\u0107 do swoich zak\u0142ad\u00f3w odpowiedzialnie, studiuj\u0105c og\u00f3ln\u0105 lini\u0119 zak\u0142ad\u00f3w na stronie.<\/p>\n<p>Im wi\u0119cej oferowanych mo\u017cliwych wynik\u00f3w, tym bardziej wszechstronna jest brana pod uwag\u0119 mo\u017cliwa linia zak\u0142adu. Spr\u00f3buj znale\u017a\u0107 idealne opcje i zar\u00f3b kilkadziesi\u0105t dolar\u00f3w wi\u0119cej. To Twoja szansa na zarobienie du\u017cej ilo\u015bci got\u00f3wki. Mo\u017cesz tak\u017ce wypr\u00f3bowa\u0107 r\u00f3\u017cne opcje.<\/p>\n<p>Najlepiej od razu przyjrze\u0107 si\u0119 obstawianiu zwyci\u0119zcy meczu. Jest to klasyczny typ zak\u0142adu, kt\u00f3ry spodoba si\u0119 wi\u0119kszo\u015bci graczy. Najprostszym sposobem na odgadni\u0119cie wyniku meczu jest tutaj.<\/p>\n<p>W zak\u0142adach na dru\u017cyn\u0119 Futbolu Ameryka\u0144skiego mo\u017cesz r\u00f3wnie\u017c zwr\u00f3ci\u0107 uwag\u0119 na r\u00f3\u017cne dodatkowe wyniki. Na przyk\u0142ad suma jest \u015bwietn\u0105 opcj\u0105 do kilkukrotnego zwi\u0119kszenia salda w jednym zak\u0142adzie. Poza tym warianty takiej sumy mog\u0105 by\u0107 r\u00f3\u017cne, co oznacza, \u017ce nikt nie odbierze Ci szansy na du\u017cy zarobek na raz<\/p>\n<p><img loading=\"lazy\" decoding=\"async\" class=\"aligncenter wp-image-4739\" src=\"https:\/\/rocketplay-new.com\/wp-content\/uploads\/2024\/02\/american-football-player-professional-stadium.jpg\" alt=\"American Football \" width=\"800\" height=\"400\" srcset=\"https:\/\/rocketplay-new.com\/wp-content\/uploads\/2024\/02\/american-football-player-professional-stadium.jpg 1000w, https:\/\/rocketplay-new.com\/wp-content\/uploads\/2024\/02\/american-football-player-professional-stadium-300x150.jpg 300w, https:\/\/rocketplay-new.com\/wp-content\/uploads\/2024\/02\/american-football-player-professional-stadium-768x384.jpg 768w\" sizes=\"auto, (max-width: 800px) 100vw, 800px\" \/><\/p>\n<h2>RODZAJE ZAK\u0141AD\u00d3W NA PI\u0141K\u0118 AMERYKA\u0143SK\u0104<\/h2>\n<p>Zaleca si\u0119 zwracanie uwagi na bonusy bukmacherskie na futbol ameryka\u0144ski, aby unikn\u0105\u0107 utraty du\u017cej puli na koncie. Dok\u0142adne warunki mo\u017cesz pozna\u0107 natychmiast po zarejestrowaniu konta osobistego. Przeczytaj uwa\u017cnie zasady i dowiedz si\u0119 wi\u0119cej o firmie hazardowej. Nast\u0119pnie mo\u017cesz zacz\u0105\u0107 aktywnie zarabia\u0107.<\/p>\n<p>Mo\u017cemy r\u00f3wnie\u017c poleci\u0107 nast\u0119puj\u0105ce prezenty w futbolu ameryka\u0144skim:<\/p>\n<ul>\n<li>zwi\u0119kszony cashback z ka\u017cdej przegranej dzi\u0119ki subskrypcji programu VIP;<\/li>\n<li>mo\u017cliwo\u015b\u0107 zwi\u0119kszenia depozytu poprzez pobranie dodatkowego bonusu od administracji;<\/li>\n<li>szans\u0119 na otrzymanie darmowego zak\u0142adu i nie utrat\u0119 kapita\u0142u w przypadku przegranej.<\/li>\n<\/ul>\n<p>Mo\u017ce to pom\u00f3c w zwi\u0119kszeniu oszcz\u0119dno\u015bci i stworzeniu bezpiecznej poduszki finansowej.<\/p>\n<p style=\"text-align: center;\"><span style=\"font-weight: 400;\">\u00a0<div class=\"go-btn-container\"><div class=\"tosh-btn\"><a href=\"\/go-casino\/\" target=\"_blank\" rel=\"noopener\">GRAJ TERAZ<\/a><\/div><\/div> <\/span><\/p>\n<h2>STRATEGIE ZAK\u0141AD\u00d3W NA PI\u0141K\u0118 AMERYKA\u0143SK\u0104<\/h2>\n<p>W\u015br\u00f3d najlepszych strategii i najlepszych zak\u0142ad\u00f3w na futbol ameryka\u0144ski online znajduj\u0105 si\u0119 jedne z najbardziej znanych. Konieczne jest uwa\u017cne przestrzeganie zalece\u0144 ekspert\u00f3w, aby mie\u0107 pewno\u015b\u0107, \u017ce zarobisz pieni\u0105dze i nie stracisz ca\u0142ego swojego kapita\u0142u:<\/p>\n<ul>\n<li>spr\u00f3buj podzieli\u0107 ca\u0142kowit\u0105 kwot\u0119 swojego banku na 20-30 cz\u0119\u015bci i obstawiaj nie wi\u0119cej ni\u017c 3% swojego kapita\u0142u na raz. W ten spos\u00f3b nie przegrasz wszystkiego na raz, co oznacza, \u017ce stopniowo opanujesz sztuk\u0119 hazardu;<\/li>\n<li>do zak\u0142ad\u00f3w nale\u017cy podchodzi\u0107 w spos\u00f3b zdyscyplinowany, aby nie by\u0142o problem\u00f3w podczas losowa\u0144. Nie powiniene\u015b stawia\u0107 wszystkiego na emocje lub je\u015bli chcesz wygra\u0107, poniewa\u017c doprowadzi Ci\u0119 to do wi\u0119kszych strat;<\/li>\n<li>gracze musz\u0105 uwa\u017cnie przestudiowa\u0107 zasady promocji i bonus\u00f3w, aby unikn\u0105\u0107 typowej pu\u0142apki niezrozumienia warunk\u00f3w.<\/li>\n<\/ul>\n<p>Skorzystaj ze wszystkich zalece\u0144, a wygrasz.<\/p>\n<p><img loading=\"lazy\" decoding=\"async\" class=\"aligncenter wp-image-4749\" src=\"https:\/\/rocketplay-new.com\/wp-content\/uploads\/2024\/02\/american-football-american-football-player-professional-sport-stadium.jpg\" alt=\"American Football 2\" width=\"800\" height=\"462\" srcset=\"https:\/\/rocketplay-new.com\/wp-content\/uploads\/2024\/02\/american-football-american-football-player-professional-sport-stadium.jpg 1000w, https:\/\/rocketplay-new.com\/wp-content\/uploads\/2024\/02\/american-football-american-football-player-professional-sport-stadium-300x173.jpg 300w, https:\/\/rocketplay-new.com\/wp-content\/uploads\/2024\/02\/american-football-american-football-player-professional-sport-stadium-768x443.jpg 768w\" sizes=\"auto, (max-width: 800px) 100vw, 800px\" \/><\/p>\n<h2>WNIOSEK<\/h2>\n<p>Podsumowuj\u0105c, ka\u017cdy powinien spr\u00f3bowa\u0107 obstawia\u0107 futbol ameryka\u0144ski. Jest to dynamiczna dyscyplina sportu, kt\u00f3ra spodoba si\u0119 wielu osobom ze wzgl\u0119du na ekscytuj\u0105ce bonusy i szerok\u0105 lini\u0119 zak\u0142ad\u00f3w. Mo\u017cesz teraz wypr\u00f3bowa\u0107 wszystkie korzy\u015bci na oficjalnej stronie hazardowej.<\/p>\n<h2>Cz\u0119sto zadawane pytania<\/h2>\n<p>Opr\u00f3cz wskaz\u00f3wek dotycz\u0105cych zak\u0142ad\u00f3w na futbol ameryka\u0144ski zebrali\u015bmy dla Ciebie odpowiedzi na najpopularniejsze pytania dla pocz\u0105tkuj\u0105cych. Przeczytaj przydatne informacje i zacznij aktywnie gra\u0107, aby wygra\u0107 i zarobi\u0107 du\u017co dodatkowych pieni\u0119dzy. Mo\u017cesz zacz\u0105\u0107 ju\u017c teraz na oficjalnej stronie kasyna.<\/p>\n<h3>JAKA JEST ZWYCI\u0118SKA STRATEGIA?<\/h3>\n<p>W wi\u0119kszo\u015bci przypadk\u00f3w powiniene\u015b polega\u0107 na kursach zak\u0142ad\u00f3w na futbol ameryka\u0144ski, aby poprawnie oceni\u0107 swoje szanse na sukces. Najcz\u0119\u015bciej dru\u017cyny s\u0105 gotowe pokaza\u0107 dobry wynik, wi\u0119c powiniene\u015b odpowiedzialnie przeanalizowa\u0107 nadchodz\u0105cy mecz. Spr\u00f3buj wykorzysta\u0107 wi\u0119cej mo\u017cliwo\u015bci gry, aby zarabia\u0107 pieni\u0105dze i rozwija\u0107 swoj\u0105 strategi\u0119. Tryb demonstracyjny mo\u017ce ci pom\u00f3c, je\u015bli jest aktualnie dost\u0119pny w grze.<\/p>\n<h3>NA JAK\u0104 DRU\u017bYN\u0118 NAJLEPIEJ STAWIA\u0106?<\/h3>\n<p>Wi\u0119kszo\u015b\u0107 typ\u00f3w zak\u0142ad\u00f3w na futbol ameryka\u0144ski opiera si\u0119 na analizie obu dru\u017cyn. Konieczne jest przestudiowanie przesz\u0142ej konfrontacji mi\u0119dzy organizacjami a sportowcami, kt\u00f3rzy wyst\u0105pi\u0105 w nast\u0119pnym meczu. Czasami gracze s\u0105 gotowi zaoferowa\u0107 fantastyczne show, kt\u00f3re jest trudne do przewidzenia. W przeciwnym razie mo\u017cesz od razu okre\u015bli\u0107 faworyta, a nast\u0119pnie obserwowa\u0107 sta\u0142e wygrane.<\/p>\n","protected":false},"excerpt":{"rendered":"<p>Popularna rozrywka w Stanach Zjednoczonych przyci\u0105ga r\u00f3wnie\u017c fan\u00f3w sport\u00f3w hazardowych. Zak\u0142ady na futbol ameryka\u0144ski to doskona\u0142a okazja, aby szybko i skutecznie wykorzysta\u0107 r\u00f3\u017cne wyniki do wygrania. Du\u017ca liczba mecz\u00f3w i wysoka dynamika pozwol\u0105 nawet pocz\u0105tkuj\u0105cemu zrozumie\u0107 zasady i szybko zacz\u0105\u0107 zarabia\u0107. W naszym przegl\u0105dzie zebrali\u015bmy najbardziej przydatne informacje na temat zak\u0142ad\u00f3w na futbol ameryka\u0144ski. \u00a0&#8230;<\/p>\n","protected":false},"author":1,"featured_media":0,"parent":3713,"menu_order":0,"comment_status":"closed","ping_status":"closed","template":"","meta":{"_acf_changed":false,"_kad_post_transparent":"default","_kad_post_title":"default","_kad_post_layout":"default","_kad_post_sidebar_id":"","_kad_post_content_style":"default","_kad_post_vertical_padding":"default","_kad_post_feature":"","_kad_post_feature_position":"","_kad_post_header":false,"_kad_post_footer":false,"footnotes":""},"class_list":["post-3820","page","type-page","status-publish","hentry"],"acf":[],"rttpg_featured_image_url":null,"rttpg_author":{"display_name":"John","author_link":"https:\/\/rocketplay-new.com\/pl\/author\/pemvas95n89x\/"},"rttpg_comment":0,"rttpg_category":null,"rttpg_excerpt":"Popularna rozrywka w Stanach Zjednoczonych przyci\u0105ga r\u00f3wnie\u017c fan\u00f3w sport\u00f3w hazardowych. Zak\u0142ady na futbol ameryka\u0144ski to doskona\u0142a okazja, aby szybko i skutecznie wykorzysta\u0107 r\u00f3\u017cne wyniki do wygrania. Du\u017ca liczba mecz\u00f3w i wysoka dynamika pozwol\u0105 nawet pocz\u0105tkuj\u0105cemu zrozumie\u0107 zasady i szybko zacz\u0105\u0107 zarabia\u0107. W naszym przegl\u0105dzie zebrali\u015bmy najbardziej przydatne informacje na temat zak\u0142ad\u00f3w na futbol ameryka\u0144ski. \u00a0...","_links":{"self":[{"href":"https:\/\/rocketplay-new.com\/pl\/wp-json\/wp\/v2\/pages\/3820","targetHints":{"allow":["GET"]}}],"collection":[{"href":"https:\/\/rocketplay-new.com\/pl\/wp-json\/wp\/v2\/pages"}],"about":[{"href":"https:\/\/rocketplay-new.com\/pl\/wp-json\/wp\/v2\/types\/page"}],"author":[{"embeddable":true,"href":"https:\/\/rocketplay-new.com\/pl\/wp-json\/wp\/v2\/users\/1"}],"replies":[{"embeddable":true,"href":"https:\/\/rocketplay-new.com\/pl\/wp-json\/wp\/v2\/comments?post=3820"}],"version-history":[{"count":4,"href":"https:\/\/rocketplay-new.com\/pl\/wp-json\/wp\/v2\/pages\/3820\/revisions"}],"predecessor-version":[{"id":5687,"href":"https:\/\/rocketplay-new.com\/pl\/wp-json\/wp\/v2\/pages\/3820\/revisions\/5687"}],"up":[{"embeddable":true,"href":"https:\/\/rocketplay-new.com\/pl\/wp-json\/wp\/v2\/pages\/3713"}],"wp:attachment":[{"href":"https:\/\/rocketplay-new.com\/pl\/wp-json\/wp\/v2\/media?parent=3820"}],"curies":[{"name":"wp","href":"https:\/\/api.w.org\/{rel}","templated":true}]}}