{"id":3767,"date":"2023-01-13T17:47:51","date_gmt":"2023-01-13T14:47:51","guid":{"rendered":"https:\/\/rocketplay-new.com\/sport-betting\/hockey\/"},"modified":"2025-04-02T18:04:07","modified_gmt":"2025-04-02T15:04:07","slug":"hockey","status":"publish","type":"page","link":"https:\/\/rocketplay-new.com\/pl\/sport\/hockey\/","title":{"rendered":"Jak obstawia\u0107 hokej"},"content":{"rendered":"<p>Wyb\u00f3r odpowiednich zak\u0142ad\u00f3w na hokej to najwi\u0119ksze wyzwanie dla pocz\u0105tkuj\u0105cych. Spr\u00f3buj zrozumie\u0107 specyfik\u0119 dyscypliny sportowej i wyprowad\u017a idealn\u0105 recept\u0119 na sukces. Nasz kr\u00f3tki przegl\u0105d koncentruje si\u0119 na strategiach, taktykach i zaletach zak\u0142ad\u00f3w na hokej. Zacznij zarabia\u0107 wi\u0119cej na zak\u0142adach ju\u017c teraz.<\/p>\n<p style=\"text-align: center;\"><span style=\"font-weight: 400;\">\u00a0<div class=\"go-btn-container\"><div class=\"tosh-btn\"><a href=\"\/go-casino\/\" target=\"_blank\" rel=\"noopener\">GRAJ TERAZ<\/a><\/div><\/div> <\/span><\/p>\n<h2>ZAK\u0141ADY NA LINII KR\u0104\u017bEK HOKEJOWY<\/h2>\n<p>W wi\u0119kszo\u015bci przypadk\u00f3w pocz\u0105tkuj\u0105cy s\u0105 zainteresowani darmowymi zak\u0142adami na hokej, poniewa\u017c jest to \u015bwietny spos\u00f3b na zrozumienie podstaw obstawiania i szybkie rozpocz\u0119cie zarabiania pieni\u0119dzy. Administracja niezale\u017cnie rozdziela takie bonusy dla wszystkich ch\u0119tnych na osobnej stronie promocji, dlatego zaleca si\u0119, aby spr\u00f3bowa\u0107 znale\u017a\u0107 tak\u0105 ofert\u0119 ju\u017c teraz. To tak\u017ce szansa na wypr\u00f3bowanie zak\u0142ad\u00f3w i przetestowanie r\u00f3\u017cnych strategii bez wydawania na to bud\u017cetu.<\/p>\n<p>Jednak najpopularniejszymi opcjami zak\u0142ad\u00f3w pozostaj\u0105:<\/p>\n<ul>\n<li>zwyci\u0119stwo zespo\u0142u. Trzeba uwa\u017cnie przyjrze\u0107 si\u0119 wcze\u015bniejszym spotkaniom dru\u017cyn i ich wynikom w ostatnich meczach. Zwr\u00f3\u0107 te\u017c szczeg\u00f3ln\u0105 uwag\u0119 na zmiany, kt\u00f3re cz\u0119sto si\u0119 zdarzaj\u0105 i znacz\u0105co wp\u0142ywaj\u0105 na ko\u0144cowy wynik meczu;<\/li>\n<li>ca\u0142kowita liczba zdobytych kr\u0105\u017ck\u00f3w. Popularna opcja zak\u0142ad\u00f3w dla tych, kt\u00f3rzy lubi\u0105 szybko zarobi\u0107 dobr\u0105 kwot\u0119 na swoje konto. Naj\u0142atwiej podzieli\u0107 takie kr\u0105\u017cki na trzy okresy; w zwi\u0105zku z tym mo\u017cesz wygra\u0107 a\u017c trzy razy w jednym meczu. Analiza jest do\u015b\u0107 skomplikowana, ale pozwoli Ci osi\u0105gn\u0105\u0107 doskona\u0142y zysk;<\/li>\n<li>totalnie niebezpieczne strza\u0142y. Kluczow\u0105 cech\u0105 tego typu zak\u0142ad\u00f3w jest to, \u017ce tylko profesjonali\u015bci staraj\u0105 si\u0119 gra\u0107 od niebezpiecznych kopni\u0119\u0107. Takich mecz\u00f3w mo\u017ce si\u0119 zdarzy\u0107 ca\u0142kiem sporo, a \u017ceby przestudiowa\u0107 to zagadnienie, wystarczy spojrze\u0107 na statystyki zwyci\u0119stw dru\u017cyn i zawodnik\u00f3w. Dog\u0142\u0119bna analiza i pieni\u0105dze s\u0105 w Twojej kieszeni.<\/li>\n<\/ul>\n<p>Mo\u017cesz znale\u017a\u0107 sw\u00f3j idea\u0142, je\u015bli korzystasz z jednej z witryn kasyn, kt\u00f3re mamy<\/p>\n<p>opisane. Spr\u00f3buj przestudiowa\u0107 ich funkcje w naszych recenzjach, poniewa\u017c dok\u0142adnie testujemy ka\u017cdy zas\u00f3b gier. Dzi\u0119ki temu mo\u017cesz zdoby\u0107 swoje do\u015bwiadczenie, pieni\u0105dze i mo\u017cliwo\u015b\u0107 analizowania przysz\u0142ych mecz\u00f3w.<\/p>\n<p><img loading=\"lazy\" decoding=\"async\" class=\"aligncenter wp-image-4710\" src=\"https:\/\/rocketplay-new.com\/wp-content\/uploads\/2024\/02\/hockey-players.jpg\" alt=\"Hockey betting \" width=\"800\" height=\"400\" srcset=\"https:\/\/rocketplay-new.com\/wp-content\/uploads\/2024\/02\/hockey-players.jpg 1000w, https:\/\/rocketplay-new.com\/wp-content\/uploads\/2024\/02\/hockey-players-300x150.jpg 300w, https:\/\/rocketplay-new.com\/wp-content\/uploads\/2024\/02\/hockey-players-768x384.jpg 768w\" sizes=\"auto, (max-width: 800px) 100vw, 800px\" \/><\/p>\n<h2>ZAK\u0141ADY NA HOKEJ NA \u017bYWO<\/h2>\n<p>Zak\u0142ady na \u017cywo Hokej s\u0105 r\u00f3wnie\u017c bardzo popularne, poniewa\u017c s\u0105 doskona\u0142\u0105 okazj\u0105 do zdobycia du\u017cego funduszu nagr\u00f3d, znaj\u0105c ju\u017c wynik meczu. Wystarczy rozpocz\u0105\u0107 gr\u0119 i obejrze\u0107 transmisj\u0119, a nast\u0119pnie w okre\u015blonym momencie postawi\u0107 zak\u0142ad. Najwa\u017cniejsze, \u017ceby mie\u0107 jak najwi\u0119cej nerw\u00f3w ze stali, bo sytuacja na boisku mo\u017ce zmienia\u0107 si\u0119 co kilka minut. Jest to tak trudne, jak to mo\u017cliwe, ale powiniene\u015b nauczy\u0107 si\u0119 kontrolowa\u0107 swoje emocje, a wtedy masz wszelkie szanse na wygran\u0105.<\/p>\n<p style=\"text-align: center;\"><span style=\"font-weight: 400;\">\u00a0<div class=\"go-btn-container\"><div class=\"tosh-btn\"><a href=\"\/go-casino\/\" target=\"_blank\" rel=\"noopener\">GRAJ TERAZ<\/a><\/div><\/div> <\/span><\/p>\n<h2>RODZAJE ZAK\u0141AD\u00d3W<\/h2>\n<p>Obstawianie wygranej jest popularne, poniewa\u017c pozwalaj\u0105 na to typy zak\u0142ad\u00f3w na \u017cywo na hokej na lodzie. Wi\u0119kszo\u015b\u0107 strategii opiera si\u0119 na zwyci\u0119zcy, poniewa\u017c \u0142atwiej jest przewidzie\u0107 wynik ko\u0144cowy. Mo\u017cemy zaleci\u0107 przestrzeganie prostej wskaz\u00f3wki:<\/p>\n<ol>\n<li>Przejd\u017a do strony g\u0142\u00f3wnej serwisu hazardowego online i wybierz odpowiedni mecz.<\/li>\n<li>Nast\u0119pnie postaw zak\u0142ad na dowoln\u0105 kwot\u0119 i obejrzyj mecz.<\/li>\n<li>Wybierz kilka wynik\u00f3w i przeanalizuj, kt\u00f3re z nich przynosz\u0105 wi\u0119cej pieni\u0119dzy.<\/li>\n<\/ol>\n<p>Takie podej\u015bcie pozwala przetestowa\u0107 wiele kierunk\u00f3w i wybra\u0107 najlepszy. W przeciwnym razie uzyskanie dobrych wynik\u00f3w b\u0119dzie trudniejsze.<\/p>\n<h2>WARUNKI ZAK\u0141AD\u00d3W NA HOKEJ<\/h2>\n<p>Po pierwsze, zaleca si\u0119 przestudiowanie ofert darmowych zak\u0142ad\u00f3w na hokej i wszystkich funkcji nowoczesnych zak\u0142ad\u00f3w. Zasady i przepisy kasyna s\u0105 niezb\u0119dne, poniewa\u017c je\u015bli ich nie przestrzegasz, mo\u017cesz zosta\u0107 zablokowany. Powiniene\u015b tak\u017ce nauczy\u0107 si\u0119 punkt\u00f3w niebezpiecznych i sposobu rozgrywania punkt\u00f3w karnych.<\/p>\n<p>Wszystko to pomo\u017ce Ci szybciej dostosowa\u0107 si\u0119 do typ\u00f3w zak\u0142ad\u00f3w hokejowych i zacz\u0105\u0107 czerpa\u0107 wszystkie korzy\u015bci z hazardu. Spr\u00f3buj zwi\u0119kszy\u0107 swoje zyski, a b\u0119dziesz zadowolony z wyniku.<\/p>\n<p><img loading=\"lazy\" decoding=\"async\" class=\"aligncenter wp-image-4729\" src=\"https:\/\/rocketplay-new.com\/wp-content\/uploads\/2024\/02\/professional-hockey-player-skating-ice-isolated-white.jpg\" alt=\"Hockey betting 2\" width=\"800\" height=\"437\" srcset=\"https:\/\/rocketplay-new.com\/wp-content\/uploads\/2024\/02\/professional-hockey-player-skating-ice-isolated-white.jpg 1000w, https:\/\/rocketplay-new.com\/wp-content\/uploads\/2024\/02\/professional-hockey-player-skating-ice-isolated-white-300x164.jpg 300w, https:\/\/rocketplay-new.com\/wp-content\/uploads\/2024\/02\/professional-hockey-player-skating-ice-isolated-white-768x419.jpg 768w\" sizes=\"auto, (max-width: 800px) 100vw, 800px\" \/><\/p>\n<h2>Cz\u0119sto zadawane pytania<\/h2>\n<p>Pocz\u0105tkuj\u0105cy mog\u0105 szybko opanowa\u0107 podstawowe aspekty gry. Dlatego warto zacz\u0105\u0107 czyta\u0107 cenne informacje od naszych ekspert\u00f3w. Zebrali\u015bmy dla Ciebie odpowiedzi na najpopularniejsze pytania.<\/p>\n<h3>CZY NAUKA OBSTAWIANIA NA HOKEJ JEST TRUDNA?<\/h3>\n<p>Dzi\u0119ki otwarto\u015bci zak\u0142ad\u00f3w na hokej ju\u017c w pierwszym tygodniu gry mo\u017cesz nauczy\u0107 si\u0119 wygrywa\u0107. Wystarczy spr\u00f3bowa\u0107 czego\u015b nowego i dobrze si\u0119 bawi\u0107 na oficjalnej stronie. Sprawd\u017a sekcj\u0119 bonusy i promocje, aby otrzyma\u0107 dodatkowe nagrody. Pomo\u017ce Ci to szybciej i wydajniej zarabia\u0107 prawdziwe pieni\u0105dze.<\/p>\n<h3>JAKA JEST MINIMALNA STAWKA NA HOKEJ?<\/h3>\n<p>Limit jest zwykle ustalany w zale\u017cno\u015bci od turnieju i salda. Spr\u00f3buj postawi\u0107 jednego dolara, poniewa\u017c jest to klasyczny rozmiar zak\u0142adu w zwyk\u0142ym turnieju. Jednak czasami kasyno mo\u017ce pozwoli\u0107 ci ustawi\u0107 kwot\u0119 na kilka cent\u00f3w. Jednak takie ma\u0142e zak\u0142ady s\u0105 r\u00f3wnie\u017c pomocne, poniewa\u017c pozwalaj\u0105 zrozumie\u0107 zak\u0142ady hokejowe online od wewn\u0105trz bez utraty du\u017cego kapita\u0142u.<\/p>\n<h3>KT\u00d3RY RODZAJ ZAK\u0141ADU JEST NAJBARDZIEJ OP\u0141ACALNY?<\/h3>\n<p>W trakcie gry najlepiej jest korzysta\u0107 z r\u00f3\u017cnych opcji obstawiania. Niekt\u00f3re lepiej nadaj\u0105 si\u0119 do regularnych mecz\u00f3w, podczas gdy inne idealnie sprawdzaj\u0105 si\u0119 podczas transmisji na \u017cywo. Spr\u00f3buj nauczy\u0107 si\u0119 dostosowywa\u0107 do konkretnego rodzaju gry i obstawiaj takie zak\u0142ady, kt\u00f3re mog\u0105 przynie\u015b\u0107 maksymalny zysk w stosunkowo kr\u00f3tkim czasie. Chocia\u017c najlepsz\u0105 opcj\u0105, zdaniem naszych ekspert\u00f3w, jest postawienie na liczb\u0119 bramek zdobytych w meczu.<\/p>\n","protected":false},"excerpt":{"rendered":"<p>Wyb\u00f3r odpowiednich zak\u0142ad\u00f3w na hokej to najwi\u0119ksze wyzwanie dla pocz\u0105tkuj\u0105cych. Spr\u00f3buj zrozumie\u0107 specyfik\u0119 dyscypliny sportowej i wyprowad\u017a idealn\u0105 recept\u0119 na sukces. Nasz kr\u00f3tki przegl\u0105d koncentruje si\u0119 na strategiach, taktykach i zaletach zak\u0142ad\u00f3w na hokej. Zacznij zarabia\u0107 wi\u0119cej na zak\u0142adach ju\u017c teraz. \u00a0 ZAK\u0141ADY NA LINII KR\u0104\u017bEK HOKEJOWY W wi\u0119kszo\u015bci przypadk\u00f3w pocz\u0105tkuj\u0105cy s\u0105 zainteresowani darmowymi zak\u0142adami&#8230;<\/p>\n","protected":false},"author":1,"featured_media":0,"parent":3713,"menu_order":0,"comment_status":"closed","ping_status":"closed","template":"","meta":{"_acf_changed":false,"_kad_post_transparent":"default","_kad_post_title":"default","_kad_post_layout":"default","_kad_post_sidebar_id":"","_kad_post_content_style":"default","_kad_post_vertical_padding":"default","_kad_post_feature":"","_kad_post_feature_position":"","_kad_post_header":false,"_kad_post_footer":false,"footnotes":""},"class_list":["post-3767","page","type-page","status-publish","hentry"],"acf":[],"rttpg_featured_image_url":null,"rttpg_author":{"display_name":"John","author_link":"https:\/\/rocketplay-new.com\/pl\/author\/pemvas95n89x\/"},"rttpg_comment":0,"rttpg_category":null,"rttpg_excerpt":"Wyb\u00f3r odpowiednich zak\u0142ad\u00f3w na hokej to najwi\u0119ksze wyzwanie dla pocz\u0105tkuj\u0105cych. Spr\u00f3buj zrozumie\u0107 specyfik\u0119 dyscypliny sportowej i wyprowad\u017a idealn\u0105 recept\u0119 na sukces. Nasz kr\u00f3tki przegl\u0105d koncentruje si\u0119 na strategiach, taktykach i zaletach zak\u0142ad\u00f3w na hokej. Zacznij zarabia\u0107 wi\u0119cej na zak\u0142adach ju\u017c teraz. \u00a0 ZAK\u0141ADY NA LINII KR\u0104\u017bEK HOKEJOWY W wi\u0119kszo\u015bci przypadk\u00f3w pocz\u0105tkuj\u0105cy s\u0105 zainteresowani darmowymi zak\u0142adami...","_links":{"self":[{"href":"https:\/\/rocketplay-new.com\/pl\/wp-json\/wp\/v2\/pages\/3767","targetHints":{"allow":["GET"]}}],"collection":[{"href":"https:\/\/rocketplay-new.com\/pl\/wp-json\/wp\/v2\/pages"}],"about":[{"href":"https:\/\/rocketplay-new.com\/pl\/wp-json\/wp\/v2\/types\/page"}],"author":[{"embeddable":true,"href":"https:\/\/rocketplay-new.com\/pl\/wp-json\/wp\/v2\/users\/1"}],"replies":[{"embeddable":true,"href":"https:\/\/rocketplay-new.com\/pl\/wp-json\/wp\/v2\/comments?post=3767"}],"version-history":[{"count":4,"href":"https:\/\/rocketplay-new.com\/pl\/wp-json\/wp\/v2\/pages\/3767\/revisions"}],"predecessor-version":[{"id":5696,"href":"https:\/\/rocketplay-new.com\/pl\/wp-json\/wp\/v2\/pages\/3767\/revisions\/5696"}],"up":[{"embeddable":true,"href":"https:\/\/rocketplay-new.com\/pl\/wp-json\/wp\/v2\/pages\/3713"}],"wp:attachment":[{"href":"https:\/\/rocketplay-new.com\/pl\/wp-json\/wp\/v2\/media?parent=3767"}],"curies":[{"name":"wp","href":"https:\/\/api.w.org\/{rel}","templated":true}]}}