{"id":3713,"date":"2023-01-13T15:58:26","date_gmt":"2023-01-13T12:58:26","guid":{"rendered":"https:\/\/rocketplay-new.com\/a-beginner-s-guide-to-sport-betting\/"},"modified":"2026-04-01T00:32:08","modified_gmt":"2026-03-31T21:32:08","slug":"sport","status":"publish","type":"page","link":"https:\/\/rocketplay-new.com\/pl\/sport\/","title":{"rendered":"Przewodnik dla pocz\u0105tkuj\u0105cych po zak\u0142adach sportowych"},"content":{"rendered":"<p>W wi\u0119kszo\u015bci zak\u0142ady sportowe przyci\u0105gaj\u0105 u\u017cytkownik\u00f3w z ca\u0142ego \u015bwiata, kt\u00f3rzy chc\u0105 szybko i przyjemnie zarobi\u0107 kilkaset dolar\u00f3w. Specjalnie dla takich u\u017cytkownik\u00f3w wiele kasyn otworzy\u0142o mo\u017cliwo\u015b\u0107 obstawiania wydarze\u0144 sportowych i cybersportowych. W tej chwili oferujemy wyj\u0105tkow\u0105 okazj\u0119 do odbycia kr\u00f3tkiego szkolenia i zarobienia kilka razy wi\u0119cej na zak\u0142adach.<\/p>\n<h2>KR\u00d3TKIE WPROWADZENIE DO DZIA\u0141ANIA ZAK\u0141AD\u00d3W<\/h2>\n<p>Zak\u0142ady to spos\u00f3b na wytypowanie okre\u015blonego wyniku meczu i zdobycie za niego okre\u015blonej kwoty pieni\u0119dzy. Im mniej przewidywalny wynik, tym wi\u0119cej mo\u017cesz zarobi\u0107 jednorazowo. Robi\u0105c to, obstawiasz ze stron\u0105 hazardow\u0105, kt\u00f3ra ma sprzeczne opinie. Spr\u00f3buj wykorzysta\u0107 t\u0119 wiedz\u0119, aby zarobi\u0107 wi\u0119cej pieni\u0119dzy.<\/p>\n<p>W wi\u0119kszo\u015bci przypadk\u00f3w pocz\u0105tkuj\u0105cym zaleca si\u0119 korzystanie z aplikacji zak\u0142ad\u00f3w sportowych na swoich smartfonach. To wygodny mobilny spos\u00f3b na zdobywanie pieni\u0119dzy, ogl\u0105danie transmisji, a nawet wyp\u0142acanie wygranych na kart\u0119. Wystarczy pobra\u0107 oddzieln\u0105 aplikacj\u0119 od zespo\u0142u programist\u00f3w lub skorzysta\u0107 z wersji mobilnej, z kt\u00f3rej ka\u017cdy mo\u017ce korzysta\u0107.<\/p>\n<p><img loading=\"lazy\" decoding=\"async\" class=\"aligncenter wp-image-4759\" src=\"https:\/\/rocketplay-new.com\/wp-content\/uploads\/2024\/02\/top-view-sports-gambling-money.jpg\" alt=\"sport betting\" width=\"800\" height=\"534\" srcset=\"https:\/\/rocketplay-new.com\/wp-content\/uploads\/2024\/02\/top-view-sports-gambling-money.jpg 1000w, https:\/\/rocketplay-new.com\/wp-content\/uploads\/2024\/02\/top-view-sports-gambling-money-300x200.jpg 300w, https:\/\/rocketplay-new.com\/wp-content\/uploads\/2024\/02\/top-view-sports-gambling-money-768x512.jpg 768w\" sizes=\"auto, (max-width: 800px) 100vw, 800px\" \/><\/p>\n<p>Aby zobaczy\u0107 wp\u0142yw zak\u0142ad\u00f3w, kursy mog\u0105 by\u0107 zupe\u0142nie inne. Na przyk\u0142ad postawienie 1000 $ po kursie 1,6 mo\u017ce przynie\u015b\u0107 dodatkowe 600 $ do puli. Brzmi dobrze i nie jest trudne, poniewa\u017c oznacza wyra\u017ane przyw\u00f3dztwo jednej dru\u017cyny. Inna sprawa, \u017ce mecz mo\u017ce nie p\u00f3j\u015b\u0107 zgodnie z planem. To jest dok\u0142adnie to, co musisz przewidzie\u0107, aby uzyska\u0107 w\u0142a\u015bciwy obraz gry.<\/p>\n<h2>PRZEWODNIK ZAK\u0141AD\u00d3W SPORTOWYCH, GLOSARIUSZ, WARUNKI<\/h2>\n<p>W wi\u0119kszo\u015bci przypadk\u00f3w najlepsze zak\u0142ady sportowe mog\u0105 skorzysta\u0107 z tych u\u017cytkownik\u00f3w, kt\u00f3rzy przeszli procedur\u0119 rejestracji na stronie hazardowej. Spr\u00f3buj utworzy\u0107 konto osobiste:<\/p>\n<ol>\n<li>Zarejestruj si\u0119 na stronie, kt\u00f3ra jest wymieniona w naszych recenzjach. W ten spos\u00f3b nie dasz si\u0119 nabra\u0107 oszustom i bez problemu wygrasz du\u017c\u0105 sum\u0119. Podaj tylko prawdziwe dane osobowe, aby w przysz\u0142o\u015bci nie by\u0142o problem\u00f3w z wyp\u0142at\u0105 pieni\u0119dzy na Twoje konto.<\/li>\n<li>Nast\u0119pnie skorzystaj z jednego z sugerowanych system\u00f3w p\u0142atno\u015bci, aby dokona\u0107 wp\u0142aty i otrzyma\u0107 pieni\u0105dze na swoje konto. Upewnij si\u0119, \u017ce korzystasz z systemu, kt\u00f3rego planujesz u\u017cy\u0107 do wyp\u0142aty. W takim przypadku nie b\u0119dziesz mia\u0142 problem\u00f3w z wp\u0142yni\u0119ciem pieni\u0119dzy na konto.<\/li>\n<li>Wybierz mecz na podstawie bud\u017cetu, ulubionych turniej\u00f3w, ilo\u015bci informacji do analizy i kilku innych czynnik\u00f3w. Lepiej postawi\u0107 troch\u0119 i wygra\u0107, ni\u017c postawi\u0107 wszystko i przegra\u0107 pul\u0119.<\/li>\n<\/ol>\n<p>Pami\u0119taj, aby zweryfikowa\u0107 swoje konto. Pomo\u017ce to administracji potwierdzi\u0107 Twoje prawo do posiadania konta, pe\u0142noletno\u015b\u0107 i zdolno\u015b\u0107 do gry. B\u0119dziesz tak\u017ce m\u00f3g\u0142 uzyska\u0107 zwi\u0119kszenie maksymalnych limit\u00f3w zak\u0142ad\u00f3w i unikn\u0105\u0107 problem\u00f3w z wyp\u0142atami. Procedura wi\u0105\u017ce si\u0119 z przekazaniem dokument\u00f3w osobistych, ale wszystkie dane s\u0105 zaszyfrowane i nie s\u0105 ujawniane osobom trzecim.<\/p>\n<p>W najlepszych zak\u0142adach sportowych nale\u017cy r\u00f3wnie\u017c pami\u0119ta\u0107 o takich poj\u0119ciach, jak kurs, kupon i suma. Na przyk\u0142ad suma to liczba punkt\u00f3w zdobytych w grze. Suma powy\u017cej 26,5 oznacza, \u017ce wygrasz, je\u015bli dru\u017cyna zdob\u0119dzie 27 punkt\u00f3w. Jednocze\u015bnie 26 punkt\u00f3w lub mniej oznacza przegran\u0105. Wszystko to nie jest zbyt skomplikowane, wi\u0119c b\u0119dziesz w stanie rozgry\u017a\u0107 mechanik\u0119 gry.<\/p>\n<p style=\"text-align: center;\"><span style=\"font-weight: 400;\"><div class=\"go-btn-container\"><div class=\"tosh-btn\"><a href=\"\/go-casino\/\" target=\"_blank\" rel=\"noopener\">GRAJ TERAZ<\/a><\/div><\/div> <\/span><\/p>\n<h2>PODSTAWOWE UMIEJ\u0118TNO\u015aCI OBSTAWIANIA<\/h2>\n<p>Tworz\u0105c prognozy zak\u0142ad\u00f3w sportowych, musisz zdawa\u0107 sobie spraw\u0119, \u017ce pewne cechy mog\u0105 pom\u00f3c Ci wygra\u0107. Nale\u017c\u0105 do nich analityczny spos\u00f3b my\u015blenia, w kt\u00f3rym analizujesz r\u00f3\u017cne czynniki i przetwarzasz du\u017ce ilo\u015bci informacji. Trzeba by\u0107 uwa\u017cnym i \u015bledzi\u0107 zmiany na boisku. Zamieszczenie r\u00f3\u017cnych informacji w Internecie mo\u017ce by\u0107 powodem do zmiany zak\u0142adu przed meczem.<\/p>\n<p>Ale opr\u00f3cz tego powiniene\u015b mie\u0107 pewien poziom staranno\u015bci i cierpliwo\u015bci. Dyscyplina to podstawa do ci\u0105g\u0142ego wygrywania i zarabiania na koncie. Je\u015bli wybra\u0142e\u015b okre\u015blon\u0105 strategi\u0119, powiniene\u015b pod\u0105\u017ca\u0107 ni\u0105 do ko\u0144ca. Musisz odpowiedzialnie traktowa\u0107 swoj\u0105 gr\u0119 i jak najlepiej wykorzystywa\u0107 swoje finanse. Spr\u00f3buj, a na pewno odniesiesz sukces.<\/p>\n<p><img loading=\"lazy\" decoding=\"async\" class=\"aligncenter wp-image-4768\" src=\"https:\/\/rocketplay-new.com\/wp-content\/uploads\/2024\/02\/young-hispanic-man-supporting-soccer-match-using-smartphone-sitting-by-christmas-decor-home.jpg\" alt=\"sport betting 2\" width=\"800\" height=\"534\" srcset=\"https:\/\/rocketplay-new.com\/wp-content\/uploads\/2024\/02\/young-hispanic-man-supporting-soccer-match-using-smartphone-sitting-by-christmas-decor-home.jpg 1000w, https:\/\/rocketplay-new.com\/wp-content\/uploads\/2024\/02\/young-hispanic-man-supporting-soccer-match-using-smartphone-sitting-by-christmas-decor-home-300x200.jpg 300w, https:\/\/rocketplay-new.com\/wp-content\/uploads\/2024\/02\/young-hispanic-man-supporting-soccer-match-using-smartphone-sitting-by-christmas-decor-home-768x512.jpg 768w\" sizes=\"auto, (max-width: 800px) 100vw, 800px\" \/><\/p>\n<h2>STRATEGIE ZAK\u0141AD\u00d3W SPORTOWYCH<\/h2>\n<p>Istnieje kilka porad ekspert\u00f3w dotycz\u0105cych zak\u0142ad\u00f3w sportowych, kt\u00f3re z pewno\u015bci\u0105 pomog\u0105 Ci wygra\u0107 i zdoby\u0107 pieni\u0105dze:<\/p>\n<ul>\n<li>podziel sw\u00f3j bud\u017cet na wiele cz\u0119\u015bci, aby nie straci\u0107 od razu wszystkich pieni\u0119dzy;<\/li>\n<li>zwr\u00f3\u0107 uwag\u0119 na bonusy od firmy hazardowej, kt\u00f3re mog\u0105 przynie\u015b\u0107 ci znaczny doch\u00f3d i rozweseli\u0107;<\/li>\n<li>warto skontaktowa\u0107 si\u0119 z pomoc\u0105 techniczn\u0105, je\u015bli czego\u015b nie rozumiesz. Lepiej poczeka\u0107 na odpowied\u017a specjalisty, ni\u017c p\u00f3\u017aniej mie\u0107 zablokowane konto.<\/li>\n<\/ul>\n<p>Spr\u00f3buj opracowa\u0107 swoj\u0105 strategi\u0119 i taktyk\u0119 w oparciu o do\u015bwiadczenie i analiz\u0119. Pomo\u017ce Ci to w du\u017cym stopniu zrozumie\u0107 dyscyplin\u0119 sportu i zarobi\u0107 kilka razy wi\u0119cej. Po prostu spr\u00f3buj, a b\u0119dziesz zadowolony ze swoich osza\u0142amiaj\u0105cych rezultat\u00f3w.<\/p>\n<p style=\"text-align: center;\"><span style=\"font-weight: 400;\"><div class=\"go-btn-container\"><div class=\"tosh-btn\"><a href=\"\/go-casino\/\" target=\"_blank\" rel=\"noopener\">GRAJ TERAZ<\/a><\/div><\/div> <\/span><\/p>\n<h2>Cz\u0119sto zadawane pytania<\/h2>\n<p>Dla naszych czytelnik\u00f3w przygotowali\u015bmy ma\u0142\u0105 list\u0119 popularnych pyta\u0144 od pocz\u0105tkuj\u0105cych, na kt\u00f3re odpowiedzi nie s\u0105 \u0142atwe do znalezienia. Przeczytaj pomocne informacje i skorzystaj ze wszystkich mo\u017cliwo\u015bci wygrania du\u017cej sumy.<\/p>\n<h3>JAK WYBRA\u0106 NAJLEPSZ\u0104 STRATEGI\u0118 ZAK\u0141AD\u00d3W SPORTOWYCH?<\/h3>\n<p>Najpierw musisz znale\u017a\u0107 odpowiedni\u0105 stron\u0119 z zak\u0142adami sportowymi, kt\u00f3ra b\u0119dzie spe\u0142nia\u0107 wszystkie nowoczesne standardy jako\u015bci. W\u015br\u00f3d naszych recenzji takie kasyna znajduj\u0105 si\u0119 ca\u0142y czas, dlatego zalecamy uwa\u017cne przeczytanie sekcji z poradami ekspert\u00f3w. Spr\u00f3buj znale\u017a\u0107 idealn\u0105 r\u00f3wnowag\u0119 mi\u0119dzy kwot\u0105 jednego zak\u0142adu a kursem. Dzi\u0119ki temu mniej stracisz, a wi\u0119cej zarobisz.<\/p>\n<h3>ILE LAT MOG\u0118 STAWIA\u0106?<\/h3>\n<p>Witryny hazardowe mog\u0105 by\u0107 u\u017cywane tylko przez doros\u0142ych u\u017cytkownik\u00f3w, kt\u00f3rzy uko\u0144czyli 18 lat. Ten minimalny pr\u00f3g wej\u015bcia mo\u017ce si\u0119 r\u00f3\u017cni\u0107 w zale\u017cno\u015bci od kraju lub stanu. Zalecamy szczeg\u00f3\u0142owe przestudiowanie statystyk dla Twojego regionu i zapoznanie si\u0119 ze szczeg\u00f3\u0142ami, aby unikn\u0105\u0107 nag\u0142ego zablokowania konta w przysz\u0142o\u015bci.<\/p>\n<h3>JAKA UMIEJ\u0118TNO\u015a\u0106 JEST NAJBARDZIEJ POTRZEBNA W ZAK\u0141ADACH?<\/h3>\n<p>Australijskie zak\u0142ady sportowe wymagaj\u0105 du\u017co czasu i umiej\u0119tno\u015bci analizowania ogromnych danych. Pozwoli to z g\u00f3ry przewidzie\u0107 wynik poszczeg\u00f3lnych mecz\u00f3w i wy\u0142oni\u0107 zwyci\u0119zc\u0119. Skorzystaj z okazji, aby skorzysta\u0107 z r\u00f3\u017cnych bonus\u00f3w i przeczytaj wszystkie przydatne informacje. Pomo\u017ce Ci to szybciej zarobi\u0107 du\u017c\u0105 sum\u0119 pieni\u0119dzy.<\/p>\n","protected":false},"excerpt":{"rendered":"<p>W wi\u0119kszo\u015bci zak\u0142ady sportowe przyci\u0105gaj\u0105 u\u017cytkownik\u00f3w z ca\u0142ego \u015bwiata, kt\u00f3rzy chc\u0105 szybko i przyjemnie zarobi\u0107 kilkaset dolar\u00f3w. Specjalnie dla takich u\u017cytkownik\u00f3w wiele kasyn otworzy\u0142o mo\u017cliwo\u015b\u0107 obstawiania wydarze\u0144 sportowych i cybersportowych. W tej chwili oferujemy wyj\u0105tkow\u0105 okazj\u0119 do odbycia kr\u00f3tkiego szkolenia i zarobienia kilka razy wi\u0119cej na zak\u0142adach. KR\u00d3TKIE WPROWADZENIE DO DZIA\u0141ANIA ZAK\u0141AD\u00d3W Zak\u0142ady to spos\u00f3b&#8230;<\/p>\n","protected":false},"author":1,"featured_media":0,"parent":0,"menu_order":0,"comment_status":"closed","ping_status":"closed","template":"single-no-sidebar.php","meta":{"_acf_changed":false,"_kad_post_transparent":"default","_kad_post_title":"default","_kad_post_layout":"default","_kad_post_sidebar_id":"","_kad_post_content_style":"default","_kad_post_vertical_padding":"default","_kad_post_feature":"","_kad_post_feature_position":"","_kad_post_header":false,"_kad_post_footer":false,"footnotes":""},"class_list":["post-3713","page","type-page","status-publish","hentry"],"acf":[],"rttpg_featured_image_url":null,"rttpg_author":{"display_name":"John","author_link":"https:\/\/rocketplay-new.com\/pl\/author\/pemvas95n89x\/"},"rttpg_comment":0,"rttpg_category":null,"rttpg_excerpt":"W wi\u0119kszo\u015bci zak\u0142ady sportowe przyci\u0105gaj\u0105 u\u017cytkownik\u00f3w z ca\u0142ego \u015bwiata, kt\u00f3rzy chc\u0105 szybko i przyjemnie zarobi\u0107 kilkaset dolar\u00f3w. Specjalnie dla takich u\u017cytkownik\u00f3w wiele kasyn otworzy\u0142o mo\u017cliwo\u015b\u0107 obstawiania wydarze\u0144 sportowych i cybersportowych. W tej chwili oferujemy wyj\u0105tkow\u0105 okazj\u0119 do odbycia kr\u00f3tkiego szkolenia i zarobienia kilka razy wi\u0119cej na zak\u0142adach. KR\u00d3TKIE WPROWADZENIE DO DZIA\u0141ANIA ZAK\u0141AD\u00d3W Zak\u0142ady to spos\u00f3b...","_links":{"self":[{"href":"https:\/\/rocketplay-new.com\/pl\/wp-json\/wp\/v2\/pages\/3713","targetHints":{"allow":["GET"]}}],"collection":[{"href":"https:\/\/rocketplay-new.com\/pl\/wp-json\/wp\/v2\/pages"}],"about":[{"href":"https:\/\/rocketplay-new.com\/pl\/wp-json\/wp\/v2\/types\/page"}],"author":[{"embeddable":true,"href":"https:\/\/rocketplay-new.com\/pl\/wp-json\/wp\/v2\/users\/1"}],"replies":[{"embeddable":true,"href":"https:\/\/rocketplay-new.com\/pl\/wp-json\/wp\/v2\/comments?post=3713"}],"version-history":[{"count":4,"href":"https:\/\/rocketplay-new.com\/pl\/wp-json\/wp\/v2\/pages\/3713\/revisions"}],"predecessor-version":[{"id":5650,"href":"https:\/\/rocketplay-new.com\/pl\/wp-json\/wp\/v2\/pages\/3713\/revisions\/5650"}],"wp:attachment":[{"href":"https:\/\/rocketplay-new.com\/pl\/wp-json\/wp\/v2\/media?parent=3713"}],"curies":[{"name":"wp","href":"https:\/\/api.w.org\/{rel}","templated":true}]}}