{"id":3659,"date":"2023-01-12T23:55:15","date_gmt":"2023-01-12T20:55:15","guid":{"rendered":"https:\/\/rocketplay-new.com\/live-dealer\/roulette\/"},"modified":"2025-11-25T23:18:36","modified_gmt":"2025-11-25T20:18:36","slug":"roulette","status":"publish","type":"page","link":"https:\/\/rocketplay-new.com\/pl\/live-dealer\/roulette\/","title":{"rendered":"Ruletka na \u017cywo z krupierem w Rocket Play Review"},"content":{"rendered":"<p>Krytyczn\u0105 zalet\u0105 Live Dealer Roulette jest mo\u017cliwo\u015b\u0107 nauczenia si\u0119, jak gra\u0107 na luzie i szybko zacz\u0105\u0107 zarabia\u0107 pieni\u0105dze. W wi\u0119kszo\u015bci przypadk\u00f3w gra z krupierem na \u017cywo jest zabawna i interesuj\u0105ca. Gracze uwielbiaj\u0105 si\u0119 bawi\u0107 i zadawa\u0107 pytania, na kt\u00f3re personel ch\u0119tnie odpowiada. Spr\u00f3buj zacz\u0105\u0107, a na pewno b\u0119dziesz si\u0119 dobrze bawi\u0107.<\/p>\n<p><span style=\"font-weight: 400;\"><div class=\"go-btn-container\"><div class=\"tosh-btn\"><a href=\"\/go-casino\/\" target=\"_blank\" rel=\"noopener\">GRAJ TERAZ<\/a><\/div><\/div> <\/span><\/p>\n<h2>JAK GRA\u0106 ONLINE W RULETK\u0118 NA \u017bYWO<\/h2>\n<p>Aby rozpocz\u0105\u0107 Live Dealer Roulette, kasyna online mog\u0105 si\u0119 dobrze bawi\u0107 po utworzeniu konta osobistego:<\/p>\n<ol>\n<li>Podaj dane osobowe podczas tworzenia profilu na stronie g\u0142\u00f3wnej. Pami\u0119taj, \u017ce wprowadzone dane mog\u0105 by\u0107 p\u00f3\u017aniej wykorzystane do procedury weryfikacji konta.<\/li>\n<li>Nast\u0119pnie dokonaj wp\u0142aty w dowolny dogodny dla Ciebie spos\u00f3b. Mo\u017cesz skorzysta\u0107 z klasycznych system\u00f3w p\u0142atno\u015bci lub bankowo\u015bci i kryptowalut, aby szybko zwi\u0119kszy\u0107 saldo.<\/li>\n<li>Przejd\u017a do katalogu gier i wybierz opcje na \u017cywo. Usi\u0105d\u017a przy stole i przygotuj si\u0119 na magi\u0119 wygrywania.<\/li>\n<\/ol>\n<p>Powiniene\u015b przej\u015b\u0107 przez dodatkow\u0105 procedur\u0119 weryfikacji konta. Pomo\u017ce Ci to zwi\u0119kszy\u0107 maksymalne limity zak\u0142ad\u00f3w oraz bezproblemowo korzysta\u0107 z wp\u0142at i wyp\u0142at ze swojego konta. Spr\u00f3buj wykorzysta\u0107 wszystkie zalety gier online.<\/p>\n<p><img loading=\"lazy\" decoding=\"async\" class=\"aligncenter wp-image-4836\" src=\"https:\/\/rocketplay-new.com\/wp-content\/uploads\/2024\/02\/6666.png\" alt=\"Roulette live dealer Rocket Play\" width=\"800\" height=\"455\" srcset=\"https:\/\/rocketplay-new.com\/wp-content\/uploads\/2024\/02\/6666.png 1442w, https:\/\/rocketplay-new.com\/wp-content\/uploads\/2024\/02\/6666-300x171.png 300w, https:\/\/rocketplay-new.com\/wp-content\/uploads\/2024\/02\/6666-1024x583.png 1024w, https:\/\/rocketplay-new.com\/wp-content\/uploads\/2024\/02\/6666-768x437.png 768w\" sizes=\"auto, (max-width: 800px) 100vw, 800px\" \/><\/p>\n<h2>WARIANTY RULETKI Z RZECZYWISTYMI KURSAMI NA \u017bYWO<\/h2>\n<p>Pierwsz\u0105 rzecz\u0105, kt\u00f3r\u0105 nale\u017cy zrobi\u0107, aby zagra\u0107 w ruletk\u0119 online z krupierem na \u017cywo, jest gra w klasyczn\u0105 wersj\u0119 bez dodatkowych zasad. Pomo\u017ce Ci to zrozumie\u0107 gr\u0119 i postawi\u0107 pierwsze zak\u0142ady. Nast\u0119pnie mo\u017cesz przej\u015b\u0107 do bardziej z\u0142o\u017conych odmian i ekscytuj\u0105cych kombinacji. Wypr\u00f3buj r\u00f3\u017cne warianty na g\u0142\u00f3wnej stronie wyszukiwania.<\/p>\n<p><span style=\"font-weight: 400;\"><div class=\"go-btn-container\"><div class=\"tosh-btn\"><a href=\"\/go-casino\/\" target=\"_blank\" rel=\"noopener\">GRAJ TERAZ<\/a><\/div><\/div> <\/span><\/p>\n<h2>W JAKI SPOS\u00d3B RULETKA Z DEALEREM NA \u017bYWO WYGL\u0104DA NA INNE GRY<\/h2>\n<p>W przewa\u017caj\u0105cej cz\u0119\u015bci Live Dealer Roulette Australia to wyj\u0105tkowa okazja do dobrej zabawy za ka\u017cd\u0105 wygran\u0105. Nie tylko wygrywasz i zwi\u0119kszasz swoje saldo, ale tak\u017ce mo\u017cesz chwali\u0107 si\u0119 swoimi wygranymi przed innymi u\u017cytkownikami. Wszyscy w aktywnej sesji gry widz\u0105 Twoje osi\u0105gni\u0119cia, co oznacza, \u017ce gra jest o wiele przyjemniejsza i ciekawsza.<\/p>\n<h2>RODZAJE ZAK\u0141AD\u00d3W NA RULETK\u0118 NA \u017bYWO ONLINE<\/h2>\n<p>Najcz\u0119\u015bciej u\u017cytkownicy zatrzymuj\u0105 si\u0119 na regularnych zak\u0142adach. Ale eksperci mog\u0105 udzieli\u0107 wskaz\u00f3wek Live Dealer Roulette:<\/p>\n<ul>\n<li>spr\u00f3buj podzieli\u0107 saldo i wykorzystuj nie wi\u0119cej ni\u017c jedn\u0105 setn\u0105 kapita\u0142u na raz;<\/li>\n<li>pracuj ze swoimi emocjami i staraj si\u0119 stawia\u0107 tylko te zak\u0142ady, kt\u00f3rych potrzebujesz w tej chwili;<\/li>\n<li>skorzystaj z trybu demonstracyjnego i wypr\u00f3buj r\u00f3\u017cne strategie.<\/li>\n<\/ul>\n<p>Wszystko to pomo\u017ce Ci poprawi\u0107 swoje wyniki w trakcie gry i \u015bwietnie si\u0119 bawi\u0107. Wypr\u00f3buj teraz, a ostatecznie wygrasz.<\/p>\n<p><img loading=\"lazy\" decoding=\"async\" class=\"aligncenter wp-image-4846\" src=\"https:\/\/rocketplay-new.com\/wp-content\/uploads\/2024\/02\/2223232-1.png\" alt=\"Roulette live dealer Rocket Play 2\" width=\"800\" height=\"448\" srcset=\"https:\/\/rocketplay-new.com\/wp-content\/uploads\/2024\/02\/2223232-1.png 1183w, https:\/\/rocketplay-new.com\/wp-content\/uploads\/2024\/02\/2223232-1-300x168.png 300w, https:\/\/rocketplay-new.com\/wp-content\/uploads\/2024\/02\/2223232-1-1024x573.png 1024w, https:\/\/rocketplay-new.com\/wp-content\/uploads\/2024\/02\/2223232-1-768x430.png 768w\" sizes=\"auto, (max-width: 800px) 100vw, 800px\" \/><\/p>\n<h2>Cz\u0119sto zadawane pytania<\/h2>\n<p>Specjalnie dla naszych u\u017cytkownik\u00f3w zebrali\u015bmy ma\u0142\u0105 baz\u0119 pomocnych informacji. Przejrzyj odpowiedzi na popularne pytania pocz\u0105tkuj\u0105cych, aby nie pope\u0142nia\u0107 klasycznych b\u0142\u0119d\u00f3w i szybko zarobi\u0107 maksymaln\u0105 kwot\u0119.<\/p>\n<h3>JAKIE S\u0104 ZALETY GRY Z \u017bYWYM DEALEREM?<\/h3>\n<p>G\u0142\u00f3wn\u0105 zalet\u0105 Live Dealer Roulette jest mo\u017cliwo\u015b\u0107 szybkiego opanowania gry i rozpocz\u0119cia zarabiania prawdziwych pieni\u0119dzy. Nawet pocz\u0105tkuj\u0105cy mo\u017ce zacz\u0105\u0107 wypracowywa\u0107 odpowiednie kombinacje swoich dzia\u0142a\u0144 za pomoc\u0105 prostych zasad i treningu z krupierem. Pierwszy zak\u0142ad jest cz\u0119sto \u0142atwy do postawienia, ale ten, kt\u00f3ry pozwoli zarobi\u0107 milion, jest trudny.<\/p>\n<h3>CZY WARTO ZACZ\u0104\u0106 GRA\u0106 Z MINIMALNYM BUD\u017bETEM?<\/h3>\n<p>Tak, nawet z odrobin\u0105 pieni\u0119dzy mo\u017cna szybko wygra\u0107. Wszystko dzi\u0119ki mo\u017cliwo\u015bci podwojenia dowolnego zak\u0142adu, co prowadzi do szybkiego wzrostu kapita\u0142u. B\u0119dziesz tak\u017ce m\u00f3g\u0142 wybra\u0107 strategi\u0119, kt\u00f3ra Ci odpowiada i szybko zdoby\u0107 wi\u0119cej got\u00f3wki.<\/p>\n<h3>CZY MOG\u0118 STOSOWA\u0106 NIETYPOWE TAKTYKI?<\/h3>\n<p>Ka\u017cdy gracz mo\u017ce korzysta\u0107 z unikalnych strategii w Live Dealer Roulette online, aby zdoby\u0107 wi\u0119cej pieni\u0119dzy. Jednocze\u015bnie nie powinny opiera\u0107 si\u0119 na oszukiwaniu, wi\u0119c graj ostro\u017cnie i poprawnie. Mo\u017cesz opracowa\u0107 osobist\u0105 taktyk\u0119 w specjalnym trybie demonstracyjnym bez dealera, kt\u00f3ry pozwoli ci si\u0119 uczy\u0107, aw przysz\u0142o\u015bci zarabia\u0107.<\/p>\n","protected":false},"excerpt":{"rendered":"<p>Krytyczn\u0105 zalet\u0105 Live Dealer Roulette jest mo\u017cliwo\u015b\u0107 nauczenia si\u0119, jak gra\u0107 na luzie i szybko zacz\u0105\u0107 zarabia\u0107 pieni\u0105dze. W wi\u0119kszo\u015bci przypadk\u00f3w gra z krupierem na \u017cywo jest zabawna i interesuj\u0105ca. Gracze uwielbiaj\u0105 si\u0119 bawi\u0107 i zadawa\u0107 pytania, na kt\u00f3re personel ch\u0119tnie odpowiada. Spr\u00f3buj zacz\u0105\u0107, a na pewno b\u0119dziesz si\u0119 dobrze bawi\u0107. JAK GRA\u0106 ONLINE W&#8230;<\/p>\n","protected":false},"author":1,"featured_media":0,"parent":3444,"menu_order":0,"comment_status":"closed","ping_status":"closed","template":"","meta":{"_acf_changed":false,"_kad_post_transparent":"default","_kad_post_title":"default","_kad_post_layout":"default","_kad_post_sidebar_id":"","_kad_post_content_style":"default","_kad_post_vertical_padding":"default","_kad_post_feature":"","_kad_post_feature_position":"","_kad_post_header":false,"_kad_post_footer":false,"footnotes":""},"class_list":["post-3659","page","type-page","status-publish","hentry"],"acf":[],"rttpg_featured_image_url":null,"rttpg_author":{"display_name":"John","author_link":"https:\/\/rocketplay-new.com\/pl\/author\/pemvas95n89x\/"},"rttpg_comment":0,"rttpg_category":null,"rttpg_excerpt":"Krytyczn\u0105 zalet\u0105 Live Dealer Roulette jest mo\u017cliwo\u015b\u0107 nauczenia si\u0119, jak gra\u0107 na luzie i szybko zacz\u0105\u0107 zarabia\u0107 pieni\u0105dze. W wi\u0119kszo\u015bci przypadk\u00f3w gra z krupierem na \u017cywo jest zabawna i interesuj\u0105ca. Gracze uwielbiaj\u0105 si\u0119 bawi\u0107 i zadawa\u0107 pytania, na kt\u00f3re personel ch\u0119tnie odpowiada. Spr\u00f3buj zacz\u0105\u0107, a na pewno b\u0119dziesz si\u0119 dobrze bawi\u0107. JAK GRA\u0106 ONLINE W...","_links":{"self":[{"href":"https:\/\/rocketplay-new.com\/pl\/wp-json\/wp\/v2\/pages\/3659","targetHints":{"allow":["GET"]}}],"collection":[{"href":"https:\/\/rocketplay-new.com\/pl\/wp-json\/wp\/v2\/pages"}],"about":[{"href":"https:\/\/rocketplay-new.com\/pl\/wp-json\/wp\/v2\/types\/page"}],"author":[{"embeddable":true,"href":"https:\/\/rocketplay-new.com\/pl\/wp-json\/wp\/v2\/users\/1"}],"replies":[{"embeddable":true,"href":"https:\/\/rocketplay-new.com\/pl\/wp-json\/wp\/v2\/comments?post=3659"}],"version-history":[{"count":4,"href":"https:\/\/rocketplay-new.com\/pl\/wp-json\/wp\/v2\/pages\/3659\/revisions"}],"predecessor-version":[{"id":5820,"href":"https:\/\/rocketplay-new.com\/pl\/wp-json\/wp\/v2\/pages\/3659\/revisions\/5820"}],"up":[{"embeddable":true,"href":"https:\/\/rocketplay-new.com\/pl\/wp-json\/wp\/v2\/pages\/3444"}],"wp:attachment":[{"href":"https:\/\/rocketplay-new.com\/pl\/wp-json\/wp\/v2\/media?parent=3659"}],"curies":[{"name":"wp","href":"https:\/\/api.w.org\/{rel}","templated":true}]}}