{"id":3606,"date":"2023-01-12T22:24:23","date_gmt":"2023-01-12T19:24:23","guid":{"rendered":"https:\/\/rocketplay-new.com\/live-dealer\/baccarat\/"},"modified":"2025-04-02T22:17:56","modified_gmt":"2025-04-02T19:17:56","slug":"baccarat","status":"publish","type":"page","link":"https:\/\/rocketplay-new.com\/pl\/live-dealer\/baccarat\/","title":{"rendered":"Baccarat z krupierem na \u017cywo w recenzji Rocket Play"},"content":{"rendered":"<p>Ka\u017cdy gracz mo\u017ce spr\u00f3bowa\u0107 swoich si\u0142 w Live Dealer Baccarat, poniewa\u017c jest zabawny i op\u0142acalny. Dzi\u0119ki doskonale skonstruowanemu balansowi mo\u017cesz wypr\u00f3bowa\u0107 wszystkie taktyki bez wydawania du\u017cych pieni\u0119dzy. Wypr\u00f3buj gr\u0119, a b\u0119dziesz zadowolony ze zdobytych umiej\u0119tno\u015bci i pieni\u0119dzy.<\/p>\n<p><span style=\"font-weight: 400;\"><div class=\"tosh-btn\"><a href=\"\/go-casino\/\" target=\"_blank\" rel=\"noopener\">ODBIERZ BONUS<\/a><\/div><\/span><\/p>\n<h2>PRZEWODNIK ROZGRYWKI Z BACCARATEM NA \u017bYWO<\/h2>\n<p>Jedn\u0105 z istotnych zalet internetowego Baccarat Live Dealer jest to, \u017ce nawet pocz\u0105tkuj\u0105cy mo\u017ce spr\u00f3bowa\u0107 gra\u0107 i wygra\u0107. Nawet niewielki bud\u017cet pozwoli ci udoskonali\u0107 swoje umiej\u0119tno\u015bci i wypr\u00f3bowa\u0107 r\u00f3\u017cne strategie, kt\u00f3re mog\u0105 nie by\u0107 dost\u0119pne w innych grach. B\u0119dziesz m\u00f3g\u0142 r\u00f3wnie\u017c skorzysta\u0107 z nowoczesnych taktyk innych u\u017cytkownik\u00f3w, aby poprawi\u0107 swoje wyniki.<\/p>\n<p><img loading=\"lazy\" decoding=\"async\" class=\"aligncenter wp-image-4894\" src=\"https:\/\/rocketplay-new.com\/wp-content\/uploads\/2024\/02\/7777.png\" alt=\"Live Dealer Baccarat Rocket Play\" width=\"800\" height=\"451\" srcset=\"https:\/\/rocketplay-new.com\/wp-content\/uploads\/2024\/02\/7777.png 1443w, https:\/\/rocketplay-new.com\/wp-content\/uploads\/2024\/02\/7777-300x169.png 300w, https:\/\/rocketplay-new.com\/wp-content\/uploads\/2024\/02\/7777-1024x577.png 1024w, https:\/\/rocketplay-new.com\/wp-content\/uploads\/2024\/02\/7777-768x433.png 768w\" sizes=\"auto, (max-width: 800px) 100vw, 800px\" \/><\/p>\n<p>Pocz\u0105tek gry najcz\u0119\u015bciej wygl\u0105da tak:<\/p>\n<ol>\n<li>Wchodzisz na oficjaln\u0105 stron\u0119 kasyna i ko\u0144czysz rejestracj\u0119, podaj\u0105c dane osobowe do dalszej weryfikacji.<\/li>\n<li>Nast\u0119pnie wygodnie do\u0142adujesz konto i przejdziesz do katalogu rozrywki. St\u00f3\u0142 wybieraj ostro\u017cnie, poniewa\u017c r\u00f3\u017cni\u0105 si\u0119 one nie tylko krupierem, ale tak\u017ce limitami zak\u0142ad\u00f3w i maksymaln\u0105 liczb\u0105 u\u017cytkownik\u00f3w.<\/li>\n<li>Postaw zak\u0142ad na konkretny wynik i zdob\u0105d\u017a pieni\u0105dze. Zwracaj uwag\u0119 na karty, kt\u00f3re wypadn\u0105, bo od tego zale\u017cy ostateczna nagroda.<\/li>\n<\/ol>\n<p>Nie zapomnij zweryfikowa\u0107 swojej to\u017csamo\u015bci, aby w przysz\u0142o\u015bci nie by\u0142o problem\u00f3w z wyp\u0142at\u0105 lub wp\u0142at\u0105.<\/p>\n<p><span style=\"font-weight: 400;\"><div class=\"tosh-btn\"><a href=\"\/go-casino\/\" target=\"_blank\" rel=\"noopener\">ODBIERZ BONUS<\/a><\/div><\/span><\/p>\n<h2>R\u00d3\u017bNE WARIANTY BACCARATA Z DEALERAMI NA \u017bYWO<\/h2>\n<p>Na oficjalnej stronie kasyna online Live Dealer Baccarat Australia prezentowane jest w kilku wariantach, aby\u015b m\u00f3g\u0142 wybra\u0107 najbardziej odpowiedni. Spr\u00f3buj po\u0142\u0105czy\u0107 fascynuj\u0105c\u0105 rozgrywk\u0119 i r\u00f3wnowag\u0119 pod wzgl\u0119dem spadaj\u0105cych kart. Pozwoli Ci to sprawniej rozpocz\u0105\u0107 gr\u0119 i zarobi\u0107 wi\u0119cej pieni\u0119dzy.<\/p>\n<p>Mo\u017cesz tak\u017ce spr\u00f3bowa\u0107 nietypowych wariant\u00f3w bakarata, aby poprawi\u0107 swoje wyniki. Nale\u017c\u0105 do nich te z minimalnym zestawem kart lub mno\u017ceniem wygranych. Mo\u017cesz tak\u017ce u\u017cy\u0107 bonus\u00f3w, aby poprawi\u0107 swoje wyniki podczas wygranych.<\/p>\n<h2>WSKAZ\u00d3WKI DOTYCZ\u0104CE GRANIA W BAKKARATA NA \u017bYWO Z DEALERAMI<\/h2>\n<p>Istnieje kilka krytycznych zalece\u0144 dotycz\u0105cych najlepszego internetowego Baccarata z krupierem na \u017cywo, kt\u00f3ry Ci si\u0119 spodoba:<\/p>\n<ul>\n<li>obserwuj swoje emocje i nie stawiaj ryzykownych zak\u0142ad\u00f3w;<\/li>\n<li>zwracaj wi\u0119ksz\u0105 uwag\u0119 na sw\u00f3j kapita\u0142, aby nie straci\u0107 wszystkich pieni\u0119dzy;<\/li>\n<li>post\u0119puj zgodnie z wybran\u0105 strategi\u0105, aby nie by\u0107 przegranym.<\/li>\n<\/ul>\n<p>Musisz traktowa\u0107 swoje pieni\u0105dze tak odpowiedzialnie, jak to tylko mo\u017cliwe i efektywnie nimi zarz\u0105dza\u0107. Tylko w takim przypadku b\u0119dziesz w stanie osi\u0105gn\u0105\u0107 imponuj\u0105ce wyniki w jak najkr\u00f3tszym czasie i odebra\u0107 wygran\u0105. Nie zapomnij o trybie demonstracyjnym, kt\u00f3ry gwarantuje satysfakcj\u0119.<\/p>\n<p><img loading=\"lazy\" decoding=\"async\" class=\"aligncenter wp-image-4903\" src=\"https:\/\/rocketplay-new.com\/wp-content\/uploads\/2024\/02\/77777777777777.png\" alt=\"Live Dealer Baccarat Rocket Play 2\" width=\"800\" height=\"456\" srcset=\"https:\/\/rocketplay-new.com\/wp-content\/uploads\/2024\/02\/77777777777777.png 1193w, https:\/\/rocketplay-new.com\/wp-content\/uploads\/2024\/02\/77777777777777-300x171.png 300w, https:\/\/rocketplay-new.com\/wp-content\/uploads\/2024\/02\/77777777777777-1024x584.png 1024w, https:\/\/rocketplay-new.com\/wp-content\/uploads\/2024\/02\/77777777777777-768x438.png 768w\" sizes=\"auto, (max-width: 800px) 100vw, 800px\" \/><\/p>\n<h2>Cz\u0119sto zadawane pytania<\/h2>\n<p>Tutaj nasi najlepsi eksperci skompilowali ma\u0142\u0105 baz\u0119 danych, aby pom\u00f3c nowicjuszom zapozna\u0107 si\u0119 ze wszystkimi ekscytuj\u0105cymi aspektami hazardu. Spr\u00f3buj przeczyta\u0107 odpowiedzi na popularne pytania, aby zacz\u0105\u0107 efektywnie gra\u0107.<\/p>\n<h3>JAKIE S\u0104 ZALETY GRA W BACCARAT Z \u017bYWYM KUPUJ\u0104CYM?<\/h3>\n<p>Krytyczn\u0105 zalet\u0105 Live Dealer Baccarat jest ci\u0105g\u0142a nowo\u015b\u0107 i mo\u017cliwo\u015b\u0107 komunikowania si\u0119 z krupierem. Istnieje r\u00f3wnie\u017c czat na \u017cywo, w kt\u00f3rym u\u017cytkownicy mog\u0105 zadawa\u0107 pytania lub wymienia\u0107 wra\u017cenia. To \u015bwietny spos\u00f3b na dobr\u0105 zabaw\u0119 i czerpanie przyjemno\u015bci z hazardu.<\/p>\n<h3>CZY WARTO ZACZ\u0104\u0106 GRA\u0106 Z MINIMALNYM BUD\u017bETEM?<\/h3>\n<p>Nawet przy odrobinie pieni\u0119dzy pocz\u0105tkuj\u0105cy mog\u0105 zwi\u0119kszy\u0107 sw\u00f3j kapita\u0142 i szybko nauczy\u0107 si\u0119, jak prawid\u0142owo umieszcza\u0107 kombinacje kart. Wystarczy zrozumie\u0107 podstawowe mechaniki i wypr\u00f3bowa\u0107 nowe taktyki w\u0142asnymi r\u0119kami. Dzi\u0119ki temu nie b\u0119dzie przeszk\u00f3d w osi\u0105ganiu cel\u00f3w.<\/p>\n<h3>JAK\u0104 TAKTYK\u0118 MO\u017bNA ZASTOSOWA\u0106?<\/h3>\n<p>Wszystkie mo\u017cliwe strategie s\u0105 dost\u0119pne w grze, kt\u00f3ra nie narusza zasad. Dlatego zaleca si\u0119 uwa\u017cne przeczytanie ca\u0142ej sekcji unikalnych narusze\u0144 i przepis\u00f3w, kt\u00f3re podaje kasyno. W takim przypadku nie b\u0119dziesz mia\u0142 problem\u00f3w z przestrzeganiem wszystkich zasad i b\u0119dziesz m\u00f3g\u0142 rozwin\u0105\u0107 swoj\u0105 taktyk\u0119 do granic mo\u017cliwo\u015bci.<\/p>\n","protected":false},"excerpt":{"rendered":"<p>Ka\u017cdy gracz mo\u017ce spr\u00f3bowa\u0107 swoich si\u0142 w Live Dealer Baccarat, poniewa\u017c jest zabawny i op\u0142acalny. Dzi\u0119ki doskonale skonstruowanemu balansowi mo\u017cesz wypr\u00f3bowa\u0107 wszystkie taktyki bez wydawania du\u017cych pieni\u0119dzy. Wypr\u00f3buj gr\u0119, a b\u0119dziesz zadowolony ze zdobytych umiej\u0119tno\u015bci i pieni\u0119dzy. PRZEWODNIK ROZGRYWKI Z BACCARATEM NA \u017bYWO Jedn\u0105 z istotnych zalet internetowego Baccarat Live Dealer jest to, \u017ce nawet&#8230;<\/p>\n","protected":false},"author":1,"featured_media":0,"parent":3444,"menu_order":0,"comment_status":"closed","ping_status":"closed","template":"","meta":{"_acf_changed":false,"_kad_post_transparent":"default","_kad_post_title":"default","_kad_post_layout":"default","_kad_post_sidebar_id":"","_kad_post_content_style":"default","_kad_post_vertical_padding":"default","_kad_post_feature":"","_kad_post_feature_position":"","_kad_post_header":false,"_kad_post_footer":false,"footnotes":""},"class_list":["post-3606","page","type-page","status-publish","hentry"],"acf":[],"rttpg_featured_image_url":null,"rttpg_author":{"display_name":"John","author_link":"https:\/\/rocketplay-new.com\/pl\/author\/pemvas95n89x\/"},"rttpg_comment":0,"rttpg_category":null,"rttpg_excerpt":"Ka\u017cdy gracz mo\u017ce spr\u00f3bowa\u0107 swoich si\u0142 w Live Dealer Baccarat, poniewa\u017c jest zabawny i op\u0142acalny. Dzi\u0119ki doskonale skonstruowanemu balansowi mo\u017cesz wypr\u00f3bowa\u0107 wszystkie taktyki bez wydawania du\u017cych pieni\u0119dzy. Wypr\u00f3buj gr\u0119, a b\u0119dziesz zadowolony ze zdobytych umiej\u0119tno\u015bci i pieni\u0119dzy. PRZEWODNIK ROZGRYWKI Z BACCARATEM NA \u017bYWO Jedn\u0105 z istotnych zalet internetowego Baccarat Live Dealer jest to, \u017ce nawet...","_links":{"self":[{"href":"https:\/\/rocketplay-new.com\/pl\/wp-json\/wp\/v2\/pages\/3606","targetHints":{"allow":["GET"]}}],"collection":[{"href":"https:\/\/rocketplay-new.com\/pl\/wp-json\/wp\/v2\/pages"}],"about":[{"href":"https:\/\/rocketplay-new.com\/pl\/wp-json\/wp\/v2\/types\/page"}],"author":[{"embeddable":true,"href":"https:\/\/rocketplay-new.com\/pl\/wp-json\/wp\/v2\/users\/1"}],"replies":[{"embeddable":true,"href":"https:\/\/rocketplay-new.com\/pl\/wp-json\/wp\/v2\/comments?post=3606"}],"version-history":[{"count":4,"href":"https:\/\/rocketplay-new.com\/pl\/wp-json\/wp\/v2\/pages\/3606\/revisions"}],"predecessor-version":[{"id":5794,"href":"https:\/\/rocketplay-new.com\/pl\/wp-json\/wp\/v2\/pages\/3606\/revisions\/5794"}],"up":[{"embeddable":true,"href":"https:\/\/rocketplay-new.com\/pl\/wp-json\/wp\/v2\/pages\/3444"}],"wp:attachment":[{"href":"https:\/\/rocketplay-new.com\/pl\/wp-json\/wp\/v2\/media?parent=3606"}],"curies":[{"name":"wp","href":"https:\/\/api.w.org\/{rel}","templated":true}]}}