{"id":3551,"date":"2023-01-12T14:36:58","date_gmt":"2023-01-12T11:36:58","guid":{"rendered":"https:\/\/rocketplay-new.com\/live-dealer\/poker\/"},"modified":"2025-04-03T20:15:21","modified_gmt":"2025-04-03T17:15:21","slug":"poker","status":"publish","type":"page","link":"https:\/\/rocketplay-new.com\/pl\/live-dealer\/poker\/","title":{"rendered":"Recenzja pokera z krupierem na \u017cywo w Rocket Play"},"content":{"rendered":"<p>Ka\u017cdy u\u017cytkownik zarejestrowany w kasynie mo\u017ce zacz\u0105\u0107 zabaw\u0119 w pokera z krupierem na \u017cywo. To przyjemna rozrywka, na kt\u00f3r\u0105 ka\u017cdy mo\u017ce sobie pozwoli\u0107. B\u0119dziesz mia\u0142 r\u00f3wnie\u017c szans\u0119 wygra\u0107 du\u017c\u0105 sum\u0119 dzi\u0119ki szkoleniu odbytemu w trybie demonstracyjnym. Spr\u00f3buj swoich si\u0142 ju\u017c teraz, a my opowiemy Ci o zaletach gry w kasynie.<\/p>\n<p><span style=\"font-weight: 400;\">\u00a0<div class=\"go-btn-container\"><div class=\"tosh-btn\"><a href=\"\/go-casino\/\" target=\"_blank\" rel=\"noopener\">GRAJ TERAZ<\/a><\/div><\/div> <\/span><\/p>\n<h2>NAJLEPSZE GRY W POKERA NA \u017bYWO<\/h2>\n<p>Najlepszym sposobem gry w pokera na \u017cywo z krupierem jest oficjalne kasyno. Pozwoli ci to zagwarantowa\u0107 wygran\u0105 i nie da\u0107 si\u0119 z\u0142apa\u0107 oszustom. Wypr\u00f3buj r\u00f3\u017cne odmiany gry, w tym ruletk\u0119, blackjacka i bakarata.<\/p>\n<h2>CZYM JEST POKER?<\/h2>\n<p>Poker to gra karciana, w kt\u00f3rej mo\u017cna obstawia\u0107 pieni\u0105dze i wygrywa\u0107. W pokerze online z krupierem na \u017cywo musisz po\u0142\u0105czy\u0107 swoje karty z kartami krupiera. Spr\u00f3buj pokona\u0107 wielu u\u017cytkownik\u00f3w i odbierz wszystkie nagrody osobi\u015bcie.<\/p>\n<p><img loading=\"lazy\" decoding=\"async\" class=\"aligncenter wp-image-4856\" src=\"https:\/\/rocketplay-new.com\/wp-content\/uploads\/2024\/02\/beautiful-girl-dealer-table-game-poker-dealer-deals-cards-he-is-looking-camera.jpg\" alt=\"Live Dealer Poker Rocket Play\" width=\"800\" height=\"534\" srcset=\"https:\/\/rocketplay-new.com\/wp-content\/uploads\/2024\/02\/beautiful-girl-dealer-table-game-poker-dealer-deals-cards-he-is-looking-camera.jpg 1000w, https:\/\/rocketplay-new.com\/wp-content\/uploads\/2024\/02\/beautiful-girl-dealer-table-game-poker-dealer-deals-cards-he-is-looking-camera-300x200.jpg 300w, https:\/\/rocketplay-new.com\/wp-content\/uploads\/2024\/02\/beautiful-girl-dealer-table-game-poker-dealer-deals-cards-he-is-looking-camera-768x512.jpg 768w\" sizes=\"auto, (max-width: 800px) 100vw, 800px\" \/><\/p>\n<h2>JAK WYGRA\u0106 W POKERZE NA \u017bYWO Z DEALEREM ONLINE<\/h2>\n<p>Najprostsz\u0105 strategi\u0105 do zastosowania jest redukcja ryzyka. Staraj si\u0119 regularnie stawia\u0107 minimaln\u0105 stawk\u0119 i cz\u0119sto rezygnuj z kart. W takim przypadku nie b\u0119dziesz musia\u0142 traci\u0107 pieni\u0119dzy i b\u0119dziesz m\u00f3g\u0142 wybra\u0107 odpowiedni moment na niesamowit\u0105 wygran\u0105. Pami\u0119taj, aby wykorzysta\u0107 ka\u017cd\u0105 mo\u017cliw\u0105 przewag\u0119, aby wygra\u0107, z kt\u00f3rego b\u0119dziesz si\u0119 cieszy\u0107.<\/p>\n<p><span style=\"font-weight: 400;\">\u00a0<div class=\"go-btn-container\"><div class=\"tosh-btn\"><a href=\"\/go-casino\/\" target=\"_blank\" rel=\"noopener\">GRAJ TERAZ<\/a><\/div><\/div> <\/span><\/p>\n<h2>BONUSY POKERA NA \u017bYWO<\/h2>\n<p>W wi\u0119kszo\u015bci przypadk\u00f3w u\u017cytkownicy mog\u0105 szybko i skutecznie uzyska\u0107 wiele doskona\u0142ych bonus\u00f3w u najlepszego pokera z krupierem na \u017cywo. Wszystko dzi\u0119ki administracji kasyna online, kt\u00f3ra stara si\u0119 poprawi\u0107 wra\u017cenia z gry ka\u017cdego u\u017cytkownika. Spr\u00f3buj odebra\u0107 sw\u00f3j prezent, a znajdziesz si\u0119 na stronie oficjalnych promocji i ofert specjalnych.<\/p>\n<p>Do najpopularniejszych opcji nale\u017c\u0105:<\/p>\n<ul>\n<li>zwrot got\u00f3wki. To szansa na odzyskanie cz\u0119\u015bci wydanych pieni\u0119dzy dzi\u0119ki specjalnej promocji. B\u0119dziesz musia\u0142 je odzyska\u0107, aby odebra\u0107 lub kontynuowa\u0107 obstawianie na stronie kasyna;<\/li>\n<li>podwy\u017cszenie depozytu. Doskona\u0142a opcja dla pocz\u0105tkuj\u0105cych, kt\u00f3ra kilkakrotnie zwi\u0119kszy Twoj\u0105 inwestycj\u0119. Kwota otrzymanego bonusu b\u0119dzie musia\u0142a zosta\u0107 postawiona w grze, wi\u0119c przygotuj si\u0119 na dobr\u0105 zabaw\u0119;<\/li>\n<li>darmowy zak\u0142ad. To \u015bwietna okazja, aby poprawi\u0107 swoje wyniki i spr\u00f3bowa\u0107 szcz\u0119\u015bcia. Zagraj w jeden zak\u0142ad za darmo, aw przypadku wygranej zgarnij wszystkie pieni\u0105dze.<\/li>\n<\/ul>\n<p>Postaraj si\u0119 zarobi\u0107 kilka razy wi\u0119cej i w\u0142a\u015bciwie zarz\u0105dzaj swoimi pieni\u0119dzmi. Pomo\u017ce to poprawi\u0107 sytuacj\u0119 w grze i zarobi\u0107 kilka razy wi\u0119cej dla siebie.<\/p>\n<p><img loading=\"lazy\" decoding=\"async\" class=\"aligncenter wp-image-4865\" src=\"https:\/\/rocketplay-new.com\/wp-content\/uploads\/2024\/02\/friends-having-fun-while-playing-poker.jpg\" alt=\"Live Dealer Poker Rocket Play 2\" width=\"800\" height=\"534\" srcset=\"https:\/\/rocketplay-new.com\/wp-content\/uploads\/2024\/02\/friends-having-fun-while-playing-poker.jpg 1000w, https:\/\/rocketplay-new.com\/wp-content\/uploads\/2024\/02\/friends-having-fun-while-playing-poker-300x200.jpg 300w, https:\/\/rocketplay-new.com\/wp-content\/uploads\/2024\/02\/friends-having-fun-while-playing-poker-768x513.jpg 768w\" sizes=\"auto, (max-width: 800px) 100vw, 800px\" \/><\/p>\n<h2>CZ\u0118STO ZADAWANE PYTANIA DOTYCZ\u0104CE POKERA NA \u017bYWO<\/h2>\n<p>Zalecamy przeczytanie popularnych odpowiedzi na pytania pocz\u0105tkuj\u0105cych. Dzi\u0119ki temu nie b\u0119dziesz traci\u0107 czasu na szkolenia i od razu zaczniesz aktywnie zarabia\u0107. Spr\u00f3buj dowiedzie\u0107 si\u0119 nowych przydatnych informacji.<\/p>\n<h3>GDZIE ZNALE\u0179\u0106 DOBREGO SPRZEDAWC\u0118?<\/h3>\n<p>Zalecamy wypr\u00f3bowanie r\u00f3\u017cnych sto\u0142\u00f3w w pokerze z krupierem na \u017cywo, ka\u017cdy ze swoim krupierem. Dzi\u0119ki temu b\u0119dziesz m\u00f3g\u0142 znacznie efektywniej zacz\u0105\u0107 zarabia\u0107, bo sama gra bardziej ci si\u0119 spodoba. B\u0119dziesz tak\u017ce m\u00f3g\u0142 nauczy\u0107 si\u0119 r\u00f3\u017cnych styl\u00f3w imprezowania, co daje ci pewne korzy\u015bci na d\u0142u\u017csz\u0105 met\u0119.<\/p>\n<h3>ILE PIENI\u0118DZY MUSISZ ZNALE\u0179\u0106, ABY ZAGRA\u0106 W GR\u0118?<\/h3>\n<p>Eksperci zalecaj\u0105 posiadanie co najmniej 15-20 dolar\u00f3w, aby postawi\u0107 kilka minimalnych zak\u0142ad\u00f3w i zrozumie\u0107 istot\u0119 rozrywki. To znacznie u\u0142atwi ci nauk\u0119 zabawy i zabawy. Mo\u017cesz r\u00f3wnie\u017c zwi\u0119kszy\u0107 swoje dochody, je\u015bli odpowiednio zarz\u0105dzasz swoim kapita\u0142em i dokonujesz odpowiednich zak\u0142ad\u00f3w.<\/p>\n<h3>CZY MOG\u0118 STOSOWA\u0106 NIETYPOWE TAKTYKI?<\/h3>\n<p>Ka\u017cdy zarejestrowany u\u017cytkownik ma prawo do wypracowania swojej strategii, kt\u00f3ra w efekcie pozwoli zarobi\u0107 kilka razy wi\u0119cej ni\u017c zwykle. Najwa\u017cniejsze to nauczy\u0107 si\u0119 korzysta\u0107 z trybu demonstracyjnego, kt\u00f3ry daje prawo do pope\u0142niania b\u0142\u0119d\u00f3w i nie odbiera kaucji w przypadku przegranej. Wypr\u00f3buj r\u00f3\u017cne warianty gry, a na pewno znajdziesz idealny dla siebie.<\/p>\n","protected":false},"excerpt":{"rendered":"<p>Ka\u017cdy u\u017cytkownik zarejestrowany w kasynie mo\u017ce zacz\u0105\u0107 zabaw\u0119 w pokera z krupierem na \u017cywo. To przyjemna rozrywka, na kt\u00f3r\u0105 ka\u017cdy mo\u017ce sobie pozwoli\u0107. B\u0119dziesz mia\u0142 r\u00f3wnie\u017c szans\u0119 wygra\u0107 du\u017c\u0105 sum\u0119 dzi\u0119ki szkoleniu odbytemu w trybie demonstracyjnym. Spr\u00f3buj swoich si\u0142 ju\u017c teraz, a my opowiemy Ci o zaletach gry w kasynie. \u00a0 NAJLEPSZE GRY W POKERA&#8230;<\/p>\n","protected":false},"author":1,"featured_media":0,"parent":3444,"menu_order":0,"comment_status":"closed","ping_status":"closed","template":"","meta":{"_acf_changed":false,"_kad_post_transparent":"default","_kad_post_title":"default","_kad_post_layout":"default","_kad_post_sidebar_id":"","_kad_post_content_style":"default","_kad_post_vertical_padding":"default","_kad_post_feature":"","_kad_post_feature_position":"","_kad_post_header":false,"_kad_post_footer":false,"footnotes":""},"class_list":["post-3551","page","type-page","status-publish","hentry"],"acf":[],"rttpg_featured_image_url":null,"rttpg_author":{"display_name":"John","author_link":"https:\/\/rocketplay-new.com\/pl\/author\/pemvas95n89x\/"},"rttpg_comment":0,"rttpg_category":null,"rttpg_excerpt":"Ka\u017cdy u\u017cytkownik zarejestrowany w kasynie mo\u017ce zacz\u0105\u0107 zabaw\u0119 w pokera z krupierem na \u017cywo. To przyjemna rozrywka, na kt\u00f3r\u0105 ka\u017cdy mo\u017ce sobie pozwoli\u0107. B\u0119dziesz mia\u0142 r\u00f3wnie\u017c szans\u0119 wygra\u0107 du\u017c\u0105 sum\u0119 dzi\u0119ki szkoleniu odbytemu w trybie demonstracyjnym. Spr\u00f3buj swoich si\u0142 ju\u017c teraz, a my opowiemy Ci o zaletach gry w kasynie. \u00a0 NAJLEPSZE GRY W POKERA...","_links":{"self":[{"href":"https:\/\/rocketplay-new.com\/pl\/wp-json\/wp\/v2\/pages\/3551","targetHints":{"allow":["GET"]}}],"collection":[{"href":"https:\/\/rocketplay-new.com\/pl\/wp-json\/wp\/v2\/pages"}],"about":[{"href":"https:\/\/rocketplay-new.com\/pl\/wp-json\/wp\/v2\/types\/page"}],"author":[{"embeddable":true,"href":"https:\/\/rocketplay-new.com\/pl\/wp-json\/wp\/v2\/users\/1"}],"replies":[{"embeddable":true,"href":"https:\/\/rocketplay-new.com\/pl\/wp-json\/wp\/v2\/comments?post=3551"}],"version-history":[{"count":4,"href":"https:\/\/rocketplay-new.com\/pl\/wp-json\/wp\/v2\/pages\/3551\/revisions"}],"predecessor-version":[{"id":5811,"href":"https:\/\/rocketplay-new.com\/pl\/wp-json\/wp\/v2\/pages\/3551\/revisions\/5811"}],"up":[{"embeddable":true,"href":"https:\/\/rocketplay-new.com\/pl\/wp-json\/wp\/v2\/pages\/3444"}],"wp:attachment":[{"href":"https:\/\/rocketplay-new.com\/pl\/wp-json\/wp\/v2\/media?parent=3551"}],"curies":[{"name":"wp","href":"https:\/\/api.w.org\/{rel}","templated":true}]}}