{"id":3497,"date":"2023-01-11T01:02:46","date_gmt":"2023-01-10T22:02:46","guid":{"rendered":"https:\/\/rocketplay-new.com\/live-dealer\/blackjack\/"},"modified":"2025-04-03T19:59:58","modified_gmt":"2025-04-03T16:59:58","slug":"blackjack","status":"publish","type":"page","link":"https:\/\/rocketplay-new.com\/pl\/live-dealer\/blackjack\/","title":{"rendered":"Recenzja blackjacka z krupierem na \u017cywo w Rocket Play"},"content":{"rendered":"<p>Podstawow\u0105 zalet\u0105 krupiera w blackjacku na \u017cywo jest niski pr\u00f3g wej\u015bcia i doskona\u0142e bonusy dla graczy. Ka\u017cdy mo\u017ce przej\u015b\u0107 do sekcji katalogu i wybra\u0107 odpowiedni\u0105 opcj\u0119 blackjacka. Mo\u017cesz tak\u017ce wygra\u0107 maksymaln\u0105 kwot\u0119 pieni\u0119dzy w ci\u0105gu zaledwie kilku minut, poniewa\u017c karty s\u0105 rozdawane uczciwie. Gra staje si\u0119 jeszcze przyjemniejsza z krupierem.<\/p>\n<p><span style=\"font-weight: 400;\"><div class=\"go-btn-container\"><div class=\"tosh-btn\"><a href=\"\/go-casino\/\" target=\"_blank\" rel=\"noopener\">GRAJ TERAZ<\/a><\/div><\/div> <\/span><\/p>\n<h2>DLACZEGO WARTO GRA\u0106 W BLACKJACKA Z DEALEREM NA \u017bYWO<\/h2>\n<p>Najlepsz\u0105 odpowiedzi\u0105 na to pytanie jest Blackjack online z krupierem na \u017cywo. To zabawne i ekscytuj\u0105ce, poniewa\u017c zwyk\u0142a gra szybko si\u0119 nudzi. Mo\u017cesz \u0142adnie komunikowa\u0107 si\u0119 z krupierem i innymi graczami na serwerze. To sprawia, \u017ce kasyno jest bardziej ekscytuj\u0105ce i zapewnia lepsz\u0105 rozrywk\u0119.<\/p>\n<p>Ponadto sprzedawca mo\u017ce ci co\u015b powiedzie\u0107 lub odpowiedzie\u0107 na pytanie. To sprawia, \u017ce gra wydaje si\u0119 bardziej dynamiczna i mo\u017cesz stawia\u0107 wy\u017csze zak\u0142ady. Masz r\u00f3wnie\u017c mo\u017cliwo\u015b\u0107 wyboru odpowiedniego sto\u0142u, kt\u00f3ry pomo\u017ce Ci efektywniej rozpocz\u0105\u0107 zabaw\u0119. Nadal lepiej jest gra\u0107 z lud\u017ami z takim samym bud\u017cetem jak ty.<\/p>\n<p><img loading=\"lazy\" decoding=\"async\" class=\"aligncenter wp-image-4875\" src=\"https:\/\/rocketplay-new.com\/wp-content\/uploads\/2024\/02\/666666.png\" alt=\"Live Dealer Blackjack Rocket Play\" width=\"800\" height=\"440\" srcset=\"https:\/\/rocketplay-new.com\/wp-content\/uploads\/2024\/02\/666666.png 1455w, https:\/\/rocketplay-new.com\/wp-content\/uploads\/2024\/02\/666666-300x165.png 300w, https:\/\/rocketplay-new.com\/wp-content\/uploads\/2024\/02\/666666-1024x564.png 1024w, https:\/\/rocketplay-new.com\/wp-content\/uploads\/2024\/02\/666666-768x423.png 768w\" sizes=\"auto, (max-width: 800px) 100vw, 800px\" \/><\/p>\n<h2>RODZAJE REGU\u0141 BLACKJACKA NA \u017bYWO<\/h2>\n<p>Podstaw\u0105 Live Dealer Blackjack Australia jest potrzeba traktowania wszystkich u\u017cytkownik\u00f3w przy stole i krupiera z szacunkiem. Czasami u\u017cytkownicy mog\u0105 mie\u0107 pecha, ale to nie pow\u00f3d, aby zacz\u0105\u0107 obra\u017ca\u0107 ludzi. Z tego powodu wielu nowicjuszy zostaje zablokowanych w grze online.<\/p>\n<p>Powiniene\u015b tak\u017ce wiedzie\u0107, co jest zakazane:<\/p>\n<ul>\n<li>oszukiwanie w grze;<\/li>\n<li>b\u0142aganie o pieni\u0105dze od innych u\u017cytkownik\u00f3w lub sprzedawcy;<\/li>\n<li>skargi na nieuczciw\u0105 gr\u0119.<\/li>\n<\/ul>\n<p>Wszystkie sto\u0142y s\u0105 wyj\u0105tkowo dobrze regulowane przez administracj\u0119 i specjalnie monitorowan\u0105 komisj\u0119 uczciwo\u015bci.<\/p>\n<p><span style=\"font-weight: 400;\"><div class=\"go-btn-container\"><div class=\"tosh-btn\"><a href=\"\/go-casino\/\" target=\"_blank\" rel=\"noopener\">GRAJ TERAZ<\/a><\/div><\/div> <\/span><\/p>\n<h2>JAK GRA\u0106 W BLACKJACKA Z DEALEREM NA \u017bYWO<\/h2>\n<p>Najpierw musisz wybra\u0107 najlepsze strony do gry w blackjacka z krupierami na \u017cywo, aby zapewni\u0107 im rozrywk\u0119. Najlepiej wybra\u0107 oficjaln\u0105 stron\u0119 kasyna i:<\/p>\n<ol>\n<li>Utw\u00f3rz konto osobiste na stronie g\u0142\u00f3wnej.<\/li>\n<li>Uzupe\u0142nij swoje konto i przejd\u017a do odpowiedniego stolika.<\/li>\n<li>Postaw zak\u0142ad i ciesz si\u0119 regularnymi wygranymi.<\/li>\n<\/ol>\n<p>Dzi\u0119ki temu b\u0119dziesz m\u00f3g\u0142 po\u015bwi\u0119ci\u0107 wi\u0119cej uwagi grze i zarobi\u0107 spor\u0105 sum\u0119 pieni\u0119dzy na koncie. Mo\u017cesz zacz\u0105\u0107 ju\u017c teraz, aby zagwarantowa\u0107 imponuj\u0105ce rezultaty.<\/p>\n<h2>RODZAJE GRY BLACKJACK Z DEALEREM NA \u017bYWO<\/h2>\n<p>Strategia Live Dealer Blackjack jest najbardziej popularna, ale mo\u017cesz te\u017c wybra\u0107 inne rodzaje rozrywki. Do popularnych gier hazardowych nale\u017c\u0105 ruletka, blackjack, bakarat i inne. Spr\u00f3buj znale\u017a\u0107 idealn\u0105 rozrywk\u0119 dla siebie i ciesz si\u0119 gr\u0105 w trybie na \u017cywo.<\/p>\n<p><img loading=\"lazy\" decoding=\"async\" class=\"aligncenter wp-image-4884\" src=\"https:\/\/rocketplay-new.com\/wp-content\/uploads\/2024\/02\/close-up-player-s-hand-holding-two-aces-playing-cards.jpg\" alt=\"Live Dealer Blackjack Rocket Play 2\" width=\"800\" height=\"534\" srcset=\"https:\/\/rocketplay-new.com\/wp-content\/uploads\/2024\/02\/close-up-player-s-hand-holding-two-aces-playing-cards.jpg 1000w, https:\/\/rocketplay-new.com\/wp-content\/uploads\/2024\/02\/close-up-player-s-hand-holding-two-aces-playing-cards-300x200.jpg 300w, https:\/\/rocketplay-new.com\/wp-content\/uploads\/2024\/02\/close-up-player-s-hand-holding-two-aces-playing-cards-768x512.jpg 768w\" sizes=\"auto, (max-width: 800px) 100vw, 800px\" \/><\/p>\n<h2>Cz\u0119sto zadawane pytania<\/h2>\n<p>Specjalnie dla tych, kt\u00f3rzy chc\u0105 od razu zacz\u0105\u0107 od osza\u0142amiaj\u0105cego sukcesu, przygotowali\u015bmy pomocn\u0105 baz\u0119 odpowiedzi na popularne pytania pocz\u0105tkuj\u0105cych. Pomo\u017ce ci to zrozumie\u0107 krupiera w blackjacku na \u017cywo i zacz\u0105\u0107 gra\u0107 kilka razy wydajniej.<\/p>\n<h3>DLACZEGO POTRZEBUJESZ LIVE DEALERA?<\/h3>\n<p>G\u0142\u00f3wnym powodem jest mo\u017cliwo\u015b\u0107 \u015bledzenia post\u0119p\u00f3w swoich mecz\u00f3w i zarabiania du\u017cych sum pieni\u0119dzy, a nie na w\u0142asn\u0105 r\u0119k\u0119. B\u0119dziesz m\u00f3g\u0142 dobrze si\u0119 bawi\u0107 rozmawiaj\u0105c z innymi graczami i cieszy\u0107 si\u0119 ka\u017cd\u0105 wygran\u0105. W takim przypadku masz szans\u0119 zarobi\u0107 i pochwali\u0107 si\u0119 tym wszystkim u\u017cytkownikom w sieci.<\/p>\n<h3>ILE PIENI\u0118DZY MOG\u0118 ZARABIA\u0106 W BLACKJACKA?<\/h3>\n<p>Wi\u0119kszo\u015b\u0107 u\u017cytkownik\u00f3w chce uzyska\u0107 maksymalne wygrane w wysoko\u015bci dziesi\u0105tek tysi\u0119cy dolar\u00f3w naraz. Ale pocz\u0105tkowo lepiej ograniczy\u0107 si\u0119 do minimalnych stawek i wypr\u00f3bowa\u0107 r\u00f3\u017cne strategie, aby ustali\u0107 w\u0142a\u015bciwe tempo gry. Mo\u017cesz zdoby\u0107 setki i tysi\u0105ce dolar\u00f3w, je\u015bli masz cierpliwo\u015b\u0107 i ch\u0119\u0107 rozwoju.<\/p>\n<h3>JAKIE STRATEGIE MO\u017bNA WYKORZYSTA\u0106 W GRZE?<\/h3>\n<p>Cz\u0119sto eksperci zalecaj\u0105 u\u017cytkownikom rozpocz\u0119cie od prostych strategii i nauczenie si\u0119 dyscypliny. Jest to podstawa Twoich przysz\u0142ych wygranych, dzi\u0119ki czemu mo\u017cesz zarabia\u0107 wi\u0119cej i cieszy\u0107 si\u0119 zwyci\u0119stwami. Ka\u017cde zwyci\u0119stwo mo\u017ce odmieni\u0107 Twoje \u017cycie i dostarczy\u0107 wielu pozytywnych emocji. Dlatego warto zacz\u0105\u0107 od gry demonstracyjnej i dopiero potem przej\u015b\u0107 dalej.<\/p>\n","protected":false},"excerpt":{"rendered":"<p>Podstawow\u0105 zalet\u0105 krupiera w blackjacku na \u017cywo jest niski pr\u00f3g wej\u015bcia i doskona\u0142e bonusy dla graczy. Ka\u017cdy mo\u017ce przej\u015b\u0107 do sekcji katalogu i wybra\u0107 odpowiedni\u0105 opcj\u0119 blackjacka. Mo\u017cesz tak\u017ce wygra\u0107 maksymaln\u0105 kwot\u0119 pieni\u0119dzy w ci\u0105gu zaledwie kilku minut, poniewa\u017c karty s\u0105 rozdawane uczciwie. Gra staje si\u0119 jeszcze przyjemniejsza z krupierem. DLACZEGO WARTO GRA\u0106 W BLACKJACKA&#8230;<\/p>\n","protected":false},"author":1,"featured_media":0,"parent":3444,"menu_order":0,"comment_status":"closed","ping_status":"closed","template":"","meta":{"_acf_changed":false,"_kad_post_transparent":"default","_kad_post_title":"default","_kad_post_layout":"default","_kad_post_sidebar_id":"","_kad_post_content_style":"default","_kad_post_vertical_padding":"default","_kad_post_feature":"","_kad_post_feature_position":"","_kad_post_header":false,"_kad_post_footer":false,"footnotes":""},"class_list":["post-3497","page","type-page","status-publish","hentry"],"acf":[],"rttpg_featured_image_url":null,"rttpg_author":{"display_name":"John","author_link":"https:\/\/rocketplay-new.com\/pl\/author\/pemvas95n89x\/"},"rttpg_comment":0,"rttpg_category":null,"rttpg_excerpt":"Podstawow\u0105 zalet\u0105 krupiera w blackjacku na \u017cywo jest niski pr\u00f3g wej\u015bcia i doskona\u0142e bonusy dla graczy. Ka\u017cdy mo\u017ce przej\u015b\u0107 do sekcji katalogu i wybra\u0107 odpowiedni\u0105 opcj\u0119 blackjacka. Mo\u017cesz tak\u017ce wygra\u0107 maksymaln\u0105 kwot\u0119 pieni\u0119dzy w ci\u0105gu zaledwie kilku minut, poniewa\u017c karty s\u0105 rozdawane uczciwie. Gra staje si\u0119 jeszcze przyjemniejsza z krupierem. DLACZEGO WARTO GRA\u0106 W BLACKJACKA...","_links":{"self":[{"href":"https:\/\/rocketplay-new.com\/pl\/wp-json\/wp\/v2\/pages\/3497","targetHints":{"allow":["GET"]}}],"collection":[{"href":"https:\/\/rocketplay-new.com\/pl\/wp-json\/wp\/v2\/pages"}],"about":[{"href":"https:\/\/rocketplay-new.com\/pl\/wp-json\/wp\/v2\/types\/page"}],"author":[{"embeddable":true,"href":"https:\/\/rocketplay-new.com\/pl\/wp-json\/wp\/v2\/users\/1"}],"replies":[{"embeddable":true,"href":"https:\/\/rocketplay-new.com\/pl\/wp-json\/wp\/v2\/comments?post=3497"}],"version-history":[{"count":4,"href":"https:\/\/rocketplay-new.com\/pl\/wp-json\/wp\/v2\/pages\/3497\/revisions"}],"predecessor-version":[{"id":5803,"href":"https:\/\/rocketplay-new.com\/pl\/wp-json\/wp\/v2\/pages\/3497\/revisions\/5803"}],"up":[{"embeddable":true,"href":"https:\/\/rocketplay-new.com\/pl\/wp-json\/wp\/v2\/pages\/3444"}],"wp:attachment":[{"href":"https:\/\/rocketplay-new.com\/pl\/wp-json\/wp\/v2\/media?parent=3497"}],"curies":[{"name":"wp","href":"https:\/\/api.w.org\/{rel}","templated":true}]}}