{"id":3444,"date":"2023-01-10T16:50:22","date_gmt":"2023-01-10T13:50:22","guid":{"rendered":"https:\/\/rocketplay-new.com\/live-dealer\/"},"modified":"2025-04-08T11:15:36","modified_gmt":"2025-04-08T08:15:36","slug":"live-dealer","status":"publish","type":"page","link":"https:\/\/rocketplay-new.com\/pl\/live-dealer\/","title":{"rendered":"Recenzja kasyna na \u017cywo z krupierem w Rocket Play"},"content":{"rendered":"<p>W kasynie Live Dealer jest nadal uwa\u017cany za co\u015b egzotycznego i maksymalnie interesuj\u0105cego. Dzi\u0119ki wp\u0142ywowi jednego pracownika widzisz, jak wypadaj\u0105 karty i mo\u017cesz sprawdzi\u0107 uczciwo\u015b\u0107 gry. Ponadto ka\u017cdy mo\u017ce wypr\u00f3bowa\u0107 r\u00f3\u017cne strategie i taktyki, aby wygra\u0107 du\u017c\u0105 sum\u0119 pieni\u0119dzy. U\u017cytkownik\u00f3w zadowoli r\u00f3wnie\u017c du\u017ca liczba dost\u0119pnych wariant\u00f3w gry.<\/p>\n<p><img loading=\"lazy\" decoding=\"async\" class=\"aligncenter wp-image-4913\" src=\"https:\/\/rocketplay-new.com\/wp-content\/uploads\/2024\/02\/croupier-woman-player-table-casino-picture-classic-casino-roulette-wheel-gambling-casino-roulette-poker-scaled.jpg\" alt=\"Live Dealer Casino\" width=\"800\" height=\"533\" srcset=\"https:\/\/rocketplay-new.com\/wp-content\/uploads\/2024\/02\/croupier-woman-player-table-casino-picture-classic-casino-roulette-wheel-gambling-casino-roulette-poker-scaled.jpg 2560w, https:\/\/rocketplay-new.com\/wp-content\/uploads\/2024\/02\/croupier-woman-player-table-casino-picture-classic-casino-roulette-wheel-gambling-casino-roulette-poker-300x200.jpg 300w, https:\/\/rocketplay-new.com\/wp-content\/uploads\/2024\/02\/croupier-woman-player-table-casino-picture-classic-casino-roulette-wheel-gambling-casino-roulette-poker-1024x683.jpg 1024w, https:\/\/rocketplay-new.com\/wp-content\/uploads\/2024\/02\/croupier-woman-player-table-casino-picture-classic-casino-roulette-wheel-gambling-casino-roulette-poker-768x512.jpg 768w, https:\/\/rocketplay-new.com\/wp-content\/uploads\/2024\/02\/croupier-woman-player-table-casino-picture-classic-casino-roulette-wheel-gambling-casino-roulette-poker-1536x1024.jpg 1536w, https:\/\/rocketplay-new.com\/wp-content\/uploads\/2024\/02\/croupier-woman-player-table-casino-picture-classic-casino-roulette-wheel-gambling-casino-roulette-poker-2048x1365.jpg 2048w\" sizes=\"auto, (max-width: 800px) 100vw, 800px\" \/><\/p>\n<h2>CZYM S\u0104 KASYNA Z DEALERAMI NA \u017bYWO?<\/h2>\n<p>Live Dealer to to samo, co rozrywka hazardowa, tylko z osob\u0105 fizyczn\u0105. Zadaniem rozdaj\u0105cego jest rozdawanie kart, prowadzenie pi\u0142ki i kontrolowanie gry. We wszystkich kontrowersyjnych momentach mo\u017cesz zapyta\u0107 Dealera, pozna\u0107 odpowied\u017a i odby\u0107 zabawn\u0105 rozmow\u0119.<\/p>\n<p>Wraz z tob\u0105 w grze jest r\u00f3wnie\u017c kilku graczy. Dzi\u0119ki temu mo\u017cesz zobaczy\u0107 swoje pozosta\u0142e wygrane i wzi\u0105\u0107 udzia\u0142 w grze. Ten rodzaj rozrywki nazywany jest rozrywk\u0105 na \u017cywo i jest przyjemny dzi\u0119ki swojej atmosferze i blisko\u015bci klasycznego kasyna w fizycznym lokalu.<\/p>\n<p><span style=\"font-weight: 400;\"><div class=\"go-btn-container\"><div class=\"tosh-btn\"><a href=\"\/go-casino\/\" target=\"_blank\" rel=\"noopener\">GRAJ TERAZ<\/a><\/div><\/div><\/span><\/p>\n<h2>ZALETY DEALERA NA \u017bYWO<\/h2>\n<p>W\u015br\u00f3d g\u0142\u00f3wnych zalet gier Live Dealer mo\u017cna wymieni\u0107:<\/p>\n<ul>\n<li>mo\u017cliwo\u015b\u0107 monitorowania uczciwo\u015bci gry i nie martwienia si\u0119 o rozdanie nieuczciwych kart;<\/li>\n<li>mo\u017cesz komunikowa\u0107 si\u0119 z krupierem i innymi graczami na czacie, kt\u00f3rzy r\u00f3wnie\u017c dobrze si\u0119 bawi\u0105 i chc\u0105 wygra\u0107 du\u017ce wygrane;<\/li>\n<li>w wi\u0119kszo\u015bci przypadk\u00f3w limity zak\u0142ad\u00f3w s\u0105 zmniejszone, wi\u0119c masz gwarancj\u0119 znalezienia odpowiedniego sto\u0142u.<\/li>\n<\/ul>\n<p>Mo\u017cesz tak\u017ce wybra\u0107 jedn\u0105 z kilku opcji sto\u0142u. Niekt\u00f3re lepiej nadaj\u0105 si\u0119 do aktywnej gry, podczas gdy inne koncentruj\u0105 si\u0119 bardziej na klasycznej rozrywce i minimalnych stawkach.<\/p>\n<h2>ROCKET GRAJ W GRY NA \u017bYWO<\/h2>\n<p>Spr\u00f3buj w pe\u0142ni wykorzysta\u0107 bonus w kasynie Live Dealer oferowany przez wyspecjalizowane kasyno. To Twoja szansa na dobr\u0105 zabaw\u0119 i zabaw\u0119 z innymi u\u017cytkownikami. B\u0119dziesz mia\u0142 r\u00f3wnie\u017c okazj\u0119 otrzyma\u0107 wspania\u0142y prezent od tw\u00f3rc\u00f3w i skorzysta\u0107 z r\u00f3\u017cnych bonus\u00f3w i promocji. Pozw\u00f3l sobie zanurzy\u0107 si\u0119 w ekscytuj\u0105cym \u015bwiecie hazardu.<\/p>\n<p><span style=\"font-weight: 400;\"><div class=\"go-btn-container\"><div class=\"tosh-btn\"><a href=\"\/go-casino\/\" target=\"_blank\" rel=\"noopener\">GRAJ TERAZ<\/a><\/div><\/div><\/span><\/p>\n<h2>WSKAZ\u00d3WKI DOTYCZ\u0104CE GRY Z KUPUJ\u0104CYM NA \u017bYWO<\/h2>\n<p>Istnieje kilka rekomendacji dotycz\u0105cych najlepszego kasyna z krupierem na \u017cywo, kt\u00f3re pomog\u0105 Ci znale\u017a\u0107 sw\u00f3j styl gry i cieszy\u0107 si\u0119 zabaw\u0105. Postaraj si\u0119 zarobi\u0107 jeszcze wi\u0119cej got\u00f3wki na swoim koncie i ciesz si\u0119 swoimi osi\u0105gni\u0119ciami. To szansa dla ka\u017cdego na popraw\u0119 swojej sytuacji finansowej.<\/p>\n<p>Zalecamy przestrzeganie kilku zalece\u0144 ekspert\u00f3w:<\/p>\n<ul>\n<li>nie tra\u0107 g\u0142owy i ca\u0142ego bud\u017cetu w pierwszej grze;<\/li>\n<li>najpierw wypr\u00f3buj tryb demo, a nast\u0119pnie przejd\u017a do prawdziwych zak\u0142ad\u00f3w;<\/li>\n<li>stosowa\u0107 r\u00f3\u017cne taktyki i strategie.<\/li>\n<\/ul>\n<p>Mo\u017cesz wygra\u0107, znajduj\u0105c idealn\u0105 strategi\u0119 i trzymaj\u0105c si\u0119 jej.<\/p>\n<p><img loading=\"lazy\" decoding=\"async\" class=\"aligncenter wp-image-4923\" src=\"https:\/\/rocketplay-new.com\/wp-content\/uploads\/2024\/02\/88.png\" alt=\"Live Dealer Casino 2\" width=\"800\" height=\"450\" srcset=\"https:\/\/rocketplay-new.com\/wp-content\/uploads\/2024\/02\/88.png 1427w, https:\/\/rocketplay-new.com\/wp-content\/uploads\/2024\/02\/88-300x169.png 300w, https:\/\/rocketplay-new.com\/wp-content\/uploads\/2024\/02\/88-1024x576.png 1024w, https:\/\/rocketplay-new.com\/wp-content\/uploads\/2024\/02\/88-768x432.png 768w\" sizes=\"auto, (max-width: 800px) 100vw, 800px\" \/><\/p>\n<h2>Cz\u0119sto zadawane pytania<\/h2>\n<p>Ci, kt\u00f3rzy lubi\u0105 dobrze zacz\u0105\u0107, mog\u0105 dodatkowo sprawdzi\u0107 nasz blok odpowiedzi na popularne pytania. To pozwoli ci zrozumie\u0107 Kasyno Live Dealer i czerpa\u0107 wi\u0119cej przyjemno\u015bci z ka\u017cdego zak\u0142adu.<\/p>\n<h3>Z KT\u00d3RYMI DEALERAMI POWINIENEM WYBRA\u0106 GRY?<\/h3>\n<p>Najlepiej wypr\u00f3bowa\u0107 kilka opcji sto\u0142owych, aby nauczy\u0107 si\u0119 poprawnie rozpoznawa\u0107 pocz\u0105tkuj\u0105cego i specjalist\u0119 od krupier\u00f3w. To cz\u0119sto decyduje o tempie gry i mo\u017cliwych wygranych, bo z\u0142apiesz odpowiedni nastr\u00f3j. Wypr\u00f3buj r\u00f3\u017cne opcje, a nast\u0119pnie wybierz najlepsz\u0105 dla siebie.<\/p>\n<h3>ILE PIENI\u0118DZY MOG\u0118 ZAROBI\u0106 W GRZE?<\/h3>\n<p>Teoretycznie ka\u017cdy u\u017cytkownik mo\u017ce zarobi\u0107 dziesi\u0105tki tysi\u0119cy dolar\u00f3w za ka\u017cde dopasowanie. Wszystko dzi\u0119ki wielkim mo\u017cliwo\u015bciom i wysokim limitom podczas takiej gry. Spr\u00f3buj u\u017cy\u0107 wi\u0119kszej liczby kluczowych sztuczek i strategii, aby uzyska\u0107 du\u017c\u0105 sum\u0119 na swoim koncie.<\/p>\n<h3>JAK MOG\u0118 WYP\u0141ACI\u0106 ZAROBY?<\/h3>\n<p>Po wygranej w kasynie online Live Dealer mo\u017cesz wyp\u0142aci\u0107 wszystkie swoje pieni\u0105dze na swoj\u0105 kart\u0119 lub konto kryptowalutowe. Przejd\u017a do menu zarz\u0105dzania finansami i wybierz odpowiedni system p\u0142atno\u015bci. Wprowad\u017a dane oraz kwot\u0119 i czekaj na rozpatrzenie wniosku.<\/p>\n","protected":false},"excerpt":{"rendered":"<p>W kasynie Live Dealer jest nadal uwa\u017cany za co\u015b egzotycznego i maksymalnie interesuj\u0105cego. Dzi\u0119ki wp\u0142ywowi jednego pracownika widzisz, jak wypadaj\u0105 karty i mo\u017cesz sprawdzi\u0107 uczciwo\u015b\u0107 gry. Ponadto ka\u017cdy mo\u017ce wypr\u00f3bowa\u0107 r\u00f3\u017cne strategie i taktyki, aby wygra\u0107 du\u017c\u0105 sum\u0119 pieni\u0119dzy. U\u017cytkownik\u00f3w zadowoli r\u00f3wnie\u017c du\u017ca liczba dost\u0119pnych wariant\u00f3w gry. CZYM S\u0104 KASYNA Z DEALERAMI NA \u017bYWO? Live&#8230;<\/p>\n","protected":false},"author":1,"featured_media":0,"parent":0,"menu_order":0,"comment_status":"closed","ping_status":"closed","template":"single-no-sidebar.php","meta":{"_acf_changed":false,"_kad_post_transparent":"default","_kad_post_title":"default","_kad_post_layout":"default","_kad_post_sidebar_id":"","_kad_post_content_style":"default","_kad_post_vertical_padding":"default","_kad_post_feature":"","_kad_post_feature_position":"","_kad_post_header":false,"_kad_post_footer":false,"footnotes":""},"class_list":["post-3444","page","type-page","status-publish","hentry"],"acf":[],"rttpg_featured_image_url":null,"rttpg_author":{"display_name":"John","author_link":"https:\/\/rocketplay-new.com\/pl\/author\/pemvas95n89x\/"},"rttpg_comment":0,"rttpg_category":null,"rttpg_excerpt":"W kasynie Live Dealer jest nadal uwa\u017cany za co\u015b egzotycznego i maksymalnie interesuj\u0105cego. Dzi\u0119ki wp\u0142ywowi jednego pracownika widzisz, jak wypadaj\u0105 karty i mo\u017cesz sprawdzi\u0107 uczciwo\u015b\u0107 gry. Ponadto ka\u017cdy mo\u017ce wypr\u00f3bowa\u0107 r\u00f3\u017cne strategie i taktyki, aby wygra\u0107 du\u017c\u0105 sum\u0119 pieni\u0119dzy. U\u017cytkownik\u00f3w zadowoli r\u00f3wnie\u017c du\u017ca liczba dost\u0119pnych wariant\u00f3w gry. CZYM S\u0104 KASYNA Z DEALERAMI NA \u017bYWO? Live...","_links":{"self":[{"href":"https:\/\/rocketplay-new.com\/pl\/wp-json\/wp\/v2\/pages\/3444","targetHints":{"allow":["GET"]}}],"collection":[{"href":"https:\/\/rocketplay-new.com\/pl\/wp-json\/wp\/v2\/pages"}],"about":[{"href":"https:\/\/rocketplay-new.com\/pl\/wp-json\/wp\/v2\/types\/page"}],"author":[{"embeddable":true,"href":"https:\/\/rocketplay-new.com\/pl\/wp-json\/wp\/v2\/users\/1"}],"replies":[{"embeddable":true,"href":"https:\/\/rocketplay-new.com\/pl\/wp-json\/wp\/v2\/comments?post=3444"}],"version-history":[{"count":6,"href":"https:\/\/rocketplay-new.com\/pl\/wp-json\/wp\/v2\/pages\/3444\/revisions"}],"predecessor-version":[{"id":6002,"href":"https:\/\/rocketplay-new.com\/pl\/wp-json\/wp\/v2\/pages\/3444\/revisions\/6002"}],"wp:attachment":[{"href":"https:\/\/rocketplay-new.com\/pl\/wp-json\/wp\/v2\/media?parent=3444"}],"curies":[{"name":"wp","href":"https:\/\/api.w.org\/{rel}","templated":true}]}}