{"id":2636,"date":"2022-09-20T13:49:36","date_gmt":"2022-09-20T10:49:36","guid":{"rendered":"https:\/\/rocketplay-new.com\/wolf-treasure\/"},"modified":"2025-04-02T19:12:41","modified_gmt":"2025-04-02T16:12:41","slug":"wolf-treasure","status":"publish","type":"page","link":"https:\/\/rocketplay-new.com\/pl\/wolf-treasure\/","title":{"rendered":"Recenzja Wolf Treasure"},"content":{"rendered":"<p><img loading=\"lazy\" decoding=\"async\" class=\" wp-image-461 aligncenter\" src=\"https:\/\/rocketplay-new.com\/wp-content\/uploads\/2022\/09\/wolf-treasure-slot-intro-300x145.webp\" alt=\"Wolf Treasure slot\" width=\"660\" height=\"319\" srcset=\"https:\/\/rocketplay-new.com\/wp-content\/uploads\/2022\/09\/wolf-treasure-slot-intro-300x145.webp 300w, https:\/\/rocketplay-new.com\/wp-content\/uploads\/2022\/09\/wolf-treasure-slot-intro-768x372.webp 768w, https:\/\/rocketplay-new.com\/wp-content\/uploads\/2022\/09\/wolf-treasure-slot-intro.webp 825w\" sizes=\"auto, (max-width: 660px) 100vw, 660px\" \/><\/p>\n<h2>NFORMACJE O GNIAZDACH<\/h2>\n<p>Nie mo\u017cna sobie wyobrazi\u0107 rozrywki w kasynie bez automat\u00f3w. To integralna cz\u0119\u015b\u0107 \u017cycia ka\u017cdego hazardzisty. A automaty do gier z motywami zwierz\u0119cymi zawsze zajmuj\u0105 w\u015br\u00f3d nich szczeg\u00f3lne miejsce. W \u015bwiecie dzikiej przyrody mo\u017cna nie tylko cieszy\u0107 si\u0119 nowymi doznaniami, ale tak\u017ce znale\u017a\u0107 wiele rzadkich skarb\u00f3w. Jak na przyk\u0142ad w internetowym automacie Rocket Play Wolf Treasure.<\/p>\n<p>Automat zosta\u0142 wydany w 2017 roku, ale nadal jest popularny. Ponadto wiele kasyn u\u017cywa go, aby da\u0107 swoim klientom darmowe spiny na b\u0119bnach.<\/p>\n<p>To rozrywka dla mi\u0142o\u015bnik\u00f3w klasyki. Przypomina retro automaty do gier, kt\u00f3re s\u0105 w kasynach naziemnych. Wszystko w nim: projekt, akompaniament muzyczny i rundy bonusowe, przenosz\u0105 gracza w \u015bwiat hazardu. Wypr\u00f3buj, a sprawdzisz w nim swoje szcz\u0119\u015bcie. Ale wcze\u015bniej poznaj g\u0142\u00f3wne informacje o tym, jak to dzia\u0142a.<\/p>\n<p><span style=\"font-weight: 400;\"><div class=\"tosh-btn\"><a href=\"\/go-casino\/\" target=\"_blank\" rel=\"noopener\">ODBIERZ BONUS<\/a><\/div><\/span><\/p>\n<h2>GNIAZDO SKARB\u00d3W WOLF RTP, SZCZEG\u00d3\u0141Y I LIMITY ZAK\u0141AD\u00d3W<\/h2>\n<p>Australijscy gracze niestety nie mog\u0105 cieszy\u0107 si\u0119 ca\u0142\u0105 r\u00f3\u017cnorodno\u015bci\u0105 slot\u00f3w. Niekt\u00f3rzy dostawcy nie dzia\u0142aj\u0105 w kraju. Ale nie musisz si\u0119 denerwowa\u0107. W ko\u0144cu wiele automat\u00f3w przypomina kultowe gry znanych deweloper\u00f3w, a czasem nawet je przewy\u017csza.<\/p>\n<p>Ten automat do gry zosta\u0142 stworzony w oparciu o Wolf Gold. Mo\u017cesz zauwa\u017cy\u0107, \u017ce maj\u0105 bardzo podobne projekty. Ale ten automat jest ekskluzywny. Zosta\u0142 opracowany przez zesp\u00f3\u0142 z IGTech. A teraz dzi\u0119ki temu mieszka\u0144cy kraju mog\u0105 cieszy\u0107 si\u0119 ciekawymi tematami.<\/p>\n<p>Darmowe spiny Wolf Treasure Australia s\u0105 dost\u0119pne na stronie Rocket Play. Ale opr\u00f3cz tego istnieje wiele innych interesuj\u0105cych funkcji. Zosta\u0142y one bardziej szczeg\u00f3\u0142owo opisane w tabeli.<\/p>\n<table>\n<tbody>\n<tr>\n<td>Wr\u00f3\u0107 do gracza<\/td>\n<td>96% \u2014 \u015bredni i dobry wska\u017anik w dziedzinie slot\u00f3w<\/td>\n<\/tr>\n<tr>\n<td>Stawki minimalne i maksymalne<\/td>\n<td><span style=\"font-weight: 400;\">0,25 \u2014 125 z\u0142<\/span><\/td>\n<\/tr>\n<tr>\n<td>Symbole bonusowe<\/td>\n<td>Jest symbol Scatter, Wild, Multiplier<\/td>\n<\/tr>\n<tr>\n<td>Runda bonusowa ze zwi\u0119kszonymi wyp\u0142atami<\/td>\n<td>Tak, pozwala wygra\u0107 jackpot lub pomno\u017cy\u0107 wygrane<\/td>\n<\/tr>\n<tr>\n<td>Funkcja jackpota<\/td>\n<td>Tera\u017aniejszo\u015b\u0107<\/td>\n<\/tr>\n<\/tbody>\n<\/table>\n<p>Takie cechy mo\u017cna uzna\u0107 za bardzo dobre. Zw\u0142aszcza je\u015bli we\u017amie si\u0119 pod uwag\u0119, \u017ce ten slot ma ju\u017c ponad 5 lat. Jest nadal aktualny i mo\u017ce przynosi\u0107 zyski. Co wi\u0119cej, jego konstrukcja nie wygl\u0105da na przestarza\u0142\u0105. Mo\u017ce tylko wywo\u0142a\u0107 nostalgi\u0119 u tych, kt\u00f3rzy od dawna s\u0105 uczestnikami \u015bwiata ekscytacji.<\/p>\n<p>Symbole tutaj to nomina\u0142y kart, s\u0105 najta\u0144sze. Coraz cenniejsze staj\u0105 si\u0119 ju\u017c wizerunki zwierz\u0105t, w\u015br\u00f3d kt\u00f3rych oczywi\u015bcie nie zabrak\u0142o r\u00f3wnie\u017c wilka. Wi\u0119c gry Rocket Play Wolf Treasure online wygl\u0105daj\u0105 jasno i kolorowo.<\/p>\n<h2>DODATKOWE ATRYBUTY<\/h2>\n<p>Gra ma kilka rund bonusowych. Pierwszy z nich to darmowe spiny. S\u0105 aktywowane przez rozpraszanie i nie maj\u0105 skomplikowanych zasad. Wszystko jest proste i dzieje si\u0119 w tej kolejno\u015bci:<\/p>\n<ol>\n<li>Otrzymasz symbole rozproszone.<\/li>\n<li>Rozpoczyna si\u0119 runda 5 spin\u00f3w.<\/li>\n<li>Je\u015bli scattery wyl\u0105duj\u0105 ponownie, dodawane s\u0105 kolejne 3 spiny.<\/li>\n<\/ol>\n<p>Aby wszystko zadzia\u0142a\u0142o, potrzebujesz liczby scatter\u00f3w \u2014 3. Dzi\u0119ki temu mo\u017cesz zarobi\u0107 dobre pieni\u0105dze w slocie. Zw\u0142aszcza je\u015bli korzystasz z bonusu bez depozytu w Rocket Play Wolf Treasure.<\/p>\n<p>Kolejn\u0105 funkcj\u0105 bonusow\u0105 s\u0105 respins. S\u0105 uruchamiane, gdy pojawiaj\u0105 si\u0119 symbole pieni\u0119dzy i powtarzaj\u0105 si\u0119 nieograniczon\u0105 liczb\u0119 razy. Wszystko zale\u017cy od tego, jakie masz szcz\u0119\u015bcie!<\/p>\n<p><span style=\"font-weight: 400;\"><div class=\"tosh-btn\"><a href=\"\/go-casino\/\" target=\"_blank\" rel=\"noopener\">ODBIERZ BONUS<\/a><\/div><\/span><\/p>\n<p>Mo\u017cesz spokojnie uzna\u0107 t\u0119 maszyn\u0119 za \u015bwietny spos\u00f3b na zabaw\u0119. Tak, nie jest to najnowszy automat do gry, ale wci\u0105\u017c jest silny dzi\u0119ki swojemu nostalgicznemu projektowi i fajnym funkcjom bonusowym.<\/p>\n<p><img loading=\"lazy\" decoding=\"async\" class=\" wp-image-462 aligncenter\" src=\"https:\/\/rocketplay-new.com\/wp-content\/uploads\/2022\/09\/wolf-treasure-screenshot-intro-300x170.webp\" alt=\"Wolf Treasure slot game\" width=\"745\" height=\"422\" srcset=\"https:\/\/rocketplay-new.com\/wp-content\/uploads\/2022\/09\/wolf-treasure-screenshot-intro-300x170.webp 300w, https:\/\/rocketplay-new.com\/wp-content\/uploads\/2022\/09\/wolf-treasure-screenshot-intro.webp 750w\" sizes=\"auto, (max-width: 745px) 100vw, 745px\" \/><\/p>\n<h2>FAQ<\/h2>\n<h3>CZY MO\u017bNA ZAGRAJ W T\u0118 GR\u0118 BEZ INWESTYCJI?<\/h3>\n<p>Oczywi\u015bcie, je\u015bli nie chcesz wydawa\u0107 pieni\u0119dzy, mo\u017cesz gra\u0107 za darmo. Aby to zrobi\u0107, wystarczy uruchomi\u0107 automat w trybie demo.<\/p>\n<h3>JAKA JEST MAKSYMALNA WYGRANA, KT\u00d3RA MOG\u0118 OTRZYMA\u0106?<\/h3>\n<p>Zale\u017cy od wielko\u015bci Twojego zak\u0142adu. Pomn\u00f3\u017c to przez 2000 i dowiedz si\u0119, ile mo\u017cesz wygra\u0107, je\u015bli masz szcz\u0119\u015bcie.<\/p>\n<h3>CZY MO\u017bNA GRA\u0106 Z TELEFON\u00d3W KOM\u00d3RKOWYCH?<\/h3>\n<p>Tak, ten automat jest przystosowany do ma\u0142ych ekran\u00f3w.<\/p>\n<p>Przeczytaj tak\u017ce o: <a href=\"https:\/\/rocketplay-new.com\/pl\/9-coins\/\">Slot na 9 monet<\/a><\/p>\n","protected":false},"excerpt":{"rendered":"<p>NFORMACJE O GNIAZDACH Nie mo\u017cna sobie wyobrazi\u0107 rozrywki w kasynie bez automat\u00f3w. To integralna cz\u0119\u015b\u0107 \u017cycia ka\u017cdego hazardzisty. A automaty do gier z motywami zwierz\u0119cymi zawsze zajmuj\u0105 w\u015br\u00f3d nich szczeg\u00f3lne miejsce. W \u015bwiecie dzikiej przyrody mo\u017cna nie tylko cieszy\u0107 si\u0119 nowymi doznaniami, ale tak\u017ce znale\u017a\u0107 wiele rzadkich skarb\u00f3w. Jak na przyk\u0142ad w internetowym automacie Rocket&#8230;<\/p>\n","protected":false},"author":1,"featured_media":0,"parent":0,"menu_order":0,"comment_status":"closed","ping_status":"closed","template":"","meta":{"_acf_changed":false,"_kad_post_transparent":"default","_kad_post_title":"default","_kad_post_layout":"default","_kad_post_sidebar_id":"","_kad_post_content_style":"default","_kad_post_vertical_padding":"default","_kad_post_feature":"","_kad_post_feature_position":"","_kad_post_header":false,"_kad_post_footer":false,"footnotes":""},"class_list":["post-2636","page","type-page","status-publish","hentry"],"acf":[],"rttpg_featured_image_url":null,"rttpg_author":{"display_name":"John","author_link":"https:\/\/rocketplay-new.com\/pl\/author\/pemvas95n89x\/"},"rttpg_comment":0,"rttpg_category":null,"rttpg_excerpt":"NFORMACJE O GNIAZDACH Nie mo\u017cna sobie wyobrazi\u0107 rozrywki w kasynie bez automat\u00f3w. To integralna cz\u0119\u015b\u0107 \u017cycia ka\u017cdego hazardzisty. A automaty do gier z motywami zwierz\u0119cymi zawsze zajmuj\u0105 w\u015br\u00f3d nich szczeg\u00f3lne miejsce. W \u015bwiecie dzikiej przyrody mo\u017cna nie tylko cieszy\u0107 si\u0119 nowymi doznaniami, ale tak\u017ce znale\u017a\u0107 wiele rzadkich skarb\u00f3w. Jak na przyk\u0142ad w internetowym automacie Rocket...","_links":{"self":[{"href":"https:\/\/rocketplay-new.com\/pl\/wp-json\/wp\/v2\/pages\/2636","targetHints":{"allow":["GET"]}}],"collection":[{"href":"https:\/\/rocketplay-new.com\/pl\/wp-json\/wp\/v2\/pages"}],"about":[{"href":"https:\/\/rocketplay-new.com\/pl\/wp-json\/wp\/v2\/types\/page"}],"author":[{"embeddable":true,"href":"https:\/\/rocketplay-new.com\/pl\/wp-json\/wp\/v2\/users\/1"}],"replies":[{"embeddable":true,"href":"https:\/\/rocketplay-new.com\/pl\/wp-json\/wp\/v2\/comments?post=2636"}],"version-history":[{"count":4,"href":"https:\/\/rocketplay-new.com\/pl\/wp-json\/wp\/v2\/pages\/2636\/revisions"}],"predecessor-version":[{"id":5776,"href":"https:\/\/rocketplay-new.com\/pl\/wp-json\/wp\/v2\/pages\/2636\/revisions\/5776"}],"wp:attachment":[{"href":"https:\/\/rocketplay-new.com\/pl\/wp-json\/wp\/v2\/media?parent=2636"}],"curies":[{"name":"wp","href":"https:\/\/api.w.org\/{rel}","templated":true}]}}