{"id":2611,"date":"2022-09-20T11:00:07","date_gmt":"2022-09-20T08:00:07","guid":{"rendered":"https:\/\/rocketplay-new.com\/welcome-offer\/"},"modified":"2026-02-24T17:10:25","modified_gmt":"2026-02-24T14:10:25","slug":"welcome-offer","status":"publish","type":"page","link":"https:\/\/rocketplay-new.com\/pl\/welcome-offer\/","title":{"rendered":"Co to jest bonus powitalny kasyna?"},"content":{"rendered":"<p><img loading=\"lazy\" decoding=\"async\" class=\" wp-image-430 aligncenter\" src=\"https:\/\/rocketplay-new.com\/wp-content\/uploads\/2022\/09\/rocket-play-welcome-bonus-2-300x93.jpg\" alt=\"Welcome bonus Rocket play\" width=\"694\" height=\"215\" srcset=\"https:\/\/rocketplay-new.com\/wp-content\/uploads\/2022\/09\/rocket-play-welcome-bonus-2-300x93.jpg 300w, https:\/\/rocketplay-new.com\/wp-content\/uploads\/2022\/09\/rocket-play-welcome-bonus-2-768x238.jpg 768w, https:\/\/rocketplay-new.com\/wp-content\/uploads\/2022\/09\/rocket-play-welcome-bonus-2.jpg 905w\" sizes=\"auto, (max-width: 694px) 100vw, 694px\" \/><\/p>\n<p>S\u0105 nagrody, kt\u00f3re s\u0105 dost\u0119pne tylko dla nowicjuszy. Takie przywileje nazywane s\u0105 ofertami powitalnymi. Aktywuj\u0105 si\u0119 po za\u0142o\u017ceniu przez osob\u0119 konta w serwisie. Czasami nadal musisz u\u017cy\u0107 swoich pieni\u0119dzy (do\u0142adowa\u0107 konto) lub u\u017cy\u0107 okre\u015blonego kodu promocyjnego, aby otrzyma\u0107 nagrod\u0119.<\/p>\n<p>Oczywi\u015bcie istnieje r\u00f3wnie\u017c oferta powitalna kasyna <a href=\"https:\/\/rocketplay-new.com\/pl\">Rocket Play<\/a>. S\u0105 nawet dwa z nich, wi\u0119c na pewno poczujesz si\u0119 wyj\u0105tkowo, staj\u0105c si\u0119 cz\u0142onkiem spo\u0142eczno\u015bci tego domu hazardowego. G\u0142\u00f3wnym celem tych bonus\u00f3w jest przyci\u0105gni\u0119cie Ci\u0119 do kasyna, zwi\u0119kszenie Twojego bankrolla i zapoznanie Ci\u0119 z niekt\u00f3rymi automatami. Nagrody mog\u0105 otrzyma\u0107 tylko pocz\u0105tkuj\u0105cy. Nikt inny nie otrzymuje takich nagr\u00f3d.<\/p>\n<p>Ka\u017cde kasyno, je\u015bli chce zdoby\u0107 wielu klient\u00f3w, musi wymy\u015bli\u0107 co\u015b, co przyci\u0105gnie swoich go\u015bci. Tak wi\u0119c bonusy powitalne w kasynie online Rocket Play udowadniaj\u0105, \u017ce ta strona jest gotowa da\u0107 ci prezenty i \u015bwietne oferty, aby\u015b m\u00f3g\u0142 cieszy\u0107 si\u0119 sp\u0119dzaniem czasu tutaj.<\/p>\n<p><span style=\"font-weight: 400;\"><div class=\"tosh-btn\"><a href=\"\/go-casino\/\" target=\"_blank\" rel=\"noopener\">ODBIERZ BONUS<\/a><\/div><\/span><\/p>\n<h2>RODZAJE WITAMY OFERTY KASYNO GRY RAKIET\u0104<\/h2>\n<p>W tej instytucji, aby otrzyma\u0107 nagrod\u0119, nale\u017cy do\u0142adowa\u0107 konto. To normalna praktyka. Je\u015bli dana osoba ma ju\u017c pieni\u0105dze na swoim koncie, kasyno postrzega j\u0105 jako wyp\u0142acaln\u0105. W takim przypadku ma prawo do bardziej hojnych i interesuj\u0105cych prezent\u00f3w.<\/p>\n<p>Tak w\u0142a\u015bnie sta\u0142o si\u0119 w tym kasynie. Nagrody s\u0105 naprawd\u0119 bardzo dobre. Wydawane s\u0105 dwukrotnie:<\/p>\n<ul>\n<li>za pierwsze zasilenie konta;<\/li>\n<li>do ponownej wp\u0142aty.<\/li>\n<\/ul>\n<p>Jest co\u015b, co odr\u00f3\u017cnia bonusy powitalne w najlepszym kasynie Rocket Play od reszty. To jest ich rozmiar i zawarto\u015b\u0107. W ko\u0144cu, opr\u00f3cz pieni\u0119dzy, w niekt\u00f3rych automatach otrzymasz r\u00f3wnie\u017c darmowe spiny.<\/p>\n<p>Pieni\u0105dze s\u0105 przyznawane w formie bonusu meczowego. Jest to rodzaj nagrody, kt\u00f3rej wysoko\u015b\u0107 zale\u017cy od uzupe\u0142nienia. Bonus to okre\u015blony procent depozytu. W tym kasynie po raz pierwszy dostajesz 100% ekstra, czyli podwajasz kwot\u0119. A za drugim razem kwota potroi si\u0119, poniewa\u017c kasyno obci\u0105\u017cy Ci\u0119 kwot\u0105 200%.<\/p>\n<p>Darmowe spiny to uruchamianie b\u0119bn\u00f3w w automatach na koszt kasyna. Na tej stronie dostaniesz a\u017c 100. Emisja zostanie podzielona na kilka razy, aby\u015b m\u00f3g\u0142 jak najd\u0142u\u017cej cieszy\u0107 si\u0119 darmow\u0105 gr\u0105 i nie korzysta\u0107 ze wszystkiego na raz.<\/p>\n<p>Okazuje si\u0119, \u017ce oferta powitalna Rocket Play Australia zawiera dwa bonusy od depozytu i dodatkowe spiny w prezencie dla ka\u017cdego, kto nie ba\u0142 si\u0119 dokona\u0107 wp\u0142aty po raz pierwszy lub drugi. Takie warunki s\u0105 rzadko\u015bci\u0105, wi\u0119c mo\u017cemy za\u0142o\u017cy\u0107, \u017ce plac\u00f3wka ma bardzo fajn\u0105 ofert\u0119 dla nowo przyby\u0142ych.<\/p>\n<p><img loading=\"lazy\" decoding=\"async\" class=\" wp-image-435 aligncenter\" src=\"https:\/\/rocketplay-new.com\/wp-content\/uploads\/2022\/09\/rocketplay-site-3-300x114.png\" alt=\"Rocket plat slots\" width=\"737\" height=\"280\" srcset=\"https:\/\/rocketplay-new.com\/wp-content\/uploads\/2022\/09\/rocketplay-site-3-300x114.png 300w, https:\/\/rocketplay-new.com\/wp-content\/uploads\/2022\/09\/rocketplay-site-3-768x291.png 768w, https:\/\/rocketplay-new.com\/wp-content\/uploads\/2022\/09\/rocketplay-site-3.png 930w\" sizes=\"auto, (max-width: 737px) 100vw, 737px\" \/><\/p>\n<p>Sprawd\u017a ich g\u0142\u00f3wne osobliwo\u015bci.<\/p>\n<table>\n<tbody>\n<tr>\n<td>Premia<\/td>\n<td>Kwota<\/td>\n<td>Minimalny depozyt<\/td>\n<td>Maksymalna kwota pieni\u0119dzy<\/td>\n<td>Zak\u0142ad<\/td>\n<\/tr>\n<tr>\n<td>1 depozyt<\/td>\n<td>Dodaj 100% i 100 spin\u00f3w<\/td>\n<td><span style=\"font-weight: 400;\">30 z\u0142<\/span><\/td>\n<td><span style=\"font-weight: 400;\">300 z\u0142<\/span><\/td>\n<td><span style=\"font-weight: 400;\">x40<\/span><\/td>\n<\/tr>\n<tr>\n<td><span style=\"font-weight: 400;\">2 depozyt<\/span><\/td>\n<td><span style=\"font-weight: 400;\">200%<\/span><\/td>\n<td><span style=\"font-weight: 400;\">75 z\u0142<\/span><\/td>\n<td><span style=\"font-weight: 400;\">300 z\u0142<\/span><\/td>\n<td><span style=\"font-weight: 400;\">x40<\/span><\/td>\n<\/tr>\n<\/tbody>\n<\/table>\n<p>Musisz tak\u017ce wiedzie\u0107, \u017ce darmowe uruchomienie b\u0119bn\u00f3w mo\u017ce by\u0107 u\u017cywane tylko w niekt\u00f3rych automatach, a nie we wszystkich z rz\u0119du. To kasyno oferuje mo\u017cliwo\u015b\u0107 wydania bonusu na nast\u0119puj\u0105ce gry od BGaming:<\/p>\n<p>Aztec Magic to fajny automat z funkcj\u0105 opadania b\u0119bn\u00f3w, kt\u00f3ra pozwala tworzy\u0107 op\u0142acalne kombinacje nawet bez kr\u0119cenia b\u0119bn\u00f3w;<br \/>\nFire Lightning to automat wrzutowy o tematyce staro\u017cytnej Grecji, kt\u00f3ry zawiera symbole bonusowe i wiele innych interesuj\u0105cych rzeczy.<\/p>\n<p>Je\u015bli jeste\u015b gotowy na najlepsz\u0105 ofert\u0119 powitaln\u0105 w kasynie Rocket Play, nie przegap swojej szansy i za\u0142\u00f3\u017c konto ju\u017c teraz!<\/p>\n<p><span style=\"font-weight: 400;\"><div class=\"tosh-btn\"><a href=\"\/go-casino\/\" target=\"_blank\" rel=\"noopener\">ODBIERZ BONUS<\/a><\/div><\/span><\/p>\n<h2>Cz\u0119sto zadawane pytania<\/h2>\n<h3>JAKI JEST OKRES WA\u017bNO\u015aCI TEGO BONUSU?<\/h3>\n<p>Jest wa\u017cny przez 5 dni. Je\u015bli w tym czasie nie uzupe\u0142ni\u0142e\u015b swojego konta lub nie zacz\u0105\u0142e\u015b gra\u0107 za te pieni\u0105dze, bonus zostanie dezaktywowany. Wi\u0119c po rejestracji nie musisz czeka\u0107, musisz natychmiast uzupe\u0142ni\u0107 konto i dzia\u0142a\u0107!<\/p>\n<h3>JAK UZYSKA\u0106 JESZCZE WI\u0118CEJ PIENI\u0118DZY OD INSTYTUCJI?<\/h3>\n<p>Opr\u00f3cz powitania kasyno ma wiele innych ofert. Na przyk\u0142ad dla wysokich rolek. Dzi\u0119ki niemu mo\u017cesz zdoby\u0107 jeszcze wi\u0119cej pieni\u0119dzy.<\/p>\n<h3>JAK AKTYWOWA\u0106 BONUS?<\/h3>\n<p>Wystarczy za\u0142o\u017cy\u0107 konto, a nast\u0119pnie wp\u0142aci\u0107 na nie co najmniej 30 dolar\u00f3w australijskich. Bonus jest aktywowany automatycznie po tych dzia\u0142aniach.<\/p>\n<p>Przeczytaj tak\u017ce o: <a href=\"https:\/\/rocketplay-new.com\/pl\/regular-bonuses\/\">Regularne bonusy Rocket Playegular\u00a0<\/a><\/p>\n","protected":false},"excerpt":{"rendered":"<p>S\u0105 nagrody, kt\u00f3re s\u0105 dost\u0119pne tylko dla nowicjuszy. Takie przywileje nazywane s\u0105 ofertami powitalnymi. Aktywuj\u0105 si\u0119 po za\u0142o\u017ceniu przez osob\u0119 konta w serwisie. Czasami nadal musisz u\u017cy\u0107 swoich pieni\u0119dzy (do\u0142adowa\u0107 konto) lub u\u017cy\u0107 okre\u015blonego kodu promocyjnego, aby otrzyma\u0107 nagrod\u0119. Oczywi\u015bcie istnieje r\u00f3wnie\u017c oferta powitalna kasyna Rocket Play. S\u0105 nawet dwa z nich, wi\u0119c na pewno&#8230;<\/p>\n","protected":false},"author":1,"featured_media":0,"parent":0,"menu_order":0,"comment_status":"closed","ping_status":"closed","template":"","meta":{"_acf_changed":false,"_kad_post_transparent":"default","_kad_post_title":"default","_kad_post_layout":"default","_kad_post_sidebar_id":"","_kad_post_content_style":"default","_kad_post_vertical_padding":"default","_kad_post_feature":"","_kad_post_feature_position":"","_kad_post_header":false,"_kad_post_footer":false,"footnotes":""},"class_list":["post-2611","page","type-page","status-publish","hentry"],"acf":[],"rttpg_featured_image_url":null,"rttpg_author":{"display_name":"John","author_link":"https:\/\/rocketplay-new.com\/pl\/author\/pemvas95n89x\/"},"rttpg_comment":0,"rttpg_category":null,"rttpg_excerpt":"S\u0105 nagrody, kt\u00f3re s\u0105 dost\u0119pne tylko dla nowicjuszy. Takie przywileje nazywane s\u0105 ofertami powitalnymi. Aktywuj\u0105 si\u0119 po za\u0142o\u017ceniu przez osob\u0119 konta w serwisie. Czasami nadal musisz u\u017cy\u0107 swoich pieni\u0119dzy (do\u0142adowa\u0107 konto) lub u\u017cy\u0107 okre\u015blonego kodu promocyjnego, aby otrzyma\u0107 nagrod\u0119. Oczywi\u015bcie istnieje r\u00f3wnie\u017c oferta powitalna kasyna Rocket Play. S\u0105 nawet dwa z nich, wi\u0119c na pewno...","_links":{"self":[{"href":"https:\/\/rocketplay-new.com\/pl\/wp-json\/wp\/v2\/pages\/2611","targetHints":{"allow":["GET"]}}],"collection":[{"href":"https:\/\/rocketplay-new.com\/pl\/wp-json\/wp\/v2\/pages"}],"about":[{"href":"https:\/\/rocketplay-new.com\/pl\/wp-json\/wp\/v2\/types\/page"}],"author":[{"embeddable":true,"href":"https:\/\/rocketplay-new.com\/pl\/wp-json\/wp\/v2\/users\/1"}],"replies":[{"embeddable":true,"href":"https:\/\/rocketplay-new.com\/pl\/wp-json\/wp\/v2\/comments?post=2611"}],"version-history":[{"count":4,"href":"https:\/\/rocketplay-new.com\/pl\/wp-json\/wp\/v2\/pages\/2611\/revisions"}],"predecessor-version":[{"id":11684,"href":"https:\/\/rocketplay-new.com\/pl\/wp-json\/wp\/v2\/pages\/2611\/revisions\/11684"}],"wp:attachment":[{"href":"https:\/\/rocketplay-new.com\/pl\/wp-json\/wp\/v2\/media?parent=2611"}],"curies":[{"name":"wp","href":"https:\/\/api.w.org\/{rel}","templated":true}]}}