{"id":2602,"date":"2022-06-13T20:16:21","date_gmt":"2022-06-13T17:16:21","guid":{"rendered":"https:\/\/rocketplay-new.com\/the-best-game-show\/"},"modified":"2025-04-03T22:07:21","modified_gmt":"2025-04-03T19:07:21","slug":"the-best-game-show","status":"publish","type":"page","link":"https:\/\/rocketplay-new.com\/pl\/the-best-game-show\/","title":{"rendered":"Najlepszy teleturniej w RocketPlay Casino"},"content":{"rendered":"<p><span style=\"font-family: var(--global-body-font-family);\">Gry <a href=\"https:\/\/rocketplay-new.com\/pl\/live-casino\/\">kasynowe na \u017cywo<\/a> oferuj\u0105 emocje zwi\u0105zane z fizycznym kasynem i \u0142\u0105cz\u0105 je z wygod\u0105 hazardu online. Pokaz gier w kasynie na \u017cywo dzia\u0142a w podobny spos\u00f3b, ale to zupe\u0142nie inna propozycja dla graczy.<\/span><\/p>\n<p>RocketPlay oferuje wysoki poziom wygody i \u0142atwo\u015bci dost\u0119pu. Jednak emocje buduj\u0105 si\u0119 jeszcze bardziej. Odwzorowuj\u0105c dreszczyk emocji zwi\u0105zanych z grami na \u017cywo, te produkty kasynowe sprawiaj\u0105, \u017ce sami gracze staj\u0105 si\u0119 gwiazdami serialu.<\/p>\n<p><img loading=\"lazy\" decoding=\"async\" class=\"aligncenter wp-image-4622\" src=\"https:\/\/rocketplay-new.com\/wp-content\/uploads\/2024\/02\/11.png\" alt=\"Best Game RocketPlay Casino \" width=\"800\" height=\"245\" srcset=\"https:\/\/rocketplay-new.com\/wp-content\/uploads\/2024\/02\/11.png 1671w, https:\/\/rocketplay-new.com\/wp-content\/uploads\/2024\/02\/11-300x92.png 300w, https:\/\/rocketplay-new.com\/wp-content\/uploads\/2024\/02\/11-1024x314.png 1024w, https:\/\/rocketplay-new.com\/wp-content\/uploads\/2024\/02\/11-768x235.png 768w, https:\/\/rocketplay-new.com\/wp-content\/uploads\/2024\/02\/11-1536x471.png 1536w\" sizes=\"auto, (max-width: 800px) 100vw, 800px\" \/><\/p>\n<h2>JAK DZIA\u0141AJ\u0104 GRY W KASYNIE NA \u017bYWO?<\/h2>\n<p>Gra RocketPlay pokazuje obroty Australii, rzuty i inne akcje wykonywane przez profesjonalnego i wysoko wykwalifikowanego gospodarza. Podobnie jak w telewizji, gospodarz programu kasynowego utrzymuje gr\u0119 i sprawia, \u017ce \u200b\u200bgracze s\u0105 szcz\u0119\u015bliwi, zaanga\u017cowani i podekscytowani.<\/p>\n<p>Z perspektywy gracza wystarczy po\u0142\u0105czenie z Internetem i urz\u0105dzenie z dost\u0119pem do Internetu. Klient loguje si\u0119 na swoje konto w kasynie i wybiera wybran\u0105 gr\u0119, tak jak ka\u017cdy inny produkt. Z tego konta gracz mo\u017ce po\u0142\u0105czy\u0107 si\u0119 z najlepszymi programami RocketPlay, kt\u00f3re na\u015bladuj\u0105 dreszczyk emocji podczas grania na \u017cywo.<\/p>\n<p><span style=\"font-weight: 400;\">\u00a0\u00a0<div class=\"go-btn-container\"><div class=\"tosh-btn\"><a href=\"\/go-casino\/\" target=\"_blank\" rel=\"noopener\">GRAJ TERAZ<\/a><\/div><\/div> <\/span><\/p>\n<h2>NAJLEPSZE POKAZY NA \u017bYWO<\/h2>\n<p>Darmowe teleturnieje RocketPlay oferuj\u0105 graczom kilka opcji, chocia\u017c niekt\u00f3re gry s\u0105 bardziej popularne ni\u017c inne. W kolejnych sekcjach tego przewodnika przyjrzymy si\u0119 bli\u017cej niekt\u00f3rym z tych bardziej popularnych opcji. Jednak ta sekcja zawiera po prostu kr\u00f3tki przegl\u0105d niekt\u00f3rych z tych najlepszych program\u00f3w na \u017cywo. Niekt\u00f3re z popularnych teleturniej\u00f3w RocketPlay obejmuj\u0105:<\/p>\n<ul>\n<li>Monopol na \u017cywo od Evolution Gaming.<\/li>\n<li>Crazy Coin Flip Live by Evolution Gaming<\/li>\n<li>Mega Ball od Evolution Gaming<\/li>\n<li>Dreamcatcher od Evolution Gaming<\/li>\n<li>Umowa Evolution Gaming lub brak umowy<\/li>\n<li>Studio pi\u0142karskie na \u017cywo Evolution Gaming<\/li>\n<li>Pieni\u0105dze lub upadek Evolution Gaming<\/li>\n<li>Lightning Dice od Evolution Gaming<\/li>\n<li>Mega Wheel od Pragmatic Play<\/li>\n<li>Playtech Adventures Beyond Wonderland<\/li>\n<li>Zrzut pieni\u0119dzy przez Playtech Live<\/li>\n<li>Kto chce zosta\u0107 milionerem od Playtech?<\/li>\n<li>Buffalo Blitz z Playtech<\/li>\n<li>Ezugi Keno<\/li>\n<li>Ezugi stawia na liczby.<\/li>\n<\/ul>\n<p>Podczas gdy powy\u017csza lista jest zdominowana przez gry z Evolution Gaming, rynek kasyn na \u017cywo jest zr\u00f3\u017cnicowany i zr\u00f3\u017cnicowany. Istnieje wiele opcji dla graczy, kt\u00f3rzy chc\u0105 wypr\u00f3bowa\u0107 gry od r\u00f3\u017cnych tw\u00f3rc\u00f3w i dostawc\u00f3w oprogramowania. Dobrym pomys\u0142em dla graczy mo\u017ce by\u0107 eksperymentowanie z r\u00f3\u017cnymi producentami oprogramowania, aby znale\u017a\u0107 najlepsze.<\/p>\n<h2>NAJPOPULARNIEJSZE GRY Z DEALERAMI NA \u017bYWO<\/h2>\n<p>Gracze mog\u0105 korzysta\u0107 z teleturniej\u00f3w RocketPlay online za pieni\u0105dze, a ta r\u00f3\u017cnorodno\u015b\u0107 jest wa\u017cnym czynnikiem popularno\u015bci tego typu gier. Ale jakie s\u0105 najpopularniejsze gry z krupierem na \u017cywo?<\/p>\n<p>Najlepsze gry na \u017cywo zapewniaj\u0105 graczom ekscytuj\u0105ce wra\u017cenia. Podczas gdy poszczeg\u00f3lni gracze maj\u0105 wiele sposob\u00f3w na okre\u015blenie, kt\u00f3re gry najbardziej im odpowiadaj\u0105, przegl\u0105danie najpopularniejszych gier stanowi pomocne wprowadzenie do pokaz\u00f3w gier na \u017cywo. Czytaj dalej, aby dowiedzie\u0107 si\u0119 wi\u0119cej o niekt\u00f3rych z najpopularniejszych gier z ca\u0142ego \u015bwiata.<\/p>\n<p><img loading=\"lazy\" decoding=\"async\" class=\"aligncenter wp-image-4632\" src=\"https:\/\/rocketplay-new.com\/wp-content\/uploads\/2024\/02\/22.png\" alt=\"Best Game RocketPlay Casino 2\" width=\"800\" height=\"477\" srcset=\"https:\/\/rocketplay-new.com\/wp-content\/uploads\/2024\/02\/22.png 1345w, https:\/\/rocketplay-new.com\/wp-content\/uploads\/2024\/02\/22-300x179.png 300w, https:\/\/rocketplay-new.com\/wp-content\/uploads\/2024\/02\/22-1024x611.png 1024w, https:\/\/rocketplay-new.com\/wp-content\/uploads\/2024\/02\/22-768x458.png 768w\" sizes=\"auto, (max-width: 800px) 100vw, 800px\" \/><\/p>\n<h2>MEGA KO\u0141A<\/h2>\n<p>Mega Wheel jest oferowane przez Pragmatic Play, dostawc\u0119 i studio oprogramowania do gier na \u017cywo. Gospodarz studia kr\u0119ci ko\u0142em sk\u0142adaj\u0105cym si\u0119 z 54 ponumerowanych segment\u00f3w. Gracze musz\u0105 tworzy\u0107 proste, ale ekscytuj\u0105ce przewidywania dotycz\u0105ce tego, jak b\u0119dzie si\u0119 obraca\u0107 ko\u0142o i jaki numer zostanie wy\u015bwietlony po zako\u0144czeniu kr\u0119cenia.<\/p>\n<p>Jak dot\u0105d Mega Wheel brzmi prawie jak ruletka na \u017cywo. Chocia\u017c to prawda \u2013 podstawowe elementy obu gier s\u0105 takie same \u2013 istnieje wiele innych funkcji, kt\u00f3re gracze mog\u0105 wykorzysta\u0107, aby zwi\u0119kszy\u0107 swoje zak\u0142ady i doda\u0107 dodatkowe emocje.<\/p>\n<p><span style=\"font-weight: 400;\">\u00a0\u00a0<div class=\"go-btn-container\"><div class=\"tosh-btn\"><a href=\"\/go-casino\/\" target=\"_blank\" rel=\"noopener\">GRAJ TERAZ<\/a><\/div><\/div> <\/span><\/p>\n<h2>UMOWA NA \u017bYWO LUB BRAK UMOWY<\/h2>\n<p>Live Deal or No Deal \u015bledzi rozgrywk\u0119 popularnego programu telewizyjnego. Gracze wybieraj\u0105 pude\u0142ko, a nast\u0119pnie wykluczaj\u0105 inne pude\u0142ka z gry w miar\u0119 post\u0119p\u00f3w w grze. W niekt\u00f3rych momentach otrzymaj\u0105 ofert\u0119 &#8211; zasadniczo mo\u017cliwo\u015b\u0107 wyp\u0142aty.<\/p>\n<p>Je\u015bli gracze mog\u0105 pozby\u0107 si\u0119 skrzynek o najwy\u017cszej warto\u015bci w grze, ryzyko<a href=\"https:\/\/rocketplay-new.com\/pl\/casino\/\"> kasyna<\/a> ro\u015bnie wraz z oferowan\u0105 ofert\u0105 wyp\u0142aty. Z drugiej strony, je\u015bli pude\u0142ka o ni\u017cszej warto\u015bci zostan\u0105 usuni\u0119te wcze\u015bnie, transakcja wyp\u0142aty jest ni\u017csza. W tej grze wymagane jest ostro\u017cne podejmowanie decyzji.<\/p>\n<h2>MONOPOL NA \u017bYWO<\/h2>\n<p>Monopoly to sprawdzona gra planszowa, kt\u00f3ra od pokole\u0144 jest ulubion\u0105 gr\u0105 rodzinn\u0105. Pokazowa wersja gry Monopoly w kasynie na \u017cywo zapewnia jeszcze wi\u0119cej emocji i przyjemno\u015bci. Gracze mog\u0105 cieszy\u0107 si\u0119 gr\u0105, do kt\u00f3rej przyzwyczaili si\u0119 przez lata, w nowym otoczeniu.<\/p>\n<p>Rozgrywka w Monopoly na \u017cywo r\u00f3\u017cni si\u0119 nieco od gier sto\u0142owych. Zamiast przedziera\u0107 si\u0119 przez plansz\u0119, kupowa\u0107 w\u0142asno\u015b\u0107 i unika\u0107 w\u0142asno\u015bci innych, o losie gracza decyduje kr\u0119cenie si\u0119 ko\u0142em. To sprawia, \u017ce \u200b\u200bLive Monopoly jest podobne do innych gier ko\u0142owych, ale wykorzystuje wiele koncepcji znanych do\u015bwiadczonym graczom Monopoly.<\/p>\n<h2>SZALONY CZAS<\/h2>\n<p>Mad Time to kolejna generacja kolejnego popularnego produktu Evolution Gaming, Dream Catchera. Gracze stawiaj\u0105 zak\u0142ady na r\u00f3\u017cne segmenty ko\u0142a pod okiem profesjonalnego gospodarza. Gospodarz kr\u0119ci ko\u0142em, a zak\u0142ady s\u0105 wygrywane i przegrywane w tym obrocie.<\/p>\n<p>Szereg r\u00f3\u017cnych gier bonusowych zwi\u0119ksza trudno\u015b\u0107 i zainteresowanie graczy. Te dodatkowe gry poboczne to Pachinko, Coin Flip, Cash Hunt i tytu\u0142owa gra Crazy Time. Pomimo zmienno\u015bci i dynamiki dodanej przez cztery dodatkowe gry, Crazy Time jest nadal \u0142atwy do opanowania przez graczy, z delikatn\u0105 i przyjazn\u0105 krzyw\u0105 uczenia si\u0119.<\/p>\n<p><img loading=\"lazy\" decoding=\"async\" class=\"aligncenter wp-image-4641\" src=\"https:\/\/rocketplay-new.com\/wp-content\/uploads\/2024\/02\/33.png\" alt=\"Best Game RocketPlay Casino 3\" width=\"800\" height=\"483\" srcset=\"https:\/\/rocketplay-new.com\/wp-content\/uploads\/2024\/02\/33.png 1342w, https:\/\/rocketplay-new.com\/wp-content\/uploads\/2024\/02\/33-300x181.png 300w, https:\/\/rocketplay-new.com\/wp-content\/uploads\/2024\/02\/33-1024x619.png 1024w, https:\/\/rocketplay-new.com\/wp-content\/uploads\/2024\/02\/33-768x464.png 768w\" sizes=\"auto, (max-width: 800px) 100vw, 800px\" \/><\/p>\n<h2>MEGA BAL NA \u017bYWO<\/h2>\n<p>Mega Ball &#8211; Zagraj w teleturnieje online RocketPlay firmy Evolution Gaming. Podczas grania w t\u0119 gr\u0119 klienci pracuj\u0105 z 51 ponumerowanymi pi\u0142kami, dostarczanymi w formacie znanym graczom loterii. Rozgrywka rozwija si\u0119 szybko, dodaj\u0105c emocji i intryg, pozostaj\u0105c przy tym stosunkowo przyjazn\u0105 dla u\u017cytkownika i \u0142atw\u0105 do nauczenia si\u0119 graczy.<\/p>\n<p>Aby uzyska\u0107 dost\u0119p do tych ponumerowanych kulek, gracze kupuj\u0105 r\u00f3\u017cne karty o warto\u015bci do 200 na rund\u0119 gry. Dopasowywanie kart do wylosowanych kulek tworzy ekscytuj\u0105c\u0105 atmosfer\u0119. Szereg r\u00f3\u017cnych mno\u017cnik\u00f3w warto\u015bci dodatkowo wzmacnia t\u0119 ekscytacj\u0119.<\/p>\n<p>Gra na \u017cywo pokazuje gry z najwy\u017cszymi limitami zak\u0142ad\u00f3w<br \/>\nGracze powinni zdawa\u0107 sobie spraw\u0119 z limit\u00f3w zak\u0142ad\u00f3w przy wyborze gry w kasynie na \u017cywo. Oto parametry zak\u0142ad\u00f3w, na kt\u00f3re nale\u017cy zwr\u00f3ci\u0107 uwag\u0119:<\/p>\n<ul>\n<li>Maksymalny zak\u0142ad &#8211; maksymalny mo\u017cliwy zak\u0142ad na gr\u0119.<\/li>\n<li>Minimalny zak\u0142ad &#8211; najni\u017cszy mo\u017cliwy zak\u0142ad, aby uzyska\u0107 dost\u0119p do gry.<\/li>\n<li>Maksymalny mno\u017cnik &#8211; limit mno\u017cnik\u00f3w, kt\u00f3re mo\u017cna wykorzysta\u0107 podczas gry.<\/li>\n<li>Maksymalna ca\u0142kowita wygrana &#8211; Limit kwoty wygranych otrzymanych przy stole.<\/li>\n<li>Maksymalna wyp\u0142ata \u2014 Najwi\u0119ksza kwota, jak\u0105 mo\u017cna wyp\u0142aci\u0107 z konta gracza.<\/li>\n<li>Minimalna wyp\u0142ata &#8211; Minimalna kwota pieni\u0119dzy, kt\u00f3r\u0105 mo\u017cna wyp\u0142aci\u0107 z konta w kasynie.<\/li>\n<\/ul>\n","protected":false},"excerpt":{"rendered":"<p>Gry kasynowe na \u017cywo oferuj\u0105 emocje zwi\u0105zane z fizycznym kasynem i \u0142\u0105cz\u0105 je z wygod\u0105 hazardu online. Pokaz gier w kasynie na \u017cywo dzia\u0142a w podobny spos\u00f3b, ale to zupe\u0142nie inna propozycja dla graczy. RocketPlay oferuje wysoki poziom wygody i \u0142atwo\u015bci dost\u0119pu. Jednak emocje buduj\u0105 si\u0119 jeszcze bardziej. Odwzorowuj\u0105c dreszczyk emocji zwi\u0105zanych z grami na&#8230;<\/p>\n","protected":false},"author":1,"featured_media":0,"parent":0,"menu_order":0,"comment_status":"closed","ping_status":"closed","template":"","meta":{"_acf_changed":false,"_kad_post_transparent":"default","_kad_post_title":"default","_kad_post_layout":"default","_kad_post_sidebar_id":"","_kad_post_content_style":"default","_kad_post_vertical_padding":"default","_kad_post_feature":"","_kad_post_feature_position":"","_kad_post_header":false,"_kad_post_footer":false,"footnotes":""},"class_list":["post-2602","page","type-page","status-publish","hentry"],"acf":[],"rttpg_featured_image_url":null,"rttpg_author":{"display_name":"John","author_link":"https:\/\/rocketplay-new.com\/pl\/author\/pemvas95n89x\/"},"rttpg_comment":0,"rttpg_category":null,"rttpg_excerpt":"Gry kasynowe na \u017cywo oferuj\u0105 emocje zwi\u0105zane z fizycznym kasynem i \u0142\u0105cz\u0105 je z wygod\u0105 hazardu online. Pokaz gier w kasynie na \u017cywo dzia\u0142a w podobny spos\u00f3b, ale to zupe\u0142nie inna propozycja dla graczy. RocketPlay oferuje wysoki poziom wygody i \u0142atwo\u015bci dost\u0119pu. Jednak emocje buduj\u0105 si\u0119 jeszcze bardziej. Odwzorowuj\u0105c dreszczyk emocji zwi\u0105zanych z grami na...","_links":{"self":[{"href":"https:\/\/rocketplay-new.com\/pl\/wp-json\/wp\/v2\/pages\/2602","targetHints":{"allow":["GET"]}}],"collection":[{"href":"https:\/\/rocketplay-new.com\/pl\/wp-json\/wp\/v2\/pages"}],"about":[{"href":"https:\/\/rocketplay-new.com\/pl\/wp-json\/wp\/v2\/types\/page"}],"author":[{"embeddable":true,"href":"https:\/\/rocketplay-new.com\/pl\/wp-json\/wp\/v2\/users\/1"}],"replies":[{"embeddable":true,"href":"https:\/\/rocketplay-new.com\/pl\/wp-json\/wp\/v2\/comments?post=2602"}],"version-history":[{"count":7,"href":"https:\/\/rocketplay-new.com\/pl\/wp-json\/wp\/v2\/pages\/2602\/revisions"}],"predecessor-version":[{"id":5924,"href":"https:\/\/rocketplay-new.com\/pl\/wp-json\/wp\/v2\/pages\/2602\/revisions\/5924"}],"wp:attachment":[{"href":"https:\/\/rocketplay-new.com\/pl\/wp-json\/wp\/v2\/media?parent=2602"}],"curies":[{"name":"wp","href":"https:\/\/api.w.org\/{rel}","templated":true}]}}