{"id":2588,"date":"2022-08-18T13:21:33","date_gmt":"2022-08-18T10:21:33","guid":{"rendered":"https:\/\/rocketplay-new.com\/slot-machines\/wizard-of-oz\/"},"modified":"2025-11-26T20:15:49","modified_gmt":"2025-11-26T17:15:49","slug":"wizard-of-oz","status":"publish","type":"page","link":"https:\/\/rocketplay-new.com\/pl\/slot-machines\/wizard-of-oz\/","title":{"rendered":"Recenzja Wizard of Oz Slot"},"content":{"rendered":"<p>To, \u017ce bajki dzieci\u0119ce staj\u0105 si\u0119 inspiracj\u0105 dla tw\u00f3rc\u00f3w gier hazardowych, jest normaln\u0105 praktyk\u0105. W ko\u0144cu bajkowe obrazy s\u0105 znane i znane wszystkim od najm\u0142odszych lat. Tak wi\u0119c automat Wizard of Oz b\u0119dzie m\u00f3g\u0142 przenie\u015b\u0107 gracza do fikcyjnego \u015bwiata, w kt\u00f3rym mo\u017cesz nie tylko dobrze si\u0119 bawi\u0107 i uciec od rzeczywisto\u015bci, ale tak\u017ce zarobi\u0107 dodatkowe pieni\u0105dze.<\/p>\n<p><span style=\"font-weight: 400;\"><div class=\"tosh-btn\"><a href=\"\/go-casino\/\" target=\"_blank\" rel=\"noopener\">ODBIERZ BONUS<\/a><\/div><\/span><\/p>\n<h2>Wizard of Oz: CZY GRA\u0106 NA PIENI\u0104DZE Op\u0142aca si\u0119?<\/h2>\n<p>Czy zarabianie pieni\u0119dzy w grze Wizard of Oz jest realne? Po przestudiowaniu tego slotu mo\u017cesz \u015bmia\u0142o odpowiedzie\u0107 \u2013 tak! Jest do tego wiele funkcji:<\/p>\n<ul>\n<li>kilka rund bonusowych;<\/li>\n<li>odpowiada za utrat\u0119 niekt\u00f3rych symboli;<\/li>\n<li>oferuj\u0105 5 darmowych spin\u00f3w z rz\u0119du;<\/li>\n<li>losowe mno\u017cniki zak\u0142ad\u00f3w;<\/li>\n<li>pula.<\/li>\n<\/ul>\n<p>Dlatego nie przegap okazji zainwestowania prawdziwych pieni\u0119dzy w ten slot. Ale du\u017ca liczba r\u00f3\u017cnych funkcji mo\u017ce zmyli\u0107 gracza. Najlepszym sposobem na wypr\u00f3bowanie gry w Wizard of Oz jest tryb demo, kt\u00f3ry jest zawsze dost\u0119pny dla australijskich graczy.<\/p>\n<p style=\"text-align: center;\"><img loading=\"lazy\" decoding=\"async\" class=\"aligncenter wp-image-308 size-full\" src=\"https:\/\/rocketplay-new.com\/wp-content\/uploads\/2022\/08\/wizard-of-oz-logo.jpeg\" alt=\"Wizard of Oz logo\" width=\"1024\" height=\"500\" srcset=\"https:\/\/rocketplay-new.com\/wp-content\/uploads\/2022\/08\/wizard-of-oz-logo.jpeg 1024w, https:\/\/rocketplay-new.com\/wp-content\/uploads\/2022\/08\/wizard-of-oz-logo-300x146.jpeg 300w, https:\/\/rocketplay-new.com\/wp-content\/uploads\/2022\/08\/wizard-of-oz-logo-768x375.jpeg 768w\" sizes=\"auto, (max-width: 1024px) 100vw, 1024px\" \/><\/p>\n<h2>SZCZEG\u00d3\u0141Y I FUNKCJE GRY<\/h2>\n<p>Zacznijmy od zewn\u0119trznych cech tego jednor\u0119kiego bandyty online. Wykonana w tematycznym stylu i jest w pe\u0142ni zgodna z ba\u015bniow\u0105 fabu\u0142\u0105. W tle widzimy szmaragdowe miasto, a postacie i przedmioty z bajki pe\u0142ni\u0105 rol\u0119 symboli. Na przyk\u0142ad:<\/p>\n<ul>\n<li>dziewczyna Dorota;<\/li>\n<li>cz\u0142owiek z \u017celaza;<\/li>\n<li>strach na wr\u00f3ble;<\/li>\n<li>cz\u0142owiek lew;<\/li>\n<li>czarownica;<\/li>\n<li>czarodziej;<\/li>\n<li>wr\u00f3\u017cka Glinda;<\/li>\n<li>pies Toto;<\/li>\n<li>wizerunek g\u0142\u00f3wnych bohater\u00f3w \u201ePrzyjaci\u00f3\u0142\u201d;<\/li>\n<li>r\u00f3\u017cne przedmioty: kosz, lizak, jab\u0142ko, klepsydra.<\/li>\n<\/ul>\n<p>Deweloper nie zamie\u015bci\u0142 tutaj typowych zdj\u0119\u0107 kasyna, dlatego Wizard of Oz online wyr\u00f3\u017cnia si\u0119 na tle innych.<\/p>\n<p>Akompaniament muzyczny jest dyskretny. D\u017awi\u0119k w\u0142\u0105cza si\u0119 tylko podczas obracania rolek i tworzenia kombinacji.<\/p>\n<p>Najwa\u017cniejsze cechy wa\u017cne dla graczy:<\/p>\n<ul>\n<li>Symbol Scatter \u2013 tak, kilka;<\/li>\n<li>mno\u017cniki \u2013 tak;<\/li>\n<li>symbol jackpota \u2013 tak;<\/li>\n<li>gra automatyczna \u2013 tak;<\/li>\n<li>gra z bonusami \u2013 tak;<\/li>\n<li>Wild symbol (zast\u0119puje inne) \u2013 tak;<\/li>\n<li>darmowe spiny (respiny i w osobnej rundzie) \u2013 tak.<\/li>\n<\/ul>\n<p>Dzi\u0119ki temu rozgrywka jest urozmaicona i ciekawa. Wygrane pojawiaj\u0105 si\u0119 do\u015b\u0107 cz\u0119sto. S\u0105 niewielkie, ale generalnie mo\u017cesz liczy\u0107 na stopniowy wzrost swojego bankrolla. Im wy\u017cszy zak\u0142ad, tym wi\u0119ksza b\u0119dzie nagroda.<\/p>\n<p>Wska\u017aniki techniczne Wizard of Oz Australia s\u0105 \u015brednie. RTP wynosi tutaj 95,99%, co jest \u015bredni\u0105 dla rynku. Zmienno\u015b\u0107 jest nieco poni\u017cej \u015bredniej. Nie jest to ani dobre, ani z\u0142e, a musisz tylko wiedzie\u0107, \u017ce maszyna nie da Ci od razu du\u017cej wygranej. Ten automat jest bardziej odpowiedni do gry d\u0142ugoterminowej.<\/p>\n<p style=\"text-align: center;\"><img loading=\"lazy\" decoding=\"async\" class=\"aligncenter wp-image-311 size-full\" src=\"https:\/\/rocketplay-new.com\/wp-content\/uploads\/2022\/08\/wizard-of-oz-slot-2.png\" alt=\"wizard of oz slot\" width=\"853\" height=\"480\" srcset=\"https:\/\/rocketplay-new.com\/wp-content\/uploads\/2022\/08\/wizard-of-oz-slot-2.png 853w, https:\/\/rocketplay-new.com\/wp-content\/uploads\/2022\/08\/wizard-of-oz-slot-2-300x169.png 300w, https:\/\/rocketplay-new.com\/wp-content\/uploads\/2022\/08\/wizard-of-oz-slot-2-768x432.png 768w\" sizes=\"auto, (max-width: 853px) 100vw, 853px\" \/><\/p>\n<h2>RYSUNEK WNIOSK\u00d3W DOTYCZ\u0104CYCH GNIAZDA Wizard of Oz<\/h2>\n<p>Ta gra zosta\u0142a wydana w 2011 roku i doskonale odda\u0142a klimat starego filmu. Wygl\u0105d wykonany w stylu retro, kt\u00f3ry mo\u017ce wydawa\u0107 si\u0119 przestarza\u0142y. Ale zgodnie z ide\u0105 tw\u00f3rcy WMS, powinno to podpowiedzie\u0107 graczowi film, kt\u00f3ry ukaza\u0142 si\u0119 w 1939 roku. Animacje i efekty d\u017awi\u0119kowe r\u00f3wnie\u017c przenosz\u0105 si\u0119 na ten czas, wi\u0119c pomimo niskiej jako\u015bci grafiki, jest to w pe\u0142ni uzasadnione.<\/p>\n<p>Wed\u0142ug wska\u017anik\u00f3w technicznych ten slot jest przeci\u0119tny. Istnieje wiele fajnych funkcji, kt\u00f3re pozwalaj\u0105 zarabia\u0107 pieni\u0105dze. Ale procent RTP jest niski, a to pokazuje, \u017ce gra nie da cz\u0119sto du\u017cych wygranych. To jest dobre na d\u0142u\u017csz\u0105 met\u0119.<\/p>\n<p>Graczom niezaznajomionym z ni\u0105 zaleca si\u0119 wypr\u00f3bowanie darmowych automat\u00f3w do gier Wizard of Oz. Generalnie mo\u017cemy pochwali\u0107 dewelopera za ciekawy pomys\u0142. Takich automat\u00f3w jest naprawd\u0119 niewiele, wi\u0119c zawsze korzystnie wyr\u00f3\u017cniaj\u0105 si\u0119 na tle reszty.<\/p>\n<p><span style=\"font-weight: 400;\"><div class=\"tosh-btn\"><a href=\"\/go-casino\/\" target=\"_blank\" rel=\"noopener\">ODBIERZ BONUS<\/a><\/div><\/span><\/p>\n<h2>POPULARNE PYTANIA DLA NOWYCH GRACZY<\/h2>\n<h3>CZY MO\u017bNA DOSTOSOWA\u0106 ILO\u015a\u0106 LINII P\u0141ATNYCH W TYM AUTOMACIE?<\/h3>\n<p>Czarnoksi\u0119\u017cnik z Krainy Oz ma 30 linii wyp\u0142at, kt\u00f3re s\u0105 automatycznie aktywowane po uruchomieniu gry. Ale t\u0119 kwot\u0119 mo\u017cna zmieni\u0107 w ustawieniach, kt\u00f3re otwieraj\u0105 si\u0119 pod przyciskiem, aby uruchomi\u0107 b\u0119bny.<\/p>\n<h3>JAKIE S\u0104 MAKSYMALNE I MIN WIELKO\u015aCI ZAK\u0141AD\u00d3W W TYM AUTOMACIE?<\/h3>\n<p>Na jednej linii mo\u017cesz postawi\u0107 zak\u0142ad w wysoko\u015bci od 0,01 do 2. Okazuje si\u0119 wi\u0119c, \u017ce w pieni\u0105dzu maksymalny zak\u0142ad wyniesie 60 (30 linii, po 2 monety z salda za ka\u017cd\u0105).<\/p>\n<h3>Jak Wizard of Oz otwiera rund\u0119 bonusow\u0105?<\/h3>\n<p>Aby to zrobi\u0107, musisz wyl\u0105dowa\u0107 na jednym z b\u0119bn\u00f3w specjalnym symbolem. Nale\u017c\u0105 do nich g\u0142\u00f3wni bohaterowie opowie\u015bci: Dorota, Strach na Wr\u00f3ble, Iron Man, Tch\u00f3rzliwy Lew, Czarownica, Czarodziej i Magiczna Kula. Kiedy l\u0105duj\u0105 na boisku, uruchamiana jest nowa animacja, a gracz mo\u017ce cieszy\u0107 si\u0119 gr\u0105 bonusow\u0105, kt\u00f3r\u0105 zapewniaj\u0105 zasady.<\/p>\n<p><strong>Recenzje o automatach:<\/strong><\/p>\n<ul>\n<li><a href=\"https:\/\/rocketplay-new.com\/pl\/slot-machines\/buffalo-gold\/\">Buffalo Gold<\/a><\/li>\n<li><a href=\"https:\/\/rocketplay-new.com\/pl\/slot-machines\/lucky-88\/\">Lucky 88<\/a><\/li>\n<\/ul>\n","protected":false},"excerpt":{"rendered":"<p>To, \u017ce bajki dzieci\u0119ce staj\u0105 si\u0119 inspiracj\u0105 dla tw\u00f3rc\u00f3w gier hazardowych, jest normaln\u0105 praktyk\u0105. W ko\u0144cu bajkowe obrazy s\u0105 znane i znane wszystkim od najm\u0142odszych lat. Tak wi\u0119c automat Wizard of Oz b\u0119dzie m\u00f3g\u0142 przenie\u015b\u0107 gracza do fikcyjnego \u015bwiata, w kt\u00f3rym mo\u017cesz nie tylko dobrze si\u0119 bawi\u0107 i uciec od rzeczywisto\u015bci, ale tak\u017ce zarobi\u0107 dodatkowe&#8230;<\/p>\n","protected":false},"author":1,"featured_media":0,"parent":2275,"menu_order":0,"comment_status":"closed","ping_status":"closed","template":"","meta":{"_acf_changed":false,"_kad_post_transparent":"default","_kad_post_title":"default","_kad_post_layout":"default","_kad_post_sidebar_id":"","_kad_post_content_style":"default","_kad_post_vertical_padding":"default","_kad_post_feature":"","_kad_post_feature_position":"","_kad_post_header":false,"_kad_post_footer":false,"footnotes":""},"class_list":["post-2588","page","type-page","status-publish","hentry"],"acf":[],"rttpg_featured_image_url":null,"rttpg_author":{"display_name":"John","author_link":"https:\/\/rocketplay-new.com\/pl\/author\/pemvas95n89x\/"},"rttpg_comment":0,"rttpg_category":null,"rttpg_excerpt":"To, \u017ce bajki dzieci\u0119ce staj\u0105 si\u0119 inspiracj\u0105 dla tw\u00f3rc\u00f3w gier hazardowych, jest normaln\u0105 praktyk\u0105. W ko\u0144cu bajkowe obrazy s\u0105 znane i znane wszystkim od najm\u0142odszych lat. Tak wi\u0119c automat Wizard of Oz b\u0119dzie m\u00f3g\u0142 przenie\u015b\u0107 gracza do fikcyjnego \u015bwiata, w kt\u00f3rym mo\u017cesz nie tylko dobrze si\u0119 bawi\u0107 i uciec od rzeczywisto\u015bci, ale tak\u017ce zarobi\u0107 dodatkowe...","_links":{"self":[{"href":"https:\/\/rocketplay-new.com\/pl\/wp-json\/wp\/v2\/pages\/2588","targetHints":{"allow":["GET"]}}],"collection":[{"href":"https:\/\/rocketplay-new.com\/pl\/wp-json\/wp\/v2\/pages"}],"about":[{"href":"https:\/\/rocketplay-new.com\/pl\/wp-json\/wp\/v2\/types\/page"}],"author":[{"embeddable":true,"href":"https:\/\/rocketplay-new.com\/pl\/wp-json\/wp\/v2\/users\/1"}],"replies":[{"embeddable":true,"href":"https:\/\/rocketplay-new.com\/pl\/wp-json\/wp\/v2\/comments?post=2588"}],"version-history":[{"count":3,"href":"https:\/\/rocketplay-new.com\/pl\/wp-json\/wp\/v2\/pages\/2588\/revisions"}],"predecessor-version":[{"id":5955,"href":"https:\/\/rocketplay-new.com\/pl\/wp-json\/wp\/v2\/pages\/2588\/revisions\/5955"}],"up":[{"embeddable":true,"href":"https:\/\/rocketplay-new.com\/pl\/wp-json\/wp\/v2\/pages\/2275"}],"wp:attachment":[{"href":"https:\/\/rocketplay-new.com\/pl\/wp-json\/wp\/v2\/media?parent=2588"}],"curies":[{"name":"wp","href":"https:\/\/api.w.org\/{rel}","templated":true}]}}