{"id":2574,"date":"2022-08-18T12:23:24","date_gmt":"2022-08-18T09:23:24","guid":{"rendered":"https:\/\/rocketplay-new.com\/slot-machines\/starburst\/"},"modified":"2025-11-26T20:17:44","modified_gmt":"2025-11-26T17:17:44","slug":"starburst","status":"publish","type":"page","link":"https:\/\/rocketplay-new.com\/pl\/slot-machines\/starburst\/","title":{"rendered":"Recenzja Starburst Slot"},"content":{"rendered":"<p>Tajemnicza przestrze\u0144 z nieograniczonymi przestrzeniami i jasnymi konstelacjami jest gotowa powita\u0107 Ci\u0119 w automacie Starburst Australia. Poczuj si\u0119 jak prawdziwy astronauta, surfuj w kosmosie i zarabiaj pieni\u0105dze w tej wyj\u0105tkowej grze wideo. Uruchom Starburst online i dowiedz si\u0119, jakie s\u0105 wysokiej jako\u015bci automaty.<\/p>\n<p><span style=\"font-weight: 400;\"><div class=\"tosh-btn\"><a href=\"\/go-casino\/\" target=\"_blank\" rel=\"noopener\">ODBIERZ BONUS<\/a><\/div><\/span><\/p>\n<h2>TROCH\u0118 O JAK WYGL\u0104DA\u0141O STARBURST<\/h2>\n<p>Mimo \u017ce automat Starburst zosta\u0142 stworzony w 2012 roku przez NetEnt, do dzi\u015b nie straci\u0142 na aktualno\u015bci. Wszystko dzi\u0119ki ponadczasowemu wzornictwu i bardzo korzystnym funkcjom.<\/p>\n<p>Automat zosta\u0142 zainspirowany motywem kosmicznym, kt\u00f3ry jest powszechny w domach gier i jest interesuj\u0105cy dla graczy. W momencie premiery wygl\u0105da\u0142 \u015bwie\u017co i oryginalnie, a nawet teraz niewiele si\u0119 zmieni\u0142o.<\/p>\n<p>Ten automat jest uwa\u017cany za innowacyjny ze wzgl\u0119du na linie wyp\u0142at, kt\u00f3re daj\u0105 wygrane w dowolnym kierunku. W standardowych jednor\u0119kich bandytach dzieje si\u0119 to tylko od lewej do prawej.<\/p>\n<p style=\"text-align: center;\"><img loading=\"lazy\" decoding=\"async\" class=\"aligncenter wp-image-305 size-full\" src=\"https:\/\/rocketplay-new.com\/wp-content\/uploads\/2022\/08\/starburst-logo.jpeg\" alt=\"starburst logo\" width=\"752\" height=\"500\" srcset=\"https:\/\/rocketplay-new.com\/wp-content\/uploads\/2022\/08\/starburst-logo.jpeg 752w, https:\/\/rocketplay-new.com\/wp-content\/uploads\/2022\/08\/starburst-logo-300x199.jpeg 300w\" sizes=\"auto, (max-width: 752px) 100vw, 752px\" \/><\/p>\n<h2>SYMBOL STARBURST: ICH WARTO\u015a\u0106, ZNACZENIE I SPECJALNE FUNKCJE<\/h2>\n<p>Chocia\u017c tematem automatu jest przestrze\u0144, symbole s\u0105 tutaj tradycyjne dla kasyn: klejnoty, si\u00f3demki i napis Bar. Jest jeszcze jeden \u2013 \u015bwiec\u0105ca wielokolorowa gwiazda to jedyny specjalny symbol na slocie, kt\u00f3ry zast\u0119puje bonus i symbol wild.<\/p>\n<p>Sp\u00f3jrzmy na tabel\u0119 wyp\u0142at, aby zrozumie\u0107, ile prawdziwych pieni\u0119dzy mo\u017ce przynie\u015b\u0107 ta gra.<\/p>\n<table style=\"width: 602px;\" border=\"0\" width=\"602\" cellspacing=\"0\" cellpadding=\"0\">\n<tbody>\n<tr>\n<td>\n<p align=\"center\">Ilo\u015b\u0107 na rolkach<\/p>\n<\/td>\n<td>\n<p align=\"center\">3<\/p>\n<\/td>\n<td>\n<p align=\"center\">4<\/p>\n<\/td>\n<td>\n<p align=\"center\">5<\/p>\n<\/td>\n<\/tr>\n<tr>\n<td>\n<p align=\"center\">Fioletowy kamie\u0144<\/p>\n<\/td>\n<td>\n<p align=\"center\">5<\/p>\n<\/td>\n<td>\n<p align=\"center\">10<\/p>\n<\/td>\n<td>\n<p align=\"center\">25<\/p>\n<\/td>\n<\/tr>\n<tr>\n<td style=\"height: 29px;\">\n<p align=\"center\">Niebieski<\/p>\n<\/td>\n<td style=\"height: 29px;\">\n<p align=\"center\">5<\/p>\n<\/td>\n<td style=\"height: 29px;\">\n<p align=\"center\">10<\/p>\n<\/td>\n<td style=\"height: 29px;\">\n<p align=\"center\">25<\/p>\n<\/td>\n<\/tr>\n<tr>\n<td>\n<p align=\"center\">Czerwony<\/p>\n<\/td>\n<td>\n<p align=\"center\">7<\/p>\n<\/td>\n<td>\n<p align=\"center\">15<\/p>\n<\/td>\n<td>\n<p align=\"center\">40<\/p>\n<\/td>\n<\/tr>\n<tr>\n<td>\n<p align=\"center\">Zielony<\/p>\n<\/td>\n<td>\n<p align=\"center\">8<\/p>\n<\/td>\n<td>\n<p align=\"center\">20<\/p>\n<\/td>\n<td>\n<p align=\"center\">50<\/p>\n<\/td>\n<\/tr>\n<tr>\n<td>\n<p align=\"center\">\u017b\u00f3\u0142ty<\/p>\n<\/td>\n<td>\n<p align=\"center\">10<\/p>\n<\/td>\n<td>\n<p align=\"center\">25<\/p>\n<\/td>\n<td>\n<p align=\"center\">60<\/p>\n<\/td>\n<\/tr>\n<tr>\n<td>\n<p align=\"center\">Siedem<\/p>\n<\/td>\n<td>\n<p align=\"center\">25<\/p>\n<\/td>\n<td>\n<p align=\"center\">60<\/p>\n<\/td>\n<td>\n<p align=\"center\">120<\/p>\n<\/td>\n<\/tr>\n<tr>\n<td>\n<p align=\"center\">BAR<\/p>\n<\/td>\n<td>\n<p align=\"center\">500<\/p>\n<\/td>\n<td>\n<p align=\"center\">200<\/p>\n<\/td>\n<td>\n<p align=\"center\">250<\/p>\n<\/td>\n<\/tr>\n<\/tbody>\n<\/table>\n<p>&nbsp;<\/p>\n<p>Ikona gwiazdy jest dzika. Ma dwie funkcje, z kt\u00f3rych pierwsz\u0105 jest zast\u0119powanie innych symboli w celu osi\u0105gni\u0119cia zysku. Ponadto zajmuje ca\u0142y b\u0119ben i wyzwala seri\u0119 respin\u00f3w. Rund\u0119 bonusow\u0105 mo\u017cna powt\u00f3rzy\u0107 tylko 3 razy. Oznacza to, \u017ce gra pozwala zakr\u0119ci\u0107 b\u0119bnami tylko 3 razy za darmo w jednej rundzie.<\/p>\n<p>W tym przypadku wszystkie trzy b\u0119bny (2, 3 i 4) s\u0105 wype\u0142nione symbolem gwiazdy. Gracz otrzymuje wygran\u0105 na wszystkich 10 liniach naraz. To oryginalny i niezwyk\u0142y bonus, kt\u00f3ry przyci\u0105ga graczy.<\/p>\n<p>Dlatego nawet pomimo braku zwyk\u0142ej gry ryzyka lub pe\u0142noprawnej oddzielnej rundy bonusowej, ten jednor\u0119ki bandyta jest ulubie\u0144cem wielu. Proces zbierania dzikich symboli jest intensywny i hazardowy, a towarzysz\u0105 mu specjalne elementy animacji i d\u017awi\u0119ku.<\/p>\n<p><span style=\"font-weight: 400;\"><div class=\"tosh-btn\"><a href=\"\/go-casino\/\" target=\"_blank\" rel=\"noopener\">ODBIERZ BONUS<\/a><\/div><\/span><\/p>\n<h2>INFORMACJE TECHNICZNE STARBURST: ZMIENNO\u015a\u0106, RTP I DARMOWE SPINY<\/h2>\n<p>Wska\u017aniki techniczne tej maszyny s\u0105 \u015brednie. Ale jednocze\u015bnie pozostaje jednym z faworyt\u00f3w w\u015br\u00f3d hazardzist\u00f3w. Zobaczmy, jakie s\u0105 jego cechy:<\/p>\n<ul>\n<li>RTP \u2013 96,1%;<\/li>\n<li>zmienno\u015b\u0107 jest niska;<\/li>\n<li>liczba linii p\u0142acowych \u2013 10;<\/li>\n<li>uk\u0142ad pola \u2013 5 na 3.<\/li>\n<\/ul>\n<p>Procent RTP jest \u015bredni\u0105 dla bran\u017cy hazardowej. Oznacza to, \u017ce maszyna zwraca \u015brednio 96% pieni\u0119dzy gracza. A niska zmienno\u015b\u0107 nie jest z\u0142a. Przewiduje, \u017ce wygrane b\u0119d\u0105 niewielkie, ale cz\u0119ste i nie b\u0119dziesz w stanie trafi\u0107 tu nagle du\u017cej wygranej.<\/p>\n<p>Og\u00f3lnie rzecz bior\u0105c, wygrane b\u0119d\u0105 zale\u017ce\u0107 od stawki za wyp\u0142at\u0119. Ich wielko\u015b\u0107 tutaj wynosi od 0,01 do 100, co pozwala na zabaw\u0119 graczom z dowolnym bankrollem.<\/p>\n<p>Mimo \u017ce nie ma tu \u017cadnych darmowych spin\u00f3w, mo\u017cesz otrzyma\u0107 ofert\u0119 od kasyna i wyda\u0107 50 darmowych spin\u00f3w na Starburst. Pozwoli ci to zarobi\u0107 dobre pieni\u0105dze i dowiedzie\u0107 si\u0119, jak dzia\u0142a ta gra, nie wydaj\u0105c ani grosza z kieszeni. Dla graczy z Polska podobne oferty bonusowe s\u0105 cz\u0119sto otrzymywane w tym konkretnym slocie.<\/p>\n<p style=\"text-align: center;\"><img loading=\"lazy\" decoding=\"async\" class=\"aligncenter wp-image-304 size-full\" src=\"https:\/\/rocketplay-new.com\/wp-content\/uploads\/2022\/08\/starburst.jpeg\" alt=\"Starburst slot\" width=\"735\" height=\"512\" srcset=\"https:\/\/rocketplay-new.com\/wp-content\/uploads\/2022\/08\/starburst.jpeg 735w, https:\/\/rocketplay-new.com\/wp-content\/uploads\/2022\/08\/starburst-300x209.jpeg 300w\" sizes=\"auto, (max-width: 735px) 100vw, 735px\" \/><\/p>\n<h2>WSKAZ\u00d3WKI, JAK GRA\u0106 W STARBURST ONLINE AUTOMATYKA BEZP\u0141ATNIE<\/h2>\n<p>Nie musisz wydawa\u0107 pieni\u0119dzy, aby pozna\u0107 ten wspania\u0142y automat. W ko\u0144cu darmowa gra Starburst jest dost\u0119pna dla wszystkich klient\u00f3w. Dzi\u0119ki temu mo\u017cesz zapozna\u0107 si\u0119 z mechanik\u0105 i zrozumie\u0107, czy w og\u00f3le lubisz gr\u0119. Wersja demo poka\u017ce Ci, jak cz\u0119sto pojawiaj\u0105 si\u0119 zwyci\u0119skie kombinacje i ju\u017c mo\u017cesz zdecydowa\u0107, czy warto tu gra\u0107.<\/p>\n<p>Nadaje si\u0119 r\u00f3wnie\u017c dla tych, kt\u00f3rzy nie maj\u0105 jeszcze pocz\u0105tkowego bankrolla do gry w kasynie. Slot Starburst bez depozytu jest dost\u0119pny dla wszystkich australijskich u\u017cytkownik\u00f3w. Aby to zrobi\u0107, potrzebujesz tylko:<\/p>\n<ol>\n<li>Stw\u00f3rz sw\u00f3j profil kasyna, aby zosta\u0107 klientem kasyna i uzyska\u0107 pe\u0142ny dost\u0119p do funkcji.<\/li>\n<li>Znajd\u017a t\u0119 gr\u0119 na li\u015bcie automat\u00f3w.<\/li>\n<li>Uruchom go w wersji demo.<\/li>\n<\/ol>\n<p>Nie musisz niczego pobiera\u0107 ani czeka\u0107 na d\u0142ugie uruchomienie. Natychmiastowa gra umo\u017cliwia bardzo szybki dost\u0119p do rozrywki.<\/p>\n<p>Nie przegap okazji, aby cieszy\u0107 si\u0119 gr\u0105 w Starburst. Je\u015bli kochasz kosmiczne motywy, ten automat jest w\u0142a\u015bnie tym, czego potrzebujesz. Nikt nie pozostanie oboj\u0119tny na prosty i przyjemny design, tematyczn\u0105 \u015bcie\u017ck\u0119 d\u017awi\u0119kow\u0105 i p\u0142ynn\u0105 rozgrywk\u0119.<\/p>\n<p><strong>Recenzje o automatach:<\/strong><\/p>\n<ul>\n<li><a href=\"https:\/\/rocketplay-new.com\/pl\/slot-machines\/wizard-of-oz\/\">Wizard of Oz<\/a><\/li>\n<li><a href=\"https:\/\/rocketplay-new.com\/pl\/slot-machines\/book-of-dead\/\">Book of Dead<\/a><\/li>\n<\/ul>\n","protected":false},"excerpt":{"rendered":"<p>Tajemnicza przestrze\u0144 z nieograniczonymi przestrzeniami i jasnymi konstelacjami jest gotowa powita\u0107 Ci\u0119 w automacie Starburst Australia. Poczuj si\u0119 jak prawdziwy astronauta, surfuj w kosmosie i zarabiaj pieni\u0105dze w tej wyj\u0105tkowej grze wideo. Uruchom Starburst online i dowiedz si\u0119, jakie s\u0105 wysokiej jako\u015bci automaty. TROCH\u0118 O JAK WYGL\u0104DA\u0141O STARBURST Mimo \u017ce automat Starburst zosta\u0142 stworzony w&#8230;<\/p>\n","protected":false},"author":1,"featured_media":0,"parent":2275,"menu_order":0,"comment_status":"closed","ping_status":"closed","template":"","meta":{"_acf_changed":false,"_kad_post_transparent":"default","_kad_post_title":"default","_kad_post_layout":"default","_kad_post_sidebar_id":"","_kad_post_content_style":"default","_kad_post_vertical_padding":"default","_kad_post_feature":"","_kad_post_feature_position":"","_kad_post_header":false,"_kad_post_footer":false,"footnotes":""},"class_list":["post-2574","page","type-page","status-publish","hentry"],"acf":[],"rttpg_featured_image_url":null,"rttpg_author":{"display_name":"John","author_link":"https:\/\/rocketplay-new.com\/pl\/author\/pemvas95n89x\/"},"rttpg_comment":0,"rttpg_category":null,"rttpg_excerpt":"Tajemnicza przestrze\u0144 z nieograniczonymi przestrzeniami i jasnymi konstelacjami jest gotowa powita\u0107 Ci\u0119 w automacie Starburst Australia. Poczuj si\u0119 jak prawdziwy astronauta, surfuj w kosmosie i zarabiaj pieni\u0105dze w tej wyj\u0105tkowej grze wideo. Uruchom Starburst online i dowiedz si\u0119, jakie s\u0105 wysokiej jako\u015bci automaty. TROCH\u0118 O JAK WYGL\u0104DA\u0141O STARBURST Mimo \u017ce automat Starburst zosta\u0142 stworzony w...","_links":{"self":[{"href":"https:\/\/rocketplay-new.com\/pl\/wp-json\/wp\/v2\/pages\/2574","targetHints":{"allow":["GET"]}}],"collection":[{"href":"https:\/\/rocketplay-new.com\/pl\/wp-json\/wp\/v2\/pages"}],"about":[{"href":"https:\/\/rocketplay-new.com\/pl\/wp-json\/wp\/v2\/types\/page"}],"author":[{"embeddable":true,"href":"https:\/\/rocketplay-new.com\/pl\/wp-json\/wp\/v2\/users\/1"}],"replies":[{"embeddable":true,"href":"https:\/\/rocketplay-new.com\/pl\/wp-json\/wp\/v2\/comments?post=2574"}],"version-history":[{"count":5,"href":"https:\/\/rocketplay-new.com\/pl\/wp-json\/wp\/v2\/pages\/2574\/revisions"}],"predecessor-version":[{"id":5954,"href":"https:\/\/rocketplay-new.com\/pl\/wp-json\/wp\/v2\/pages\/2574\/revisions\/5954"}],"up":[{"embeddable":true,"href":"https:\/\/rocketplay-new.com\/pl\/wp-json\/wp\/v2\/pages\/2275"}],"wp:attachment":[{"href":"https:\/\/rocketplay-new.com\/pl\/wp-json\/wp\/v2\/media?parent=2574"}],"curies":[{"name":"wp","href":"https:\/\/api.w.org\/{rel}","templated":true}]}}