{"id":2551,"date":"2022-08-18T13:55:49","date_gmt":"2022-08-18T10:55:49","guid":{"rendered":"https:\/\/rocketplay-new.com\/slot-machines\/mega-moolah\/"},"modified":"2025-04-03T22:24:29","modified_gmt":"2025-04-03T19:24:29","slug":"mega-moolah","status":"publish","type":"page","link":"https:\/\/rocketplay-new.com\/pl\/slot-machines\/mega-moolah\/","title":{"rendered":"Recenzja Mega Moolah Slot"},"content":{"rendered":"<p>Istnieje kategoria automat\u00f3w, kt\u00f3re bardziej ni\u017c inne s\u0105 gotowe dzieli\u0107 si\u0119 ogromnymi wygranymi z graczami. I w\u0142a\u015bnie to jest Mega Moolah Australia. Jest to automat z du\u017cymi jackpotami, w kt\u00f3re ka\u017cdy gracz, kt\u00f3ry nie boi si\u0119 inwestowa\u0107 w\u0142asnych \u015brodk\u00f3w w rozrywk\u0119, ma szans\u0119 trafi\u0107.<\/p>\n<p style=\"text-align: center;\"><img loading=\"lazy\" decoding=\"async\" class=\"aligncenter wp-image-323 size-large\" src=\"https:\/\/rocketplay-new.com\/wp-content\/uploads\/2022\/08\/mega-moolah-logo-1024x569.png\" alt=\"Mega Moolah logo\" width=\"1024\" height=\"569\" srcset=\"https:\/\/rocketplay-new.com\/wp-content\/uploads\/2022\/08\/mega-moolah-logo-1024x569.png 1024w, https:\/\/rocketplay-new.com\/wp-content\/uploads\/2022\/08\/mega-moolah-logo-300x167.png 300w, https:\/\/rocketplay-new.com\/wp-content\/uploads\/2022\/08\/mega-moolah-logo-768x426.png 768w, https:\/\/rocketplay-new.com\/wp-content\/uploads\/2022\/08\/mega-moolah-logo.png 1140w\" sizes=\"auto, (max-width: 1024px) 100vw, 1024px\" \/><\/p>\n<h2>URUCHOM MEGA MOOLAH I ZACZNIJ GRA\u0106 W AUTOMACIE<\/h2>\n<p>Rozgrywka jest bardzo prosta. Zna go ka\u017cdy, kto kiedykolwiek pr\u00f3bowa\u0142 ucieka\u0107 przed jednor\u0119kimi bandytami. Dost\u0119pne s\u0105 p\u0142atne i bezp\u0142atne opcje gry. W pierwszym przypadku, po zarejestrowaniu si\u0119 w kasynie, musisz dokona\u0107 wp\u0142aty i postawi\u0107 prawdziwy zak\u0142ad. W drugim przypadku wystarczy wizyta w klubie gier.<\/p>\n<p>Afryka\u0144ska sawanna otwiera si\u0119 przed hazardzist\u0105 i spotykaj\u0105 go rdzenni mieszka\u0144cy tych region\u00f3w. Aby gra\u0107 w Mega Moolah bez problem\u00f3w, musisz wykona\u0107 kilka krok\u00f3w:<\/p>\n<ol>\n<li>Ustaw dla siebie wygodny rozmiar zak\u0142adu (lub zostaw wszystko tak, jak jest z pocz\u0105tkowymi ustawieniami gry).<\/li>\n<li>Naci\u015bnij przycisk wirowania b\u0119bna.<\/li>\n<li>Je\u015bli chcesz, aby symbole same si\u0119 zmienia\u0142y, musisz nacisn\u0105\u0107 klawisz autoodtwarzania.<\/li>\n<\/ol>\n<p>Maszyna posiada 25 linii. Je\u015bli przynajmniej jeden z nich ma <strong>zwyci\u0119sk\u0105 kombinacj\u0119<\/strong>, gracz osi\u0105ga zysk. Jaki b\u0119dzie jego rozmiar, zale\u017cy od znaczenia symbolu. S\u0105 nomina\u0142y kart \u2013 s\u0105 mniej warto\u015bciowe, ale s\u0105 te\u017c wizerunki zwierz\u0105t, kt\u00f3re s\u0105 dro\u017csze.<\/p>\n<p>Mo\u017cesz zmieni\u0107 wielko\u015b\u0107 zak\u0142adu przed ka\u017cdym spinem z 0,25 na 6,25.<\/p>\n<p>Nawiasem m\u00f3wi\u0105c, gra jest doskonale przystosowana do ma\u0142ych ekran\u00f3w. Dlatego zawsze mo\u017cesz otworzy\u0107 kom\u00f3rk\u0119 Mega Moolah, aby bawi\u0107 si\u0119 w podr\u00f3\u017cy.<\/p>\n<p><span style=\"font-weight: 400;\"><div class=\"tosh-btn\"><a href=\"\/go-casino\/\" target=\"_blank\" rel=\"noopener\">ODBIERZ BONUS<\/a><\/div><\/span><\/p>\n<h2>OTRZYMAJ BONUSY I INNE NAGRODY W MEGA MOOLAH<\/h2>\n<p>Ten s\u0142ynny automat do gier jest cz\u0119sto wybierany przez r\u00f3\u017cne domy hazardowe, aby sk\u0142ada\u0107 klientom oferty powitalne. Na przyk\u0142ad rejestruj\u0105c si\u0119 w takiej instytucji, mo\u017cesz otrzyma\u0107 80 darmowych spin\u00f3w Mega Moolah. Jest to do\u015b\u0107 hojna oferta, poniewa\u017c maszyna ma funkcje bonusowe, kt\u00f3re zwi\u0119ksz\u0105 Twoje wygrane.<\/p>\n<p>Oto ich lista:<\/p>\n<ul>\n<li>dziki symbol;<\/li>\n<li>mno\u017cniki;<\/li>\n<li>runda z darmowymi spinami;<\/li>\n<li>4 rodzaje jackpota (progresywne).<\/li>\n<\/ul>\n<p>Z prawdopodobie\u0144stwem 100% przynajmniej jeden z nich wypadnie ci, je\u015bli po\u015bwi\u0119cisz czas na slot.<\/p>\n<p>Zacznijmy od opisu symbolu Wild. Tutaj jego rol\u0119 odgrywa <strong>kr\u00f3l d\u017cungli<\/strong> \u2013 wizerunek lwa. To nie tylko przynosi zwyci\u0119stwo samo w sobie. Kr\u00f3l zwierz\u0105t nie jest zbyt dumny i mo\u017ce zast\u0105pi\u0107 inne symbole, tworz\u0105c udan\u0105 kombinacj\u0119 na linii. Nawiasem m\u00f3wi\u0105c, kombinacje wykonane z lwem zwi\u0119kszaj\u0105 si\u0119 2 razy. Dlatego obraz kr\u00f3la zwierz\u0105t jest r\u00f3wnie\u017c mno\u017cnikiem.<\/p>\n<p><strong>Runda bonusowa<\/strong> jest otwierana, je\u015bli w dowolnym miejscu na polu natkniesz si\u0119 na 3 wizerunki ma\u0142py. To <strong>jest symbol<\/strong> rozproszenia. B\u0119dziesz m\u00f3g\u0142 obserwowa\u0107, jak symbole zast\u0119puj\u0105 si\u0119 15 razy, przynosz\u0105 Ci wygrane, a pieni\u0105dze nie s\u0105 obci\u0105\u017cane z Twojego salda. Wszystkie wygrane w tej rundzie s\u0105 mno\u017cone przez 3.<\/p>\n<p>I oczywi\u015bcie <strong>dost\u0119pny jest jackpot<\/strong>. Jest ich 4 i s\u0105 podzielone wed\u0142ug wielko\u015bci: od Mini do Mega. Je\u015bli z\u0142apiesz najwi\u0119ksz\u0105 z nich, mo\u017cesz zdoby\u0107 nawet milion euro.<\/p>\n<p><img loading=\"lazy\" decoding=\"async\" class=\"aligncenter wp-image-324 size-full\" src=\"https:\/\/rocketplay-new.com\/wp-content\/uploads\/2022\/08\/mega-moolah-slot.jpeg\" alt=\"Mega Moolah slot\" width=\"900\" height=\"500\" srcset=\"https:\/\/rocketplay-new.com\/wp-content\/uploads\/2022\/08\/mega-moolah-slot.jpeg 900w, https:\/\/rocketplay-new.com\/wp-content\/uploads\/2022\/08\/mega-moolah-slot-300x167.jpeg 300w, https:\/\/rocketplay-new.com\/wp-content\/uploads\/2022\/08\/mega-moolah-slot-768x427.jpeg 768w\" sizes=\"auto, (max-width: 900px) 100vw, 900px\" \/><\/p>\n<h2>POBIERZ NASZ\u0104 KO\u0143COW\u0104 OPINI\u0118 O MEGA MOOLAH<\/h2>\n<p>Aby zrozumie\u0107, jak dobry jest ten automat do inwestowania w\u0142asnych \u015brodk\u00f3w, musisz zrozumie\u0107 Mega Moolah RTP i inne funkcje techniczne.<\/p>\n<p>Jest to warto\u015b\u0107 procentowa pokazuj\u0105ca, ile \u015brednio gracze mog\u0105 zwr\u00f3ci\u0107 pieni\u0105dze zainwestowane w automat. Im wy\u017cszy, tym mniejsze ryzyko, \u017ce stracisz sw\u00f3j bankroll. Najlepsze w tej dziedzinie s\u0105 automaty ze wska\u017anikiem powy\u017cej 95%. W tym slocie jest to tylko 88,12%.<\/p>\n<p>Ale jest te\u017c inny wska\u017anik, a jest nim zmienno\u015b\u0107. Okre\u015bla, jak cz\u0119sto wygrane b\u0119d\u0105 pojawia\u0107 si\u0119 w slocie i jaki b\u0119d\u0105 ich rozmiar. Tutaj jest \u015brednia, co oznacza, \u017ce \u200b\u200bmo\u017cesz liczy\u0107 na regularne udane kombinacje.<\/p>\n<p>Je\u015bli do asortymentu dodamy Mega Moolah w kasynie online, warto wypr\u00f3bowa\u0107 ten automat. Zabawny motyw i mo\u017cliwo\u015b\u0107 wygrania jackpota przyci\u0105gaj\u0105, wi\u0119c nie powiniene\u015b przegapi\u0107 tej szansy. \u0141adna grafika i muzyka, dyskretna rozgrywka pomog\u0105 Ci dobrze si\u0119 bawi\u0107 i cieszy\u0107 si\u0119 hazardem.<\/p>\n<p><span style=\"font-weight: 400;\"><div class=\"tosh-btn\"><a href=\"\/go-casino\/\" target=\"_blank\" rel=\"noopener\">ODBIERZ BONUS<\/a><\/div><\/span><\/p>\n<h2>FAQ<\/h2>\n<h3>CZY MO\u017bNA POKONA\u0106 MEGA MOOLAH CZY NIE?<\/h3>\n<p>Zosta\u0142a stworzona w oparciu o specjalny system, kt\u00f3ry losowo rozdaje wygrane. Nigdy nie dowiesz si\u0119, w jakiej kolejno\u015bci wypadaj\u0105 udane kombinacje. Jedyne, co mo\u017cesz zrobi\u0107, to m\u0105drze zarz\u0105dza\u0107 swoim kapita\u0142em.<\/p>\n<h3>KTO STWORZY\u0141 GR\u0118 MEGA MOOLAH?<\/h3>\n<p>W dziedzinie hazardu marka ta cieszy si\u0119 doskona\u0142\u0105 reputacj\u0105 \u2013 Microgaming. Wysoka jako\u015b\u0107 ich gier znana jest na ca\u0142ym \u015bwiecie. Marka zawsze wykorzystuje odpowiednie tematy i stara si\u0119 tworzy\u0107 najbardziej dochodowe sloty.<\/p>\n<h3>CZY TEN SLOT ODPOWIADA GRACZOM O MA\u0141YM BANKROLU?<\/h3>\n<p>Tak, minimalny zak\u0142ad jest niski (0,25), a wygrane s\u0105 do\u015b\u0107 cz\u0119ste, wi\u0119c mo\u017cesz stopniowo zwi\u0119ksza\u0107 kwot\u0119, kt\u00f3r\u0105 mo\u017cesz wyda\u0107 w grze.<\/p>\n<p><strong>Recenzje o automatach:<\/strong><\/p>\n<ul>\n<li><a href=\"https:\/\/rocketplay-new.com\/pl\/slot-machines\/lightning-link\/\">Lightning Link<\/a><\/li>\n<li><a href=\"https:\/\/rocketplay-new.com\/pl\/slot-machines\/lucky-88\/\">Lucky 88<\/a><\/li>\n<\/ul>\n","protected":false},"excerpt":{"rendered":"<p>Istnieje kategoria automat\u00f3w, kt\u00f3re bardziej ni\u017c inne s\u0105 gotowe dzieli\u0107 si\u0119 ogromnymi wygranymi z graczami. I w\u0142a\u015bnie to jest Mega Moolah Australia. Jest to automat z du\u017cymi jackpotami, w kt\u00f3re ka\u017cdy gracz, kt\u00f3ry nie boi si\u0119 inwestowa\u0107 w\u0142asnych \u015brodk\u00f3w w rozrywk\u0119, ma szans\u0119 trafi\u0107. URUCHOM MEGA MOOLAH I ZACZNIJ GRA\u0106 W AUTOMACIE Rozgrywka jest bardzo&#8230;<\/p>\n","protected":false},"author":1,"featured_media":0,"parent":2275,"menu_order":0,"comment_status":"closed","ping_status":"closed","template":"","meta":{"_acf_changed":false,"_kad_post_transparent":"default","_kad_post_title":"default","_kad_post_layout":"default","_kad_post_sidebar_id":"","_kad_post_content_style":"default","_kad_post_vertical_padding":"default","_kad_post_feature":"","_kad_post_feature_position":"","_kad_post_header":false,"_kad_post_footer":false,"footnotes":""},"class_list":["post-2551","page","type-page","status-publish","hentry"],"acf":[],"rttpg_featured_image_url":null,"rttpg_author":{"display_name":"John","author_link":"https:\/\/rocketplay-new.com\/pl\/author\/pemvas95n89x\/"},"rttpg_comment":0,"rttpg_category":null,"rttpg_excerpt":"Istnieje kategoria automat\u00f3w, kt\u00f3re bardziej ni\u017c inne s\u0105 gotowe dzieli\u0107 si\u0119 ogromnymi wygranymi z graczami. I w\u0142a\u015bnie to jest Mega Moolah Australia. Jest to automat z du\u017cymi jackpotami, w kt\u00f3re ka\u017cdy gracz, kt\u00f3ry nie boi si\u0119 inwestowa\u0107 w\u0142asnych \u015brodk\u00f3w w rozrywk\u0119, ma szans\u0119 trafi\u0107. URUCHOM MEGA MOOLAH I ZACZNIJ GRA\u0106 W AUTOMACIE Rozgrywka jest bardzo...","_links":{"self":[{"href":"https:\/\/rocketplay-new.com\/pl\/wp-json\/wp\/v2\/pages\/2551","targetHints":{"allow":["GET"]}}],"collection":[{"href":"https:\/\/rocketplay-new.com\/pl\/wp-json\/wp\/v2\/pages"}],"about":[{"href":"https:\/\/rocketplay-new.com\/pl\/wp-json\/wp\/v2\/types\/page"}],"author":[{"embeddable":true,"href":"https:\/\/rocketplay-new.com\/pl\/wp-json\/wp\/v2\/users\/1"}],"replies":[{"embeddable":true,"href":"https:\/\/rocketplay-new.com\/pl\/wp-json\/wp\/v2\/comments?post=2551"}],"version-history":[{"count":3,"href":"https:\/\/rocketplay-new.com\/pl\/wp-json\/wp\/v2\/pages\/2551\/revisions"}],"predecessor-version":[{"id":5953,"href":"https:\/\/rocketplay-new.com\/pl\/wp-json\/wp\/v2\/pages\/2551\/revisions\/5953"}],"up":[{"embeddable":true,"href":"https:\/\/rocketplay-new.com\/pl\/wp-json\/wp\/v2\/pages\/2275"}],"wp:attachment":[{"href":"https:\/\/rocketplay-new.com\/pl\/wp-json\/wp\/v2\/media?parent=2551"}],"curies":[{"name":"wp","href":"https:\/\/api.w.org\/{rel}","templated":true}]}}