{"id":2466,"date":"2022-08-18T14:58:14","date_gmt":"2022-08-18T11:58:14","guid":{"rendered":"https:\/\/rocketplay-new.com\/slot-machines\/lucky-88\/"},"modified":"2025-04-03T22:24:11","modified_gmt":"2025-04-03T19:24:11","slug":"lucky-88","status":"publish","type":"page","link":"https:\/\/rocketplay-new.com\/pl\/slot-machines\/lucky-88\/","title":{"rendered":"Recenzja automatu Lucky 88"},"content":{"rendered":"<p><img loading=\"lazy\" decoding=\"async\" class=\"alignleft wp-image-344 size-thumbnail\" src=\"https:\/\/rocketplay-new.com\/wp-content\/uploads\/2022\/08\/lucky-88-slot-150x150.png\" alt=\"Lucky 88 slot\" width=\"150\" height=\"150\" \/><\/p>\n<p>Dostawca gier kasynowych Aristocrat mo\u017ce by\u0107 s\u0142usznie uwa\u017cany za kr\u00f3la motyw\u00f3w azjatyckich. Jednym z najpopularniejszych w tej kategorii jest automat Lucky 88. Jest to prosty i zrozumia\u0142y pod wzgl\u0119dem mechaniki automat, kt\u00f3ry zawiera wiele fajnych funkcji bonusowych.<\/p>\n<p>Dowiedzmy si\u0119 wi\u0119c, czy mo\u017cesz tutaj zarobi\u0107 prawdziwe pieni\u0105dze i jak dok\u0142adnie to zrobi\u0107.<\/p>\n<h2>PLUSY I MINUSY<\/h2>\n<p>Jak ka\u017cda inna gra, automat nie mo\u017ce sk\u0142ada\u0107 si\u0119 wy\u0142\u0105cznie z zas\u0142ug. A Lucky 88 online mo\u017cna oceni\u0107 obiektywnie. Plusy, z kt\u00f3rymi trudno si\u0119 spiera\u0107:<\/p>\n<ul>\n<li>r\u00f3\u017cne rundy bonusowe w du\u017cych ilo\u015bciach;<\/li>\n<li>obecno\u015b\u0107 specjalnych symboli i mno\u017cnik\u00f3w;<\/li>\n<li>szeroki zakres stawek 0,01\u20136,25;<\/li>\n<li>przejrzysty i prosty interfejs;<\/li>\n<li>obecno\u015b\u0107 automatycznej gry.<\/li>\n<\/ul>\n<p>Ale nie spos\u00f3b nie wspomnie\u0107 o wadach tego slotu:<\/p>\n<ul>\n<li>nieco przestarza\u0142y design, kt\u00f3ry nie wszystkim si\u0119 podoba;<\/li>\n<li>\u015bcie\u017cka d\u017awi\u0119kowa jest nijaka i nudna;<\/li>\n<li>animacje pozostawiaj\u0105 wiele do \u017cyczenia.<\/li>\n<\/ul>\n<p>Cechy zewn\u0119trzne mo\u017cna wyt\u0142umaczy\u0107 faktem, \u017ce automat zosta\u0142 wydany w 2016 roku. W tym czasie grafika posun\u0119\u0142a si\u0119 daleko do przodu, wi\u0119c nie dziwi fakt, \u017ce automat wydaje si\u0119 przestarza\u0142y. Jednak nadal spodoba si\u0119 tym, kt\u00f3rzy wol\u0105 automaty wrzutowe w stylu retro, kt\u00f3re przenosz\u0105 ich w atmosfer\u0119 starego kasyna.<\/p>\n<p><span style=\"font-weight: 400;\"><div class=\"tosh-btn\"><a href=\"\/go-casino\/\" target=\"_blank\" rel=\"noopener\">ODBIERZ BONUS<\/a><\/div><\/span><\/p>\n<h2>RTP I ZMIENNO\u015a\u0106<\/h2>\n<p>Te dwa wska\u017aniki decyduj\u0105 o op\u0142acalno\u015bci slotu. Nikt nie marzy o grze w Lucky 88 bez nadziei na dobr\u0105 wygran\u0105, dlatego warto zna\u0107 te informacje.<\/p>\n<p>Na szcz\u0119\u015bcie dla graczy automat radzi sobie dobrze z tymi cechami. Jest w stanie przynie\u015b\u0107 dobre wygrane, nawet je\u015bli wydaje Ci si\u0119, \u017ce bardzo rzadko wypadaj\u0105.<\/p>\n<p>G\u0142\u00f3wne dane techniczne:<\/p>\n<ul>\n<li>zmienno\u015b\u0107 \u2013 \u015brednio-wysoka (graniczna);<\/li>\n<li>b\u0119bny \u2013 5;<\/li>\n<li>linie \u2013 25;<\/li>\n<li>RTP \u2013 97%.<\/li>\n<\/ul>\n<p>Ten procent RTP jest bardzo dobry. W dziedzinie hazardu warto\u015b\u0107 ta wynosi 95%.<\/p>\n<p>Zmienno\u015b\u0107 tej wielko\u015bci oznacza, \u017ce \u200b\u200bw grze wyst\u0119puje du\u017ce ryzyko. Wygrane b\u0119d\u0105 wypada\u0107 rzadko, ale je\u015bli gracz jest cierpliwy, zadowol\u0105 go ogromnym rozmiarem. W takich automatach najlepiej gra\u0107 a\u017c do pierwszego du\u017cego zysku.<\/p>\n<h2>DO\u015aWIADCZENIE MOBILNE<\/h2>\n<p>To gniazdo jest dost\u0119pne nie tylko dla u\u017cytkownik\u00f3w komputer\u00f3w. A to kolejny plus. Dzi\u0119ki temu, \u017ce zosta\u0142 opracowany przy u\u017cyciu technologii HTML5, ka\u017cdy u\u017cytkownik telefonu kom\u00f3rkowego ma mo\u017cliwo\u015b\u0107 uruchomienia go na gad\u017cecie.<\/p>\n<p>Aplikacja Lucky 88 pozwala gra\u0107 w podr\u00f3\u017cy z maksymaln\u0105 wygod\u0105. G\u0142\u00f3wnym warunkiem jest posiadanie po\u0142\u0105czenia internetowego. Gra nie zajmuje du\u017co miejsca w pami\u0119ci i nie wymaga najnowszych wersji systemu operacyjnego.<\/p>\n<p>Mo\u017cesz tak\u017ce gra\u0107 przez przegl\u0105dark\u0119 mobiln\u0105. Ta opcja jest dost\u0119pna dla u\u017cytkownik\u00f3w dowolnego systemu operacyjnego. Lucky 88 Android dzia\u0142a \u015bwietnie, podobnie jak wersja na iPhone&#8217;a. Mo\u017cesz te\u017c gra\u0107 na tabletach.<\/p>\n<p>Wersje na telefony kom\u00f3rkowe s\u0105 wykonane tak, aby automatycznie dopasowywa\u0142y si\u0119 do wielko\u015bci przek\u0105tnej. Nie zauwa\u017cysz \u017cadnych problem\u00f3w z transmisj\u0105 obrazu. Aby gra\u0107, musisz roz\u0142o\u017cy\u0107 gad\u017cet poziomo. Wszystkie funkcje pozostaj\u0105 dost\u0119pne i mo\u017cesz zmieni\u0107 wielko\u015b\u0107 zak\u0142adu, zakr\u0119ci\u0107 b\u0119bnami, wy\u015bwietli\u0107 tabel\u0119 wyp\u0142at itp. Zawsze mo\u017cesz skorzysta\u0107 z darmowego pobrania Lucky 88 pokie, je\u015bli naprawd\u0119 podoba\u0142a ci si\u0119 ta gra i nie masz problem\u00f3w z dost\u0119pem do ulubionej rozrywki.<\/p>\n<p style=\"text-align: center;\"><img loading=\"lazy\" decoding=\"async\" class=\"aligncenter wp-image-342 size-full\" src=\"https:\/\/rocketplay-new.com\/wp-content\/uploads\/2022\/08\/lucky-88-slot.jpeg\" alt=\"lucky 88 slot\" width=\"995\" height=\"643\" srcset=\"https:\/\/rocketplay-new.com\/wp-content\/uploads\/2022\/08\/lucky-88-slot.jpeg 995w, https:\/\/rocketplay-new.com\/wp-content\/uploads\/2022\/08\/lucky-88-slot-300x194.jpeg 300w, https:\/\/rocketplay-new.com\/wp-content\/uploads\/2022\/08\/lucky-88-slot-768x496.jpeg 768w\" sizes=\"auto, (max-width: 995px) 100vw, 995px\" \/><\/p>\n<h2>Lucky 88: proces grania<\/h2>\n<p>Mechanika jest tak prosta, jak to tylko mo\u017cliwe. Gracze zaznajomieni z kasynem nie b\u0119d\u0105 mieli \u017cadnych pyta\u0144. Po uruchomieniu automatu otworzy si\u0119 pole gry wykonane w tradycyjnym orientalnym stylu. Gracz potrzebuje:<\/p>\n<ol>\n<li>Ustaw dla niego odpowiedni\u0105 wielko\u015b\u0107 zak\u0142adu.<\/li>\n<li>Kliknij przycisk rozpocz\u0119cia spin\u00f3w.<\/li>\n<\/ol>\n<p>Oczywi\u015bcie, aby te akcje by\u0142y dost\u0119pne, musisz by\u0107 zarejestrowanym u\u017cytkownikiem i mie\u0107 co najmniej minimalny depozyt na swoim koncie. Je\u015bli nie mo\u017cesz tego zrobi\u0107, mo\u017cesz skorzysta\u0107 z bezp\u0142atnej wersji. Nadaje si\u0119 tylko do zabawy i zapoznania si\u0119 z mechanik\u0105.<\/p>\n<p>W grze mo\u017cesz aktywowa\u0107 rund\u0119 z darmowymi spinami. Aby to zrobi\u0107, wa\u017cne jest, aby na ekranie pojawi\u0142y si\u0119 co najmniej 3 symbole scatter. Rol\u0119 takiego symbolu pe\u0142ni tutaj czerwona latarka. Tutaj dost\u0119pna jest funkcja wyboru. To rzadkie. Zamiast darmowych spin\u00f3w mo\u017cesz rozpocz\u0105\u0107 gr\u0119 w ko\u015bci, kt\u00f3ra doskonale os\u0142abi zwyk\u0142\u0105 mechanik\u0119.<\/p>\n<p>Je\u015bli nadal chcesz kr\u0119ci\u0107 b\u0119bnami za darmo, gra da Ci mo\u017cliwo\u015b\u0107 wyboru liczby obrot\u00f3w i mno\u017cnika, kt\u00f3ry zostanie zastosowany do ka\u017cdej wygranej (do x88).<\/p>\n<p><span style=\"font-weight: 400;\"><div class=\"tosh-btn\"><a href=\"\/go-casino\/\" target=\"_blank\" rel=\"noopener\">ODBIERZ BONUS<\/a><\/div><\/span><\/p>\n<h2>FAQ<\/h2>\n<h3>JAKIE SPECJALNE SYMBOLE OFERUJE TEN AUTOMAT?<\/h3>\n<p>Oto klasyczny zestaw znak\u00f3w. Obraz cz\u0142owieka jest dziki, co zast\u0119puje inne symbole i przynosi mno\u017cniki. Rozproszenie to czerwona latarka i jest ona potrzebna do uruchomienia rundy bonusowej. Wszystkie inne obrazy po prostu przynosz\u0105 wygrane.<\/p>\n<h3>JAKA STRATEGIA JEST ODPOWIEDNIA DLA LUCKY 88?<\/h3>\n<p>Nie ma okre\u015blonej sekwencji dzia\u0142a\u0144, kt\u00f3ra doprowadzi Ci\u0119 do sukcesu. Najwa\u017cniejsze tutaj jest cierpliwo\u015b\u0107 i czekanie na wielk\u0105 wygran\u0105. Automat ma du\u017c\u0105 zmienno\u015b\u0107, wi\u0119c pr\u0119dzej czy p\u00f3\u017aniej na pewno do Ciebie trafi.<\/p>\n<h3>W JAKIM KASYNIE INTERNETOWYM ZNAJD\u0118 TEN AUTOMAT?<\/h3>\n<p>Je\u015bli dom gier oferuje gry marki Aristocrat, ta gra r\u00f3wnie\u017c tam b\u0119dzie.<\/p>\n<p><strong>Recenzje o automatach:<\/strong><\/p>\n<ul>\n<li><a href=\"https:\/\/rocketplay-new.com\/pl\/slot-machines\/book-of-dead\/\">Book of Dead<\/a><\/li>\n<li><a href=\"https:\/\/rocketplay-new.com\/pl\/slot-machines\/gonzos-quest\/\">Gonzo&#8217;s Quest<\/a><\/li>\n<\/ul>\n","protected":false},"excerpt":{"rendered":"<p>Dostawca gier kasynowych Aristocrat mo\u017ce by\u0107 s\u0142usznie uwa\u017cany za kr\u00f3la motyw\u00f3w azjatyckich. Jednym z najpopularniejszych w tej kategorii jest automat Lucky 88. Jest to prosty i zrozumia\u0142y pod wzgl\u0119dem mechaniki automat, kt\u00f3ry zawiera wiele fajnych funkcji bonusowych. Dowiedzmy si\u0119 wi\u0119c, czy mo\u017cesz tutaj zarobi\u0107 prawdziwe pieni\u0105dze i jak dok\u0142adnie to zrobi\u0107. PLUSY I MINUSY Jak&#8230;<\/p>\n","protected":false},"author":1,"featured_media":0,"parent":2275,"menu_order":0,"comment_status":"closed","ping_status":"closed","template":"single-no-sidebar.php","meta":{"_acf_changed":false,"_kad_post_transparent":"default","_kad_post_title":"default","_kad_post_layout":"default","_kad_post_sidebar_id":"","_kad_post_content_style":"default","_kad_post_vertical_padding":"default","_kad_post_feature":"","_kad_post_feature_position":"","_kad_post_header":false,"_kad_post_footer":false,"footnotes":""},"class_list":["post-2466","page","type-page","status-publish","hentry"],"acf":[],"rttpg_featured_image_url":null,"rttpg_author":{"display_name":"John","author_link":"https:\/\/rocketplay-new.com\/pl\/author\/pemvas95n89x\/"},"rttpg_comment":0,"rttpg_category":null,"rttpg_excerpt":"Dostawca gier kasynowych Aristocrat mo\u017ce by\u0107 s\u0142usznie uwa\u017cany za kr\u00f3la motyw\u00f3w azjatyckich. Jednym z najpopularniejszych w tej kategorii jest automat Lucky 88. Jest to prosty i zrozumia\u0142y pod wzgl\u0119dem mechaniki automat, kt\u00f3ry zawiera wiele fajnych funkcji bonusowych. Dowiedzmy si\u0119 wi\u0119c, czy mo\u017cesz tutaj zarobi\u0107 prawdziwe pieni\u0105dze i jak dok\u0142adnie to zrobi\u0107. PLUSY I MINUSY Jak...","_links":{"self":[{"href":"https:\/\/rocketplay-new.com\/pl\/wp-json\/wp\/v2\/pages\/2466","targetHints":{"allow":["GET"]}}],"collection":[{"href":"https:\/\/rocketplay-new.com\/pl\/wp-json\/wp\/v2\/pages"}],"about":[{"href":"https:\/\/rocketplay-new.com\/pl\/wp-json\/wp\/v2\/types\/page"}],"author":[{"embeddable":true,"href":"https:\/\/rocketplay-new.com\/pl\/wp-json\/wp\/v2\/users\/1"}],"replies":[{"embeddable":true,"href":"https:\/\/rocketplay-new.com\/pl\/wp-json\/wp\/v2\/comments?post=2466"}],"version-history":[{"count":3,"href":"https:\/\/rocketplay-new.com\/pl\/wp-json\/wp\/v2\/pages\/2466\/revisions"}],"predecessor-version":[{"id":5952,"href":"https:\/\/rocketplay-new.com\/pl\/wp-json\/wp\/v2\/pages\/2466\/revisions\/5952"}],"up":[{"embeddable":true,"href":"https:\/\/rocketplay-new.com\/pl\/wp-json\/wp\/v2\/pages\/2275"}],"wp:attachment":[{"href":"https:\/\/rocketplay-new.com\/pl\/wp-json\/wp\/v2\/media?parent=2466"}],"curies":[{"name":"wp","href":"https:\/\/api.w.org\/{rel}","templated":true}]}}