{"id":2434,"date":"2022-08-18T14:49:07","date_gmt":"2022-08-18T11:49:07","guid":{"rendered":"https:\/\/rocketplay-new.com\/slot-machines\/lightning-link\/"},"modified":"2025-04-03T21:52:45","modified_gmt":"2025-04-03T18:52:45","slug":"lightning-link","status":"publish","type":"page","link":"https:\/\/rocketplay-new.com\/pl\/slot-machines\/lightning-link\/","title":{"rendered":"Przejrzyj gniazdo Lightning Link"},"content":{"rendered":"<p>Jednym z najbardziej znanych osi\u0105gni\u0119\u0107 marki Aristocrat jest automat Lightning Link, kt\u00f3ry zawiera 4 r\u00f3\u017cne motywy jednocze\u015bnie. Gracz mo\u017ce wybra\u0107, gdzie si\u0119 uda\u0107: do tajemniczego podwodnego \u015bwiata, opustosza\u0142ej Sahary, jasnego i ha\u0142a\u015bliwego Las Vegas czy kraj\u00f3w Wschodu.<\/p>\n<p>Wsz\u0119dzie gracz b\u0119dzie musia\u0142 tworzy\u0107 zwyci\u0119skie kombinacje na 50 liniach wyp\u0142at i 5 b\u0119bnach, z\u0142apa\u0107 symbole bonusowe i mie\u0107 nadziej\u0119 na z\u0142apanie wi\u0119kszego jackpota. Natychmiastowa gra jest dost\u0119pna dla wszystkich graczy z Polska.<\/p>\n<p style=\"text-align: center;\"><img loading=\"lazy\" decoding=\"async\" class=\"aligncenter wp-image-336 size-large\" src=\"https:\/\/rocketplay-new.com\/wp-content\/uploads\/2022\/08\/lightning-link-logo-1024x373.png\" alt=\"Lightning Link logo\" width=\"1024\" height=\"373\" srcset=\"https:\/\/rocketplay-new.com\/wp-content\/uploads\/2022\/08\/lightning-link-logo-1024x373.png 1024w, https:\/\/rocketplay-new.com\/wp-content\/uploads\/2022\/08\/lightning-link-logo-300x109.png 300w, https:\/\/rocketplay-new.com\/wp-content\/uploads\/2022\/08\/lightning-link-logo-768x279.png 768w, https:\/\/rocketplay-new.com\/wp-content\/uploads\/2022\/08\/lightning-link-logo.png 1440w\" sizes=\"auto, (max-width: 1024px) 100vw, 1024px\" \/><\/p>\n<h2>SYMBOLE, KT\u00d3RE POJAWIAJ\u0104 SI\u0118 W GNIAZDZIE<\/h2>\n<p>Ten automat jest wyj\u0105tkowy i nie ma odpowiednika w\u015br\u00f3d innych marek. Wida\u0107 jednak, \u017ce Lightning Link online zawiera symbole typowe dla ka\u017cdego kasyna. Podstawowy system symboli sk\u0142ada si\u0119 z nomina\u0142\u00f3w kart:<\/p>\n<ul>\n<li>dziewi\u0105tki;<\/li>\n<li>kilkadziesi\u0105t;<\/li>\n<li>podno\u015bniki i inne.<\/li>\n<\/ul>\n<p>S\u0105 stylizowane na r\u00f3\u017cne tematy, w zale\u017cno\u015bci od slotu.<\/p>\n<p>Jednocze\u015bnie kombinacje tych obraz\u00f3w przynios\u0105 Ci najmniejszy zysk. Najlepiej zbiera\u0107 inne obrazy tematyczne. Na przyk\u0142ad drogie samochody lub \u017cetony znajduj\u0105 si\u0119 na b\u0119bnach Las Vegas.<\/p>\n<p>Ka\u017cda gra musi rozrzuci\u0107 symbole, kt\u00f3re otwieraj\u0105 rundy bonusowe. Ponadto producent stworzy\u0142 dziki symbol, dzi\u0119ki kt\u00f3remu znacznie \u0142atwiej jest zbiera\u0107 \u0142a\u0144cuchy identycznych symboli.<\/p>\n<p><span style=\"font-weight: 400;\"><div class=\"tosh-btn\"><a href=\"\/go-casino\/\" target=\"_blank\" rel=\"noopener\">ODBIERZ BONUS<\/a><\/div><\/span><\/p>\n<h2>DODATKOWE FUNKCJE OFEROWANE PRZEZ LIGHTNING LINK<\/h2>\n<p>Najwi\u0119ksz\u0105 cech\u0105, kt\u00f3ra sprawia, \u017ce Lightning Link Australia jest tak popularna, jest magiczna per\u0142a. To nazwa symboli, kt\u00f3re aktywuj\u0105 specjaln\u0105 rund\u0119 bonusow\u0105 i przynosz\u0105 du\u017ce wygrane.<\/p>\n<p>6 lub wi\u0119cej symboli pere\u0142 musi wyl\u0105dowa\u0107 na polu, aby otrzyma\u0107 3 darmowe spiny. Wszystkie inne postacie znikn\u0105 w tym momencie. Podczas rotacji musisz uchwyci\u0107 jak najwi\u0119cej takich obraz\u00f3w. Za ka\u017cdym razem, gdy pomy\u015blnie z\u0142apiesz per\u0142\u0119, ponownie otrzymasz darmowe spiny.<\/p>\n<p>Opr\u00f3cz tej funkcji, ka\u017cdy slot ma sw\u00f3j w\u0142asny Scatter. Zajmuje tylko 3 sztuki w dowolnym miejscu na boisku, a otrzymasz 6 darmowych spin\u00f3w. W czasie ich obowi\u0105zywania mog\u0105 pojawia\u0107 si\u0119 symbole rozszerzaj\u0105ce si\u0119, kt\u00f3re przynosz\u0105 ogromne wyp\u0142aty. W tym czasie mo\u017cesz zdobywa\u0107 darmowe monety Lightning Link bez wydawania w\u0142asnych pieni\u0119dzy.<\/p>\n<p>Aby zrozumie\u0107, kt\u00f3ry symbol jest rozrzutem, musisz przeczyta\u0107 zasady ka\u017cdej gry.<\/p>\n<h2>JAKIE JACKPOTY MO\u017bE DA\u0106 LIGHTNING LINK?<\/h2>\n<p>Nie mniej interesuj\u0105cy jest tu system jackpot\u00f3w. S\u0105 progresywne; oznacza to, \u017ce nie ma sta\u0142ej warto\u015bci. Jackpoty dla wszystkich 4 slot\u00f3w s\u0105 \u0142\u0105czone w jeden. Dlatego tak interesuj\u0105ce jest wydawanie prawdziwych pieni\u0119dzy Lightning Link. To o wiele fajniejsze ni\u017c darmowa wersja.<\/p>\n<p>Najwi\u0119kszy jackpot mo\u017cna zdoby\u0107, zbieraj\u0105c wszystkie 15 kom\u00f3rek podczas rundy bonusowej z per\u0142ami. Dlatego tutaj musisz gra\u0107 zgodnie z zasad\u0105, im d\u0142u\u017cej kr\u0119cisz, tym wi\u0119ksze masz szanse.<\/p>\n<p>Warto wspomnie\u0107 o zwrocie \u015brodk\u00f3w do gracza. Tutaj jest na \u015brednim poziomie \u2013 95,1% i nieznacznie r\u00f3\u017cni si\u0119 w zale\u017cno\u015bci od wybranego motywu.<\/p>\n<p>To samo dzieje si\u0119 ze zmienno\u015bci\u0105. \u015arednio mo\u017cna to nazwa\u0107 wysokim. Oznacza to, \u017ce cierpliwo\u015b\u0107 przyniesie Ci dobre zyski. Kiedy zdob\u0119dziesz du\u017c\u0105 wygran\u0105, pokryje ona wszystkie straty, kt\u00f3re mia\u0142e\u015b wcze\u015bniej.<\/p>\n<p>Nawiasem m\u00f3wi\u0105c, ka\u017cdy gracz mo\u017ce wygra\u0107 jackpot, bez wzgl\u0119du na to, ile postawi. Zakres zak\u0142ad\u00f3w: od 0,01z\u0142\u00a0 do 150 z\u0142. Wi\u0119c je\u015bli masz ma\u0142y bankroll, nadal mo\u017cesz wybra\u0107 jeden z automat\u00f3w zawartych w Lightning Link.<\/p>\n<p><span style=\"font-weight: 400;\"><div class=\"tosh-btn\"><a href=\"\/go-casino\/\" target=\"_blank\" rel=\"noopener\">ODBIERZ BONUS<\/a><\/div><\/span><\/p>\n<h2>FAQ<\/h2>\n<h3>GDZIE MOG\u0118 WYPR\u00d3BOWA\u0106 LIGHTNING LINK?<\/h3>\n<p>Istnieje kilka opcji. Po pierwsze, te automaty s\u0105 oczywi\u015bcie w prawdziwych (offline) kasynach. Dlatego je\u015bli masz tak\u0105 mo\u017cliwo\u015b\u0107, mo\u017cesz je odwiedzi\u0107. Po drugie, mo\u017cesz u\u017cy\u0107 aplikacji Lightning Link i cieszy\u0107 si\u0119 gr\u0105 na telefonie kom\u00f3rkowym. I po trzecie, zawsze istnieje mo\u017cliwo\u015b\u0107 grania przez przegl\u0105dark\u0119 mobiln\u0105. Wersja online tej kultowej maszyny dostosowuje si\u0119 do ma\u0142ych ekran\u00f3w.<\/p>\n<h3>JAK URUCHOMI\u0106 RUND\u0118 BONUSOW\u0104 W TYM AUTOMACIE?<\/h3>\n<p>Nie ma do tego \u017cadnych specjalnych krok\u00f3w. B\u0119dziesz potrzebowa\u0142 troch\u0119 szcz\u0119\u015bcia i cierpliwo\u015bci, aby poczeka\u0107, a\u017c na ekranie pojawi\u0105 si\u0119 3 lub wi\u0119cej Scatter\u00f3w lub przynajmniej 6 symboli pere\u0142. Wtedy otworz\u0105 si\u0119 przed Tob\u0105 maksymalne mo\u017cliwo\u015bci automatu do wyp\u0142at!<\/p>\n<h3>CZY LIGHTNING LINK JEST DOST\u0118PNY W WERSJI BEZP\u0141ATNEJ?<\/h3>\n<p>Tak, mo\u017cesz u\u017cy\u0107 trybu demo, aby zapozna\u0107 si\u0119 z rozgrywk\u0105 i innymi funkcjami automatu.<\/p>\n<p><strong>Recenzje o automatach:<\/strong><\/p>\n<ul>\n<li><a href=\"https:\/\/rocketplay-new.com\/pl\/slot-machines\/starburst\/\">Starburst<\/a><\/li>\n<li><a href=\"https:\/\/rocketplay-new.com\/pl\/slot-machines\/wizard-of-oz\/\">Wizard of Oz<\/a><\/li>\n<\/ul>\n","protected":false},"excerpt":{"rendered":"<p>Jednym z najbardziej znanych osi\u0105gni\u0119\u0107 marki Aristocrat jest automat Lightning Link, kt\u00f3ry zawiera 4 r\u00f3\u017cne motywy jednocze\u015bnie. Gracz mo\u017ce wybra\u0107, gdzie si\u0119 uda\u0107: do tajemniczego podwodnego \u015bwiata, opustosza\u0142ej Sahary, jasnego i ha\u0142a\u015bliwego Las Vegas czy kraj\u00f3w Wschodu. Wsz\u0119dzie gracz b\u0119dzie musia\u0142 tworzy\u0107 zwyci\u0119skie kombinacje na 50 liniach wyp\u0142at i 5 b\u0119bnach, z\u0142apa\u0107 symbole bonusowe i&#8230;<\/p>\n","protected":false},"author":1,"featured_media":0,"parent":2275,"menu_order":0,"comment_status":"closed","ping_status":"closed","template":"","meta":{"_acf_changed":false,"_kad_post_transparent":"default","_kad_post_title":"default","_kad_post_layout":"default","_kad_post_sidebar_id":"","_kad_post_content_style":"default","_kad_post_vertical_padding":"default","_kad_post_feature":"","_kad_post_feature_position":"","_kad_post_header":false,"_kad_post_footer":false,"footnotes":""},"class_list":["post-2434","page","type-page","status-publish","hentry"],"acf":[],"rttpg_featured_image_url":null,"rttpg_author":{"display_name":"John","author_link":"https:\/\/rocketplay-new.com\/pl\/author\/pemvas95n89x\/"},"rttpg_comment":0,"rttpg_category":null,"rttpg_excerpt":"Jednym z najbardziej znanych osi\u0105gni\u0119\u0107 marki Aristocrat jest automat Lightning Link, kt\u00f3ry zawiera 4 r\u00f3\u017cne motywy jednocze\u015bnie. Gracz mo\u017ce wybra\u0107, gdzie si\u0119 uda\u0107: do tajemniczego podwodnego \u015bwiata, opustosza\u0142ej Sahary, jasnego i ha\u0142a\u015bliwego Las Vegas czy kraj\u00f3w Wschodu. Wsz\u0119dzie gracz b\u0119dzie musia\u0142 tworzy\u0107 zwyci\u0119skie kombinacje na 50 liniach wyp\u0142at i 5 b\u0119bnach, z\u0142apa\u0107 symbole bonusowe i...","_links":{"self":[{"href":"https:\/\/rocketplay-new.com\/pl\/wp-json\/wp\/v2\/pages\/2434","targetHints":{"allow":["GET"]}}],"collection":[{"href":"https:\/\/rocketplay-new.com\/pl\/wp-json\/wp\/v2\/pages"}],"about":[{"href":"https:\/\/rocketplay-new.com\/pl\/wp-json\/wp\/v2\/types\/page"}],"author":[{"embeddable":true,"href":"https:\/\/rocketplay-new.com\/pl\/wp-json\/wp\/v2\/users\/1"}],"replies":[{"embeddable":true,"href":"https:\/\/rocketplay-new.com\/pl\/wp-json\/wp\/v2\/comments?post=2434"}],"version-history":[{"count":3,"href":"https:\/\/rocketplay-new.com\/pl\/wp-json\/wp\/v2\/pages\/2434\/revisions"}],"predecessor-version":[{"id":5915,"href":"https:\/\/rocketplay-new.com\/pl\/wp-json\/wp\/v2\/pages\/2434\/revisions\/5915"}],"up":[{"embeddable":true,"href":"https:\/\/rocketplay-new.com\/pl\/wp-json\/wp\/v2\/pages\/2275"}],"wp:attachment":[{"href":"https:\/\/rocketplay-new.com\/pl\/wp-json\/wp\/v2\/media?parent=2434"}],"curies":[{"name":"wp","href":"https:\/\/api.w.org\/{rel}","templated":true}]}}