{"id":2399,"date":"2022-08-18T13:47:03","date_gmt":"2022-08-18T10:47:03","guid":{"rendered":"https:\/\/rocketplay-new.com\/slot-machines\/gonzos-quest\/"},"modified":"2025-04-03T21:43:58","modified_gmt":"2025-04-03T18:43:58","slug":"gonzos-quest","status":"publish","type":"page","link":"https:\/\/rocketplay-new.com\/pl\/slot-machines\/gonzos-quest\/","title":{"rendered":"Recenzja Gonzo&#8217;s Quest Slot"},"content":{"rendered":"<p>Lubisz podr\u00f3\u017cowa\u0107 i prze\u017cywa\u0107 ryzykowne przygody? Slot Gonzos Quest zosta\u0142 stworzony specjalnie dla Ciebie. Ta gra wideo od dewelopera NetEnt od dawna sta\u0142a si\u0119 kultem i jest nierozerwalnie zwi\u0105zana z nazw\u0105 marki.<\/p>\n<p>Za podstaw\u0119 przyj\u0119to histori\u0119 prawdziwej osoby, po kt\u00f3rej nazwano gniazdo. Wyrusz z Gonzalo Pizarro w poszukiwaniu miasta Eldorado i postaraj si\u0119 nie zgubi\u0107 na kr\u0119tej \u015bcie\u017cce pe\u0142nej ryzyka!<\/p>\n<p style=\"text-align: center;\"><img loading=\"lazy\" decoding=\"async\" class=\"aligncenter wp-image-319 size-full\" src=\"https:\/\/rocketplay-new.com\/wp-content\/uploads\/2022\/08\/gonzosquest-logo.jpeg\" alt=\"Gonzos quest logo\" width=\"752\" height=\"500\" srcset=\"https:\/\/rocketplay-new.com\/wp-content\/uploads\/2022\/08\/gonzosquest-logo.jpeg 752w, https:\/\/rocketplay-new.com\/wp-content\/uploads\/2022\/08\/gonzosquest-logo-300x199.jpeg 300w\" sizes=\"auto, (max-width: 752px) 100vw, 752px\" \/><\/p>\n<h2>PROWADZENIE Gonzo&#8217;s Quest BEZ DODATEK<\/h2>\n<p>Na pocz\u0105tek zawsze mo\u017cesz zapozna\u0107 si\u0119 z automatem bez \u017cadnego ryzyka. Darmowa gra Gonzos Quest jest dost\u0119pna dla wszystkich u\u017cytkownik\u00f3w. Najprawdopodobniej nie pozostaniesz oboj\u0119tny na ten animowany automat 3D. W ko\u0144cu jest to jedna z najfajniejszych gier w dziedzinie hazardu.<\/p>\n<p>Jak uruchomi\u0107 gr\u0119 demo:<\/p>\n<ol>\n<li>Otwarte gniazdo.<\/li>\n<li>Wybierz funkcj\u0119 darmowej gry.<\/li>\n<\/ol>\n<p>Wszystko jest naprawd\u0119 bardzo proste. Darmowa wersja pomo\u017ce ci nauczy\u0107 si\u0119 mechaniki, oszacowa\u0107 cz\u0119stotliwo\u015b\u0107 wygranych i po prostu cieszy\u0107 si\u0119 fajn\u0105 grafik\u0105 i muzyk\u0105.<\/p>\n<p>W trybie demo wszystkie funkcje s\u0105 dost\u0119pne jak w grze g\u0142\u00f3wnej. Dlatego proces ten nie b\u0119dzie si\u0119 r\u00f3\u017cni\u0142 od tego, kt\u00f3ry przeprowadza si\u0119 za prawdziwe pieni\u0105dze. A po te\u015bcie mo\u017cesz spr\u00f3bowa\u0107 zainwestowa\u0107 w rozrywk\u0119.<\/p>\n<p><span style=\"font-weight: 400;\"><div class=\"tosh-btn\"><a href=\"\/go-casino\/\" target=\"_blank\" rel=\"noopener\">ODBIERZ BONUS<\/a><\/div><\/span><\/p>\n<h2>Gonzo&#8217;s Quest: CHARAKTERYSTYKA TECHNICZNA I KONSTRUKCJA GNIAZDA<\/h2>\n<p>Teraz mo\u017cemy bardziej szczeg\u00f3\u0142owo przeanalizowa\u0107 ten wynalazek od NetEnt. I zacznijmy nasz\u0105 recenzj\u0119 Gonzos Quest od postaci, kt\u00f3re s\u0105 tutaj obecne.<\/p>\n<p>Wszystkie g\u0142\u00f3wne symbole przypominaj\u0105 staro\u017cytne tabliczki przedstawiaj\u0105ce mityczne stworzenia. S\u0105 to standardowe obrazy, kt\u00f3re przynosz\u0105 wygran\u0105, je\u015bli wyl\u0105duj\u0105 na dobrej passie. Nawiasem m\u00f3wi\u0105c, jest ich 20.<\/p>\n<p>Dodatkowo jest srebrna tabletka. Ma na sobie znak zapytania, poniewa\u017c nie jest to konkretny symbol; To dziko\u015b\u0107. Je\u015bli jest ich za ma\u0142o, aby wygra\u0107, konieczna jest wymiana symboli. Z\u0142otym tabletem jest tzw. Free Falls, kt\u00f3ry otwiera specjalny tryb gry.<\/p>\n<p>Gra ma 5 b\u0119bn\u00f3w, ale s\u0105 one nietypowe. Gdy gracz zaczyna rotacj\u0119, nie kr\u0119c\u0105 si\u0119, jak przywykli\u015bmy, tylko opadaj\u0105 w d\u00f3\u0142, a nast\u0119pnie zast\u0119puj\u0105 je nowe, spadaj\u0105c z g\u00f3ry.<\/p>\n<p>Szczeg\u00f3\u0142y techniczne:<\/p>\n<ul>\n<li>RTP \u2013 95,97%;<\/li>\n<li>minimalna kaucja wynosi 0,20;<\/li>\n<li>maksymalnie \u2013 50;<\/li>\n<li>zmienno\u015b\u0107 \u2013 wysoka.<\/li>\n<\/ul>\n<p>Ten Gonzos Quest RTP jest przeci\u0119tny.<\/p>\n<p>Aby ustawi\u0107 wielko\u015b\u0107 zak\u0142adu, musisz najpierw wybra\u0107 jego poziom (od 1 do 5), a nast\u0119pnie warto\u015b\u0107 monety. Ile to wyjdzie na prawdziwe pieni\u0105dze, wy\u015bwietla si\u0119 na osobnej tabliczce pod przyciskiem uruchamiania b\u0119bn\u00f3w.<\/p>\n<p>W tle miasto Eldorado, na obrze\u017cach \u2013 jego ruiny poro\u015bni\u0119te s\u0105 zieleni\u0105. Sam Gonzo nadzoruje rozgrywk\u0119. Jest to animowana posta\u0107, kt\u00f3ra inaczej reaguje na wygrywaj\u0105ce kombinacje i porusza si\u0119 po ekranie, co os\u0142abia gr\u0119.<\/p>\n<p>Warto wspomnie\u0107 o akompaniamencie muzycznym. W tle s\u0142ycha\u0107 odg\u0142osy dzikiej przyrody, wi\u0119c gra jest relaksuj\u0105ca i nie nachalna. Podczas upadku symboli i kompilacji wygranych pojawia si\u0119 odpowiedni d\u017awi\u0119k i animacja. Og\u00f3lnie projekt gniazda mo\u017cna pochwali\u0107 bez przesady.<\/p>\n<p style=\"text-align: center;\"><img loading=\"lazy\" decoding=\"async\" class=\"aligncenter wp-image-320 size-large\" src=\"https:\/\/rocketplay-new.com\/wp-content\/uploads\/2022\/08\/gonzos-quest-slot-1024x586.jpeg\" alt=\"gonzos quest slot\" width=\"1024\" height=\"586\" srcset=\"https:\/\/rocketplay-new.com\/wp-content\/uploads\/2022\/08\/gonzos-quest-slot-1024x586.jpeg 1024w, https:\/\/rocketplay-new.com\/wp-content\/uploads\/2022\/08\/gonzos-quest-slot-300x172.jpeg 300w, https:\/\/rocketplay-new.com\/wp-content\/uploads\/2022\/08\/gonzos-quest-slot-768x439.jpeg 768w, https:\/\/rocketplay-new.com\/wp-content\/uploads\/2022\/08\/gonzos-quest-slot-1536x878.jpeg 1536w, https:\/\/rocketplay-new.com\/wp-content\/uploads\/2022\/08\/gonzos-quest-slot-2048x1171.jpeg 2048w\" sizes=\"auto, (max-width: 1024px) 100vw, 1024px\" \/><\/p>\n<h2>Gonzo&#8217;s Quest MA CIEKAWE PREMIE I FUNKCJE<\/h2>\n<p>Je\u015bli my\u015bla\u0142e\u015b, \u017ce ten automat pozostawi ci\u0119 bez prezent\u00f3w, to si\u0119 mylisz. Tak, bonus Gonzos Quest nie jest osobn\u0105 rund\u0105 gry, ale nadal pozostaje bardzo interesuj\u0105cy.<\/p>\n<p>Tak wi\u0119c pierwsz\u0105 rzecz\u0105 do powiedzenia jest funkcja Avalanche. Ta gra zosta\u0142a wydana w 2013 roku i jako pierwsza na \u015bwiecie wymy\u015bli\u0142a tak\u0105 opcj\u0119 spadaj\u0105cych symboli.<\/p>\n<p>Faktem jest, \u017ce upadki powtarzaj\u0105 si\u0119 same, je\u015bli skutkuj\u0105 zwyci\u0119sk\u0105 kombinacj\u0105. Za ka\u017cdym razem otrzymujesz kolejn\u0105 wygran\u0105 z mno\u017cnikiem. A to mo\u017ce trwa\u0107 nieograniczon\u0105 liczb\u0119 razy z rz\u0119du.<\/p>\n<p>Tym samym nie wydajesz w\u0142asnych \u015brodk\u00f3w, ale zarabiasz z mno\u017cnikiem od x1 do x5.<\/p>\n<p>Teraz musisz pami\u0119ta\u0107 o z\u0142otym talerzu Free Fall, kt\u00f3ry otwiera dodatkowe spiny. Ilo\u015b\u0107 \u2013 10 sztuk. To jedyne oferty bonusowe, jakie oferuje ten automat, ale wystarcz\u0105, aby uzyska\u0107 maksymaln\u0105 wygran\u0105.<\/p>\n<p>Wi\u0119c je\u015bli spotka\u0142e\u015b Gonzos Quest w kasynie, koniecznie spr\u00f3buj szcz\u0119\u015bcia tutaj.<\/p>\n<p><span style=\"font-weight: 400;\"><div class=\"tosh-btn\"><a href=\"\/go-casino\/\" target=\"_blank\" rel=\"noopener\">ODBIERZ BONUS<\/a><\/div><\/span><\/p>\n<h2>Gonzo&#8217;s Quest FAQ<\/h2>\n<h3>JAK CZ\u0118STO JEST TEN AUTOMAT W ZWYCI\u0118SKICH KOMBINACJACH?<\/h3>\n<p>Ten czynnik zale\u017cy od zmienno\u015bci. Poniewa\u017c jest tu wysoko, wida\u0107, \u017ce udana kombinacja do\u015b\u0107 cz\u0119sto wypada. Jednocze\u015bnie ich rozmiar jest do\u015b\u0107 du\u017cy, poniewa\u017c stosowane s\u0105 mno\u017cniki.<\/p>\n<h3>JAKA STRATEGIA NALE\u017bY WYKORZYSTA\u0106 W GONZO&#8217;S QUEST?<\/h3>\n<p>Dzia\u0142a w oparciu o randomizer. Dlatego strategie tutaj nie dzia\u0142aj\u0105. Musisz by\u0107 przygotowany na to, \u017ce gry z tak\u0105 zmienno\u015bci\u0105 wi\u0105\u017c\u0105 si\u0119 z bardzo wysokim ryzykiem, wi\u0119c czasami stracisz cz\u0119\u015b\u0107 swojego bankrolla. Ale je\u015bli masz cierpliwo\u015b\u0107, aby gra\u0107 do ko\u0144ca, zostaniesz nagrodzony.<\/p>\n<h3>CZY JEST GRA RYZYKO?<\/h3>\n<p>Nie, nie ma tu takiej funkcji. Ale jest wiele innych ciekawych rzeczy, kt\u00f3re pomagaj\u0105 zwi\u0119kszy\u0107 wygrane.<\/p>\n<p><strong>Recenzje o automatach:<\/strong><\/p>\n<ul>\n<li><a href=\"https:\/\/rocketplay-new.com\/pl\/slot-machines\/break-da-bank\/\">Break Da Bank<\/a><\/li>\n<li><a href=\"https:\/\/rocketplay-new.com\/pl\/slot-machines\/dragon-link\/\">Dragon Link<\/a><\/li>\n<\/ul>\n","protected":false},"excerpt":{"rendered":"<p>Lubisz podr\u00f3\u017cowa\u0107 i prze\u017cywa\u0107 ryzykowne przygody? Slot Gonzos Quest zosta\u0142 stworzony specjalnie dla Ciebie. Ta gra wideo od dewelopera NetEnt od dawna sta\u0142a si\u0119 kultem i jest nierozerwalnie zwi\u0105zana z nazw\u0105 marki. Za podstaw\u0119 przyj\u0119to histori\u0119 prawdziwej osoby, po kt\u00f3rej nazwano gniazdo. Wyrusz z Gonzalo Pizarro w poszukiwaniu miasta Eldorado i postaraj si\u0119 nie zgubi\u0107&#8230;<\/p>\n","protected":false},"author":1,"featured_media":0,"parent":2275,"menu_order":0,"comment_status":"closed","ping_status":"closed","template":"","meta":{"_acf_changed":false,"_kad_post_transparent":"default","_kad_post_title":"default","_kad_post_layout":"default","_kad_post_sidebar_id":"","_kad_post_content_style":"default","_kad_post_vertical_padding":"default","_kad_post_feature":"","_kad_post_feature_position":"","_kad_post_header":false,"_kad_post_footer":false,"footnotes":""},"class_list":["post-2399","page","type-page","status-publish","hentry"],"acf":[],"rttpg_featured_image_url":null,"rttpg_author":{"display_name":"John","author_link":"https:\/\/rocketplay-new.com\/pl\/author\/pemvas95n89x\/"},"rttpg_comment":0,"rttpg_category":null,"rttpg_excerpt":"Lubisz podr\u00f3\u017cowa\u0107 i prze\u017cywa\u0107 ryzykowne przygody? Slot Gonzos Quest zosta\u0142 stworzony specjalnie dla Ciebie. Ta gra wideo od dewelopera NetEnt od dawna sta\u0142a si\u0119 kultem i jest nierozerwalnie zwi\u0105zana z nazw\u0105 marki. Za podstaw\u0119 przyj\u0119to histori\u0119 prawdziwej osoby, po kt\u00f3rej nazwano gniazdo. Wyrusz z Gonzalo Pizarro w poszukiwaniu miasta Eldorado i postaraj si\u0119 nie zgubi\u0107...","_links":{"self":[{"href":"https:\/\/rocketplay-new.com\/pl\/wp-json\/wp\/v2\/pages\/2399","targetHints":{"allow":["GET"]}}],"collection":[{"href":"https:\/\/rocketplay-new.com\/pl\/wp-json\/wp\/v2\/pages"}],"about":[{"href":"https:\/\/rocketplay-new.com\/pl\/wp-json\/wp\/v2\/types\/page"}],"author":[{"embeddable":true,"href":"https:\/\/rocketplay-new.com\/pl\/wp-json\/wp\/v2\/users\/1"}],"replies":[{"embeddable":true,"href":"https:\/\/rocketplay-new.com\/pl\/wp-json\/wp\/v2\/comments?post=2399"}],"version-history":[{"count":3,"href":"https:\/\/rocketplay-new.com\/pl\/wp-json\/wp\/v2\/pages\/2399\/revisions"}],"predecessor-version":[{"id":5905,"href":"https:\/\/rocketplay-new.com\/pl\/wp-json\/wp\/v2\/pages\/2399\/revisions\/5905"}],"up":[{"embeddable":true,"href":"https:\/\/rocketplay-new.com\/pl\/wp-json\/wp\/v2\/pages\/2275"}],"wp:attachment":[{"href":"https:\/\/rocketplay-new.com\/pl\/wp-json\/wp\/v2\/media?parent=2399"}],"curies":[{"name":"wp","href":"https:\/\/api.w.org\/{rel}","templated":true}]}}