{"id":2320,"date":"2022-08-18T14:04:56","date_gmt":"2022-08-18T11:04:56","guid":{"rendered":"https:\/\/rocketplay-new.com\/slot-machines\/break-da-bank\/"},"modified":"2025-11-26T20:23:08","modified_gmt":"2025-11-26T17:23:08","slug":"break-da-bank","status":"publish","type":"page","link":"https:\/\/rocketplay-new.com\/pl\/slot-machines\/break-da-bank\/","title":{"rendered":"Recenzja Break Da Bank Slot"},"content":{"rendered":"<p>Spe\u0142nij marzenie wszystkich gangster\u00f3w z film\u00f3w \u2013 spr\u00f3buj dosta\u0107 si\u0119 do banku i wzbogaci\u0107 si\u0119. W ko\u0144cu jest to ca\u0142kiem mo\u017cliwe dzi\u0119ki slotowi Break da Bank Again. Spr\u00f3buj zainwestowa\u0107 tutaj troch\u0119 prawdziwych pieni\u0119dzy i zauwa\u017c, jak to si\u0119 op\u0142aci w najbli\u017cszej przysz\u0142o\u015bci. Wyj\u0105tkowy automat od Microgaming z fajnym motywem przewodnim doskonale rozwodni Tw\u00f3j wiecz\u00f3r i poka\u017ce, jak r\u00f3\u017cnorodne mog\u0105 by\u0107 gry wideo.<\/p>\n<p style=\"text-align: center;\"><img loading=\"lazy\" decoding=\"async\" class=\"aligncenter wp-image-327 size-large\" src=\"https:\/\/rocketplay-new.com\/wp-content\/uploads\/2022\/08\/breakdabank-logo-1024x359.jpeg\" alt=\"BreakDaBank logo\" width=\"1024\" height=\"359\" srcset=\"https:\/\/rocketplay-new.com\/wp-content\/uploads\/2022\/08\/breakdabank-logo-1024x359.jpeg 1024w, https:\/\/rocketplay-new.com\/wp-content\/uploads\/2022\/08\/breakdabank-logo-300x105.jpeg 300w, https:\/\/rocketplay-new.com\/wp-content\/uploads\/2022\/08\/breakdabank-logo-768x269.jpeg 768w, https:\/\/rocketplay-new.com\/wp-content\/uploads\/2022\/08\/breakdabank-logo.jpeg 1140w\" sizes=\"auto, (max-width: 1024px) 100vw, 1024px\" \/><\/p>\n<h2>BREAK DA BANK PONOWNIE: URUCHAMIANIE SLOTU PO RAZ PIERWSZY<\/h2>\n<p>Funkcjonalno\u015b\u0107 gry mo\u017ce si\u0119 r\u00f3\u017cni\u0107 w zale\u017cno\u015bci od wersji, kt\u00f3r\u0105 otworzy\u0142e\u015b. Poniewa\u017c Microgaming ma kilka opcji gier bankowych, na przyk\u0142ad megaway Break da Bank Again, kt\u00f3ra ma nieco inne zasady.<\/p>\n<p>Dzi\u015b m\u00f3wimy o zwyk\u0142ej grze. Aby go uruchomi\u0107, potrzebujesz:<\/p>\n<ol>\n<li>Utw\u00f3rz sw\u00f3j profil na stronie kasyna lub wprowad\u017a swoje konto osobiste, je\u015bli ju\u017c je posiadasz.<\/li>\n<li>Znajd\u017a t\u0119 gr\u0119 w wyszukiwaniu.<\/li>\n<li>Uruchom automat w normalnym trybie lub w\u0142\u0105cz darmow\u0105 gr\u0119 Break da Bank Again.<\/li>\n<li>Przestudiuj informacje o automacie i sp\u00f3jrz na wielko\u015b\u0107 zak\u0142adu (je\u015bli grasz na pieni\u0105dze). Dostosuj go, je\u015bli standardowy rozmiar Ci nie odpowiada.<\/li>\n<li>Uruchom spiny, naciskaj\u0105c \u015brodkowy przycisk.<\/li>\n<\/ol>\n<p>Dla Twojej wygody istnieje r\u00f3wnie\u017c automatyczna gra, w kt\u00f3rej musisz ustawi\u0107 liczb\u0119 spin\u00f3w, kt\u00f3re zostan\u0105 uruchomione automatycznie. Mo\u017cesz tak\u017ce przyspieszy\u0107 obr\u00f3t b\u0119bn\u00f3w, klikaj\u0105c przycisk przyspieszonych obrot\u00f3w.<\/p>\n<p>Inn\u0105 wa\u017cn\u0105 kwesti\u0105 jest to, \u017ce aby gra\u0107 na pieni\u0105dze, musisz uzupe\u0142ni\u0107 swoje konto. Zakres zak\u0142ad\u00f3w na tym automacie wynosi 0,09\u201345.<\/p>\n<p><span style=\"font-weight: 400;\"><div class=\"tosh-btn\"><a href=\"\/go-casino\/\" target=\"_blank\" rel=\"noopener\">ODBIERZ BONUS<\/a><\/div><\/span><span style=\"font-weight: 400;\">\u00a0 <\/span><\/p>\n<h2>CHARAKTERYSTYKA BREAK DA BANK PONOWNIE<\/h2>\n<p>Obiektywnie ten slot ma do\u015b\u0107 prost\u0105 konstrukcj\u0119. Sk\u0142ada si\u0119 z 5 rolek z trzema rz\u0119dami symboli. Jest tu tylko 9 linii wyp\u0142at, czyli niewiele w por\u00f3wnaniu z innymi automatami. Jednak ze wzgl\u0119du na \u015bredni\u0105 zmienno\u015b\u0107 cz\u0119sto tworz\u0105 zwyci\u0119skie kombinacje dobrych rozmiar\u00f3w. Z tego powodu gra inwestycyjna jest lepsza ni\u017c demo Break da Bank Again.<\/p>\n<p>Symbole tego automatu kojarz\u0105 si\u0119 z tradycyjnymi obrazami kasyna i oczywi\u015bcie z motywem bankowym. Jest:<\/p>\n<ul>\n<li>wielokolorowe nomina\u0142y kart;<\/li>\n<li>sztabki z\u0142ota;<\/li>\n<li>paczki dolar\u00f3w;<\/li>\n<li>monety;<\/li>\n<li>czeki bankowe;<\/li>\n<li>klejnoty.<\/li>\n<\/ul>\n<p>Znajduje si\u0119 tu r\u00f3wnie\u017c specjalny symbol \u2013 sejf, kt\u00f3rym jest Scatter. Logo gry to symbol Wild. Przynosz\u0105 specjalne funkcje.<\/p>\n<p>Na przyk\u0142ad Scatter nie zale\u017cy od linii wyp\u0142at i mo\u017ce otwiera\u0107 rundy bonusowe, kt\u00f3re s\u0105 bezp\u0142atne dla gracza. Liczba darmowych spin\u00f3w Break da Bank Again nie zawsze jest taka sama. Zale\u017cy to od liczby sejf\u00f3w, kt\u00f3re spad\u0142y na ekran. Obroty mog\u0105 wynosi\u0107 od 15 do 25.<\/p>\n<p>Przy okazji, podczas specjalnej rundy wszystkie wygrane s\u0105 przyznawane zgodnie z Twoim ostatnim zak\u0142adem i wzrosn\u0105 pi\u0119ciokrotnie.<\/p>\n<p>Ale sekret dzikiego symbolu polega nie tylko na tym, \u017ce zast\u0119puje inne obrazy. Wszystkie kombinacje wykonane z jego udzia\u0142em s\u0105 mno\u017cone przez 5, co r\u00f3wnie\u017c znacz\u0105co zwi\u0119ksza Twoje wygrane.<\/p>\n<p><img loading=\"lazy\" decoding=\"async\" class=\"aligncenter wp-image-329 size-full\" src=\"https:\/\/rocketplay-new.com\/wp-content\/uploads\/2022\/08\/break-da-bank-slot-1.jpeg\" alt=\"\" width=\"730\" height=\"500\" srcset=\"https:\/\/rocketplay-new.com\/wp-content\/uploads\/2022\/08\/break-da-bank-slot-1.jpeg 730w, https:\/\/rocketplay-new.com\/wp-content\/uploads\/2022\/08\/break-da-bank-slot-1-300x205.jpeg 300w\" sizes=\"auto, (max-width: 730px) 100vw, 730px\" \/><\/p>\n<h2>TEMAT I PROJEKT<\/h2>\n<p>To, co sprawia, \u017ce \u200b\u200bta gra jest \u015bwie\u017ca i miejska, to tylko jej motyw przewodni. Atmosfera banku jest bardzo dobrze oddana. Konstrukcja gniazda jest dyskretna. T\u0142o jest stylizowane na sejf bankowy, a symbole na rolkach wyra\u017anie si\u0119 na nim wyr\u00f3\u017cniaj\u0105. Jako\u015b\u0107 grafiki jest wysoka; na \u017cadnym ekranie nie zobaczysz pikseli ani rozmytego obrazu. Animacja jest dyskretna.<\/p>\n<p>Szczeg\u00f3lnie wyr\u00f3\u017cnia si\u0119 spos\u00f3b wykonania symbolu Scatter. Jest to zamkni\u0119ty sejf, kt\u00f3ry otwiera si\u0119, je\u015bli na polu wypadn\u0105 co najmniej 3 sztuki. Z ogromnego sejfu wyjdzie bankier, a za nim zobaczysz g\u00f3ry bogactwa, po kt\u00f3re tu przyby\u0142e\u015b.<\/p>\n<p>Je\u015bli chodzi o akompaniament muzyczny, tutaj jest nietypowy. W tle s\u0142ycha\u0107 dudnienie dzia\u0142aj\u0105cego oddzia\u0142u banku. Podczas spin\u00f3w pojawia si\u0119 charakterystyczny d\u017awi\u0119k, podobnie jak przy wygranych. Je\u015bli jednak chcesz, mo\u017cesz wy\u0142\u0105czy\u0107 \u015bcie\u017ck\u0119 d\u017awi\u0119kow\u0105.<\/p>\n<p><span style=\"font-weight: 400;\"><div class=\"tosh-btn\"><a href=\"\/go-casino\/\" target=\"_blank\" rel=\"noopener\">ODBIERZ BONUS<\/a><\/div><\/span><span style=\"font-weight: 400;\">\u00a0 <\/span><\/p>\n<h2>WNIOSEK<\/h2>\n<p>Mo\u017cna przypuszcza\u0107, \u017ce Break da Bank Again nie na pr\u00f3\u017cno cieszy si\u0119 tak du\u017c\u0105 popularno\u015bci\u0105. Wyr\u00f3\u017cnia si\u0119 od reszty; nie nudne i ciekawe. Pomimo tego, \u017ce nie ma tu du\u017cej zmienno\u015bci, ca\u0142kiem mo\u017cliwe jest uzyskanie du\u017cych wygranych.<\/p>\n<p>RTP wynosi tutaj 95,43% \u2013 dobry wska\u017anik dla gracza. Mo\u017cesz tu wej\u015b\u0107 nawet z niewielkim kapita\u0142em.<\/p>\n<p>Natychmiastowa gra jest dost\u0119pna dla wszystkich u\u017cytkownik\u00f3w, bez wzgl\u0119du na to, czy dana osoba gra z komputera czy telefonu. Deweloper dostosowa\u0142 gr\u0119 na wszystkie urz\u0105dzenia, dzi\u0119ki czemu w\u0142amanie do banku jest teraz znacznie prostsze! Automat jest zdecydowanie polecany ka\u017cdemu, kto jeszcze go nie zna.<\/p>\n<p><strong>Recenzje o automatach:<\/strong><\/p>\n<ul>\n<li><a href=\"https:\/\/rocketplay-new.com\/pl\/slot-machines\/mega-moolah\/\">Mega Moolah<\/a><\/li>\n<li><a href=\"https:\/\/rocketplay-new.com\/pl\/slot-machines\/lightning-link\/\">Lightning Link<\/a><\/li>\n<\/ul>\n","protected":false},"excerpt":{"rendered":"<p>Spe\u0142nij marzenie wszystkich gangster\u00f3w z film\u00f3w \u2013 spr\u00f3buj dosta\u0107 si\u0119 do banku i wzbogaci\u0107 si\u0119. W ko\u0144cu jest to ca\u0142kiem mo\u017cliwe dzi\u0119ki slotowi Break da Bank Again. Spr\u00f3buj zainwestowa\u0107 tutaj troch\u0119 prawdziwych pieni\u0119dzy i zauwa\u017c, jak to si\u0119 op\u0142aci w najbli\u017cszej przysz\u0142o\u015bci. Wyj\u0105tkowy automat od Microgaming z fajnym motywem przewodnim doskonale rozwodni Tw\u00f3j wiecz\u00f3r i&#8230;<\/p>\n","protected":false},"author":1,"featured_media":0,"parent":2275,"menu_order":0,"comment_status":"closed","ping_status":"closed","template":"","meta":{"_acf_changed":false,"_kad_post_transparent":"default","_kad_post_title":"default","_kad_post_layout":"default","_kad_post_sidebar_id":"","_kad_post_content_style":"default","_kad_post_vertical_padding":"default","_kad_post_feature":"","_kad_post_feature_position":"","_kad_post_header":false,"_kad_post_footer":false,"footnotes":""},"class_list":["post-2320","page","type-page","status-publish","hentry"],"acf":[],"rttpg_featured_image_url":null,"rttpg_author":{"display_name":"John","author_link":"https:\/\/rocketplay-new.com\/pl\/author\/pemvas95n89x\/"},"rttpg_comment":0,"rttpg_category":null,"rttpg_excerpt":"Spe\u0142nij marzenie wszystkich gangster\u00f3w z film\u00f3w \u2013 spr\u00f3buj dosta\u0107 si\u0119 do banku i wzbogaci\u0107 si\u0119. W ko\u0144cu jest to ca\u0142kiem mo\u017cliwe dzi\u0119ki slotowi Break da Bank Again. Spr\u00f3buj zainwestowa\u0107 tutaj troch\u0119 prawdziwych pieni\u0119dzy i zauwa\u017c, jak to si\u0119 op\u0142aci w najbli\u017cszej przysz\u0142o\u015bci. Wyj\u0105tkowy automat od Microgaming z fajnym motywem przewodnim doskonale rozwodni Tw\u00f3j wiecz\u00f3r i...","_links":{"self":[{"href":"https:\/\/rocketplay-new.com\/pl\/wp-json\/wp\/v2\/pages\/2320","targetHints":{"allow":["GET"]}}],"collection":[{"href":"https:\/\/rocketplay-new.com\/pl\/wp-json\/wp\/v2\/pages"}],"about":[{"href":"https:\/\/rocketplay-new.com\/pl\/wp-json\/wp\/v2\/types\/page"}],"author":[{"embeddable":true,"href":"https:\/\/rocketplay-new.com\/pl\/wp-json\/wp\/v2\/users\/1"}],"replies":[{"embeddable":true,"href":"https:\/\/rocketplay-new.com\/pl\/wp-json\/wp\/v2\/comments?post=2320"}],"version-history":[{"count":5,"href":"https:\/\/rocketplay-new.com\/pl\/wp-json\/wp\/v2\/pages\/2320\/revisions"}],"predecessor-version":[{"id":11231,"href":"https:\/\/rocketplay-new.com\/pl\/wp-json\/wp\/v2\/pages\/2320\/revisions\/11231"}],"up":[{"embeddable":true,"href":"https:\/\/rocketplay-new.com\/pl\/wp-json\/wp\/v2\/pages\/2275"}],"wp:attachment":[{"href":"https:\/\/rocketplay-new.com\/pl\/wp-json\/wp\/v2\/media?parent=2320"}],"curies":[{"name":"wp","href":"https:\/\/api.w.org\/{rel}","templated":true}]}}