{"id":2291,"date":"2022-08-18T13:37:44","date_gmt":"2022-08-18T10:37:44","guid":{"rendered":"https:\/\/rocketplay-new.com\/slot-machines\/book-of-dead\/"},"modified":"2025-11-26T20:10:22","modified_gmt":"2025-11-26T17:10:22","slug":"book-of-dead","status":"publish","type":"page","link":"https:\/\/rocketplay-new.com\/pl\/slot-machines\/book-of-dead\/","title":{"rendered":"Recenzja Book of Dead Slot"},"content":{"rendered":"<p>Odkrywanie tajemnic staro\u017cytnych egipskich grobowc\u00f3w, szukanie w nich skarb\u00f3w, ryzykowanie w\u0142asnych pieni\u0119dzy \u2013 dlaczego nie ekscytuj\u0105ca przygoda? Staro\u017cytne egipskie automaty zadziwiaj\u0105 pi\u0119knem swojego projektu i magnetycznym akompaniamentem muzycznym. Dlatego nie dziwi fakt, \u017ce w nowoczesnych kasynach online s\u0105 ich dziesi\u0105tki. Dzi\u015b om\u00f3wimy kultowy slot w tym temacie, a dostaniesz najbardziej obiektywny Book of Dead przejrzyj i zrozum, czy ta gra wideo b\u0119dzie odpowiada\u0107 Twoim potrzebom.<\/p>\n<p style=\"text-align: center;\"><img loading=\"lazy\" decoding=\"async\" class=\"aligncenter wp-image-314 size-full\" src=\"https:\/\/rocketplay-new.com\/wp-content\/uploads\/2022\/08\/book-of-dead-logo.jpeg\" alt=\"book of dead logo\" width=\"720\" height=\"471\" srcset=\"https:\/\/rocketplay-new.com\/wp-content\/uploads\/2022\/08\/book-of-dead-logo.jpeg 720w, https:\/\/rocketplay-new.com\/wp-content\/uploads\/2022\/08\/book-of-dead-logo-300x196.jpeg 300w\" sizes=\"auto, (max-width: 720px) 100vw, 720px\" \/><\/p>\n<h2>Tryb demonstracyjny \u2013 bezp\u0142atne wprowadzenie do Book of Dead<\/h2>\n<p>Po pierwszym uruchomieniu tej gry wideo nie mo\u017cna pozosta\u0107 wobec niej oboj\u0119tnym. Ale zawsze lepiej jest nawi\u0105za\u0107 pierwsz\u0105 znajomo\u015b\u0107 bez wydawania na ni\u0105 pieni\u0119dzy. W\u0142a\u015bnie do takich cel\u00f3w mo\u017cesz gra\u0107 w Book of Dead za darmo.<\/p>\n<p>Taki re\u017cim pomo\u017ce ci:<\/p>\n<ul>\n<li>zrozumie\u0107 mechanik\u0119 automatu;<\/li>\n<li>czujesz, czy ci si\u0119 to podoba, czy nie;<\/li>\n<li>oceni\u0107 jako\u015b\u0107 grafiki i d\u017awi\u0119ku;<\/li>\n<li>sprawd\u017a cz\u0119stotliwo\u015b\u0107 wygrywaj\u0105cych kombinacji;<\/li>\n<li>przetestuj strategi\u0119 gry.<\/li>\n<\/ul>\n<p>Gracze z Polska maj\u0105 mo\u017cliwo\u015b\u0107 zagrania na automacie za darmo, je\u015bli nie s\u0105 jeszcze gotowi wyda\u0107 na niego pieni\u0119dzy lub po prostu nie maj\u0105 w\u0142asnego bankrolla.<\/p>\n<p><span style=\"font-weight: 400;\"><div class=\"tosh-btn\"><a href=\"\/go-casino\/\" target=\"_blank\" rel=\"noopener\">ODBIERZ BONUS<\/a><\/div><\/span><span style=\"font-weight: 400;\">\u00a0 <\/span><\/p>\n<h2>SYMBOLE, STAWKI I INNE SZCZEG\u00d3\u0141Y Book of Dead<\/h2>\n<p>Bez upi\u0119ksze\u0144 automat Book of Dead jest klasykiem w tym gatunku. Na podobie\u0144stwo tej gry z Play&#8217;n Go powsta\u0142y dziesi\u0105tki podobnych gier wideo. A wszystko dzi\u0119ki ciekawym funkcjom, kt\u00f3re umie\u015bci\u0142 tutaj deweloper.<\/p>\n<p>Porozmawiajmy najpierw o symbolach. Jest ich tutaj dziesi\u0119\u0107:<\/p>\n<ul>\n<li>nomina\u0142y kart (od 10 do asa);<\/li>\n<li>symbole egipskie (Anubis, faraon i inne);<\/li>\n<li>Rich Wilde \u2013 podr\u00f3\u017cnik i bohater;<\/li>\n<li>z\u0142ota ksi\u0119ga.<\/li>\n<\/ul>\n<p>Najbardziej wyj\u0105tkowym jest oczywi\u015bcie dziki symbol. Jego rol\u0119 odgrywa tajemnicza ksi\u0119ga. Jest w stanie zast\u0105pi\u0107 inne symbole, a tak\u017ce aktywowa\u0107 rund\u0119 bonusow\u0105, gdy pojawi si\u0119 w liczbie 3 lub wi\u0119cej w dowolnym miejscu na polu. Ponadto sam przynosi r\u00f3wnie\u017c wygrane.<\/p>\n<p>Specyfikacja:<\/p>\n<ul>\n<li>b\u0119bny \u2013 5;<\/li>\n<li>linie p\u0142atne \u2013 10;<\/li>\n<li>gra automatyczna \u2013 tak;<\/li>\n<li>przyspieszona rotacja \u2013 tak;<\/li>\n<li>minimalna stawka wynosi 0,01;<\/li>\n<li>maksymalnie \u2013 100.<\/li>\n<\/ul>\n<p>Maksymalna wydajno\u015b\u0107, jak\u0105 mo\u017ce osi\u0105gn\u0105\u0107 Book of Dead online, to p\u00f3\u0142 miliona. I masz na to wszelkie szanse!<\/p>\n<p style=\"text-align: center;\"><img loading=\"lazy\" decoding=\"async\" class=\"aligncenter wp-image-315 size-full\" src=\"https:\/\/rocketplay-new.com\/wp-content\/uploads\/2022\/08\/book-of-dead-slot.jpeg\" alt=\"Book of Dead slot\" width=\"838\" height=\"456\" srcset=\"https:\/\/rocketplay-new.com\/wp-content\/uploads\/2022\/08\/book-of-dead-slot.jpeg 838w, https:\/\/rocketplay-new.com\/wp-content\/uploads\/2022\/08\/book-of-dead-slot-300x163.jpeg 300w, https:\/\/rocketplay-new.com\/wp-content\/uploads\/2022\/08\/book-of-dead-slot-768x418.jpeg 768w\" sizes=\"auto, (max-width: 838px) 100vw, 838px\" \/><\/p>\n<h2>PODW\u00d3JNA SZANSA I INNA Book of Dead MARTWYCH<\/h2>\n<p>Aby zarobi\u0107 naprawd\u0119 du\u017ce kwoty, gracz musi z\u0142apa\u0107 symbole bonusowe, kt\u00f3re tutaj jest ksi\u0105\u017ck\u0105 spin\u00f3w. Rozpoczyna rund\u0119 bonusow\u0105, w kt\u00f3rej wygrane staj\u0105 si\u0119 znacznie wi\u0119ksze, a saldo gracza pozostaje takie samo, jak przed rozpocz\u0119ciem.<\/p>\n<p>Z czego sk\u0142ada si\u0119 runda bonusowa? Jest to 10 darmowych spin\u00f3w, podczas kt\u00f3rych maszyna nie pobiera od gracza pieni\u0119dzy, a jedynie kredyty. Spiny s\u0105 rozgrywane automatycznie.<\/p>\n<p>Jak to si\u0119 zaczyna? Je\u015bli na ekranie s\u0105 3 lub wi\u0119cej symboli ksi\u0105\u017cki. Nie ma znaczenia, czy wyl\u0105duj\u0105 na linii wygrywaj\u0105cej, czy nie.<\/p>\n<p>Czy runda bonusowa mo\u017ce by\u0107 kontynuowana? Tak, je\u015bli masz szcz\u0119\u015bcie, pojawi\u0105 si\u0119 jeszcze 3 obrazy ksi\u0105\u017cek. Nast\u0119pnie ponownie uruchomione zostan\u0105 darmowe spiny Book of Dead. Mo\u017ce to trwa\u0107 a\u017c do maksymalnej wygranej.<\/p>\n<p>Ponadto podczas rundy bonusowej losowo pojawiaj\u0105 si\u0119 rozszerzaj\u0105ce si\u0119 symbole. Ka\u017cdy obraz mo\u017ce pe\u0142ni\u0107 ich rol\u0119. W zale\u017cno\u015bci od tego zmieni si\u0119 kwota, kt\u00f3r\u0105 mo\u017cesz wygra\u0107.<\/p>\n<p>Kolejna fajna funkcja, w kt\u00f3rej mo\u017cesz podwoi\u0107 lub czterokrotnie swoj\u0105 ostatni\u0105 wygran\u0105, to gra losowa. Jego podstawowe zasady to:<\/p>\n<ul>\n<li>wybra\u0107 kolor otwieranej karty i podwoi\u0107 ostatni\u0105 kwot\u0119;<\/li>\n<li>wybierz kolor karty i czterokrotnie zwi\u0119ksz ilo\u015b\u0107 pieni\u0119dzy.<\/li>\n<\/ul>\n<p>Je\u015bli Twoja prognoza jest prawid\u0142owa, gra mo\u017ce by\u0107 kontynuowana do woli. Mo\u017cna to zrobi\u0107 do 5 razy. Je\u015bli nie odgad\u0142e\u015b koloru lub koloru, runda ko\u0144czy si\u0119 automatycznie.<\/p>\n<p>Ten automat ma bardzo proste zasady. Ale zarabianie w Book of Dead prawdziwych pieni\u0119dzy jest r\u00f3wnie \u0142atwe.<\/p>\n<p>Opr\u00f3cz fajnych funkcji znajdziesz tutaj r\u00f3wnie\u017c dobry design. Automat wygl\u0105da nowocze\u015bnie, chocia\u017c zosta\u0142 wydany oko\u0142o 5 lat temu. W tle gracz widzi staro\u017cytny grobowiec, a pole gry pe\u0142ne jest jasnych symboli i dobrych animacji.<\/p>\n<p><span style=\"font-weight: 400;\"><div class=\"tosh-btn\"><a href=\"\/go-casino\/\" target=\"_blank\" rel=\"noopener\">ODBIERZ BONUS<\/a><\/div><\/span><span style=\"font-weight: 400;\">\u00a0 <\/span><\/p>\n<h2>Book of Dead FAQ<\/h2>\n<h3>JAKI JEST PROCENT RTP W TYM BLOKU?<\/h3>\n<p>Producent wskazuje wska\u017anik 96,21%. Jest uwa\u017cany za wystarczaj\u0105co dobry. Osi\u0105ga si\u0119 to dzi\u0119ki obecno\u015bci rundy bonusowej w grze. Ten wska\u017anik pozwala graczowi liczy\u0107 nie tylko na zwrot, ale tak\u017ce na wzrost bankrolla przy odpowiednim szcz\u0119\u015bciu.<\/p>\n<h3>JAK CZ\u0118STO WYGRYWAM W TYM AUTOMACIE I JAK DU\u017bE S\u0104 WYGRANE?<\/h3>\n<p>Odpowiedzialna za to jest zmienno\u015b\u0107 w slotach. Book of Dead ma \u015bredni\u0105. Oznacza to, \u017ce wygrane b\u0119d\u0105 niewielkie, ale do\u015b\u0107 regularne. Ta opcja jest odpowiednia na d\u0142u\u017csz\u0105 met\u0119, chocia\u017c nie pozwala na ostre trafienie w dziesi\u0105tk\u0119.<\/p>\n<h3>CZY MOG\u0118 GRA\u0106 W BOOK OF DEAD BEZ MARNOWANIA PIENI\u0118DZY?<\/h3>\n<p>Oczywi\u015bcie. Deweloper stworzy\u0142 wersj\u0119 demo, kt\u00f3ra jest dost\u0119pna dla wszystkich go\u015bci kasyna, w kt\u00f3rym prezentowany jest automat.<\/p>\n<p><strong>Recenzje\u00a0o automatach:<\/strong><\/p>\n<ul>\n<li><a href=\"https:\/\/rocketplay-new.com\/pl\/slot-machines\/wizard-of-oz\/\">Wizard of Oz<\/a><\/li>\n<li><a href=\"https:\/\/rocketplay-new.com\/pl\/slot-machines\/starburst\/\">Starburst<\/a><\/li>\n<\/ul>\n","protected":false},"excerpt":{"rendered":"<p>Odkrywanie tajemnic staro\u017cytnych egipskich grobowc\u00f3w, szukanie w nich skarb\u00f3w, ryzykowanie w\u0142asnych pieni\u0119dzy \u2013 dlaczego nie ekscytuj\u0105ca przygoda? Staro\u017cytne egipskie automaty zadziwiaj\u0105 pi\u0119knem swojego projektu i magnetycznym akompaniamentem muzycznym. Dlatego nie dziwi fakt, \u017ce w nowoczesnych kasynach online s\u0105 ich dziesi\u0105tki. Dzi\u015b om\u00f3wimy kultowy slot w tym temacie, a dostaniesz najbardziej obiektywny Book of Dead przejrzyj&#8230;<\/p>\n","protected":false},"author":1,"featured_media":0,"parent":2275,"menu_order":0,"comment_status":"closed","ping_status":"closed","template":"","meta":{"_acf_changed":false,"_kad_post_transparent":"default","_kad_post_title":"default","_kad_post_layout":"default","_kad_post_sidebar_id":"","_kad_post_content_style":"default","_kad_post_vertical_padding":"default","_kad_post_feature":"","_kad_post_feature_position":"","_kad_post_header":false,"_kad_post_footer":false,"footnotes":""},"class_list":["post-2291","page","type-page","status-publish","hentry"],"acf":[],"rttpg_featured_image_url":null,"rttpg_author":{"display_name":"John","author_link":"https:\/\/rocketplay-new.com\/pl\/author\/pemvas95n89x\/"},"rttpg_comment":0,"rttpg_category":null,"rttpg_excerpt":"Odkrywanie tajemnic staro\u017cytnych egipskich grobowc\u00f3w, szukanie w nich skarb\u00f3w, ryzykowanie w\u0142asnych pieni\u0119dzy \u2013 dlaczego nie ekscytuj\u0105ca przygoda? Staro\u017cytne egipskie automaty zadziwiaj\u0105 pi\u0119knem swojego projektu i magnetycznym akompaniamentem muzycznym. Dlatego nie dziwi fakt, \u017ce w nowoczesnych kasynach online s\u0105 ich dziesi\u0105tki. Dzi\u015b om\u00f3wimy kultowy slot w tym temacie, a dostaniesz najbardziej obiektywny Book of Dead przejrzyj...","_links":{"self":[{"href":"https:\/\/rocketplay-new.com\/pl\/wp-json\/wp\/v2\/pages\/2291","targetHints":{"allow":["GET"]}}],"collection":[{"href":"https:\/\/rocketplay-new.com\/pl\/wp-json\/wp\/v2\/pages"}],"about":[{"href":"https:\/\/rocketplay-new.com\/pl\/wp-json\/wp\/v2\/types\/page"}],"author":[{"embeddable":true,"href":"https:\/\/rocketplay-new.com\/pl\/wp-json\/wp\/v2\/users\/1"}],"replies":[{"embeddable":true,"href":"https:\/\/rocketplay-new.com\/pl\/wp-json\/wp\/v2\/comments?post=2291"}],"version-history":[{"count":3,"href":"https:\/\/rocketplay-new.com\/pl\/wp-json\/wp\/v2\/pages\/2291\/revisions"}],"predecessor-version":[{"id":5887,"href":"https:\/\/rocketplay-new.com\/pl\/wp-json\/wp\/v2\/pages\/2291\/revisions\/5887"}],"up":[{"embeddable":true,"href":"https:\/\/rocketplay-new.com\/pl\/wp-json\/wp\/v2\/pages\/2275"}],"wp:attachment":[{"href":"https:\/\/rocketplay-new.com\/pl\/wp-json\/wp\/v2\/media?parent=2291"}],"curies":[{"name":"wp","href":"https:\/\/api.w.org\/{rel}","templated":true}]}}