{"id":2275,"date":"2022-06-13T20:51:19","date_gmt":"2022-06-13T17:51:19","guid":{"rendered":"https:\/\/rocketplay-new.com\/slot-machines\/"},"modified":"2025-04-07T16:25:53","modified_gmt":"2025-04-07T13:25:53","slug":"slot-machines","status":"publish","type":"page","link":"https:\/\/rocketplay-new.com\/pl\/slot-machines\/","title":{"rendered":"Automaty do gry w RocketPlay Casino"},"content":{"rendered":"<p>Wynalezienie automatu do gry pod koniec XIX wieku by\u0142o wa\u017cnym wydarzeniem w \u015bwiecie hazardu. Automaty szybko prze\u015bcign\u0119\u0142y inne formy rozrywki pod wzgl\u0119dem popularno\u015bci. W nowoczesnych kasynach wybiera je ponad 70% graczy. Czasami mo\u017cna przeczyta\u0107, \u017ce pomys\u0142 wynalazcy automat\u00f3w do gry, Charlesa Feya, zapo\u017cyczy\u0142 z pokera. I to prawda, cz\u0119sto karty s\u0105 u\u017cywane jako symboliczne obrazki na b\u0119bnach, a kombinacje przypominaj\u0105 nieco pokera. Ale mimo to, nawet je\u015bli in\u017cynier zaczyna\u0142 od gry karcianej, w ko\u0144cu odszed\u0142 od niej do\u015b\u0107 daleko.<\/p>\n<p><img loading=\"lazy\" decoding=\"async\" class=\"aligncenter wp-image-4778\" src=\"https:\/\/rocketplay-new.com\/wp-content\/uploads\/2024\/02\/111.png\" alt=\"Slot RocketPlay\" width=\"800\" height=\"478\" srcset=\"https:\/\/rocketplay-new.com\/wp-content\/uploads\/2024\/02\/111.png 1340w, https:\/\/rocketplay-new.com\/wp-content\/uploads\/2024\/02\/111-300x179.png 300w, https:\/\/rocketplay-new.com\/wp-content\/uploads\/2024\/02\/111-1024x612.png 1024w, https:\/\/rocketplay-new.com\/wp-content\/uploads\/2024\/02\/111-768x459.png 768w\" sizes=\"auto, (max-width: 800px) 100vw, 800px\" \/><\/p>\n<p>G\u0142\u00f3wn\u0105 zalet\u0105 automat\u00f3w do gier jest niezale\u017cno\u015b\u0107 gracza zar\u00f3wno od partner\u00f3w, jak i krupiera. Automaty s\u0105 rozgrywane w pojedynk\u0119. Fey si\u0119 tym zaj\u0119\u0142a. Posiada opatentowany automatyczny mechanizm przyjmowania i wydawania monet. Teraz mo\u017cna po prostu wej\u015b\u0107 do baru, upu\u015bci\u0107 pi\u0119ciocent\u00f3wk\u0119, poci\u0105gn\u0105\u0107 za r\u0105czk\u0119 i wygra\u0107 dziesi\u0119\u0107 razy wi\u0119cej \u2013 to by\u0142 jackpot w pierwszym slocie \u2013 50 cent\u00f3w, niez\u0142e pieni\u0105dze w tamtym czasie.<\/p>\n<p>P\u00f3\u017aniej automaty do gry otrzyma\u0142y elektryczny nap\u0119d szpuli i pi\u0119kne o\u015bwietlenie. Ale zasada pozosta\u0142a ta sama: te same symbole na 3 b\u0119bnach powinny znajdowa\u0107 si\u0119 w jednej linii. Poniewa\u017c rysunki s\u0105 wykonywane z r\u00f3\u017cn\u0105 cz\u0119stotliwo\u015bci\u0105, a prawdopodobie\u0144stwo ich zestawienia w kombinacjach jest r\u00f3\u017cne. Najrzadsze kombinacje s\u0105 bowiem najwi\u0119ksz\u0105 nagrod\u0105. I wzajemnie.<\/p>\n<p>Nowoczesne automaty do gier wykorzystuj\u0105 ten sam schemat, ale urz\u0105dzenie s\u0105 zupe\u0142nie inne ni\u017c stare automaty do gier. Teraz to konkretne programy komputerowe. Maszyny l\u0105dowe zewn\u0119trznie podobne do swoich przodk\u00f3w, ale maj\u0105 najnowocze\u015bniejszy farsz. Je\u015bli chodzi o automaty online RocketPlay, s\u0105 to dok\u0142adnie te same programy, kt\u00f3re dzia\u0142aj\u0105 w ich odpowiednikach naziemnych.<\/p>\n<p>Era komputer\u00f3w ca\u0142kowicie zmieni\u0142a ekonomi\u0119 automat\u00f3w do gier. Niekt\u00f3re kasyna naziemne nadal u\u017cywaj\u0105 monet lub \u017ceton\u00f3w do p\u0142acenia za gr\u0119 i wydawania wygranych, ale najnowsze kompleksy automat\u00f3w do gier akceptuj\u0105 wszystkie p\u0142atno\u015bci elektroniczne. Je\u015bli chodzi o automaty online, z natury dzia\u0142aj\u0105 one tylko przy p\u0142atno\u015bciach bezgot\u00f3wkowych.<\/p>\n<p><span style=\"font-weight: 400;\">\u00a0\u00a0<div class=\"go-btn-container\"><div class=\"tosh-btn\"><a href=\"\/go-casino\/\" target=\"_blank\" rel=\"noopener\">GRAJ TERAZ<\/a><\/div><\/div> <\/span><\/p>\n<h2>JAK DZIA\u0141A EKONOMIA KASYNA ONLINE<\/h2>\n<p>Najbardziej przyst\u0119pnym sposobem gry na automatach s\u0105<a href=\"https:\/\/rocketplay-new.com\/pl\/casino\/\"> kasyna online<\/a> RocketPlay. Mo\u017ce si\u0119 wydawa\u0107, \u017ce automaty online to do\u015b\u0107 prosty program, w stylu darmowych gier flash, kt\u00f3re obfituj\u0105 w sieci. Ale to tylko zewn\u0119trzne podobie\u0144stwo. Video slot nie jest programem miernym, cho\u0107by dlatego, \u017ce jest to obowi\u0105zkowa certyfikacja. Za deklarowany poziom p\u0142atno\u015bci odpowiada producent. Zwykle podaje si\u0119 go z dok\u0142adno\u015bci\u0105 do drugiego miejsca po przecinku, na przyk\u0142ad 97,08%. Liczby te uzyskuje si\u0119 poprzez \u017cmudne obliczenia matematyczne w specjalnych laboratoriach. Najpierw producent osi\u0105ga pewien poziom wydajno\u015bci, a nast\u0119pnie wyniki s\u0105 sprawdzane przez niezale\u017cne komisje. Dopiero po tym wydawany jest certyfikat.<\/p>\n<p>Procent zwrotu dla gracza jest warto\u015bci\u0105 \u015bredni\u0105. Wynika z tego, \u017ce zbiega si\u0119 z praktyk\u0105 dopiero po astronomicznej liczbie ruch\u00f3w. To jest podstawa nadziei gracza na wygran\u0105. I dlatego zdarzaj\u0105 si\u0119 straty. W ko\u0144cu, gdyby automat wydawa\u0142 dok\u0142adnie 97,8 $ na 100 wydanych za ka\u017cdym razem (jak w powy\u017cszym przyk\u0142adzie), gra nie mia\u0142aby sensu. I tak ze wzgl\u0119du na losowy charakter rozk\u0142adu warto\u015bci gracz mo\u017ce wygra\u0107 bardzo du\u017co \u2013 czasem nawet kilka milion\u00f3w.<\/p>\n<p>Aby gra\u0107 w sloty online RocketPlay na prawdziwe pieni\u0105dze, musisz si\u0119 zarejestrowa\u0107. Gracz musi poda\u0107 dane osobowe: imi\u0119 i nazwisko, pseudonim, adres e-mail lub numer telefonu. Tutaj gracz musi zdecydowa\u0107, jak pasuje do okre\u015blonego poziomu prywatno\u015bci. Casino RocketPlay gwarantuje bezpiecze\u0144stwo danych osobowych.<\/p>\n<p>Po rejestracji darmowe automaty online RocketPlay oferuj\u0105 szybki bonus powitalny &#8211; bez depozytu. Jest to prezent na pierwsz\u0105 okazj\u0119, aby pocz\u0105tkuj\u0105cy mia\u0142 \u015brodki na przyzwyczajenie si\u0119 i zapoznanie z kolejno\u015bci\u0105 kasyna. Te fundusze wystarcz\u0105 po raz pierwszy. Co wi\u0119cej, w wi\u0119kszo\u015bci automat\u00f3w minimalny zak\u0142ad jest bardzo ma\u0142y.<\/p>\n<p>W wi\u0119kszo\u015bci przypadk\u00f3w gracz jest proszony o pobranie specjalnego programu-klienta. Jest instalowany na urz\u0105dzeniu u\u017cytkownika i jest platform\u0105 do gier, zaprojektowan\u0105 specjalnie dla konkretnego kasyna. Dzi\u0119ki takiej aplikacji wej\u015bcie jest bezpieczniejsze, a gry stabilniejsze. Na pocz\u0105tek musisz zdoby\u0107 specjalny kod aktywacyjny.<\/p>\n<p>Po zarejestrowaniu slot\u00f3w online RocketPlay Polska, kolejnym krokiem jest zasilenie konta. Nowoczesne systemy p\u0142atno\u015bci online s\u0105 niezawodne i \u0142atwe, dzi\u0119ki czemu przelew pieni\u0119dzy na lokat\u0119 jest niemal natychmiastowy i nie wymaga specjalnej wiedzy. Na stronie znajduje si\u0119 sekcja o nazwie Metody p\u0142atno\u015bci lub podobna. Opisuje, kt\u00f3re systemy p\u0142atno\u015bci s\u0105 obs\u0142ugiwane i na jakich warunkach nast\u0119puje wp\u0142ata i wyp\u0142ata. Najpopularniejszym sposobem s\u0105 karty VISA. Istnieje r\u00f3wnie\u017c wiele portfeli online. Mo\u017cliwa jest p\u0142atno\u015b\u0107 i wyp\u0142ata za po\u015brednictwem operator\u00f3w kom\u00f3rkowych. W ka\u017cdym razie taka sekcja powinna by\u0107 dobrze przestudiowana.<\/p>\n<p><img loading=\"lazy\" decoding=\"async\" class=\"aligncenter wp-image-4788\" src=\"https:\/\/rocketplay-new.com\/wp-content\/uploads\/2024\/02\/222.png\" alt=\"Slot RocketPlay 2\" width=\"800\" height=\"456\" srcset=\"https:\/\/rocketplay-new.com\/wp-content\/uploads\/2024\/02\/222.png 1417w, https:\/\/rocketplay-new.com\/wp-content\/uploads\/2024\/02\/222-300x171.png 300w, https:\/\/rocketplay-new.com\/wp-content\/uploads\/2024\/02\/222-1024x583.png 1024w, https:\/\/rocketplay-new.com\/wp-content\/uploads\/2024\/02\/222-768x437.png 768w\" sizes=\"auto, (max-width: 800px) 100vw, 800px\" \/><\/p>\n<h2>BONUSY<\/h2>\n<p>Wsp\u00f3\u0142czynnik wyp\u0142at dla gracza sk\u0142ada si\u0119 z dw\u00f3ch g\u0142\u00f3wnych czynnik\u00f3w: zwrotu paszportu maszyn i internetowych automat\u00f3w do gry RocketPlay. Aktywny udzia\u0142 w programie lojalno\u015bciowym sprawia, \u017ce \u200b\u200bgra w ko\u0144cu jest bardziej op\u0142acalna. Dlatego warto \u015bledzi\u0107 wszystkie promocje z nagrodami.<\/p>\n<p>Opr\u00f3cz darmowych spin\u00f3w w automatach online RocketPlay, graczowi oferuje si\u0119 znaczny wzrost przy pierwszych depozytach. Prezenty zaczynaj\u0105 si\u0119 od 100% przy pierwszym depozycie i rosn\u0105 za ka\u017cdym razem.<\/p>\n<p>Inne sposoby motywowania graczy obejmuj\u0105 regularne promocje, turnieje i program VIP. Jedn\u0105 z najpopularniejszych regularnych promocji jest cashback, w kt\u00f3rym cz\u0119\u015b\u0107 straconych pieni\u0119dzy jest zwracana graczowi. Procent zale\u017cy od wielu sk\u0142adnik\u00f3w. W najkorzystniejszym przypadku zwrot got\u00f3wki si\u0119ga 25%. Turnieje maj\u0105 na celu nie tylko uprzyjemnienie pobytu w kasynie, ale tak\u017ce zarobienie dobrych pieni\u0119dzy. Mistrzowie otrzymuj\u0105 przyzwoit\u0105 nagrod\u0119. Aby wygra\u0107, musisz zapisa\u0107 si\u0119 do ich ulubionego turnieju i w okre\u015blonym czasie na niekt\u00f3rych maszynach, aby zarobi\u0107 wi\u0119cej ni\u017c ich rywale. Program VIP ma na celu zwi\u0119kszenie lojalno\u015bci klient\u00f3w wobec instytucji. Im wi\u0119cej os\u00f3b gra w kasynie, tym wi\u0119cej czerpie korzy\u015bci. W\u015br\u00f3d <a href=\"https:\/\/rocketplay-new.com\/pl\/bonus\/\">bonus\u00f3w<\/a> VIP s\u0105 wysokie zwroty got\u00f3wki, szybka wyp\u0142ata i tak dalej.<\/p>\n<p><span style=\"font-weight: 400;\">\u00a0\u00a0<div class=\"go-btn-container\"><div class=\"tosh-btn\"><a href=\"\/go-casino\/\" target=\"_blank\" rel=\"noopener\">GRAJ TERAZ<\/a><\/div><\/div> <\/span><\/p>\n<h2>JACKPOTY<\/h2>\n<p>Przebicie jackpota to marzenie ka\u017cdego gracza. Zw\u0142aszcza, \u017ce \u200b\u200bsta\u0142o si\u0119 to bardziej realne wraz z pojawieniem si\u0119 automat\u00f3w do gier w Internecie. Cz\u0119sto m\u00f3wi\u0105 o progresywnym jackpocie w przeciwie\u0144stwie do sta\u0142ego jackpota. Progresywny ma nast\u0119puj\u0105c\u0105 struktur\u0119. Podczas gry na niekt\u00f3rych maszynach niewielka kwota z ka\u017cdego ruchu jest deponowana do wsp\u00f3lnego banku, czyli centralnego serwera. Nast\u0119pnie trafia do nast\u0119pnego szcz\u0119\u015bliwego gracza, je\u015bli spe\u0142nione s\u0105 okre\u015blone warunki. A proces zaczyna si\u0119 od nowa.<\/p>\n<p>Jackpoty na niekt\u00f3rych automatach online przekraczaj\u0105 dziesi\u0119\u0107 milion\u00f3w dolar\u00f3w. Automat Mega Moolah, opracowany przez brytyjsk\u0105 firm\u0119 Microgaming, jest szczeg\u00f3lnie znany w tego rodzaju automatach. Na nim w 2015 roku zosta\u0142 ustanowiony rekord jackpota online. Wtedy Anglik Jonathon Heywood (Jonathon Heywood) wygra\u0142 ponad 13 milion\u00f3w funt\u00f3w szterling\u00f3w. Automat Mega Moolah jest dost\u0119pny w wielu kasynach online wsp\u00f3\u0142pracuj\u0105cych z Microgaming. Aby trafi\u0107 w dziesi\u0105tk\u0119, wystarczy zagra\u0107 na tej maszynie. Nagroda g\u0142\u00f3wna przyznawana jest ca\u0142kowicie losowo.<\/p>\n<p>Znany r\u00f3wnie\u017c system jackpot\u00f3w na automatach do komiks\u00f3w Marvela. Wi\u0119kszo\u015b\u0107 z tych automat\u00f3w do gier wypu\u015bci\u0142a deweloper\u00f3w Playtech. Aby wzi\u0105\u0107 udzia\u0142 w losowaniu, wybierz jedn\u0105 z gier tematycznych &#8211; X-Men, Daredevil, Fantastic 4 lub podobn\u0105 &#8211; i po prostu graj, maj\u0105c nadziej\u0119, \u017ce wyb\u00f3r generatora liczb losowych b\u0119dzie \u017cyczliwy. W sumie dost\u0119pne s\u0105 4 jackpoty, od najmniejszego, Power, do najwi\u0119kszego, Ultimate Power. W pewnym momencie, po jednym z ruch\u00f3w (nawet bez wygranej), przed wybranym graczem otwiera si\u0119 nowe okno, oznaczone 20 kom\u00f3rkami. Nale\u017cy wybiera\u0107 jeden po drugim, a\u017c zostan\u0105 zgromadzone 3 identyczne logo jednego z jackpot\u00f3w. Przypomina to troch\u0119 loteri\u0119 zdrapek. Wej\u015bcie do rundy gwarantuje wygranie jednego z jackpot\u00f3w. Podobny system stosuje EGT. S\u0105 te\u017c jackpoty na maszynach innych deweloper\u00f3w.<\/p>\n<p>To s\u0105 du\u017ce, globalne jackpoty. Ale opr\u00f3cz nich losowanie stopniowo gromadzonej nagrody mo\u017ce odbywa\u0107 si\u0119 w oddzielnym kasynie online. Na stronie startowej witryn s\u0105 zwykle od razu widoczne jasne banery lub biegn\u0105ca linia, kt\u00f3re informuj\u0105 o wielko\u015bci jackpota. Przepis na zwyci\u0119sk\u0105 strategi\u0119 jest prosty \u2013 musisz wzi\u0105\u0107 udzia\u0142.<\/p>\n<p><img loading=\"lazy\" decoding=\"async\" class=\"aligncenter wp-image-4797\" src=\"https:\/\/rocketplay-new.com\/wp-content\/uploads\/2024\/02\/333.png\" alt=\"Slot RocketPlay 3\" width=\"800\" height=\"457\" srcset=\"https:\/\/rocketplay-new.com\/wp-content\/uploads\/2024\/02\/333.png 1175w, https:\/\/rocketplay-new.com\/wp-content\/uploads\/2024\/02\/333-300x171.png 300w, https:\/\/rocketplay-new.com\/wp-content\/uploads\/2024\/02\/333-1024x585.png 1024w, https:\/\/rocketplay-new.com\/wp-content\/uploads\/2024\/02\/333-768x439.png 768w\" sizes=\"auto, (max-width: 800px) 100vw, 800px\" \/><\/p>\n<h2>DARMOWA GRA<\/h2>\n<p>Pomimo faktu, \u017ce automaty zosta\u0142y stworzone wy\u0142\u0105cznie do gier got\u00f3wkowych, wraz z pojawieniem si\u0119 automat\u00f3w online sta\u0142o si\u0119 mo\u017cliwe i darmowa gra. Bardzo wiele kasyn udost\u0119pnia prawie wszystkie automaty do gry w trybie demo ka\u017cdemu, kto chce. Aby to zrobi\u0107, nie musisz si\u0119 nawet rejestrowa\u0107. Wielu graczy korzysta z tej szansy, aby po\u0107wiczy\u0107 przed gr\u0105 na automatach online RocketPlay. Jest to szczeg\u00f3lnie przydatne w przypadku nieznanych automat\u00f3w.<\/p>\n<p>Ale nadal prawdziwe demo hazardu nie zast\u0105pi\u0105. A jackpoty s\u0105 rozgrywane tylko w\u015br\u00f3d tych, kt\u00f3rzy graj\u0105 na serio. Tak wi\u0119c darmowe automaty online bez pobierania RocketPlay &#8211; po prostu w\u0142a\u015bciwy wst\u0119p do powa\u017cnej gry z prawdziwymi stawkami.<\/p>\n<p>Recenzje o automatach:<\/p>\n<ul>\n<li><a href=\"https:\/\/rocketplay-new.com\/pl\/slot-machines\/starburst\/\">Starburst<\/a><\/li>\n<li><a href=\"https:\/\/rocketplay-new.com\/pl\/slot-machines\/mega-moolah\/\">Mega Moolah<\/a><\/li>\n<li><a href=\"https:\/\/rocketplay-new.com\/pl\/slot-machines\/gonzos-quest\/\">Gonzo&#8217;s Quest<\/a><\/li>\n<\/ul>\n","protected":false},"excerpt":{"rendered":"<p>Wynalezienie automatu do gry pod koniec XIX wieku by\u0142o wa\u017cnym wydarzeniem w \u015bwiecie hazardu. Automaty szybko prze\u015bcign\u0119\u0142y inne formy rozrywki pod wzgl\u0119dem popularno\u015bci. W nowoczesnych kasynach wybiera je ponad 70% graczy. Czasami mo\u017cna przeczyta\u0107, \u017ce pomys\u0142 wynalazcy automat\u00f3w do gry, Charlesa Feya, zapo\u017cyczy\u0142 z pokera. I to prawda, cz\u0119sto karty s\u0105 u\u017cywane jako symboliczne obrazki&#8230;<\/p>\n","protected":false},"author":1,"featured_media":0,"parent":0,"menu_order":0,"comment_status":"closed","ping_status":"closed","template":"","meta":{"_acf_changed":false,"_kad_post_transparent":"default","_kad_post_title":"default","_kad_post_layout":"default","_kad_post_sidebar_id":"","_kad_post_content_style":"default","_kad_post_vertical_padding":"default","_kad_post_feature":"","_kad_post_feature_position":"","_kad_post_header":false,"_kad_post_footer":false,"footnotes":""},"class_list":["post-2275","page","type-page","status-publish","hentry"],"acf":[],"rttpg_featured_image_url":null,"rttpg_author":{"display_name":"John","author_link":"https:\/\/rocketplay-new.com\/pl\/author\/pemvas95n89x\/"},"rttpg_comment":0,"rttpg_category":null,"rttpg_excerpt":"Wynalezienie automatu do gry pod koniec XIX wieku by\u0142o wa\u017cnym wydarzeniem w \u015bwiecie hazardu. Automaty szybko prze\u015bcign\u0119\u0142y inne formy rozrywki pod wzgl\u0119dem popularno\u015bci. W nowoczesnych kasynach wybiera je ponad 70% graczy. Czasami mo\u017cna przeczyta\u0107, \u017ce pomys\u0142 wynalazcy automat\u00f3w do gry, Charlesa Feya, zapo\u017cyczy\u0142 z pokera. I to prawda, cz\u0119sto karty s\u0105 u\u017cywane jako symboliczne obrazki...","_links":{"self":[{"href":"https:\/\/rocketplay-new.com\/pl\/wp-json\/wp\/v2\/pages\/2275","targetHints":{"allow":["GET"]}}],"collection":[{"href":"https:\/\/rocketplay-new.com\/pl\/wp-json\/wp\/v2\/pages"}],"about":[{"href":"https:\/\/rocketplay-new.com\/pl\/wp-json\/wp\/v2\/types\/page"}],"author":[{"embeddable":true,"href":"https:\/\/rocketplay-new.com\/pl\/wp-json\/wp\/v2\/users\/1"}],"replies":[{"embeddable":true,"href":"https:\/\/rocketplay-new.com\/pl\/wp-json\/wp\/v2\/comments?post=2275"}],"version-history":[{"count":4,"href":"https:\/\/rocketplay-new.com\/pl\/wp-json\/wp\/v2\/pages\/2275\/revisions"}],"predecessor-version":[{"id":5973,"href":"https:\/\/rocketplay-new.com\/pl\/wp-json\/wp\/v2\/pages\/2275\/revisions\/5973"}],"wp:attachment":[{"href":"https:\/\/rocketplay-new.com\/pl\/wp-json\/wp\/v2\/media?parent=2275"}],"curies":[{"name":"wp","href":"https:\/\/api.w.org\/{rel}","templated":true}]}}